{"id":6546,"date":"2024-05-29T11:43:16","date_gmt":"2024-05-29T14:43:16","guid":{"rendered":"https:\/\/deputadotaveirajr.com.br\/?page_id=6546"},"modified":"2024-05-29T11:43:16","modified_gmt":"2024-05-29T14:43:16","slug":"operacao-intocaveis-policia-prende-suspeitos-de-integrarem-quadrilha-de-trafico-de-drogas-no-rn-pb-e-sc","status":"publish","type":"page","link":"https:\/\/deputadotaveirajr.com.br\/index.php\/operacao-intocaveis-policia-prende-suspeitos-de-integrarem-quadrilha-de-trafico-de-drogas-no-rn-pb-e-sc\/","title":{"rendered":"Opera\u00e7\u00e3o Intoc\u00e1veis: pol\u00edcia prende suspeitos de integrarem quadrilha de tr\u00e1fico de drogas no RN, PB e SC"},"content":{"rendered":"<p>     Casal milion\u00e1rio que chefiava organiza\u00e7\u00e3o criminosa foi detido em Santa Catarina, segundo a pol\u00edcia.  Opera\u00e7\u00e3o da Pol\u00edcia Civil cumpriu mandados em diferentes bairros de Natal e da regi\u00e3o metropolitana<br \/>\nPol\u00edcia Civil\/Divulga\u00e7\u00e3o<br \/>\nUma opera\u00e7\u00e3o deflagrada pela Pol\u00edcia Civil do Rio Grande do Norte nas primeiras horas da ter\u00e7a-feira (28), cumpriu 12 mandados de busca e apreens\u00e3o e realizou dez pris\u00f5es preventivas e tr\u00eas pris\u00f5es em flagrante contra suspeitos de integrarem uma organiza\u00e7\u00e3o criminosa de tr\u00e1fico de drogas. A opera\u00e7\u00e3o segue em andamento, segundo a corpora\u00e7\u00e3o.<br \/>\nAs a\u00e7\u00f5es em Natal foram realizadas nos bairros Felipe Camar\u00e3o, Planalto, Guarapes, Lagoa Azul e M\u00e3e Luiza. Na regi\u00e3o metropolitana, houve buscas da pol\u00edcia nas cidades de Maca\u00edba e S\u00e3o Gon\u00e7alo do Amarante.<br \/>\nPoliciais fazem patrulhamento em rio, durante opera\u00e7\u00e3o Intoc\u00e1veis, no RN<br \/>\nPol\u00edcia Civil\/Divulga\u00e7\u00e3o<br \/>\nTamb\u00e9m foram cumpridos mandados na Para\u00edba, onde foi preso um traficante que distribu\u00eda drogas para o grupo criminoso, e em Santa Catarina, onde foi capturado um casal milion\u00e1rio que liderava toda a organiza\u00e7\u00e3o criminosa, segundo os investigadores.<br \/>\nOs policiais apreenderam armas de fogo, documentos falsos e diversos outros documentos relevantes para as investiga\u00e7\u00f5es.<br \/>\nOpera\u00e7\u00e3o cumpriu mandados contra traficantes no RN e outros dois estados<br \/>\nA investiga\u00e7\u00e3o \u00e9 comandada pela Delegacia Especializada em Narc\u00f3ticos de Natal (Denarc) e contou com apoio de outras delegacias e institui\u00e7\u00f5es do estado.<br \/>\nAinda de acordo com a pol\u00edcia, os suspeitos dever\u00e3o responder por crimes como tr\u00e1fico de drogas, organiza\u00e7\u00e3o criminosa, com\u00e9rcio ilegal de arma de fogo e lavagem de dinheiro.<br \/>\nArma de fogo apreendida<br \/>\nPol\u00edcia Civil\/Divulga\u00e7\u00e3o<br \/>\nVeja os v\u00eddeos mais assistidos no g1 RN<\/p>","protected":false},"excerpt":{"rendered":"<p>Casal milion\u00e1rio que chefiava organiza\u00e7\u00e3o criminosa foi detido em Santa Catarina, segundo a pol\u00edcia. Opera\u00e7\u00e3o da Pol\u00edcia Civil cumpriu mandados em diferentes bairros de Natal e da regi\u00e3o metropolitana Pol\u00edcia &#8230;<\/p>\n","protected":false},"author":0,"featured_media":6547,"parent":0,"menu_order":0,"comment_status":"closed","ping_status":"closed","template":"","meta":{"footnotes":""},"class_list":["post-6546","page","type-page","status-publish","has-post-thumbnail","hentry"],"yoast_head":"<!-- This site is optimized with the Yoast SEO plugin v27.1.1 - https:\/\/yoast.com\/product\/yoast-seo-wordpress\/ -->\n<title>Opera\u00e7\u00e3o Intoc\u00e1veis: pol\u00edcia prende suspeitos de integrarem quadrilha de tr\u00e1fico de drogas no RN, PB e SC - Taveira Jr<\/title>\n<meta name=\"robots\" content=\"index, follow, max-snippet:-1, max-image-preview:large, max-video-preview:-1\" \/>\n<link rel=\"canonical\" href=\"https:\/\/deputadotaveirajr.com.br\/index.php\/operacao-intocaveis-policia-prende-suspeitos-de-integrarem-quadrilha-de-trafico-de-drogas-no-rn-pb-e-sc\/\" \/>\n<meta property=\"og:locale\" content=\"pt_BR\" \/>\n<meta property=\"og:type\" content=\"article\" \/>\n<meta property=\"og:title\" content=\"Opera\u00e7\u00e3o Intoc\u00e1veis: pol\u00edcia prende suspeitos de integrarem quadrilha de tr\u00e1fico de drogas no RN, PB e SC - Taveira Jr\" \/>\n<meta property=\"og:description\" content=\"Casal milion\u00e1rio que chefiava organiza\u00e7\u00e3o criminosa foi detido em Santa Catarina, segundo a pol\u00edcia. Opera\u00e7\u00e3o da Pol\u00edcia Civil cumpriu mandados em diferentes bairros de Natal e da regi\u00e3o metropolitana Pol\u00edcia ...\" \/>\n<meta property=\"og:url\" content=\"https:\/\/deputadotaveirajr.com.br\/index.php\/operacao-intocaveis-policia-prende-suspeitos-de-integrarem-quadrilha-de-trafico-de-drogas-no-rn-pb-e-sc\/\" \/>\n<meta property=\"og:site_name\" content=\"Taveira Jr\" \/>\n<meta property=\"og:image\" content=\"https:\/\/deputadotaveirajr.com.br\/wp-content\/uploads\/2024\/05\/whatsapp-image-2024-05-28-at-08.19.09-mWXTUK.jpeg\" \/>\n\t<meta property=\"og:image:width\" content=\"1600\" \/>\n\t<meta property=\"og:image:height\" content=\"1200\" \/>\n\t<meta property=\"og:image:type\" content=\"image\/jpeg\" \/>\n<meta name=\"twitter:card\" content=\"summary_large_image\" \/>\n<meta name=\"twitter:label1\" content=\"Est. tempo de leitura\" \/>\n\t<meta name=\"twitter:data1\" content=\"2 minutos\" \/>\n<script type=\"application\/ld+json\" class=\"yoast-schema-graph\">{\"@context\":\"https:\/\/schema.org\",\"@graph\":[{\"@type\":\"WebPage\",\"@id\":\"https:\/\/deputadotaveirajr.com.br\/index.php\/operacao-intocaveis-policia-prende-suspeitos-de-integrarem-quadrilha-de-trafico-de-drogas-no-rn-pb-e-sc\/\",\"url\":\"https:\/\/deputadotaveirajr.com.br\/index.php\/operacao-intocaveis-policia-prende-suspeitos-de-integrarem-quadrilha-de-trafico-de-drogas-no-rn-pb-e-sc\/\",\"name\":\"Opera\u00e7\u00e3o Intoc\u00e1veis: pol\u00edcia prende suspeitos de integrarem quadrilha de tr\u00e1fico de drogas no RN, PB e SC - Taveira Jr\",\"isPartOf\":{\"@id\":\"https:\/\/deputadotaveirajr.com.br\/#website\"},\"primaryImageOfPage\":{\"@id\":\"https:\/\/deputadotaveirajr.com.br\/index.php\/operacao-intocaveis-policia-prende-suspeitos-de-integrarem-quadrilha-de-trafico-de-drogas-no-rn-pb-e-sc\/#primaryimage\"},\"image\":{\"@id\":\"https:\/\/deputadotaveirajr.com.br\/index.php\/operacao-intocaveis-policia-prende-suspeitos-de-integrarem-quadrilha-de-trafico-de-drogas-no-rn-pb-e-sc\/#primaryimage\"},\"thumbnailUrl\":\"https:\/\/deputadotaveirajr.com.br\/wp-content\/uploads\/2024\/05\/whatsapp-image-2024-05-28-at-08.19.09-mWXTUK.jpeg\",\"datePublished\":\"2024-05-29T14:43:16+00:00\",\"breadcrumb\":{\"@id\":\"https:\/\/deputadotaveirajr.com.br\/index.php\/operacao-intocaveis-policia-prende-suspeitos-de-integrarem-quadrilha-de-trafico-de-drogas-no-rn-pb-e-sc\/#breadcrumb\"},\"inLanguage\":\"pt-BR\",\"potentialAction\":[{\"@type\":\"ReadAction\",\"target\":[\"https:\/\/deputadotaveirajr.com.br\/index.php\/operacao-intocaveis-policia-prende-suspeitos-de-integrarem-quadrilha-de-trafico-de-drogas-no-rn-pb-e-sc\/\"]}]},{\"@type\":\"ImageObject\",\"inLanguage\":\"pt-BR\",\"@id\":\"https:\/\/deputadotaveirajr.com.br\/index.php\/operacao-intocaveis-policia-prende-suspeitos-de-integrarem-quadrilha-de-trafico-de-drogas-no-rn-pb-e-sc\/#primaryimage\",\"url\":\"https:\/\/deputadotaveirajr.com.br\/wp-content\/uploads\/2024\/05\/whatsapp-image-2024-05-28-at-08.19.09-mWXTUK.jpeg\",\"contentUrl\":\"https:\/\/deputadotaveirajr.com.br\/wp-content\/uploads\/2024\/05\/whatsapp-image-2024-05-28-at-08.19.09-mWXTUK.jpeg\",\"width\":1600,\"height\":1200},{\"@type\":\"BreadcrumbList\",\"@id\":\"https:\/\/deputadotaveirajr.com.br\/index.php\/operacao-intocaveis-policia-prende-suspeitos-de-integrarem-quadrilha-de-trafico-de-drogas-no-rn-pb-e-sc\/#breadcrumb\",\"itemListElement\":[{\"@type\":\"ListItem\",\"position\":1,\"name\":\"In\u00edcio\",\"item\":\"https:\/\/deputadotaveirajr.com.br\/\"},{\"@type\":\"ListItem\",\"position\":2,\"name\":\"Opera\u00e7\u00e3o Intoc\u00e1veis: pol\u00edcia prende suspeitos de integrarem quadrilha de tr\u00e1fico de drogas no RN, PB e SC\"}]},{\"@type\":\"WebSite\",\"@id\":\"https:\/\/deputadotaveirajr.com.br\/#website\",\"url\":\"https:\/\/deputadotaveirajr.com.br\/\",\"name\":\"Taveira Jr\",\"description\":\"Deputado Estadual\",\"publisher\":{\"@id\":\"https:\/\/deputadotaveirajr.com.br\/#organization\"},\"potentialAction\":[{\"@type\":\"SearchAction\",\"target\":{\"@type\":\"EntryPoint\",\"urlTemplate\":\"https:\/\/deputadotaveirajr.com.br\/?s={search_term_string}\"},\"query-input\":{\"@type\":\"PropertyValueSpecification\",\"valueRequired\":true,\"valueName\":\"search_term_string\"}}],\"inLanguage\":\"pt-BR\"},{\"@type\":\"Organization\",\"@id\":\"https:\/\/deputadotaveirajr.com.br\/#organization\",\"name\":\"Taveira Jr\",\"url\":\"https:\/\/deputadotaveirajr.com.br\/\",\"logo\":{\"@type\":\"ImageObject\",\"inLanguage\":\"pt-BR\",\"@id\":\"https:\/\/deputadotaveirajr.com.br\/#\/schema\/logo\/image\/\",\"url\":\"https:\/\/deputadotaveirajr.com.br\/wp-content\/uploads\/2026\/01\/logolow2a.png\",\"contentUrl\":\"https:\/\/deputadotaveirajr.com.br\/wp-content\/uploads\/2026\/01\/logolow2a.png\",\"width\":290,\"height\":80,\"caption\":\"Taveira Jr\"},\"image\":{\"@id\":\"https:\/\/deputadotaveirajr.com.br\/#\/schema\/logo\/image\/\"}}]}<\/script>\n<!-- \/ Yoast SEO plugin. -->","yoast_head_json":{"title":"Opera\u00e7\u00e3o Intoc\u00e1veis: pol\u00edcia prende suspeitos de integrarem quadrilha de tr\u00e1fico de drogas no RN, PB e SC - Taveira Jr","robots":{"index":"index","follow":"follow","max-snippet":"max-snippet:-1","max-image-preview":"max-image-preview:large","max-video-preview":"max-video-preview:-1"},"canonical":"https:\/\/deputadotaveirajr.com.br\/index.php\/operacao-intocaveis-policia-prende-suspeitos-de-integrarem-quadrilha-de-trafico-de-drogas-no-rn-pb-e-sc\/","og_locale":"pt_BR","og_type":"article","og_title":"Opera\u00e7\u00e3o Intoc\u00e1veis: pol\u00edcia prende suspeitos de integrarem quadrilha de tr\u00e1fico de drogas no RN, PB e SC - Taveira Jr","og_description":"Casal milion\u00e1rio que chefiava organiza\u00e7\u00e3o criminosa foi detido em Santa Catarina, segundo a pol\u00edcia. Opera\u00e7\u00e3o da Pol\u00edcia Civil cumpriu mandados em diferentes bairros de Natal e da regi\u00e3o metropolitana Pol\u00edcia ...","og_url":"https:\/\/deputadotaveirajr.com.br\/index.php\/operacao-intocaveis-policia-prende-suspeitos-de-integrarem-quadrilha-de-trafico-de-drogas-no-rn-pb-e-sc\/","og_site_name":"Taveira Jr","og_image":[{"width":1600,"height":1200,"url":"https:\/\/deputadotaveirajr.com.br\/wp-content\/uploads\/2024\/05\/whatsapp-image-2024-05-28-at-08.19.09-mWXTUK.jpeg","type":"image\/jpeg"}],"twitter_card":"summary_large_image","twitter_misc":{"Est. tempo de leitura":"2 minutos"},"schema":{"@context":"https:\/\/schema.org","@graph":[{"@type":"WebPage","@id":"https:\/\/deputadotaveirajr.com.br\/index.php\/operacao-intocaveis-policia-prende-suspeitos-de-integrarem-quadrilha-de-trafico-de-drogas-no-rn-pb-e-sc\/","url":"https:\/\/deputadotaveirajr.com.br\/index.php\/operacao-intocaveis-policia-prende-suspeitos-de-integrarem-quadrilha-de-trafico-de-drogas-no-rn-pb-e-sc\/","name":"Opera\u00e7\u00e3o Intoc\u00e1veis: pol\u00edcia prende suspeitos de integrarem quadrilha de tr\u00e1fico de drogas no RN, PB e SC - Taveira Jr","isPartOf":{"@id":"https:\/\/deputadotaveirajr.com.br\/#website"},"primaryImageOfPage":{"@id":"https:\/\/deputadotaveirajr.com.br\/index.php\/operacao-intocaveis-policia-prende-suspeitos-de-integrarem-quadrilha-de-trafico-de-drogas-no-rn-pb-e-sc\/#primaryimage"},"image":{"@id":"https:\/\/deputadotaveirajr.com.br\/index.php\/operacao-intocaveis-policia-prende-suspeitos-de-integrarem-quadrilha-de-trafico-de-drogas-no-rn-pb-e-sc\/#primaryimage"},"thumbnailUrl":"https:\/\/deputadotaveirajr.com.br\/wp-content\/uploads\/2024\/05\/whatsapp-image-2024-05-28-at-08.19.09-mWXTUK.jpeg","datePublished":"2024-05-29T14:43:16+00:00","breadcrumb":{"@id":"https:\/\/deputadotaveirajr.com.br\/index.php\/operacao-intocaveis-policia-prende-suspeitos-de-integrarem-quadrilha-de-trafico-de-drogas-no-rn-pb-e-sc\/#breadcrumb"},"inLanguage":"pt-BR","potentialAction":[{"@type":"ReadAction","target":["https:\/\/deputadotaveirajr.com.br\/index.php\/operacao-intocaveis-policia-prende-suspeitos-de-integrarem-quadrilha-de-trafico-de-drogas-no-rn-pb-e-sc\/"]}]},{"@type":"ImageObject","inLanguage":"pt-BR","@id":"https:\/\/deputadotaveirajr.com.br\/index.php\/operacao-intocaveis-policia-prende-suspeitos-de-integrarem-quadrilha-de-trafico-de-drogas-no-rn-pb-e-sc\/#primaryimage","url":"https:\/\/deputadotaveirajr.com.br\/wp-content\/uploads\/2024\/05\/whatsapp-image-2024-05-28-at-08.19.09-mWXTUK.jpeg","contentUrl":"https:\/\/deputadotaveirajr.com.br\/wp-content\/uploads\/2024\/05\/whatsapp-image-2024-05-28-at-08.19.09-mWXTUK.jpeg","width":1600,"height":1200},{"@type":"BreadcrumbList","@id":"https:\/\/deputadotaveirajr.com.br\/index.php\/operacao-intocaveis-policia-prende-suspeitos-de-integrarem-quadrilha-de-trafico-de-drogas-no-rn-pb-e-sc\/#breadcrumb","itemListElement":[{"@type":"ListItem","position":1,"name":"In\u00edcio","item":"https:\/\/deputadotaveirajr.com.br\/"},{"@type":"ListItem","position":2,"name":"Opera\u00e7\u00e3o Intoc\u00e1veis: pol\u00edcia prende suspeitos de integrarem quadrilha de tr\u00e1fico de drogas no RN, PB e SC"}]},{"@type":"WebSite","@id":"https:\/\/deputadotaveirajr.com.br\/#website","url":"https:\/\/deputadotaveirajr.com.br\/","name":"Taveira Jr","description":"Deputado Estadual","publisher":{"@id":"https:\/\/deputadotaveirajr.com.br\/#organization"},"potentialAction":[{"@type":"SearchAction","target":{"@type":"EntryPoint","urlTemplate":"https:\/\/deputadotaveirajr.com.br\/?s={search_term_string}"},"query-input":{"@type":"PropertyValueSpecification","valueRequired":true,"valueName":"search_term_string"}}],"inLanguage":"pt-BR"},{"@type":"Organization","@id":"https:\/\/deputadotaveirajr.com.br\/#organization","name":"Taveira Jr","url":"https:\/\/deputadotaveirajr.com.br\/","logo":{"@type":"ImageObject","inLanguage":"pt-BR","@id":"https:\/\/deputadotaveirajr.com.br\/#\/schema\/logo\/image\/","url":"https:\/\/deputadotaveirajr.com.br\/wp-content\/uploads\/2026\/01\/logolow2a.png","contentUrl":"https:\/\/deputadotaveirajr.com.br\/wp-content\/uploads\/2026\/01\/logolow2a.png","width":290,"height":80,"caption":"Taveira Jr"},"image":{"@id":"https:\/\/deputadotaveirajr.com.br\/#\/schema\/logo\/image\/"}}]}},"_links":{"self":[{"href":"https:\/\/deputadotaveirajr.com.br\/index.php\/wp-json\/wp\/v2\/pages\/6546","targetHints":{"allow":["GET"]}}],"collection":[{"href":"https:\/\/deputadotaveirajr.com.br\/index.php\/wp-json\/wp\/v2\/pages"}],"about":[{"href":"https:\/\/deputadotaveirajr.com.br\/index.php\/wp-json\/wp\/v2\/types\/page"}],"replies":[{"embeddable":true,"href":"https:\/\/deputadotaveirajr.com.br\/index.php\/wp-json\/wp\/v2\/comments?post=6546"}],"version-history":[{"count":1,"href":"https:\/\/deputadotaveirajr.com.br\/index.php\/wp-json\/wp\/v2\/pages\/6546\/revisions"}],"predecessor-version":[{"id":6548,"href":"https:\/\/deputadotaveirajr.com.br\/index.php\/wp-json\/wp\/v2\/pages\/6546\/revisions\/6548"}],"wp:featuredmedia":[{"embeddable":true,"href":"https:\/\/deputadotaveirajr.com.br\/index.php\/wp-json\/wp\/v2\/media\/6547"}],"wp:attachment":[{"href":"https:\/\/deputadotaveirajr.com.br\/index.php\/wp-json\/wp\/v2\/media?parent=6546"}],"curies":[{"name":"wp","href":"https:\/\/api.w.org\/{rel}","templated":true}]}}