{"id":6556,"date":"2024-05-29T21:31:13","date_gmt":"2024-05-30T00:31:13","guid":{"rendered":"https:\/\/deputadotaveirajr.com.br\/?page_id=6556"},"modified":"2024-05-29T21:31:13","modified_gmt":"2024-05-30T00:31:13","slug":"dnit-assina-contrato-de-r-14-milhoes-para-construcao-de-nova-ponte-na-br-304-no-rn-prazo-e-de-10-meses","status":"publish","type":"page","link":"https:\/\/deputadotaveirajr.com.br\/index.php\/dnit-assina-contrato-de-r-14-milhoes-para-construcao-de-nova-ponte-na-br-304-no-rn-prazo-e-de-10-meses\/","title":{"rendered":"Dnit assina contrato de R$ 14 milh\u00f5es para constru\u00e7\u00e3o de nova ponte na BR-304 no RN; prazo \u00e9 de 10 meses"},"content":{"rendered":"<p>     Antiga ponte em Lajes caiu no dia 31 de mar\u00e7o ap\u00f3s enxurrada. Enquanto nova ponte n\u00e3o for conclu\u00edda, ve\u00edculos devem passar pelo desvio constru\u00eddo pelo Dnit ao lado da pista. Trecho onde ser\u00e1 constru\u00edda a nova ponte na BR-304, em Lajes, no interior do Rio Grande do Norte<br \/>\nDivulga\u00e7\u00e3o\/Dnit<br \/>\nO contrato emergencial para constru\u00e7\u00e3o da nova ponte na BR-304, na cidade de Lajes (RN), foi assinado nesta ter\u00e7a-feira (29) pelo Departamento Nacional de Infraestrutura de Transportes (Dnit) e pela empresa respons\u00e1vel pela execu\u00e7\u00e3o da obra.<br \/>\nA informa\u00e7\u00e3o foi divulgada pelo \u00f3rg\u00e3o federal nesta quarta (30).  De acordo com o Dnit, a obra vai custar cerca de R$ 14,4 milh\u00f5es e ter\u00e1 dura\u00e7\u00e3o de cerca de 10 meses.<br \/>\n\ud83d\udcf3Participe do canal do g1 RN no WhatsApp<br \/>\nA antiga ponte que passava sobre o rio Ponta da Serra caiu no dia 31 de mar\u00e7o, ap\u00f3s uma enxurrada. O trecho ficou completamente interditado at\u00e9 o dia 20 de maio, quando o Dnit liberou a passagem por um desvio, que teve a inaugura\u00e7\u00e3o adiada em pelo menos tr\u00eas oportunidades.<br \/>\nO desvio &#8211; que fica na pr\u00f3pria BR-304, ao lado da pista &#8211; foi conclu\u00eddo no dia 23 de maio e funcionar\u00e1 para trafegar no trecho at\u00e9 a conclus\u00e3o da obra da nova ponte.<br \/>\nDNIT conclui implanta\u00e7\u00e3o do desvio da BR 304 em Lajes<br \/>\nA ponte que desabou fica no km 203,5 da BR-304 no Rio Grande do Norte. De acordo com o Dnit, a nova travessia ser\u00e1 erguida no mesmo local da estrutura antiga.<br \/>\nA autarquia explicou ainda que, por se tratar de contrata\u00e7\u00e3o integrada, os servi\u00e7os come\u00e7am pela elabora\u00e7\u00e3o dos projetos executivos de engenharia.<br \/>\n&#8220;Na sequ\u00eancia, as equipes iniciam a constru\u00e7\u00e3o da nova ponte&#8221;, informou.<br \/>\nLEIA TAMB\u00c9M<br \/>\nComerciantes que trabalham na beira da BR-304 t\u00eam preju\u00edzos ap\u00f3s bloqueio na estrada; &#8216;Mal d\u00e1 para sobreviver&#8217;, diz vendedora<br \/>\nDesvio<br \/>\nA pista provis\u00f3ria instalada paralelo \u00e0 pista princpal tem com 500 metros de extens\u00e3o, 10,5 metros de largura e revestimento de Concreto Betuminoso Usinado a Quente (CBUQ), al\u00e9m de contar com sinaliza\u00e7\u00e3o horizontal e vertical.<br \/>\nA obra demorou 50 dias para ficar pronta e os atrasos, segundo o Dnit, ocorreram por conta de chuvas que ca\u00edram na regi\u00e3o.<br \/>\nObra de desvio na BR-304 em Lajes (RN), do Dnit<br \/>\nDivulga\u00e7\u00e3o<br \/>\nNeste per\u00edodo, um desvio improvisado aberto dentro de fazendas de Lajes passou a ser uma alternativa usada por motoristas que utilizam a BR-304. Os fazendeiros cobravam at\u00e9 R$ 30 por ve\u00edculo  para a passagem.<br \/>\nA outra op\u00e7\u00e3o era pegar estradas alternativas, que aumentavam o tempo de trajeto de quem se deslocava entre as regi\u00f5es Leste e Oeste do RN.<br \/>\nV\u00eddeos mais assistidos do g1 RN<\/p>","protected":false},"excerpt":{"rendered":"<p>Antiga ponte em Lajes caiu no dia 31 de mar\u00e7o ap\u00f3s enxurrada. Enquanto nova ponte n\u00e3o for conclu\u00edda, ve\u00edculos devem passar pelo desvio constru\u00eddo pelo Dnit ao lado da pista. &#8230;<\/p>\n","protected":false},"author":0,"featured_media":6557,"parent":0,"menu_order":0,"comment_status":"closed","ping_status":"closed","template":"","meta":{"footnotes":""},"class_list":["post-6556","page","type-page","status-publish","has-post-thumbnail","hentry"],"yoast_head":"<!-- This site is optimized with the Yoast SEO plugin v27.1.1 - https:\/\/yoast.com\/product\/yoast-seo-wordpress\/ -->\n<title>Dnit assina contrato de R$ 14 milh\u00f5es para constru\u00e7\u00e3o de nova ponte na BR-304 no RN; prazo \u00e9 de 10 meses - Taveira Jr<\/title>\n<meta name=\"robots\" content=\"index, follow, max-snippet:-1, max-image-preview:large, max-video-preview:-1\" \/>\n<link rel=\"canonical\" href=\"https:\/\/deputadotaveirajr.com.br\/index.php\/dnit-assina-contrato-de-r-14-milhoes-para-construcao-de-nova-ponte-na-br-304-no-rn-prazo-e-de-10-meses\/\" \/>\n<meta property=\"og:locale\" content=\"pt_BR\" \/>\n<meta property=\"og:type\" content=\"article\" \/>\n<meta property=\"og:title\" content=\"Dnit assina contrato de R$ 14 milh\u00f5es para constru\u00e7\u00e3o de nova ponte na BR-304 no RN; prazo \u00e9 de 10 meses - Taveira Jr\" \/>\n<meta property=\"og:description\" content=\"Antiga ponte em Lajes caiu no dia 31 de mar\u00e7o ap\u00f3s enxurrada. Enquanto nova ponte n\u00e3o for conclu\u00edda, ve\u00edculos devem passar pelo desvio constru\u00eddo pelo Dnit ao lado da pista. ...\" \/>\n<meta property=\"og:url\" content=\"https:\/\/deputadotaveirajr.com.br\/index.php\/dnit-assina-contrato-de-r-14-milhoes-para-construcao-de-nova-ponte-na-br-304-no-rn-prazo-e-de-10-meses\/\" \/>\n<meta property=\"og:site_name\" content=\"Taveira Jr\" \/>\n<meta property=\"og:image\" content=\"https:\/\/deputadotaveirajr.com.br\/wp-content\/uploads\/2024\/05\/ponte-LYq4MO.jpeg\" \/>\n\t<meta property=\"og:image:width\" content=\"768\" \/>\n\t<meta property=\"og:image:height\" content=\"432\" \/>\n\t<meta property=\"og:image:type\" content=\"image\/jpeg\" \/>\n<meta name=\"twitter:card\" content=\"summary_large_image\" \/>\n<meta name=\"twitter:label1\" content=\"Est. tempo de leitura\" \/>\n\t<meta name=\"twitter:data1\" content=\"2 minutos\" \/>\n<script type=\"application\/ld+json\" class=\"yoast-schema-graph\">{\"@context\":\"https:\/\/schema.org\",\"@graph\":[{\"@type\":\"WebPage\",\"@id\":\"https:\/\/deputadotaveirajr.com.br\/index.php\/dnit-assina-contrato-de-r-14-milhoes-para-construcao-de-nova-ponte-na-br-304-no-rn-prazo-e-de-10-meses\/\",\"url\":\"https:\/\/deputadotaveirajr.com.br\/index.php\/dnit-assina-contrato-de-r-14-milhoes-para-construcao-de-nova-ponte-na-br-304-no-rn-prazo-e-de-10-meses\/\",\"name\":\"Dnit assina contrato de R$ 14 milh\u00f5es para constru\u00e7\u00e3o de nova ponte na BR-304 no RN; prazo \u00e9 de 10 meses - Taveira Jr\",\"isPartOf\":{\"@id\":\"https:\/\/deputadotaveirajr.com.br\/#website\"},\"primaryImageOfPage\":{\"@id\":\"https:\/\/deputadotaveirajr.com.br\/index.php\/dnit-assina-contrato-de-r-14-milhoes-para-construcao-de-nova-ponte-na-br-304-no-rn-prazo-e-de-10-meses\/#primaryimage\"},\"image\":{\"@id\":\"https:\/\/deputadotaveirajr.com.br\/index.php\/dnit-assina-contrato-de-r-14-milhoes-para-construcao-de-nova-ponte-na-br-304-no-rn-prazo-e-de-10-meses\/#primaryimage\"},\"thumbnailUrl\":\"https:\/\/deputadotaveirajr.com.br\/wp-content\/uploads\/2024\/05\/ponte-LYq4MO.jpeg\",\"datePublished\":\"2024-05-30T00:31:13+00:00\",\"breadcrumb\":{\"@id\":\"https:\/\/deputadotaveirajr.com.br\/index.php\/dnit-assina-contrato-de-r-14-milhoes-para-construcao-de-nova-ponte-na-br-304-no-rn-prazo-e-de-10-meses\/#breadcrumb\"},\"inLanguage\":\"pt-BR\",\"potentialAction\":[{\"@type\":\"ReadAction\",\"target\":[\"https:\/\/deputadotaveirajr.com.br\/index.php\/dnit-assina-contrato-de-r-14-milhoes-para-construcao-de-nova-ponte-na-br-304-no-rn-prazo-e-de-10-meses\/\"]}]},{\"@type\":\"ImageObject\",\"inLanguage\":\"pt-BR\",\"@id\":\"https:\/\/deputadotaveirajr.com.br\/index.php\/dnit-assina-contrato-de-r-14-milhoes-para-construcao-de-nova-ponte-na-br-304-no-rn-prazo-e-de-10-meses\/#primaryimage\",\"url\":\"https:\/\/deputadotaveirajr.com.br\/wp-content\/uploads\/2024\/05\/ponte-LYq4MO.jpeg\",\"contentUrl\":\"https:\/\/deputadotaveirajr.com.br\/wp-content\/uploads\/2024\/05\/ponte-LYq4MO.jpeg\",\"width\":768,\"height\":432},{\"@type\":\"BreadcrumbList\",\"@id\":\"https:\/\/deputadotaveirajr.com.br\/index.php\/dnit-assina-contrato-de-r-14-milhoes-para-construcao-de-nova-ponte-na-br-304-no-rn-prazo-e-de-10-meses\/#breadcrumb\",\"itemListElement\":[{\"@type\":\"ListItem\",\"position\":1,\"name\":\"In\u00edcio\",\"item\":\"https:\/\/deputadotaveirajr.com.br\/\"},{\"@type\":\"ListItem\",\"position\":2,\"name\":\"Dnit assina contrato de R$ 14 milh\u00f5es para constru\u00e7\u00e3o de nova ponte na BR-304 no RN; prazo \u00e9 de 10 meses\"}]},{\"@type\":\"WebSite\",\"@id\":\"https:\/\/deputadotaveirajr.com.br\/#website\",\"url\":\"https:\/\/deputadotaveirajr.com.br\/\",\"name\":\"Taveira Jr\",\"description\":\"Deputado Estadual\",\"publisher\":{\"@id\":\"https:\/\/deputadotaveirajr.com.br\/#organization\"},\"potentialAction\":[{\"@type\":\"SearchAction\",\"target\":{\"@type\":\"EntryPoint\",\"urlTemplate\":\"https:\/\/deputadotaveirajr.com.br\/?s={search_term_string}\"},\"query-input\":{\"@type\":\"PropertyValueSpecification\",\"valueRequired\":true,\"valueName\":\"search_term_string\"}}],\"inLanguage\":\"pt-BR\"},{\"@type\":\"Organization\",\"@id\":\"https:\/\/deputadotaveirajr.com.br\/#organization\",\"name\":\"Taveira Jr\",\"url\":\"https:\/\/deputadotaveirajr.com.br\/\",\"logo\":{\"@type\":\"ImageObject\",\"inLanguage\":\"pt-BR\",\"@id\":\"https:\/\/deputadotaveirajr.com.br\/#\/schema\/logo\/image\/\",\"url\":\"https:\/\/deputadotaveirajr.com.br\/wp-content\/uploads\/2026\/01\/logolow2a.png\",\"contentUrl\":\"https:\/\/deputadotaveirajr.com.br\/wp-content\/uploads\/2026\/01\/logolow2a.png\",\"width\":290,\"height\":80,\"caption\":\"Taveira Jr\"},\"image\":{\"@id\":\"https:\/\/deputadotaveirajr.com.br\/#\/schema\/logo\/image\/\"}}]}<\/script>\n<!-- \/ Yoast SEO plugin. -->","yoast_head_json":{"title":"Dnit assina contrato de R$ 14 milh\u00f5es para constru\u00e7\u00e3o de nova ponte na BR-304 no RN; prazo \u00e9 de 10 meses - Taveira Jr","robots":{"index":"index","follow":"follow","max-snippet":"max-snippet:-1","max-image-preview":"max-image-preview:large","max-video-preview":"max-video-preview:-1"},"canonical":"https:\/\/deputadotaveirajr.com.br\/index.php\/dnit-assina-contrato-de-r-14-milhoes-para-construcao-de-nova-ponte-na-br-304-no-rn-prazo-e-de-10-meses\/","og_locale":"pt_BR","og_type":"article","og_title":"Dnit assina contrato de R$ 14 milh\u00f5es para constru\u00e7\u00e3o de nova ponte na BR-304 no RN; prazo \u00e9 de 10 meses - Taveira Jr","og_description":"Antiga ponte em Lajes caiu no dia 31 de mar\u00e7o ap\u00f3s enxurrada. Enquanto nova ponte n\u00e3o for conclu\u00edda, ve\u00edculos devem passar pelo desvio constru\u00eddo pelo Dnit ao lado da pista. ...","og_url":"https:\/\/deputadotaveirajr.com.br\/index.php\/dnit-assina-contrato-de-r-14-milhoes-para-construcao-de-nova-ponte-na-br-304-no-rn-prazo-e-de-10-meses\/","og_site_name":"Taveira Jr","og_image":[{"width":768,"height":432,"url":"https:\/\/deputadotaveirajr.com.br\/wp-content\/uploads\/2024\/05\/ponte-LYq4MO.jpeg","type":"image\/jpeg"}],"twitter_card":"summary_large_image","twitter_misc":{"Est. tempo de leitura":"2 minutos"},"schema":{"@context":"https:\/\/schema.org","@graph":[{"@type":"WebPage","@id":"https:\/\/deputadotaveirajr.com.br\/index.php\/dnit-assina-contrato-de-r-14-milhoes-para-construcao-de-nova-ponte-na-br-304-no-rn-prazo-e-de-10-meses\/","url":"https:\/\/deputadotaveirajr.com.br\/index.php\/dnit-assina-contrato-de-r-14-milhoes-para-construcao-de-nova-ponte-na-br-304-no-rn-prazo-e-de-10-meses\/","name":"Dnit assina contrato de R$ 14 milh\u00f5es para constru\u00e7\u00e3o de nova ponte na BR-304 no RN; prazo \u00e9 de 10 meses - Taveira Jr","isPartOf":{"@id":"https:\/\/deputadotaveirajr.com.br\/#website"},"primaryImageOfPage":{"@id":"https:\/\/deputadotaveirajr.com.br\/index.php\/dnit-assina-contrato-de-r-14-milhoes-para-construcao-de-nova-ponte-na-br-304-no-rn-prazo-e-de-10-meses\/#primaryimage"},"image":{"@id":"https:\/\/deputadotaveirajr.com.br\/index.php\/dnit-assina-contrato-de-r-14-milhoes-para-construcao-de-nova-ponte-na-br-304-no-rn-prazo-e-de-10-meses\/#primaryimage"},"thumbnailUrl":"https:\/\/deputadotaveirajr.com.br\/wp-content\/uploads\/2024\/05\/ponte-LYq4MO.jpeg","datePublished":"2024-05-30T00:31:13+00:00","breadcrumb":{"@id":"https:\/\/deputadotaveirajr.com.br\/index.php\/dnit-assina-contrato-de-r-14-milhoes-para-construcao-de-nova-ponte-na-br-304-no-rn-prazo-e-de-10-meses\/#breadcrumb"},"inLanguage":"pt-BR","potentialAction":[{"@type":"ReadAction","target":["https:\/\/deputadotaveirajr.com.br\/index.php\/dnit-assina-contrato-de-r-14-milhoes-para-construcao-de-nova-ponte-na-br-304-no-rn-prazo-e-de-10-meses\/"]}]},{"@type":"ImageObject","inLanguage":"pt-BR","@id":"https:\/\/deputadotaveirajr.com.br\/index.php\/dnit-assina-contrato-de-r-14-milhoes-para-construcao-de-nova-ponte-na-br-304-no-rn-prazo-e-de-10-meses\/#primaryimage","url":"https:\/\/deputadotaveirajr.com.br\/wp-content\/uploads\/2024\/05\/ponte-LYq4MO.jpeg","contentUrl":"https:\/\/deputadotaveirajr.com.br\/wp-content\/uploads\/2024\/05\/ponte-LYq4MO.jpeg","width":768,"height":432},{"@type":"BreadcrumbList","@id":"https:\/\/deputadotaveirajr.com.br\/index.php\/dnit-assina-contrato-de-r-14-milhoes-para-construcao-de-nova-ponte-na-br-304-no-rn-prazo-e-de-10-meses\/#breadcrumb","itemListElement":[{"@type":"ListItem","position":1,"name":"In\u00edcio","item":"https:\/\/deputadotaveirajr.com.br\/"},{"@type":"ListItem","position":2,"name":"Dnit assina contrato de R$ 14 milh\u00f5es para constru\u00e7\u00e3o de nova ponte na BR-304 no RN; prazo \u00e9 de 10 meses"}]},{"@type":"WebSite","@id":"https:\/\/deputadotaveirajr.com.br\/#website","url":"https:\/\/deputadotaveirajr.com.br\/","name":"Taveira Jr","description":"Deputado Estadual","publisher":{"@id":"https:\/\/deputadotaveirajr.com.br\/#organization"},"potentialAction":[{"@type":"SearchAction","target":{"@type":"EntryPoint","urlTemplate":"https:\/\/deputadotaveirajr.com.br\/?s={search_term_string}"},"query-input":{"@type":"PropertyValueSpecification","valueRequired":true,"valueName":"search_term_string"}}],"inLanguage":"pt-BR"},{"@type":"Organization","@id":"https:\/\/deputadotaveirajr.com.br\/#organization","name":"Taveira Jr","url":"https:\/\/deputadotaveirajr.com.br\/","logo":{"@type":"ImageObject","inLanguage":"pt-BR","@id":"https:\/\/deputadotaveirajr.com.br\/#\/schema\/logo\/image\/","url":"https:\/\/deputadotaveirajr.com.br\/wp-content\/uploads\/2026\/01\/logolow2a.png","contentUrl":"https:\/\/deputadotaveirajr.com.br\/wp-content\/uploads\/2026\/01\/logolow2a.png","width":290,"height":80,"caption":"Taveira Jr"},"image":{"@id":"https:\/\/deputadotaveirajr.com.br\/#\/schema\/logo\/image\/"}}]}},"_links":{"self":[{"href":"https:\/\/deputadotaveirajr.com.br\/index.php\/wp-json\/wp\/v2\/pages\/6556","targetHints":{"allow":["GET"]}}],"collection":[{"href":"https:\/\/deputadotaveirajr.com.br\/index.php\/wp-json\/wp\/v2\/pages"}],"about":[{"href":"https:\/\/deputadotaveirajr.com.br\/index.php\/wp-json\/wp\/v2\/types\/page"}],"replies":[{"embeddable":true,"href":"https:\/\/deputadotaveirajr.com.br\/index.php\/wp-json\/wp\/v2\/comments?post=6556"}],"version-history":[{"count":1,"href":"https:\/\/deputadotaveirajr.com.br\/index.php\/wp-json\/wp\/v2\/pages\/6556\/revisions"}],"predecessor-version":[{"id":6563,"href":"https:\/\/deputadotaveirajr.com.br\/index.php\/wp-json\/wp\/v2\/pages\/6556\/revisions\/6563"}],"wp:featuredmedia":[{"embeddable":true,"href":"https:\/\/deputadotaveirajr.com.br\/index.php\/wp-json\/wp\/v2\/media\/6557"}],"wp:attachment":[{"href":"https:\/\/deputadotaveirajr.com.br\/index.php\/wp-json\/wp\/v2\/media?parent=6556"}],"curies":[{"name":"wp","href":"https:\/\/api.w.org\/{rel}","templated":true}]}}