{"id":6567,"date":"2024-05-30T11:21:27","date_gmt":"2024-05-30T14:21:27","guid":{"rendered":"https:\/\/deputadotaveirajr.com.br\/?page_id=6567"},"modified":"2024-05-30T11:21:27","modified_gmt":"2024-05-30T14:21:27","slug":"professor-de-escola-de-futsal-e-preso-em-natal-suspeito-de-estupro-assedio-e-aliciamento-de-criancas","status":"publish","type":"page","link":"https:\/\/deputadotaveirajr.com.br\/index.php\/professor-de-escola-de-futsal-e-preso-em-natal-suspeito-de-estupro-assedio-e-aliciamento-de-criancas\/","title":{"rendered":"Professor de escola de futsal \u00e9 preso em Natal suspeito de estupro, ass\u00e9dio e aliciamento de crian\u00e7as"},"content":{"rendered":"<p>     Pris\u00e3o aconteceu nesta quarta-feira (29) no bairro Barro Vermelho. Segundo a Pol\u00edcia Civil, pelo menos cinco v\u00edtimas foram identificadas.  Professor de futsal \u00e9 preso em Natal suspeito de estupro<br \/>\nPol\u00edcia Civil do RN<br \/>\nUm professor de escolinha de futsal, de 61 anos, foi preso nesta quarta-feira (29), em Natal, suspeito de estupro de vulner\u00e1vel, ass\u00e9dio sexual e aliciamento de crian\u00e7as.<br \/>\nSegundo a Pol\u00edcia Civil, pelo menos cinco v\u00edtimas foram identificadas e outros dois poss\u00edveis casos est\u00e3o sob investiga\u00e7\u00e3o.<br \/>\nO homem foi detido no bairro Barro Vermelho, Zona Leste da cidade, em cumprimento a um mandado de pris\u00e3o tempor\u00e1ria.<br \/>\nDe acordo com a Delegacia Especializada em Prote\u00e7\u00e3o da Crian\u00e7a e Adolescente, os crimes aconteciam durantes aulas de futsal.<br \/>\n&#8220;O investigado era professor de uma escolinha de futsal e se aproveitava dessa atividade para praticar esses crimes&#8221;, afirmou o delegado Ricardo Eduardo, respons\u00e1vel pelo caso.<br \/>\nDelegado fala sobre pris\u00e3o de professor de futsal suspeito de estupro de vulner\u00e1vel no RN<br \/>\nA pol\u00edcia tamb\u00e9m cumpriu um mandado de busca em endere\u00e7os ligados ao investigado, e apreendeu dispositivos eletr\u00f4nicos que ser\u00e3o periciados pelo Instituto T\u00e9cnico-Cient\u00edfico de Per\u00edcia.<br \/>\nSegundo o delegado, outras poss\u00edveis v\u00edtimas devem procurar a delegacia ou ligar para a Pol\u00edcia Civil no telefone 181.<br \/>\nVeja os v\u00eddeos mais assistidos no g1 RN<\/p>","protected":false},"excerpt":{"rendered":"<p>Pris\u00e3o aconteceu nesta quarta-feira (29) no bairro Barro Vermelho. Segundo a Pol\u00edcia Civil, pelo menos cinco v\u00edtimas foram identificadas. Professor de futsal \u00e9 preso em Natal suspeito de estupro Pol\u00edcia &#8230;<\/p>\n","protected":false},"author":0,"featured_media":6568,"parent":0,"menu_order":0,"comment_status":"closed","ping_status":"closed","template":"","meta":{"footnotes":""},"class_list":["post-6567","page","type-page","status-publish","has-post-thumbnail","hentry"],"yoast_head":"<!-- This site is optimized with the Yoast SEO plugin v27.1.1 - https:\/\/yoast.com\/product\/yoast-seo-wordpress\/ -->\n<title>Professor de escola de futsal \u00e9 preso em Natal suspeito de estupro, ass\u00e9dio e aliciamento de crian\u00e7as - Taveira Jr<\/title>\n<meta name=\"robots\" content=\"index, follow, max-snippet:-1, max-image-preview:large, max-video-preview:-1\" \/>\n<link rel=\"canonical\" href=\"https:\/\/deputadotaveirajr.com.br\/index.php\/professor-de-escola-de-futsal-e-preso-em-natal-suspeito-de-estupro-assedio-e-aliciamento-de-criancas\/\" \/>\n<meta property=\"og:locale\" content=\"pt_BR\" \/>\n<meta property=\"og:type\" content=\"article\" \/>\n<meta property=\"og:title\" content=\"Professor de escola de futsal \u00e9 preso em Natal suspeito de estupro, ass\u00e9dio e aliciamento de crian\u00e7as - Taveira Jr\" \/>\n<meta property=\"og:description\" content=\"Pris\u00e3o aconteceu nesta quarta-feira (29) no bairro Barro Vermelho. Segundo a Pol\u00edcia Civil, pelo menos cinco v\u00edtimas foram identificadas. Professor de futsal \u00e9 preso em Natal suspeito de estupro Pol\u00edcia ...\" \/>\n<meta property=\"og:url\" content=\"https:\/\/deputadotaveirajr.com.br\/index.php\/professor-de-escola-de-futsal-e-preso-em-natal-suspeito-de-estupro-assedio-e-aliciamento-de-criancas\/\" \/>\n<meta property=\"og:site_name\" content=\"Taveira Jr\" \/>\n<meta property=\"og:image\" content=\"https:\/\/deputadotaveirajr.com.br\/wp-content\/uploads\/2024\/05\/professor-OnMzIv.jpeg\" \/>\n\t<meta property=\"og:image:width\" content=\"1400\" \/>\n\t<meta property=\"og:image:height\" content=\"792\" \/>\n\t<meta property=\"og:image:type\" content=\"image\/jpeg\" \/>\n<meta name=\"twitter:card\" content=\"summary_large_image\" \/>\n<meta name=\"twitter:label1\" content=\"Est. tempo de leitura\" \/>\n\t<meta name=\"twitter:data1\" content=\"1 minuto\" \/>\n<script type=\"application\/ld+json\" class=\"yoast-schema-graph\">{\"@context\":\"https:\/\/schema.org\",\"@graph\":[{\"@type\":\"WebPage\",\"@id\":\"https:\/\/deputadotaveirajr.com.br\/index.php\/professor-de-escola-de-futsal-e-preso-em-natal-suspeito-de-estupro-assedio-e-aliciamento-de-criancas\/\",\"url\":\"https:\/\/deputadotaveirajr.com.br\/index.php\/professor-de-escola-de-futsal-e-preso-em-natal-suspeito-de-estupro-assedio-e-aliciamento-de-criancas\/\",\"name\":\"Professor de escola de futsal \u00e9 preso em Natal suspeito de estupro, ass\u00e9dio e aliciamento de crian\u00e7as - Taveira Jr\",\"isPartOf\":{\"@id\":\"https:\/\/deputadotaveirajr.com.br\/#website\"},\"primaryImageOfPage\":{\"@id\":\"https:\/\/deputadotaveirajr.com.br\/index.php\/professor-de-escola-de-futsal-e-preso-em-natal-suspeito-de-estupro-assedio-e-aliciamento-de-criancas\/#primaryimage\"},\"image\":{\"@id\":\"https:\/\/deputadotaveirajr.com.br\/index.php\/professor-de-escola-de-futsal-e-preso-em-natal-suspeito-de-estupro-assedio-e-aliciamento-de-criancas\/#primaryimage\"},\"thumbnailUrl\":\"https:\/\/deputadotaveirajr.com.br\/wp-content\/uploads\/2024\/05\/professor-OnMzIv.jpeg\",\"datePublished\":\"2024-05-30T14:21:27+00:00\",\"breadcrumb\":{\"@id\":\"https:\/\/deputadotaveirajr.com.br\/index.php\/professor-de-escola-de-futsal-e-preso-em-natal-suspeito-de-estupro-assedio-e-aliciamento-de-criancas\/#breadcrumb\"},\"inLanguage\":\"pt-BR\",\"potentialAction\":[{\"@type\":\"ReadAction\",\"target\":[\"https:\/\/deputadotaveirajr.com.br\/index.php\/professor-de-escola-de-futsal-e-preso-em-natal-suspeito-de-estupro-assedio-e-aliciamento-de-criancas\/\"]}]},{\"@type\":\"ImageObject\",\"inLanguage\":\"pt-BR\",\"@id\":\"https:\/\/deputadotaveirajr.com.br\/index.php\/professor-de-escola-de-futsal-e-preso-em-natal-suspeito-de-estupro-assedio-e-aliciamento-de-criancas\/#primaryimage\",\"url\":\"https:\/\/deputadotaveirajr.com.br\/wp-content\/uploads\/2024\/05\/professor-OnMzIv.jpeg\",\"contentUrl\":\"https:\/\/deputadotaveirajr.com.br\/wp-content\/uploads\/2024\/05\/professor-OnMzIv.jpeg\",\"width\":1400,\"height\":792},{\"@type\":\"BreadcrumbList\",\"@id\":\"https:\/\/deputadotaveirajr.com.br\/index.php\/professor-de-escola-de-futsal-e-preso-em-natal-suspeito-de-estupro-assedio-e-aliciamento-de-criancas\/#breadcrumb\",\"itemListElement\":[{\"@type\":\"ListItem\",\"position\":1,\"name\":\"In\u00edcio\",\"item\":\"https:\/\/deputadotaveirajr.com.br\/\"},{\"@type\":\"ListItem\",\"position\":2,\"name\":\"Professor de escola de futsal \u00e9 preso em Natal suspeito de estupro, ass\u00e9dio e aliciamento de crian\u00e7as\"}]},{\"@type\":\"WebSite\",\"@id\":\"https:\/\/deputadotaveirajr.com.br\/#website\",\"url\":\"https:\/\/deputadotaveirajr.com.br\/\",\"name\":\"Taveira Jr\",\"description\":\"Deputado Estadual\",\"publisher\":{\"@id\":\"https:\/\/deputadotaveirajr.com.br\/#organization\"},\"potentialAction\":[{\"@type\":\"SearchAction\",\"target\":{\"@type\":\"EntryPoint\",\"urlTemplate\":\"https:\/\/deputadotaveirajr.com.br\/?s={search_term_string}\"},\"query-input\":{\"@type\":\"PropertyValueSpecification\",\"valueRequired\":true,\"valueName\":\"search_term_string\"}}],\"inLanguage\":\"pt-BR\"},{\"@type\":\"Organization\",\"@id\":\"https:\/\/deputadotaveirajr.com.br\/#organization\",\"name\":\"Taveira Jr\",\"url\":\"https:\/\/deputadotaveirajr.com.br\/\",\"logo\":{\"@type\":\"ImageObject\",\"inLanguage\":\"pt-BR\",\"@id\":\"https:\/\/deputadotaveirajr.com.br\/#\/schema\/logo\/image\/\",\"url\":\"https:\/\/deputadotaveirajr.com.br\/wp-content\/uploads\/2026\/01\/logolow2a.png\",\"contentUrl\":\"https:\/\/deputadotaveirajr.com.br\/wp-content\/uploads\/2026\/01\/logolow2a.png\",\"width\":290,\"height\":80,\"caption\":\"Taveira Jr\"},\"image\":{\"@id\":\"https:\/\/deputadotaveirajr.com.br\/#\/schema\/logo\/image\/\"}}]}<\/script>\n<!-- \/ Yoast SEO plugin. -->","yoast_head_json":{"title":"Professor de escola de futsal \u00e9 preso em Natal suspeito de estupro, ass\u00e9dio e aliciamento de crian\u00e7as - Taveira Jr","robots":{"index":"index","follow":"follow","max-snippet":"max-snippet:-1","max-image-preview":"max-image-preview:large","max-video-preview":"max-video-preview:-1"},"canonical":"https:\/\/deputadotaveirajr.com.br\/index.php\/professor-de-escola-de-futsal-e-preso-em-natal-suspeito-de-estupro-assedio-e-aliciamento-de-criancas\/","og_locale":"pt_BR","og_type":"article","og_title":"Professor de escola de futsal \u00e9 preso em Natal suspeito de estupro, ass\u00e9dio e aliciamento de crian\u00e7as - Taveira Jr","og_description":"Pris\u00e3o aconteceu nesta quarta-feira (29) no bairro Barro Vermelho. Segundo a Pol\u00edcia Civil, pelo menos cinco v\u00edtimas foram identificadas. Professor de futsal \u00e9 preso em Natal suspeito de estupro Pol\u00edcia ...","og_url":"https:\/\/deputadotaveirajr.com.br\/index.php\/professor-de-escola-de-futsal-e-preso-em-natal-suspeito-de-estupro-assedio-e-aliciamento-de-criancas\/","og_site_name":"Taveira Jr","og_image":[{"width":1400,"height":792,"url":"https:\/\/deputadotaveirajr.com.br\/wp-content\/uploads\/2024\/05\/professor-OnMzIv.jpeg","type":"image\/jpeg"}],"twitter_card":"summary_large_image","twitter_misc":{"Est. tempo de leitura":"1 minuto"},"schema":{"@context":"https:\/\/schema.org","@graph":[{"@type":"WebPage","@id":"https:\/\/deputadotaveirajr.com.br\/index.php\/professor-de-escola-de-futsal-e-preso-em-natal-suspeito-de-estupro-assedio-e-aliciamento-de-criancas\/","url":"https:\/\/deputadotaveirajr.com.br\/index.php\/professor-de-escola-de-futsal-e-preso-em-natal-suspeito-de-estupro-assedio-e-aliciamento-de-criancas\/","name":"Professor de escola de futsal \u00e9 preso em Natal suspeito de estupro, ass\u00e9dio e aliciamento de crian\u00e7as - Taveira Jr","isPartOf":{"@id":"https:\/\/deputadotaveirajr.com.br\/#website"},"primaryImageOfPage":{"@id":"https:\/\/deputadotaveirajr.com.br\/index.php\/professor-de-escola-de-futsal-e-preso-em-natal-suspeito-de-estupro-assedio-e-aliciamento-de-criancas\/#primaryimage"},"image":{"@id":"https:\/\/deputadotaveirajr.com.br\/index.php\/professor-de-escola-de-futsal-e-preso-em-natal-suspeito-de-estupro-assedio-e-aliciamento-de-criancas\/#primaryimage"},"thumbnailUrl":"https:\/\/deputadotaveirajr.com.br\/wp-content\/uploads\/2024\/05\/professor-OnMzIv.jpeg","datePublished":"2024-05-30T14:21:27+00:00","breadcrumb":{"@id":"https:\/\/deputadotaveirajr.com.br\/index.php\/professor-de-escola-de-futsal-e-preso-em-natal-suspeito-de-estupro-assedio-e-aliciamento-de-criancas\/#breadcrumb"},"inLanguage":"pt-BR","potentialAction":[{"@type":"ReadAction","target":["https:\/\/deputadotaveirajr.com.br\/index.php\/professor-de-escola-de-futsal-e-preso-em-natal-suspeito-de-estupro-assedio-e-aliciamento-de-criancas\/"]}]},{"@type":"ImageObject","inLanguage":"pt-BR","@id":"https:\/\/deputadotaveirajr.com.br\/index.php\/professor-de-escola-de-futsal-e-preso-em-natal-suspeito-de-estupro-assedio-e-aliciamento-de-criancas\/#primaryimage","url":"https:\/\/deputadotaveirajr.com.br\/wp-content\/uploads\/2024\/05\/professor-OnMzIv.jpeg","contentUrl":"https:\/\/deputadotaveirajr.com.br\/wp-content\/uploads\/2024\/05\/professor-OnMzIv.jpeg","width":1400,"height":792},{"@type":"BreadcrumbList","@id":"https:\/\/deputadotaveirajr.com.br\/index.php\/professor-de-escola-de-futsal-e-preso-em-natal-suspeito-de-estupro-assedio-e-aliciamento-de-criancas\/#breadcrumb","itemListElement":[{"@type":"ListItem","position":1,"name":"In\u00edcio","item":"https:\/\/deputadotaveirajr.com.br\/"},{"@type":"ListItem","position":2,"name":"Professor de escola de futsal \u00e9 preso em Natal suspeito de estupro, ass\u00e9dio e aliciamento de crian\u00e7as"}]},{"@type":"WebSite","@id":"https:\/\/deputadotaveirajr.com.br\/#website","url":"https:\/\/deputadotaveirajr.com.br\/","name":"Taveira Jr","description":"Deputado Estadual","publisher":{"@id":"https:\/\/deputadotaveirajr.com.br\/#organization"},"potentialAction":[{"@type":"SearchAction","target":{"@type":"EntryPoint","urlTemplate":"https:\/\/deputadotaveirajr.com.br\/?s={search_term_string}"},"query-input":{"@type":"PropertyValueSpecification","valueRequired":true,"valueName":"search_term_string"}}],"inLanguage":"pt-BR"},{"@type":"Organization","@id":"https:\/\/deputadotaveirajr.com.br\/#organization","name":"Taveira Jr","url":"https:\/\/deputadotaveirajr.com.br\/","logo":{"@type":"ImageObject","inLanguage":"pt-BR","@id":"https:\/\/deputadotaveirajr.com.br\/#\/schema\/logo\/image\/","url":"https:\/\/deputadotaveirajr.com.br\/wp-content\/uploads\/2026\/01\/logolow2a.png","contentUrl":"https:\/\/deputadotaveirajr.com.br\/wp-content\/uploads\/2026\/01\/logolow2a.png","width":290,"height":80,"caption":"Taveira Jr"},"image":{"@id":"https:\/\/deputadotaveirajr.com.br\/#\/schema\/logo\/image\/"}}]}},"_links":{"self":[{"href":"https:\/\/deputadotaveirajr.com.br\/index.php\/wp-json\/wp\/v2\/pages\/6567","targetHints":{"allow":["GET"]}}],"collection":[{"href":"https:\/\/deputadotaveirajr.com.br\/index.php\/wp-json\/wp\/v2\/pages"}],"about":[{"href":"https:\/\/deputadotaveirajr.com.br\/index.php\/wp-json\/wp\/v2\/types\/page"}],"replies":[{"embeddable":true,"href":"https:\/\/deputadotaveirajr.com.br\/index.php\/wp-json\/wp\/v2\/comments?post=6567"}],"version-history":[{"count":1,"href":"https:\/\/deputadotaveirajr.com.br\/index.php\/wp-json\/wp\/v2\/pages\/6567\/revisions"}],"predecessor-version":[{"id":6572,"href":"https:\/\/deputadotaveirajr.com.br\/index.php\/wp-json\/wp\/v2\/pages\/6567\/revisions\/6572"}],"wp:featuredmedia":[{"embeddable":true,"href":"https:\/\/deputadotaveirajr.com.br\/index.php\/wp-json\/wp\/v2\/media\/6568"}],"wp:attachment":[{"href":"https:\/\/deputadotaveirajr.com.br\/index.php\/wp-json\/wp\/v2\/media?parent=6567"}],"curies":[{"name":"wp","href":"https:\/\/api.w.org\/{rel}","templated":true}]}}