{"id":6570,"date":"2024-05-30T13:28:40","date_gmt":"2024-05-30T16:28:40","guid":{"rendered":"https:\/\/deputadotaveirajr.com.br\/?page_id=6570"},"modified":"2024-05-30T13:28:40","modified_gmt":"2024-05-30T16:28:40","slug":"prefeitura-delegacia-bodega-e-igreja-conheca-a-cidade-do-forro-construida-por-dorgival-dantas-no-interior-do-rn","status":"publish","type":"page","link":"https:\/\/deputadotaveirajr.com.br\/index.php\/prefeitura-delegacia-bodega-e-igreja-conheca-a-cidade-do-forro-construida-por-dorgival-dantas-no-interior-do-rn\/","title":{"rendered":"Prefeitura, delegacia, bodega e igreja: conhe\u00e7a a &#8216;Cidade do Forr\u00f3&#8217; constru\u00edda por Dorgival Dantas no interior do RN"},"content":{"rendered":"<p>     Estrutura foi criada pelo cantor e sanfoneiro na Fazenda Tome Xote, no munic\u00edpio de Olho D&#8217;\u00c1gua do Borges, no Oeste potiguar. Cidade do Forr\u00f3, na Fazenda Tome Xote, de Dorgival Dantas<br \/>\nCleber Dantas\/Inter TV Cabugi<br \/>\nO cantor e sanfoneiro Dorgival Dantas abriu sua Fazenda Tome Xote, em Olho D&#8217;\u00c1gua do Borges, na regi\u00e3o Oeste do Rio Grande do Norte, para sediar a segunda edi\u00e7\u00e3o do show Derradeiro de Maio, nesta quarta-feira (29).<br \/>\nA festa marcou a abertura da temporada de festejos juninos no estado e chamou a aten\u00e7\u00e3o do p\u00fablico para a &#8220;Cidade do Forr\u00f3&#8221;, constru\u00edda pelo cantor na sua propriedade e inaugurada em 2023. A fazenda \u00e9 considerada patrim\u00f4nio material cultural do RN.<br \/>\nPrefeitura, bodega, delegacia, igreja, casas. A cidadela \u00e9 um espa\u00e7o montado para valoriza\u00e7\u00e3o do forr\u00f3 e da cultura sertaneja, em um cen\u00e1rio que lembra vilarejos nordestinos da d\u00e9cada de 1940.<br \/>\nVeja &#8216;Cidade do Forr\u00f3&#8217; constru\u00edda por Dorgival Dantas no interior do RN<br \/>\nOs pequenos pr\u00e9dios do espa\u00e7o cenogr\u00e1fico possuem estrutura e, inclusive, m\u00f3veis. Um dos objetivos do cantor \u00e9 realizar casamentos na igreja da cidade.<br \/>\n&#8220;S\u00e3o casas de verdade. Voc\u00ea pode deitar ali, descansar, d\u00e1 pra se viver mesmo. \u00c9 um sert\u00e3o dentro do sert\u00e3o&#8221;, diz Dorgival.<br \/>\nAinda de acordo com o cantor, a realiza\u00e7\u00e3o do sonho contrariou inclusive orienta\u00e7\u00e3o de pessoas que n\u00e3o recomendavam o investimento no local. &#8220;Era um sonho. Necessidade de felicidade. Eu estou feliz&#8221;, pontua.<br \/>\nCidade do forr\u00f3 foi constru\u00edda por Dorgival Dantas na fazenda Tome Xote, em Olho D&#8217;\u00e1gua do Borges<br \/>\nCleber Dantas\/Inter TV Cabugi<br \/>\nSegundo o m\u00fasico, o objetivo \u00e9 que o espa\u00e7o se torne uma atra\u00e7\u00e3o tur\u00edstica para a regi\u00e3o. A fazenda est\u00e1 se organizando para come\u00e7ar a receber visitas programadas ao local.<br \/>\n&#8220;O intuito \u00e9 trazer o turista, as pessoas de fora, para conhecer nossa regi\u00e3o, que \u00e9 bela. Precisamos levar isso para o mundo&#8221;, defende.<br \/>\nRN1 na Cidade do Forro\u0301 em Olho D&#8217;a\u0301gua do Borges<br \/>\n&#8220;Eu quero que o mundo inteiro saiba onde fica Olho D&#8217;\u00e1gua do Borges no Rio Grande do Norte&#8221;, afirma Dorgival, que se tornou embaixador do turismo do estado e tamb\u00e9m tem o sonho de criar o museu da sanfona no local.<br \/>\nO nome do evento \u201cDerradeiro de Maio\u201d, que abriu a fazenda nesta quarta-feira (29), surgiu por causa de uma tradicional festa que ocorre no interior sempre no m\u00eas de maio e que tem esse nome.<br \/>\n\u201c\u00c9 uma coisa de antigamente que eu vivi e penso que \u00e9 algo muito bonito\u201d, diz.<br \/>\nCantor Dorgival Dantas constr\u00f3i &#8216;Cidade do Forr\u00f3&#8217; no interior do Rio Grande do Norte<br \/>\nDivulga\u00e7\u00e3o<br \/>\nVeja os v\u00eddeos mais assistidos no g1 RN<\/p>","protected":false},"excerpt":{"rendered":"<p>Estrutura foi criada pelo cantor e sanfoneiro na Fazenda Tome Xote, no munic\u00edpio de Olho D&#8217;\u00c1gua do Borges, no Oeste potiguar. Cidade do Forr\u00f3, na Fazenda Tome Xote, de Dorgival &#8230;<\/p>\n","protected":false},"author":0,"featured_media":6571,"parent":0,"menu_order":0,"comment_status":"closed","ping_status":"closed","template":"","meta":{"footnotes":""},"class_list":["post-6570","page","type-page","status-publish","has-post-thumbnail","hentry"],"yoast_head":"<!-- This site is optimized with the Yoast SEO plugin v27.1.1 - https:\/\/yoast.com\/product\/yoast-seo-wordpress\/ -->\n<title>Prefeitura, delegacia, bodega e igreja: conhe\u00e7a a &#039;Cidade do Forr\u00f3&#039; constru\u00edda por Dorgival Dantas no interior do RN - Taveira Jr<\/title>\n<meta name=\"robots\" content=\"index, follow, max-snippet:-1, max-image-preview:large, max-video-preview:-1\" \/>\n<link rel=\"canonical\" href=\"https:\/\/deputadotaveirajr.com.br\/index.php\/prefeitura-delegacia-bodega-e-igreja-conheca-a-cidade-do-forro-construida-por-dorgival-dantas-no-interior-do-rn\/\" \/>\n<meta property=\"og:locale\" content=\"pt_BR\" \/>\n<meta property=\"og:type\" content=\"article\" \/>\n<meta property=\"og:title\" content=\"Prefeitura, delegacia, bodega e igreja: conhe\u00e7a a &#039;Cidade do Forr\u00f3&#039; constru\u00edda por Dorgival Dantas no interior do RN - Taveira Jr\" \/>\n<meta property=\"og:description\" content=\"Estrutura foi criada pelo cantor e sanfoneiro na Fazenda Tome Xote, no munic\u00edpio de Olho D&#8217;\u00c1gua do Borges, no Oeste potiguar. Cidade do Forr\u00f3, na Fazenda Tome Xote, de Dorgival ...\" \/>\n<meta property=\"og:url\" content=\"https:\/\/deputadotaveirajr.com.br\/index.php\/prefeitura-delegacia-bodega-e-igreja-conheca-a-cidade-do-forro-construida-por-dorgival-dantas-no-interior-do-rn\/\" \/>\n<meta property=\"og:site_name\" content=\"Taveira Jr\" \/>\n<meta property=\"og:image\" content=\"https:\/\/deputadotaveirajr.com.br\/wp-content\/uploads\/2024\/05\/whatsapp-image-2024-05-30-at-09.03.38-MOPN49.jpeg\" \/>\n\t<meta property=\"og:image:width\" content=\"1280\" \/>\n\t<meta property=\"og:image:height\" content=\"753\" \/>\n\t<meta property=\"og:image:type\" content=\"image\/jpeg\" \/>\n<meta name=\"twitter:card\" content=\"summary_large_image\" \/>\n<meta name=\"twitter:label1\" content=\"Est. tempo de leitura\" \/>\n\t<meta name=\"twitter:data1\" content=\"2 minutos\" \/>\n<script type=\"application\/ld+json\" class=\"yoast-schema-graph\">{\"@context\":\"https:\/\/schema.org\",\"@graph\":[{\"@type\":\"WebPage\",\"@id\":\"https:\/\/deputadotaveirajr.com.br\/index.php\/prefeitura-delegacia-bodega-e-igreja-conheca-a-cidade-do-forro-construida-por-dorgival-dantas-no-interior-do-rn\/\",\"url\":\"https:\/\/deputadotaveirajr.com.br\/index.php\/prefeitura-delegacia-bodega-e-igreja-conheca-a-cidade-do-forro-construida-por-dorgival-dantas-no-interior-do-rn\/\",\"name\":\"Prefeitura, delegacia, bodega e igreja: conhe\u00e7a a 'Cidade do Forr\u00f3' constru\u00edda por Dorgival Dantas no interior do RN - Taveira Jr\",\"isPartOf\":{\"@id\":\"https:\/\/deputadotaveirajr.com.br\/#website\"},\"primaryImageOfPage\":{\"@id\":\"https:\/\/deputadotaveirajr.com.br\/index.php\/prefeitura-delegacia-bodega-e-igreja-conheca-a-cidade-do-forro-construida-por-dorgival-dantas-no-interior-do-rn\/#primaryimage\"},\"image\":{\"@id\":\"https:\/\/deputadotaveirajr.com.br\/index.php\/prefeitura-delegacia-bodega-e-igreja-conheca-a-cidade-do-forro-construida-por-dorgival-dantas-no-interior-do-rn\/#primaryimage\"},\"thumbnailUrl\":\"https:\/\/deputadotaveirajr.com.br\/wp-content\/uploads\/2024\/05\/whatsapp-image-2024-05-30-at-09.03.38-MOPN49.jpeg\",\"datePublished\":\"2024-05-30T16:28:40+00:00\",\"breadcrumb\":{\"@id\":\"https:\/\/deputadotaveirajr.com.br\/index.php\/prefeitura-delegacia-bodega-e-igreja-conheca-a-cidade-do-forro-construida-por-dorgival-dantas-no-interior-do-rn\/#breadcrumb\"},\"inLanguage\":\"pt-BR\",\"potentialAction\":[{\"@type\":\"ReadAction\",\"target\":[\"https:\/\/deputadotaveirajr.com.br\/index.php\/prefeitura-delegacia-bodega-e-igreja-conheca-a-cidade-do-forro-construida-por-dorgival-dantas-no-interior-do-rn\/\"]}]},{\"@type\":\"ImageObject\",\"inLanguage\":\"pt-BR\",\"@id\":\"https:\/\/deputadotaveirajr.com.br\/index.php\/prefeitura-delegacia-bodega-e-igreja-conheca-a-cidade-do-forro-construida-por-dorgival-dantas-no-interior-do-rn\/#primaryimage\",\"url\":\"https:\/\/deputadotaveirajr.com.br\/wp-content\/uploads\/2024\/05\/whatsapp-image-2024-05-30-at-09.03.38-MOPN49.jpeg\",\"contentUrl\":\"https:\/\/deputadotaveirajr.com.br\/wp-content\/uploads\/2024\/05\/whatsapp-image-2024-05-30-at-09.03.38-MOPN49.jpeg\",\"width\":1280,\"height\":753},{\"@type\":\"BreadcrumbList\",\"@id\":\"https:\/\/deputadotaveirajr.com.br\/index.php\/prefeitura-delegacia-bodega-e-igreja-conheca-a-cidade-do-forro-construida-por-dorgival-dantas-no-interior-do-rn\/#breadcrumb\",\"itemListElement\":[{\"@type\":\"ListItem\",\"position\":1,\"name\":\"In\u00edcio\",\"item\":\"https:\/\/deputadotaveirajr.com.br\/\"},{\"@type\":\"ListItem\",\"position\":2,\"name\":\"Prefeitura, delegacia, bodega e igreja: conhe\u00e7a a &#8216;Cidade do Forr\u00f3&#8217; constru\u00edda por Dorgival Dantas no interior do RN\"}]},{\"@type\":\"WebSite\",\"@id\":\"https:\/\/deputadotaveirajr.com.br\/#website\",\"url\":\"https:\/\/deputadotaveirajr.com.br\/\",\"name\":\"Taveira Jr\",\"description\":\"Deputado Estadual\",\"publisher\":{\"@id\":\"https:\/\/deputadotaveirajr.com.br\/#organization\"},\"potentialAction\":[{\"@type\":\"SearchAction\",\"target\":{\"@type\":\"EntryPoint\",\"urlTemplate\":\"https:\/\/deputadotaveirajr.com.br\/?s={search_term_string}\"},\"query-input\":{\"@type\":\"PropertyValueSpecification\",\"valueRequired\":true,\"valueName\":\"search_term_string\"}}],\"inLanguage\":\"pt-BR\"},{\"@type\":\"Organization\",\"@id\":\"https:\/\/deputadotaveirajr.com.br\/#organization\",\"name\":\"Taveira Jr\",\"url\":\"https:\/\/deputadotaveirajr.com.br\/\",\"logo\":{\"@type\":\"ImageObject\",\"inLanguage\":\"pt-BR\",\"@id\":\"https:\/\/deputadotaveirajr.com.br\/#\/schema\/logo\/image\/\",\"url\":\"https:\/\/deputadotaveirajr.com.br\/wp-content\/uploads\/2026\/01\/logolow2a.png\",\"contentUrl\":\"https:\/\/deputadotaveirajr.com.br\/wp-content\/uploads\/2026\/01\/logolow2a.png\",\"width\":290,\"height\":80,\"caption\":\"Taveira Jr\"},\"image\":{\"@id\":\"https:\/\/deputadotaveirajr.com.br\/#\/schema\/logo\/image\/\"}}]}<\/script>\n<!-- \/ Yoast SEO plugin. -->","yoast_head_json":{"title":"Prefeitura, delegacia, bodega e igreja: conhe\u00e7a a 'Cidade do Forr\u00f3' constru\u00edda por Dorgival Dantas no interior do RN - Taveira Jr","robots":{"index":"index","follow":"follow","max-snippet":"max-snippet:-1","max-image-preview":"max-image-preview:large","max-video-preview":"max-video-preview:-1"},"canonical":"https:\/\/deputadotaveirajr.com.br\/index.php\/prefeitura-delegacia-bodega-e-igreja-conheca-a-cidade-do-forro-construida-por-dorgival-dantas-no-interior-do-rn\/","og_locale":"pt_BR","og_type":"article","og_title":"Prefeitura, delegacia, bodega e igreja: conhe\u00e7a a 'Cidade do Forr\u00f3' constru\u00edda por Dorgival Dantas no interior do RN - Taveira Jr","og_description":"Estrutura foi criada pelo cantor e sanfoneiro na Fazenda Tome Xote, no munic\u00edpio de Olho D&#8217;\u00c1gua do Borges, no Oeste potiguar. Cidade do Forr\u00f3, na Fazenda Tome Xote, de Dorgival ...","og_url":"https:\/\/deputadotaveirajr.com.br\/index.php\/prefeitura-delegacia-bodega-e-igreja-conheca-a-cidade-do-forro-construida-por-dorgival-dantas-no-interior-do-rn\/","og_site_name":"Taveira Jr","og_image":[{"width":1280,"height":753,"url":"https:\/\/deputadotaveirajr.com.br\/wp-content\/uploads\/2024\/05\/whatsapp-image-2024-05-30-at-09.03.38-MOPN49.jpeg","type":"image\/jpeg"}],"twitter_card":"summary_large_image","twitter_misc":{"Est. tempo de leitura":"2 minutos"},"schema":{"@context":"https:\/\/schema.org","@graph":[{"@type":"WebPage","@id":"https:\/\/deputadotaveirajr.com.br\/index.php\/prefeitura-delegacia-bodega-e-igreja-conheca-a-cidade-do-forro-construida-por-dorgival-dantas-no-interior-do-rn\/","url":"https:\/\/deputadotaveirajr.com.br\/index.php\/prefeitura-delegacia-bodega-e-igreja-conheca-a-cidade-do-forro-construida-por-dorgival-dantas-no-interior-do-rn\/","name":"Prefeitura, delegacia, bodega e igreja: conhe\u00e7a a 'Cidade do Forr\u00f3' constru\u00edda por Dorgival Dantas no interior do RN - Taveira Jr","isPartOf":{"@id":"https:\/\/deputadotaveirajr.com.br\/#website"},"primaryImageOfPage":{"@id":"https:\/\/deputadotaveirajr.com.br\/index.php\/prefeitura-delegacia-bodega-e-igreja-conheca-a-cidade-do-forro-construida-por-dorgival-dantas-no-interior-do-rn\/#primaryimage"},"image":{"@id":"https:\/\/deputadotaveirajr.com.br\/index.php\/prefeitura-delegacia-bodega-e-igreja-conheca-a-cidade-do-forro-construida-por-dorgival-dantas-no-interior-do-rn\/#primaryimage"},"thumbnailUrl":"https:\/\/deputadotaveirajr.com.br\/wp-content\/uploads\/2024\/05\/whatsapp-image-2024-05-30-at-09.03.38-MOPN49.jpeg","datePublished":"2024-05-30T16:28:40+00:00","breadcrumb":{"@id":"https:\/\/deputadotaveirajr.com.br\/index.php\/prefeitura-delegacia-bodega-e-igreja-conheca-a-cidade-do-forro-construida-por-dorgival-dantas-no-interior-do-rn\/#breadcrumb"},"inLanguage":"pt-BR","potentialAction":[{"@type":"ReadAction","target":["https:\/\/deputadotaveirajr.com.br\/index.php\/prefeitura-delegacia-bodega-e-igreja-conheca-a-cidade-do-forro-construida-por-dorgival-dantas-no-interior-do-rn\/"]}]},{"@type":"ImageObject","inLanguage":"pt-BR","@id":"https:\/\/deputadotaveirajr.com.br\/index.php\/prefeitura-delegacia-bodega-e-igreja-conheca-a-cidade-do-forro-construida-por-dorgival-dantas-no-interior-do-rn\/#primaryimage","url":"https:\/\/deputadotaveirajr.com.br\/wp-content\/uploads\/2024\/05\/whatsapp-image-2024-05-30-at-09.03.38-MOPN49.jpeg","contentUrl":"https:\/\/deputadotaveirajr.com.br\/wp-content\/uploads\/2024\/05\/whatsapp-image-2024-05-30-at-09.03.38-MOPN49.jpeg","width":1280,"height":753},{"@type":"BreadcrumbList","@id":"https:\/\/deputadotaveirajr.com.br\/index.php\/prefeitura-delegacia-bodega-e-igreja-conheca-a-cidade-do-forro-construida-por-dorgival-dantas-no-interior-do-rn\/#breadcrumb","itemListElement":[{"@type":"ListItem","position":1,"name":"In\u00edcio","item":"https:\/\/deputadotaveirajr.com.br\/"},{"@type":"ListItem","position":2,"name":"Prefeitura, delegacia, bodega e igreja: conhe\u00e7a a &#8216;Cidade do Forr\u00f3&#8217; constru\u00edda por Dorgival Dantas no interior do RN"}]},{"@type":"WebSite","@id":"https:\/\/deputadotaveirajr.com.br\/#website","url":"https:\/\/deputadotaveirajr.com.br\/","name":"Taveira Jr","description":"Deputado Estadual","publisher":{"@id":"https:\/\/deputadotaveirajr.com.br\/#organization"},"potentialAction":[{"@type":"SearchAction","target":{"@type":"EntryPoint","urlTemplate":"https:\/\/deputadotaveirajr.com.br\/?s={search_term_string}"},"query-input":{"@type":"PropertyValueSpecification","valueRequired":true,"valueName":"search_term_string"}}],"inLanguage":"pt-BR"},{"@type":"Organization","@id":"https:\/\/deputadotaveirajr.com.br\/#organization","name":"Taveira Jr","url":"https:\/\/deputadotaveirajr.com.br\/","logo":{"@type":"ImageObject","inLanguage":"pt-BR","@id":"https:\/\/deputadotaveirajr.com.br\/#\/schema\/logo\/image\/","url":"https:\/\/deputadotaveirajr.com.br\/wp-content\/uploads\/2026\/01\/logolow2a.png","contentUrl":"https:\/\/deputadotaveirajr.com.br\/wp-content\/uploads\/2026\/01\/logolow2a.png","width":290,"height":80,"caption":"Taveira Jr"},"image":{"@id":"https:\/\/deputadotaveirajr.com.br\/#\/schema\/logo\/image\/"}}]}},"_links":{"self":[{"href":"https:\/\/deputadotaveirajr.com.br\/index.php\/wp-json\/wp\/v2\/pages\/6570","targetHints":{"allow":["GET"]}}],"collection":[{"href":"https:\/\/deputadotaveirajr.com.br\/index.php\/wp-json\/wp\/v2\/pages"}],"about":[{"href":"https:\/\/deputadotaveirajr.com.br\/index.php\/wp-json\/wp\/v2\/types\/page"}],"replies":[{"embeddable":true,"href":"https:\/\/deputadotaveirajr.com.br\/index.php\/wp-json\/wp\/v2\/comments?post=6570"}],"version-history":[{"count":1,"href":"https:\/\/deputadotaveirajr.com.br\/index.php\/wp-json\/wp\/v2\/pages\/6570\/revisions"}],"predecessor-version":[{"id":6577,"href":"https:\/\/deputadotaveirajr.com.br\/index.php\/wp-json\/wp\/v2\/pages\/6570\/revisions\/6577"}],"wp:featuredmedia":[{"embeddable":true,"href":"https:\/\/deputadotaveirajr.com.br\/index.php\/wp-json\/wp\/v2\/media\/6571"}],"wp:attachment":[{"href":"https:\/\/deputadotaveirajr.com.br\/index.php\/wp-json\/wp\/v2\/media?parent=6570"}],"curies":[{"name":"wp","href":"https:\/\/api.w.org\/{rel}","templated":true}]}}