{"id":6585,"date":"2024-05-30T21:21:24","date_gmt":"2024-05-31T00:21:24","guid":{"rendered":"https:\/\/deputadotaveirajr.com.br\/?page_id=6585"},"modified":"2024-05-30T21:21:24","modified_gmt":"2024-05-31T00:21:24","slug":"oab-suspende-e-afasta-advogado-presidente-da-entidade-em-mossoro-por-suspeita-de-violencia-contra-mulher","status":"publish","type":"page","link":"https:\/\/deputadotaveirajr.com.br\/index.php\/oab-suspende-e-afasta-advogado-presidente-da-entidade-em-mossoro-por-suspeita-de-violencia-contra-mulher\/","title":{"rendered":"OAB suspende e afasta advogado presidente da entidade em Mossor\u00f3 por suspeita de viol\u00eancia contra mulher"},"content":{"rendered":"<p>     Caso foi registrado em v\u00eddeo que viralizou nas redes sociais e \u00e9 atribu\u00eddo ao presidente da OAB Mossor\u00f3. Se\u00e7\u00e3o no estado abriu procedimento \u00e9tico para investigar o caso. Ordem dos Advogados do Brasil (OAB-RN) CAARN Rio Grande do Norte Natal sede pr\u00e9dio fachada<br \/>\nS\u00e9rgio Henrique Santos\/Inter TV Cabugi<br \/>\nA Ordem dos Advogados do Brasil (OAB) no Rio Grande do Norte abriu nesta quinta-feira (30) um procedimento \u00e9tico para investigar um advogado suspeito de agredir uma mulher em Mossor\u00f3, na Regi\u00e3o Oeste potiguar.<br \/>\nO advogado tamb\u00e9m teve a inscri\u00e7\u00e3o na OAB suspensa liminarmente por 90 dias, ficando impedido de exercer a profiss\u00e3o neste per\u00edodo. Al\u00e9m disso, o profissional foi afastado da presid\u00eancia da entidade em Mossor\u00f3, cargo que tamb\u00e9m ocupava. A vice-presidente Diana Paula Bessa Maia Fernandes assumiu a fun\u00e7\u00e3o.<br \/>\n\ud83d\udcf3Participe do canal do g1 RN no WhatsApp<br \/>\nO crime que \u00e9 atribu\u00eddo ao advogado Hermeson de Souza Pinheiro foi gravado em v\u00eddeo em um espa\u00e7o p\u00fablico da cidade e rodou nas redes sociais. O video mostrou um homem agredindo uma mulher, jogando o celular dela no ch\u00e3o e gritando antes de entrar em um carrro.<br \/>\nA Inter TV Cabugi n\u00e3o conseguiu localizar o advogado at\u00e9 a atualiza\u00e7\u00e3o mais recente desta reportagem.<br \/>\n&#8216;Graves fatos&#8217;, diz presidente da OAB-RN<br \/>\nEm nota, a OAB-RN reafirmou &#8220;completa indigna\u00e7\u00e3o com os fatos envolvendo agress\u00e3o contra a mulher praticada por advogado na cidade de Mossor\u00f3&#8221;.<br \/>\nO presidente da OAB do RN, Aldo Medeiros, disse que, ap\u00f3s ter ci\u00eancia &#8220;da pr\u00e1tica de atos de viol\u00eancia contra a mulher por parte de integrante da nossa advocacia&#8221;, abriu investiga\u00e7\u00e3o.<br \/>\n&#8220;Adotamos imediatamente medidas de apura\u00e7\u00e3o de forma que, com as informa\u00e7\u00f5es obtidas, inclusive das m\u00eddias que relataram graves fatos, adotamos medidas emergenciais de suspens\u00e3o da atividade de advocacia do advogado envolvido, bem como o afastamento da sua fun\u00e7\u00e3o institucional&#8221;, disse.<br \/>\nA vice-presidente da OAB-RN, Lidiana Dias, disse em v\u00eddeo tamb\u00e9m que a Ordem reafirma &#8220;o compromisso com o combate irrestrito \u00e0 viol\u00eancia de g\u00eanero, \u00e0 viol\u00eancia contra a mulher&#8221;.<br \/>\nA OAB Subse\u00e7\u00e3o Mossor\u00f3 disse que o afastamento do presidente se deu &#8220;em virtude de not\u00edcias recentemente divulgadas envolvendo o presidente dessa Subse\u00e7\u00e3o, relacionadas a uma situa\u00e7\u00e3o de natureza pessoal&#8221;.<br \/>\nApura\u00e7\u00e3o e colabora\u00e7\u00e3o com investiga\u00e7\u00e3o policial<br \/>\nSegundo a OAB Mossor\u00f3, &#8220;todos os fatos ser\u00e3o minuciosamente apurados, com o respeito \u00e0s garantias constitucionais do contradit\u00f3rio e da ampla defesa, e com a seriedade que o caso exige&#8221;.<br \/>\nA OAB-RN tamb\u00e9m informou que &#8220;est\u00e1 ao lado das autoridades para a completa elucida\u00e7\u00e3o do caso&#8221;.<br \/>\nSegundo a OAB-RN, o advogado que pratica conduta incompat\u00edvel com a advocacia pode se tornar &#8220;moralmente inid\u00f4neo para o exerc\u00edcio da profiss\u00e3o&#8221;. Em caso de confirma\u00e7\u00e3o da viol\u00eancia, o advogado pode ser submetido a um procedimento administrativo pass\u00edvel de exclus\u00e3o dos quadros da OAB.<br \/>\nV\u00eddeos mais assistidos do g1 RN<\/p>","protected":false},"excerpt":{"rendered":"<p>Caso foi registrado em v\u00eddeo que viralizou nas redes sociais e \u00e9 atribu\u00eddo ao presidente da OAB Mossor\u00f3. Se\u00e7\u00e3o no estado abriu procedimento \u00e9tico para investigar o caso. Ordem dos &#8230;<\/p>\n","protected":false},"author":0,"featured_media":6586,"parent":0,"menu_order":0,"comment_status":"closed","ping_status":"closed","template":"","meta":{"footnotes":""},"class_list":["post-6585","page","type-page","status-publish","has-post-thumbnail","hentry"],"yoast_head":"<!-- This site is optimized with the Yoast SEO plugin v27.1.1 - https:\/\/yoast.com\/product\/yoast-seo-wordpress\/ -->\n<title>OAB suspende e afasta advogado presidente da entidade em Mossor\u00f3 por suspeita de viol\u00eancia contra mulher - Taveira Jr<\/title>\n<meta name=\"robots\" content=\"index, follow, max-snippet:-1, max-image-preview:large, max-video-preview:-1\" \/>\n<link rel=\"canonical\" href=\"https:\/\/deputadotaveirajr.com.br\/index.php\/oab-suspende-e-afasta-advogado-presidente-da-entidade-em-mossoro-por-suspeita-de-violencia-contra-mulher\/\" \/>\n<meta property=\"og:locale\" content=\"pt_BR\" \/>\n<meta property=\"og:type\" content=\"article\" \/>\n<meta property=\"og:title\" content=\"OAB suspende e afasta advogado presidente da entidade em Mossor\u00f3 por suspeita de viol\u00eancia contra mulher - Taveira Jr\" \/>\n<meta property=\"og:description\" content=\"Caso foi registrado em v\u00eddeo que viralizou nas redes sociais e \u00e9 atribu\u00eddo ao presidente da OAB Mossor\u00f3. Se\u00e7\u00e3o no estado abriu procedimento \u00e9tico para investigar o caso. Ordem dos ...\" \/>\n<meta property=\"og:url\" content=\"https:\/\/deputadotaveirajr.com.br\/index.php\/oab-suspende-e-afasta-advogado-presidente-da-entidade-em-mossoro-por-suspeita-de-violencia-contra-mulher\/\" \/>\n<meta property=\"og:site_name\" content=\"Taveira Jr\" \/>\n<meta property=\"og:image\" content=\"https:\/\/deputadotaveirajr.com.br\/wp-content\/uploads\/2024\/05\/whatsapp-image-2023-06-26-at-16.10.12-j31QT4.jpeg\" \/>\n\t<meta property=\"og:image:width\" content=\"1152\" \/>\n\t<meta property=\"og:image:height\" content=\"648\" \/>\n\t<meta property=\"og:image:type\" content=\"image\/jpeg\" \/>\n<meta name=\"twitter:card\" content=\"summary_large_image\" \/>\n<meta name=\"twitter:label1\" content=\"Est. tempo de leitura\" \/>\n\t<meta name=\"twitter:data1\" content=\"3 minutos\" \/>\n<script type=\"application\/ld+json\" class=\"yoast-schema-graph\">{\"@context\":\"https:\/\/schema.org\",\"@graph\":[{\"@type\":\"WebPage\",\"@id\":\"https:\/\/deputadotaveirajr.com.br\/index.php\/oab-suspende-e-afasta-advogado-presidente-da-entidade-em-mossoro-por-suspeita-de-violencia-contra-mulher\/\",\"url\":\"https:\/\/deputadotaveirajr.com.br\/index.php\/oab-suspende-e-afasta-advogado-presidente-da-entidade-em-mossoro-por-suspeita-de-violencia-contra-mulher\/\",\"name\":\"OAB suspende e afasta advogado presidente da entidade em Mossor\u00f3 por suspeita de viol\u00eancia contra mulher - Taveira Jr\",\"isPartOf\":{\"@id\":\"https:\/\/deputadotaveirajr.com.br\/#website\"},\"primaryImageOfPage\":{\"@id\":\"https:\/\/deputadotaveirajr.com.br\/index.php\/oab-suspende-e-afasta-advogado-presidente-da-entidade-em-mossoro-por-suspeita-de-violencia-contra-mulher\/#primaryimage\"},\"image\":{\"@id\":\"https:\/\/deputadotaveirajr.com.br\/index.php\/oab-suspende-e-afasta-advogado-presidente-da-entidade-em-mossoro-por-suspeita-de-violencia-contra-mulher\/#primaryimage\"},\"thumbnailUrl\":\"https:\/\/deputadotaveirajr.com.br\/wp-content\/uploads\/2024\/05\/whatsapp-image-2023-06-26-at-16.10.12-j31QT4.jpeg\",\"datePublished\":\"2024-05-31T00:21:24+00:00\",\"breadcrumb\":{\"@id\":\"https:\/\/deputadotaveirajr.com.br\/index.php\/oab-suspende-e-afasta-advogado-presidente-da-entidade-em-mossoro-por-suspeita-de-violencia-contra-mulher\/#breadcrumb\"},\"inLanguage\":\"pt-BR\",\"potentialAction\":[{\"@type\":\"ReadAction\",\"target\":[\"https:\/\/deputadotaveirajr.com.br\/index.php\/oab-suspende-e-afasta-advogado-presidente-da-entidade-em-mossoro-por-suspeita-de-violencia-contra-mulher\/\"]}]},{\"@type\":\"ImageObject\",\"inLanguage\":\"pt-BR\",\"@id\":\"https:\/\/deputadotaveirajr.com.br\/index.php\/oab-suspende-e-afasta-advogado-presidente-da-entidade-em-mossoro-por-suspeita-de-violencia-contra-mulher\/#primaryimage\",\"url\":\"https:\/\/deputadotaveirajr.com.br\/wp-content\/uploads\/2024\/05\/whatsapp-image-2023-06-26-at-16.10.12-j31QT4.jpeg\",\"contentUrl\":\"https:\/\/deputadotaveirajr.com.br\/wp-content\/uploads\/2024\/05\/whatsapp-image-2023-06-26-at-16.10.12-j31QT4.jpeg\",\"width\":1152,\"height\":648},{\"@type\":\"BreadcrumbList\",\"@id\":\"https:\/\/deputadotaveirajr.com.br\/index.php\/oab-suspende-e-afasta-advogado-presidente-da-entidade-em-mossoro-por-suspeita-de-violencia-contra-mulher\/#breadcrumb\",\"itemListElement\":[{\"@type\":\"ListItem\",\"position\":1,\"name\":\"In\u00edcio\",\"item\":\"https:\/\/deputadotaveirajr.com.br\/\"},{\"@type\":\"ListItem\",\"position\":2,\"name\":\"OAB suspende e afasta advogado presidente da entidade em Mossor\u00f3 por suspeita de viol\u00eancia contra mulher\"}]},{\"@type\":\"WebSite\",\"@id\":\"https:\/\/deputadotaveirajr.com.br\/#website\",\"url\":\"https:\/\/deputadotaveirajr.com.br\/\",\"name\":\"Taveira Jr\",\"description\":\"Deputado Estadual\",\"publisher\":{\"@id\":\"https:\/\/deputadotaveirajr.com.br\/#organization\"},\"potentialAction\":[{\"@type\":\"SearchAction\",\"target\":{\"@type\":\"EntryPoint\",\"urlTemplate\":\"https:\/\/deputadotaveirajr.com.br\/?s={search_term_string}\"},\"query-input\":{\"@type\":\"PropertyValueSpecification\",\"valueRequired\":true,\"valueName\":\"search_term_string\"}}],\"inLanguage\":\"pt-BR\"},{\"@type\":\"Organization\",\"@id\":\"https:\/\/deputadotaveirajr.com.br\/#organization\",\"name\":\"Taveira Jr\",\"url\":\"https:\/\/deputadotaveirajr.com.br\/\",\"logo\":{\"@type\":\"ImageObject\",\"inLanguage\":\"pt-BR\",\"@id\":\"https:\/\/deputadotaveirajr.com.br\/#\/schema\/logo\/image\/\",\"url\":\"https:\/\/deputadotaveirajr.com.br\/wp-content\/uploads\/2026\/01\/logolow2a.png\",\"contentUrl\":\"https:\/\/deputadotaveirajr.com.br\/wp-content\/uploads\/2026\/01\/logolow2a.png\",\"width\":290,\"height\":80,\"caption\":\"Taveira Jr\"},\"image\":{\"@id\":\"https:\/\/deputadotaveirajr.com.br\/#\/schema\/logo\/image\/\"}}]}<\/script>\n<!-- \/ Yoast SEO plugin. -->","yoast_head_json":{"title":"OAB suspende e afasta advogado presidente da entidade em Mossor\u00f3 por suspeita de viol\u00eancia contra mulher - Taveira Jr","robots":{"index":"index","follow":"follow","max-snippet":"max-snippet:-1","max-image-preview":"max-image-preview:large","max-video-preview":"max-video-preview:-1"},"canonical":"https:\/\/deputadotaveirajr.com.br\/index.php\/oab-suspende-e-afasta-advogado-presidente-da-entidade-em-mossoro-por-suspeita-de-violencia-contra-mulher\/","og_locale":"pt_BR","og_type":"article","og_title":"OAB suspende e afasta advogado presidente da entidade em Mossor\u00f3 por suspeita de viol\u00eancia contra mulher - Taveira Jr","og_description":"Caso foi registrado em v\u00eddeo que viralizou nas redes sociais e \u00e9 atribu\u00eddo ao presidente da OAB Mossor\u00f3. Se\u00e7\u00e3o no estado abriu procedimento \u00e9tico para investigar o caso. Ordem dos ...","og_url":"https:\/\/deputadotaveirajr.com.br\/index.php\/oab-suspende-e-afasta-advogado-presidente-da-entidade-em-mossoro-por-suspeita-de-violencia-contra-mulher\/","og_site_name":"Taveira Jr","og_image":[{"width":1152,"height":648,"url":"https:\/\/deputadotaveirajr.com.br\/wp-content\/uploads\/2024\/05\/whatsapp-image-2023-06-26-at-16.10.12-j31QT4.jpeg","type":"image\/jpeg"}],"twitter_card":"summary_large_image","twitter_misc":{"Est. tempo de leitura":"3 minutos"},"schema":{"@context":"https:\/\/schema.org","@graph":[{"@type":"WebPage","@id":"https:\/\/deputadotaveirajr.com.br\/index.php\/oab-suspende-e-afasta-advogado-presidente-da-entidade-em-mossoro-por-suspeita-de-violencia-contra-mulher\/","url":"https:\/\/deputadotaveirajr.com.br\/index.php\/oab-suspende-e-afasta-advogado-presidente-da-entidade-em-mossoro-por-suspeita-de-violencia-contra-mulher\/","name":"OAB suspende e afasta advogado presidente da entidade em Mossor\u00f3 por suspeita de viol\u00eancia contra mulher - Taveira Jr","isPartOf":{"@id":"https:\/\/deputadotaveirajr.com.br\/#website"},"primaryImageOfPage":{"@id":"https:\/\/deputadotaveirajr.com.br\/index.php\/oab-suspende-e-afasta-advogado-presidente-da-entidade-em-mossoro-por-suspeita-de-violencia-contra-mulher\/#primaryimage"},"image":{"@id":"https:\/\/deputadotaveirajr.com.br\/index.php\/oab-suspende-e-afasta-advogado-presidente-da-entidade-em-mossoro-por-suspeita-de-violencia-contra-mulher\/#primaryimage"},"thumbnailUrl":"https:\/\/deputadotaveirajr.com.br\/wp-content\/uploads\/2024\/05\/whatsapp-image-2023-06-26-at-16.10.12-j31QT4.jpeg","datePublished":"2024-05-31T00:21:24+00:00","breadcrumb":{"@id":"https:\/\/deputadotaveirajr.com.br\/index.php\/oab-suspende-e-afasta-advogado-presidente-da-entidade-em-mossoro-por-suspeita-de-violencia-contra-mulher\/#breadcrumb"},"inLanguage":"pt-BR","potentialAction":[{"@type":"ReadAction","target":["https:\/\/deputadotaveirajr.com.br\/index.php\/oab-suspende-e-afasta-advogado-presidente-da-entidade-em-mossoro-por-suspeita-de-violencia-contra-mulher\/"]}]},{"@type":"ImageObject","inLanguage":"pt-BR","@id":"https:\/\/deputadotaveirajr.com.br\/index.php\/oab-suspende-e-afasta-advogado-presidente-da-entidade-em-mossoro-por-suspeita-de-violencia-contra-mulher\/#primaryimage","url":"https:\/\/deputadotaveirajr.com.br\/wp-content\/uploads\/2024\/05\/whatsapp-image-2023-06-26-at-16.10.12-j31QT4.jpeg","contentUrl":"https:\/\/deputadotaveirajr.com.br\/wp-content\/uploads\/2024\/05\/whatsapp-image-2023-06-26-at-16.10.12-j31QT4.jpeg","width":1152,"height":648},{"@type":"BreadcrumbList","@id":"https:\/\/deputadotaveirajr.com.br\/index.php\/oab-suspende-e-afasta-advogado-presidente-da-entidade-em-mossoro-por-suspeita-de-violencia-contra-mulher\/#breadcrumb","itemListElement":[{"@type":"ListItem","position":1,"name":"In\u00edcio","item":"https:\/\/deputadotaveirajr.com.br\/"},{"@type":"ListItem","position":2,"name":"OAB suspende e afasta advogado presidente da entidade em Mossor\u00f3 por suspeita de viol\u00eancia contra mulher"}]},{"@type":"WebSite","@id":"https:\/\/deputadotaveirajr.com.br\/#website","url":"https:\/\/deputadotaveirajr.com.br\/","name":"Taveira Jr","description":"Deputado Estadual","publisher":{"@id":"https:\/\/deputadotaveirajr.com.br\/#organization"},"potentialAction":[{"@type":"SearchAction","target":{"@type":"EntryPoint","urlTemplate":"https:\/\/deputadotaveirajr.com.br\/?s={search_term_string}"},"query-input":{"@type":"PropertyValueSpecification","valueRequired":true,"valueName":"search_term_string"}}],"inLanguage":"pt-BR"},{"@type":"Organization","@id":"https:\/\/deputadotaveirajr.com.br\/#organization","name":"Taveira Jr","url":"https:\/\/deputadotaveirajr.com.br\/","logo":{"@type":"ImageObject","inLanguage":"pt-BR","@id":"https:\/\/deputadotaveirajr.com.br\/#\/schema\/logo\/image\/","url":"https:\/\/deputadotaveirajr.com.br\/wp-content\/uploads\/2026\/01\/logolow2a.png","contentUrl":"https:\/\/deputadotaveirajr.com.br\/wp-content\/uploads\/2026\/01\/logolow2a.png","width":290,"height":80,"caption":"Taveira Jr"},"image":{"@id":"https:\/\/deputadotaveirajr.com.br\/#\/schema\/logo\/image\/"}}]}},"_links":{"self":[{"href":"https:\/\/deputadotaveirajr.com.br\/index.php\/wp-json\/wp\/v2\/pages\/6585","targetHints":{"allow":["GET"]}}],"collection":[{"href":"https:\/\/deputadotaveirajr.com.br\/index.php\/wp-json\/wp\/v2\/pages"}],"about":[{"href":"https:\/\/deputadotaveirajr.com.br\/index.php\/wp-json\/wp\/v2\/types\/page"}],"replies":[{"embeddable":true,"href":"https:\/\/deputadotaveirajr.com.br\/index.php\/wp-json\/wp\/v2\/comments?post=6585"}],"version-history":[{"count":1,"href":"https:\/\/deputadotaveirajr.com.br\/index.php\/wp-json\/wp\/v2\/pages\/6585\/revisions"}],"predecessor-version":[{"id":6589,"href":"https:\/\/deputadotaveirajr.com.br\/index.php\/wp-json\/wp\/v2\/pages\/6585\/revisions\/6589"}],"wp:featuredmedia":[{"embeddable":true,"href":"https:\/\/deputadotaveirajr.com.br\/index.php\/wp-json\/wp\/v2\/media\/6586"}],"wp:attachment":[{"href":"https:\/\/deputadotaveirajr.com.br\/index.php\/wp-json\/wp\/v2\/media?parent=6585"}],"curies":[{"name":"wp","href":"https:\/\/api.w.org\/{rel}","templated":true}]}}