{"id":6595,"date":"2024-05-31T11:02:16","date_gmt":"2024-05-31T14:02:16","guid":{"rendered":"https:\/\/deputadotaveirajr.com.br\/?page_id=6595"},"modified":"2024-05-31T11:02:16","modified_gmt":"2024-05-31T14:02:16","slug":"imposto-de-renda-2024-cerca-de-37-mil-contribuintes-ainda-nao-entregaram-a-declaracao-no-rn-prazo-termina-nesta-sexta-31","status":"publish","type":"page","link":"https:\/\/deputadotaveirajr.com.br\/index.php\/imposto-de-renda-2024-cerca-de-37-mil-contribuintes-ainda-nao-entregaram-a-declaracao-no-rn-prazo-termina-nesta-sexta-31\/","title":{"rendered":"Imposto de Renda 2024: cerca de 37 mil contribuintes ainda n\u00e3o entregaram a declara\u00e7\u00e3o no RN; prazo termina nesta sexta (31)"},"content":{"rendered":"<p>     Quem n\u00e3o entregar a declara\u00e7\u00e3o a tempo est\u00e1 sujeito ao pagamento de uma penaliza\u00e7\u00e3o m\u00ednima de R$ 165,74, podendo chegar a 20% do imposto devido.   Imposto de Renda<br \/>\nLUIS LIMA JR\/FOTOARENA\/FOTOARENA\/ESTAD\u00c3O CONTE\u00daDO<br \/>\nO prazo para entregar a declara\u00e7\u00e3o do Imposto de Renda 2024 termina nesta sexta-feira (31), e cerca de 37 mil contribuintes do Rio Grande do Norte ainda n\u00e3o fizeram a presta\u00e7\u00e3o de contas.<br \/>\nA Secretaria da Receita Federal informou que espera receber 438.968 declara\u00e7\u00f5es do ano-base 2023. De acordo com a \u00faltima atualiza\u00e7\u00e3o do site da Receita Federal, \u00e0s 7h31 desta sexta-feira (31), 401.115 contribuintes do RN haviam conclu\u00eddo o processo.<br \/>\n\u25b6\ufe0f N\u00c3O ATRASE: A recomenda\u00e7\u00e3o dos especialistas \u00e9 a de cumprir o prazo estipulado pela Receita Federal. Ou seja, \u00e9 melhor entregar incompleta e fazer as corre\u00e7\u00f5es necess\u00e1rias posteriormente.<br \/>\nIsso porque quem n\u00e3o entregar a declara\u00e7\u00e3o dentro do prazo est\u00e1 sujeito ao pagamento de multa \u2014 e, dependendo do caso, pode at\u00e9 ficar com o nome sujo e ter o CPF apontado como irregular pelo Fisco. (saiba mais abaixo)<br \/>\nLEIA MAIS<br \/>\nSaiba tudo sobre o Imposto de Renda 2024<br \/>\nVeja como fazer a declara\u00e7\u00e3o<br \/>\nVeja quem \u00e9 obrigado a declarar<br \/>\nVeja como baixar o programa<br \/>\nVeja o calend\u00e1rio dos lotes de restitui\u00e7\u00e3o<br \/>\nImposto de Renda 2024: Saiba como evitar cair na malha fina<br \/>\nPor que n\u00e3o entregar atrasado?<br \/>\nQuem entregar a declara\u00e7\u00e3o incompleta pode, depois, fazer as altera\u00e7\u00f5es necess\u00e1rias sem ser penalizado. Basta reenviar com os dados corretos por meio da chamada declara\u00e7\u00e3o retificadora.<br \/>\nNesse caso, o contribuinte precisa apenas selecionar essa op\u00e7\u00e3o na ficha de Identifica\u00e7\u00e3o do Contribuinte, informando o n\u00famero do recibo encontrado na declara\u00e7\u00e3o enviada inicialmente.<br \/>\nModelo n\u00e3o pode ser alterado<br \/>\nMas \u00e9 preciso cuidado para um detalhe: depois do final do prazo de entrega, o contribuinte n\u00e3o pode mais alterar o modelo de declara\u00e7\u00e3o \u2013 simples ou completa.<br \/>\nA declara\u00e7\u00e3o no modelo completo \u00e9 mais indicada para quem tem muitas dedu\u00e7\u00f5es a incluir, como dependentes e gastos com sa\u00fade. J\u00e1 a simples \u00e9 mais vantajosa para os contribuintes que n\u00e3o t\u00eam essas dedu\u00e7\u00f5es.<br \/>\nO contribuinte pode corrigir a declara\u00e7\u00e3o enviada quantas vezes julgar necess\u00e1rio sem ter de pagar multa.<br \/>\nO que acontece se eu n\u00e3o declarar?<br \/>\nSegundo informa\u00e7\u00f5es do Fisco, no caso de envio da declara\u00e7\u00e3o ap\u00f3s o prazo previsto ou da n\u00e3o apresenta\u00e7\u00e3o do documento, o contribuinte que \u00e9 obrigado a declarar fica sujeito ao pagamento de multa por atraso, calculada da seguinte forma:<br \/>\nMulta de 1% ao m\u00eas ou fra\u00e7\u00e3o de atraso, calculado sobre o valor do imposto devido na declara\u00e7\u00e3o, ainda que integralmente pago, at\u00e9 um teto de 20%;<br \/>\nMulta m\u00ednima de R$ 165,74 (apenas para quem estava &#8220;obrigado a declarar&#8221;, mesmo sem imposto a pagar)<br \/>\nAl\u00e9m disso, o CPF pode ficar irregular, o que pode impedir a libera\u00e7\u00e3o de empr\u00e9stimos, tirar passaportes, obter certid\u00e3o negativa para venda ou aluguel de im\u00f3vel e at\u00e9 prestar concurso p\u00fablico at\u00e9 a regulariza\u00e7\u00e3o da situa\u00e7\u00e3o.<br \/>\nQuem \u00e9 obrigado a declarar o Imposto de Renda em 2024<br \/>\nquem recebeu rendimentos tribut\u00e1veis acima de R$ 30.639,90 em 2023. O valor \u00e9 um pouco maior do que o da declara\u00e7\u00e3o do IR do ano passado (R$ 28.559,70) por conta da amplia\u00e7\u00e3o da faixa de isen\u00e7\u00e3o desde maio do ano passado;<br \/>\ncontribuintes que receberam rendimentos isentos, n\u00e3o-tribut\u00e1veis ou tributados exclusivamente na fonte, cuja soma tenha sido superior a R$ 200 mil no ano passado;<br \/>\nquem obteve, em qualquer m\u00eas de 2023, ganho de capital na aliena\u00e7\u00e3o de bens ou direitos, sujeito \u00e0 incid\u00eancia do imposto, ou realizou opera\u00e7\u00f5es em bolsas de valores, de mercadorias, de futuros e assemelhadas cuja soma foi superior a R$ 40 mil, ou com apura\u00e7\u00e3o de ganhos l\u00edquidos sujeitas \u00e0 incid\u00eancia do imposto;<br \/>\nquem teve isen\u00e7\u00e3o de imposto sobre o ganho de capital na venda de im\u00f3veis residenciais, seguido de aquisi\u00e7\u00e3o de outro im\u00f3vel residencial no prazo de 180 dias;<br \/>\nquem teve, em 2023, receita bruta em valor superior a R$ 153.199,50 em atividade rural (contra R$ R$ 142.798,50 em 2022);<br \/>\nquem tinha, at\u00e9 31 de dezembro de 2023, a posse ou a propriedade de bens ou direitos, inclusive terra nua, de valor total superior a R$ 800 mil (contra R$ 300 mil em 2022);<br \/>\nquem passou para a condi\u00e7\u00e3o de residente no Brasil em qualquer m\u00eas e se encontrava nessa condi\u00e7\u00e3o at\u00e9 31 de dezembro de 2023;<br \/>\nquem optou por declarar os bens, direitos e obriga\u00e7\u00f5es detidos pela entidade controlada, direta ou indireta, no exterior como se fossem detidos diretamente pela pessoa f\u00edsica;<br \/>\nPossui trust no exterior;<br \/>\nDeseja atualizar bens no exterior.<\/p>","protected":false},"excerpt":{"rendered":"<p>Quem n\u00e3o entregar a declara\u00e7\u00e3o a tempo est\u00e1 sujeito ao pagamento de uma penaliza\u00e7\u00e3o m\u00ednima de R$ 165,74, podendo chegar a 20% do imposto devido. Imposto de Renda LUIS LIMA &#8230;<\/p>\n","protected":false},"author":0,"featured_media":0,"parent":0,"menu_order":0,"comment_status":"closed","ping_status":"closed","template":"","meta":{"footnotes":""},"class_list":["post-6595","page","type-page","status-publish","hentry"],"yoast_head":"<!-- This site is optimized with the Yoast SEO plugin v27.1.1 - https:\/\/yoast.com\/product\/yoast-seo-wordpress\/ -->\n<title>Imposto de Renda 2024: cerca de 37 mil contribuintes ainda n\u00e3o entregaram a declara\u00e7\u00e3o no RN; prazo termina nesta sexta (31) - Taveira Jr<\/title>\n<meta name=\"robots\" content=\"index, follow, max-snippet:-1, max-image-preview:large, max-video-preview:-1\" \/>\n<link rel=\"canonical\" href=\"https:\/\/deputadotaveirajr.com.br\/index.php\/imposto-de-renda-2024-cerca-de-37-mil-contribuintes-ainda-nao-entregaram-a-declaracao-no-rn-prazo-termina-nesta-sexta-31\/\" \/>\n<meta property=\"og:locale\" content=\"pt_BR\" \/>\n<meta property=\"og:type\" content=\"article\" \/>\n<meta property=\"og:title\" content=\"Imposto de Renda 2024: cerca de 37 mil contribuintes ainda n\u00e3o entregaram a declara\u00e7\u00e3o no RN; prazo termina nesta sexta (31) - Taveira Jr\" \/>\n<meta property=\"og:description\" content=\"Quem n\u00e3o entregar a declara\u00e7\u00e3o a tempo est\u00e1 sujeito ao pagamento de uma penaliza\u00e7\u00e3o m\u00ednima de R$ 165,74, podendo chegar a 20% do imposto devido. Imposto de Renda LUIS LIMA ...\" \/>\n<meta property=\"og:url\" content=\"https:\/\/deputadotaveirajr.com.br\/index.php\/imposto-de-renda-2024-cerca-de-37-mil-contribuintes-ainda-nao-entregaram-a-declaracao-no-rn-prazo-termina-nesta-sexta-31\/\" \/>\n<meta property=\"og:site_name\" content=\"Taveira Jr\" \/>\n<meta name=\"twitter:card\" content=\"summary_large_image\" \/>\n<meta name=\"twitter:label1\" content=\"Est. tempo de leitura\" \/>\n\t<meta name=\"twitter:data1\" content=\"4 minutos\" \/>\n<script type=\"application\/ld+json\" class=\"yoast-schema-graph\">{\"@context\":\"https:\/\/schema.org\",\"@graph\":[{\"@type\":\"WebPage\",\"@id\":\"https:\/\/deputadotaveirajr.com.br\/index.php\/imposto-de-renda-2024-cerca-de-37-mil-contribuintes-ainda-nao-entregaram-a-declaracao-no-rn-prazo-termina-nesta-sexta-31\/\",\"url\":\"https:\/\/deputadotaveirajr.com.br\/index.php\/imposto-de-renda-2024-cerca-de-37-mil-contribuintes-ainda-nao-entregaram-a-declaracao-no-rn-prazo-termina-nesta-sexta-31\/\",\"name\":\"Imposto de Renda 2024: cerca de 37 mil contribuintes ainda n\u00e3o entregaram a declara\u00e7\u00e3o no RN; prazo termina nesta sexta (31) - Taveira Jr\",\"isPartOf\":{\"@id\":\"https:\/\/deputadotaveirajr.com.br\/#website\"},\"datePublished\":\"2024-05-31T14:02:16+00:00\",\"breadcrumb\":{\"@id\":\"https:\/\/deputadotaveirajr.com.br\/index.php\/imposto-de-renda-2024-cerca-de-37-mil-contribuintes-ainda-nao-entregaram-a-declaracao-no-rn-prazo-termina-nesta-sexta-31\/#breadcrumb\"},\"inLanguage\":\"pt-BR\",\"potentialAction\":[{\"@type\":\"ReadAction\",\"target\":[\"https:\/\/deputadotaveirajr.com.br\/index.php\/imposto-de-renda-2024-cerca-de-37-mil-contribuintes-ainda-nao-entregaram-a-declaracao-no-rn-prazo-termina-nesta-sexta-31\/\"]}]},{\"@type\":\"BreadcrumbList\",\"@id\":\"https:\/\/deputadotaveirajr.com.br\/index.php\/imposto-de-renda-2024-cerca-de-37-mil-contribuintes-ainda-nao-entregaram-a-declaracao-no-rn-prazo-termina-nesta-sexta-31\/#breadcrumb\",\"itemListElement\":[{\"@type\":\"ListItem\",\"position\":1,\"name\":\"In\u00edcio\",\"item\":\"https:\/\/deputadotaveirajr.com.br\/\"},{\"@type\":\"ListItem\",\"position\":2,\"name\":\"Imposto de Renda 2024: cerca de 37 mil contribuintes ainda n\u00e3o entregaram a declara\u00e7\u00e3o no RN; prazo termina nesta sexta (31)\"}]},{\"@type\":\"WebSite\",\"@id\":\"https:\/\/deputadotaveirajr.com.br\/#website\",\"url\":\"https:\/\/deputadotaveirajr.com.br\/\",\"name\":\"Taveira Jr\",\"description\":\"Deputado Estadual\",\"publisher\":{\"@id\":\"https:\/\/deputadotaveirajr.com.br\/#organization\"},\"potentialAction\":[{\"@type\":\"SearchAction\",\"target\":{\"@type\":\"EntryPoint\",\"urlTemplate\":\"https:\/\/deputadotaveirajr.com.br\/?s={search_term_string}\"},\"query-input\":{\"@type\":\"PropertyValueSpecification\",\"valueRequired\":true,\"valueName\":\"search_term_string\"}}],\"inLanguage\":\"pt-BR\"},{\"@type\":\"Organization\",\"@id\":\"https:\/\/deputadotaveirajr.com.br\/#organization\",\"name\":\"Taveira Jr\",\"url\":\"https:\/\/deputadotaveirajr.com.br\/\",\"logo\":{\"@type\":\"ImageObject\",\"inLanguage\":\"pt-BR\",\"@id\":\"https:\/\/deputadotaveirajr.com.br\/#\/schema\/logo\/image\/\",\"url\":\"https:\/\/deputadotaveirajr.com.br\/wp-content\/uploads\/2026\/01\/logolow2a.png\",\"contentUrl\":\"https:\/\/deputadotaveirajr.com.br\/wp-content\/uploads\/2026\/01\/logolow2a.png\",\"width\":290,\"height\":80,\"caption\":\"Taveira Jr\"},\"image\":{\"@id\":\"https:\/\/deputadotaveirajr.com.br\/#\/schema\/logo\/image\/\"}}]}<\/script>\n<!-- \/ Yoast SEO plugin. -->","yoast_head_json":{"title":"Imposto de Renda 2024: cerca de 37 mil contribuintes ainda n\u00e3o entregaram a declara\u00e7\u00e3o no RN; prazo termina nesta sexta (31) - Taveira Jr","robots":{"index":"index","follow":"follow","max-snippet":"max-snippet:-1","max-image-preview":"max-image-preview:large","max-video-preview":"max-video-preview:-1"},"canonical":"https:\/\/deputadotaveirajr.com.br\/index.php\/imposto-de-renda-2024-cerca-de-37-mil-contribuintes-ainda-nao-entregaram-a-declaracao-no-rn-prazo-termina-nesta-sexta-31\/","og_locale":"pt_BR","og_type":"article","og_title":"Imposto de Renda 2024: cerca de 37 mil contribuintes ainda n\u00e3o entregaram a declara\u00e7\u00e3o no RN; prazo termina nesta sexta (31) - Taveira Jr","og_description":"Quem n\u00e3o entregar a declara\u00e7\u00e3o a tempo est\u00e1 sujeito ao pagamento de uma penaliza\u00e7\u00e3o m\u00ednima de R$ 165,74, podendo chegar a 20% do imposto devido. Imposto de Renda LUIS LIMA ...","og_url":"https:\/\/deputadotaveirajr.com.br\/index.php\/imposto-de-renda-2024-cerca-de-37-mil-contribuintes-ainda-nao-entregaram-a-declaracao-no-rn-prazo-termina-nesta-sexta-31\/","og_site_name":"Taveira Jr","twitter_card":"summary_large_image","twitter_misc":{"Est. tempo de leitura":"4 minutos"},"schema":{"@context":"https:\/\/schema.org","@graph":[{"@type":"WebPage","@id":"https:\/\/deputadotaveirajr.com.br\/index.php\/imposto-de-renda-2024-cerca-de-37-mil-contribuintes-ainda-nao-entregaram-a-declaracao-no-rn-prazo-termina-nesta-sexta-31\/","url":"https:\/\/deputadotaveirajr.com.br\/index.php\/imposto-de-renda-2024-cerca-de-37-mil-contribuintes-ainda-nao-entregaram-a-declaracao-no-rn-prazo-termina-nesta-sexta-31\/","name":"Imposto de Renda 2024: cerca de 37 mil contribuintes ainda n\u00e3o entregaram a declara\u00e7\u00e3o no RN; prazo termina nesta sexta (31) - Taveira Jr","isPartOf":{"@id":"https:\/\/deputadotaveirajr.com.br\/#website"},"datePublished":"2024-05-31T14:02:16+00:00","breadcrumb":{"@id":"https:\/\/deputadotaveirajr.com.br\/index.php\/imposto-de-renda-2024-cerca-de-37-mil-contribuintes-ainda-nao-entregaram-a-declaracao-no-rn-prazo-termina-nesta-sexta-31\/#breadcrumb"},"inLanguage":"pt-BR","potentialAction":[{"@type":"ReadAction","target":["https:\/\/deputadotaveirajr.com.br\/index.php\/imposto-de-renda-2024-cerca-de-37-mil-contribuintes-ainda-nao-entregaram-a-declaracao-no-rn-prazo-termina-nesta-sexta-31\/"]}]},{"@type":"BreadcrumbList","@id":"https:\/\/deputadotaveirajr.com.br\/index.php\/imposto-de-renda-2024-cerca-de-37-mil-contribuintes-ainda-nao-entregaram-a-declaracao-no-rn-prazo-termina-nesta-sexta-31\/#breadcrumb","itemListElement":[{"@type":"ListItem","position":1,"name":"In\u00edcio","item":"https:\/\/deputadotaveirajr.com.br\/"},{"@type":"ListItem","position":2,"name":"Imposto de Renda 2024: cerca de 37 mil contribuintes ainda n\u00e3o entregaram a declara\u00e7\u00e3o no RN; prazo termina nesta sexta (31)"}]},{"@type":"WebSite","@id":"https:\/\/deputadotaveirajr.com.br\/#website","url":"https:\/\/deputadotaveirajr.com.br\/","name":"Taveira Jr","description":"Deputado Estadual","publisher":{"@id":"https:\/\/deputadotaveirajr.com.br\/#organization"},"potentialAction":[{"@type":"SearchAction","target":{"@type":"EntryPoint","urlTemplate":"https:\/\/deputadotaveirajr.com.br\/?s={search_term_string}"},"query-input":{"@type":"PropertyValueSpecification","valueRequired":true,"valueName":"search_term_string"}}],"inLanguage":"pt-BR"},{"@type":"Organization","@id":"https:\/\/deputadotaveirajr.com.br\/#organization","name":"Taveira Jr","url":"https:\/\/deputadotaveirajr.com.br\/","logo":{"@type":"ImageObject","inLanguage":"pt-BR","@id":"https:\/\/deputadotaveirajr.com.br\/#\/schema\/logo\/image\/","url":"https:\/\/deputadotaveirajr.com.br\/wp-content\/uploads\/2026\/01\/logolow2a.png","contentUrl":"https:\/\/deputadotaveirajr.com.br\/wp-content\/uploads\/2026\/01\/logolow2a.png","width":290,"height":80,"caption":"Taveira Jr"},"image":{"@id":"https:\/\/deputadotaveirajr.com.br\/#\/schema\/logo\/image\/"}}]}},"_links":{"self":[{"href":"https:\/\/deputadotaveirajr.com.br\/index.php\/wp-json\/wp\/v2\/pages\/6595","targetHints":{"allow":["GET"]}}],"collection":[{"href":"https:\/\/deputadotaveirajr.com.br\/index.php\/wp-json\/wp\/v2\/pages"}],"about":[{"href":"https:\/\/deputadotaveirajr.com.br\/index.php\/wp-json\/wp\/v2\/types\/page"}],"replies":[{"embeddable":true,"href":"https:\/\/deputadotaveirajr.com.br\/index.php\/wp-json\/wp\/v2\/comments?post=6595"}],"version-history":[{"count":1,"href":"https:\/\/deputadotaveirajr.com.br\/index.php\/wp-json\/wp\/v2\/pages\/6595\/revisions"}],"predecessor-version":[{"id":6602,"href":"https:\/\/deputadotaveirajr.com.br\/index.php\/wp-json\/wp\/v2\/pages\/6595\/revisions\/6602"}],"wp:attachment":[{"href":"https:\/\/deputadotaveirajr.com.br\/index.php\/wp-json\/wp\/v2\/media?parent=6595"}],"curies":[{"name":"wp","href":"https:\/\/api.w.org\/{rel}","templated":true}]}}