{"id":6597,"date":"2024-05-31T11:53:59","date_gmt":"2024-05-31T14:53:59","guid":{"rendered":"https:\/\/deputadotaveirajr.com.br\/?page_id=6597"},"modified":"2024-05-31T11:53:59","modified_gmt":"2024-05-31T14:53:59","slug":"pelo-menos-19-baleias-encalham-em-praia-do-litoral-norte-potiguar-video-2","status":"publish","type":"page","link":"https:\/\/deputadotaveirajr.com.br\/index.php\/pelo-menos-19-baleias-encalham-em-praia-do-litoral-norte-potiguar-video-2\/","title":{"rendered":"Pelo menos 19 baleias encalham em praia do Litoral Norte potiguar; V\u00cdDEO"},"content":{"rendered":"<p>     Encalhe foi registrado na manh\u00e3 desta sexta-feira (31) em Pititinga, em Rio do Fogo. Equipe de bi\u00f3logos e m\u00e9dicos-veterin\u00e1rios foi enviada ao local.  Baleias encalham em Pititinga<br \/>\nPelo menos 19 baleias encalharam na praia de Pititinga, no munic\u00edpio de Rio do Fogo, Litoral Norte potiguar, na manh\u00e3 desta sexta-feira (31). A informa\u00e7\u00e3o foi confirmada por Fl\u00e1vio Lima, coordenador do projeto Cet\u00e1ceos da Costa Branca.<br \/>\nA institui\u00e7\u00e3o foi acionada por volta das 6h30 por moradores e pescadores da regi\u00e3o. Uma equipe de cinco bi\u00f3logos e m\u00e9dicos-veterin\u00e1rios foi enviada ao local para realizar a avalia\u00e7\u00e3o inicial da situa\u00e7\u00e3o.<br \/>\nOs animais encalharam na \u00e1rea rasa da praia. A esp\u00e9cie n\u00e3o foi informada at\u00e9 a \u00faltima atualiza\u00e7\u00e3o desta reportagem.<br \/>\n&#8220;\u00c9 um encalhe com n\u00edvel de complexidade alto, pela quantidade de animais e por estarem desorientados. A equipe deve fazer uma avalia\u00e7\u00e3o inicial e na sequ\u00eancia enviaremos equipes de suporte&#8221;, afirmou Fl\u00e1vio Lima.<br \/>\n&#8220;O objetivo \u00e9 tentar devolver esses animais \u00e0 praia. Caso retornem, vamos precisar do atendimento m\u00e9dico-veterin\u00e1rio para estabilizar esse animal e devolv\u00ea-lo \u00e0 natureza&#8221;, completou.<br \/>\nBaleias encalhadas em praia do Rio Grande do Norte, nesta sexta-feira (31)<br \/>\nReprodu\u00e7\u00e3o<br \/>\nAinda de acordo com o coordenador do projeto, ligado \u00e0 Universidade Estadual do Rio Grande do Norte (Uern), a equipe tamb\u00e9m dever\u00e1 contar com o apoio da comunidade local de Pititinga na devolu\u00e7\u00e3o dos animais ao mar.<br \/>\nAinda segundo Fl\u00e1vio, o projeto tamb\u00e9m est\u00e1 em contato com a equipe de fauna do Ibama.<br \/>\nO professor explicou que o encalhe de grupos como esse pode ocorrer devido \u00e0 desorienta\u00e7\u00e3o de um ou mais l\u00edderes, causada por doen\u00e7as, por exemplo.<br \/>\nVeja os v\u00eddeos mais assistidos no g1 RN<\/p>","protected":false},"excerpt":{"rendered":"<p>Encalhe foi registrado na manh\u00e3 desta sexta-feira (31) em Pititinga, em Rio do Fogo. Equipe de bi\u00f3logos e m\u00e9dicos-veterin\u00e1rios foi enviada ao local. Baleias encalham em Pititinga Pelo menos 19 &#8230;<\/p>\n","protected":false},"author":0,"featured_media":6592,"parent":0,"menu_order":0,"comment_status":"closed","ping_status":"closed","template":"","meta":{"footnotes":""},"class_list":["post-6597","page","type-page","status-publish","has-post-thumbnail","hentry"],"yoast_head":"<!-- This site is optimized with the Yoast SEO plugin v27.1.1 - https:\/\/yoast.com\/product\/yoast-seo-wordpress\/ -->\n<title>Pelo menos 19 baleias encalham em praia do Litoral Norte potiguar; V\u00cdDEO - Taveira Jr<\/title>\n<meta name=\"robots\" content=\"index, follow, max-snippet:-1, max-image-preview:large, max-video-preview:-1\" \/>\n<link rel=\"canonical\" href=\"https:\/\/deputadotaveirajr.com.br\/index.php\/pelo-menos-19-baleias-encalham-em-praia-do-litoral-norte-potiguar-video-2\/\" \/>\n<meta property=\"og:locale\" content=\"pt_BR\" \/>\n<meta property=\"og:type\" content=\"article\" \/>\n<meta property=\"og:title\" content=\"Pelo menos 19 baleias encalham em praia do Litoral Norte potiguar; V\u00cdDEO - Taveira Jr\" \/>\n<meta property=\"og:description\" content=\"Encalhe foi registrado na manh\u00e3 desta sexta-feira (31) em Pititinga, em Rio do Fogo. Equipe de bi\u00f3logos e m\u00e9dicos-veterin\u00e1rios foi enviada ao local. Baleias encalham em Pititinga Pelo menos 19 ...\" \/>\n<meta property=\"og:url\" content=\"https:\/\/deputadotaveirajr.com.br\/index.php\/pelo-menos-19-baleias-encalham-em-praia-do-litoral-norte-potiguar-video-2\/\" \/>\n<meta property=\"og:site_name\" content=\"Taveira Jr\" \/>\n<meta property=\"og:image\" content=\"https:\/\/deputadotaveirajr.com.br\/wp-content\/uploads\/2024\/05\/baleias-c0i74s.jpeg\" \/>\n\t<meta property=\"og:image:width\" content=\"1719\" \/>\n\t<meta property=\"og:image:height\" content=\"835\" \/>\n\t<meta property=\"og:image:type\" content=\"image\/jpeg\" \/>\n<meta name=\"twitter:card\" content=\"summary_large_image\" \/>\n<meta name=\"twitter:label1\" content=\"Est. tempo de leitura\" \/>\n\t<meta name=\"twitter:data1\" content=\"1 minuto\" \/>\n<script type=\"application\/ld+json\" class=\"yoast-schema-graph\">{\"@context\":\"https:\/\/schema.org\",\"@graph\":[{\"@type\":\"WebPage\",\"@id\":\"https:\/\/deputadotaveirajr.com.br\/index.php\/pelo-menos-19-baleias-encalham-em-praia-do-litoral-norte-potiguar-video-2\/\",\"url\":\"https:\/\/deputadotaveirajr.com.br\/index.php\/pelo-menos-19-baleias-encalham-em-praia-do-litoral-norte-potiguar-video-2\/\",\"name\":\"Pelo menos 19 baleias encalham em praia do Litoral Norte potiguar; V\u00cdDEO - Taveira Jr\",\"isPartOf\":{\"@id\":\"https:\/\/deputadotaveirajr.com.br\/#website\"},\"primaryImageOfPage\":{\"@id\":\"https:\/\/deputadotaveirajr.com.br\/index.php\/pelo-menos-19-baleias-encalham-em-praia-do-litoral-norte-potiguar-video-2\/#primaryimage\"},\"image\":{\"@id\":\"https:\/\/deputadotaveirajr.com.br\/index.php\/pelo-menos-19-baleias-encalham-em-praia-do-litoral-norte-potiguar-video-2\/#primaryimage\"},\"thumbnailUrl\":\"https:\/\/deputadotaveirajr.com.br\/wp-content\/uploads\/2024\/05\/baleias-c0i74s.jpeg\",\"datePublished\":\"2024-05-31T14:53:59+00:00\",\"breadcrumb\":{\"@id\":\"https:\/\/deputadotaveirajr.com.br\/index.php\/pelo-menos-19-baleias-encalham-em-praia-do-litoral-norte-potiguar-video-2\/#breadcrumb\"},\"inLanguage\":\"pt-BR\",\"potentialAction\":[{\"@type\":\"ReadAction\",\"target\":[\"https:\/\/deputadotaveirajr.com.br\/index.php\/pelo-menos-19-baleias-encalham-em-praia-do-litoral-norte-potiguar-video-2\/\"]}]},{\"@type\":\"ImageObject\",\"inLanguage\":\"pt-BR\",\"@id\":\"https:\/\/deputadotaveirajr.com.br\/index.php\/pelo-menos-19-baleias-encalham-em-praia-do-litoral-norte-potiguar-video-2\/#primaryimage\",\"url\":\"https:\/\/deputadotaveirajr.com.br\/wp-content\/uploads\/2024\/05\/baleias-c0i74s.jpeg\",\"contentUrl\":\"https:\/\/deputadotaveirajr.com.br\/wp-content\/uploads\/2024\/05\/baleias-c0i74s.jpeg\",\"width\":1719,\"height\":835},{\"@type\":\"BreadcrumbList\",\"@id\":\"https:\/\/deputadotaveirajr.com.br\/index.php\/pelo-menos-19-baleias-encalham-em-praia-do-litoral-norte-potiguar-video-2\/#breadcrumb\",\"itemListElement\":[{\"@type\":\"ListItem\",\"position\":1,\"name\":\"In\u00edcio\",\"item\":\"https:\/\/deputadotaveirajr.com.br\/\"},{\"@type\":\"ListItem\",\"position\":2,\"name\":\"Pelo menos 19 baleias encalham em praia do Litoral Norte potiguar; V\u00cdDEO\"}]},{\"@type\":\"WebSite\",\"@id\":\"https:\/\/deputadotaveirajr.com.br\/#website\",\"url\":\"https:\/\/deputadotaveirajr.com.br\/\",\"name\":\"Taveira Jr\",\"description\":\"Deputado Estadual\",\"publisher\":{\"@id\":\"https:\/\/deputadotaveirajr.com.br\/#organization\"},\"potentialAction\":[{\"@type\":\"SearchAction\",\"target\":{\"@type\":\"EntryPoint\",\"urlTemplate\":\"https:\/\/deputadotaveirajr.com.br\/?s={search_term_string}\"},\"query-input\":{\"@type\":\"PropertyValueSpecification\",\"valueRequired\":true,\"valueName\":\"search_term_string\"}}],\"inLanguage\":\"pt-BR\"},{\"@type\":\"Organization\",\"@id\":\"https:\/\/deputadotaveirajr.com.br\/#organization\",\"name\":\"Taveira Jr\",\"url\":\"https:\/\/deputadotaveirajr.com.br\/\",\"logo\":{\"@type\":\"ImageObject\",\"inLanguage\":\"pt-BR\",\"@id\":\"https:\/\/deputadotaveirajr.com.br\/#\/schema\/logo\/image\/\",\"url\":\"https:\/\/deputadotaveirajr.com.br\/wp-content\/uploads\/2026\/01\/logolow2a.png\",\"contentUrl\":\"https:\/\/deputadotaveirajr.com.br\/wp-content\/uploads\/2026\/01\/logolow2a.png\",\"width\":290,\"height\":80,\"caption\":\"Taveira Jr\"},\"image\":{\"@id\":\"https:\/\/deputadotaveirajr.com.br\/#\/schema\/logo\/image\/\"}}]}<\/script>\n<!-- \/ Yoast SEO plugin. -->","yoast_head_json":{"title":"Pelo menos 19 baleias encalham em praia do Litoral Norte potiguar; V\u00cdDEO - Taveira Jr","robots":{"index":"index","follow":"follow","max-snippet":"max-snippet:-1","max-image-preview":"max-image-preview:large","max-video-preview":"max-video-preview:-1"},"canonical":"https:\/\/deputadotaveirajr.com.br\/index.php\/pelo-menos-19-baleias-encalham-em-praia-do-litoral-norte-potiguar-video-2\/","og_locale":"pt_BR","og_type":"article","og_title":"Pelo menos 19 baleias encalham em praia do Litoral Norte potiguar; V\u00cdDEO - Taveira Jr","og_description":"Encalhe foi registrado na manh\u00e3 desta sexta-feira (31) em Pititinga, em Rio do Fogo. Equipe de bi\u00f3logos e m\u00e9dicos-veterin\u00e1rios foi enviada ao local. Baleias encalham em Pititinga Pelo menos 19 ...","og_url":"https:\/\/deputadotaveirajr.com.br\/index.php\/pelo-menos-19-baleias-encalham-em-praia-do-litoral-norte-potiguar-video-2\/","og_site_name":"Taveira Jr","og_image":[{"width":1719,"height":835,"url":"https:\/\/deputadotaveirajr.com.br\/wp-content\/uploads\/2024\/05\/baleias-c0i74s.jpeg","type":"image\/jpeg"}],"twitter_card":"summary_large_image","twitter_misc":{"Est. tempo de leitura":"1 minuto"},"schema":{"@context":"https:\/\/schema.org","@graph":[{"@type":"WebPage","@id":"https:\/\/deputadotaveirajr.com.br\/index.php\/pelo-menos-19-baleias-encalham-em-praia-do-litoral-norte-potiguar-video-2\/","url":"https:\/\/deputadotaveirajr.com.br\/index.php\/pelo-menos-19-baleias-encalham-em-praia-do-litoral-norte-potiguar-video-2\/","name":"Pelo menos 19 baleias encalham em praia do Litoral Norte potiguar; V\u00cdDEO - Taveira Jr","isPartOf":{"@id":"https:\/\/deputadotaveirajr.com.br\/#website"},"primaryImageOfPage":{"@id":"https:\/\/deputadotaveirajr.com.br\/index.php\/pelo-menos-19-baleias-encalham-em-praia-do-litoral-norte-potiguar-video-2\/#primaryimage"},"image":{"@id":"https:\/\/deputadotaveirajr.com.br\/index.php\/pelo-menos-19-baleias-encalham-em-praia-do-litoral-norte-potiguar-video-2\/#primaryimage"},"thumbnailUrl":"https:\/\/deputadotaveirajr.com.br\/wp-content\/uploads\/2024\/05\/baleias-c0i74s.jpeg","datePublished":"2024-05-31T14:53:59+00:00","breadcrumb":{"@id":"https:\/\/deputadotaveirajr.com.br\/index.php\/pelo-menos-19-baleias-encalham-em-praia-do-litoral-norte-potiguar-video-2\/#breadcrumb"},"inLanguage":"pt-BR","potentialAction":[{"@type":"ReadAction","target":["https:\/\/deputadotaveirajr.com.br\/index.php\/pelo-menos-19-baleias-encalham-em-praia-do-litoral-norte-potiguar-video-2\/"]}]},{"@type":"ImageObject","inLanguage":"pt-BR","@id":"https:\/\/deputadotaveirajr.com.br\/index.php\/pelo-menos-19-baleias-encalham-em-praia-do-litoral-norte-potiguar-video-2\/#primaryimage","url":"https:\/\/deputadotaveirajr.com.br\/wp-content\/uploads\/2024\/05\/baleias-c0i74s.jpeg","contentUrl":"https:\/\/deputadotaveirajr.com.br\/wp-content\/uploads\/2024\/05\/baleias-c0i74s.jpeg","width":1719,"height":835},{"@type":"BreadcrumbList","@id":"https:\/\/deputadotaveirajr.com.br\/index.php\/pelo-menos-19-baleias-encalham-em-praia-do-litoral-norte-potiguar-video-2\/#breadcrumb","itemListElement":[{"@type":"ListItem","position":1,"name":"In\u00edcio","item":"https:\/\/deputadotaveirajr.com.br\/"},{"@type":"ListItem","position":2,"name":"Pelo menos 19 baleias encalham em praia do Litoral Norte potiguar; V\u00cdDEO"}]},{"@type":"WebSite","@id":"https:\/\/deputadotaveirajr.com.br\/#website","url":"https:\/\/deputadotaveirajr.com.br\/","name":"Taveira Jr","description":"Deputado Estadual","publisher":{"@id":"https:\/\/deputadotaveirajr.com.br\/#organization"},"potentialAction":[{"@type":"SearchAction","target":{"@type":"EntryPoint","urlTemplate":"https:\/\/deputadotaveirajr.com.br\/?s={search_term_string}"},"query-input":{"@type":"PropertyValueSpecification","valueRequired":true,"valueName":"search_term_string"}}],"inLanguage":"pt-BR"},{"@type":"Organization","@id":"https:\/\/deputadotaveirajr.com.br\/#organization","name":"Taveira Jr","url":"https:\/\/deputadotaveirajr.com.br\/","logo":{"@type":"ImageObject","inLanguage":"pt-BR","@id":"https:\/\/deputadotaveirajr.com.br\/#\/schema\/logo\/image\/","url":"https:\/\/deputadotaveirajr.com.br\/wp-content\/uploads\/2026\/01\/logolow2a.png","contentUrl":"https:\/\/deputadotaveirajr.com.br\/wp-content\/uploads\/2026\/01\/logolow2a.png","width":290,"height":80,"caption":"Taveira Jr"},"image":{"@id":"https:\/\/deputadotaveirajr.com.br\/#\/schema\/logo\/image\/"}}]}},"_links":{"self":[{"href":"https:\/\/deputadotaveirajr.com.br\/index.php\/wp-json\/wp\/v2\/pages\/6597","targetHints":{"allow":["GET"]}}],"collection":[{"href":"https:\/\/deputadotaveirajr.com.br\/index.php\/wp-json\/wp\/v2\/pages"}],"about":[{"href":"https:\/\/deputadotaveirajr.com.br\/index.php\/wp-json\/wp\/v2\/types\/page"}],"replies":[{"embeddable":true,"href":"https:\/\/deputadotaveirajr.com.br\/index.php\/wp-json\/wp\/v2\/comments?post=6597"}],"version-history":[{"count":1,"href":"https:\/\/deputadotaveirajr.com.br\/index.php\/wp-json\/wp\/v2\/pages\/6597\/revisions"}],"predecessor-version":[{"id":6607,"href":"https:\/\/deputadotaveirajr.com.br\/index.php\/wp-json\/wp\/v2\/pages\/6597\/revisions\/6607"}],"wp:featuredmedia":[{"embeddable":true,"href":"https:\/\/deputadotaveirajr.com.br\/index.php\/wp-json\/wp\/v2\/media\/6592"}],"wp:attachment":[{"href":"https:\/\/deputadotaveirajr.com.br\/index.php\/wp-json\/wp\/v2\/media?parent=6597"}],"curies":[{"name":"wp","href":"https:\/\/api.w.org\/{rel}","templated":true}]}}