{"id":6625,"date":"2024-06-01T15:12:39","date_gmt":"2024-06-01T18:12:39","guid":{"rendered":"https:\/\/deputadotaveirajr.com.br\/?page_id=6625"},"modified":"2024-06-01T15:12:39","modified_gmt":"2024-06-01T18:12:39","slug":"em-video-vereador-de-cidade-do-rn-diz-que-emprega-pessoas-por-apoio-de-familias-e-que-ganha-r-10-mil-mensais-com-roubo-com-tudo","status":"publish","type":"page","link":"https:\/\/deputadotaveirajr.com.br\/index.php\/em-video-vereador-de-cidade-do-rn-diz-que-emprega-pessoas-por-apoio-de-familias-e-que-ganha-r-10-mil-mensais-com-roubo-com-tudo\/","title":{"rendered":"Em v\u00eddeo, vereador de cidade do RN diz que emprega pessoas por apoio de fam\u00edlias e que ganha R$ 10 mil mensais &#8216;com roubo, com tudo&#8217;"},"content":{"rendered":"<p>     Declara\u00e7\u00f5es do presidente da C\u00e2mara de Itaj\u00e1, Jos\u00e9 Valderi de Melo (PP) causaram pol\u00eamica ap\u00f3s serem divulgadas nas redes sociais.  Pol\u00edtica: declara\u00e7\u00f5es de vereador de Itaj\u00e1 causam pol\u00eamica<br \/>\nVereador e presidente da C\u00e2mara Municipal de Itaj\u00e1, Jos\u00e9 Valderi de Melo (PP) se envolveu em uma pol\u00eamica, ap\u00f3s declara\u00e7\u00f5es gravadas em v\u00eddeo ganharem as redes sociais.<br \/>\nNas imagens, o parlamentar afirma que emprega pessoas em troca de apoio das fam\u00edlias e que ganha um sal\u00e1rio mensal de R$ 10 mil &#8220;com roubo, com tudo&#8221;.<br \/>\nAs declara\u00e7\u00f5es foram feitas, aparentemente em um bar, onde o parlamentar \u00e9 visto consumindo bebida alco\u00f3lica com outras pessoas.<br \/>\n&#8220;Eu botei 15 empregados (na C\u00e2mara). J\u00e1 tinha 10, ai eu botei mais 15. Eu tenho apoio para vereador, tenho tudo, da fam\u00edlia todinha&#8221;, diz em um trecho do v\u00eddeo.<br \/>\n&#8220;Eu hoje tenho um sal\u00e1rio de 10 mil conto (R$ 10 mil), com roubo, com tudo&#8221;, afirma ao interlocutor, que pergunta sobre o uso das verbas do Legislativo municipal.<br \/>\nPresidente da C\u00e2mara de Itaj\u00e1 disse que ganha R$ 10 mil por m\u00eas &#8216;com roubo, com tudo&#8217;.<br \/>\nReprodu\u00e7\u00e3o<br \/>\nEm nota, o presidente da C\u00e2mara municipal de Itaj\u00e1 afirmou que o v\u00eddeo &#8220;foi retirado completamente de seu contexto original&#8221;.<br \/>\n&#8220;O referido v\u00eddeo foi gravado em um ambiente de lazer, onde prevalecia um clima de descontra\u00e7\u00e3o. As declara\u00e7\u00f5es feitas no v\u00eddeo foram proferidas em tom de ironia e deboche, n\u00e3o representando de forma alguma a verdade, nossas opini\u00f5es ou posturas oficiais&#8221;, informou o parlamentar.<br \/>\nAinda de acordo com a nota, antes das perguntas exibidas no v\u00eddeo, o interlocutor fazia v\u00e1rias bravatas, contribuindo para o tom jocoso da conversa. Ainda de acordo com o veereador, o di\u00e1logo realizado ap\u00f3s o trecho do v\u00eddeo exibido deixaria claro todo o contexto.<br \/>\n&#8220;Infelizmente o v\u00eddeo divulgado n\u00e3o inclui essas partes cruciais, que tornariam claro o car\u00e1ter brincalh\u00e3o da intera\u00e7\u00e3o&#8221;, diz a nota.<br \/>\nVeja os v\u00eddeos mais assistidos no g1 RN<\/p>","protected":false},"excerpt":{"rendered":"<p>Declara\u00e7\u00f5es do presidente da C\u00e2mara de Itaj\u00e1, Jos\u00e9 Valderi de Melo (PP) causaram pol\u00eamica ap\u00f3s serem divulgadas nas redes sociais. Pol\u00edtica: declara\u00e7\u00f5es de vereador de Itaj\u00e1 causam pol\u00eamica Vereador e &#8230;<\/p>\n","protected":false},"author":0,"featured_media":6626,"parent":0,"menu_order":0,"comment_status":"closed","ping_status":"closed","template":"","meta":{"footnotes":""},"class_list":["post-6625","page","type-page","status-publish","has-post-thumbnail","hentry"],"yoast_head":"<!-- This site is optimized with the Yoast SEO plugin v27.1.1 - https:\/\/yoast.com\/product\/yoast-seo-wordpress\/ -->\n<title>Em v\u00eddeo, vereador de cidade do RN diz que emprega pessoas por apoio de fam\u00edlias e que ganha R$ 10 mil mensais &#039;com roubo, com tudo&#039; - Taveira Jr<\/title>\n<meta name=\"robots\" content=\"index, follow, max-snippet:-1, max-image-preview:large, max-video-preview:-1\" \/>\n<link rel=\"canonical\" href=\"https:\/\/deputadotaveirajr.com.br\/index.php\/em-video-vereador-de-cidade-do-rn-diz-que-emprega-pessoas-por-apoio-de-familias-e-que-ganha-r-10-mil-mensais-com-roubo-com-tudo\/\" \/>\n<meta property=\"og:locale\" content=\"pt_BR\" \/>\n<meta property=\"og:type\" content=\"article\" \/>\n<meta property=\"og:title\" content=\"Em v\u00eddeo, vereador de cidade do RN diz que emprega pessoas por apoio de fam\u00edlias e que ganha R$ 10 mil mensais &#039;com roubo, com tudo&#039; - Taveira Jr\" \/>\n<meta property=\"og:description\" content=\"Declara\u00e7\u00f5es do presidente da C\u00e2mara de Itaj\u00e1, Jos\u00e9 Valderi de Melo (PP) causaram pol\u00eamica ap\u00f3s serem divulgadas nas redes sociais. Pol\u00edtica: declara\u00e7\u00f5es de vereador de Itaj\u00e1 causam pol\u00eamica Vereador e ...\" \/>\n<meta property=\"og:url\" content=\"https:\/\/deputadotaveirajr.com.br\/index.php\/em-video-vereador-de-cidade-do-rn-diz-que-emprega-pessoas-por-apoio-de-familias-e-que-ganha-r-10-mil-mensais-com-roubo-com-tudo\/\" \/>\n<meta property=\"og:site_name\" content=\"Taveira Jr\" \/>\n<meta property=\"og:image\" content=\"https:\/\/deputadotaveirajr.com.br\/wp-content\/uploads\/2024\/06\/vereador-9aRFr4.jpeg\" \/>\n\t<meta property=\"og:image:width\" content=\"1220\" \/>\n\t<meta property=\"og:image:height\" content=\"859\" \/>\n\t<meta property=\"og:image:type\" content=\"image\/jpeg\" \/>\n<meta name=\"twitter:card\" content=\"summary_large_image\" \/>\n<meta name=\"twitter:label1\" content=\"Est. tempo de leitura\" \/>\n\t<meta name=\"twitter:data1\" content=\"2 minutos\" \/>\n<script type=\"application\/ld+json\" class=\"yoast-schema-graph\">{\"@context\":\"https:\/\/schema.org\",\"@graph\":[{\"@type\":\"WebPage\",\"@id\":\"https:\/\/deputadotaveirajr.com.br\/index.php\/em-video-vereador-de-cidade-do-rn-diz-que-emprega-pessoas-por-apoio-de-familias-e-que-ganha-r-10-mil-mensais-com-roubo-com-tudo\/\",\"url\":\"https:\/\/deputadotaveirajr.com.br\/index.php\/em-video-vereador-de-cidade-do-rn-diz-que-emprega-pessoas-por-apoio-de-familias-e-que-ganha-r-10-mil-mensais-com-roubo-com-tudo\/\",\"name\":\"Em v\u00eddeo, vereador de cidade do RN diz que emprega pessoas por apoio de fam\u00edlias e que ganha R$ 10 mil mensais 'com roubo, com tudo' - Taveira Jr\",\"isPartOf\":{\"@id\":\"https:\/\/deputadotaveirajr.com.br\/#website\"},\"primaryImageOfPage\":{\"@id\":\"https:\/\/deputadotaveirajr.com.br\/index.php\/em-video-vereador-de-cidade-do-rn-diz-que-emprega-pessoas-por-apoio-de-familias-e-que-ganha-r-10-mil-mensais-com-roubo-com-tudo\/#primaryimage\"},\"image\":{\"@id\":\"https:\/\/deputadotaveirajr.com.br\/index.php\/em-video-vereador-de-cidade-do-rn-diz-que-emprega-pessoas-por-apoio-de-familias-e-que-ganha-r-10-mil-mensais-com-roubo-com-tudo\/#primaryimage\"},\"thumbnailUrl\":\"https:\/\/deputadotaveirajr.com.br\/wp-content\/uploads\/2024\/06\/vereador-9aRFr4.jpeg\",\"datePublished\":\"2024-06-01T18:12:39+00:00\",\"breadcrumb\":{\"@id\":\"https:\/\/deputadotaveirajr.com.br\/index.php\/em-video-vereador-de-cidade-do-rn-diz-que-emprega-pessoas-por-apoio-de-familias-e-que-ganha-r-10-mil-mensais-com-roubo-com-tudo\/#breadcrumb\"},\"inLanguage\":\"pt-BR\",\"potentialAction\":[{\"@type\":\"ReadAction\",\"target\":[\"https:\/\/deputadotaveirajr.com.br\/index.php\/em-video-vereador-de-cidade-do-rn-diz-que-emprega-pessoas-por-apoio-de-familias-e-que-ganha-r-10-mil-mensais-com-roubo-com-tudo\/\"]}]},{\"@type\":\"ImageObject\",\"inLanguage\":\"pt-BR\",\"@id\":\"https:\/\/deputadotaveirajr.com.br\/index.php\/em-video-vereador-de-cidade-do-rn-diz-que-emprega-pessoas-por-apoio-de-familias-e-que-ganha-r-10-mil-mensais-com-roubo-com-tudo\/#primaryimage\",\"url\":\"https:\/\/deputadotaveirajr.com.br\/wp-content\/uploads\/2024\/06\/vereador-9aRFr4.jpeg\",\"contentUrl\":\"https:\/\/deputadotaveirajr.com.br\/wp-content\/uploads\/2024\/06\/vereador-9aRFr4.jpeg\",\"width\":1220,\"height\":859},{\"@type\":\"BreadcrumbList\",\"@id\":\"https:\/\/deputadotaveirajr.com.br\/index.php\/em-video-vereador-de-cidade-do-rn-diz-que-emprega-pessoas-por-apoio-de-familias-e-que-ganha-r-10-mil-mensais-com-roubo-com-tudo\/#breadcrumb\",\"itemListElement\":[{\"@type\":\"ListItem\",\"position\":1,\"name\":\"In\u00edcio\",\"item\":\"https:\/\/deputadotaveirajr.com.br\/\"},{\"@type\":\"ListItem\",\"position\":2,\"name\":\"Em v\u00eddeo, vereador de cidade do RN diz que emprega pessoas por apoio de fam\u00edlias e que ganha R$ 10 mil mensais &#8216;com roubo, com tudo&#8217;\"}]},{\"@type\":\"WebSite\",\"@id\":\"https:\/\/deputadotaveirajr.com.br\/#website\",\"url\":\"https:\/\/deputadotaveirajr.com.br\/\",\"name\":\"Taveira Jr\",\"description\":\"Deputado Estadual\",\"publisher\":{\"@id\":\"https:\/\/deputadotaveirajr.com.br\/#organization\"},\"potentialAction\":[{\"@type\":\"SearchAction\",\"target\":{\"@type\":\"EntryPoint\",\"urlTemplate\":\"https:\/\/deputadotaveirajr.com.br\/?s={search_term_string}\"},\"query-input\":{\"@type\":\"PropertyValueSpecification\",\"valueRequired\":true,\"valueName\":\"search_term_string\"}}],\"inLanguage\":\"pt-BR\"},{\"@type\":\"Organization\",\"@id\":\"https:\/\/deputadotaveirajr.com.br\/#organization\",\"name\":\"Taveira Jr\",\"url\":\"https:\/\/deputadotaveirajr.com.br\/\",\"logo\":{\"@type\":\"ImageObject\",\"inLanguage\":\"pt-BR\",\"@id\":\"https:\/\/deputadotaveirajr.com.br\/#\/schema\/logo\/image\/\",\"url\":\"https:\/\/deputadotaveirajr.com.br\/wp-content\/uploads\/2026\/01\/logolow2a.png\",\"contentUrl\":\"https:\/\/deputadotaveirajr.com.br\/wp-content\/uploads\/2026\/01\/logolow2a.png\",\"width\":290,\"height\":80,\"caption\":\"Taveira Jr\"},\"image\":{\"@id\":\"https:\/\/deputadotaveirajr.com.br\/#\/schema\/logo\/image\/\"}}]}<\/script>\n<!-- \/ Yoast SEO plugin. -->","yoast_head_json":{"title":"Em v\u00eddeo, vereador de cidade do RN diz que emprega pessoas por apoio de fam\u00edlias e que ganha R$ 10 mil mensais 'com roubo, com tudo' - Taveira Jr","robots":{"index":"index","follow":"follow","max-snippet":"max-snippet:-1","max-image-preview":"max-image-preview:large","max-video-preview":"max-video-preview:-1"},"canonical":"https:\/\/deputadotaveirajr.com.br\/index.php\/em-video-vereador-de-cidade-do-rn-diz-que-emprega-pessoas-por-apoio-de-familias-e-que-ganha-r-10-mil-mensais-com-roubo-com-tudo\/","og_locale":"pt_BR","og_type":"article","og_title":"Em v\u00eddeo, vereador de cidade do RN diz que emprega pessoas por apoio de fam\u00edlias e que ganha R$ 10 mil mensais 'com roubo, com tudo' - Taveira Jr","og_description":"Declara\u00e7\u00f5es do presidente da C\u00e2mara de Itaj\u00e1, Jos\u00e9 Valderi de Melo (PP) causaram pol\u00eamica ap\u00f3s serem divulgadas nas redes sociais. Pol\u00edtica: declara\u00e7\u00f5es de vereador de Itaj\u00e1 causam pol\u00eamica Vereador e ...","og_url":"https:\/\/deputadotaveirajr.com.br\/index.php\/em-video-vereador-de-cidade-do-rn-diz-que-emprega-pessoas-por-apoio-de-familias-e-que-ganha-r-10-mil-mensais-com-roubo-com-tudo\/","og_site_name":"Taveira Jr","og_image":[{"width":1220,"height":859,"url":"https:\/\/deputadotaveirajr.com.br\/wp-content\/uploads\/2024\/06\/vereador-9aRFr4.jpeg","type":"image\/jpeg"}],"twitter_card":"summary_large_image","twitter_misc":{"Est. tempo de leitura":"2 minutos"},"schema":{"@context":"https:\/\/schema.org","@graph":[{"@type":"WebPage","@id":"https:\/\/deputadotaveirajr.com.br\/index.php\/em-video-vereador-de-cidade-do-rn-diz-que-emprega-pessoas-por-apoio-de-familias-e-que-ganha-r-10-mil-mensais-com-roubo-com-tudo\/","url":"https:\/\/deputadotaveirajr.com.br\/index.php\/em-video-vereador-de-cidade-do-rn-diz-que-emprega-pessoas-por-apoio-de-familias-e-que-ganha-r-10-mil-mensais-com-roubo-com-tudo\/","name":"Em v\u00eddeo, vereador de cidade do RN diz que emprega pessoas por apoio de fam\u00edlias e que ganha R$ 10 mil mensais 'com roubo, com tudo' - Taveira Jr","isPartOf":{"@id":"https:\/\/deputadotaveirajr.com.br\/#website"},"primaryImageOfPage":{"@id":"https:\/\/deputadotaveirajr.com.br\/index.php\/em-video-vereador-de-cidade-do-rn-diz-que-emprega-pessoas-por-apoio-de-familias-e-que-ganha-r-10-mil-mensais-com-roubo-com-tudo\/#primaryimage"},"image":{"@id":"https:\/\/deputadotaveirajr.com.br\/index.php\/em-video-vereador-de-cidade-do-rn-diz-que-emprega-pessoas-por-apoio-de-familias-e-que-ganha-r-10-mil-mensais-com-roubo-com-tudo\/#primaryimage"},"thumbnailUrl":"https:\/\/deputadotaveirajr.com.br\/wp-content\/uploads\/2024\/06\/vereador-9aRFr4.jpeg","datePublished":"2024-06-01T18:12:39+00:00","breadcrumb":{"@id":"https:\/\/deputadotaveirajr.com.br\/index.php\/em-video-vereador-de-cidade-do-rn-diz-que-emprega-pessoas-por-apoio-de-familias-e-que-ganha-r-10-mil-mensais-com-roubo-com-tudo\/#breadcrumb"},"inLanguage":"pt-BR","potentialAction":[{"@type":"ReadAction","target":["https:\/\/deputadotaveirajr.com.br\/index.php\/em-video-vereador-de-cidade-do-rn-diz-que-emprega-pessoas-por-apoio-de-familias-e-que-ganha-r-10-mil-mensais-com-roubo-com-tudo\/"]}]},{"@type":"ImageObject","inLanguage":"pt-BR","@id":"https:\/\/deputadotaveirajr.com.br\/index.php\/em-video-vereador-de-cidade-do-rn-diz-que-emprega-pessoas-por-apoio-de-familias-e-que-ganha-r-10-mil-mensais-com-roubo-com-tudo\/#primaryimage","url":"https:\/\/deputadotaveirajr.com.br\/wp-content\/uploads\/2024\/06\/vereador-9aRFr4.jpeg","contentUrl":"https:\/\/deputadotaveirajr.com.br\/wp-content\/uploads\/2024\/06\/vereador-9aRFr4.jpeg","width":1220,"height":859},{"@type":"BreadcrumbList","@id":"https:\/\/deputadotaveirajr.com.br\/index.php\/em-video-vereador-de-cidade-do-rn-diz-que-emprega-pessoas-por-apoio-de-familias-e-que-ganha-r-10-mil-mensais-com-roubo-com-tudo\/#breadcrumb","itemListElement":[{"@type":"ListItem","position":1,"name":"In\u00edcio","item":"https:\/\/deputadotaveirajr.com.br\/"},{"@type":"ListItem","position":2,"name":"Em v\u00eddeo, vereador de cidade do RN diz que emprega pessoas por apoio de fam\u00edlias e que ganha R$ 10 mil mensais &#8216;com roubo, com tudo&#8217;"}]},{"@type":"WebSite","@id":"https:\/\/deputadotaveirajr.com.br\/#website","url":"https:\/\/deputadotaveirajr.com.br\/","name":"Taveira Jr","description":"Deputado Estadual","publisher":{"@id":"https:\/\/deputadotaveirajr.com.br\/#organization"},"potentialAction":[{"@type":"SearchAction","target":{"@type":"EntryPoint","urlTemplate":"https:\/\/deputadotaveirajr.com.br\/?s={search_term_string}"},"query-input":{"@type":"PropertyValueSpecification","valueRequired":true,"valueName":"search_term_string"}}],"inLanguage":"pt-BR"},{"@type":"Organization","@id":"https:\/\/deputadotaveirajr.com.br\/#organization","name":"Taveira Jr","url":"https:\/\/deputadotaveirajr.com.br\/","logo":{"@type":"ImageObject","inLanguage":"pt-BR","@id":"https:\/\/deputadotaveirajr.com.br\/#\/schema\/logo\/image\/","url":"https:\/\/deputadotaveirajr.com.br\/wp-content\/uploads\/2026\/01\/logolow2a.png","contentUrl":"https:\/\/deputadotaveirajr.com.br\/wp-content\/uploads\/2026\/01\/logolow2a.png","width":290,"height":80,"caption":"Taveira Jr"},"image":{"@id":"https:\/\/deputadotaveirajr.com.br\/#\/schema\/logo\/image\/"}}]}},"_links":{"self":[{"href":"https:\/\/deputadotaveirajr.com.br\/index.php\/wp-json\/wp\/v2\/pages\/6625","targetHints":{"allow":["GET"]}}],"collection":[{"href":"https:\/\/deputadotaveirajr.com.br\/index.php\/wp-json\/wp\/v2\/pages"}],"about":[{"href":"https:\/\/deputadotaveirajr.com.br\/index.php\/wp-json\/wp\/v2\/types\/page"}],"replies":[{"embeddable":true,"href":"https:\/\/deputadotaveirajr.com.br\/index.php\/wp-json\/wp\/v2\/comments?post=6625"}],"version-history":[{"count":1,"href":"https:\/\/deputadotaveirajr.com.br\/index.php\/wp-json\/wp\/v2\/pages\/6625\/revisions"}],"predecessor-version":[{"id":6630,"href":"https:\/\/deputadotaveirajr.com.br\/index.php\/wp-json\/wp\/v2\/pages\/6625\/revisions\/6630"}],"wp:featuredmedia":[{"embeddable":true,"href":"https:\/\/deputadotaveirajr.com.br\/index.php\/wp-json\/wp\/v2\/media\/6626"}],"wp:attachment":[{"href":"https:\/\/deputadotaveirajr.com.br\/index.php\/wp-json\/wp\/v2\/media?parent=6625"}],"curies":[{"name":"wp","href":"https:\/\/api.w.org\/{rel}","templated":true}]}}