{"id":6667,"date":"2024-06-04T08:03:38","date_gmt":"2024-06-04T11:03:38","guid":{"rendered":"https:\/\/deputadotaveirajr.com.br\/?page_id=6667"},"modified":"2024-06-04T08:03:38","modified_gmt":"2024-06-04T11:03:38","slug":"entenda-operacao-de-desencalhe-que-levou-baleias-piloto-para-6-km-distante-da-costa-do-rn","status":"publish","type":"page","link":"https:\/\/deputadotaveirajr.com.br\/index.php\/entenda-operacao-de-desencalhe-que-levou-baleias-piloto-para-6-km-distante-da-costa-do-rn\/","title":{"rendered":"Entenda opera\u00e7\u00e3o de desencalhe que levou baleias-piloto para 6 km distante da costa do RN"},"content":{"rendered":"<p>     Animais haviam encalhado na sexta-feira (31) na praia de Pititinga e foram levados com o aux\u00edlio de um rede de pesca e 25 profissionais para o mar aberto. Baleias estavam desorientadas, segundo especialistas. Baleias-piloto na praia de Pititinga, em Rio do Fogo, RN, nesta segunda-feira (3)<br \/>\nRicardo Morais\/Uern<br \/>\nAs 16 baleias-piloto que estavam encalhadas na praia de Pititinga, no litoral do Rio Grande do Norte, foram levadas para cerca de 6 quil\u00f4metros de dist\u00e2ncia da costa em uma opera\u00e7\u00e3o de desencalhe realizada nesta segunda-feira (3).<br \/>\nA opera\u00e7\u00e3o durou cerca de 7 horas e contou com grupos ambientais &#8211; com cerca de 25 profissionais entre bi\u00f3logos, m\u00e9dicos veterin\u00e1rios e volunt\u00e1rios -, Corpo de Bombeiros e pescadores locais, que cederam parte das embarca\u00e7\u00f5es usadas.<br \/>\n\ud83d\udcf3Participe do canal do g1 RN no WhatsApp<br \/>\nAs baleias-pilotos estavam encalhadas desde sexta-feira (31) e, segundo os veterin\u00e1rios que as monitoravam, demonstravam sinais de fraqueza e desorienta\u00e7\u00e3o.<br \/>\nAt\u00e9 a atualiza\u00e7\u00e3o mais recente desta reportagem, nenhuma baleia-piloto havia encalhado novamente na costa ap\u00f3s a volta ao mar aberto. Essa possibilidade, no entanto, existe, segundo explicaram os especialistas.<br \/>\nDesde que encalharam, as baleias n\u00e3o conseguiram voltar ao mar aberto sozinhas. Veterin\u00e1rios diagnosticaram em alguns dos animais uma alta infec\u00e7\u00e3o parasit\u00e1ria no sistema auditivo, o que atrapalha o senso de localiza\u00e7\u00e3o deles (veja detalhes mais abaixo).<br \/>\nNum primeiro momento, as baleias-piloto que chegaram a encalhar na areia foram colocadas pelos pr\u00f3prios moradores e pescadores da regi\u00e3o novamente no mar.<br \/>\nAo todo, eram  21 baleias-piloto que haviam encalhado no mar raso, mas cinco delas morreram &#8211; quatro em Pititinga e uma em Zumbi, praia ao lado, que tamb\u00e9m fica no munic\u00edpio de Rio do Fogo, no litoral Norte potiguar.<br \/>\nEmbora tenham o nome de baleias-piloto, os animais na verdade s\u00e3o uma esp\u00e9cie de golfinho de grande porte, assim como as orcas, normalmente chamadas de baleias.<br \/>\nBaleias-piloto encalhadas no RN: foi montada uma grande opera\u00e7\u00e3o para tentar liberar os animais<br \/>\nCerco de embarca\u00e7\u00f5es e rede de pesca como guia<br \/>\nSegundo os coordenadores do projeto Cet\u00e1ceos da Costa Branca, da Universidade Estadual do Rio Grande do Norte (Uern), e do Centro de Estudos e Monitoramento Ambiental (Cemam), que acompanham as baleias desde que elas encalharam, a opera\u00e7\u00e3o de desencalhe foi considerada um sucesso.<br \/>\nAs equipes conseguiram levar os animais com uma rede de pesca de mais de 20 metros e um cerco feito por embarca\u00e7\u00f5es. Foram utilizadas duas embarca\u00e7\u00f5es pesqueiras de m\u00e9dio porte e duas motos aqu\u00e1ticas do Corpo de Bombeiros, al\u00e9m de uma jangada.<br \/>\n&#8220;A opera\u00e7\u00e3o foi amplamente planejada e com os recursos necess\u00e1rios para n\u00f3s levarmos os animais vivos que restavam aqui na praia&#8221;, explicou o coordenador do projeto Cet\u00e1ceos, Fl\u00e1vio Lima.<br \/>\nPopula\u00e7\u00e3o reoclocou algumas das baleias que encalharam novamente para dentro do mar<br \/>\nRicardo Morais\/Uern<br \/>\nAs baleias foram levadas at\u00e9 certo ponto atrav\u00e9s da rede e depois acompanhadas at\u00e9 o mar aberto, segundo explicou o coordenador do projeto Cet\u00e1ceos.<br \/>\nSegundo o presidente do Cemam, o bi\u00f3logo Daniel Sol\u00f3n, uma equipe tamb\u00e9m monitorou durante toda a tarde de segunda-feira se alguma baleia havia encalhado novamente nas prais de Rio do Fogo, onde elas estavam, o que n\u00e3o ocorreu.<br \/>\nSegundo Daniel, o processo de desencalhe representou uma primeira etapa de toda a opera\u00e7\u00e3o. &#8220;Nos pr\u00f3ximos dias ser\u00e3o realizados monitoramentos sucessivos&#8221;, explicou.<br \/>\nO bi\u00f3logo disse que h\u00e1 ainda a possibilidade dos animais encalharem em algum outro ponto da costa.<br \/>\n&#8220;Agora a gente passa por uma nova etapa, na qual a comunica\u00e7\u00e3o \u00e9 importante. Porque, por mais que tenhamos tido sucesso na primeira etapa, algum animal pode vir a encalhar, e n\u00e3o necessariamente no mesmo local&#8221;, explicou.<br \/>\nPor isso, caso algu\u00e9m veja algum animal encalhado, deve entrar em contato da forma mais r\u00e1pida poss\u00edvel com o Cemam.<br \/>\nEsse foi a segunda tentativa de levar o animais at\u00e9 o mar aberto. A primeira aconteceu no domingo (2), quando a tentativa foi de afastar os animais com o barulho e aproxima\u00e7\u00e3o das embarca\u00e7\u00f5es, por\u00e9m eles n\u00e3o reagiram \u00e0 presen\u00e7a dos barcos.<br \/>\nBaleias apresentavam sinais de desorienta\u00e7\u00e3o<br \/>\nSegundo o bi\u00f3logo Vin\u00edcius Santana, do projeto Cet\u00e1ceos e do Cemam, as cinco baleiss mortas encontradas apresentavam &#8220;alta presen\u00e7a&#8221; de parasitas dentro do aparato auditivo, o que pode ter causado desorienta\u00e7\u00e3o.<br \/>\n&#8220;Como s\u00e3o animais que dependem da orienta\u00e7\u00e3o por meio do som, a presen\u00e7a desses parasitas nesses \u00f3rg\u00e3os do aparato auditivo causa desorienta\u00e7\u00e3o. Eles apresentam um comportamento alterado e lateralizado&#8221;, explicou.<br \/>\nAinda de acordo com o especialista, os animais vivem em grupos &#8220;coesos&#8221;, que seguem fielmente seus l\u00edderes. Na esp\u00e9cie, as fam\u00edlias s\u00e3o lideradas normalmente pelas f\u00eameas.<br \/>\nBaleias-piloto mortas em praia do Litoral Norte potiguar<br \/>\nPCCB\/Uern<br \/>\n&#8220;Esse animal acometido vem at\u00e9 a regi\u00e3o mais costeira e acaba que todo o grupo segue ele tamb\u00e9m. Enquanto houver l\u00edderes acometidos, enfermos, no meio desse grupo, dificilmente esse grupo ele ir\u00e1 retornar pro alto mar&#8221;, disse o bi\u00f3logo.<br \/>\nAinda de acordo com Vin\u00edcius, os animais apresentaram fraqueza, com sinais de magreza, porque provavelmente ficaram muito tempo sem alimenta\u00e7\u00e3o. A dieta das baleias-piloto engloba peixes e outros organismos presentes em alto-mar, diferente dos encontrados no litoral.<br \/>\nAinda que as institui\u00e7\u00f5es ambientais conseguissem a alimenta\u00e7\u00e3o para os animais, eles n\u00e3o teriam condi\u00e7\u00e3o de se alimentarem, explicou o bi\u00f3logo, por conta da condi\u00e7\u00e3o de estresse e do estado cl\u00ednico.<br \/>\n&#8220;No caso de alimenta\u00e7\u00e3o oral for\u00e7ada, provavelmente eles regurgitariam a comida. A possibilidade m\u00e9dica-veterin\u00e1ria e biol\u00f3gica \u00e9, em caso de encalhe na areia, dar polivitam\u00ednicos e glicose&#8221;, explicou.<br \/>\nV\u00eddeos mais assistidos do g1 RN<\/p>","protected":false},"excerpt":{"rendered":"<p>Animais haviam encalhado na sexta-feira (31) na praia de Pititinga e foram levados com o aux\u00edlio de um rede de pesca e 25 profissionais para o mar aberto. Baleias estavam &#8230;<\/p>\n","protected":false},"author":0,"featured_media":6668,"parent":0,"menu_order":0,"comment_status":"closed","ping_status":"closed","template":"","meta":{"footnotes":""},"class_list":["post-6667","page","type-page","status-publish","has-post-thumbnail","hentry"],"yoast_head":"<!-- This site is optimized with the Yoast SEO plugin v27.1.1 - https:\/\/yoast.com\/product\/yoast-seo-wordpress\/ -->\n<title>Entenda opera\u00e7\u00e3o de desencalhe que levou baleias-piloto para 6 km distante da costa do RN - Taveira Jr<\/title>\n<meta name=\"robots\" content=\"index, follow, max-snippet:-1, max-image-preview:large, max-video-preview:-1\" \/>\n<link rel=\"canonical\" href=\"https:\/\/deputadotaveirajr.com.br\/index.php\/entenda-operacao-de-desencalhe-que-levou-baleias-piloto-para-6-km-distante-da-costa-do-rn\/\" \/>\n<meta property=\"og:locale\" content=\"pt_BR\" \/>\n<meta property=\"og:type\" content=\"article\" \/>\n<meta property=\"og:title\" content=\"Entenda opera\u00e7\u00e3o de desencalhe que levou baleias-piloto para 6 km distante da costa do RN - Taveira Jr\" \/>\n<meta property=\"og:description\" content=\"Animais haviam encalhado na sexta-feira (31) na praia de Pititinga e foram levados com o aux\u00edlio de um rede de pesca e 25 profissionais para o mar aberto. Baleias estavam ...\" \/>\n<meta property=\"og:url\" content=\"https:\/\/deputadotaveirajr.com.br\/index.php\/entenda-operacao-de-desencalhe-que-levou-baleias-piloto-para-6-km-distante-da-costa-do-rn\/\" \/>\n<meta property=\"og:site_name\" content=\"Taveira Jr\" \/>\n<meta property=\"og:image\" content=\"https:\/\/deputadotaveirajr.com.br\/wp-content\/uploads\/2024\/06\/whatsapp-image-2024-06-03-at-10.51.19-wAmfh6-scaled.jpeg\" \/>\n\t<meta property=\"og:image:width\" content=\"2560\" \/>\n\t<meta property=\"og:image:height\" content=\"1440\" \/>\n\t<meta property=\"og:image:type\" content=\"image\/jpeg\" \/>\n<meta name=\"twitter:card\" content=\"summary_large_image\" \/>\n<meta name=\"twitter:label1\" content=\"Est. tempo de leitura\" \/>\n\t<meta name=\"twitter:data1\" content=\"5 minutos\" \/>\n<script type=\"application\/ld+json\" class=\"yoast-schema-graph\">{\"@context\":\"https:\/\/schema.org\",\"@graph\":[{\"@type\":\"WebPage\",\"@id\":\"https:\/\/deputadotaveirajr.com.br\/index.php\/entenda-operacao-de-desencalhe-que-levou-baleias-piloto-para-6-km-distante-da-costa-do-rn\/\",\"url\":\"https:\/\/deputadotaveirajr.com.br\/index.php\/entenda-operacao-de-desencalhe-que-levou-baleias-piloto-para-6-km-distante-da-costa-do-rn\/\",\"name\":\"Entenda opera\u00e7\u00e3o de desencalhe que levou baleias-piloto para 6 km distante da costa do RN - Taveira Jr\",\"isPartOf\":{\"@id\":\"https:\/\/deputadotaveirajr.com.br\/#website\"},\"primaryImageOfPage\":{\"@id\":\"https:\/\/deputadotaveirajr.com.br\/index.php\/entenda-operacao-de-desencalhe-que-levou-baleias-piloto-para-6-km-distante-da-costa-do-rn\/#primaryimage\"},\"image\":{\"@id\":\"https:\/\/deputadotaveirajr.com.br\/index.php\/entenda-operacao-de-desencalhe-que-levou-baleias-piloto-para-6-km-distante-da-costa-do-rn\/#primaryimage\"},\"thumbnailUrl\":\"https:\/\/deputadotaveirajr.com.br\/wp-content\/uploads\/2024\/06\/whatsapp-image-2024-06-03-at-10.51.19-wAmfh6-scaled.jpeg\",\"datePublished\":\"2024-06-04T11:03:38+00:00\",\"breadcrumb\":{\"@id\":\"https:\/\/deputadotaveirajr.com.br\/index.php\/entenda-operacao-de-desencalhe-que-levou-baleias-piloto-para-6-km-distante-da-costa-do-rn\/#breadcrumb\"},\"inLanguage\":\"pt-BR\",\"potentialAction\":[{\"@type\":\"ReadAction\",\"target\":[\"https:\/\/deputadotaveirajr.com.br\/index.php\/entenda-operacao-de-desencalhe-que-levou-baleias-piloto-para-6-km-distante-da-costa-do-rn\/\"]}]},{\"@type\":\"ImageObject\",\"inLanguage\":\"pt-BR\",\"@id\":\"https:\/\/deputadotaveirajr.com.br\/index.php\/entenda-operacao-de-desencalhe-que-levou-baleias-piloto-para-6-km-distante-da-costa-do-rn\/#primaryimage\",\"url\":\"https:\/\/deputadotaveirajr.com.br\/wp-content\/uploads\/2024\/06\/whatsapp-image-2024-06-03-at-10.51.19-wAmfh6-scaled.jpeg\",\"contentUrl\":\"https:\/\/deputadotaveirajr.com.br\/wp-content\/uploads\/2024\/06\/whatsapp-image-2024-06-03-at-10.51.19-wAmfh6-scaled.jpeg\",\"width\":2560,\"height\":1440},{\"@type\":\"BreadcrumbList\",\"@id\":\"https:\/\/deputadotaveirajr.com.br\/index.php\/entenda-operacao-de-desencalhe-que-levou-baleias-piloto-para-6-km-distante-da-costa-do-rn\/#breadcrumb\",\"itemListElement\":[{\"@type\":\"ListItem\",\"position\":1,\"name\":\"In\u00edcio\",\"item\":\"https:\/\/deputadotaveirajr.com.br\/\"},{\"@type\":\"ListItem\",\"position\":2,\"name\":\"Entenda opera\u00e7\u00e3o de desencalhe que levou baleias-piloto para 6 km distante da costa do RN\"}]},{\"@type\":\"WebSite\",\"@id\":\"https:\/\/deputadotaveirajr.com.br\/#website\",\"url\":\"https:\/\/deputadotaveirajr.com.br\/\",\"name\":\"Taveira Jr\",\"description\":\"Deputado Estadual\",\"publisher\":{\"@id\":\"https:\/\/deputadotaveirajr.com.br\/#organization\"},\"potentialAction\":[{\"@type\":\"SearchAction\",\"target\":{\"@type\":\"EntryPoint\",\"urlTemplate\":\"https:\/\/deputadotaveirajr.com.br\/?s={search_term_string}\"},\"query-input\":{\"@type\":\"PropertyValueSpecification\",\"valueRequired\":true,\"valueName\":\"search_term_string\"}}],\"inLanguage\":\"pt-BR\"},{\"@type\":\"Organization\",\"@id\":\"https:\/\/deputadotaveirajr.com.br\/#organization\",\"name\":\"Taveira Jr\",\"url\":\"https:\/\/deputadotaveirajr.com.br\/\",\"logo\":{\"@type\":\"ImageObject\",\"inLanguage\":\"pt-BR\",\"@id\":\"https:\/\/deputadotaveirajr.com.br\/#\/schema\/logo\/image\/\",\"url\":\"https:\/\/deputadotaveirajr.com.br\/wp-content\/uploads\/2026\/01\/logolow2a.png\",\"contentUrl\":\"https:\/\/deputadotaveirajr.com.br\/wp-content\/uploads\/2026\/01\/logolow2a.png\",\"width\":290,\"height\":80,\"caption\":\"Taveira Jr\"},\"image\":{\"@id\":\"https:\/\/deputadotaveirajr.com.br\/#\/schema\/logo\/image\/\"}}]}<\/script>\n<!-- \/ Yoast SEO plugin. -->","yoast_head_json":{"title":"Entenda opera\u00e7\u00e3o de desencalhe que levou baleias-piloto para 6 km distante da costa do RN - Taveira Jr","robots":{"index":"index","follow":"follow","max-snippet":"max-snippet:-1","max-image-preview":"max-image-preview:large","max-video-preview":"max-video-preview:-1"},"canonical":"https:\/\/deputadotaveirajr.com.br\/index.php\/entenda-operacao-de-desencalhe-que-levou-baleias-piloto-para-6-km-distante-da-costa-do-rn\/","og_locale":"pt_BR","og_type":"article","og_title":"Entenda opera\u00e7\u00e3o de desencalhe que levou baleias-piloto para 6 km distante da costa do RN - Taveira Jr","og_description":"Animais haviam encalhado na sexta-feira (31) na praia de Pititinga e foram levados com o aux\u00edlio de um rede de pesca e 25 profissionais para o mar aberto. Baleias estavam ...","og_url":"https:\/\/deputadotaveirajr.com.br\/index.php\/entenda-operacao-de-desencalhe-que-levou-baleias-piloto-para-6-km-distante-da-costa-do-rn\/","og_site_name":"Taveira Jr","og_image":[{"width":2560,"height":1440,"url":"https:\/\/deputadotaveirajr.com.br\/wp-content\/uploads\/2024\/06\/whatsapp-image-2024-06-03-at-10.51.19-wAmfh6-scaled.jpeg","type":"image\/jpeg"}],"twitter_card":"summary_large_image","twitter_misc":{"Est. tempo de leitura":"5 minutos"},"schema":{"@context":"https:\/\/schema.org","@graph":[{"@type":"WebPage","@id":"https:\/\/deputadotaveirajr.com.br\/index.php\/entenda-operacao-de-desencalhe-que-levou-baleias-piloto-para-6-km-distante-da-costa-do-rn\/","url":"https:\/\/deputadotaveirajr.com.br\/index.php\/entenda-operacao-de-desencalhe-que-levou-baleias-piloto-para-6-km-distante-da-costa-do-rn\/","name":"Entenda opera\u00e7\u00e3o de desencalhe que levou baleias-piloto para 6 km distante da costa do RN - Taveira Jr","isPartOf":{"@id":"https:\/\/deputadotaveirajr.com.br\/#website"},"primaryImageOfPage":{"@id":"https:\/\/deputadotaveirajr.com.br\/index.php\/entenda-operacao-de-desencalhe-que-levou-baleias-piloto-para-6-km-distante-da-costa-do-rn\/#primaryimage"},"image":{"@id":"https:\/\/deputadotaveirajr.com.br\/index.php\/entenda-operacao-de-desencalhe-que-levou-baleias-piloto-para-6-km-distante-da-costa-do-rn\/#primaryimage"},"thumbnailUrl":"https:\/\/deputadotaveirajr.com.br\/wp-content\/uploads\/2024\/06\/whatsapp-image-2024-06-03-at-10.51.19-wAmfh6-scaled.jpeg","datePublished":"2024-06-04T11:03:38+00:00","breadcrumb":{"@id":"https:\/\/deputadotaveirajr.com.br\/index.php\/entenda-operacao-de-desencalhe-que-levou-baleias-piloto-para-6-km-distante-da-costa-do-rn\/#breadcrumb"},"inLanguage":"pt-BR","potentialAction":[{"@type":"ReadAction","target":["https:\/\/deputadotaveirajr.com.br\/index.php\/entenda-operacao-de-desencalhe-que-levou-baleias-piloto-para-6-km-distante-da-costa-do-rn\/"]}]},{"@type":"ImageObject","inLanguage":"pt-BR","@id":"https:\/\/deputadotaveirajr.com.br\/index.php\/entenda-operacao-de-desencalhe-que-levou-baleias-piloto-para-6-km-distante-da-costa-do-rn\/#primaryimage","url":"https:\/\/deputadotaveirajr.com.br\/wp-content\/uploads\/2024\/06\/whatsapp-image-2024-06-03-at-10.51.19-wAmfh6-scaled.jpeg","contentUrl":"https:\/\/deputadotaveirajr.com.br\/wp-content\/uploads\/2024\/06\/whatsapp-image-2024-06-03-at-10.51.19-wAmfh6-scaled.jpeg","width":2560,"height":1440},{"@type":"BreadcrumbList","@id":"https:\/\/deputadotaveirajr.com.br\/index.php\/entenda-operacao-de-desencalhe-que-levou-baleias-piloto-para-6-km-distante-da-costa-do-rn\/#breadcrumb","itemListElement":[{"@type":"ListItem","position":1,"name":"In\u00edcio","item":"https:\/\/deputadotaveirajr.com.br\/"},{"@type":"ListItem","position":2,"name":"Entenda opera\u00e7\u00e3o de desencalhe que levou baleias-piloto para 6 km distante da costa do RN"}]},{"@type":"WebSite","@id":"https:\/\/deputadotaveirajr.com.br\/#website","url":"https:\/\/deputadotaveirajr.com.br\/","name":"Taveira Jr","description":"Deputado Estadual","publisher":{"@id":"https:\/\/deputadotaveirajr.com.br\/#organization"},"potentialAction":[{"@type":"SearchAction","target":{"@type":"EntryPoint","urlTemplate":"https:\/\/deputadotaveirajr.com.br\/?s={search_term_string}"},"query-input":{"@type":"PropertyValueSpecification","valueRequired":true,"valueName":"search_term_string"}}],"inLanguage":"pt-BR"},{"@type":"Organization","@id":"https:\/\/deputadotaveirajr.com.br\/#organization","name":"Taveira Jr","url":"https:\/\/deputadotaveirajr.com.br\/","logo":{"@type":"ImageObject","inLanguage":"pt-BR","@id":"https:\/\/deputadotaveirajr.com.br\/#\/schema\/logo\/image\/","url":"https:\/\/deputadotaveirajr.com.br\/wp-content\/uploads\/2026\/01\/logolow2a.png","contentUrl":"https:\/\/deputadotaveirajr.com.br\/wp-content\/uploads\/2026\/01\/logolow2a.png","width":290,"height":80,"caption":"Taveira Jr"},"image":{"@id":"https:\/\/deputadotaveirajr.com.br\/#\/schema\/logo\/image\/"}}]}},"_links":{"self":[{"href":"https:\/\/deputadotaveirajr.com.br\/index.php\/wp-json\/wp\/v2\/pages\/6667","targetHints":{"allow":["GET"]}}],"collection":[{"href":"https:\/\/deputadotaveirajr.com.br\/index.php\/wp-json\/wp\/v2\/pages"}],"about":[{"href":"https:\/\/deputadotaveirajr.com.br\/index.php\/wp-json\/wp\/v2\/types\/page"}],"replies":[{"embeddable":true,"href":"https:\/\/deputadotaveirajr.com.br\/index.php\/wp-json\/wp\/v2\/comments?post=6667"}],"version-history":[{"count":1,"href":"https:\/\/deputadotaveirajr.com.br\/index.php\/wp-json\/wp\/v2\/pages\/6667\/revisions"}],"predecessor-version":[{"id":6671,"href":"https:\/\/deputadotaveirajr.com.br\/index.php\/wp-json\/wp\/v2\/pages\/6667\/revisions\/6671"}],"wp:featuredmedia":[{"embeddable":true,"href":"https:\/\/deputadotaveirajr.com.br\/index.php\/wp-json\/wp\/v2\/media\/6668"}],"wp:attachment":[{"href":"https:\/\/deputadotaveirajr.com.br\/index.php\/wp-json\/wp\/v2\/media?parent=6667"}],"curies":[{"name":"wp","href":"https:\/\/api.w.org\/{rel}","templated":true}]}}