{"id":6690,"date":"2024-06-04T22:52:37","date_gmt":"2024-06-05T01:52:37","guid":{"rendered":"https:\/\/deputadotaveirajr.com.br\/?page_id=6690"},"modified":"2024-06-04T22:52:37","modified_gmt":"2024-06-05T01:52:37","slug":"familias-sao-novamente-abrigadas-em-escola-apos-lagoa-voltar-a-transbordar-e-agua-invadir-casas-em-natal","status":"publish","type":"page","link":"https:\/\/deputadotaveirajr.com.br\/index.php\/familias-sao-novamente-abrigadas-em-escola-apos-lagoa-voltar-a-transbordar-e-agua-invadir-casas-em-natal\/","title":{"rendered":"Fam\u00edlias s\u00e3o novamente abrigadas em escola ap\u00f3s lagoa voltar a transbordar e \u00e1gua invadir casas em Natal"},"content":{"rendered":"<p>     Lagoa do Santar\u00e9m havia transbordado h\u00e1 tr\u00eas semanas, tamb\u00e9m ap\u00f3s dia chuvoso. Mais de 50 pessoas foram abrigadas ap\u00f3s casas serem invadidas pela \u00e1gua, segundo Semtas. Chuva causa transtornos em Natal e Parnamirim<br \/>\nA Lagoa do Santar\u00e9m, na Zona Norte de Natal, voltou a transbordar ap\u00f3s as chuvas que ca\u00edram nesta ter\u00e7a-feira (4) na capital potiguar, e a \u00e1gua novamente invadiu as casas de moradores do entorno.<br \/>\nCom isso, as fam\u00edlias ficaram novamente desalojas e foram levadas para a Escola Estadual Adelino Dantas. H\u00e1 menos de tr\u00eas semanas, as fam\u00edlias tamb\u00e9m precisaram se abrigar na escola por conta do transbordo da lagoa.<br \/>\n\ud83d\udcf3Participe do canal do g1 RN no WhatsApp<br \/>\nDe acordo com a Secretaria Municipal de Trabalho e Assist\u00eancia Social (Semtas), cerca de 55 pessoas est\u00e3o na escola.<br \/>\nA pasta tamb\u00e9m informou que, em outro ponto da cidade, na Rua S\u00e3o Geraldo, em Cidade Nova, 200 pessoas ficaram desalojadas.<br \/>\nA prefeitura informou que a perman\u00eancia das fam\u00edlias na escola na Zona Norte &#8220;\u00e9 uma medida tempor\u00e1ria, aguardando que as condi\u00e7\u00f5es clim\u00e1ticas melhorem e a \u00e1gua baixe para que possam retornar com seguran\u00e7a \u00e0s suas resid\u00eancias&#8221;.<br \/>\nLagoa alagou casas e fam\u00edlias ficaram desalojadas na Zona Norte de Natal<br \/>\nReprodu\u00e7\u00e3o\/Inter TV Cabugi<br \/>\nA Semtas informou que providenciou alimentos e est\u00e1 prestando assist\u00eancia \u00e0s fam\u00edlias.<br \/>\nA dona de casa Adriana Matias contou que dessa vez o alagamento nas casas foi mais intenso do que h\u00e1 tr\u00eas semanas.<br \/>\n&#8220;Nossa situa\u00e7\u00e3o \u00e9 essa: choveu, estamos alagados. Desde novembro do ano passado. De tr\u00eas em tr\u00eas meses, de tr\u00eas em tr\u00eas semanas estamos vindo pra c\u00e1. N\u00e3o tem condi\u00e7\u00f5es&#8221;, lamentou.<br \/>\nEla disse que a \u00fanica alternativa quando isso ocorre \u00e9 esperar parar de chover, j\u00e1 que a lagoa n\u00e3o tem suportado e tem transbordado. &#8220;Choveu, ningu\u00e9m dorme. \u00c9 cansa\u00e7o mental, cansa\u00e7o f\u00edsico&#8221;, completou.<br \/>\nFam\u00edlias foram levadas para col\u00e9gio ap\u00f3s casas alagarem<br \/>\nReprodu\u00e7\u00e3o\/Inter TV Cabugi<br \/>\nO ajudante de pedreiro Jos\u00e9 Ivanilson contou que levou a fam\u00edlia para a casa da m\u00e3e, mas que preferiu ficar na escola por medo de arrombamentos na resid\u00eancia.<br \/>\n &#8220;Se a gente abandonar as casa acontece arrombamento, ent\u00e3o a gente tem que estar de olho aqui e ali&#8221;, disse Jos\u00e9 Ivanilson. &#8220;Os arrombadores infelizmente se aproveitam da situa\u00e7\u00e3o&#8221;, completou.<br \/>\nChuvas em Natal<br \/>\nSegundo a prefeitura, das 82 lagoas de capta\u00e7\u00e3o monitoradas, duas apresentaram problemas mais graves de transbordamento: as dos conjunto Santar\u00e9m e a do loteamento Jos\u00e9 Sarney, no bairro Lagoa Azul.<br \/>\nSegundo a prefeitura, choveu mais de 100mm em alguns bairros de Natal. O bairro de Nossa Senhora da Apresenta\u00e7\u00e3o, na Zona Norte, registrou o maior \u00edndice pluviom\u00e9trico, com 109mm.  A chuva causou alagamentos em ruas e avenidas da capital. Uma avenida que liga as cidades de Natal a Parnamirim tamb\u00e9m ficou intransit\u00e1vel.<br \/>\nV\u00eddeos mais assistidos do g1 RN<\/p>","protected":false},"excerpt":{"rendered":"<p>Lagoa do Santar\u00e9m havia transbordado h\u00e1 tr\u00eas semanas, tamb\u00e9m ap\u00f3s dia chuvoso. Mais de 50 pessoas foram abrigadas ap\u00f3s casas serem invadidas pela \u00e1gua, segundo Semtas. Chuva causa transtornos em &#8230;<\/p>\n","protected":false},"author":0,"featured_media":6691,"parent":0,"menu_order":0,"comment_status":"closed","ping_status":"closed","template":"","meta":{"footnotes":""},"class_list":["post-6690","page","type-page","status-publish","has-post-thumbnail","hentry"],"yoast_head":"<!-- This site is optimized with the Yoast SEO plugin v27.1.1 - https:\/\/yoast.com\/product\/yoast-seo-wordpress\/ -->\n<title>Fam\u00edlias s\u00e3o novamente abrigadas em escola ap\u00f3s lagoa voltar a transbordar e \u00e1gua invadir casas em Natal - Taveira Jr<\/title>\n<meta name=\"robots\" content=\"index, follow, max-snippet:-1, max-image-preview:large, max-video-preview:-1\" \/>\n<link rel=\"canonical\" href=\"https:\/\/deputadotaveirajr.com.br\/index.php\/familias-sao-novamente-abrigadas-em-escola-apos-lagoa-voltar-a-transbordar-e-agua-invadir-casas-em-natal\/\" \/>\n<meta property=\"og:locale\" content=\"pt_BR\" \/>\n<meta property=\"og:type\" content=\"article\" \/>\n<meta property=\"og:title\" content=\"Fam\u00edlias s\u00e3o novamente abrigadas em escola ap\u00f3s lagoa voltar a transbordar e \u00e1gua invadir casas em Natal - Taveira Jr\" \/>\n<meta property=\"og:description\" content=\"Lagoa do Santar\u00e9m havia transbordado h\u00e1 tr\u00eas semanas, tamb\u00e9m ap\u00f3s dia chuvoso. Mais de 50 pessoas foram abrigadas ap\u00f3s casas serem invadidas pela \u00e1gua, segundo Semtas. Chuva causa transtornos em ...\" \/>\n<meta property=\"og:url\" content=\"https:\/\/deputadotaveirajr.com.br\/index.php\/familias-sao-novamente-abrigadas-em-escola-apos-lagoa-voltar-a-transbordar-e-agua-invadir-casas-em-natal\/\" \/>\n<meta property=\"og:site_name\" content=\"Taveira Jr\" \/>\n<meta property=\"og:image\" content=\"https:\/\/deputadotaveirajr.com.br\/wp-content\/uploads\/2024\/06\/captura-de-tela-2024-06-04-194714-0mFQQa.jpeg\" \/>\n\t<meta property=\"og:image:width\" content=\"1203\" \/>\n\t<meta property=\"og:image:height\" content=\"692\" \/>\n\t<meta property=\"og:image:type\" content=\"image\/jpeg\" \/>\n<meta name=\"twitter:card\" content=\"summary_large_image\" \/>\n<meta name=\"twitter:label1\" content=\"Est. tempo de leitura\" \/>\n\t<meta name=\"twitter:data1\" content=\"3 minutos\" \/>\n<script type=\"application\/ld+json\" class=\"yoast-schema-graph\">{\"@context\":\"https:\/\/schema.org\",\"@graph\":[{\"@type\":\"WebPage\",\"@id\":\"https:\/\/deputadotaveirajr.com.br\/index.php\/familias-sao-novamente-abrigadas-em-escola-apos-lagoa-voltar-a-transbordar-e-agua-invadir-casas-em-natal\/\",\"url\":\"https:\/\/deputadotaveirajr.com.br\/index.php\/familias-sao-novamente-abrigadas-em-escola-apos-lagoa-voltar-a-transbordar-e-agua-invadir-casas-em-natal\/\",\"name\":\"Fam\u00edlias s\u00e3o novamente abrigadas em escola ap\u00f3s lagoa voltar a transbordar e \u00e1gua invadir casas em Natal - Taveira Jr\",\"isPartOf\":{\"@id\":\"https:\/\/deputadotaveirajr.com.br\/#website\"},\"primaryImageOfPage\":{\"@id\":\"https:\/\/deputadotaveirajr.com.br\/index.php\/familias-sao-novamente-abrigadas-em-escola-apos-lagoa-voltar-a-transbordar-e-agua-invadir-casas-em-natal\/#primaryimage\"},\"image\":{\"@id\":\"https:\/\/deputadotaveirajr.com.br\/index.php\/familias-sao-novamente-abrigadas-em-escola-apos-lagoa-voltar-a-transbordar-e-agua-invadir-casas-em-natal\/#primaryimage\"},\"thumbnailUrl\":\"https:\/\/deputadotaveirajr.com.br\/wp-content\/uploads\/2024\/06\/captura-de-tela-2024-06-04-194714-0mFQQa.jpeg\",\"datePublished\":\"2024-06-05T01:52:37+00:00\",\"breadcrumb\":{\"@id\":\"https:\/\/deputadotaveirajr.com.br\/index.php\/familias-sao-novamente-abrigadas-em-escola-apos-lagoa-voltar-a-transbordar-e-agua-invadir-casas-em-natal\/#breadcrumb\"},\"inLanguage\":\"pt-BR\",\"potentialAction\":[{\"@type\":\"ReadAction\",\"target\":[\"https:\/\/deputadotaveirajr.com.br\/index.php\/familias-sao-novamente-abrigadas-em-escola-apos-lagoa-voltar-a-transbordar-e-agua-invadir-casas-em-natal\/\"]}]},{\"@type\":\"ImageObject\",\"inLanguage\":\"pt-BR\",\"@id\":\"https:\/\/deputadotaveirajr.com.br\/index.php\/familias-sao-novamente-abrigadas-em-escola-apos-lagoa-voltar-a-transbordar-e-agua-invadir-casas-em-natal\/#primaryimage\",\"url\":\"https:\/\/deputadotaveirajr.com.br\/wp-content\/uploads\/2024\/06\/captura-de-tela-2024-06-04-194714-0mFQQa.jpeg\",\"contentUrl\":\"https:\/\/deputadotaveirajr.com.br\/wp-content\/uploads\/2024\/06\/captura-de-tela-2024-06-04-194714-0mFQQa.jpeg\",\"width\":1203,\"height\":692},{\"@type\":\"BreadcrumbList\",\"@id\":\"https:\/\/deputadotaveirajr.com.br\/index.php\/familias-sao-novamente-abrigadas-em-escola-apos-lagoa-voltar-a-transbordar-e-agua-invadir-casas-em-natal\/#breadcrumb\",\"itemListElement\":[{\"@type\":\"ListItem\",\"position\":1,\"name\":\"In\u00edcio\",\"item\":\"https:\/\/deputadotaveirajr.com.br\/\"},{\"@type\":\"ListItem\",\"position\":2,\"name\":\"Fam\u00edlias s\u00e3o novamente abrigadas em escola ap\u00f3s lagoa voltar a transbordar e \u00e1gua invadir casas em Natal\"}]},{\"@type\":\"WebSite\",\"@id\":\"https:\/\/deputadotaveirajr.com.br\/#website\",\"url\":\"https:\/\/deputadotaveirajr.com.br\/\",\"name\":\"Taveira Jr\",\"description\":\"Deputado Estadual\",\"publisher\":{\"@id\":\"https:\/\/deputadotaveirajr.com.br\/#organization\"},\"potentialAction\":[{\"@type\":\"SearchAction\",\"target\":{\"@type\":\"EntryPoint\",\"urlTemplate\":\"https:\/\/deputadotaveirajr.com.br\/?s={search_term_string}\"},\"query-input\":{\"@type\":\"PropertyValueSpecification\",\"valueRequired\":true,\"valueName\":\"search_term_string\"}}],\"inLanguage\":\"pt-BR\"},{\"@type\":\"Organization\",\"@id\":\"https:\/\/deputadotaveirajr.com.br\/#organization\",\"name\":\"Taveira Jr\",\"url\":\"https:\/\/deputadotaveirajr.com.br\/\",\"logo\":{\"@type\":\"ImageObject\",\"inLanguage\":\"pt-BR\",\"@id\":\"https:\/\/deputadotaveirajr.com.br\/#\/schema\/logo\/image\/\",\"url\":\"https:\/\/deputadotaveirajr.com.br\/wp-content\/uploads\/2026\/01\/logolow2a.png\",\"contentUrl\":\"https:\/\/deputadotaveirajr.com.br\/wp-content\/uploads\/2026\/01\/logolow2a.png\",\"width\":290,\"height\":80,\"caption\":\"Taveira Jr\"},\"image\":{\"@id\":\"https:\/\/deputadotaveirajr.com.br\/#\/schema\/logo\/image\/\"}}]}<\/script>\n<!-- \/ Yoast SEO plugin. -->","yoast_head_json":{"title":"Fam\u00edlias s\u00e3o novamente abrigadas em escola ap\u00f3s lagoa voltar a transbordar e \u00e1gua invadir casas em Natal - Taveira Jr","robots":{"index":"index","follow":"follow","max-snippet":"max-snippet:-1","max-image-preview":"max-image-preview:large","max-video-preview":"max-video-preview:-1"},"canonical":"https:\/\/deputadotaveirajr.com.br\/index.php\/familias-sao-novamente-abrigadas-em-escola-apos-lagoa-voltar-a-transbordar-e-agua-invadir-casas-em-natal\/","og_locale":"pt_BR","og_type":"article","og_title":"Fam\u00edlias s\u00e3o novamente abrigadas em escola ap\u00f3s lagoa voltar a transbordar e \u00e1gua invadir casas em Natal - Taveira Jr","og_description":"Lagoa do Santar\u00e9m havia transbordado h\u00e1 tr\u00eas semanas, tamb\u00e9m ap\u00f3s dia chuvoso. Mais de 50 pessoas foram abrigadas ap\u00f3s casas serem invadidas pela \u00e1gua, segundo Semtas. Chuva causa transtornos em ...","og_url":"https:\/\/deputadotaveirajr.com.br\/index.php\/familias-sao-novamente-abrigadas-em-escola-apos-lagoa-voltar-a-transbordar-e-agua-invadir-casas-em-natal\/","og_site_name":"Taveira Jr","og_image":[{"width":1203,"height":692,"url":"https:\/\/deputadotaveirajr.com.br\/wp-content\/uploads\/2024\/06\/captura-de-tela-2024-06-04-194714-0mFQQa.jpeg","type":"image\/jpeg"}],"twitter_card":"summary_large_image","twitter_misc":{"Est. tempo de leitura":"3 minutos"},"schema":{"@context":"https:\/\/schema.org","@graph":[{"@type":"WebPage","@id":"https:\/\/deputadotaveirajr.com.br\/index.php\/familias-sao-novamente-abrigadas-em-escola-apos-lagoa-voltar-a-transbordar-e-agua-invadir-casas-em-natal\/","url":"https:\/\/deputadotaveirajr.com.br\/index.php\/familias-sao-novamente-abrigadas-em-escola-apos-lagoa-voltar-a-transbordar-e-agua-invadir-casas-em-natal\/","name":"Fam\u00edlias s\u00e3o novamente abrigadas em escola ap\u00f3s lagoa voltar a transbordar e \u00e1gua invadir casas em Natal - Taveira Jr","isPartOf":{"@id":"https:\/\/deputadotaveirajr.com.br\/#website"},"primaryImageOfPage":{"@id":"https:\/\/deputadotaveirajr.com.br\/index.php\/familias-sao-novamente-abrigadas-em-escola-apos-lagoa-voltar-a-transbordar-e-agua-invadir-casas-em-natal\/#primaryimage"},"image":{"@id":"https:\/\/deputadotaveirajr.com.br\/index.php\/familias-sao-novamente-abrigadas-em-escola-apos-lagoa-voltar-a-transbordar-e-agua-invadir-casas-em-natal\/#primaryimage"},"thumbnailUrl":"https:\/\/deputadotaveirajr.com.br\/wp-content\/uploads\/2024\/06\/captura-de-tela-2024-06-04-194714-0mFQQa.jpeg","datePublished":"2024-06-05T01:52:37+00:00","breadcrumb":{"@id":"https:\/\/deputadotaveirajr.com.br\/index.php\/familias-sao-novamente-abrigadas-em-escola-apos-lagoa-voltar-a-transbordar-e-agua-invadir-casas-em-natal\/#breadcrumb"},"inLanguage":"pt-BR","potentialAction":[{"@type":"ReadAction","target":["https:\/\/deputadotaveirajr.com.br\/index.php\/familias-sao-novamente-abrigadas-em-escola-apos-lagoa-voltar-a-transbordar-e-agua-invadir-casas-em-natal\/"]}]},{"@type":"ImageObject","inLanguage":"pt-BR","@id":"https:\/\/deputadotaveirajr.com.br\/index.php\/familias-sao-novamente-abrigadas-em-escola-apos-lagoa-voltar-a-transbordar-e-agua-invadir-casas-em-natal\/#primaryimage","url":"https:\/\/deputadotaveirajr.com.br\/wp-content\/uploads\/2024\/06\/captura-de-tela-2024-06-04-194714-0mFQQa.jpeg","contentUrl":"https:\/\/deputadotaveirajr.com.br\/wp-content\/uploads\/2024\/06\/captura-de-tela-2024-06-04-194714-0mFQQa.jpeg","width":1203,"height":692},{"@type":"BreadcrumbList","@id":"https:\/\/deputadotaveirajr.com.br\/index.php\/familias-sao-novamente-abrigadas-em-escola-apos-lagoa-voltar-a-transbordar-e-agua-invadir-casas-em-natal\/#breadcrumb","itemListElement":[{"@type":"ListItem","position":1,"name":"In\u00edcio","item":"https:\/\/deputadotaveirajr.com.br\/"},{"@type":"ListItem","position":2,"name":"Fam\u00edlias s\u00e3o novamente abrigadas em escola ap\u00f3s lagoa voltar a transbordar e \u00e1gua invadir casas em Natal"}]},{"@type":"WebSite","@id":"https:\/\/deputadotaveirajr.com.br\/#website","url":"https:\/\/deputadotaveirajr.com.br\/","name":"Taveira Jr","description":"Deputado Estadual","publisher":{"@id":"https:\/\/deputadotaveirajr.com.br\/#organization"},"potentialAction":[{"@type":"SearchAction","target":{"@type":"EntryPoint","urlTemplate":"https:\/\/deputadotaveirajr.com.br\/?s={search_term_string}"},"query-input":{"@type":"PropertyValueSpecification","valueRequired":true,"valueName":"search_term_string"}}],"inLanguage":"pt-BR"},{"@type":"Organization","@id":"https:\/\/deputadotaveirajr.com.br\/#organization","name":"Taveira Jr","url":"https:\/\/deputadotaveirajr.com.br\/","logo":{"@type":"ImageObject","inLanguage":"pt-BR","@id":"https:\/\/deputadotaveirajr.com.br\/#\/schema\/logo\/image\/","url":"https:\/\/deputadotaveirajr.com.br\/wp-content\/uploads\/2026\/01\/logolow2a.png","contentUrl":"https:\/\/deputadotaveirajr.com.br\/wp-content\/uploads\/2026\/01\/logolow2a.png","width":290,"height":80,"caption":"Taveira Jr"},"image":{"@id":"https:\/\/deputadotaveirajr.com.br\/#\/schema\/logo\/image\/"}}]}},"_links":{"self":[{"href":"https:\/\/deputadotaveirajr.com.br\/index.php\/wp-json\/wp\/v2\/pages\/6690","targetHints":{"allow":["GET"]}}],"collection":[{"href":"https:\/\/deputadotaveirajr.com.br\/index.php\/wp-json\/wp\/v2\/pages"}],"about":[{"href":"https:\/\/deputadotaveirajr.com.br\/index.php\/wp-json\/wp\/v2\/types\/page"}],"replies":[{"embeddable":true,"href":"https:\/\/deputadotaveirajr.com.br\/index.php\/wp-json\/wp\/v2\/comments?post=6690"}],"version-history":[{"count":1,"href":"https:\/\/deputadotaveirajr.com.br\/index.php\/wp-json\/wp\/v2\/pages\/6690\/revisions"}],"predecessor-version":[{"id":6696,"href":"https:\/\/deputadotaveirajr.com.br\/index.php\/wp-json\/wp\/v2\/pages\/6690\/revisions\/6696"}],"wp:featuredmedia":[{"embeddable":true,"href":"https:\/\/deputadotaveirajr.com.br\/index.php\/wp-json\/wp\/v2\/media\/6691"}],"wp:attachment":[{"href":"https:\/\/deputadotaveirajr.com.br\/index.php\/wp-json\/wp\/v2\/media?parent=6690"}],"curies":[{"name":"wp","href":"https:\/\/api.w.org\/{rel}","templated":true}]}}