{"id":6697,"date":"2024-06-05T08:05:07","date_gmt":"2024-06-05T11:05:07","guid":{"rendered":"https:\/\/deputadotaveirajr.com.br\/?page_id=6697"},"modified":"2024-06-05T08:05:07","modified_gmt":"2024-06-05T11:05:07","slug":"mossoro-cidade-junina-primeira-semana-tem-shows-de-nattan-wesley-safadao-flavio-jose-e-dorgival","status":"publish","type":"page","link":"https:\/\/deputadotaveirajr.com.br\/index.php\/mossoro-cidade-junina-primeira-semana-tem-shows-de-nattan-wesley-safadao-flavio-jose-e-dorgival\/","title":{"rendered":"Mossor\u00f3 Cidade Junina: primeira semana tem shows de Nattan, Wesley Safad\u00e3o, Fl\u00e1vio Jos\u00e9 e Dorgival"},"content":{"rendered":"<p>     Apresenta\u00e7\u00f5es na Esta\u00e7\u00e3o das Artes s\u00e3o gratuitas e come\u00e7am na quinta-feira (6). &#8216;Arrai\u00e1 do Povo&#8217; tem programa\u00e7\u00e3o no fim de semana. Wesley Safad\u00e3o se apresenta na sexta-feira no Mossor\u00f3 Cidade Junina<br \/>\nJoilson Cesar\/ Ag. Picnews<br \/>\nAp\u00f3s a abertura oficial com a realiza\u00e7\u00e3o do &#8220;Pingo da Mei Dia&#8221;, o Mossor\u00f3 Cidade Junina inicia a programa\u00e7\u00e3o de shows nesta quinta-feira (6). Esta primeira semana de festa ter\u00e1 shows de artistas como Nattan, Wesley Safad\u00e3o, Mano Walter, Henry Freitas, Fl\u00e1vio Jos\u00e9 e Dorgival Dantas no palco da Esta\u00e7\u00e3o das Artes. O acesso \u00e9 gratuito.<br \/>\nO &#8220;Arrai\u00e1 do Povo&#8221;, no Parque de Exposi\u00e7\u00f5es Armando Bu\u00e1, vai receber nomes como Bart\u00f4 Galeno, Marina Elali, Circuito Musical e Waldonys no fim de semana.<br \/>\n\ud83d\udcf3Participe do canal do g1 RN no WhatsApp<br \/>\nO espet\u00e1culo &#8220;Chuva de Bala no Pa\u00eds de Mossor\u00f3&#8221; inicia sua temporada com apresenta\u00e7\u00f5es de quinta (6) a domingo (9), sempre \u00e0s 21h, no adro da Capela de S\u00e3o Vicente.<br \/>\nO Festival Independente de Quadrilhas Juninas movimenta a Arena Deodete Dias a partir de sexta-feira (7).<br \/>\nConfira a programa\u00e7\u00e3o da primeira semana:<br \/>\nEsta\u00e7\u00e3o das Artes &#8211; a partir das 19h<br \/>\nQuinta-feira (6) &#8211; Efran Lima, Fl\u00e1vio Jos\u00e9, Nattan e \u00c0 Vontade (Ra\u00ed Saia Rodada, Zezo e Luan Estilizado)<br \/>\nSexta-feira (7) &#8211; Alex do Acordeon, Bonde do Brasil, Dorgival Dantas e Wesley Safad\u00e3o<br \/>\nS\u00e1bado (8) &#8211; Mozart Max, Litto Lins, Mano Walter, Jonas Esticado e Henry Freitas<br \/>\nArrai\u00e1 do Povo &#8211; a partir das 11h<br \/>\nS\u00e1bado (8) &#8211; Forr\u00f3 do Severo, Nonato Neto, Circuito Musical e Bart\u00f4 Galeno<br \/>\nDomingo (9) &#8211; Josy Farra, Tropyk\u00e1lia, Marina Elali e Waldonys<br \/>\n\ud83c\udfb6 Veja a programa\u00e7\u00e3o dos outros polos do Mossor\u00f3 Cidade Junina<\/p>","protected":false},"excerpt":{"rendered":"<p>Apresenta\u00e7\u00f5es na Esta\u00e7\u00e3o das Artes s\u00e3o gratuitas e come\u00e7am na quinta-feira (6). &#8216;Arrai\u00e1 do Povo&#8217; tem programa\u00e7\u00e3o no fim de semana. Wesley Safad\u00e3o se apresenta na sexta-feira no Mossor\u00f3 Cidade &#8230;<\/p>\n","protected":false},"author":0,"featured_media":6698,"parent":0,"menu_order":0,"comment_status":"closed","ping_status":"closed","template":"","meta":{"footnotes":""},"class_list":["post-6697","page","type-page","status-publish","has-post-thumbnail","hentry"],"yoast_head":"<!-- This site is optimized with the Yoast SEO plugin v27.1.1 - https:\/\/yoast.com\/product\/yoast-seo-wordpress\/ -->\n<title>Mossor\u00f3 Cidade Junina: primeira semana tem shows de Nattan, Wesley Safad\u00e3o, Fl\u00e1vio Jos\u00e9 e Dorgival - Taveira Jr<\/title>\n<meta name=\"robots\" content=\"index, follow, max-snippet:-1, max-image-preview:large, max-video-preview:-1\" \/>\n<link rel=\"canonical\" href=\"https:\/\/deputadotaveirajr.com.br\/index.php\/mossoro-cidade-junina-primeira-semana-tem-shows-de-nattan-wesley-safadao-flavio-jose-e-dorgival\/\" \/>\n<meta property=\"og:locale\" content=\"pt_BR\" \/>\n<meta property=\"og:type\" content=\"article\" \/>\n<meta property=\"og:title\" content=\"Mossor\u00f3 Cidade Junina: primeira semana tem shows de Nattan, Wesley Safad\u00e3o, Fl\u00e1vio Jos\u00e9 e Dorgival - Taveira Jr\" \/>\n<meta property=\"og:description\" content=\"Apresenta\u00e7\u00f5es na Esta\u00e7\u00e3o das Artes s\u00e3o gratuitas e come\u00e7am na quinta-feira (6). &#8216;Arrai\u00e1 do Povo&#8217; tem programa\u00e7\u00e3o no fim de semana. Wesley Safad\u00e3o se apresenta na sexta-feira no Mossor\u00f3 Cidade ...\" \/>\n<meta property=\"og:url\" content=\"https:\/\/deputadotaveirajr.com.br\/index.php\/mossoro-cidade-junina-primeira-semana-tem-shows-de-nattan-wesley-safadao-flavio-jose-e-dorgival\/\" \/>\n<meta property=\"og:site_name\" content=\"Taveira Jr\" \/>\n<meta property=\"og:image\" content=\"https:\/\/deputadotaveirajr.com.br\/wp-content\/uploads\/2024\/06\/whatsapp-image-2024-01-12-at-23.10.01-mSsCAZ.jpeg\" \/>\n\t<meta property=\"og:image:width\" content=\"1280\" \/>\n\t<meta property=\"og:image:height\" content=\"853\" \/>\n\t<meta property=\"og:image:type\" content=\"image\/jpeg\" \/>\n<meta name=\"twitter:card\" content=\"summary_large_image\" \/>\n<meta name=\"twitter:label1\" content=\"Est. tempo de leitura\" \/>\n\t<meta name=\"twitter:data1\" content=\"1 minuto\" \/>\n<script type=\"application\/ld+json\" class=\"yoast-schema-graph\">{\"@context\":\"https:\/\/schema.org\",\"@graph\":[{\"@type\":\"WebPage\",\"@id\":\"https:\/\/deputadotaveirajr.com.br\/index.php\/mossoro-cidade-junina-primeira-semana-tem-shows-de-nattan-wesley-safadao-flavio-jose-e-dorgival\/\",\"url\":\"https:\/\/deputadotaveirajr.com.br\/index.php\/mossoro-cidade-junina-primeira-semana-tem-shows-de-nattan-wesley-safadao-flavio-jose-e-dorgival\/\",\"name\":\"Mossor\u00f3 Cidade Junina: primeira semana tem shows de Nattan, Wesley Safad\u00e3o, Fl\u00e1vio Jos\u00e9 e Dorgival - Taveira Jr\",\"isPartOf\":{\"@id\":\"https:\/\/deputadotaveirajr.com.br\/#website\"},\"primaryImageOfPage\":{\"@id\":\"https:\/\/deputadotaveirajr.com.br\/index.php\/mossoro-cidade-junina-primeira-semana-tem-shows-de-nattan-wesley-safadao-flavio-jose-e-dorgival\/#primaryimage\"},\"image\":{\"@id\":\"https:\/\/deputadotaveirajr.com.br\/index.php\/mossoro-cidade-junina-primeira-semana-tem-shows-de-nattan-wesley-safadao-flavio-jose-e-dorgival\/#primaryimage\"},\"thumbnailUrl\":\"https:\/\/deputadotaveirajr.com.br\/wp-content\/uploads\/2024\/06\/whatsapp-image-2024-01-12-at-23.10.01-mSsCAZ.jpeg\",\"datePublished\":\"2024-06-05T11:05:07+00:00\",\"breadcrumb\":{\"@id\":\"https:\/\/deputadotaveirajr.com.br\/index.php\/mossoro-cidade-junina-primeira-semana-tem-shows-de-nattan-wesley-safadao-flavio-jose-e-dorgival\/#breadcrumb\"},\"inLanguage\":\"pt-BR\",\"potentialAction\":[{\"@type\":\"ReadAction\",\"target\":[\"https:\/\/deputadotaveirajr.com.br\/index.php\/mossoro-cidade-junina-primeira-semana-tem-shows-de-nattan-wesley-safadao-flavio-jose-e-dorgival\/\"]}]},{\"@type\":\"ImageObject\",\"inLanguage\":\"pt-BR\",\"@id\":\"https:\/\/deputadotaveirajr.com.br\/index.php\/mossoro-cidade-junina-primeira-semana-tem-shows-de-nattan-wesley-safadao-flavio-jose-e-dorgival\/#primaryimage\",\"url\":\"https:\/\/deputadotaveirajr.com.br\/wp-content\/uploads\/2024\/06\/whatsapp-image-2024-01-12-at-23.10.01-mSsCAZ.jpeg\",\"contentUrl\":\"https:\/\/deputadotaveirajr.com.br\/wp-content\/uploads\/2024\/06\/whatsapp-image-2024-01-12-at-23.10.01-mSsCAZ.jpeg\",\"width\":1280,\"height\":853},{\"@type\":\"BreadcrumbList\",\"@id\":\"https:\/\/deputadotaveirajr.com.br\/index.php\/mossoro-cidade-junina-primeira-semana-tem-shows-de-nattan-wesley-safadao-flavio-jose-e-dorgival\/#breadcrumb\",\"itemListElement\":[{\"@type\":\"ListItem\",\"position\":1,\"name\":\"In\u00edcio\",\"item\":\"https:\/\/deputadotaveirajr.com.br\/\"},{\"@type\":\"ListItem\",\"position\":2,\"name\":\"Mossor\u00f3 Cidade Junina: primeira semana tem shows de Nattan, Wesley Safad\u00e3o, Fl\u00e1vio Jos\u00e9 e Dorgival\"}]},{\"@type\":\"WebSite\",\"@id\":\"https:\/\/deputadotaveirajr.com.br\/#website\",\"url\":\"https:\/\/deputadotaveirajr.com.br\/\",\"name\":\"Taveira Jr\",\"description\":\"Deputado Estadual\",\"publisher\":{\"@id\":\"https:\/\/deputadotaveirajr.com.br\/#organization\"},\"potentialAction\":[{\"@type\":\"SearchAction\",\"target\":{\"@type\":\"EntryPoint\",\"urlTemplate\":\"https:\/\/deputadotaveirajr.com.br\/?s={search_term_string}\"},\"query-input\":{\"@type\":\"PropertyValueSpecification\",\"valueRequired\":true,\"valueName\":\"search_term_string\"}}],\"inLanguage\":\"pt-BR\"},{\"@type\":\"Organization\",\"@id\":\"https:\/\/deputadotaveirajr.com.br\/#organization\",\"name\":\"Taveira Jr\",\"url\":\"https:\/\/deputadotaveirajr.com.br\/\",\"logo\":{\"@type\":\"ImageObject\",\"inLanguage\":\"pt-BR\",\"@id\":\"https:\/\/deputadotaveirajr.com.br\/#\/schema\/logo\/image\/\",\"url\":\"https:\/\/deputadotaveirajr.com.br\/wp-content\/uploads\/2026\/01\/logolow2a.png\",\"contentUrl\":\"https:\/\/deputadotaveirajr.com.br\/wp-content\/uploads\/2026\/01\/logolow2a.png\",\"width\":290,\"height\":80,\"caption\":\"Taveira Jr\"},\"image\":{\"@id\":\"https:\/\/deputadotaveirajr.com.br\/#\/schema\/logo\/image\/\"}}]}<\/script>\n<!-- \/ Yoast SEO plugin. -->","yoast_head_json":{"title":"Mossor\u00f3 Cidade Junina: primeira semana tem shows de Nattan, Wesley Safad\u00e3o, Fl\u00e1vio Jos\u00e9 e Dorgival - Taveira Jr","robots":{"index":"index","follow":"follow","max-snippet":"max-snippet:-1","max-image-preview":"max-image-preview:large","max-video-preview":"max-video-preview:-1"},"canonical":"https:\/\/deputadotaveirajr.com.br\/index.php\/mossoro-cidade-junina-primeira-semana-tem-shows-de-nattan-wesley-safadao-flavio-jose-e-dorgival\/","og_locale":"pt_BR","og_type":"article","og_title":"Mossor\u00f3 Cidade Junina: primeira semana tem shows de Nattan, Wesley Safad\u00e3o, Fl\u00e1vio Jos\u00e9 e Dorgival - Taveira Jr","og_description":"Apresenta\u00e7\u00f5es na Esta\u00e7\u00e3o das Artes s\u00e3o gratuitas e come\u00e7am na quinta-feira (6). &#8216;Arrai\u00e1 do Povo&#8217; tem programa\u00e7\u00e3o no fim de semana. Wesley Safad\u00e3o se apresenta na sexta-feira no Mossor\u00f3 Cidade ...","og_url":"https:\/\/deputadotaveirajr.com.br\/index.php\/mossoro-cidade-junina-primeira-semana-tem-shows-de-nattan-wesley-safadao-flavio-jose-e-dorgival\/","og_site_name":"Taveira Jr","og_image":[{"width":1280,"height":853,"url":"https:\/\/deputadotaveirajr.com.br\/wp-content\/uploads\/2024\/06\/whatsapp-image-2024-01-12-at-23.10.01-mSsCAZ.jpeg","type":"image\/jpeg"}],"twitter_card":"summary_large_image","twitter_misc":{"Est. tempo de leitura":"1 minuto"},"schema":{"@context":"https:\/\/schema.org","@graph":[{"@type":"WebPage","@id":"https:\/\/deputadotaveirajr.com.br\/index.php\/mossoro-cidade-junina-primeira-semana-tem-shows-de-nattan-wesley-safadao-flavio-jose-e-dorgival\/","url":"https:\/\/deputadotaveirajr.com.br\/index.php\/mossoro-cidade-junina-primeira-semana-tem-shows-de-nattan-wesley-safadao-flavio-jose-e-dorgival\/","name":"Mossor\u00f3 Cidade Junina: primeira semana tem shows de Nattan, Wesley Safad\u00e3o, Fl\u00e1vio Jos\u00e9 e Dorgival - Taveira Jr","isPartOf":{"@id":"https:\/\/deputadotaveirajr.com.br\/#website"},"primaryImageOfPage":{"@id":"https:\/\/deputadotaveirajr.com.br\/index.php\/mossoro-cidade-junina-primeira-semana-tem-shows-de-nattan-wesley-safadao-flavio-jose-e-dorgival\/#primaryimage"},"image":{"@id":"https:\/\/deputadotaveirajr.com.br\/index.php\/mossoro-cidade-junina-primeira-semana-tem-shows-de-nattan-wesley-safadao-flavio-jose-e-dorgival\/#primaryimage"},"thumbnailUrl":"https:\/\/deputadotaveirajr.com.br\/wp-content\/uploads\/2024\/06\/whatsapp-image-2024-01-12-at-23.10.01-mSsCAZ.jpeg","datePublished":"2024-06-05T11:05:07+00:00","breadcrumb":{"@id":"https:\/\/deputadotaveirajr.com.br\/index.php\/mossoro-cidade-junina-primeira-semana-tem-shows-de-nattan-wesley-safadao-flavio-jose-e-dorgival\/#breadcrumb"},"inLanguage":"pt-BR","potentialAction":[{"@type":"ReadAction","target":["https:\/\/deputadotaveirajr.com.br\/index.php\/mossoro-cidade-junina-primeira-semana-tem-shows-de-nattan-wesley-safadao-flavio-jose-e-dorgival\/"]}]},{"@type":"ImageObject","inLanguage":"pt-BR","@id":"https:\/\/deputadotaveirajr.com.br\/index.php\/mossoro-cidade-junina-primeira-semana-tem-shows-de-nattan-wesley-safadao-flavio-jose-e-dorgival\/#primaryimage","url":"https:\/\/deputadotaveirajr.com.br\/wp-content\/uploads\/2024\/06\/whatsapp-image-2024-01-12-at-23.10.01-mSsCAZ.jpeg","contentUrl":"https:\/\/deputadotaveirajr.com.br\/wp-content\/uploads\/2024\/06\/whatsapp-image-2024-01-12-at-23.10.01-mSsCAZ.jpeg","width":1280,"height":853},{"@type":"BreadcrumbList","@id":"https:\/\/deputadotaveirajr.com.br\/index.php\/mossoro-cidade-junina-primeira-semana-tem-shows-de-nattan-wesley-safadao-flavio-jose-e-dorgival\/#breadcrumb","itemListElement":[{"@type":"ListItem","position":1,"name":"In\u00edcio","item":"https:\/\/deputadotaveirajr.com.br\/"},{"@type":"ListItem","position":2,"name":"Mossor\u00f3 Cidade Junina: primeira semana tem shows de Nattan, Wesley Safad\u00e3o, Fl\u00e1vio Jos\u00e9 e Dorgival"}]},{"@type":"WebSite","@id":"https:\/\/deputadotaveirajr.com.br\/#website","url":"https:\/\/deputadotaveirajr.com.br\/","name":"Taveira Jr","description":"Deputado Estadual","publisher":{"@id":"https:\/\/deputadotaveirajr.com.br\/#organization"},"potentialAction":[{"@type":"SearchAction","target":{"@type":"EntryPoint","urlTemplate":"https:\/\/deputadotaveirajr.com.br\/?s={search_term_string}"},"query-input":{"@type":"PropertyValueSpecification","valueRequired":true,"valueName":"search_term_string"}}],"inLanguage":"pt-BR"},{"@type":"Organization","@id":"https:\/\/deputadotaveirajr.com.br\/#organization","name":"Taveira Jr","url":"https:\/\/deputadotaveirajr.com.br\/","logo":{"@type":"ImageObject","inLanguage":"pt-BR","@id":"https:\/\/deputadotaveirajr.com.br\/#\/schema\/logo\/image\/","url":"https:\/\/deputadotaveirajr.com.br\/wp-content\/uploads\/2026\/01\/logolow2a.png","contentUrl":"https:\/\/deputadotaveirajr.com.br\/wp-content\/uploads\/2026\/01\/logolow2a.png","width":290,"height":80,"caption":"Taveira Jr"},"image":{"@id":"https:\/\/deputadotaveirajr.com.br\/#\/schema\/logo\/image\/"}}]}},"_links":{"self":[{"href":"https:\/\/deputadotaveirajr.com.br\/index.php\/wp-json\/wp\/v2\/pages\/6697","targetHints":{"allow":["GET"]}}],"collection":[{"href":"https:\/\/deputadotaveirajr.com.br\/index.php\/wp-json\/wp\/v2\/pages"}],"about":[{"href":"https:\/\/deputadotaveirajr.com.br\/index.php\/wp-json\/wp\/v2\/types\/page"}],"replies":[{"embeddable":true,"href":"https:\/\/deputadotaveirajr.com.br\/index.php\/wp-json\/wp\/v2\/comments?post=6697"}],"version-history":[{"count":1,"href":"https:\/\/deputadotaveirajr.com.br\/index.php\/wp-json\/wp\/v2\/pages\/6697\/revisions"}],"predecessor-version":[{"id":6699,"href":"https:\/\/deputadotaveirajr.com.br\/index.php\/wp-json\/wp\/v2\/pages\/6697\/revisions\/6699"}],"wp:featuredmedia":[{"embeddable":true,"href":"https:\/\/deputadotaveirajr.com.br\/index.php\/wp-json\/wp\/v2\/media\/6698"}],"wp:attachment":[{"href":"https:\/\/deputadotaveirajr.com.br\/index.php\/wp-json\/wp\/v2\/media?parent=6697"}],"curies":[{"name":"wp","href":"https:\/\/api.w.org\/{rel}","templated":true}]}}