{"id":6738,"date":"2024-06-06T22:54:56","date_gmt":"2024-06-07T01:54:56","guid":{"rendered":"https:\/\/deputadotaveirajr.com.br\/?page_id=6738"},"modified":"2024-06-06T22:54:56","modified_gmt":"2024-06-07T01:54:56","slug":"estudante-de-escola-publica-do-rn-e-aprovada-em-13-faculdades-estrangeiras-aos-18-anos-de-idade","status":"publish","type":"page","link":"https:\/\/deputadotaveirajr.com.br\/index.php\/estudante-de-escola-publica-do-rn-e-aprovada-em-13-faculdades-estrangeiras-aos-18-anos-de-idade\/","title":{"rendered":"Estudante de escola p\u00fablica do RN \u00e9 aprovada em 13 faculdades estrangeiras aos 18 anos de idade"},"content":{"rendered":"<p>     Maria Luiza optou por universidade na Fl\u00f3rida, nos Estados Unidos, onde vai cursar Engenharia El\u00e9trica, inspirada no pai. Ela fez ensino m\u00e9dio em Centro Estadual de Educa\u00e7\u00e3o Profissional. Estudante potiguar e\u0301 aprovada em 14 universidades<br \/>\nA estudante potiguar Maria Luiza Carlos Maia Cabral, de 18 anos de idade, foi aprovada em processos seletivos de 13 faculdades estrangeiras, al\u00e9m de ter passado tamb\u00e9m no vestibular para estudar na Universidade Federal do Rio Grande do Norte (UFRN).<br \/>\nCom as op\u00e7\u00f5es, a jovem decidiu fazer o curso de Engenharia El\u00e9trica na University of North Florida (UNF), dos Estados Unidos. O ano letivo para a estudante come\u00e7a no m\u00eas de agosto, data em que ela j\u00e1 precisa estar no novo pa\u00eds.<br \/>\n\ud83d\udcf3Participe do canal do g1 RN no WhatsApp<br \/>\n&#8220;Eu escolhi UNF por ser uma faculdade que me deu mais op\u00e7\u00f5es no \u00e2mbito financeiro. Al\u00e9m de ser uma faculdade muito bonita, \u00e9 uma faculdade cheia de oportunidades. Eles me deram uma bolsa que me permite ir para l\u00e1&#8221;, explicou.<br \/>\nEstudante potiguar passou em 13 faculdades estrangeiras<br \/>\nArquivo pessoal<br \/>\nA estudante cursou o ensino m\u00e9dio no Centro Estadual de Educa\u00e7\u00e3o Profissional Professora Lourdinha Guerra, de Parnamirim, mesma escola na qual atua um professor potiguar medalhista de ouro nas Olimp\u00edadas de Matem\u00e1tica.<br \/>\nA escolha para atuar na \u00e1rea de Engenharia El\u00e9trica se deu por influ\u00eancia do pai. A m\u00e3e, por sua vez, a influenciou a aprender ingl\u00eas e a buscar estudar fora do pa\u00eds.<br \/>\n&#8220;O meu pai segue essa \u00e1rea de energias renov\u00e1veis, de energia el\u00e9trica e automa\u00e7\u00e3o residencial. E eu segui a \u00e1rea por causa do meu pai. J\u00e1 a \u00e1rea de querer viajar, fazer faculdade fora, aprender o ingl\u00eas foi por causa da minha m\u00e3e, que \u00e9 professora de ingl\u00eas no ensino p\u00fablico&#8221;, contou.<br \/>\nDurante os processos seletivos, a estudante precisou fazer provas, apresentar atividades extracurriculares realizadas na escola, ser recomendado por professores, al\u00e9m de pontuar com medalhas estudantis conquistadas e men\u00e7\u00f5es honrosas.<br \/>\nEstudante potiguar passou em 13 processos seletivos<br \/>\nReprodu\u00e7\u00e3o\/Inter TV Cabugi<br \/>\nEm 2022, a estudante j\u00e1 havia ganho uma bolsa de interc\u00e2mbio com tudo pago para Houston, no Texas, onde passou um m\u00eas. Nesse tempo, chegou a visitar a Nasa. Esse per\u00edodo aumentou o interesse de estudar fora do Brasil.<br \/>\n&#8220;Eu sempre tive esse interesse de sair da bolha que eu vivia, poder conhecer outros lugares, pessoas diferentes, ent\u00e3o eu, desde pequena, sempre tive essa influ\u00eancia de n\u00e3o querer ficar naquele ninho do pai e da m\u00e3e. Eles sempre me incentivaram a correr atr\u00e1s e viver minha vida&#8221;, disse.<br \/>\nA tia Maria Diana contou que a sobrinha Maria Luiza sempre teve exemplos importantes de mulheres na fam\u00edlia para acreditar no sonho.<br \/>\n&#8220;N\u00f3s somos oito mulheres que viemos do interior do estado, de Almino Afonso, e sempre acreditamos na nossa base familia, em Deus e nos estudos. Maria Luiza sempre teve o exemplo muito forte em rela\u00e7\u00e3o a isso&#8221; contou a tia.<br \/>\n&#8220;A gente vai sentir muita falta, mas \u00e9 uma saudade de alegria, de saber que ela est\u00e1 realizando sonhos&#8221;, completou.<br \/>\nA jovem abriu uma rifa para arrecadar recursos para conseguir comprar a passagem e custear as primeiras despesas da viagem. (Veja os contatos na reportagem em v\u00eddeo).<br \/>\nV\u00eddeos mais assistidos do g1 RN<\/p>","protected":false},"excerpt":{"rendered":"<p>Maria Luiza optou por universidade na Fl\u00f3rida, nos Estados Unidos, onde vai cursar Engenharia El\u00e9trica, inspirada no pai. Ela fez ensino m\u00e9dio em Centro Estadual de Educa\u00e7\u00e3o Profissional. Estudante potiguar &#8230;<\/p>\n","protected":false},"author":0,"featured_media":6739,"parent":0,"menu_order":0,"comment_status":"closed","ping_status":"closed","template":"","meta":{"footnotes":""},"class_list":["post-6738","page","type-page","status-publish","has-post-thumbnail","hentry"],"yoast_head":"<!-- This site is optimized with the Yoast SEO plugin v27.1.1 - https:\/\/yoast.com\/product\/yoast-seo-wordpress\/ -->\n<title>Estudante de escola p\u00fablica do RN \u00e9 aprovada em 13 faculdades estrangeiras aos 18 anos de idade - Taveira Jr<\/title>\n<meta name=\"robots\" content=\"index, follow, max-snippet:-1, max-image-preview:large, max-video-preview:-1\" \/>\n<link rel=\"canonical\" href=\"https:\/\/deputadotaveirajr.com.br\/index.php\/estudante-de-escola-publica-do-rn-e-aprovada-em-13-faculdades-estrangeiras-aos-18-anos-de-idade\/\" \/>\n<meta property=\"og:locale\" content=\"pt_BR\" \/>\n<meta property=\"og:type\" content=\"article\" \/>\n<meta property=\"og:title\" content=\"Estudante de escola p\u00fablica do RN \u00e9 aprovada em 13 faculdades estrangeiras aos 18 anos de idade - Taveira Jr\" \/>\n<meta property=\"og:description\" content=\"Maria Luiza optou por universidade na Fl\u00f3rida, nos Estados Unidos, onde vai cursar Engenharia El\u00e9trica, inspirada no pai. Ela fez ensino m\u00e9dio em Centro Estadual de Educa\u00e7\u00e3o Profissional. Estudante potiguar ...\" \/>\n<meta property=\"og:url\" content=\"https:\/\/deputadotaveirajr.com.br\/index.php\/estudante-de-escola-publica-do-rn-e-aprovada-em-13-faculdades-estrangeiras-aos-18-anos-de-idade\/\" \/>\n<meta property=\"og:site_name\" content=\"Taveira Jr\" \/>\n<meta property=\"og:image\" content=\"https:\/\/deputadotaveirajr.com.br\/wp-content\/uploads\/2024\/06\/captura-de-tela-2024-06-06-185011-oQ5xae.jpeg\" \/>\n\t<meta property=\"og:image:width\" content=\"763\" \/>\n\t<meta property=\"og:image:height\" content=\"695\" \/>\n\t<meta property=\"og:image:type\" content=\"image\/jpeg\" \/>\n<meta name=\"twitter:card\" content=\"summary_large_image\" \/>\n<meta name=\"twitter:label1\" content=\"Est. tempo de leitura\" \/>\n\t<meta name=\"twitter:data1\" content=\"3 minutos\" \/>\n<script type=\"application\/ld+json\" class=\"yoast-schema-graph\">{\"@context\":\"https:\/\/schema.org\",\"@graph\":[{\"@type\":\"WebPage\",\"@id\":\"https:\/\/deputadotaveirajr.com.br\/index.php\/estudante-de-escola-publica-do-rn-e-aprovada-em-13-faculdades-estrangeiras-aos-18-anos-de-idade\/\",\"url\":\"https:\/\/deputadotaveirajr.com.br\/index.php\/estudante-de-escola-publica-do-rn-e-aprovada-em-13-faculdades-estrangeiras-aos-18-anos-de-idade\/\",\"name\":\"Estudante de escola p\u00fablica do RN \u00e9 aprovada em 13 faculdades estrangeiras aos 18 anos de idade - Taveira Jr\",\"isPartOf\":{\"@id\":\"https:\/\/deputadotaveirajr.com.br\/#website\"},\"primaryImageOfPage\":{\"@id\":\"https:\/\/deputadotaveirajr.com.br\/index.php\/estudante-de-escola-publica-do-rn-e-aprovada-em-13-faculdades-estrangeiras-aos-18-anos-de-idade\/#primaryimage\"},\"image\":{\"@id\":\"https:\/\/deputadotaveirajr.com.br\/index.php\/estudante-de-escola-publica-do-rn-e-aprovada-em-13-faculdades-estrangeiras-aos-18-anos-de-idade\/#primaryimage\"},\"thumbnailUrl\":\"https:\/\/deputadotaveirajr.com.br\/wp-content\/uploads\/2024\/06\/captura-de-tela-2024-06-06-185011-oQ5xae.jpeg\",\"datePublished\":\"2024-06-07T01:54:56+00:00\",\"breadcrumb\":{\"@id\":\"https:\/\/deputadotaveirajr.com.br\/index.php\/estudante-de-escola-publica-do-rn-e-aprovada-em-13-faculdades-estrangeiras-aos-18-anos-de-idade\/#breadcrumb\"},\"inLanguage\":\"pt-BR\",\"potentialAction\":[{\"@type\":\"ReadAction\",\"target\":[\"https:\/\/deputadotaveirajr.com.br\/index.php\/estudante-de-escola-publica-do-rn-e-aprovada-em-13-faculdades-estrangeiras-aos-18-anos-de-idade\/\"]}]},{\"@type\":\"ImageObject\",\"inLanguage\":\"pt-BR\",\"@id\":\"https:\/\/deputadotaveirajr.com.br\/index.php\/estudante-de-escola-publica-do-rn-e-aprovada-em-13-faculdades-estrangeiras-aos-18-anos-de-idade\/#primaryimage\",\"url\":\"https:\/\/deputadotaveirajr.com.br\/wp-content\/uploads\/2024\/06\/captura-de-tela-2024-06-06-185011-oQ5xae.jpeg\",\"contentUrl\":\"https:\/\/deputadotaveirajr.com.br\/wp-content\/uploads\/2024\/06\/captura-de-tela-2024-06-06-185011-oQ5xae.jpeg\",\"width\":763,\"height\":695},{\"@type\":\"BreadcrumbList\",\"@id\":\"https:\/\/deputadotaveirajr.com.br\/index.php\/estudante-de-escola-publica-do-rn-e-aprovada-em-13-faculdades-estrangeiras-aos-18-anos-de-idade\/#breadcrumb\",\"itemListElement\":[{\"@type\":\"ListItem\",\"position\":1,\"name\":\"In\u00edcio\",\"item\":\"https:\/\/deputadotaveirajr.com.br\/\"},{\"@type\":\"ListItem\",\"position\":2,\"name\":\"Estudante de escola p\u00fablica do RN \u00e9 aprovada em 13 faculdades estrangeiras aos 18 anos de idade\"}]},{\"@type\":\"WebSite\",\"@id\":\"https:\/\/deputadotaveirajr.com.br\/#website\",\"url\":\"https:\/\/deputadotaveirajr.com.br\/\",\"name\":\"Taveira Jr\",\"description\":\"Deputado Estadual\",\"publisher\":{\"@id\":\"https:\/\/deputadotaveirajr.com.br\/#organization\"},\"potentialAction\":[{\"@type\":\"SearchAction\",\"target\":{\"@type\":\"EntryPoint\",\"urlTemplate\":\"https:\/\/deputadotaveirajr.com.br\/?s={search_term_string}\"},\"query-input\":{\"@type\":\"PropertyValueSpecification\",\"valueRequired\":true,\"valueName\":\"search_term_string\"}}],\"inLanguage\":\"pt-BR\"},{\"@type\":\"Organization\",\"@id\":\"https:\/\/deputadotaveirajr.com.br\/#organization\",\"name\":\"Taveira Jr\",\"url\":\"https:\/\/deputadotaveirajr.com.br\/\",\"logo\":{\"@type\":\"ImageObject\",\"inLanguage\":\"pt-BR\",\"@id\":\"https:\/\/deputadotaveirajr.com.br\/#\/schema\/logo\/image\/\",\"url\":\"https:\/\/deputadotaveirajr.com.br\/wp-content\/uploads\/2026\/01\/logolow2a.png\",\"contentUrl\":\"https:\/\/deputadotaveirajr.com.br\/wp-content\/uploads\/2026\/01\/logolow2a.png\",\"width\":290,\"height\":80,\"caption\":\"Taveira Jr\"},\"image\":{\"@id\":\"https:\/\/deputadotaveirajr.com.br\/#\/schema\/logo\/image\/\"}}]}<\/script>\n<!-- \/ Yoast SEO plugin. -->","yoast_head_json":{"title":"Estudante de escola p\u00fablica do RN \u00e9 aprovada em 13 faculdades estrangeiras aos 18 anos de idade - Taveira Jr","robots":{"index":"index","follow":"follow","max-snippet":"max-snippet:-1","max-image-preview":"max-image-preview:large","max-video-preview":"max-video-preview:-1"},"canonical":"https:\/\/deputadotaveirajr.com.br\/index.php\/estudante-de-escola-publica-do-rn-e-aprovada-em-13-faculdades-estrangeiras-aos-18-anos-de-idade\/","og_locale":"pt_BR","og_type":"article","og_title":"Estudante de escola p\u00fablica do RN \u00e9 aprovada em 13 faculdades estrangeiras aos 18 anos de idade - Taveira Jr","og_description":"Maria Luiza optou por universidade na Fl\u00f3rida, nos Estados Unidos, onde vai cursar Engenharia El\u00e9trica, inspirada no pai. Ela fez ensino m\u00e9dio em Centro Estadual de Educa\u00e7\u00e3o Profissional. Estudante potiguar ...","og_url":"https:\/\/deputadotaveirajr.com.br\/index.php\/estudante-de-escola-publica-do-rn-e-aprovada-em-13-faculdades-estrangeiras-aos-18-anos-de-idade\/","og_site_name":"Taveira Jr","og_image":[{"width":763,"height":695,"url":"https:\/\/deputadotaveirajr.com.br\/wp-content\/uploads\/2024\/06\/captura-de-tela-2024-06-06-185011-oQ5xae.jpeg","type":"image\/jpeg"}],"twitter_card":"summary_large_image","twitter_misc":{"Est. tempo de leitura":"3 minutos"},"schema":{"@context":"https:\/\/schema.org","@graph":[{"@type":"WebPage","@id":"https:\/\/deputadotaveirajr.com.br\/index.php\/estudante-de-escola-publica-do-rn-e-aprovada-em-13-faculdades-estrangeiras-aos-18-anos-de-idade\/","url":"https:\/\/deputadotaveirajr.com.br\/index.php\/estudante-de-escola-publica-do-rn-e-aprovada-em-13-faculdades-estrangeiras-aos-18-anos-de-idade\/","name":"Estudante de escola p\u00fablica do RN \u00e9 aprovada em 13 faculdades estrangeiras aos 18 anos de idade - Taveira Jr","isPartOf":{"@id":"https:\/\/deputadotaveirajr.com.br\/#website"},"primaryImageOfPage":{"@id":"https:\/\/deputadotaveirajr.com.br\/index.php\/estudante-de-escola-publica-do-rn-e-aprovada-em-13-faculdades-estrangeiras-aos-18-anos-de-idade\/#primaryimage"},"image":{"@id":"https:\/\/deputadotaveirajr.com.br\/index.php\/estudante-de-escola-publica-do-rn-e-aprovada-em-13-faculdades-estrangeiras-aos-18-anos-de-idade\/#primaryimage"},"thumbnailUrl":"https:\/\/deputadotaveirajr.com.br\/wp-content\/uploads\/2024\/06\/captura-de-tela-2024-06-06-185011-oQ5xae.jpeg","datePublished":"2024-06-07T01:54:56+00:00","breadcrumb":{"@id":"https:\/\/deputadotaveirajr.com.br\/index.php\/estudante-de-escola-publica-do-rn-e-aprovada-em-13-faculdades-estrangeiras-aos-18-anos-de-idade\/#breadcrumb"},"inLanguage":"pt-BR","potentialAction":[{"@type":"ReadAction","target":["https:\/\/deputadotaveirajr.com.br\/index.php\/estudante-de-escola-publica-do-rn-e-aprovada-em-13-faculdades-estrangeiras-aos-18-anos-de-idade\/"]}]},{"@type":"ImageObject","inLanguage":"pt-BR","@id":"https:\/\/deputadotaveirajr.com.br\/index.php\/estudante-de-escola-publica-do-rn-e-aprovada-em-13-faculdades-estrangeiras-aos-18-anos-de-idade\/#primaryimage","url":"https:\/\/deputadotaveirajr.com.br\/wp-content\/uploads\/2024\/06\/captura-de-tela-2024-06-06-185011-oQ5xae.jpeg","contentUrl":"https:\/\/deputadotaveirajr.com.br\/wp-content\/uploads\/2024\/06\/captura-de-tela-2024-06-06-185011-oQ5xae.jpeg","width":763,"height":695},{"@type":"BreadcrumbList","@id":"https:\/\/deputadotaveirajr.com.br\/index.php\/estudante-de-escola-publica-do-rn-e-aprovada-em-13-faculdades-estrangeiras-aos-18-anos-de-idade\/#breadcrumb","itemListElement":[{"@type":"ListItem","position":1,"name":"In\u00edcio","item":"https:\/\/deputadotaveirajr.com.br\/"},{"@type":"ListItem","position":2,"name":"Estudante de escola p\u00fablica do RN \u00e9 aprovada em 13 faculdades estrangeiras aos 18 anos de idade"}]},{"@type":"WebSite","@id":"https:\/\/deputadotaveirajr.com.br\/#website","url":"https:\/\/deputadotaveirajr.com.br\/","name":"Taveira Jr","description":"Deputado Estadual","publisher":{"@id":"https:\/\/deputadotaveirajr.com.br\/#organization"},"potentialAction":[{"@type":"SearchAction","target":{"@type":"EntryPoint","urlTemplate":"https:\/\/deputadotaveirajr.com.br\/?s={search_term_string}"},"query-input":{"@type":"PropertyValueSpecification","valueRequired":true,"valueName":"search_term_string"}}],"inLanguage":"pt-BR"},{"@type":"Organization","@id":"https:\/\/deputadotaveirajr.com.br\/#organization","name":"Taveira Jr","url":"https:\/\/deputadotaveirajr.com.br\/","logo":{"@type":"ImageObject","inLanguage":"pt-BR","@id":"https:\/\/deputadotaveirajr.com.br\/#\/schema\/logo\/image\/","url":"https:\/\/deputadotaveirajr.com.br\/wp-content\/uploads\/2026\/01\/logolow2a.png","contentUrl":"https:\/\/deputadotaveirajr.com.br\/wp-content\/uploads\/2026\/01\/logolow2a.png","width":290,"height":80,"caption":"Taveira Jr"},"image":{"@id":"https:\/\/deputadotaveirajr.com.br\/#\/schema\/logo\/image\/"}}]}},"_links":{"self":[{"href":"https:\/\/deputadotaveirajr.com.br\/index.php\/wp-json\/wp\/v2\/pages\/6738","targetHints":{"allow":["GET"]}}],"collection":[{"href":"https:\/\/deputadotaveirajr.com.br\/index.php\/wp-json\/wp\/v2\/pages"}],"about":[{"href":"https:\/\/deputadotaveirajr.com.br\/index.php\/wp-json\/wp\/v2\/types\/page"}],"replies":[{"embeddable":true,"href":"https:\/\/deputadotaveirajr.com.br\/index.php\/wp-json\/wp\/v2\/comments?post=6738"}],"version-history":[{"count":1,"href":"https:\/\/deputadotaveirajr.com.br\/index.php\/wp-json\/wp\/v2\/pages\/6738\/revisions"}],"predecessor-version":[{"id":6744,"href":"https:\/\/deputadotaveirajr.com.br\/index.php\/wp-json\/wp\/v2\/pages\/6738\/revisions\/6744"}],"wp:featuredmedia":[{"embeddable":true,"href":"https:\/\/deputadotaveirajr.com.br\/index.php\/wp-json\/wp\/v2\/media\/6739"}],"wp:attachment":[{"href":"https:\/\/deputadotaveirajr.com.br\/index.php\/wp-json\/wp\/v2\/media?parent=6738"}],"curies":[{"name":"wp","href":"https:\/\/api.w.org\/{rel}","templated":true}]}}