{"id":6760,"date":"2024-06-07T19:02:03","date_gmt":"2024-06-07T22:02:03","guid":{"rendered":"https:\/\/deputadotaveirajr.com.br\/?page_id=6760"},"modified":"2024-06-07T19:02:03","modified_gmt":"2024-06-07T22:02:03","slug":"expediente-de-trabalho-nos-orgaos-publicos-de-natal-e-reduzido-para-seis-horas-por-dia","status":"publish","type":"page","link":"https:\/\/deputadotaveirajr.com.br\/index.php\/expediente-de-trabalho-nos-orgaos-publicos-de-natal-e-reduzido-para-seis-horas-por-dia\/","title":{"rendered":"Expediente de trabalho nos \u00f3rg\u00e3os p\u00fablicos de Natal \u00e9 reduzido para seis horas por dia"},"content":{"rendered":"<p>     Novo hor\u00e1rio, que passa a valer a partir desta sexta-feira (7) para secretarias, \u00e9 das 8h \u00e0s 14h. Antes, expediente seguia at\u00e9 16h.  Prefeitura de Natal &#8211; Pal\u00e1cio Felipe Camar\u00e3o &#8211; Sede fachada pr\u00e9dio<br \/>\nFrancielly Medeiros\/Inter TV Cabugi<br \/>\nA prefeitura de Natal reduziu o expediente de trabalho em todos os \u00f3rg\u00e3os do Munic\u00edpio para seis horas di\u00e1rias. Assim, o funcionamento passa a ser das 8h \u00e0s 14h para os servidores de segunda a sexta-feira.<br \/>\nA altera\u00e7\u00e3o foi publicada no Di\u00e1rio Oficial do Munic\u00edpio (DOM) desta sexta-feira (7), data em que a medida passou a valer. Antes, o hor\u00e1rio do expediente era de 8h \u00e0s 16h &#8211; duas horas a mais.<br \/>\n\ud83d\udcf3Participe do canal do g1 RN no WhatsApp<br \/>\nA publica\u00e7\u00e3o estabelece a altera\u00e7\u00e3o para &#8220;todos os \u00d3rg\u00e3os P\u00fablicos da Administra\u00e7\u00e3o Direta, Indireta, Aut\u00e1rquica e Fundacional no \u00e2mbito do Munic\u00edpio do Natal&#8221; que trabalham de forma presencial.<br \/>\nO g1 procurou a prefeitura de Natal para explicar a mudan\u00e7a no hor\u00e1rio do expediente, mas n\u00e3o recebeu nenhuma resposta at\u00e9 a atualiza\u00e7\u00e3o mais recente desta reportagem.<br \/>\nO decreto entrega ainda ao titular de cada pasta o direito de &#8220;estabelecer crit\u00e9rios espec\u00edficos, em virtude da funcionalidade do \u00f3rg\u00e3o, desde que respeitado o hor\u00e1rio m\u00ednimo disposto&#8221;. A publica\u00e7\u00e3o deve ser feita por portaria e tendo &#8220;o hor\u00e1rio de expediente em conson\u00e2ncia com a necessidade da pasta&#8221;<br \/>\nO documento tamb\u00e9m refor\u00e7ou a proibi\u00e7\u00e3o do trabalho remoto ou qualquer tipo de trabalho por escala no \u00e2mbito administrativo. A medida j\u00e1 havia sido publicada em mar\u00e7o de 2023.<br \/>\nV\u00eddeos mais assistidos do g1 RN<\/p>","protected":false},"excerpt":{"rendered":"<p>Novo hor\u00e1rio, que passa a valer a partir desta sexta-feira (7) para secretarias, \u00e9 das 8h \u00e0s 14h. Antes, expediente seguia at\u00e9 16h. Prefeitura de Natal &#8211; Pal\u00e1cio Felipe Camar\u00e3o &#8230;<\/p>\n","protected":false},"author":0,"featured_media":6761,"parent":0,"menu_order":0,"comment_status":"closed","ping_status":"closed","template":"","meta":{"footnotes":""},"class_list":["post-6760","page","type-page","status-publish","has-post-thumbnail","hentry"],"yoast_head":"<!-- This site is optimized with the Yoast SEO plugin v27.1.1 - https:\/\/yoast.com\/product\/yoast-seo-wordpress\/ -->\n<title>Expediente de trabalho nos \u00f3rg\u00e3os p\u00fablicos de Natal \u00e9 reduzido para seis horas por dia - Taveira Jr<\/title>\n<meta name=\"robots\" content=\"index, follow, max-snippet:-1, max-image-preview:large, max-video-preview:-1\" \/>\n<link rel=\"canonical\" href=\"https:\/\/deputadotaveirajr.com.br\/index.php\/expediente-de-trabalho-nos-orgaos-publicos-de-natal-e-reduzido-para-seis-horas-por-dia\/\" \/>\n<meta property=\"og:locale\" content=\"pt_BR\" \/>\n<meta property=\"og:type\" content=\"article\" \/>\n<meta property=\"og:title\" content=\"Expediente de trabalho nos \u00f3rg\u00e3os p\u00fablicos de Natal \u00e9 reduzido para seis horas por dia - Taveira Jr\" \/>\n<meta property=\"og:description\" content=\"Novo hor\u00e1rio, que passa a valer a partir desta sexta-feira (7) para secretarias, \u00e9 das 8h \u00e0s 14h. Antes, expediente seguia at\u00e9 16h. Prefeitura de Natal &#8211; Pal\u00e1cio Felipe Camar\u00e3o ...\" \/>\n<meta property=\"og:url\" content=\"https:\/\/deputadotaveirajr.com.br\/index.php\/expediente-de-trabalho-nos-orgaos-publicos-de-natal-e-reduzido-para-seis-horas-por-dia\/\" \/>\n<meta property=\"og:site_name\" content=\"Taveira Jr\" \/>\n<meta property=\"og:image\" content=\"https:\/\/deputadotaveirajr.com.br\/wp-content\/uploads\/2024\/06\/whatsapp-image-2023-05-26-at-17.46.11-1-IUpzkd.jpeg\" \/>\n\t<meta property=\"og:image:width\" content=\"1600\" \/>\n\t<meta property=\"og:image:height\" content=\"900\" \/>\n\t<meta property=\"og:image:type\" content=\"image\/jpeg\" \/>\n<meta name=\"twitter:card\" content=\"summary_large_image\" \/>\n<meta name=\"twitter:label1\" content=\"Est. tempo de leitura\" \/>\n\t<meta name=\"twitter:data1\" content=\"1 minuto\" \/>\n<script type=\"application\/ld+json\" class=\"yoast-schema-graph\">{\"@context\":\"https:\/\/schema.org\",\"@graph\":[{\"@type\":\"WebPage\",\"@id\":\"https:\/\/deputadotaveirajr.com.br\/index.php\/expediente-de-trabalho-nos-orgaos-publicos-de-natal-e-reduzido-para-seis-horas-por-dia\/\",\"url\":\"https:\/\/deputadotaveirajr.com.br\/index.php\/expediente-de-trabalho-nos-orgaos-publicos-de-natal-e-reduzido-para-seis-horas-por-dia\/\",\"name\":\"Expediente de trabalho nos \u00f3rg\u00e3os p\u00fablicos de Natal \u00e9 reduzido para seis horas por dia - Taveira Jr\",\"isPartOf\":{\"@id\":\"https:\/\/deputadotaveirajr.com.br\/#website\"},\"primaryImageOfPage\":{\"@id\":\"https:\/\/deputadotaveirajr.com.br\/index.php\/expediente-de-trabalho-nos-orgaos-publicos-de-natal-e-reduzido-para-seis-horas-por-dia\/#primaryimage\"},\"image\":{\"@id\":\"https:\/\/deputadotaveirajr.com.br\/index.php\/expediente-de-trabalho-nos-orgaos-publicos-de-natal-e-reduzido-para-seis-horas-por-dia\/#primaryimage\"},\"thumbnailUrl\":\"https:\/\/deputadotaveirajr.com.br\/wp-content\/uploads\/2024\/06\/whatsapp-image-2023-05-26-at-17.46.11-1-IUpzkd.jpeg\",\"datePublished\":\"2024-06-07T22:02:03+00:00\",\"breadcrumb\":{\"@id\":\"https:\/\/deputadotaveirajr.com.br\/index.php\/expediente-de-trabalho-nos-orgaos-publicos-de-natal-e-reduzido-para-seis-horas-por-dia\/#breadcrumb\"},\"inLanguage\":\"pt-BR\",\"potentialAction\":[{\"@type\":\"ReadAction\",\"target\":[\"https:\/\/deputadotaveirajr.com.br\/index.php\/expediente-de-trabalho-nos-orgaos-publicos-de-natal-e-reduzido-para-seis-horas-por-dia\/\"]}]},{\"@type\":\"ImageObject\",\"inLanguage\":\"pt-BR\",\"@id\":\"https:\/\/deputadotaveirajr.com.br\/index.php\/expediente-de-trabalho-nos-orgaos-publicos-de-natal-e-reduzido-para-seis-horas-por-dia\/#primaryimage\",\"url\":\"https:\/\/deputadotaveirajr.com.br\/wp-content\/uploads\/2024\/06\/whatsapp-image-2023-05-26-at-17.46.11-1-IUpzkd.jpeg\",\"contentUrl\":\"https:\/\/deputadotaveirajr.com.br\/wp-content\/uploads\/2024\/06\/whatsapp-image-2023-05-26-at-17.46.11-1-IUpzkd.jpeg\",\"width\":1600,\"height\":900},{\"@type\":\"BreadcrumbList\",\"@id\":\"https:\/\/deputadotaveirajr.com.br\/index.php\/expediente-de-trabalho-nos-orgaos-publicos-de-natal-e-reduzido-para-seis-horas-por-dia\/#breadcrumb\",\"itemListElement\":[{\"@type\":\"ListItem\",\"position\":1,\"name\":\"In\u00edcio\",\"item\":\"https:\/\/deputadotaveirajr.com.br\/\"},{\"@type\":\"ListItem\",\"position\":2,\"name\":\"Expediente de trabalho nos \u00f3rg\u00e3os p\u00fablicos de Natal \u00e9 reduzido para seis horas por dia\"}]},{\"@type\":\"WebSite\",\"@id\":\"https:\/\/deputadotaveirajr.com.br\/#website\",\"url\":\"https:\/\/deputadotaveirajr.com.br\/\",\"name\":\"Taveira Jr\",\"description\":\"Deputado Estadual\",\"publisher\":{\"@id\":\"https:\/\/deputadotaveirajr.com.br\/#organization\"},\"potentialAction\":[{\"@type\":\"SearchAction\",\"target\":{\"@type\":\"EntryPoint\",\"urlTemplate\":\"https:\/\/deputadotaveirajr.com.br\/?s={search_term_string}\"},\"query-input\":{\"@type\":\"PropertyValueSpecification\",\"valueRequired\":true,\"valueName\":\"search_term_string\"}}],\"inLanguage\":\"pt-BR\"},{\"@type\":\"Organization\",\"@id\":\"https:\/\/deputadotaveirajr.com.br\/#organization\",\"name\":\"Taveira Jr\",\"url\":\"https:\/\/deputadotaveirajr.com.br\/\",\"logo\":{\"@type\":\"ImageObject\",\"inLanguage\":\"pt-BR\",\"@id\":\"https:\/\/deputadotaveirajr.com.br\/#\/schema\/logo\/image\/\",\"url\":\"https:\/\/deputadotaveirajr.com.br\/wp-content\/uploads\/2026\/01\/logolow2a.png\",\"contentUrl\":\"https:\/\/deputadotaveirajr.com.br\/wp-content\/uploads\/2026\/01\/logolow2a.png\",\"width\":290,\"height\":80,\"caption\":\"Taveira Jr\"},\"image\":{\"@id\":\"https:\/\/deputadotaveirajr.com.br\/#\/schema\/logo\/image\/\"}}]}<\/script>\n<!-- \/ Yoast SEO plugin. -->","yoast_head_json":{"title":"Expediente de trabalho nos \u00f3rg\u00e3os p\u00fablicos de Natal \u00e9 reduzido para seis horas por dia - Taveira Jr","robots":{"index":"index","follow":"follow","max-snippet":"max-snippet:-1","max-image-preview":"max-image-preview:large","max-video-preview":"max-video-preview:-1"},"canonical":"https:\/\/deputadotaveirajr.com.br\/index.php\/expediente-de-trabalho-nos-orgaos-publicos-de-natal-e-reduzido-para-seis-horas-por-dia\/","og_locale":"pt_BR","og_type":"article","og_title":"Expediente de trabalho nos \u00f3rg\u00e3os p\u00fablicos de Natal \u00e9 reduzido para seis horas por dia - Taveira Jr","og_description":"Novo hor\u00e1rio, que passa a valer a partir desta sexta-feira (7) para secretarias, \u00e9 das 8h \u00e0s 14h. Antes, expediente seguia at\u00e9 16h. Prefeitura de Natal &#8211; Pal\u00e1cio Felipe Camar\u00e3o ...","og_url":"https:\/\/deputadotaveirajr.com.br\/index.php\/expediente-de-trabalho-nos-orgaos-publicos-de-natal-e-reduzido-para-seis-horas-por-dia\/","og_site_name":"Taveira Jr","og_image":[{"width":1600,"height":900,"url":"https:\/\/deputadotaveirajr.com.br\/wp-content\/uploads\/2024\/06\/whatsapp-image-2023-05-26-at-17.46.11-1-IUpzkd.jpeg","type":"image\/jpeg"}],"twitter_card":"summary_large_image","twitter_misc":{"Est. tempo de leitura":"1 minuto"},"schema":{"@context":"https:\/\/schema.org","@graph":[{"@type":"WebPage","@id":"https:\/\/deputadotaveirajr.com.br\/index.php\/expediente-de-trabalho-nos-orgaos-publicos-de-natal-e-reduzido-para-seis-horas-por-dia\/","url":"https:\/\/deputadotaveirajr.com.br\/index.php\/expediente-de-trabalho-nos-orgaos-publicos-de-natal-e-reduzido-para-seis-horas-por-dia\/","name":"Expediente de trabalho nos \u00f3rg\u00e3os p\u00fablicos de Natal \u00e9 reduzido para seis horas por dia - Taveira Jr","isPartOf":{"@id":"https:\/\/deputadotaveirajr.com.br\/#website"},"primaryImageOfPage":{"@id":"https:\/\/deputadotaveirajr.com.br\/index.php\/expediente-de-trabalho-nos-orgaos-publicos-de-natal-e-reduzido-para-seis-horas-por-dia\/#primaryimage"},"image":{"@id":"https:\/\/deputadotaveirajr.com.br\/index.php\/expediente-de-trabalho-nos-orgaos-publicos-de-natal-e-reduzido-para-seis-horas-por-dia\/#primaryimage"},"thumbnailUrl":"https:\/\/deputadotaveirajr.com.br\/wp-content\/uploads\/2024\/06\/whatsapp-image-2023-05-26-at-17.46.11-1-IUpzkd.jpeg","datePublished":"2024-06-07T22:02:03+00:00","breadcrumb":{"@id":"https:\/\/deputadotaveirajr.com.br\/index.php\/expediente-de-trabalho-nos-orgaos-publicos-de-natal-e-reduzido-para-seis-horas-por-dia\/#breadcrumb"},"inLanguage":"pt-BR","potentialAction":[{"@type":"ReadAction","target":["https:\/\/deputadotaveirajr.com.br\/index.php\/expediente-de-trabalho-nos-orgaos-publicos-de-natal-e-reduzido-para-seis-horas-por-dia\/"]}]},{"@type":"ImageObject","inLanguage":"pt-BR","@id":"https:\/\/deputadotaveirajr.com.br\/index.php\/expediente-de-trabalho-nos-orgaos-publicos-de-natal-e-reduzido-para-seis-horas-por-dia\/#primaryimage","url":"https:\/\/deputadotaveirajr.com.br\/wp-content\/uploads\/2024\/06\/whatsapp-image-2023-05-26-at-17.46.11-1-IUpzkd.jpeg","contentUrl":"https:\/\/deputadotaveirajr.com.br\/wp-content\/uploads\/2024\/06\/whatsapp-image-2023-05-26-at-17.46.11-1-IUpzkd.jpeg","width":1600,"height":900},{"@type":"BreadcrumbList","@id":"https:\/\/deputadotaveirajr.com.br\/index.php\/expediente-de-trabalho-nos-orgaos-publicos-de-natal-e-reduzido-para-seis-horas-por-dia\/#breadcrumb","itemListElement":[{"@type":"ListItem","position":1,"name":"In\u00edcio","item":"https:\/\/deputadotaveirajr.com.br\/"},{"@type":"ListItem","position":2,"name":"Expediente de trabalho nos \u00f3rg\u00e3os p\u00fablicos de Natal \u00e9 reduzido para seis horas por dia"}]},{"@type":"WebSite","@id":"https:\/\/deputadotaveirajr.com.br\/#website","url":"https:\/\/deputadotaveirajr.com.br\/","name":"Taveira Jr","description":"Deputado Estadual","publisher":{"@id":"https:\/\/deputadotaveirajr.com.br\/#organization"},"potentialAction":[{"@type":"SearchAction","target":{"@type":"EntryPoint","urlTemplate":"https:\/\/deputadotaveirajr.com.br\/?s={search_term_string}"},"query-input":{"@type":"PropertyValueSpecification","valueRequired":true,"valueName":"search_term_string"}}],"inLanguage":"pt-BR"},{"@type":"Organization","@id":"https:\/\/deputadotaveirajr.com.br\/#organization","name":"Taveira Jr","url":"https:\/\/deputadotaveirajr.com.br\/","logo":{"@type":"ImageObject","inLanguage":"pt-BR","@id":"https:\/\/deputadotaveirajr.com.br\/#\/schema\/logo\/image\/","url":"https:\/\/deputadotaveirajr.com.br\/wp-content\/uploads\/2026\/01\/logolow2a.png","contentUrl":"https:\/\/deputadotaveirajr.com.br\/wp-content\/uploads\/2026\/01\/logolow2a.png","width":290,"height":80,"caption":"Taveira Jr"},"image":{"@id":"https:\/\/deputadotaveirajr.com.br\/#\/schema\/logo\/image\/"}}]}},"_links":{"self":[{"href":"https:\/\/deputadotaveirajr.com.br\/index.php\/wp-json\/wp\/v2\/pages\/6760","targetHints":{"allow":["GET"]}}],"collection":[{"href":"https:\/\/deputadotaveirajr.com.br\/index.php\/wp-json\/wp\/v2\/pages"}],"about":[{"href":"https:\/\/deputadotaveirajr.com.br\/index.php\/wp-json\/wp\/v2\/types\/page"}],"replies":[{"embeddable":true,"href":"https:\/\/deputadotaveirajr.com.br\/index.php\/wp-json\/wp\/v2\/comments?post=6760"}],"version-history":[{"count":1,"href":"https:\/\/deputadotaveirajr.com.br\/index.php\/wp-json\/wp\/v2\/pages\/6760\/revisions"}],"predecessor-version":[{"id":6764,"href":"https:\/\/deputadotaveirajr.com.br\/index.php\/wp-json\/wp\/v2\/pages\/6760\/revisions\/6764"}],"wp:featuredmedia":[{"embeddable":true,"href":"https:\/\/deputadotaveirajr.com.br\/index.php\/wp-json\/wp\/v2\/media\/6761"}],"wp:attachment":[{"href":"https:\/\/deputadotaveirajr.com.br\/index.php\/wp-json\/wp\/v2\/media?parent=6760"}],"curies":[{"name":"wp","href":"https:\/\/api.w.org\/{rel}","templated":true}]}}