{"id":6791,"date":"2024-06-09T11:53:45","date_gmt":"2024-06-09T14:53:45","guid":{"rendered":"https:\/\/deputadotaveirajr.com.br\/?page_id=6791"},"modified":"2024-06-09T11:53:45","modified_gmt":"2024-06-09T14:53:45","slug":"torcedor-do-america-rn-e-baleado-em-confusao-apos-partida-do-clube-em-natal","status":"publish","type":"page","link":"https:\/\/deputadotaveirajr.com.br\/index.php\/torcedor-do-america-rn-e-baleado-em-confusao-apos-partida-do-clube-em-natal\/","title":{"rendered":"Torcedor do Am\u00e9rica-RN \u00e9 baleado em confus\u00e3o ap\u00f3s partida do clube em Natal"},"content":{"rendered":"<p>     Caso ocorreu pr\u00f3ximo \u00e0 Arena das Dunas, na noite de s\u00e1bado (8). Tiro de rasp\u00e3o atingiu perna esquerda de jovem de 23 anos, que foi levado ao hospital Walfredo Gurgel. Torcedor do Am\u00e9rica \u00e9 baleado ap\u00f3s partida do clube, em Natal<br \/>\nUm torcedor do Am\u00e9rica-RN foi baleado ap\u00f3s a partida contra o Iguatu, na noite de s\u00e1bado (8), pr\u00f3ximo \u00e0 Arena das Dunas. O tiro de rasp\u00e3o atingiu a perna esquerda do jovem de 23 anos.<br \/>\nA v\u00edtima foi levada ao Hospital Walfredo Gurgel para receber os primeiros socorros. O quadro \u00e9 est\u00e1vel.<br \/>\n\ud83d\udcf3Participe do canal do g1 RN no WhatsApp<br \/>\nO homem foi atingido por um tiro ap\u00f3s um desentendimento entre torcedores do Am\u00e9rica, pr\u00f3ximo a um bar localizado na Avenida Norton Chaves. Na confus\u00e3o, um torcedor puxou um rev\u00f3lver e efetuou os disparos.<br \/>\nO suspeito fugiu em uma moto e n\u00e3o foi encontrado.<br \/>\nTorcedor do Am\u00e9rica-RN \u00e9 baleado em confus\u00e3o pr\u00f3ximo \u00e0 Arena das Dunas<br \/>\nReprodu\u00e7\u00e3o\/Inter TV Cabugi<br \/>\nO Am\u00e9rica venceu o Iguatu por 1 a 0, em jogo pela s\u00e9tima rodada da S\u00e9rie D do Campeonato Brasileiro.<br \/>\nV\u00eddeos mais assistidos do g1 RN<\/p>","protected":false},"excerpt":{"rendered":"<p>Caso ocorreu pr\u00f3ximo \u00e0 Arena das Dunas, na noite de s\u00e1bado (8). Tiro de rasp\u00e3o atingiu perna esquerda de jovem de 23 anos, que foi levado ao hospital Walfredo Gurgel. &#8230;<\/p>\n","protected":false},"author":0,"featured_media":6792,"parent":0,"menu_order":0,"comment_status":"closed","ping_status":"closed","template":"","meta":{"footnotes":""},"class_list":["post-6791","page","type-page","status-publish","has-post-thumbnail","hentry"],"yoast_head":"<!-- This site is optimized with the Yoast SEO plugin v27.1.1 - https:\/\/yoast.com\/product\/yoast-seo-wordpress\/ -->\n<title>Torcedor do Am\u00e9rica-RN \u00e9 baleado em confus\u00e3o ap\u00f3s partida do clube em Natal - Taveira Jr<\/title>\n<meta name=\"robots\" content=\"index, follow, max-snippet:-1, max-image-preview:large, max-video-preview:-1\" \/>\n<link rel=\"canonical\" href=\"https:\/\/deputadotaveirajr.com.br\/index.php\/torcedor-do-america-rn-e-baleado-em-confusao-apos-partida-do-clube-em-natal\/\" \/>\n<meta property=\"og:locale\" content=\"pt_BR\" \/>\n<meta property=\"og:type\" content=\"article\" \/>\n<meta property=\"og:title\" content=\"Torcedor do Am\u00e9rica-RN \u00e9 baleado em confus\u00e3o ap\u00f3s partida do clube em Natal - Taveira Jr\" \/>\n<meta property=\"og:description\" content=\"Caso ocorreu pr\u00f3ximo \u00e0 Arena das Dunas, na noite de s\u00e1bado (8). Tiro de rasp\u00e3o atingiu perna esquerda de jovem de 23 anos, que foi levado ao hospital Walfredo Gurgel. ...\" \/>\n<meta property=\"og:url\" content=\"https:\/\/deputadotaveirajr.com.br\/index.php\/torcedor-do-america-rn-e-baleado-em-confusao-apos-partida-do-clube-em-natal\/\" \/>\n<meta property=\"og:site_name\" content=\"Taveira Jr\" \/>\n<meta property=\"og:image\" content=\"https:\/\/deputadotaveirajr.com.br\/wp-content\/uploads\/2024\/06\/zona-sul-K1JO3V.jpeg\" \/>\n\t<meta property=\"og:image:width\" content=\"1280\" \/>\n\t<meta property=\"og:image:height\" content=\"707\" \/>\n\t<meta property=\"og:image:type\" content=\"image\/jpeg\" \/>\n<meta name=\"twitter:card\" content=\"summary_large_image\" \/>\n<meta name=\"twitter:label1\" content=\"Est. tempo de leitura\" \/>\n\t<meta name=\"twitter:data1\" content=\"1 minuto\" \/>\n<script type=\"application\/ld+json\" class=\"yoast-schema-graph\">{\"@context\":\"https:\/\/schema.org\",\"@graph\":[{\"@type\":\"WebPage\",\"@id\":\"https:\/\/deputadotaveirajr.com.br\/index.php\/torcedor-do-america-rn-e-baleado-em-confusao-apos-partida-do-clube-em-natal\/\",\"url\":\"https:\/\/deputadotaveirajr.com.br\/index.php\/torcedor-do-america-rn-e-baleado-em-confusao-apos-partida-do-clube-em-natal\/\",\"name\":\"Torcedor do Am\u00e9rica-RN \u00e9 baleado em confus\u00e3o ap\u00f3s partida do clube em Natal - Taveira Jr\",\"isPartOf\":{\"@id\":\"https:\/\/deputadotaveirajr.com.br\/#website\"},\"primaryImageOfPage\":{\"@id\":\"https:\/\/deputadotaveirajr.com.br\/index.php\/torcedor-do-america-rn-e-baleado-em-confusao-apos-partida-do-clube-em-natal\/#primaryimage\"},\"image\":{\"@id\":\"https:\/\/deputadotaveirajr.com.br\/index.php\/torcedor-do-america-rn-e-baleado-em-confusao-apos-partida-do-clube-em-natal\/#primaryimage\"},\"thumbnailUrl\":\"https:\/\/deputadotaveirajr.com.br\/wp-content\/uploads\/2024\/06\/zona-sul-K1JO3V.jpeg\",\"datePublished\":\"2024-06-09T14:53:45+00:00\",\"breadcrumb\":{\"@id\":\"https:\/\/deputadotaveirajr.com.br\/index.php\/torcedor-do-america-rn-e-baleado-em-confusao-apos-partida-do-clube-em-natal\/#breadcrumb\"},\"inLanguage\":\"pt-BR\",\"potentialAction\":[{\"@type\":\"ReadAction\",\"target\":[\"https:\/\/deputadotaveirajr.com.br\/index.php\/torcedor-do-america-rn-e-baleado-em-confusao-apos-partida-do-clube-em-natal\/\"]}]},{\"@type\":\"ImageObject\",\"inLanguage\":\"pt-BR\",\"@id\":\"https:\/\/deputadotaveirajr.com.br\/index.php\/torcedor-do-america-rn-e-baleado-em-confusao-apos-partida-do-clube-em-natal\/#primaryimage\",\"url\":\"https:\/\/deputadotaveirajr.com.br\/wp-content\/uploads\/2024\/06\/zona-sul-K1JO3V.jpeg\",\"contentUrl\":\"https:\/\/deputadotaveirajr.com.br\/wp-content\/uploads\/2024\/06\/zona-sul-K1JO3V.jpeg\",\"width\":1280,\"height\":707},{\"@type\":\"BreadcrumbList\",\"@id\":\"https:\/\/deputadotaveirajr.com.br\/index.php\/torcedor-do-america-rn-e-baleado-em-confusao-apos-partida-do-clube-em-natal\/#breadcrumb\",\"itemListElement\":[{\"@type\":\"ListItem\",\"position\":1,\"name\":\"In\u00edcio\",\"item\":\"https:\/\/deputadotaveirajr.com.br\/\"},{\"@type\":\"ListItem\",\"position\":2,\"name\":\"Torcedor do Am\u00e9rica-RN \u00e9 baleado em confus\u00e3o ap\u00f3s partida do clube em Natal\"}]},{\"@type\":\"WebSite\",\"@id\":\"https:\/\/deputadotaveirajr.com.br\/#website\",\"url\":\"https:\/\/deputadotaveirajr.com.br\/\",\"name\":\"Taveira Jr\",\"description\":\"Deputado Estadual\",\"publisher\":{\"@id\":\"https:\/\/deputadotaveirajr.com.br\/#organization\"},\"potentialAction\":[{\"@type\":\"SearchAction\",\"target\":{\"@type\":\"EntryPoint\",\"urlTemplate\":\"https:\/\/deputadotaveirajr.com.br\/?s={search_term_string}\"},\"query-input\":{\"@type\":\"PropertyValueSpecification\",\"valueRequired\":true,\"valueName\":\"search_term_string\"}}],\"inLanguage\":\"pt-BR\"},{\"@type\":\"Organization\",\"@id\":\"https:\/\/deputadotaveirajr.com.br\/#organization\",\"name\":\"Taveira Jr\",\"url\":\"https:\/\/deputadotaveirajr.com.br\/\",\"logo\":{\"@type\":\"ImageObject\",\"inLanguage\":\"pt-BR\",\"@id\":\"https:\/\/deputadotaveirajr.com.br\/#\/schema\/logo\/image\/\",\"url\":\"https:\/\/deputadotaveirajr.com.br\/wp-content\/uploads\/2026\/01\/logolow2a.png\",\"contentUrl\":\"https:\/\/deputadotaveirajr.com.br\/wp-content\/uploads\/2026\/01\/logolow2a.png\",\"width\":290,\"height\":80,\"caption\":\"Taveira Jr\"},\"image\":{\"@id\":\"https:\/\/deputadotaveirajr.com.br\/#\/schema\/logo\/image\/\"}}]}<\/script>\n<!-- \/ Yoast SEO plugin. -->","yoast_head_json":{"title":"Torcedor do Am\u00e9rica-RN \u00e9 baleado em confus\u00e3o ap\u00f3s partida do clube em Natal - Taveira Jr","robots":{"index":"index","follow":"follow","max-snippet":"max-snippet:-1","max-image-preview":"max-image-preview:large","max-video-preview":"max-video-preview:-1"},"canonical":"https:\/\/deputadotaveirajr.com.br\/index.php\/torcedor-do-america-rn-e-baleado-em-confusao-apos-partida-do-clube-em-natal\/","og_locale":"pt_BR","og_type":"article","og_title":"Torcedor do Am\u00e9rica-RN \u00e9 baleado em confus\u00e3o ap\u00f3s partida do clube em Natal - Taveira Jr","og_description":"Caso ocorreu pr\u00f3ximo \u00e0 Arena das Dunas, na noite de s\u00e1bado (8). Tiro de rasp\u00e3o atingiu perna esquerda de jovem de 23 anos, que foi levado ao hospital Walfredo Gurgel. ...","og_url":"https:\/\/deputadotaveirajr.com.br\/index.php\/torcedor-do-america-rn-e-baleado-em-confusao-apos-partida-do-clube-em-natal\/","og_site_name":"Taveira Jr","og_image":[{"width":1280,"height":707,"url":"https:\/\/deputadotaveirajr.com.br\/wp-content\/uploads\/2024\/06\/zona-sul-K1JO3V.jpeg","type":"image\/jpeg"}],"twitter_card":"summary_large_image","twitter_misc":{"Est. tempo de leitura":"1 minuto"},"schema":{"@context":"https:\/\/schema.org","@graph":[{"@type":"WebPage","@id":"https:\/\/deputadotaveirajr.com.br\/index.php\/torcedor-do-america-rn-e-baleado-em-confusao-apos-partida-do-clube-em-natal\/","url":"https:\/\/deputadotaveirajr.com.br\/index.php\/torcedor-do-america-rn-e-baleado-em-confusao-apos-partida-do-clube-em-natal\/","name":"Torcedor do Am\u00e9rica-RN \u00e9 baleado em confus\u00e3o ap\u00f3s partida do clube em Natal - Taveira Jr","isPartOf":{"@id":"https:\/\/deputadotaveirajr.com.br\/#website"},"primaryImageOfPage":{"@id":"https:\/\/deputadotaveirajr.com.br\/index.php\/torcedor-do-america-rn-e-baleado-em-confusao-apos-partida-do-clube-em-natal\/#primaryimage"},"image":{"@id":"https:\/\/deputadotaveirajr.com.br\/index.php\/torcedor-do-america-rn-e-baleado-em-confusao-apos-partida-do-clube-em-natal\/#primaryimage"},"thumbnailUrl":"https:\/\/deputadotaveirajr.com.br\/wp-content\/uploads\/2024\/06\/zona-sul-K1JO3V.jpeg","datePublished":"2024-06-09T14:53:45+00:00","breadcrumb":{"@id":"https:\/\/deputadotaveirajr.com.br\/index.php\/torcedor-do-america-rn-e-baleado-em-confusao-apos-partida-do-clube-em-natal\/#breadcrumb"},"inLanguage":"pt-BR","potentialAction":[{"@type":"ReadAction","target":["https:\/\/deputadotaveirajr.com.br\/index.php\/torcedor-do-america-rn-e-baleado-em-confusao-apos-partida-do-clube-em-natal\/"]}]},{"@type":"ImageObject","inLanguage":"pt-BR","@id":"https:\/\/deputadotaveirajr.com.br\/index.php\/torcedor-do-america-rn-e-baleado-em-confusao-apos-partida-do-clube-em-natal\/#primaryimage","url":"https:\/\/deputadotaveirajr.com.br\/wp-content\/uploads\/2024\/06\/zona-sul-K1JO3V.jpeg","contentUrl":"https:\/\/deputadotaveirajr.com.br\/wp-content\/uploads\/2024\/06\/zona-sul-K1JO3V.jpeg","width":1280,"height":707},{"@type":"BreadcrumbList","@id":"https:\/\/deputadotaveirajr.com.br\/index.php\/torcedor-do-america-rn-e-baleado-em-confusao-apos-partida-do-clube-em-natal\/#breadcrumb","itemListElement":[{"@type":"ListItem","position":1,"name":"In\u00edcio","item":"https:\/\/deputadotaveirajr.com.br\/"},{"@type":"ListItem","position":2,"name":"Torcedor do Am\u00e9rica-RN \u00e9 baleado em confus\u00e3o ap\u00f3s partida do clube em Natal"}]},{"@type":"WebSite","@id":"https:\/\/deputadotaveirajr.com.br\/#website","url":"https:\/\/deputadotaveirajr.com.br\/","name":"Taveira Jr","description":"Deputado Estadual","publisher":{"@id":"https:\/\/deputadotaveirajr.com.br\/#organization"},"potentialAction":[{"@type":"SearchAction","target":{"@type":"EntryPoint","urlTemplate":"https:\/\/deputadotaveirajr.com.br\/?s={search_term_string}"},"query-input":{"@type":"PropertyValueSpecification","valueRequired":true,"valueName":"search_term_string"}}],"inLanguage":"pt-BR"},{"@type":"Organization","@id":"https:\/\/deputadotaveirajr.com.br\/#organization","name":"Taveira Jr","url":"https:\/\/deputadotaveirajr.com.br\/","logo":{"@type":"ImageObject","inLanguage":"pt-BR","@id":"https:\/\/deputadotaveirajr.com.br\/#\/schema\/logo\/image\/","url":"https:\/\/deputadotaveirajr.com.br\/wp-content\/uploads\/2026\/01\/logolow2a.png","contentUrl":"https:\/\/deputadotaveirajr.com.br\/wp-content\/uploads\/2026\/01\/logolow2a.png","width":290,"height":80,"caption":"Taveira Jr"},"image":{"@id":"https:\/\/deputadotaveirajr.com.br\/#\/schema\/logo\/image\/"}}]}},"_links":{"self":[{"href":"https:\/\/deputadotaveirajr.com.br\/index.php\/wp-json\/wp\/v2\/pages\/6791","targetHints":{"allow":["GET"]}}],"collection":[{"href":"https:\/\/deputadotaveirajr.com.br\/index.php\/wp-json\/wp\/v2\/pages"}],"about":[{"href":"https:\/\/deputadotaveirajr.com.br\/index.php\/wp-json\/wp\/v2\/types\/page"}],"replies":[{"embeddable":true,"href":"https:\/\/deputadotaveirajr.com.br\/index.php\/wp-json\/wp\/v2\/comments?post=6791"}],"version-history":[{"count":1,"href":"https:\/\/deputadotaveirajr.com.br\/index.php\/wp-json\/wp\/v2\/pages\/6791\/revisions"}],"predecessor-version":[{"id":6794,"href":"https:\/\/deputadotaveirajr.com.br\/index.php\/wp-json\/wp\/v2\/pages\/6791\/revisions\/6794"}],"wp:featuredmedia":[{"embeddable":true,"href":"https:\/\/deputadotaveirajr.com.br\/index.php\/wp-json\/wp\/v2\/media\/6792"}],"wp:attachment":[{"href":"https:\/\/deputadotaveirajr.com.br\/index.php\/wp-json\/wp\/v2\/media?parent=6791"}],"curies":[{"name":"wp","href":"https:\/\/api.w.org\/{rel}","templated":true}]}}