{"id":6807,"date":"2024-06-10T12:46:54","date_gmt":"2024-06-10T15:46:54","guid":{"rendered":"https:\/\/deputadotaveirajr.com.br\/?page_id=6807"},"modified":"2024-06-10T12:46:54","modified_gmt":"2024-06-10T15:46:54","slug":"obras-da-companhia-de-agua-do-rn-interditam-dois-trechos-de-ruas-e-avenidas-em-natal-veja-pontos","status":"publish","type":"page","link":"https:\/\/deputadotaveirajr.com.br\/index.php\/obras-da-companhia-de-agua-do-rn-interditam-dois-trechos-de-ruas-e-avenidas-em-natal-veja-pontos\/","title":{"rendered":"Obras da companhia de \u00e1gua do RN interditam dois trechos de ruas e avenidas em Natal; veja pontos"},"content":{"rendered":"<p>     Servi\u00e7os envolvem substitui\u00e7\u00e3o de rede de abastecimento de \u00e1gua e tapamento de vazamento em vias da cidade.  Interdi\u00e7\u00e3o no cruzamento da avenida Interventor M\u00e1rio C\u00e2mara com a avenida Alexandrino de Alencar, em Natal<br \/>\nSTTU\/Divulga\u00e7\u00e3o<br \/>\nDuas obras da Companhia de \u00c1guas e Esgotos do Rio Grande do Norte (Caern) causam interdi\u00e7\u00e3o de ruas de Natal nesta segunda-feira (10), segundo informou a Secretaria de Mobilidade Urbana (STTU) do munic\u00edpio.<br \/>\nUm dos servi\u00e7os ocorre no cruzamento da avenida Interventor M\u00e1rio C\u00e2mara com a avenida Alexandrino de Alencar.<br \/>\nSegundo o \u00f3rg\u00e3o de tr\u00e2nsito, o servi\u00e7o de substitui\u00e7\u00e3o de rede de abastecimento de \u00e1gua \u00e9 executado na Rua dos Canind\u00e9s, em um trecho de aproximadamente 200 metros, da Avenida Alexandrino de Alencar at\u00e9 a Avenida Presidente Quaresma. O servi\u00e7o deve ser conclu\u00eddo na sexta-feira (21).<br \/>\nRua dos Caic\u00f3s, com interdi\u00e7\u00e3o nesta segunda-feira (10), em Natal<br \/>\nSTTU<br \/>\nA outra interven\u00e7\u00e3o da companhia ocorre na Rua dos Caic\u00f3s, entre a Avenida Miguel Castro e a Avenida Amintas Barros, no sentido ao bairro Alecrim, na Zona Leste da cidade. Segundo a STTU, o tr\u00e2nsito \u00e9 desviado parcialmente por um pequeno trecho em contram\u00e3o.<br \/>\nNa rua dos Caic\u00f3s, a companhia de \u00e1gua retirou um vazamento. A previs\u00e3o \u00e9 de que o tr\u00e2nsito seja liberado at\u00e9 o fim desta segunda-feira (10), ap\u00f3s o cal\u00e7amento do trecho. A pavimenta\u00e7\u00e3o asf\u00e1ltica deve ser feita em at\u00e9 tr\u00eas dias.<br \/>\nVeja os v\u00eddeos mais assistidos no g1 RN<\/p>","protected":false},"excerpt":{"rendered":"<p>Servi\u00e7os envolvem substitui\u00e7\u00e3o de rede de abastecimento de \u00e1gua e tapamento de vazamento em vias da cidade. Interdi\u00e7\u00e3o no cruzamento da avenida Interventor M\u00e1rio C\u00e2mara com a avenida Alexandrino de &#8230;<\/p>\n","protected":false},"author":0,"featured_media":6808,"parent":0,"menu_order":0,"comment_status":"closed","ping_status":"closed","template":"","meta":{"footnotes":""},"class_list":["post-6807","page","type-page","status-publish","has-post-thumbnail","hentry"],"yoast_head":"<!-- This site is optimized with the Yoast SEO plugin v27.1.1 - https:\/\/yoast.com\/product\/yoast-seo-wordpress\/ -->\n<title>Obras da companhia de \u00e1gua do RN interditam dois trechos de ruas e avenidas em Natal; veja pontos - Taveira Jr<\/title>\n<meta name=\"robots\" content=\"index, follow, max-snippet:-1, max-image-preview:large, max-video-preview:-1\" \/>\n<link rel=\"canonical\" href=\"https:\/\/deputadotaveirajr.com.br\/index.php\/obras-da-companhia-de-agua-do-rn-interditam-dois-trechos-de-ruas-e-avenidas-em-natal-veja-pontos\/\" \/>\n<meta property=\"og:locale\" content=\"pt_BR\" \/>\n<meta property=\"og:type\" content=\"article\" \/>\n<meta property=\"og:title\" content=\"Obras da companhia de \u00e1gua do RN interditam dois trechos de ruas e avenidas em Natal; veja pontos - Taveira Jr\" \/>\n<meta property=\"og:description\" content=\"Servi\u00e7os envolvem substitui\u00e7\u00e3o de rede de abastecimento de \u00e1gua e tapamento de vazamento em vias da cidade. Interdi\u00e7\u00e3o no cruzamento da avenida Interventor M\u00e1rio C\u00e2mara com a avenida Alexandrino de ...\" \/>\n<meta property=\"og:url\" content=\"https:\/\/deputadotaveirajr.com.br\/index.php\/obras-da-companhia-de-agua-do-rn-interditam-dois-trechos-de-ruas-e-avenidas-em-natal-veja-pontos\/\" \/>\n<meta property=\"og:site_name\" content=\"Taveira Jr\" \/>\n<meta property=\"og:image\" content=\"https:\/\/deputadotaveirajr.com.br\/wp-content\/uploads\/2024\/06\/whatsapp-image-2024-06-10-at-07.33.01-shiHvz-scaled.jpeg\" \/>\n\t<meta property=\"og:image:width\" content=\"2104\" \/>\n\t<meta property=\"og:image:height\" content=\"2560\" \/>\n\t<meta property=\"og:image:type\" content=\"image\/jpeg\" \/>\n<meta name=\"twitter:card\" content=\"summary_large_image\" \/>\n<meta name=\"twitter:label1\" content=\"Est. tempo de leitura\" \/>\n\t<meta name=\"twitter:data1\" content=\"1 minuto\" \/>\n<script type=\"application\/ld+json\" class=\"yoast-schema-graph\">{\"@context\":\"https:\/\/schema.org\",\"@graph\":[{\"@type\":\"WebPage\",\"@id\":\"https:\/\/deputadotaveirajr.com.br\/index.php\/obras-da-companhia-de-agua-do-rn-interditam-dois-trechos-de-ruas-e-avenidas-em-natal-veja-pontos\/\",\"url\":\"https:\/\/deputadotaveirajr.com.br\/index.php\/obras-da-companhia-de-agua-do-rn-interditam-dois-trechos-de-ruas-e-avenidas-em-natal-veja-pontos\/\",\"name\":\"Obras da companhia de \u00e1gua do RN interditam dois trechos de ruas e avenidas em Natal; veja pontos - Taveira Jr\",\"isPartOf\":{\"@id\":\"https:\/\/deputadotaveirajr.com.br\/#website\"},\"primaryImageOfPage\":{\"@id\":\"https:\/\/deputadotaveirajr.com.br\/index.php\/obras-da-companhia-de-agua-do-rn-interditam-dois-trechos-de-ruas-e-avenidas-em-natal-veja-pontos\/#primaryimage\"},\"image\":{\"@id\":\"https:\/\/deputadotaveirajr.com.br\/index.php\/obras-da-companhia-de-agua-do-rn-interditam-dois-trechos-de-ruas-e-avenidas-em-natal-veja-pontos\/#primaryimage\"},\"thumbnailUrl\":\"https:\/\/deputadotaveirajr.com.br\/wp-content\/uploads\/2024\/06\/whatsapp-image-2024-06-10-at-07.33.01-shiHvz-scaled.jpeg\",\"datePublished\":\"2024-06-10T15:46:54+00:00\",\"breadcrumb\":{\"@id\":\"https:\/\/deputadotaveirajr.com.br\/index.php\/obras-da-companhia-de-agua-do-rn-interditam-dois-trechos-de-ruas-e-avenidas-em-natal-veja-pontos\/#breadcrumb\"},\"inLanguage\":\"pt-BR\",\"potentialAction\":[{\"@type\":\"ReadAction\",\"target\":[\"https:\/\/deputadotaveirajr.com.br\/index.php\/obras-da-companhia-de-agua-do-rn-interditam-dois-trechos-de-ruas-e-avenidas-em-natal-veja-pontos\/\"]}]},{\"@type\":\"ImageObject\",\"inLanguage\":\"pt-BR\",\"@id\":\"https:\/\/deputadotaveirajr.com.br\/index.php\/obras-da-companhia-de-agua-do-rn-interditam-dois-trechos-de-ruas-e-avenidas-em-natal-veja-pontos\/#primaryimage\",\"url\":\"https:\/\/deputadotaveirajr.com.br\/wp-content\/uploads\/2024\/06\/whatsapp-image-2024-06-10-at-07.33.01-shiHvz-scaled.jpeg\",\"contentUrl\":\"https:\/\/deputadotaveirajr.com.br\/wp-content\/uploads\/2024\/06\/whatsapp-image-2024-06-10-at-07.33.01-shiHvz-scaled.jpeg\",\"width\":2104,\"height\":2560},{\"@type\":\"BreadcrumbList\",\"@id\":\"https:\/\/deputadotaveirajr.com.br\/index.php\/obras-da-companhia-de-agua-do-rn-interditam-dois-trechos-de-ruas-e-avenidas-em-natal-veja-pontos\/#breadcrumb\",\"itemListElement\":[{\"@type\":\"ListItem\",\"position\":1,\"name\":\"In\u00edcio\",\"item\":\"https:\/\/deputadotaveirajr.com.br\/\"},{\"@type\":\"ListItem\",\"position\":2,\"name\":\"Obras da companhia de \u00e1gua do RN interditam dois trechos de ruas e avenidas em Natal; veja pontos\"}]},{\"@type\":\"WebSite\",\"@id\":\"https:\/\/deputadotaveirajr.com.br\/#website\",\"url\":\"https:\/\/deputadotaveirajr.com.br\/\",\"name\":\"Taveira Jr\",\"description\":\"Deputado Estadual\",\"publisher\":{\"@id\":\"https:\/\/deputadotaveirajr.com.br\/#organization\"},\"potentialAction\":[{\"@type\":\"SearchAction\",\"target\":{\"@type\":\"EntryPoint\",\"urlTemplate\":\"https:\/\/deputadotaveirajr.com.br\/?s={search_term_string}\"},\"query-input\":{\"@type\":\"PropertyValueSpecification\",\"valueRequired\":true,\"valueName\":\"search_term_string\"}}],\"inLanguage\":\"pt-BR\"},{\"@type\":\"Organization\",\"@id\":\"https:\/\/deputadotaveirajr.com.br\/#organization\",\"name\":\"Taveira Jr\",\"url\":\"https:\/\/deputadotaveirajr.com.br\/\",\"logo\":{\"@type\":\"ImageObject\",\"inLanguage\":\"pt-BR\",\"@id\":\"https:\/\/deputadotaveirajr.com.br\/#\/schema\/logo\/image\/\",\"url\":\"https:\/\/deputadotaveirajr.com.br\/wp-content\/uploads\/2026\/01\/logolow2a.png\",\"contentUrl\":\"https:\/\/deputadotaveirajr.com.br\/wp-content\/uploads\/2026\/01\/logolow2a.png\",\"width\":290,\"height\":80,\"caption\":\"Taveira Jr\"},\"image\":{\"@id\":\"https:\/\/deputadotaveirajr.com.br\/#\/schema\/logo\/image\/\"}}]}<\/script>\n<!-- \/ Yoast SEO plugin. -->","yoast_head_json":{"title":"Obras da companhia de \u00e1gua do RN interditam dois trechos de ruas e avenidas em Natal; veja pontos - Taveira Jr","robots":{"index":"index","follow":"follow","max-snippet":"max-snippet:-1","max-image-preview":"max-image-preview:large","max-video-preview":"max-video-preview:-1"},"canonical":"https:\/\/deputadotaveirajr.com.br\/index.php\/obras-da-companhia-de-agua-do-rn-interditam-dois-trechos-de-ruas-e-avenidas-em-natal-veja-pontos\/","og_locale":"pt_BR","og_type":"article","og_title":"Obras da companhia de \u00e1gua do RN interditam dois trechos de ruas e avenidas em Natal; veja pontos - Taveira Jr","og_description":"Servi\u00e7os envolvem substitui\u00e7\u00e3o de rede de abastecimento de \u00e1gua e tapamento de vazamento em vias da cidade. Interdi\u00e7\u00e3o no cruzamento da avenida Interventor M\u00e1rio C\u00e2mara com a avenida Alexandrino de ...","og_url":"https:\/\/deputadotaveirajr.com.br\/index.php\/obras-da-companhia-de-agua-do-rn-interditam-dois-trechos-de-ruas-e-avenidas-em-natal-veja-pontos\/","og_site_name":"Taveira Jr","og_image":[{"width":2104,"height":2560,"url":"https:\/\/deputadotaveirajr.com.br\/wp-content\/uploads\/2024\/06\/whatsapp-image-2024-06-10-at-07.33.01-shiHvz-scaled.jpeg","type":"image\/jpeg"}],"twitter_card":"summary_large_image","twitter_misc":{"Est. tempo de leitura":"1 minuto"},"schema":{"@context":"https:\/\/schema.org","@graph":[{"@type":"WebPage","@id":"https:\/\/deputadotaveirajr.com.br\/index.php\/obras-da-companhia-de-agua-do-rn-interditam-dois-trechos-de-ruas-e-avenidas-em-natal-veja-pontos\/","url":"https:\/\/deputadotaveirajr.com.br\/index.php\/obras-da-companhia-de-agua-do-rn-interditam-dois-trechos-de-ruas-e-avenidas-em-natal-veja-pontos\/","name":"Obras da companhia de \u00e1gua do RN interditam dois trechos de ruas e avenidas em Natal; veja pontos - Taveira Jr","isPartOf":{"@id":"https:\/\/deputadotaveirajr.com.br\/#website"},"primaryImageOfPage":{"@id":"https:\/\/deputadotaveirajr.com.br\/index.php\/obras-da-companhia-de-agua-do-rn-interditam-dois-trechos-de-ruas-e-avenidas-em-natal-veja-pontos\/#primaryimage"},"image":{"@id":"https:\/\/deputadotaveirajr.com.br\/index.php\/obras-da-companhia-de-agua-do-rn-interditam-dois-trechos-de-ruas-e-avenidas-em-natal-veja-pontos\/#primaryimage"},"thumbnailUrl":"https:\/\/deputadotaveirajr.com.br\/wp-content\/uploads\/2024\/06\/whatsapp-image-2024-06-10-at-07.33.01-shiHvz-scaled.jpeg","datePublished":"2024-06-10T15:46:54+00:00","breadcrumb":{"@id":"https:\/\/deputadotaveirajr.com.br\/index.php\/obras-da-companhia-de-agua-do-rn-interditam-dois-trechos-de-ruas-e-avenidas-em-natal-veja-pontos\/#breadcrumb"},"inLanguage":"pt-BR","potentialAction":[{"@type":"ReadAction","target":["https:\/\/deputadotaveirajr.com.br\/index.php\/obras-da-companhia-de-agua-do-rn-interditam-dois-trechos-de-ruas-e-avenidas-em-natal-veja-pontos\/"]}]},{"@type":"ImageObject","inLanguage":"pt-BR","@id":"https:\/\/deputadotaveirajr.com.br\/index.php\/obras-da-companhia-de-agua-do-rn-interditam-dois-trechos-de-ruas-e-avenidas-em-natal-veja-pontos\/#primaryimage","url":"https:\/\/deputadotaveirajr.com.br\/wp-content\/uploads\/2024\/06\/whatsapp-image-2024-06-10-at-07.33.01-shiHvz-scaled.jpeg","contentUrl":"https:\/\/deputadotaveirajr.com.br\/wp-content\/uploads\/2024\/06\/whatsapp-image-2024-06-10-at-07.33.01-shiHvz-scaled.jpeg","width":2104,"height":2560},{"@type":"BreadcrumbList","@id":"https:\/\/deputadotaveirajr.com.br\/index.php\/obras-da-companhia-de-agua-do-rn-interditam-dois-trechos-de-ruas-e-avenidas-em-natal-veja-pontos\/#breadcrumb","itemListElement":[{"@type":"ListItem","position":1,"name":"In\u00edcio","item":"https:\/\/deputadotaveirajr.com.br\/"},{"@type":"ListItem","position":2,"name":"Obras da companhia de \u00e1gua do RN interditam dois trechos de ruas e avenidas em Natal; veja pontos"}]},{"@type":"WebSite","@id":"https:\/\/deputadotaveirajr.com.br\/#website","url":"https:\/\/deputadotaveirajr.com.br\/","name":"Taveira Jr","description":"Deputado Estadual","publisher":{"@id":"https:\/\/deputadotaveirajr.com.br\/#organization"},"potentialAction":[{"@type":"SearchAction","target":{"@type":"EntryPoint","urlTemplate":"https:\/\/deputadotaveirajr.com.br\/?s={search_term_string}"},"query-input":{"@type":"PropertyValueSpecification","valueRequired":true,"valueName":"search_term_string"}}],"inLanguage":"pt-BR"},{"@type":"Organization","@id":"https:\/\/deputadotaveirajr.com.br\/#organization","name":"Taveira Jr","url":"https:\/\/deputadotaveirajr.com.br\/","logo":{"@type":"ImageObject","inLanguage":"pt-BR","@id":"https:\/\/deputadotaveirajr.com.br\/#\/schema\/logo\/image\/","url":"https:\/\/deputadotaveirajr.com.br\/wp-content\/uploads\/2026\/01\/logolow2a.png","contentUrl":"https:\/\/deputadotaveirajr.com.br\/wp-content\/uploads\/2026\/01\/logolow2a.png","width":290,"height":80,"caption":"Taveira Jr"},"image":{"@id":"https:\/\/deputadotaveirajr.com.br\/#\/schema\/logo\/image\/"}}]}},"_links":{"self":[{"href":"https:\/\/deputadotaveirajr.com.br\/index.php\/wp-json\/wp\/v2\/pages\/6807","targetHints":{"allow":["GET"]}}],"collection":[{"href":"https:\/\/deputadotaveirajr.com.br\/index.php\/wp-json\/wp\/v2\/pages"}],"about":[{"href":"https:\/\/deputadotaveirajr.com.br\/index.php\/wp-json\/wp\/v2\/types\/page"}],"replies":[{"embeddable":true,"href":"https:\/\/deputadotaveirajr.com.br\/index.php\/wp-json\/wp\/v2\/comments?post=6807"}],"version-history":[{"count":1,"href":"https:\/\/deputadotaveirajr.com.br\/index.php\/wp-json\/wp\/v2\/pages\/6807\/revisions"}],"predecessor-version":[{"id":6895,"href":"https:\/\/deputadotaveirajr.com.br\/index.php\/wp-json\/wp\/v2\/pages\/6807\/revisions\/6895"}],"wp:featuredmedia":[{"embeddable":true,"href":"https:\/\/deputadotaveirajr.com.br\/index.php\/wp-json\/wp\/v2\/media\/6808"}],"wp:attachment":[{"href":"https:\/\/deputadotaveirajr.com.br\/index.php\/wp-json\/wp\/v2\/media?parent=6807"}],"curies":[{"name":"wp","href":"https:\/\/api.w.org\/{rel}","templated":true}]}}