{"id":6899,"date":"2024-06-10T18:58:59","date_gmt":"2024-06-10T21:58:59","guid":{"rendered":"https:\/\/deputadotaveirajr.com.br\/?page_id=6899"},"modified":"2024-06-10T18:58:59","modified_gmt":"2024-06-10T21:58:59","slug":"praia-no-rn-proibe-trafego-de-veiculos-para-proteger-periodo-de-reproducao-de-tartarugas","status":"publish","type":"page","link":"https:\/\/deputadotaveirajr.com.br\/index.php\/praia-no-rn-proibe-trafego-de-veiculos-para-proteger-periodo-de-reproducao-de-tartarugas\/","title":{"rendered":"Praia no RN pro\u00edbe tr\u00e1fego de ve\u00edculos para proteger per\u00edodo de reprodu\u00e7\u00e3o de tartarugas"},"content":{"rendered":"<p>     Praia de Malemb\u00e1, em Georgino Avelino, \u00e9 considerada uma das mais importantes em rela\u00e7\u00e3o a desovas de tartarugas-pente, que corre risco de extin\u00e7\u00e3o. Recomenda\u00e7\u00e3o foi do MPF. Prefeitura de Senador Georgino Avelino interdita acesso \u00e0 praia de Malemb\u00e1<br \/>\nA praia de Malemb\u00e1, na cidade de Senador Georgino Avelino (RN), proibiu o tr\u00e1fego de ve\u00edculos pessoais e de turismo na regi\u00e3o por conta do per\u00edodo reprodutivo e de desova das tartarugas marinhas.<br \/>\nA proibi\u00e7\u00e3o, que foi feita pelo Munic\u00edpio, seguiu uma recomenda\u00e7\u00e3o do Minist\u00e9rio P\u00fablico Federal. Com isso, a prefeitura decidiu tomar medidas para interditar os acessos e fiscalizar a movimenta\u00e7\u00e3o de ve\u00edculos no trecho.<br \/>\n\ud83d\udcf3Participe do canal do g1 RN no WhatsApp<br \/>\nA praia \u00e9 considerada pelo Projeto Tamar uma das mais importantes para desova de tartarugas marinha, com uma m\u00e9dia de 35 desovas por quil\u00f4metro, alcan\u00e7ando, em alguns trechos, 60 ninhos\/km, principalmente da tartaruga-de-pente, que tem risco de extin\u00e7\u00e3o.<br \/>\nEm nota, a prefeitura informou que a decis\u00e3o considerou uma nota t\u00e9cnica do Conselho Gestor da \u00c1rea de Prote\u00e7\u00e3o Ambiental (APA) Bonfim Guara\u00edra, que avaliou &#8220;o grave impacto ambiental do tr\u00e2nsito de ve\u00edculos nas referidas \u00e1reas da praia&#8221;.<br \/>\nMedidas tomadas<br \/>\nA recomenda\u00e7\u00e3o do MPF \u00e9 para proibi\u00e7\u00e3o de todos os tipos de ve\u00edculo, incluindo quadriciclos e motocicletas. O trecho \u00e9, por vezes, utilizado por quem quer acessar a balsa que liga a Tibau do Sul e pega o caminho errado, segundo o MPF.<br \/>\nSegundo a prefeitura, a nota t\u00e9cnica constatou que o tr\u00e2nsito de pessoas e ve\u00edculos, especialmente os off-road, 4X4, &#8220;causam altera\u00e7\u00f5es e riscos de eventuais interrup\u00e7\u00f5es no processo reprodutivo e de desova de tartarugas marinhas&#8221;.<br \/>\nPraia de Malemb\u00e1 tem tr\u00e1fego constante de ve\u00edculos; marcas ficam na areia beira-mar<br \/>\nDivulga\u00e7\u00e3o\/MPF<br \/>\nA prefeitura informou que iniciou a instala\u00e7\u00e3o de placas em locais vis\u00edveis ao p\u00fablico e em todas as entradas de acesso \u00e0 praia, proibindo o tr\u00e2nsito de ve\u00edculos.<br \/>\nSegundo o Munic\u00edpio, vai ser realizado o bloqueio efetivo de acesso \u00e0 praia &#8211; com instala\u00e7\u00e3o de estrutura de dif\u00edcil remo\u00e7\u00e3o, como o recomenado pelo MPF -, al\u00e9m de realizar fiscaliza\u00e7\u00f5es rotineiras.<br \/>\nO objetivo, segundo o Munic\u00edpio, \u00e9  &#8220;evitar preju\u00edzo ao meio ambiente em especial neste per\u00edodo de reprodu\u00e7\u00e3o e desova de tartarugas marinhas que se utilizam do nosso ecossistema para o seu curso natural de reprodu\u00e7\u00e3o&#8221;.<br \/>\nA prefeitura informou que que nos per\u00edodos permitidos pelos \u00f3rg\u00e3os de fiscaliza\u00e7\u00e3o ambiental o tr\u00e2nsito pela praia de Malemb\u00e1 poder\u00e1 ocorrer. A decis\u00e3o para libera\u00e7\u00e3o, no entanto, ser\u00e1 baseada nas recomenda\u00e7\u00f5es do MPF e de \u00f3rg\u00e3os ambientais, como o Projeto Tamar.<br \/>\nLEIA TAMB\u00c9M<br \/>\nMPF tamb\u00e9m recomendou proibi\u00e7\u00e3o de tr\u00e1fego de ve\u00edculos em Praia de S\u00e3o Miguel do Gostoso<br \/>\nRecomenda\u00e7\u00e3o do MPF<br \/>\nO MPF recomendou tr\u00eas formas para que haja a proibi\u00e7\u00e3o efetiva de tr\u00e1fego no local:<br \/>\ninstalando placas em locais vis\u00edveis ao p\u00fablico em todas as entradas de acesso \u00e0 praia constando informa\u00e7\u00e3o de que a partir dali \u00e9 proibido o tr\u00e2nsito de ve\u00edculos (inclusive motocicletas e quadriciclos), citando as refer\u00eancias da legisla\u00e7\u00e3o vigente, bem como do grau de infra\u00e7\u00e3o caso a norma seja descumprida;<br \/>\nrealizando bloqueio efetivo nos acessos \u00e0 praia, com estruturas que n\u00e3o sejam facilmente remov\u00edveis ou ultrapassadas;<br \/>\nrealizando fiscaliza\u00e7\u00e3o rotineira, sobretudo nos per\u00edodos de desova das tartarugas marinhas (de novembro a junho) e de maior fluxo de pessoas na praia, a fim de evitar o tr\u00e2nsito de ve\u00edculos nas praias e em espa\u00e7os de prote\u00e7\u00e3o ambiental, articulando-se com o apoio da guarda municipal ou outros \u00f3rg\u00e3os de fiscaliza\u00e7\u00e3o para exerc\u00edcio do seu poder de pol\u00edcia, visando garantir o cumprimento da legisla\u00e7\u00e3o ora tratada.<br \/>\nFiscaliza\u00e7\u00e3o apontada em recomenda\u00e7\u00e3o do MPF mostrou marcas de ve\u00edculos na praia<br \/>\nDivulga\u00e7\u00e3o\/MPF<br \/>\nSegundo o MPF, a recomenda\u00e7\u00e3o aconteceu ap\u00f3s a constata\u00e7\u00e3o de que a praia continua sendo utilizada para passagem de ve\u00edculos, sobretudo para a pr\u00e1tica de esportes (pesca e\/ou kitesurf) ou por erro no caminho de acesso \u00e0 balsa de Tibau do Sul.<br \/>\nDe acordo com o MPF, a temporada reprodutiva das tartarugas inicia em meados de novembro com as primeiras desovas e se estende at\u00e9 junho, com o nascimento dos \u00faltimos filhotes. O pico reprodutivo, segundo os estudos, ocorre ocorre nos meses de fevereiro e mar\u00e7o.<br \/>\nV\u00eddeos mais assistidos do g1 RN<\/p>","protected":false},"excerpt":{"rendered":"<p>Praia de Malemb\u00e1, em Georgino Avelino, \u00e9 considerada uma das mais importantes em rela\u00e7\u00e3o a desovas de tartarugas-pente, que corre risco de extin\u00e7\u00e3o. Recomenda\u00e7\u00e3o foi do MPF. Prefeitura de Senador &#8230;<\/p>\n","protected":false},"author":0,"featured_media":6900,"parent":0,"menu_order":0,"comment_status":"closed","ping_status":"closed","template":"","meta":{"footnotes":""},"class_list":["post-6899","page","type-page","status-publish","has-post-thumbnail","hentry"],"yoast_head":"<!-- This site is optimized with the Yoast SEO plugin v27.1.1 - https:\/\/yoast.com\/product\/yoast-seo-wordpress\/ -->\n<title>Praia no RN pro\u00edbe tr\u00e1fego de ve\u00edculos para proteger per\u00edodo de reprodu\u00e7\u00e3o de tartarugas - Taveira Jr<\/title>\n<meta name=\"robots\" content=\"index, follow, max-snippet:-1, max-image-preview:large, max-video-preview:-1\" \/>\n<link rel=\"canonical\" href=\"https:\/\/deputadotaveirajr.com.br\/index.php\/praia-no-rn-proibe-trafego-de-veiculos-para-proteger-periodo-de-reproducao-de-tartarugas\/\" \/>\n<meta property=\"og:locale\" content=\"pt_BR\" \/>\n<meta property=\"og:type\" content=\"article\" \/>\n<meta property=\"og:title\" content=\"Praia no RN pro\u00edbe tr\u00e1fego de ve\u00edculos para proteger per\u00edodo de reprodu\u00e7\u00e3o de tartarugas - Taveira Jr\" \/>\n<meta property=\"og:description\" content=\"Praia de Malemb\u00e1, em Georgino Avelino, \u00e9 considerada uma das mais importantes em rela\u00e7\u00e3o a desovas de tartarugas-pente, que corre risco de extin\u00e7\u00e3o. Recomenda\u00e7\u00e3o foi do MPF. Prefeitura de Senador ...\" \/>\n<meta property=\"og:url\" content=\"https:\/\/deputadotaveirajr.com.br\/index.php\/praia-no-rn-proibe-trafego-de-veiculos-para-proteger-periodo-de-reproducao-de-tartarugas\/\" \/>\n<meta property=\"og:site_name\" content=\"Taveira Jr\" \/>\n<meta property=\"og:image\" content=\"https:\/\/deputadotaveirajr.com.br\/wp-content\/uploads\/2024\/06\/malemba-IOLIUr.jpeg\" \/>\n\t<meta property=\"og:image:width\" content=\"1410\" \/>\n\t<meta property=\"og:image:height\" content=\"831\" \/>\n\t<meta property=\"og:image:type\" content=\"image\/jpeg\" \/>\n<meta name=\"twitter:card\" content=\"summary_large_image\" \/>\n<meta name=\"twitter:label1\" content=\"Est. tempo de leitura\" \/>\n\t<meta name=\"twitter:data1\" content=\"4 minutos\" \/>\n<script type=\"application\/ld+json\" class=\"yoast-schema-graph\">{\"@context\":\"https:\/\/schema.org\",\"@graph\":[{\"@type\":\"WebPage\",\"@id\":\"https:\/\/deputadotaveirajr.com.br\/index.php\/praia-no-rn-proibe-trafego-de-veiculos-para-proteger-periodo-de-reproducao-de-tartarugas\/\",\"url\":\"https:\/\/deputadotaveirajr.com.br\/index.php\/praia-no-rn-proibe-trafego-de-veiculos-para-proteger-periodo-de-reproducao-de-tartarugas\/\",\"name\":\"Praia no RN pro\u00edbe tr\u00e1fego de ve\u00edculos para proteger per\u00edodo de reprodu\u00e7\u00e3o de tartarugas - Taveira Jr\",\"isPartOf\":{\"@id\":\"https:\/\/deputadotaveirajr.com.br\/#website\"},\"primaryImageOfPage\":{\"@id\":\"https:\/\/deputadotaveirajr.com.br\/index.php\/praia-no-rn-proibe-trafego-de-veiculos-para-proteger-periodo-de-reproducao-de-tartarugas\/#primaryimage\"},\"image\":{\"@id\":\"https:\/\/deputadotaveirajr.com.br\/index.php\/praia-no-rn-proibe-trafego-de-veiculos-para-proteger-periodo-de-reproducao-de-tartarugas\/#primaryimage\"},\"thumbnailUrl\":\"https:\/\/deputadotaveirajr.com.br\/wp-content\/uploads\/2024\/06\/malemba-IOLIUr.jpeg\",\"datePublished\":\"2024-06-10T21:58:59+00:00\",\"breadcrumb\":{\"@id\":\"https:\/\/deputadotaveirajr.com.br\/index.php\/praia-no-rn-proibe-trafego-de-veiculos-para-proteger-periodo-de-reproducao-de-tartarugas\/#breadcrumb\"},\"inLanguage\":\"pt-BR\",\"potentialAction\":[{\"@type\":\"ReadAction\",\"target\":[\"https:\/\/deputadotaveirajr.com.br\/index.php\/praia-no-rn-proibe-trafego-de-veiculos-para-proteger-periodo-de-reproducao-de-tartarugas\/\"]}]},{\"@type\":\"ImageObject\",\"inLanguage\":\"pt-BR\",\"@id\":\"https:\/\/deputadotaveirajr.com.br\/index.php\/praia-no-rn-proibe-trafego-de-veiculos-para-proteger-periodo-de-reproducao-de-tartarugas\/#primaryimage\",\"url\":\"https:\/\/deputadotaveirajr.com.br\/wp-content\/uploads\/2024\/06\/malemba-IOLIUr.jpeg\",\"contentUrl\":\"https:\/\/deputadotaveirajr.com.br\/wp-content\/uploads\/2024\/06\/malemba-IOLIUr.jpeg\",\"width\":1410,\"height\":831},{\"@type\":\"BreadcrumbList\",\"@id\":\"https:\/\/deputadotaveirajr.com.br\/index.php\/praia-no-rn-proibe-trafego-de-veiculos-para-proteger-periodo-de-reproducao-de-tartarugas\/#breadcrumb\",\"itemListElement\":[{\"@type\":\"ListItem\",\"position\":1,\"name\":\"In\u00edcio\",\"item\":\"https:\/\/deputadotaveirajr.com.br\/\"},{\"@type\":\"ListItem\",\"position\":2,\"name\":\"Praia no RN pro\u00edbe tr\u00e1fego de ve\u00edculos para proteger per\u00edodo de reprodu\u00e7\u00e3o de tartarugas\"}]},{\"@type\":\"WebSite\",\"@id\":\"https:\/\/deputadotaveirajr.com.br\/#website\",\"url\":\"https:\/\/deputadotaveirajr.com.br\/\",\"name\":\"Taveira Jr\",\"description\":\"Deputado Estadual\",\"publisher\":{\"@id\":\"https:\/\/deputadotaveirajr.com.br\/#organization\"},\"potentialAction\":[{\"@type\":\"SearchAction\",\"target\":{\"@type\":\"EntryPoint\",\"urlTemplate\":\"https:\/\/deputadotaveirajr.com.br\/?s={search_term_string}\"},\"query-input\":{\"@type\":\"PropertyValueSpecification\",\"valueRequired\":true,\"valueName\":\"search_term_string\"}}],\"inLanguage\":\"pt-BR\"},{\"@type\":\"Organization\",\"@id\":\"https:\/\/deputadotaveirajr.com.br\/#organization\",\"name\":\"Taveira Jr\",\"url\":\"https:\/\/deputadotaveirajr.com.br\/\",\"logo\":{\"@type\":\"ImageObject\",\"inLanguage\":\"pt-BR\",\"@id\":\"https:\/\/deputadotaveirajr.com.br\/#\/schema\/logo\/image\/\",\"url\":\"https:\/\/deputadotaveirajr.com.br\/wp-content\/uploads\/2026\/01\/logolow2a.png\",\"contentUrl\":\"https:\/\/deputadotaveirajr.com.br\/wp-content\/uploads\/2026\/01\/logolow2a.png\",\"width\":290,\"height\":80,\"caption\":\"Taveira Jr\"},\"image\":{\"@id\":\"https:\/\/deputadotaveirajr.com.br\/#\/schema\/logo\/image\/\"}}]}<\/script>\n<!-- \/ Yoast SEO plugin. -->","yoast_head_json":{"title":"Praia no RN pro\u00edbe tr\u00e1fego de ve\u00edculos para proteger per\u00edodo de reprodu\u00e7\u00e3o de tartarugas - Taveira Jr","robots":{"index":"index","follow":"follow","max-snippet":"max-snippet:-1","max-image-preview":"max-image-preview:large","max-video-preview":"max-video-preview:-1"},"canonical":"https:\/\/deputadotaveirajr.com.br\/index.php\/praia-no-rn-proibe-trafego-de-veiculos-para-proteger-periodo-de-reproducao-de-tartarugas\/","og_locale":"pt_BR","og_type":"article","og_title":"Praia no RN pro\u00edbe tr\u00e1fego de ve\u00edculos para proteger per\u00edodo de reprodu\u00e7\u00e3o de tartarugas - Taveira Jr","og_description":"Praia de Malemb\u00e1, em Georgino Avelino, \u00e9 considerada uma das mais importantes em rela\u00e7\u00e3o a desovas de tartarugas-pente, que corre risco de extin\u00e7\u00e3o. Recomenda\u00e7\u00e3o foi do MPF. Prefeitura de Senador ...","og_url":"https:\/\/deputadotaveirajr.com.br\/index.php\/praia-no-rn-proibe-trafego-de-veiculos-para-proteger-periodo-de-reproducao-de-tartarugas\/","og_site_name":"Taveira Jr","og_image":[{"width":1410,"height":831,"url":"https:\/\/deputadotaveirajr.com.br\/wp-content\/uploads\/2024\/06\/malemba-IOLIUr.jpeg","type":"image\/jpeg"}],"twitter_card":"summary_large_image","twitter_misc":{"Est. tempo de leitura":"4 minutos"},"schema":{"@context":"https:\/\/schema.org","@graph":[{"@type":"WebPage","@id":"https:\/\/deputadotaveirajr.com.br\/index.php\/praia-no-rn-proibe-trafego-de-veiculos-para-proteger-periodo-de-reproducao-de-tartarugas\/","url":"https:\/\/deputadotaveirajr.com.br\/index.php\/praia-no-rn-proibe-trafego-de-veiculos-para-proteger-periodo-de-reproducao-de-tartarugas\/","name":"Praia no RN pro\u00edbe tr\u00e1fego de ve\u00edculos para proteger per\u00edodo de reprodu\u00e7\u00e3o de tartarugas - Taveira Jr","isPartOf":{"@id":"https:\/\/deputadotaveirajr.com.br\/#website"},"primaryImageOfPage":{"@id":"https:\/\/deputadotaveirajr.com.br\/index.php\/praia-no-rn-proibe-trafego-de-veiculos-para-proteger-periodo-de-reproducao-de-tartarugas\/#primaryimage"},"image":{"@id":"https:\/\/deputadotaveirajr.com.br\/index.php\/praia-no-rn-proibe-trafego-de-veiculos-para-proteger-periodo-de-reproducao-de-tartarugas\/#primaryimage"},"thumbnailUrl":"https:\/\/deputadotaveirajr.com.br\/wp-content\/uploads\/2024\/06\/malemba-IOLIUr.jpeg","datePublished":"2024-06-10T21:58:59+00:00","breadcrumb":{"@id":"https:\/\/deputadotaveirajr.com.br\/index.php\/praia-no-rn-proibe-trafego-de-veiculos-para-proteger-periodo-de-reproducao-de-tartarugas\/#breadcrumb"},"inLanguage":"pt-BR","potentialAction":[{"@type":"ReadAction","target":["https:\/\/deputadotaveirajr.com.br\/index.php\/praia-no-rn-proibe-trafego-de-veiculos-para-proteger-periodo-de-reproducao-de-tartarugas\/"]}]},{"@type":"ImageObject","inLanguage":"pt-BR","@id":"https:\/\/deputadotaveirajr.com.br\/index.php\/praia-no-rn-proibe-trafego-de-veiculos-para-proteger-periodo-de-reproducao-de-tartarugas\/#primaryimage","url":"https:\/\/deputadotaveirajr.com.br\/wp-content\/uploads\/2024\/06\/malemba-IOLIUr.jpeg","contentUrl":"https:\/\/deputadotaveirajr.com.br\/wp-content\/uploads\/2024\/06\/malemba-IOLIUr.jpeg","width":1410,"height":831},{"@type":"BreadcrumbList","@id":"https:\/\/deputadotaveirajr.com.br\/index.php\/praia-no-rn-proibe-trafego-de-veiculos-para-proteger-periodo-de-reproducao-de-tartarugas\/#breadcrumb","itemListElement":[{"@type":"ListItem","position":1,"name":"In\u00edcio","item":"https:\/\/deputadotaveirajr.com.br\/"},{"@type":"ListItem","position":2,"name":"Praia no RN pro\u00edbe tr\u00e1fego de ve\u00edculos para proteger per\u00edodo de reprodu\u00e7\u00e3o de tartarugas"}]},{"@type":"WebSite","@id":"https:\/\/deputadotaveirajr.com.br\/#website","url":"https:\/\/deputadotaveirajr.com.br\/","name":"Taveira Jr","description":"Deputado Estadual","publisher":{"@id":"https:\/\/deputadotaveirajr.com.br\/#organization"},"potentialAction":[{"@type":"SearchAction","target":{"@type":"EntryPoint","urlTemplate":"https:\/\/deputadotaveirajr.com.br\/?s={search_term_string}"},"query-input":{"@type":"PropertyValueSpecification","valueRequired":true,"valueName":"search_term_string"}}],"inLanguage":"pt-BR"},{"@type":"Organization","@id":"https:\/\/deputadotaveirajr.com.br\/#organization","name":"Taveira Jr","url":"https:\/\/deputadotaveirajr.com.br\/","logo":{"@type":"ImageObject","inLanguage":"pt-BR","@id":"https:\/\/deputadotaveirajr.com.br\/#\/schema\/logo\/image\/","url":"https:\/\/deputadotaveirajr.com.br\/wp-content\/uploads\/2026\/01\/logolow2a.png","contentUrl":"https:\/\/deputadotaveirajr.com.br\/wp-content\/uploads\/2026\/01\/logolow2a.png","width":290,"height":80,"caption":"Taveira Jr"},"image":{"@id":"https:\/\/deputadotaveirajr.com.br\/#\/schema\/logo\/image\/"}}]}},"_links":{"self":[{"href":"https:\/\/deputadotaveirajr.com.br\/index.php\/wp-json\/wp\/v2\/pages\/6899","targetHints":{"allow":["GET"]}}],"collection":[{"href":"https:\/\/deputadotaveirajr.com.br\/index.php\/wp-json\/wp\/v2\/pages"}],"about":[{"href":"https:\/\/deputadotaveirajr.com.br\/index.php\/wp-json\/wp\/v2\/types\/page"}],"replies":[{"embeddable":true,"href":"https:\/\/deputadotaveirajr.com.br\/index.php\/wp-json\/wp\/v2\/comments?post=6899"}],"version-history":[{"count":1,"href":"https:\/\/deputadotaveirajr.com.br\/index.php\/wp-json\/wp\/v2\/pages\/6899\/revisions"}],"predecessor-version":[{"id":6904,"href":"https:\/\/deputadotaveirajr.com.br\/index.php\/wp-json\/wp\/v2\/pages\/6899\/revisions\/6904"}],"wp:featuredmedia":[{"embeddable":true,"href":"https:\/\/deputadotaveirajr.com.br\/index.php\/wp-json\/wp\/v2\/media\/6900"}],"wp:attachment":[{"href":"https:\/\/deputadotaveirajr.com.br\/index.php\/wp-json\/wp\/v2\/media?parent=6899"}],"curies":[{"name":"wp","href":"https:\/\/api.w.org\/{rel}","templated":true}]}}