{"id":6928,"date":"2024-06-11T13:56:18","date_gmt":"2024-06-11T16:56:18","guid":{"rendered":"https:\/\/deputadotaveirajr.com.br\/?page_id=6928"},"modified":"2024-06-11T13:56:18","modified_gmt":"2024-06-11T16:56:18","slug":"inmet-alerta-para-acumulado-de-chuvas-em-natal-e-mais-35-cidades-do-rn-veja-lista","status":"publish","type":"page","link":"https:\/\/deputadotaveirajr.com.br\/index.php\/inmet-alerta-para-acumulado-de-chuvas-em-natal-e-mais-35-cidades-do-rn-veja-lista\/","title":{"rendered":"Inmet alerta para acumulado de chuvas em Natal e mais 35 cidades do RN; veja lista"},"content":{"rendered":"<p>     Aviso vai at\u00e9 10h desta quarta-feira (12) e \u00e9 da cor amarela (perigo potencial), que prev\u00ea chuvas de at\u00e9 50 mil\u00edmetros por dia. Inmet alerta para acumulado de chuvas em Natal e mais 35 cidades do RN<br \/>\nReprodu\u00e7\u00e3o\/Inmet<br \/>\nO Instituto Nacional de Meteorologia (Inmet) emitiu um alerta de acumulado de chuvas para 36 cidades do Rio Grande do Norte, entre elas a capital Natal.  O aviso vai at\u00e9 10h desta quarta-feira (12).<br \/>\nO alerta do Inmet \u00e9 da cor amarela (perigo potencial), o n\u00edvel mais baixo de tr\u00eas no grau de severidade do \u00f3rg\u00e3o, que tem as cores laranja (perigo) e vermelho (grande perigo) como n\u00edveis acima.<br \/>\n\ud83d\udcf3Participe do canal do g1 RN no WhatsApp<br \/>\n\ud83d\udfe1 De acordo com Instituto, o alerta amarelo prev\u00ea chuvas entre 20 a 30 mm por hora ou de at\u00e9 50 mm por dia. H\u00e1, nesse caso, baixo risco de alagamentos ou de pequenos deslizamentos em cidades com essas \u00e1reas de risco.<br \/>\n\u26a0\ufe0f Algumas das recomenda\u00e7\u00f5es do \u00f3rg\u00e3o s\u00e3o:<br \/>\nevitar enfrentar o mau tempo;<br \/>\nobservar altera\u00e7\u00e3o nas encostas;<br \/>\nevitar usar aparelhos eletr\u00f4nicos ligados \u00e0 tomada;<br \/>\nem caso de necessidade, acionar Defesa Civil (telefone 199) ou Corpo de Bombeiros (telefone 193).<br \/>\nCidades atingidas pelo alerta do Inmet:<br \/>\nAr\u00eas<br \/>\nBa\u00eda Formosa<br \/>\nBrejinho<br \/>\nCanguaretama<br \/>\nCear\u00e1-Mirim<br \/>\nEsp\u00edrito Santo<br \/>\nExtremoz<br \/>\nGoianinha<br \/>\nIelmo Marinho<br \/>\nJundi\u00e1<br \/>\nLagoa de Pedras<br \/>\nLagoa Salgada<br \/>\nMaca\u00edba<br \/>\nMaxaranguape<br \/>\nMontanhas<br \/>\nMonte Alegre<br \/>\nNatal<br \/>\nN\u00edsia Floresta<br \/>\nNova Cruz<br \/>\nParnamirim<br \/>\nPassagem<br \/>\nPedro Velho<br \/>\nPureza<br \/>\nRio do Fogo<br \/>\nSanto Ant\u00f4nio<br \/>\nS\u00e3o Gon\u00e7alo do Amarante<br \/>\nS\u00e3o Jos\u00e9 de Mipibu<br \/>\nS\u00e3o Miguel do Gostoso<br \/>\nS\u00e3o Pedro<br \/>\nSenador Georgino Avelino<br \/>\nTaipu<br \/>\nTibau do Sul<br \/>\nTouros<br \/>\nV\u00e1rzea<br \/>\nVera Cruz<br \/>\nVila Flor<br \/>\nV\u00eddeos mais assistidos do g1 RN<\/p>","protected":false},"excerpt":{"rendered":"<p>Aviso vai at\u00e9 10h desta quarta-feira (12) e \u00e9 da cor amarela (perigo potencial), que prev\u00ea chuvas de at\u00e9 50 mil\u00edmetros por dia. Inmet alerta para acumulado de chuvas em &#8230;<\/p>\n","protected":false},"author":0,"featured_media":6929,"parent":0,"menu_order":0,"comment_status":"closed","ping_status":"closed","template":"","meta":{"footnotes":""},"class_list":["post-6928","page","type-page","status-publish","has-post-thumbnail","hentry"],"yoast_head":"<!-- This site is optimized with the Yoast SEO plugin v27.1.1 - https:\/\/yoast.com\/product\/yoast-seo-wordpress\/ -->\n<title>Inmet alerta para acumulado de chuvas em Natal e mais 35 cidades do RN; veja lista - Taveira Jr<\/title>\n<meta name=\"robots\" content=\"index, follow, max-snippet:-1, max-image-preview:large, max-video-preview:-1\" \/>\n<link rel=\"canonical\" href=\"https:\/\/deputadotaveirajr.com.br\/index.php\/inmet-alerta-para-acumulado-de-chuvas-em-natal-e-mais-35-cidades-do-rn-veja-lista\/\" \/>\n<meta property=\"og:locale\" content=\"pt_BR\" \/>\n<meta property=\"og:type\" content=\"article\" \/>\n<meta property=\"og:title\" content=\"Inmet alerta para acumulado de chuvas em Natal e mais 35 cidades do RN; veja lista - Taveira Jr\" \/>\n<meta property=\"og:description\" content=\"Aviso vai at\u00e9 10h desta quarta-feira (12) e \u00e9 da cor amarela (perigo potencial), que prev\u00ea chuvas de at\u00e9 50 mil\u00edmetros por dia. Inmet alerta para acumulado de chuvas em ...\" \/>\n<meta property=\"og:url\" content=\"https:\/\/deputadotaveirajr.com.br\/index.php\/inmet-alerta-para-acumulado-de-chuvas-em-natal-e-mais-35-cidades-do-rn-veja-lista\/\" \/>\n<meta property=\"og:site_name\" content=\"Taveira Jr\" \/>\n<meta property=\"og:image\" content=\"https:\/\/deputadotaveirajr.com.br\/wp-content\/uploads\/2024\/06\/inmet-s1fIck.jpeg\" \/>\n\t<meta property=\"og:image:width\" content=\"611\" \/>\n\t<meta property=\"og:image:height\" content=\"378\" \/>\n\t<meta property=\"og:image:type\" content=\"image\/jpeg\" \/>\n<meta name=\"twitter:card\" content=\"summary_large_image\" \/>\n<meta name=\"twitter:label1\" content=\"Est. tempo de leitura\" \/>\n\t<meta name=\"twitter:data1\" content=\"1 minuto\" \/>\n<script type=\"application\/ld+json\" class=\"yoast-schema-graph\">{\"@context\":\"https:\/\/schema.org\",\"@graph\":[{\"@type\":\"WebPage\",\"@id\":\"https:\/\/deputadotaveirajr.com.br\/index.php\/inmet-alerta-para-acumulado-de-chuvas-em-natal-e-mais-35-cidades-do-rn-veja-lista\/\",\"url\":\"https:\/\/deputadotaveirajr.com.br\/index.php\/inmet-alerta-para-acumulado-de-chuvas-em-natal-e-mais-35-cidades-do-rn-veja-lista\/\",\"name\":\"Inmet alerta para acumulado de chuvas em Natal e mais 35 cidades do RN; veja lista - Taveira Jr\",\"isPartOf\":{\"@id\":\"https:\/\/deputadotaveirajr.com.br\/#website\"},\"primaryImageOfPage\":{\"@id\":\"https:\/\/deputadotaveirajr.com.br\/index.php\/inmet-alerta-para-acumulado-de-chuvas-em-natal-e-mais-35-cidades-do-rn-veja-lista\/#primaryimage\"},\"image\":{\"@id\":\"https:\/\/deputadotaveirajr.com.br\/index.php\/inmet-alerta-para-acumulado-de-chuvas-em-natal-e-mais-35-cidades-do-rn-veja-lista\/#primaryimage\"},\"thumbnailUrl\":\"https:\/\/deputadotaveirajr.com.br\/wp-content\/uploads\/2024\/06\/inmet-s1fIck.jpeg\",\"datePublished\":\"2024-06-11T16:56:18+00:00\",\"breadcrumb\":{\"@id\":\"https:\/\/deputadotaveirajr.com.br\/index.php\/inmet-alerta-para-acumulado-de-chuvas-em-natal-e-mais-35-cidades-do-rn-veja-lista\/#breadcrumb\"},\"inLanguage\":\"pt-BR\",\"potentialAction\":[{\"@type\":\"ReadAction\",\"target\":[\"https:\/\/deputadotaveirajr.com.br\/index.php\/inmet-alerta-para-acumulado-de-chuvas-em-natal-e-mais-35-cidades-do-rn-veja-lista\/\"]}]},{\"@type\":\"ImageObject\",\"inLanguage\":\"pt-BR\",\"@id\":\"https:\/\/deputadotaveirajr.com.br\/index.php\/inmet-alerta-para-acumulado-de-chuvas-em-natal-e-mais-35-cidades-do-rn-veja-lista\/#primaryimage\",\"url\":\"https:\/\/deputadotaveirajr.com.br\/wp-content\/uploads\/2024\/06\/inmet-s1fIck.jpeg\",\"contentUrl\":\"https:\/\/deputadotaveirajr.com.br\/wp-content\/uploads\/2024\/06\/inmet-s1fIck.jpeg\",\"width\":611,\"height\":378},{\"@type\":\"BreadcrumbList\",\"@id\":\"https:\/\/deputadotaveirajr.com.br\/index.php\/inmet-alerta-para-acumulado-de-chuvas-em-natal-e-mais-35-cidades-do-rn-veja-lista\/#breadcrumb\",\"itemListElement\":[{\"@type\":\"ListItem\",\"position\":1,\"name\":\"In\u00edcio\",\"item\":\"https:\/\/deputadotaveirajr.com.br\/\"},{\"@type\":\"ListItem\",\"position\":2,\"name\":\"Inmet alerta para acumulado de chuvas em Natal e mais 35 cidades do RN; veja lista\"}]},{\"@type\":\"WebSite\",\"@id\":\"https:\/\/deputadotaveirajr.com.br\/#website\",\"url\":\"https:\/\/deputadotaveirajr.com.br\/\",\"name\":\"Taveira Jr\",\"description\":\"Deputado Estadual\",\"publisher\":{\"@id\":\"https:\/\/deputadotaveirajr.com.br\/#organization\"},\"potentialAction\":[{\"@type\":\"SearchAction\",\"target\":{\"@type\":\"EntryPoint\",\"urlTemplate\":\"https:\/\/deputadotaveirajr.com.br\/?s={search_term_string}\"},\"query-input\":{\"@type\":\"PropertyValueSpecification\",\"valueRequired\":true,\"valueName\":\"search_term_string\"}}],\"inLanguage\":\"pt-BR\"},{\"@type\":\"Organization\",\"@id\":\"https:\/\/deputadotaveirajr.com.br\/#organization\",\"name\":\"Taveira Jr\",\"url\":\"https:\/\/deputadotaveirajr.com.br\/\",\"logo\":{\"@type\":\"ImageObject\",\"inLanguage\":\"pt-BR\",\"@id\":\"https:\/\/deputadotaveirajr.com.br\/#\/schema\/logo\/image\/\",\"url\":\"https:\/\/deputadotaveirajr.com.br\/wp-content\/uploads\/2026\/01\/logolow2a.png\",\"contentUrl\":\"https:\/\/deputadotaveirajr.com.br\/wp-content\/uploads\/2026\/01\/logolow2a.png\",\"width\":290,\"height\":80,\"caption\":\"Taveira Jr\"},\"image\":{\"@id\":\"https:\/\/deputadotaveirajr.com.br\/#\/schema\/logo\/image\/\"}}]}<\/script>\n<!-- \/ Yoast SEO plugin. -->","yoast_head_json":{"title":"Inmet alerta para acumulado de chuvas em Natal e mais 35 cidades do RN; veja lista - Taveira Jr","robots":{"index":"index","follow":"follow","max-snippet":"max-snippet:-1","max-image-preview":"max-image-preview:large","max-video-preview":"max-video-preview:-1"},"canonical":"https:\/\/deputadotaveirajr.com.br\/index.php\/inmet-alerta-para-acumulado-de-chuvas-em-natal-e-mais-35-cidades-do-rn-veja-lista\/","og_locale":"pt_BR","og_type":"article","og_title":"Inmet alerta para acumulado de chuvas em Natal e mais 35 cidades do RN; veja lista - Taveira Jr","og_description":"Aviso vai at\u00e9 10h desta quarta-feira (12) e \u00e9 da cor amarela (perigo potencial), que prev\u00ea chuvas de at\u00e9 50 mil\u00edmetros por dia. Inmet alerta para acumulado de chuvas em ...","og_url":"https:\/\/deputadotaveirajr.com.br\/index.php\/inmet-alerta-para-acumulado-de-chuvas-em-natal-e-mais-35-cidades-do-rn-veja-lista\/","og_site_name":"Taveira Jr","og_image":[{"width":611,"height":378,"url":"https:\/\/deputadotaveirajr.com.br\/wp-content\/uploads\/2024\/06\/inmet-s1fIck.jpeg","type":"image\/jpeg"}],"twitter_card":"summary_large_image","twitter_misc":{"Est. tempo de leitura":"1 minuto"},"schema":{"@context":"https:\/\/schema.org","@graph":[{"@type":"WebPage","@id":"https:\/\/deputadotaveirajr.com.br\/index.php\/inmet-alerta-para-acumulado-de-chuvas-em-natal-e-mais-35-cidades-do-rn-veja-lista\/","url":"https:\/\/deputadotaveirajr.com.br\/index.php\/inmet-alerta-para-acumulado-de-chuvas-em-natal-e-mais-35-cidades-do-rn-veja-lista\/","name":"Inmet alerta para acumulado de chuvas em Natal e mais 35 cidades do RN; veja lista - Taveira Jr","isPartOf":{"@id":"https:\/\/deputadotaveirajr.com.br\/#website"},"primaryImageOfPage":{"@id":"https:\/\/deputadotaveirajr.com.br\/index.php\/inmet-alerta-para-acumulado-de-chuvas-em-natal-e-mais-35-cidades-do-rn-veja-lista\/#primaryimage"},"image":{"@id":"https:\/\/deputadotaveirajr.com.br\/index.php\/inmet-alerta-para-acumulado-de-chuvas-em-natal-e-mais-35-cidades-do-rn-veja-lista\/#primaryimage"},"thumbnailUrl":"https:\/\/deputadotaveirajr.com.br\/wp-content\/uploads\/2024\/06\/inmet-s1fIck.jpeg","datePublished":"2024-06-11T16:56:18+00:00","breadcrumb":{"@id":"https:\/\/deputadotaveirajr.com.br\/index.php\/inmet-alerta-para-acumulado-de-chuvas-em-natal-e-mais-35-cidades-do-rn-veja-lista\/#breadcrumb"},"inLanguage":"pt-BR","potentialAction":[{"@type":"ReadAction","target":["https:\/\/deputadotaveirajr.com.br\/index.php\/inmet-alerta-para-acumulado-de-chuvas-em-natal-e-mais-35-cidades-do-rn-veja-lista\/"]}]},{"@type":"ImageObject","inLanguage":"pt-BR","@id":"https:\/\/deputadotaveirajr.com.br\/index.php\/inmet-alerta-para-acumulado-de-chuvas-em-natal-e-mais-35-cidades-do-rn-veja-lista\/#primaryimage","url":"https:\/\/deputadotaveirajr.com.br\/wp-content\/uploads\/2024\/06\/inmet-s1fIck.jpeg","contentUrl":"https:\/\/deputadotaveirajr.com.br\/wp-content\/uploads\/2024\/06\/inmet-s1fIck.jpeg","width":611,"height":378},{"@type":"BreadcrumbList","@id":"https:\/\/deputadotaveirajr.com.br\/index.php\/inmet-alerta-para-acumulado-de-chuvas-em-natal-e-mais-35-cidades-do-rn-veja-lista\/#breadcrumb","itemListElement":[{"@type":"ListItem","position":1,"name":"In\u00edcio","item":"https:\/\/deputadotaveirajr.com.br\/"},{"@type":"ListItem","position":2,"name":"Inmet alerta para acumulado de chuvas em Natal e mais 35 cidades do RN; veja lista"}]},{"@type":"WebSite","@id":"https:\/\/deputadotaveirajr.com.br\/#website","url":"https:\/\/deputadotaveirajr.com.br\/","name":"Taveira Jr","description":"Deputado Estadual","publisher":{"@id":"https:\/\/deputadotaveirajr.com.br\/#organization"},"potentialAction":[{"@type":"SearchAction","target":{"@type":"EntryPoint","urlTemplate":"https:\/\/deputadotaveirajr.com.br\/?s={search_term_string}"},"query-input":{"@type":"PropertyValueSpecification","valueRequired":true,"valueName":"search_term_string"}}],"inLanguage":"pt-BR"},{"@type":"Organization","@id":"https:\/\/deputadotaveirajr.com.br\/#organization","name":"Taveira Jr","url":"https:\/\/deputadotaveirajr.com.br\/","logo":{"@type":"ImageObject","inLanguage":"pt-BR","@id":"https:\/\/deputadotaveirajr.com.br\/#\/schema\/logo\/image\/","url":"https:\/\/deputadotaveirajr.com.br\/wp-content\/uploads\/2026\/01\/logolow2a.png","contentUrl":"https:\/\/deputadotaveirajr.com.br\/wp-content\/uploads\/2026\/01\/logolow2a.png","width":290,"height":80,"caption":"Taveira Jr"},"image":{"@id":"https:\/\/deputadotaveirajr.com.br\/#\/schema\/logo\/image\/"}}]}},"_links":{"self":[{"href":"https:\/\/deputadotaveirajr.com.br\/index.php\/wp-json\/wp\/v2\/pages\/6928","targetHints":{"allow":["GET"]}}],"collection":[{"href":"https:\/\/deputadotaveirajr.com.br\/index.php\/wp-json\/wp\/v2\/pages"}],"about":[{"href":"https:\/\/deputadotaveirajr.com.br\/index.php\/wp-json\/wp\/v2\/types\/page"}],"replies":[{"embeddable":true,"href":"https:\/\/deputadotaveirajr.com.br\/index.php\/wp-json\/wp\/v2\/comments?post=6928"}],"version-history":[{"count":1,"href":"https:\/\/deputadotaveirajr.com.br\/index.php\/wp-json\/wp\/v2\/pages\/6928\/revisions"}],"predecessor-version":[{"id":6935,"href":"https:\/\/deputadotaveirajr.com.br\/index.php\/wp-json\/wp\/v2\/pages\/6928\/revisions\/6935"}],"wp:featuredmedia":[{"embeddable":true,"href":"https:\/\/deputadotaveirajr.com.br\/index.php\/wp-json\/wp\/v2\/media\/6929"}],"wp:attachment":[{"href":"https:\/\/deputadotaveirajr.com.br\/index.php\/wp-json\/wp\/v2\/media?parent=6928"}],"curies":[{"name":"wp","href":"https:\/\/api.w.org\/{rel}","templated":true}]}}