{"id":7000,"date":"2024-06-13T12:23:22","date_gmt":"2024-06-13T15:23:22","guid":{"rendered":"https:\/\/deputadotaveirajr.com.br\/?page_id=7000"},"modified":"2024-06-13T12:23:22","modified_gmt":"2024-06-13T15:23:22","slug":"e-briga-alunos-simulam-confusao-e-surpreendem-diretora-de-escola-com-homenagem-um-dos-melhores-aniversarios","status":"publish","type":"page","link":"https:\/\/deputadotaveirajr.com.br\/index.php\/e-briga-alunos-simulam-confusao-e-surpreendem-diretora-de-escola-com-homenagem-um-dos-melhores-aniversarios\/","title":{"rendered":"\u00c9 briga? Alunos simulam confus\u00e3o e surpreendem diretora de escola com homenagem: &#8216;Um dos melhores anivers\u00e1rios&#8217;"},"content":{"rendered":"<p>     Festa surpresa aconteceu na Escola Estadual Jo\u00e3o Tertuliano Lopes, em Itaj\u00e1, no Oeste potiguar. Alunos simulam briga para fazer surpresa para diretora em escola do RN<br \/>\nDiretora da Escola Estadual Jo\u00e3o Tertuliano Lopes, em Itaj\u00e1, no Oeste potiguar, Anailza Vieira foi chamada para apartar uma briga entre alunos no p\u00e1tio da institui\u00e7\u00e3o, na \u00faltima ter\u00e7a-feira (11).<br \/>\nNo entanto, o momento de tens\u00e3o da educadora se transformou em emo\u00e7\u00e3o, quando ela percebeu que tudo n\u00e3o passava de uma simula\u00e7\u00e3o. O objetivo dos estudantes era fazer uma surpresa para a professora, por causa do seu anivers\u00e1rio.<br \/>\nA surpresa contou com buqu\u00ea de flores, bolo e abra\u00e7os. &#8220;Foi um dos melhores anivers\u00e1rios que tive e s\u00f3 tenho a agradecer a todos eles&#8221;, disse.<br \/>\nAlunos simularam briga para fazer surpresa para diretora de escola no RN<br \/>\nReprodu\u00e7\u00e3o<br \/>\nA diretora disse que se preocupa muito com a seguran\u00e7a dos alunos dentro da escola e, sabendo disso, os estudantes pensaram na simula\u00e7\u00e3o da briga como uma forma de atra\u00ed-la.<br \/>\n&#8220;Foi o meu anivers\u00e1rio e eles bolaram a trolagem, como eles dizem. Foi bem emocionante. Simularam uma briga e eu fui l\u00e1, porque eles sabem o quanto me preocupa essas a\u00e7\u00f5es dentro da escola. Quando cheguei, era uma surpresa&#8221;, relatou.<br \/>\nAinda de acordo com a diretora, a surpresa foi elaborada pelos alunos do 9\u00ba ano e contou com apoio das demais turmas.<br \/>\nSurpresa para diretora de escola p\u00fablica do RN tamb\u00e9m teve bolo<br \/>\nCedida<br \/>\nAlunos fingem briga para homenagear diretora em escola no RN<br \/>\nVeja os v\u00eddeos mais assistidos no g1 RN<\/p>","protected":false},"excerpt":{"rendered":"<p>Festa surpresa aconteceu na Escola Estadual Jo\u00e3o Tertuliano Lopes, em Itaj\u00e1, no Oeste potiguar. Alunos simulam briga para fazer surpresa para diretora em escola do RN Diretora da Escola Estadual &#8230;<\/p>\n","protected":false},"author":0,"featured_media":7001,"parent":0,"menu_order":0,"comment_status":"closed","ping_status":"closed","template":"","meta":{"footnotes":""},"class_list":["post-7000","page","type-page","status-publish","has-post-thumbnail","hentry"],"yoast_head":"<!-- This site is optimized with the Yoast SEO plugin v27.1.1 - https:\/\/yoast.com\/product\/yoast-seo-wordpress\/ -->\n<title>\u00c9 briga? Alunos simulam confus\u00e3o e surpreendem diretora de escola com homenagem: &#039;Um dos melhores anivers\u00e1rios&#039; - Taveira Jr<\/title>\n<meta name=\"robots\" content=\"index, follow, max-snippet:-1, max-image-preview:large, max-video-preview:-1\" \/>\n<link rel=\"canonical\" href=\"https:\/\/deputadotaveirajr.com.br\/index.php\/e-briga-alunos-simulam-confusao-e-surpreendem-diretora-de-escola-com-homenagem-um-dos-melhores-aniversarios\/\" \/>\n<meta property=\"og:locale\" content=\"pt_BR\" \/>\n<meta property=\"og:type\" content=\"article\" \/>\n<meta property=\"og:title\" content=\"\u00c9 briga? Alunos simulam confus\u00e3o e surpreendem diretora de escola com homenagem: &#039;Um dos melhores anivers\u00e1rios&#039; - Taveira Jr\" \/>\n<meta property=\"og:description\" content=\"Festa surpresa aconteceu na Escola Estadual Jo\u00e3o Tertuliano Lopes, em Itaj\u00e1, no Oeste potiguar. Alunos simulam briga para fazer surpresa para diretora em escola do RN Diretora da Escola Estadual ...\" \/>\n<meta property=\"og:url\" content=\"https:\/\/deputadotaveirajr.com.br\/index.php\/e-briga-alunos-simulam-confusao-e-surpreendem-diretora-de-escola-com-homenagem-um-dos-melhores-aniversarios\/\" \/>\n<meta property=\"og:site_name\" content=\"Taveira Jr\" \/>\n<meta property=\"og:image\" content=\"https:\/\/deputadotaveirajr.com.br\/wp-content\/uploads\/2024\/06\/briga-zHrb5g.jpeg\" \/>\n\t<meta property=\"og:image:width\" content=\"1000\" \/>\n\t<meta property=\"og:image:height\" content=\"534\" \/>\n\t<meta property=\"og:image:type\" content=\"image\/jpeg\" \/>\n<meta name=\"twitter:card\" content=\"summary_large_image\" \/>\n<meta name=\"twitter:label1\" content=\"Est. tempo de leitura\" \/>\n\t<meta name=\"twitter:data1\" content=\"1 minuto\" \/>\n<script type=\"application\/ld+json\" class=\"yoast-schema-graph\">{\"@context\":\"https:\/\/schema.org\",\"@graph\":[{\"@type\":\"WebPage\",\"@id\":\"https:\/\/deputadotaveirajr.com.br\/index.php\/e-briga-alunos-simulam-confusao-e-surpreendem-diretora-de-escola-com-homenagem-um-dos-melhores-aniversarios\/\",\"url\":\"https:\/\/deputadotaveirajr.com.br\/index.php\/e-briga-alunos-simulam-confusao-e-surpreendem-diretora-de-escola-com-homenagem-um-dos-melhores-aniversarios\/\",\"name\":\"\u00c9 briga? Alunos simulam confus\u00e3o e surpreendem diretora de escola com homenagem: 'Um dos melhores anivers\u00e1rios' - Taveira Jr\",\"isPartOf\":{\"@id\":\"https:\/\/deputadotaveirajr.com.br\/#website\"},\"primaryImageOfPage\":{\"@id\":\"https:\/\/deputadotaveirajr.com.br\/index.php\/e-briga-alunos-simulam-confusao-e-surpreendem-diretora-de-escola-com-homenagem-um-dos-melhores-aniversarios\/#primaryimage\"},\"image\":{\"@id\":\"https:\/\/deputadotaveirajr.com.br\/index.php\/e-briga-alunos-simulam-confusao-e-surpreendem-diretora-de-escola-com-homenagem-um-dos-melhores-aniversarios\/#primaryimage\"},\"thumbnailUrl\":\"https:\/\/deputadotaveirajr.com.br\/wp-content\/uploads\/2024\/06\/briga-zHrb5g.jpeg\",\"datePublished\":\"2024-06-13T15:23:22+00:00\",\"breadcrumb\":{\"@id\":\"https:\/\/deputadotaveirajr.com.br\/index.php\/e-briga-alunos-simulam-confusao-e-surpreendem-diretora-de-escola-com-homenagem-um-dos-melhores-aniversarios\/#breadcrumb\"},\"inLanguage\":\"pt-BR\",\"potentialAction\":[{\"@type\":\"ReadAction\",\"target\":[\"https:\/\/deputadotaveirajr.com.br\/index.php\/e-briga-alunos-simulam-confusao-e-surpreendem-diretora-de-escola-com-homenagem-um-dos-melhores-aniversarios\/\"]}]},{\"@type\":\"ImageObject\",\"inLanguage\":\"pt-BR\",\"@id\":\"https:\/\/deputadotaveirajr.com.br\/index.php\/e-briga-alunos-simulam-confusao-e-surpreendem-diretora-de-escola-com-homenagem-um-dos-melhores-aniversarios\/#primaryimage\",\"url\":\"https:\/\/deputadotaveirajr.com.br\/wp-content\/uploads\/2024\/06\/briga-zHrb5g.jpeg\",\"contentUrl\":\"https:\/\/deputadotaveirajr.com.br\/wp-content\/uploads\/2024\/06\/briga-zHrb5g.jpeg\",\"width\":1000,\"height\":534},{\"@type\":\"BreadcrumbList\",\"@id\":\"https:\/\/deputadotaveirajr.com.br\/index.php\/e-briga-alunos-simulam-confusao-e-surpreendem-diretora-de-escola-com-homenagem-um-dos-melhores-aniversarios\/#breadcrumb\",\"itemListElement\":[{\"@type\":\"ListItem\",\"position\":1,\"name\":\"In\u00edcio\",\"item\":\"https:\/\/deputadotaveirajr.com.br\/\"},{\"@type\":\"ListItem\",\"position\":2,\"name\":\"\u00c9 briga? Alunos simulam confus\u00e3o e surpreendem diretora de escola com homenagem: &#8216;Um dos melhores anivers\u00e1rios&#8217;\"}]},{\"@type\":\"WebSite\",\"@id\":\"https:\/\/deputadotaveirajr.com.br\/#website\",\"url\":\"https:\/\/deputadotaveirajr.com.br\/\",\"name\":\"Taveira Jr\",\"description\":\"Deputado Estadual\",\"publisher\":{\"@id\":\"https:\/\/deputadotaveirajr.com.br\/#organization\"},\"potentialAction\":[{\"@type\":\"SearchAction\",\"target\":{\"@type\":\"EntryPoint\",\"urlTemplate\":\"https:\/\/deputadotaveirajr.com.br\/?s={search_term_string}\"},\"query-input\":{\"@type\":\"PropertyValueSpecification\",\"valueRequired\":true,\"valueName\":\"search_term_string\"}}],\"inLanguage\":\"pt-BR\"},{\"@type\":\"Organization\",\"@id\":\"https:\/\/deputadotaveirajr.com.br\/#organization\",\"name\":\"Taveira Jr\",\"url\":\"https:\/\/deputadotaveirajr.com.br\/\",\"logo\":{\"@type\":\"ImageObject\",\"inLanguage\":\"pt-BR\",\"@id\":\"https:\/\/deputadotaveirajr.com.br\/#\/schema\/logo\/image\/\",\"url\":\"https:\/\/deputadotaveirajr.com.br\/wp-content\/uploads\/2026\/01\/logolow2a.png\",\"contentUrl\":\"https:\/\/deputadotaveirajr.com.br\/wp-content\/uploads\/2026\/01\/logolow2a.png\",\"width\":290,\"height\":80,\"caption\":\"Taveira Jr\"},\"image\":{\"@id\":\"https:\/\/deputadotaveirajr.com.br\/#\/schema\/logo\/image\/\"}}]}<\/script>\n<!-- \/ Yoast SEO plugin. -->","yoast_head_json":{"title":"\u00c9 briga? Alunos simulam confus\u00e3o e surpreendem diretora de escola com homenagem: 'Um dos melhores anivers\u00e1rios' - Taveira Jr","robots":{"index":"index","follow":"follow","max-snippet":"max-snippet:-1","max-image-preview":"max-image-preview:large","max-video-preview":"max-video-preview:-1"},"canonical":"https:\/\/deputadotaveirajr.com.br\/index.php\/e-briga-alunos-simulam-confusao-e-surpreendem-diretora-de-escola-com-homenagem-um-dos-melhores-aniversarios\/","og_locale":"pt_BR","og_type":"article","og_title":"\u00c9 briga? Alunos simulam confus\u00e3o e surpreendem diretora de escola com homenagem: 'Um dos melhores anivers\u00e1rios' - Taveira Jr","og_description":"Festa surpresa aconteceu na Escola Estadual Jo\u00e3o Tertuliano Lopes, em Itaj\u00e1, no Oeste potiguar. Alunos simulam briga para fazer surpresa para diretora em escola do RN Diretora da Escola Estadual ...","og_url":"https:\/\/deputadotaveirajr.com.br\/index.php\/e-briga-alunos-simulam-confusao-e-surpreendem-diretora-de-escola-com-homenagem-um-dos-melhores-aniversarios\/","og_site_name":"Taveira Jr","og_image":[{"width":1000,"height":534,"url":"https:\/\/deputadotaveirajr.com.br\/wp-content\/uploads\/2024\/06\/briga-zHrb5g.jpeg","type":"image\/jpeg"}],"twitter_card":"summary_large_image","twitter_misc":{"Est. tempo de leitura":"1 minuto"},"schema":{"@context":"https:\/\/schema.org","@graph":[{"@type":"WebPage","@id":"https:\/\/deputadotaveirajr.com.br\/index.php\/e-briga-alunos-simulam-confusao-e-surpreendem-diretora-de-escola-com-homenagem-um-dos-melhores-aniversarios\/","url":"https:\/\/deputadotaveirajr.com.br\/index.php\/e-briga-alunos-simulam-confusao-e-surpreendem-diretora-de-escola-com-homenagem-um-dos-melhores-aniversarios\/","name":"\u00c9 briga? Alunos simulam confus\u00e3o e surpreendem diretora de escola com homenagem: 'Um dos melhores anivers\u00e1rios' - Taveira Jr","isPartOf":{"@id":"https:\/\/deputadotaveirajr.com.br\/#website"},"primaryImageOfPage":{"@id":"https:\/\/deputadotaveirajr.com.br\/index.php\/e-briga-alunos-simulam-confusao-e-surpreendem-diretora-de-escola-com-homenagem-um-dos-melhores-aniversarios\/#primaryimage"},"image":{"@id":"https:\/\/deputadotaveirajr.com.br\/index.php\/e-briga-alunos-simulam-confusao-e-surpreendem-diretora-de-escola-com-homenagem-um-dos-melhores-aniversarios\/#primaryimage"},"thumbnailUrl":"https:\/\/deputadotaveirajr.com.br\/wp-content\/uploads\/2024\/06\/briga-zHrb5g.jpeg","datePublished":"2024-06-13T15:23:22+00:00","breadcrumb":{"@id":"https:\/\/deputadotaveirajr.com.br\/index.php\/e-briga-alunos-simulam-confusao-e-surpreendem-diretora-de-escola-com-homenagem-um-dos-melhores-aniversarios\/#breadcrumb"},"inLanguage":"pt-BR","potentialAction":[{"@type":"ReadAction","target":["https:\/\/deputadotaveirajr.com.br\/index.php\/e-briga-alunos-simulam-confusao-e-surpreendem-diretora-de-escola-com-homenagem-um-dos-melhores-aniversarios\/"]}]},{"@type":"ImageObject","inLanguage":"pt-BR","@id":"https:\/\/deputadotaveirajr.com.br\/index.php\/e-briga-alunos-simulam-confusao-e-surpreendem-diretora-de-escola-com-homenagem-um-dos-melhores-aniversarios\/#primaryimage","url":"https:\/\/deputadotaveirajr.com.br\/wp-content\/uploads\/2024\/06\/briga-zHrb5g.jpeg","contentUrl":"https:\/\/deputadotaveirajr.com.br\/wp-content\/uploads\/2024\/06\/briga-zHrb5g.jpeg","width":1000,"height":534},{"@type":"BreadcrumbList","@id":"https:\/\/deputadotaveirajr.com.br\/index.php\/e-briga-alunos-simulam-confusao-e-surpreendem-diretora-de-escola-com-homenagem-um-dos-melhores-aniversarios\/#breadcrumb","itemListElement":[{"@type":"ListItem","position":1,"name":"In\u00edcio","item":"https:\/\/deputadotaveirajr.com.br\/"},{"@type":"ListItem","position":2,"name":"\u00c9 briga? Alunos simulam confus\u00e3o e surpreendem diretora de escola com homenagem: &#8216;Um dos melhores anivers\u00e1rios&#8217;"}]},{"@type":"WebSite","@id":"https:\/\/deputadotaveirajr.com.br\/#website","url":"https:\/\/deputadotaveirajr.com.br\/","name":"Taveira Jr","description":"Deputado Estadual","publisher":{"@id":"https:\/\/deputadotaveirajr.com.br\/#organization"},"potentialAction":[{"@type":"SearchAction","target":{"@type":"EntryPoint","urlTemplate":"https:\/\/deputadotaveirajr.com.br\/?s={search_term_string}"},"query-input":{"@type":"PropertyValueSpecification","valueRequired":true,"valueName":"search_term_string"}}],"inLanguage":"pt-BR"},{"@type":"Organization","@id":"https:\/\/deputadotaveirajr.com.br\/#organization","name":"Taveira Jr","url":"https:\/\/deputadotaveirajr.com.br\/","logo":{"@type":"ImageObject","inLanguage":"pt-BR","@id":"https:\/\/deputadotaveirajr.com.br\/#\/schema\/logo\/image\/","url":"https:\/\/deputadotaveirajr.com.br\/wp-content\/uploads\/2026\/01\/logolow2a.png","contentUrl":"https:\/\/deputadotaveirajr.com.br\/wp-content\/uploads\/2026\/01\/logolow2a.png","width":290,"height":80,"caption":"Taveira Jr"},"image":{"@id":"https:\/\/deputadotaveirajr.com.br\/#\/schema\/logo\/image\/"}}]}},"_links":{"self":[{"href":"https:\/\/deputadotaveirajr.com.br\/index.php\/wp-json\/wp\/v2\/pages\/7000","targetHints":{"allow":["GET"]}}],"collection":[{"href":"https:\/\/deputadotaveirajr.com.br\/index.php\/wp-json\/wp\/v2\/pages"}],"about":[{"href":"https:\/\/deputadotaveirajr.com.br\/index.php\/wp-json\/wp\/v2\/types\/page"}],"replies":[{"embeddable":true,"href":"https:\/\/deputadotaveirajr.com.br\/index.php\/wp-json\/wp\/v2\/comments?post=7000"}],"version-history":[{"count":1,"href":"https:\/\/deputadotaveirajr.com.br\/index.php\/wp-json\/wp\/v2\/pages\/7000\/revisions"}],"predecessor-version":[{"id":7007,"href":"https:\/\/deputadotaveirajr.com.br\/index.php\/wp-json\/wp\/v2\/pages\/7000\/revisions\/7007"}],"wp:featuredmedia":[{"embeddable":true,"href":"https:\/\/deputadotaveirajr.com.br\/index.php\/wp-json\/wp\/v2\/media\/7001"}],"wp:attachment":[{"href":"https:\/\/deputadotaveirajr.com.br\/index.php\/wp-json\/wp\/v2\/media?parent=7000"}],"curies":[{"name":"wp","href":"https:\/\/api.w.org\/{rel}","templated":true}]}}