{"id":7013,"date":"2024-06-13T15:27:03","date_gmt":"2024-06-13T18:27:03","guid":{"rendered":"https:\/\/deputadotaveirajr.com.br\/?page_id=7013"},"modified":"2024-06-13T15:27:03","modified_gmt":"2024-06-13T18:27:03","slug":"cratera-causa-interdicao-da-rn-177-e-deixa-municipio-isolado-no-oeste-potiguar","status":"publish","type":"page","link":"https:\/\/deputadotaveirajr.com.br\/index.php\/cratera-causa-interdicao-da-rn-177-e-deixa-municipio-isolado-no-oeste-potiguar\/","title":{"rendered":"Cratera causa interdi\u00e7\u00e3o da RN-177 e deixa munic\u00edpio isolado no Oeste potiguar"},"content":{"rendered":"<p>     Segundo a prefeitura de Rodolfo Fernandes, caminh\u00f5es e \u00f4nibus n\u00e3o conseguem acessar a cidade por estrada alternativa na zona rural de Severiano Melo. Munic\u00edpio constr\u00f3i desvio provis\u00f3rio. Cratera aberta na RN-117 causou interdi\u00e7\u00e3o da via no Oeste potiguar<br \/>\nPrefeitura de Rodolfo Fernandes\/Cedida<br \/>\nUma cratera aberta na RN-117, na noite de quarta-feira (12), causou a interdi\u00e7\u00e3o total da rodovia em Rodolfo Fernandes, no Oeste potiguar.<br \/>\nCom a via fechada, o munic\u00edpio ficou sem acesso a caminh\u00f5es e \u00f4nibus. Outros ve\u00edculos chegam \u00e0 cidade por estradas da zona rural de Severiano Melo.<br \/>\nSegundo a prefeitura do munic\u00edpio, por volta das 18h, um buraco come\u00e7ou a se abrir na via, perto do sangradouro de um a\u00e7ude. O buraco aumentou gradativamente e se tornou uma cratera.<br \/>\n\ud83d\udcf3Participe do canal do g1 RN no WhatsApp<br \/>\nAp\u00f3s ser informada do caso, a equipe da Secretaria Municipal de Infraestrutura e Urbanismo foi ao local e interditou o trecho nos dois sentidos.<br \/>\nO munic\u00edpio ainda informou que o comunicou o fato ao Departamento Estadual de Estradas de Rodagens (DER), respons\u00e1vel pela rodovia, que orientou que a prefeitura n\u00e3o fizesse nenhuma interven\u00e7\u00e3o na via at\u00e9 que os t\u00e9cnicos do \u00f3rg\u00e3o estadual analisassem a gravidade do dano.<br \/>\nNesta quinta-feira (13), o DER informou que uma equipe foi enviada para o local, mas n\u00e3o repassou o resultado da vistoria dos profissionais.<br \/>\nO munic\u00edpio anunciou que come\u00e7ou a constru\u00e7\u00e3o de um desvio provis\u00f3rio para amenizar os danos. Veja no v\u00eddeo abaixo.<br \/>\nDesvio \u00e9 constru\u00eddo ao lado da RN-177, interditada ap\u00f3s abertura de cratera<br \/>\nO acesso da cidade est\u00e1 sendo realizado pela zona rural do munic\u00edpio de Severiano Melo, por\u00e9m os ve\u00edculos de grande porte n\u00e3o conseguem usar as estradas vicinais.<br \/>\nEntregas de mercadorias foram suspensas e os alunos que precisam se deslocar para aulas em outros munic\u00edpios est\u00e3o sem transporte, uma vez que os \u00f4nibus n\u00e3o passam pela estrada alternativa.<br \/>\nVeja os v\u00eddeos mais assistidos no g1 RN<\/p>","protected":false},"excerpt":{"rendered":"<p>Segundo a prefeitura de Rodolfo Fernandes, caminh\u00f5es e \u00f4nibus n\u00e3o conseguem acessar a cidade por estrada alternativa na zona rural de Severiano Melo. Munic\u00edpio constr\u00f3i desvio provis\u00f3rio. Cratera aberta na &#8230;<\/p>\n","protected":false},"author":0,"featured_media":7014,"parent":0,"menu_order":0,"comment_status":"closed","ping_status":"closed","template":"","meta":{"footnotes":""},"class_list":["post-7013","page","type-page","status-publish","has-post-thumbnail","hentry"],"yoast_head":"<!-- This site is optimized with the Yoast SEO plugin v27.1.1 - https:\/\/yoast.com\/product\/yoast-seo-wordpress\/ -->\n<title>Cratera causa interdi\u00e7\u00e3o da RN-177 e deixa munic\u00edpio isolado no Oeste potiguar - Taveira Jr<\/title>\n<meta name=\"robots\" content=\"index, follow, max-snippet:-1, max-image-preview:large, max-video-preview:-1\" \/>\n<link rel=\"canonical\" href=\"https:\/\/deputadotaveirajr.com.br\/index.php\/cratera-causa-interdicao-da-rn-177-e-deixa-municipio-isolado-no-oeste-potiguar\/\" \/>\n<meta property=\"og:locale\" content=\"pt_BR\" \/>\n<meta property=\"og:type\" content=\"article\" \/>\n<meta property=\"og:title\" content=\"Cratera causa interdi\u00e7\u00e3o da RN-177 e deixa munic\u00edpio isolado no Oeste potiguar - Taveira Jr\" \/>\n<meta property=\"og:description\" content=\"Segundo a prefeitura de Rodolfo Fernandes, caminh\u00f5es e \u00f4nibus n\u00e3o conseguem acessar a cidade por estrada alternativa na zona rural de Severiano Melo. Munic\u00edpio constr\u00f3i desvio provis\u00f3rio. Cratera aberta na ...\" \/>\n<meta property=\"og:url\" content=\"https:\/\/deputadotaveirajr.com.br\/index.php\/cratera-causa-interdicao-da-rn-177-e-deixa-municipio-isolado-no-oeste-potiguar\/\" \/>\n<meta property=\"og:site_name\" content=\"Taveira Jr\" \/>\n<meta property=\"og:image\" content=\"https:\/\/deputadotaveirajr.com.br\/wp-content\/uploads\/2024\/06\/cratera-Bif1E1.jpeg\" \/>\n\t<meta property=\"og:image:width\" content=\"2000\" \/>\n\t<meta property=\"og:image:height\" content=\"1888\" \/>\n\t<meta property=\"og:image:type\" content=\"image\/jpeg\" \/>\n<meta name=\"twitter:card\" content=\"summary_large_image\" \/>\n<meta name=\"twitter:label1\" content=\"Est. tempo de leitura\" \/>\n\t<meta name=\"twitter:data1\" content=\"2 minutos\" \/>\n<script type=\"application\/ld+json\" class=\"yoast-schema-graph\">{\"@context\":\"https:\/\/schema.org\",\"@graph\":[{\"@type\":\"WebPage\",\"@id\":\"https:\/\/deputadotaveirajr.com.br\/index.php\/cratera-causa-interdicao-da-rn-177-e-deixa-municipio-isolado-no-oeste-potiguar\/\",\"url\":\"https:\/\/deputadotaveirajr.com.br\/index.php\/cratera-causa-interdicao-da-rn-177-e-deixa-municipio-isolado-no-oeste-potiguar\/\",\"name\":\"Cratera causa interdi\u00e7\u00e3o da RN-177 e deixa munic\u00edpio isolado no Oeste potiguar - Taveira Jr\",\"isPartOf\":{\"@id\":\"https:\/\/deputadotaveirajr.com.br\/#website\"},\"primaryImageOfPage\":{\"@id\":\"https:\/\/deputadotaveirajr.com.br\/index.php\/cratera-causa-interdicao-da-rn-177-e-deixa-municipio-isolado-no-oeste-potiguar\/#primaryimage\"},\"image\":{\"@id\":\"https:\/\/deputadotaveirajr.com.br\/index.php\/cratera-causa-interdicao-da-rn-177-e-deixa-municipio-isolado-no-oeste-potiguar\/#primaryimage\"},\"thumbnailUrl\":\"https:\/\/deputadotaveirajr.com.br\/wp-content\/uploads\/2024\/06\/cratera-Bif1E1.jpeg\",\"datePublished\":\"2024-06-13T18:27:03+00:00\",\"breadcrumb\":{\"@id\":\"https:\/\/deputadotaveirajr.com.br\/index.php\/cratera-causa-interdicao-da-rn-177-e-deixa-municipio-isolado-no-oeste-potiguar\/#breadcrumb\"},\"inLanguage\":\"pt-BR\",\"potentialAction\":[{\"@type\":\"ReadAction\",\"target\":[\"https:\/\/deputadotaveirajr.com.br\/index.php\/cratera-causa-interdicao-da-rn-177-e-deixa-municipio-isolado-no-oeste-potiguar\/\"]}]},{\"@type\":\"ImageObject\",\"inLanguage\":\"pt-BR\",\"@id\":\"https:\/\/deputadotaveirajr.com.br\/index.php\/cratera-causa-interdicao-da-rn-177-e-deixa-municipio-isolado-no-oeste-potiguar\/#primaryimage\",\"url\":\"https:\/\/deputadotaveirajr.com.br\/wp-content\/uploads\/2024\/06\/cratera-Bif1E1.jpeg\",\"contentUrl\":\"https:\/\/deputadotaveirajr.com.br\/wp-content\/uploads\/2024\/06\/cratera-Bif1E1.jpeg\",\"width\":2000,\"height\":1888},{\"@type\":\"BreadcrumbList\",\"@id\":\"https:\/\/deputadotaveirajr.com.br\/index.php\/cratera-causa-interdicao-da-rn-177-e-deixa-municipio-isolado-no-oeste-potiguar\/#breadcrumb\",\"itemListElement\":[{\"@type\":\"ListItem\",\"position\":1,\"name\":\"In\u00edcio\",\"item\":\"https:\/\/deputadotaveirajr.com.br\/\"},{\"@type\":\"ListItem\",\"position\":2,\"name\":\"Cratera causa interdi\u00e7\u00e3o da RN-177 e deixa munic\u00edpio isolado no Oeste potiguar\"}]},{\"@type\":\"WebSite\",\"@id\":\"https:\/\/deputadotaveirajr.com.br\/#website\",\"url\":\"https:\/\/deputadotaveirajr.com.br\/\",\"name\":\"Taveira Jr\",\"description\":\"Deputado Estadual\",\"publisher\":{\"@id\":\"https:\/\/deputadotaveirajr.com.br\/#organization\"},\"potentialAction\":[{\"@type\":\"SearchAction\",\"target\":{\"@type\":\"EntryPoint\",\"urlTemplate\":\"https:\/\/deputadotaveirajr.com.br\/?s={search_term_string}\"},\"query-input\":{\"@type\":\"PropertyValueSpecification\",\"valueRequired\":true,\"valueName\":\"search_term_string\"}}],\"inLanguage\":\"pt-BR\"},{\"@type\":\"Organization\",\"@id\":\"https:\/\/deputadotaveirajr.com.br\/#organization\",\"name\":\"Taveira Jr\",\"url\":\"https:\/\/deputadotaveirajr.com.br\/\",\"logo\":{\"@type\":\"ImageObject\",\"inLanguage\":\"pt-BR\",\"@id\":\"https:\/\/deputadotaveirajr.com.br\/#\/schema\/logo\/image\/\",\"url\":\"https:\/\/deputadotaveirajr.com.br\/wp-content\/uploads\/2026\/01\/logolow2a.png\",\"contentUrl\":\"https:\/\/deputadotaveirajr.com.br\/wp-content\/uploads\/2026\/01\/logolow2a.png\",\"width\":290,\"height\":80,\"caption\":\"Taveira Jr\"},\"image\":{\"@id\":\"https:\/\/deputadotaveirajr.com.br\/#\/schema\/logo\/image\/\"}}]}<\/script>\n<!-- \/ Yoast SEO plugin. -->","yoast_head_json":{"title":"Cratera causa interdi\u00e7\u00e3o da RN-177 e deixa munic\u00edpio isolado no Oeste potiguar - Taveira Jr","robots":{"index":"index","follow":"follow","max-snippet":"max-snippet:-1","max-image-preview":"max-image-preview:large","max-video-preview":"max-video-preview:-1"},"canonical":"https:\/\/deputadotaveirajr.com.br\/index.php\/cratera-causa-interdicao-da-rn-177-e-deixa-municipio-isolado-no-oeste-potiguar\/","og_locale":"pt_BR","og_type":"article","og_title":"Cratera causa interdi\u00e7\u00e3o da RN-177 e deixa munic\u00edpio isolado no Oeste potiguar - Taveira Jr","og_description":"Segundo a prefeitura de Rodolfo Fernandes, caminh\u00f5es e \u00f4nibus n\u00e3o conseguem acessar a cidade por estrada alternativa na zona rural de Severiano Melo. Munic\u00edpio constr\u00f3i desvio provis\u00f3rio. Cratera aberta na ...","og_url":"https:\/\/deputadotaveirajr.com.br\/index.php\/cratera-causa-interdicao-da-rn-177-e-deixa-municipio-isolado-no-oeste-potiguar\/","og_site_name":"Taveira Jr","og_image":[{"width":2000,"height":1888,"url":"https:\/\/deputadotaveirajr.com.br\/wp-content\/uploads\/2024\/06\/cratera-Bif1E1.jpeg","type":"image\/jpeg"}],"twitter_card":"summary_large_image","twitter_misc":{"Est. tempo de leitura":"2 minutos"},"schema":{"@context":"https:\/\/schema.org","@graph":[{"@type":"WebPage","@id":"https:\/\/deputadotaveirajr.com.br\/index.php\/cratera-causa-interdicao-da-rn-177-e-deixa-municipio-isolado-no-oeste-potiguar\/","url":"https:\/\/deputadotaveirajr.com.br\/index.php\/cratera-causa-interdicao-da-rn-177-e-deixa-municipio-isolado-no-oeste-potiguar\/","name":"Cratera causa interdi\u00e7\u00e3o da RN-177 e deixa munic\u00edpio isolado no Oeste potiguar - Taveira Jr","isPartOf":{"@id":"https:\/\/deputadotaveirajr.com.br\/#website"},"primaryImageOfPage":{"@id":"https:\/\/deputadotaveirajr.com.br\/index.php\/cratera-causa-interdicao-da-rn-177-e-deixa-municipio-isolado-no-oeste-potiguar\/#primaryimage"},"image":{"@id":"https:\/\/deputadotaveirajr.com.br\/index.php\/cratera-causa-interdicao-da-rn-177-e-deixa-municipio-isolado-no-oeste-potiguar\/#primaryimage"},"thumbnailUrl":"https:\/\/deputadotaveirajr.com.br\/wp-content\/uploads\/2024\/06\/cratera-Bif1E1.jpeg","datePublished":"2024-06-13T18:27:03+00:00","breadcrumb":{"@id":"https:\/\/deputadotaveirajr.com.br\/index.php\/cratera-causa-interdicao-da-rn-177-e-deixa-municipio-isolado-no-oeste-potiguar\/#breadcrumb"},"inLanguage":"pt-BR","potentialAction":[{"@type":"ReadAction","target":["https:\/\/deputadotaveirajr.com.br\/index.php\/cratera-causa-interdicao-da-rn-177-e-deixa-municipio-isolado-no-oeste-potiguar\/"]}]},{"@type":"ImageObject","inLanguage":"pt-BR","@id":"https:\/\/deputadotaveirajr.com.br\/index.php\/cratera-causa-interdicao-da-rn-177-e-deixa-municipio-isolado-no-oeste-potiguar\/#primaryimage","url":"https:\/\/deputadotaveirajr.com.br\/wp-content\/uploads\/2024\/06\/cratera-Bif1E1.jpeg","contentUrl":"https:\/\/deputadotaveirajr.com.br\/wp-content\/uploads\/2024\/06\/cratera-Bif1E1.jpeg","width":2000,"height":1888},{"@type":"BreadcrumbList","@id":"https:\/\/deputadotaveirajr.com.br\/index.php\/cratera-causa-interdicao-da-rn-177-e-deixa-municipio-isolado-no-oeste-potiguar\/#breadcrumb","itemListElement":[{"@type":"ListItem","position":1,"name":"In\u00edcio","item":"https:\/\/deputadotaveirajr.com.br\/"},{"@type":"ListItem","position":2,"name":"Cratera causa interdi\u00e7\u00e3o da RN-177 e deixa munic\u00edpio isolado no Oeste potiguar"}]},{"@type":"WebSite","@id":"https:\/\/deputadotaveirajr.com.br\/#website","url":"https:\/\/deputadotaveirajr.com.br\/","name":"Taveira Jr","description":"Deputado Estadual","publisher":{"@id":"https:\/\/deputadotaveirajr.com.br\/#organization"},"potentialAction":[{"@type":"SearchAction","target":{"@type":"EntryPoint","urlTemplate":"https:\/\/deputadotaveirajr.com.br\/?s={search_term_string}"},"query-input":{"@type":"PropertyValueSpecification","valueRequired":true,"valueName":"search_term_string"}}],"inLanguage":"pt-BR"},{"@type":"Organization","@id":"https:\/\/deputadotaveirajr.com.br\/#organization","name":"Taveira Jr","url":"https:\/\/deputadotaveirajr.com.br\/","logo":{"@type":"ImageObject","inLanguage":"pt-BR","@id":"https:\/\/deputadotaveirajr.com.br\/#\/schema\/logo\/image\/","url":"https:\/\/deputadotaveirajr.com.br\/wp-content\/uploads\/2026\/01\/logolow2a.png","contentUrl":"https:\/\/deputadotaveirajr.com.br\/wp-content\/uploads\/2026\/01\/logolow2a.png","width":290,"height":80,"caption":"Taveira Jr"},"image":{"@id":"https:\/\/deputadotaveirajr.com.br\/#\/schema\/logo\/image\/"}}]}},"_links":{"self":[{"href":"https:\/\/deputadotaveirajr.com.br\/index.php\/wp-json\/wp\/v2\/pages\/7013","targetHints":{"allow":["GET"]}}],"collection":[{"href":"https:\/\/deputadotaveirajr.com.br\/index.php\/wp-json\/wp\/v2\/pages"}],"about":[{"href":"https:\/\/deputadotaveirajr.com.br\/index.php\/wp-json\/wp\/v2\/types\/page"}],"replies":[{"embeddable":true,"href":"https:\/\/deputadotaveirajr.com.br\/index.php\/wp-json\/wp\/v2\/comments?post=7013"}],"version-history":[{"count":1,"href":"https:\/\/deputadotaveirajr.com.br\/index.php\/wp-json\/wp\/v2\/pages\/7013\/revisions"}],"predecessor-version":[{"id":7016,"href":"https:\/\/deputadotaveirajr.com.br\/index.php\/wp-json\/wp\/v2\/pages\/7013\/revisions\/7016"}],"wp:featuredmedia":[{"embeddable":true,"href":"https:\/\/deputadotaveirajr.com.br\/index.php\/wp-json\/wp\/v2\/media\/7014"}],"wp:attachment":[{"href":"https:\/\/deputadotaveirajr.com.br\/index.php\/wp-json\/wp\/v2\/media?parent=7013"}],"curies":[{"name":"wp","href":"https:\/\/api.w.org\/{rel}","templated":true}]}}