{"id":7023,"date":"2024-06-13T21:58:53","date_gmt":"2024-06-14T00:58:53","guid":{"rendered":"https:\/\/deputadotaveirajr.com.br\/?page_id=7023"},"modified":"2024-06-13T21:58:53","modified_gmt":"2024-06-14T00:58:53","slug":"inmet-alerta-para-chuvas-em-natal-e-mais-50-cidades-do-rn-veja-lista","status":"publish","type":"page","link":"https:\/\/deputadotaveirajr.com.br\/index.php\/inmet-alerta-para-chuvas-em-natal-e-mais-50-cidades-do-rn-veja-lista\/","title":{"rendered":"Inmet alerta para chuvas em Natal e mais 50 cidades do RN; veja lista"},"content":{"rendered":"<p>     Alerta \u00e9 da cor amarela e tem validade at\u00e9 10h desta sexta-feira (14). Chuvas podem atingir at\u00e9 30 mil\u00edmetros por hora e 50 mm por dia, segundo Inmet. Alerta de chuvas para Natal e outras cidades do RN<br \/>\nDivulga\u00e7\u00e3o\/Inmet<br \/>\nO Instituto Nacional de Meteorologia (Inmet) emitiu um alerta de chuvas intensas de at\u00e9 50 mil\u00edmetros para Natal e outras 50 cidades do Rio Grande do Norte (veja lista mais abaixo).<br \/>\nO aviso \u00e9 v\u00e1lido at\u00e9 10h desta sexta-feira (13) e \u00e9 da cor amarela (perigo potencial), o primeiro n\u00edvel no grau de severidade do \u00f3rg\u00e3o. (Entenda abaixo os n\u00edveis).<br \/>\nGrau de severidade<br \/>\n\ud83d\udcf3Participe do canal do g1 RN no WhatsApp<br \/>\n\ud83d\udfe1 No alerta amarelo, as chuvas variam de 20 a 30 mil\u00edmetros por hora e chegam a at\u00e9 50 mm\/dia, al\u00e9m da possibilidade de ventos entre 40 e 60 km\/h. H\u00e1, nesse tipo de alerta, baixo risco de corte de energia el\u00e9trica, queda de galhos de \u00e1rvores, alagamentos ou de descargas el\u00e9tricas, segundo o Inmet.<br \/>\nRecomenda\u00e7\u00f5es<br \/>\nEm caso de chuva intensa e rajadas de vento, \u00e9 recomendado pelo Inmet:<br \/>\nn\u00e3o se abrigar debaixo de \u00e1rvores;<br \/>\nn\u00e3o estacionar ve\u00edculos pr\u00f3ximos a torres de transmiss\u00e3o e placas de propaganda;<br \/>\nevitar usar aparelhos eletr\u00f4nicos ligados \u00e0 tomada<br \/>\nem caso de necessidade, acionar Defesa Civil (telefone 199) e Corpo de Bombeiros (telefone 193).<br \/>\nAlerta amarelo<br \/>\nArez<br \/>\nBa\u00eda Formosa<br \/>\nBento Fernandes<br \/>\nBrejinho<br \/>\nCai\u00e7ara do Norte<br \/>\nCanguaretama<br \/>\nCear\u00e1-Mirim<br \/>\nEsp\u00edrito Santo<br \/>\nExtremoz<br \/>\nGalinhos<br \/>\nGoianinha<br \/>\nGuamar\u00e9<br \/>\nIelmo Marinho<br \/>\nJanda\u00edra<br \/>\nJo\u00e3o C\u00e2mara<br \/>\nJundi\u00e1<br \/>\nLagoa de Pedras<br \/>\nLagoa Salgada<br \/>\nMaca\u00edba<br \/>\nMacau<br \/>\nMaxaranguape<br \/>\nMontanhas<br \/>\nMonte Alegre<br \/>\nNatal<br \/>\nN\u00edsia Floresta<br \/>\nNova Cruz<br \/>\nParazinho<br \/>\nParnamirim<br \/>\nPassagem<br \/>\nPedra Grande<br \/>\nPedra Preta<br \/>\nPedro Avelino<br \/>\nPedro Velho<br \/>\nPo\u00e7o Branco<br \/>\nPureza<br \/>\nRio do Fogo<br \/>\nSanta Maria<br \/>\nSanto Ant\u00f4nio<br \/>\nS\u00e3o Bento do Norte<br \/>\nS\u00e3o Gon\u00e7alo do Amarante<br \/>\nS\u00e3o Jos\u00e9 de Mipibu<br \/>\nS\u00e3o Miguel do Gostoso<br \/>\nS\u00e3o Pedro<br \/>\nSenador Georgino Avelino<br \/>\nSerrinha<br \/>\nTaipu<br \/>\nTibau do Sul<br \/>\nTouros<br \/>\nV\u00e1rzea<br \/>\nVera Cruz<br \/>\nVila Flor<br \/>\nV\u00eddeos mais assistidos do g1 RN<\/p>","protected":false},"excerpt":{"rendered":"<p>Alerta \u00e9 da cor amarela e tem validade at\u00e9 10h desta sexta-feira (14). Chuvas podem atingir at\u00e9 30 mil\u00edmetros por hora e 50 mm por dia, segundo Inmet. Alerta de &#8230;<\/p>\n","protected":false},"author":0,"featured_media":7024,"parent":0,"menu_order":0,"comment_status":"closed","ping_status":"closed","template":"","meta":{"footnotes":""},"class_list":["post-7023","page","type-page","status-publish","has-post-thumbnail","hentry"],"yoast_head":"<!-- This site is optimized with the Yoast SEO plugin v27.1.1 - https:\/\/yoast.com\/product\/yoast-seo-wordpress\/ -->\n<title>Inmet alerta para chuvas em Natal e mais 50 cidades do RN; veja lista - Taveira Jr<\/title>\n<meta name=\"robots\" content=\"index, follow, max-snippet:-1, max-image-preview:large, max-video-preview:-1\" \/>\n<link rel=\"canonical\" href=\"https:\/\/deputadotaveirajr.com.br\/index.php\/inmet-alerta-para-chuvas-em-natal-e-mais-50-cidades-do-rn-veja-lista\/\" \/>\n<meta property=\"og:locale\" content=\"pt_BR\" \/>\n<meta property=\"og:type\" content=\"article\" \/>\n<meta property=\"og:title\" content=\"Inmet alerta para chuvas em Natal e mais 50 cidades do RN; veja lista - Taveira Jr\" \/>\n<meta property=\"og:description\" content=\"Alerta \u00e9 da cor amarela e tem validade at\u00e9 10h desta sexta-feira (14). Chuvas podem atingir at\u00e9 30 mil\u00edmetros por hora e 50 mm por dia, segundo Inmet. Alerta de ...\" \/>\n<meta property=\"og:url\" content=\"https:\/\/deputadotaveirajr.com.br\/index.php\/inmet-alerta-para-chuvas-em-natal-e-mais-50-cidades-do-rn-veja-lista\/\" \/>\n<meta property=\"og:site_name\" content=\"Taveira Jr\" \/>\n<meta property=\"og:image\" content=\"https:\/\/deputadotaveirajr.com.br\/wp-content\/uploads\/2024\/06\/captura-de-tela-2024-06-13-185601-eEv89a.jpeg\" \/>\n\t<meta property=\"og:image:width\" content=\"529\" \/>\n\t<meta property=\"og:image:height\" content=\"527\" \/>\n\t<meta property=\"og:image:type\" content=\"image\/jpeg\" \/>\n<meta name=\"twitter:card\" content=\"summary_large_image\" \/>\n<meta name=\"twitter:label1\" content=\"Est. tempo de leitura\" \/>\n\t<meta name=\"twitter:data1\" content=\"2 minutos\" \/>\n<script type=\"application\/ld+json\" class=\"yoast-schema-graph\">{\"@context\":\"https:\/\/schema.org\",\"@graph\":[{\"@type\":\"WebPage\",\"@id\":\"https:\/\/deputadotaveirajr.com.br\/index.php\/inmet-alerta-para-chuvas-em-natal-e-mais-50-cidades-do-rn-veja-lista\/\",\"url\":\"https:\/\/deputadotaveirajr.com.br\/index.php\/inmet-alerta-para-chuvas-em-natal-e-mais-50-cidades-do-rn-veja-lista\/\",\"name\":\"Inmet alerta para chuvas em Natal e mais 50 cidades do RN; veja lista - Taveira Jr\",\"isPartOf\":{\"@id\":\"https:\/\/deputadotaveirajr.com.br\/#website\"},\"primaryImageOfPage\":{\"@id\":\"https:\/\/deputadotaveirajr.com.br\/index.php\/inmet-alerta-para-chuvas-em-natal-e-mais-50-cidades-do-rn-veja-lista\/#primaryimage\"},\"image\":{\"@id\":\"https:\/\/deputadotaveirajr.com.br\/index.php\/inmet-alerta-para-chuvas-em-natal-e-mais-50-cidades-do-rn-veja-lista\/#primaryimage\"},\"thumbnailUrl\":\"https:\/\/deputadotaveirajr.com.br\/wp-content\/uploads\/2024\/06\/captura-de-tela-2024-06-13-185601-eEv89a.jpeg\",\"datePublished\":\"2024-06-14T00:58:53+00:00\",\"breadcrumb\":{\"@id\":\"https:\/\/deputadotaveirajr.com.br\/index.php\/inmet-alerta-para-chuvas-em-natal-e-mais-50-cidades-do-rn-veja-lista\/#breadcrumb\"},\"inLanguage\":\"pt-BR\",\"potentialAction\":[{\"@type\":\"ReadAction\",\"target\":[\"https:\/\/deputadotaveirajr.com.br\/index.php\/inmet-alerta-para-chuvas-em-natal-e-mais-50-cidades-do-rn-veja-lista\/\"]}]},{\"@type\":\"ImageObject\",\"inLanguage\":\"pt-BR\",\"@id\":\"https:\/\/deputadotaveirajr.com.br\/index.php\/inmet-alerta-para-chuvas-em-natal-e-mais-50-cidades-do-rn-veja-lista\/#primaryimage\",\"url\":\"https:\/\/deputadotaveirajr.com.br\/wp-content\/uploads\/2024\/06\/captura-de-tela-2024-06-13-185601-eEv89a.jpeg\",\"contentUrl\":\"https:\/\/deputadotaveirajr.com.br\/wp-content\/uploads\/2024\/06\/captura-de-tela-2024-06-13-185601-eEv89a.jpeg\",\"width\":529,\"height\":527},{\"@type\":\"BreadcrumbList\",\"@id\":\"https:\/\/deputadotaveirajr.com.br\/index.php\/inmet-alerta-para-chuvas-em-natal-e-mais-50-cidades-do-rn-veja-lista\/#breadcrumb\",\"itemListElement\":[{\"@type\":\"ListItem\",\"position\":1,\"name\":\"In\u00edcio\",\"item\":\"https:\/\/deputadotaveirajr.com.br\/\"},{\"@type\":\"ListItem\",\"position\":2,\"name\":\"Inmet alerta para chuvas em Natal e mais 50 cidades do RN; veja lista\"}]},{\"@type\":\"WebSite\",\"@id\":\"https:\/\/deputadotaveirajr.com.br\/#website\",\"url\":\"https:\/\/deputadotaveirajr.com.br\/\",\"name\":\"Taveira Jr\",\"description\":\"Deputado Estadual\",\"publisher\":{\"@id\":\"https:\/\/deputadotaveirajr.com.br\/#organization\"},\"potentialAction\":[{\"@type\":\"SearchAction\",\"target\":{\"@type\":\"EntryPoint\",\"urlTemplate\":\"https:\/\/deputadotaveirajr.com.br\/?s={search_term_string}\"},\"query-input\":{\"@type\":\"PropertyValueSpecification\",\"valueRequired\":true,\"valueName\":\"search_term_string\"}}],\"inLanguage\":\"pt-BR\"},{\"@type\":\"Organization\",\"@id\":\"https:\/\/deputadotaveirajr.com.br\/#organization\",\"name\":\"Taveira Jr\",\"url\":\"https:\/\/deputadotaveirajr.com.br\/\",\"logo\":{\"@type\":\"ImageObject\",\"inLanguage\":\"pt-BR\",\"@id\":\"https:\/\/deputadotaveirajr.com.br\/#\/schema\/logo\/image\/\",\"url\":\"https:\/\/deputadotaveirajr.com.br\/wp-content\/uploads\/2026\/01\/logolow2a.png\",\"contentUrl\":\"https:\/\/deputadotaveirajr.com.br\/wp-content\/uploads\/2026\/01\/logolow2a.png\",\"width\":290,\"height\":80,\"caption\":\"Taveira Jr\"},\"image\":{\"@id\":\"https:\/\/deputadotaveirajr.com.br\/#\/schema\/logo\/image\/\"}}]}<\/script>\n<!-- \/ Yoast SEO plugin. -->","yoast_head_json":{"title":"Inmet alerta para chuvas em Natal e mais 50 cidades do RN; veja lista - Taveira Jr","robots":{"index":"index","follow":"follow","max-snippet":"max-snippet:-1","max-image-preview":"max-image-preview:large","max-video-preview":"max-video-preview:-1"},"canonical":"https:\/\/deputadotaveirajr.com.br\/index.php\/inmet-alerta-para-chuvas-em-natal-e-mais-50-cidades-do-rn-veja-lista\/","og_locale":"pt_BR","og_type":"article","og_title":"Inmet alerta para chuvas em Natal e mais 50 cidades do RN; veja lista - Taveira Jr","og_description":"Alerta \u00e9 da cor amarela e tem validade at\u00e9 10h desta sexta-feira (14). Chuvas podem atingir at\u00e9 30 mil\u00edmetros por hora e 50 mm por dia, segundo Inmet. Alerta de ...","og_url":"https:\/\/deputadotaveirajr.com.br\/index.php\/inmet-alerta-para-chuvas-em-natal-e-mais-50-cidades-do-rn-veja-lista\/","og_site_name":"Taveira Jr","og_image":[{"width":529,"height":527,"url":"https:\/\/deputadotaveirajr.com.br\/wp-content\/uploads\/2024\/06\/captura-de-tela-2024-06-13-185601-eEv89a.jpeg","type":"image\/jpeg"}],"twitter_card":"summary_large_image","twitter_misc":{"Est. tempo de leitura":"2 minutos"},"schema":{"@context":"https:\/\/schema.org","@graph":[{"@type":"WebPage","@id":"https:\/\/deputadotaveirajr.com.br\/index.php\/inmet-alerta-para-chuvas-em-natal-e-mais-50-cidades-do-rn-veja-lista\/","url":"https:\/\/deputadotaveirajr.com.br\/index.php\/inmet-alerta-para-chuvas-em-natal-e-mais-50-cidades-do-rn-veja-lista\/","name":"Inmet alerta para chuvas em Natal e mais 50 cidades do RN; veja lista - Taveira Jr","isPartOf":{"@id":"https:\/\/deputadotaveirajr.com.br\/#website"},"primaryImageOfPage":{"@id":"https:\/\/deputadotaveirajr.com.br\/index.php\/inmet-alerta-para-chuvas-em-natal-e-mais-50-cidades-do-rn-veja-lista\/#primaryimage"},"image":{"@id":"https:\/\/deputadotaveirajr.com.br\/index.php\/inmet-alerta-para-chuvas-em-natal-e-mais-50-cidades-do-rn-veja-lista\/#primaryimage"},"thumbnailUrl":"https:\/\/deputadotaveirajr.com.br\/wp-content\/uploads\/2024\/06\/captura-de-tela-2024-06-13-185601-eEv89a.jpeg","datePublished":"2024-06-14T00:58:53+00:00","breadcrumb":{"@id":"https:\/\/deputadotaveirajr.com.br\/index.php\/inmet-alerta-para-chuvas-em-natal-e-mais-50-cidades-do-rn-veja-lista\/#breadcrumb"},"inLanguage":"pt-BR","potentialAction":[{"@type":"ReadAction","target":["https:\/\/deputadotaveirajr.com.br\/index.php\/inmet-alerta-para-chuvas-em-natal-e-mais-50-cidades-do-rn-veja-lista\/"]}]},{"@type":"ImageObject","inLanguage":"pt-BR","@id":"https:\/\/deputadotaveirajr.com.br\/index.php\/inmet-alerta-para-chuvas-em-natal-e-mais-50-cidades-do-rn-veja-lista\/#primaryimage","url":"https:\/\/deputadotaveirajr.com.br\/wp-content\/uploads\/2024\/06\/captura-de-tela-2024-06-13-185601-eEv89a.jpeg","contentUrl":"https:\/\/deputadotaveirajr.com.br\/wp-content\/uploads\/2024\/06\/captura-de-tela-2024-06-13-185601-eEv89a.jpeg","width":529,"height":527},{"@type":"BreadcrumbList","@id":"https:\/\/deputadotaveirajr.com.br\/index.php\/inmet-alerta-para-chuvas-em-natal-e-mais-50-cidades-do-rn-veja-lista\/#breadcrumb","itemListElement":[{"@type":"ListItem","position":1,"name":"In\u00edcio","item":"https:\/\/deputadotaveirajr.com.br\/"},{"@type":"ListItem","position":2,"name":"Inmet alerta para chuvas em Natal e mais 50 cidades do RN; veja lista"}]},{"@type":"WebSite","@id":"https:\/\/deputadotaveirajr.com.br\/#website","url":"https:\/\/deputadotaveirajr.com.br\/","name":"Taveira Jr","description":"Deputado Estadual","publisher":{"@id":"https:\/\/deputadotaveirajr.com.br\/#organization"},"potentialAction":[{"@type":"SearchAction","target":{"@type":"EntryPoint","urlTemplate":"https:\/\/deputadotaveirajr.com.br\/?s={search_term_string}"},"query-input":{"@type":"PropertyValueSpecification","valueRequired":true,"valueName":"search_term_string"}}],"inLanguage":"pt-BR"},{"@type":"Organization","@id":"https:\/\/deputadotaveirajr.com.br\/#organization","name":"Taveira Jr","url":"https:\/\/deputadotaveirajr.com.br\/","logo":{"@type":"ImageObject","inLanguage":"pt-BR","@id":"https:\/\/deputadotaveirajr.com.br\/#\/schema\/logo\/image\/","url":"https:\/\/deputadotaveirajr.com.br\/wp-content\/uploads\/2026\/01\/logolow2a.png","contentUrl":"https:\/\/deputadotaveirajr.com.br\/wp-content\/uploads\/2026\/01\/logolow2a.png","width":290,"height":80,"caption":"Taveira Jr"},"image":{"@id":"https:\/\/deputadotaveirajr.com.br\/#\/schema\/logo\/image\/"}}]}},"_links":{"self":[{"href":"https:\/\/deputadotaveirajr.com.br\/index.php\/wp-json\/wp\/v2\/pages\/7023","targetHints":{"allow":["GET"]}}],"collection":[{"href":"https:\/\/deputadotaveirajr.com.br\/index.php\/wp-json\/wp\/v2\/pages"}],"about":[{"href":"https:\/\/deputadotaveirajr.com.br\/index.php\/wp-json\/wp\/v2\/types\/page"}],"replies":[{"embeddable":true,"href":"https:\/\/deputadotaveirajr.com.br\/index.php\/wp-json\/wp\/v2\/comments?post=7023"}],"version-history":[{"count":1,"href":"https:\/\/deputadotaveirajr.com.br\/index.php\/wp-json\/wp\/v2\/pages\/7023\/revisions"}],"predecessor-version":[{"id":7026,"href":"https:\/\/deputadotaveirajr.com.br\/index.php\/wp-json\/wp\/v2\/pages\/7023\/revisions\/7026"}],"wp:featuredmedia":[{"embeddable":true,"href":"https:\/\/deputadotaveirajr.com.br\/index.php\/wp-json\/wp\/v2\/media\/7024"}],"wp:attachment":[{"href":"https:\/\/deputadotaveirajr.com.br\/index.php\/wp-json\/wp\/v2\/media?parent=7023"}],"curies":[{"name":"wp","href":"https:\/\/api.w.org\/{rel}","templated":true}]}}