{"id":7084,"date":"2024-06-15T16:53:52","date_gmt":"2024-06-15T19:53:52","guid":{"rendered":"https:\/\/deputadotaveirajr.com.br\/?page_id=7084"},"modified":"2024-06-15T16:53:52","modified_gmt":"2024-06-15T19:53:52","slug":"homem-foi-morto-no-rn-por-divida-de-r-60-diz-policia-civil","status":"publish","type":"page","link":"https:\/\/deputadotaveirajr.com.br\/index.php\/homem-foi-morto-no-rn-por-divida-de-r-60-diz-policia-civil\/","title":{"rendered":"Homem foi morto no RN por d\u00edvida de R$ 60, diz Pol\u00edcia Civil"},"content":{"rendered":"<p>     Crime aconteceu em fevereiro, no munic\u00edpio de Cear\u00e1-Mirim. Um dos suspeitos foi preso nesta sexta-feira (14) em Taipu.  Um jovem de 22 anos assassinado em Cear\u00e1-Mirim, na Grande Natal, foi morto por causa de uma d\u00favida de R$ 60, segundo a Pol\u00edcia Civil, respons\u00e1vel pela apura\u00e7\u00e3o do crime.<br \/>\n&#8220;Segundo as investiga\u00e7\u00f5es, o crime foi motivado por d\u00edvidas de drogas que a v\u00edtima possu\u00eda com os autores, no valor de R$ 60&#8221;, informou a corpora\u00e7\u00e3o.<br \/>\nTiago Nogueira Leandro, de 22 anos, foi morto na comunidade Ponta do Mato, no dia 29 de fevereiro deste ano.<br \/>\nNa manh\u00e3 desta sexta-feira (14), policiais da Delegacia de Homic\u00eddios e Prote\u00e7\u00e3o \u00e0 Pessoa de Cear\u00e1-Mirim (DHPP) e da 7\u00aa Companhia Independente da Pol\u00edcia Militar cumpriram um mandado de pris\u00e3o tempor\u00e1ria expedido contra um dos suspeitos do crime, que tem 28 anos. Ele foi localizado e preso no munic\u00edpio de Taipu.<br \/>\nOutro suspeito, de 21 anos, segue foragido, segundo a pol\u00edcia.<br \/>\nAl\u00e9m do mandado de pris\u00e3o, outros tr\u00eas mandados de busca e apreens\u00e3o expedidos pela 3\u00aa Vara da Justi\u00e7a em Cear\u00e1-Mirim foram cumpridos em Cear\u00e1-Mirim e em Taipu.<br \/>\nSegundo Pol\u00edcia Civil, jovem foi morto por d\u00edvida de R$ 60 no RN<br \/>\nReprodu\u00e7\u00e3o<br \/>\nVeja os v\u00eddeos mais assistidos no g1 RN<\/p>","protected":false},"excerpt":{"rendered":"<p>Crime aconteceu em fevereiro, no munic\u00edpio de Cear\u00e1-Mirim. Um dos suspeitos foi preso nesta sexta-feira (14) em Taipu. Um jovem de 22 anos assassinado em Cear\u00e1-Mirim, na Grande Natal, foi &#8230;<\/p>\n","protected":false},"author":0,"featured_media":7085,"parent":0,"menu_order":0,"comment_status":"closed","ping_status":"closed","template":"","meta":{"footnotes":""},"class_list":["post-7084","page","type-page","status-publish","has-post-thumbnail","hentry"],"yoast_head":"<!-- This site is optimized with the Yoast SEO plugin v27.1.1 - https:\/\/yoast.com\/product\/yoast-seo-wordpress\/ -->\n<title>Homem foi morto no RN por d\u00edvida de R$ 60, diz Pol\u00edcia Civil - Taveira Jr<\/title>\n<meta name=\"robots\" content=\"index, follow, max-snippet:-1, max-image-preview:large, max-video-preview:-1\" \/>\n<link rel=\"canonical\" href=\"https:\/\/deputadotaveirajr.com.br\/index.php\/homem-foi-morto-no-rn-por-divida-de-r-60-diz-policia-civil\/\" \/>\n<meta property=\"og:locale\" content=\"pt_BR\" \/>\n<meta property=\"og:type\" content=\"article\" \/>\n<meta property=\"og:title\" content=\"Homem foi morto no RN por d\u00edvida de R$ 60, diz Pol\u00edcia Civil - Taveira Jr\" \/>\n<meta property=\"og:description\" content=\"Crime aconteceu em fevereiro, no munic\u00edpio de Cear\u00e1-Mirim. Um dos suspeitos foi preso nesta sexta-feira (14) em Taipu. Um jovem de 22 anos assassinado em Cear\u00e1-Mirim, na Grande Natal, foi ...\" \/>\n<meta property=\"og:url\" content=\"https:\/\/deputadotaveirajr.com.br\/index.php\/homem-foi-morto-no-rn-por-divida-de-r-60-diz-policia-civil\/\" \/>\n<meta property=\"og:site_name\" content=\"Taveira Jr\" \/>\n<meta property=\"og:image\" content=\"https:\/\/deputadotaveirajr.com.br\/wp-content\/uploads\/2024\/06\/operacao-policia-civil-L4Ic60.jpeg\" \/>\n\t<meta property=\"og:image:width\" content=\"700\" \/>\n\t<meta property=\"og:image:height\" content=\"761\" \/>\n\t<meta property=\"og:image:type\" content=\"image\/jpeg\" \/>\n<meta name=\"twitter:card\" content=\"summary_large_image\" \/>\n<meta name=\"twitter:label1\" content=\"Est. tempo de leitura\" \/>\n\t<meta name=\"twitter:data1\" content=\"1 minuto\" \/>\n<script type=\"application\/ld+json\" class=\"yoast-schema-graph\">{\"@context\":\"https:\/\/schema.org\",\"@graph\":[{\"@type\":\"WebPage\",\"@id\":\"https:\/\/deputadotaveirajr.com.br\/index.php\/homem-foi-morto-no-rn-por-divida-de-r-60-diz-policia-civil\/\",\"url\":\"https:\/\/deputadotaveirajr.com.br\/index.php\/homem-foi-morto-no-rn-por-divida-de-r-60-diz-policia-civil\/\",\"name\":\"Homem foi morto no RN por d\u00edvida de R$ 60, diz Pol\u00edcia Civil - Taveira Jr\",\"isPartOf\":{\"@id\":\"https:\/\/deputadotaveirajr.com.br\/#website\"},\"primaryImageOfPage\":{\"@id\":\"https:\/\/deputadotaveirajr.com.br\/index.php\/homem-foi-morto-no-rn-por-divida-de-r-60-diz-policia-civil\/#primaryimage\"},\"image\":{\"@id\":\"https:\/\/deputadotaveirajr.com.br\/index.php\/homem-foi-morto-no-rn-por-divida-de-r-60-diz-policia-civil\/#primaryimage\"},\"thumbnailUrl\":\"https:\/\/deputadotaveirajr.com.br\/wp-content\/uploads\/2024\/06\/operacao-policia-civil-L4Ic60.jpeg\",\"datePublished\":\"2024-06-15T19:53:52+00:00\",\"breadcrumb\":{\"@id\":\"https:\/\/deputadotaveirajr.com.br\/index.php\/homem-foi-morto-no-rn-por-divida-de-r-60-diz-policia-civil\/#breadcrumb\"},\"inLanguage\":\"pt-BR\",\"potentialAction\":[{\"@type\":\"ReadAction\",\"target\":[\"https:\/\/deputadotaveirajr.com.br\/index.php\/homem-foi-morto-no-rn-por-divida-de-r-60-diz-policia-civil\/\"]}]},{\"@type\":\"ImageObject\",\"inLanguage\":\"pt-BR\",\"@id\":\"https:\/\/deputadotaveirajr.com.br\/index.php\/homem-foi-morto-no-rn-por-divida-de-r-60-diz-policia-civil\/#primaryimage\",\"url\":\"https:\/\/deputadotaveirajr.com.br\/wp-content\/uploads\/2024\/06\/operacao-policia-civil-L4Ic60.jpeg\",\"contentUrl\":\"https:\/\/deputadotaveirajr.com.br\/wp-content\/uploads\/2024\/06\/operacao-policia-civil-L4Ic60.jpeg\",\"width\":700,\"height\":761},{\"@type\":\"BreadcrumbList\",\"@id\":\"https:\/\/deputadotaveirajr.com.br\/index.php\/homem-foi-morto-no-rn-por-divida-de-r-60-diz-policia-civil\/#breadcrumb\",\"itemListElement\":[{\"@type\":\"ListItem\",\"position\":1,\"name\":\"In\u00edcio\",\"item\":\"https:\/\/deputadotaveirajr.com.br\/\"},{\"@type\":\"ListItem\",\"position\":2,\"name\":\"Homem foi morto no RN por d\u00edvida de R$ 60, diz Pol\u00edcia Civil\"}]},{\"@type\":\"WebSite\",\"@id\":\"https:\/\/deputadotaveirajr.com.br\/#website\",\"url\":\"https:\/\/deputadotaveirajr.com.br\/\",\"name\":\"Taveira Jr\",\"description\":\"Deputado Estadual\",\"publisher\":{\"@id\":\"https:\/\/deputadotaveirajr.com.br\/#organization\"},\"potentialAction\":[{\"@type\":\"SearchAction\",\"target\":{\"@type\":\"EntryPoint\",\"urlTemplate\":\"https:\/\/deputadotaveirajr.com.br\/?s={search_term_string}\"},\"query-input\":{\"@type\":\"PropertyValueSpecification\",\"valueRequired\":true,\"valueName\":\"search_term_string\"}}],\"inLanguage\":\"pt-BR\"},{\"@type\":\"Organization\",\"@id\":\"https:\/\/deputadotaveirajr.com.br\/#organization\",\"name\":\"Taveira Jr\",\"url\":\"https:\/\/deputadotaveirajr.com.br\/\",\"logo\":{\"@type\":\"ImageObject\",\"inLanguage\":\"pt-BR\",\"@id\":\"https:\/\/deputadotaveirajr.com.br\/#\/schema\/logo\/image\/\",\"url\":\"https:\/\/deputadotaveirajr.com.br\/wp-content\/uploads\/2026\/01\/logolow2a.png\",\"contentUrl\":\"https:\/\/deputadotaveirajr.com.br\/wp-content\/uploads\/2026\/01\/logolow2a.png\",\"width\":290,\"height\":80,\"caption\":\"Taveira Jr\"},\"image\":{\"@id\":\"https:\/\/deputadotaveirajr.com.br\/#\/schema\/logo\/image\/\"}}]}<\/script>\n<!-- \/ Yoast SEO plugin. -->","yoast_head_json":{"title":"Homem foi morto no RN por d\u00edvida de R$ 60, diz Pol\u00edcia Civil - Taveira Jr","robots":{"index":"index","follow":"follow","max-snippet":"max-snippet:-1","max-image-preview":"max-image-preview:large","max-video-preview":"max-video-preview:-1"},"canonical":"https:\/\/deputadotaveirajr.com.br\/index.php\/homem-foi-morto-no-rn-por-divida-de-r-60-diz-policia-civil\/","og_locale":"pt_BR","og_type":"article","og_title":"Homem foi morto no RN por d\u00edvida de R$ 60, diz Pol\u00edcia Civil - Taveira Jr","og_description":"Crime aconteceu em fevereiro, no munic\u00edpio de Cear\u00e1-Mirim. Um dos suspeitos foi preso nesta sexta-feira (14) em Taipu. Um jovem de 22 anos assassinado em Cear\u00e1-Mirim, na Grande Natal, foi ...","og_url":"https:\/\/deputadotaveirajr.com.br\/index.php\/homem-foi-morto-no-rn-por-divida-de-r-60-diz-policia-civil\/","og_site_name":"Taveira Jr","og_image":[{"width":700,"height":761,"url":"https:\/\/deputadotaveirajr.com.br\/wp-content\/uploads\/2024\/06\/operacao-policia-civil-L4Ic60.jpeg","type":"image\/jpeg"}],"twitter_card":"summary_large_image","twitter_misc":{"Est. tempo de leitura":"1 minuto"},"schema":{"@context":"https:\/\/schema.org","@graph":[{"@type":"WebPage","@id":"https:\/\/deputadotaveirajr.com.br\/index.php\/homem-foi-morto-no-rn-por-divida-de-r-60-diz-policia-civil\/","url":"https:\/\/deputadotaveirajr.com.br\/index.php\/homem-foi-morto-no-rn-por-divida-de-r-60-diz-policia-civil\/","name":"Homem foi morto no RN por d\u00edvida de R$ 60, diz Pol\u00edcia Civil - Taveira Jr","isPartOf":{"@id":"https:\/\/deputadotaveirajr.com.br\/#website"},"primaryImageOfPage":{"@id":"https:\/\/deputadotaveirajr.com.br\/index.php\/homem-foi-morto-no-rn-por-divida-de-r-60-diz-policia-civil\/#primaryimage"},"image":{"@id":"https:\/\/deputadotaveirajr.com.br\/index.php\/homem-foi-morto-no-rn-por-divida-de-r-60-diz-policia-civil\/#primaryimage"},"thumbnailUrl":"https:\/\/deputadotaveirajr.com.br\/wp-content\/uploads\/2024\/06\/operacao-policia-civil-L4Ic60.jpeg","datePublished":"2024-06-15T19:53:52+00:00","breadcrumb":{"@id":"https:\/\/deputadotaveirajr.com.br\/index.php\/homem-foi-morto-no-rn-por-divida-de-r-60-diz-policia-civil\/#breadcrumb"},"inLanguage":"pt-BR","potentialAction":[{"@type":"ReadAction","target":["https:\/\/deputadotaveirajr.com.br\/index.php\/homem-foi-morto-no-rn-por-divida-de-r-60-diz-policia-civil\/"]}]},{"@type":"ImageObject","inLanguage":"pt-BR","@id":"https:\/\/deputadotaveirajr.com.br\/index.php\/homem-foi-morto-no-rn-por-divida-de-r-60-diz-policia-civil\/#primaryimage","url":"https:\/\/deputadotaveirajr.com.br\/wp-content\/uploads\/2024\/06\/operacao-policia-civil-L4Ic60.jpeg","contentUrl":"https:\/\/deputadotaveirajr.com.br\/wp-content\/uploads\/2024\/06\/operacao-policia-civil-L4Ic60.jpeg","width":700,"height":761},{"@type":"BreadcrumbList","@id":"https:\/\/deputadotaveirajr.com.br\/index.php\/homem-foi-morto-no-rn-por-divida-de-r-60-diz-policia-civil\/#breadcrumb","itemListElement":[{"@type":"ListItem","position":1,"name":"In\u00edcio","item":"https:\/\/deputadotaveirajr.com.br\/"},{"@type":"ListItem","position":2,"name":"Homem foi morto no RN por d\u00edvida de R$ 60, diz Pol\u00edcia Civil"}]},{"@type":"WebSite","@id":"https:\/\/deputadotaveirajr.com.br\/#website","url":"https:\/\/deputadotaveirajr.com.br\/","name":"Taveira Jr","description":"Deputado Estadual","publisher":{"@id":"https:\/\/deputadotaveirajr.com.br\/#organization"},"potentialAction":[{"@type":"SearchAction","target":{"@type":"EntryPoint","urlTemplate":"https:\/\/deputadotaveirajr.com.br\/?s={search_term_string}"},"query-input":{"@type":"PropertyValueSpecification","valueRequired":true,"valueName":"search_term_string"}}],"inLanguage":"pt-BR"},{"@type":"Organization","@id":"https:\/\/deputadotaveirajr.com.br\/#organization","name":"Taveira Jr","url":"https:\/\/deputadotaveirajr.com.br\/","logo":{"@type":"ImageObject","inLanguage":"pt-BR","@id":"https:\/\/deputadotaveirajr.com.br\/#\/schema\/logo\/image\/","url":"https:\/\/deputadotaveirajr.com.br\/wp-content\/uploads\/2026\/01\/logolow2a.png","contentUrl":"https:\/\/deputadotaveirajr.com.br\/wp-content\/uploads\/2026\/01\/logolow2a.png","width":290,"height":80,"caption":"Taveira Jr"},"image":{"@id":"https:\/\/deputadotaveirajr.com.br\/#\/schema\/logo\/image\/"}}]}},"_links":{"self":[{"href":"https:\/\/deputadotaveirajr.com.br\/index.php\/wp-json\/wp\/v2\/pages\/7084","targetHints":{"allow":["GET"]}}],"collection":[{"href":"https:\/\/deputadotaveirajr.com.br\/index.php\/wp-json\/wp\/v2\/pages"}],"about":[{"href":"https:\/\/deputadotaveirajr.com.br\/index.php\/wp-json\/wp\/v2\/types\/page"}],"replies":[{"embeddable":true,"href":"https:\/\/deputadotaveirajr.com.br\/index.php\/wp-json\/wp\/v2\/comments?post=7084"}],"version-history":[{"count":1,"href":"https:\/\/deputadotaveirajr.com.br\/index.php\/wp-json\/wp\/v2\/pages\/7084\/revisions"}],"predecessor-version":[{"id":7090,"href":"https:\/\/deputadotaveirajr.com.br\/index.php\/wp-json\/wp\/v2\/pages\/7084\/revisions\/7090"}],"wp:featuredmedia":[{"embeddable":true,"href":"https:\/\/deputadotaveirajr.com.br\/index.php\/wp-json\/wp\/v2\/media\/7085"}],"wp:attachment":[{"href":"https:\/\/deputadotaveirajr.com.br\/index.php\/wp-json\/wp\/v2\/media?parent=7084"}],"curies":[{"name":"wp","href":"https:\/\/api.w.org\/{rel}","templated":true}]}}