{"id":7120,"date":"2024-06-17T14:19:30","date_gmt":"2024-06-17T17:19:30","guid":{"rendered":"https:\/\/deputadotaveirajr.com.br\/?page_id=7120"},"modified":"2024-06-17T14:19:30","modified_gmt":"2024-06-17T17:19:30","slug":"hospital-procura-por-familiares-de-paciente-internado-apos-ser-atropelado-em-natal","status":"publish","type":"page","link":"https:\/\/deputadotaveirajr.com.br\/index.php\/hospital-procura-por-familiares-de-paciente-internado-apos-ser-atropelado-em-natal\/","title":{"rendered":"Hospital procura por familiares de paciente internado ap\u00f3s ser atropelado em Natal"},"content":{"rendered":"<p>     Homem est\u00e1 no Hospital Walfredo Gurgel desde o dia 11 de junho. O setor de servi\u00e7o social do Hospital Walfredo Gurgel, em Natal, procura por familiares de um paciente que est\u00e1 internado na unidade desde o dia 11 de junho.<br \/>\nDe acordo com o hospital, ele deu entrada na unidade ap\u00f3s ser atropelado na Avenida Tomaz Landim, no bairro Igap\u00f3, Zona Norte de Natal. Ainda segundo informa\u00e7\u00f5es do setor de servi\u00e7o social do hospital, ele relata se chamar Francisco Franklin Felipe Lima Sena e ter 52 anos.<br \/>\n&#8220;O paciente \u00e9 de cor clara, mede 1,74m de altura, 85 quilos, possui uma cicatriz do lado direito da cabe\u00e7a e n\u00e3o tem tatuagens&#8221;, informou o hospital.<br \/>\nQualquer informa\u00e7\u00e3o que ajude a encontrar os familiares do paciente pode ser repassada pelo telefone (84) 3232-7505 ou pelo whatsapp (84) 8132-6541. O servi\u00e7o social do Walfredo Gurgel funciona 24 horas, de domingo a domingo.<br \/>\nHospital Walfredo Gurgel<br \/>\nKleber Teixeira\/Inter TV Cabugi<br \/>\nV\u00cdDEOS: Mais vistos do RN nos \u00faltimos 7 dias<\/p>","protected":false},"excerpt":{"rendered":"<p>Homem est\u00e1 no Hospital Walfredo Gurgel desde o dia 11 de junho. O setor de servi\u00e7o social do Hospital Walfredo Gurgel, em Natal, procura por familiares de um paciente que &#8230;<\/p>\n","protected":false},"author":0,"featured_media":7121,"parent":0,"menu_order":0,"comment_status":"closed","ping_status":"closed","template":"","meta":{"footnotes":""},"class_list":["post-7120","page","type-page","status-publish","has-post-thumbnail","hentry"],"yoast_head":"<!-- This site is optimized with the Yoast SEO plugin v27.1.1 - https:\/\/yoast.com\/product\/yoast-seo-wordpress\/ -->\n<title>Hospital procura por familiares de paciente internado ap\u00f3s ser atropelado em Natal - Taveira Jr<\/title>\n<meta name=\"robots\" content=\"index, follow, max-snippet:-1, max-image-preview:large, max-video-preview:-1\" \/>\n<link rel=\"canonical\" href=\"https:\/\/deputadotaveirajr.com.br\/index.php\/hospital-procura-por-familiares-de-paciente-internado-apos-ser-atropelado-em-natal\/\" \/>\n<meta property=\"og:locale\" content=\"pt_BR\" \/>\n<meta property=\"og:type\" content=\"article\" \/>\n<meta property=\"og:title\" content=\"Hospital procura por familiares de paciente internado ap\u00f3s ser atropelado em Natal - Taveira Jr\" \/>\n<meta property=\"og:description\" content=\"Homem est\u00e1 no Hospital Walfredo Gurgel desde o dia 11 de junho. O setor de servi\u00e7o social do Hospital Walfredo Gurgel, em Natal, procura por familiares de um paciente que ...\" \/>\n<meta property=\"og:url\" content=\"https:\/\/deputadotaveirajr.com.br\/index.php\/hospital-procura-por-familiares-de-paciente-internado-apos-ser-atropelado-em-natal\/\" \/>\n<meta property=\"og:site_name\" content=\"Taveira Jr\" \/>\n<meta property=\"og:image\" content=\"https:\/\/deputadotaveirajr.com.br\/wp-content\/uploads\/2024\/06\/samu-XUG6Mm.jpeg\" \/>\n\t<meta property=\"og:image:width\" content=\"1600\" \/>\n\t<meta property=\"og:image:height\" content=\"900\" \/>\n\t<meta property=\"og:image:type\" content=\"image\/jpeg\" \/>\n<meta name=\"twitter:card\" content=\"summary_large_image\" \/>\n<meta name=\"twitter:label1\" content=\"Est. tempo de leitura\" \/>\n\t<meta name=\"twitter:data1\" content=\"1 minuto\" \/>\n<script type=\"application\/ld+json\" class=\"yoast-schema-graph\">{\"@context\":\"https:\/\/schema.org\",\"@graph\":[{\"@type\":\"WebPage\",\"@id\":\"https:\/\/deputadotaveirajr.com.br\/index.php\/hospital-procura-por-familiares-de-paciente-internado-apos-ser-atropelado-em-natal\/\",\"url\":\"https:\/\/deputadotaveirajr.com.br\/index.php\/hospital-procura-por-familiares-de-paciente-internado-apos-ser-atropelado-em-natal\/\",\"name\":\"Hospital procura por familiares de paciente internado ap\u00f3s ser atropelado em Natal - Taveira Jr\",\"isPartOf\":{\"@id\":\"https:\/\/deputadotaveirajr.com.br\/#website\"},\"primaryImageOfPage\":{\"@id\":\"https:\/\/deputadotaveirajr.com.br\/index.php\/hospital-procura-por-familiares-de-paciente-internado-apos-ser-atropelado-em-natal\/#primaryimage\"},\"image\":{\"@id\":\"https:\/\/deputadotaveirajr.com.br\/index.php\/hospital-procura-por-familiares-de-paciente-internado-apos-ser-atropelado-em-natal\/#primaryimage\"},\"thumbnailUrl\":\"https:\/\/deputadotaveirajr.com.br\/wp-content\/uploads\/2024\/06\/samu-XUG6Mm.jpeg\",\"datePublished\":\"2024-06-17T17:19:30+00:00\",\"breadcrumb\":{\"@id\":\"https:\/\/deputadotaveirajr.com.br\/index.php\/hospital-procura-por-familiares-de-paciente-internado-apos-ser-atropelado-em-natal\/#breadcrumb\"},\"inLanguage\":\"pt-BR\",\"potentialAction\":[{\"@type\":\"ReadAction\",\"target\":[\"https:\/\/deputadotaveirajr.com.br\/index.php\/hospital-procura-por-familiares-de-paciente-internado-apos-ser-atropelado-em-natal\/\"]}]},{\"@type\":\"ImageObject\",\"inLanguage\":\"pt-BR\",\"@id\":\"https:\/\/deputadotaveirajr.com.br\/index.php\/hospital-procura-por-familiares-de-paciente-internado-apos-ser-atropelado-em-natal\/#primaryimage\",\"url\":\"https:\/\/deputadotaveirajr.com.br\/wp-content\/uploads\/2024\/06\/samu-XUG6Mm.jpeg\",\"contentUrl\":\"https:\/\/deputadotaveirajr.com.br\/wp-content\/uploads\/2024\/06\/samu-XUG6Mm.jpeg\",\"width\":1600,\"height\":900},{\"@type\":\"BreadcrumbList\",\"@id\":\"https:\/\/deputadotaveirajr.com.br\/index.php\/hospital-procura-por-familiares-de-paciente-internado-apos-ser-atropelado-em-natal\/#breadcrumb\",\"itemListElement\":[{\"@type\":\"ListItem\",\"position\":1,\"name\":\"In\u00edcio\",\"item\":\"https:\/\/deputadotaveirajr.com.br\/\"},{\"@type\":\"ListItem\",\"position\":2,\"name\":\"Hospital procura por familiares de paciente internado ap\u00f3s ser atropelado em Natal\"}]},{\"@type\":\"WebSite\",\"@id\":\"https:\/\/deputadotaveirajr.com.br\/#website\",\"url\":\"https:\/\/deputadotaveirajr.com.br\/\",\"name\":\"Taveira Jr\",\"description\":\"Deputado Estadual\",\"publisher\":{\"@id\":\"https:\/\/deputadotaveirajr.com.br\/#organization\"},\"potentialAction\":[{\"@type\":\"SearchAction\",\"target\":{\"@type\":\"EntryPoint\",\"urlTemplate\":\"https:\/\/deputadotaveirajr.com.br\/?s={search_term_string}\"},\"query-input\":{\"@type\":\"PropertyValueSpecification\",\"valueRequired\":true,\"valueName\":\"search_term_string\"}}],\"inLanguage\":\"pt-BR\"},{\"@type\":\"Organization\",\"@id\":\"https:\/\/deputadotaveirajr.com.br\/#organization\",\"name\":\"Taveira Jr\",\"url\":\"https:\/\/deputadotaveirajr.com.br\/\",\"logo\":{\"@type\":\"ImageObject\",\"inLanguage\":\"pt-BR\",\"@id\":\"https:\/\/deputadotaveirajr.com.br\/#\/schema\/logo\/image\/\",\"url\":\"https:\/\/deputadotaveirajr.com.br\/wp-content\/uploads\/2026\/01\/logolow2a.png\",\"contentUrl\":\"https:\/\/deputadotaveirajr.com.br\/wp-content\/uploads\/2026\/01\/logolow2a.png\",\"width\":290,\"height\":80,\"caption\":\"Taveira Jr\"},\"image\":{\"@id\":\"https:\/\/deputadotaveirajr.com.br\/#\/schema\/logo\/image\/\"}}]}<\/script>\n<!-- \/ Yoast SEO plugin. -->","yoast_head_json":{"title":"Hospital procura por familiares de paciente internado ap\u00f3s ser atropelado em Natal - Taveira Jr","robots":{"index":"index","follow":"follow","max-snippet":"max-snippet:-1","max-image-preview":"max-image-preview:large","max-video-preview":"max-video-preview:-1"},"canonical":"https:\/\/deputadotaveirajr.com.br\/index.php\/hospital-procura-por-familiares-de-paciente-internado-apos-ser-atropelado-em-natal\/","og_locale":"pt_BR","og_type":"article","og_title":"Hospital procura por familiares de paciente internado ap\u00f3s ser atropelado em Natal - Taveira Jr","og_description":"Homem est\u00e1 no Hospital Walfredo Gurgel desde o dia 11 de junho. O setor de servi\u00e7o social do Hospital Walfredo Gurgel, em Natal, procura por familiares de um paciente que ...","og_url":"https:\/\/deputadotaveirajr.com.br\/index.php\/hospital-procura-por-familiares-de-paciente-internado-apos-ser-atropelado-em-natal\/","og_site_name":"Taveira Jr","og_image":[{"width":1600,"height":900,"url":"https:\/\/deputadotaveirajr.com.br\/wp-content\/uploads\/2024\/06\/samu-XUG6Mm.jpeg","type":"image\/jpeg"}],"twitter_card":"summary_large_image","twitter_misc":{"Est. tempo de leitura":"1 minuto"},"schema":{"@context":"https:\/\/schema.org","@graph":[{"@type":"WebPage","@id":"https:\/\/deputadotaveirajr.com.br\/index.php\/hospital-procura-por-familiares-de-paciente-internado-apos-ser-atropelado-em-natal\/","url":"https:\/\/deputadotaveirajr.com.br\/index.php\/hospital-procura-por-familiares-de-paciente-internado-apos-ser-atropelado-em-natal\/","name":"Hospital procura por familiares de paciente internado ap\u00f3s ser atropelado em Natal - Taveira Jr","isPartOf":{"@id":"https:\/\/deputadotaveirajr.com.br\/#website"},"primaryImageOfPage":{"@id":"https:\/\/deputadotaveirajr.com.br\/index.php\/hospital-procura-por-familiares-de-paciente-internado-apos-ser-atropelado-em-natal\/#primaryimage"},"image":{"@id":"https:\/\/deputadotaveirajr.com.br\/index.php\/hospital-procura-por-familiares-de-paciente-internado-apos-ser-atropelado-em-natal\/#primaryimage"},"thumbnailUrl":"https:\/\/deputadotaveirajr.com.br\/wp-content\/uploads\/2024\/06\/samu-XUG6Mm.jpeg","datePublished":"2024-06-17T17:19:30+00:00","breadcrumb":{"@id":"https:\/\/deputadotaveirajr.com.br\/index.php\/hospital-procura-por-familiares-de-paciente-internado-apos-ser-atropelado-em-natal\/#breadcrumb"},"inLanguage":"pt-BR","potentialAction":[{"@type":"ReadAction","target":["https:\/\/deputadotaveirajr.com.br\/index.php\/hospital-procura-por-familiares-de-paciente-internado-apos-ser-atropelado-em-natal\/"]}]},{"@type":"ImageObject","inLanguage":"pt-BR","@id":"https:\/\/deputadotaveirajr.com.br\/index.php\/hospital-procura-por-familiares-de-paciente-internado-apos-ser-atropelado-em-natal\/#primaryimage","url":"https:\/\/deputadotaveirajr.com.br\/wp-content\/uploads\/2024\/06\/samu-XUG6Mm.jpeg","contentUrl":"https:\/\/deputadotaveirajr.com.br\/wp-content\/uploads\/2024\/06\/samu-XUG6Mm.jpeg","width":1600,"height":900},{"@type":"BreadcrumbList","@id":"https:\/\/deputadotaveirajr.com.br\/index.php\/hospital-procura-por-familiares-de-paciente-internado-apos-ser-atropelado-em-natal\/#breadcrumb","itemListElement":[{"@type":"ListItem","position":1,"name":"In\u00edcio","item":"https:\/\/deputadotaveirajr.com.br\/"},{"@type":"ListItem","position":2,"name":"Hospital procura por familiares de paciente internado ap\u00f3s ser atropelado em Natal"}]},{"@type":"WebSite","@id":"https:\/\/deputadotaveirajr.com.br\/#website","url":"https:\/\/deputadotaveirajr.com.br\/","name":"Taveira Jr","description":"Deputado Estadual","publisher":{"@id":"https:\/\/deputadotaveirajr.com.br\/#organization"},"potentialAction":[{"@type":"SearchAction","target":{"@type":"EntryPoint","urlTemplate":"https:\/\/deputadotaveirajr.com.br\/?s={search_term_string}"},"query-input":{"@type":"PropertyValueSpecification","valueRequired":true,"valueName":"search_term_string"}}],"inLanguage":"pt-BR"},{"@type":"Organization","@id":"https:\/\/deputadotaveirajr.com.br\/#organization","name":"Taveira Jr","url":"https:\/\/deputadotaveirajr.com.br\/","logo":{"@type":"ImageObject","inLanguage":"pt-BR","@id":"https:\/\/deputadotaveirajr.com.br\/#\/schema\/logo\/image\/","url":"https:\/\/deputadotaveirajr.com.br\/wp-content\/uploads\/2026\/01\/logolow2a.png","contentUrl":"https:\/\/deputadotaveirajr.com.br\/wp-content\/uploads\/2026\/01\/logolow2a.png","width":290,"height":80,"caption":"Taveira Jr"},"image":{"@id":"https:\/\/deputadotaveirajr.com.br\/#\/schema\/logo\/image\/"}}]}},"_links":{"self":[{"href":"https:\/\/deputadotaveirajr.com.br\/index.php\/wp-json\/wp\/v2\/pages\/7120","targetHints":{"allow":["GET"]}}],"collection":[{"href":"https:\/\/deputadotaveirajr.com.br\/index.php\/wp-json\/wp\/v2\/pages"}],"about":[{"href":"https:\/\/deputadotaveirajr.com.br\/index.php\/wp-json\/wp\/v2\/types\/page"}],"replies":[{"embeddable":true,"href":"https:\/\/deputadotaveirajr.com.br\/index.php\/wp-json\/wp\/v2\/comments?post=7120"}],"version-history":[{"count":1,"href":"https:\/\/deputadotaveirajr.com.br\/index.php\/wp-json\/wp\/v2\/pages\/7120\/revisions"}],"predecessor-version":[{"id":7127,"href":"https:\/\/deputadotaveirajr.com.br\/index.php\/wp-json\/wp\/v2\/pages\/7120\/revisions\/7127"}],"wp:featuredmedia":[{"embeddable":true,"href":"https:\/\/deputadotaveirajr.com.br\/index.php\/wp-json\/wp\/v2\/media\/7121"}],"wp:attachment":[{"href":"https:\/\/deputadotaveirajr.com.br\/index.php\/wp-json\/wp\/v2\/media?parent=7120"}],"curies":[{"name":"wp","href":"https:\/\/api.w.org\/{rel}","templated":true}]}}