{"id":7131,"date":"2024-06-17T20:26:06","date_gmt":"2024-06-17T23:26:06","guid":{"rendered":"https:\/\/deputadotaveirajr.com.br\/?page_id=7131"},"modified":"2024-06-17T20:26:06","modified_gmt":"2024-06-17T23:26:06","slug":"sesc-abre-inscricoes-para-jogos-dos-comerciarios-2024-no-rn-veja-como-participar","status":"publish","type":"page","link":"https:\/\/deputadotaveirajr.com.br\/index.php\/sesc-abre-inscricoes-para-jogos-dos-comerciarios-2024-no-rn-veja-como-participar\/","title":{"rendered":"Sesc abre inscri\u00e7\u00f5es para Jogos dos Comerci\u00e1rios 2024 no RN; veja como participar"},"content":{"rendered":"<p>     Inscri\u00e7\u00f5es para a 22\u00aa edi\u00e7\u00e3o do evento come\u00e7am nesta ter\u00e7a-feira (18) e v\u00e3o at\u00e9 o dia 19 de julho. Haver\u00e1 competi\u00e7\u00f5es em Natal e Mossor\u00f3, com nove esportes envolvidos. Bola de futsal<br \/>\nDaniel Silva\/Banlek\/ARQUIVO<br \/>\nO Servi\u00e7o Social do Com\u00e9rcio do Rio Grande do Norte (Sesc-RN) abre nesta ter\u00e7a-feira (18) as inscri\u00e7\u00f5es para os Jogos Comerci\u00e1rios 2024. A competi\u00e7\u00e3o chega, neste ano, \u00e0 22\u00aa edi\u00e7\u00e3o.<br \/>\nAs inscri\u00e7\u00f5es devem ser feitas nas Centrais de Relacionamento das unidades Sesc RN at\u00e9 o dia 19 de julho. As exce\u00e7\u00f5es s\u00e3o as modalidades futsal e society (da etapa Natal), que precisam que a inscri\u00e7\u00e3o seja feita na unidade da Cidade Alta.<br \/>\n\ud83d\udcf3Participe do canal do g1 RN no WhatsApp<br \/>\nOs jogos t\u00eam abertura marcada para o dia 26 de julho, e as competi\u00e7\u00f5es acontecem no m\u00eas de agosto em Natal e Mossor\u00f3 simultaneamente. Para participar \u00e9 necess\u00e1rio ser credenciado no Sesc-RN.<br \/>\nAs modalidades dispon\u00edveis s\u00e3o: futebol society, futsal, nata\u00e7\u00e3o, v\u00f4lei, v\u00f4lei de praia, xadrez, queimada, basquete e intergames. A inscri\u00e7\u00e3o custa a partir de R$ 18 para comerci\u00e1rios (veja valores mais abaixo).<br \/>\nNeste ano, os Jogos acontecem em Mossor\u00f3 e Natal (Cidade Alta e Zona Norte). Segundo o Sesc RN, a previs\u00e3o \u00e9 contar com 2.900 atletas participantes e cerca de 12 mil pessoas nas arquibancadas.<br \/>\nOs tr\u00eas primeiros lugares dos esportes em equipe ser\u00e3o premiados com trof\u00e9us e medalha. J\u00e1 para os esportes individuais, haver\u00e1 trof\u00e9us para o 1\u00b0 e 2\u00b0 lugares gerais e medalhas para os tr\u00eas primeiros colocados de cada categoria.<br \/>\nQuais as modalidades dispon\u00edveis?<br \/>\n\u26f9\ufe0f\u200d\u2640\ufe0f Modalidades de Natal : Futebol society, futsal, nata\u00e7\u00e3o, v\u00f4lei masculino, xadrez, queimada, basquete e intergames<br \/>\n\u26bd Modalidades de Mossor\u00f3: Futebol society, v\u00f4lei de praia, intergames e festival de nata\u00e7\u00e3o<br \/>\nQual o valor para se inscrever?<br \/>\nNATA\u00c7\u00c3O (Por prova)<br \/>\nR$ 18,00 \u2013 Trabalhador do Com\u00e9rcio e dependentes<br \/>\nR$ 25,00 \u2013 Demais categorias<br \/>\nOUTRAS MODALIDADES \u2013 Natal<br \/>\nR$ 22,00 \u2013 Trabalhador do Com\u00e9rcio e dependentes<br \/>\nR$ 30,00 \u2013 Demais categorias<br \/>\nOUTRAS MODALIDADES \u2013 Mossor\u00f3<br \/>\nR$ 20,00 \u2013 Trabalhador do Com\u00e9rcio e dependentes<br \/>\nR$ 25,00 \u2013 Demais categorias<br \/>\nV\u00eddeos mais assistidos do g1 RN<\/p>","protected":false},"excerpt":{"rendered":"<p>Inscri\u00e7\u00f5es para a 22\u00aa edi\u00e7\u00e3o do evento come\u00e7am nesta ter\u00e7a-feira (18) e v\u00e3o at\u00e9 o dia 19 de julho. Haver\u00e1 competi\u00e7\u00f5es em Natal e Mossor\u00f3, com nove esportes envolvidos. Bola &#8230;<\/p>\n","protected":false},"author":0,"featured_media":7132,"parent":0,"menu_order":0,"comment_status":"closed","ping_status":"closed","template":"","meta":{"footnotes":""},"class_list":["post-7131","page","type-page","status-publish","has-post-thumbnail","hentry"],"yoast_head":"<!-- This site is optimized with the Yoast SEO plugin v27.1.1 - https:\/\/yoast.com\/product\/yoast-seo-wordpress\/ -->\n<title>Sesc abre inscri\u00e7\u00f5es para Jogos dos Comerci\u00e1rios 2024 no RN; veja como participar - Taveira Jr<\/title>\n<meta name=\"robots\" content=\"index, follow, max-snippet:-1, max-image-preview:large, max-video-preview:-1\" \/>\n<link rel=\"canonical\" href=\"https:\/\/deputadotaveirajr.com.br\/index.php\/sesc-abre-inscricoes-para-jogos-dos-comerciarios-2024-no-rn-veja-como-participar\/\" \/>\n<meta property=\"og:locale\" content=\"pt_BR\" \/>\n<meta property=\"og:type\" content=\"article\" \/>\n<meta property=\"og:title\" content=\"Sesc abre inscri\u00e7\u00f5es para Jogos dos Comerci\u00e1rios 2024 no RN; veja como participar - Taveira Jr\" \/>\n<meta property=\"og:description\" content=\"Inscri\u00e7\u00f5es para a 22\u00aa edi\u00e7\u00e3o do evento come\u00e7am nesta ter\u00e7a-feira (18) e v\u00e3o at\u00e9 o dia 19 de julho. Haver\u00e1 competi\u00e7\u00f5es em Natal e Mossor\u00f3, com nove esportes envolvidos. Bola ...\" \/>\n<meta property=\"og:url\" content=\"https:\/\/deputadotaveirajr.com.br\/index.php\/sesc-abre-inscricoes-para-jogos-dos-comerciarios-2024-no-rn-veja-como-participar\/\" \/>\n<meta property=\"og:site_name\" content=\"Taveira Jr\" \/>\n<meta property=\"og:image\" content=\"https:\/\/deputadotaveirajr.com.br\/wp-content\/uploads\/2024\/06\/whatsapp-image-2022-05-04-at-15.00.44-4maS6d.jpeg\" \/>\n\t<meta property=\"og:image:width\" content=\"624\" \/>\n\t<meta property=\"og:image:height\" content=\"468\" \/>\n\t<meta property=\"og:image:type\" content=\"image\/jpeg\" \/>\n<meta name=\"twitter:card\" content=\"summary_large_image\" \/>\n<meta name=\"twitter:label1\" content=\"Est. tempo de leitura\" \/>\n\t<meta name=\"twitter:data1\" content=\"2 minutos\" \/>\n<script type=\"application\/ld+json\" class=\"yoast-schema-graph\">{\"@context\":\"https:\/\/schema.org\",\"@graph\":[{\"@type\":\"WebPage\",\"@id\":\"https:\/\/deputadotaveirajr.com.br\/index.php\/sesc-abre-inscricoes-para-jogos-dos-comerciarios-2024-no-rn-veja-como-participar\/\",\"url\":\"https:\/\/deputadotaveirajr.com.br\/index.php\/sesc-abre-inscricoes-para-jogos-dos-comerciarios-2024-no-rn-veja-como-participar\/\",\"name\":\"Sesc abre inscri\u00e7\u00f5es para Jogos dos Comerci\u00e1rios 2024 no RN; veja como participar - Taveira Jr\",\"isPartOf\":{\"@id\":\"https:\/\/deputadotaveirajr.com.br\/#website\"},\"primaryImageOfPage\":{\"@id\":\"https:\/\/deputadotaveirajr.com.br\/index.php\/sesc-abre-inscricoes-para-jogos-dos-comerciarios-2024-no-rn-veja-como-participar\/#primaryimage\"},\"image\":{\"@id\":\"https:\/\/deputadotaveirajr.com.br\/index.php\/sesc-abre-inscricoes-para-jogos-dos-comerciarios-2024-no-rn-veja-como-participar\/#primaryimage\"},\"thumbnailUrl\":\"https:\/\/deputadotaveirajr.com.br\/wp-content\/uploads\/2024\/06\/whatsapp-image-2022-05-04-at-15.00.44-4maS6d.jpeg\",\"datePublished\":\"2024-06-17T23:26:06+00:00\",\"breadcrumb\":{\"@id\":\"https:\/\/deputadotaveirajr.com.br\/index.php\/sesc-abre-inscricoes-para-jogos-dos-comerciarios-2024-no-rn-veja-como-participar\/#breadcrumb\"},\"inLanguage\":\"pt-BR\",\"potentialAction\":[{\"@type\":\"ReadAction\",\"target\":[\"https:\/\/deputadotaveirajr.com.br\/index.php\/sesc-abre-inscricoes-para-jogos-dos-comerciarios-2024-no-rn-veja-como-participar\/\"]}]},{\"@type\":\"ImageObject\",\"inLanguage\":\"pt-BR\",\"@id\":\"https:\/\/deputadotaveirajr.com.br\/index.php\/sesc-abre-inscricoes-para-jogos-dos-comerciarios-2024-no-rn-veja-como-participar\/#primaryimage\",\"url\":\"https:\/\/deputadotaveirajr.com.br\/wp-content\/uploads\/2024\/06\/whatsapp-image-2022-05-04-at-15.00.44-4maS6d.jpeg\",\"contentUrl\":\"https:\/\/deputadotaveirajr.com.br\/wp-content\/uploads\/2024\/06\/whatsapp-image-2022-05-04-at-15.00.44-4maS6d.jpeg\",\"width\":624,\"height\":468},{\"@type\":\"BreadcrumbList\",\"@id\":\"https:\/\/deputadotaveirajr.com.br\/index.php\/sesc-abre-inscricoes-para-jogos-dos-comerciarios-2024-no-rn-veja-como-participar\/#breadcrumb\",\"itemListElement\":[{\"@type\":\"ListItem\",\"position\":1,\"name\":\"In\u00edcio\",\"item\":\"https:\/\/deputadotaveirajr.com.br\/\"},{\"@type\":\"ListItem\",\"position\":2,\"name\":\"Sesc abre inscri\u00e7\u00f5es para Jogos dos Comerci\u00e1rios 2024 no RN; veja como participar\"}]},{\"@type\":\"WebSite\",\"@id\":\"https:\/\/deputadotaveirajr.com.br\/#website\",\"url\":\"https:\/\/deputadotaveirajr.com.br\/\",\"name\":\"Taveira Jr\",\"description\":\"Deputado Estadual\",\"publisher\":{\"@id\":\"https:\/\/deputadotaveirajr.com.br\/#organization\"},\"potentialAction\":[{\"@type\":\"SearchAction\",\"target\":{\"@type\":\"EntryPoint\",\"urlTemplate\":\"https:\/\/deputadotaveirajr.com.br\/?s={search_term_string}\"},\"query-input\":{\"@type\":\"PropertyValueSpecification\",\"valueRequired\":true,\"valueName\":\"search_term_string\"}}],\"inLanguage\":\"pt-BR\"},{\"@type\":\"Organization\",\"@id\":\"https:\/\/deputadotaveirajr.com.br\/#organization\",\"name\":\"Taveira Jr\",\"url\":\"https:\/\/deputadotaveirajr.com.br\/\",\"logo\":{\"@type\":\"ImageObject\",\"inLanguage\":\"pt-BR\",\"@id\":\"https:\/\/deputadotaveirajr.com.br\/#\/schema\/logo\/image\/\",\"url\":\"https:\/\/deputadotaveirajr.com.br\/wp-content\/uploads\/2026\/01\/logolow2a.png\",\"contentUrl\":\"https:\/\/deputadotaveirajr.com.br\/wp-content\/uploads\/2026\/01\/logolow2a.png\",\"width\":290,\"height\":80,\"caption\":\"Taveira Jr\"},\"image\":{\"@id\":\"https:\/\/deputadotaveirajr.com.br\/#\/schema\/logo\/image\/\"}}]}<\/script>\n<!-- \/ Yoast SEO plugin. -->","yoast_head_json":{"title":"Sesc abre inscri\u00e7\u00f5es para Jogos dos Comerci\u00e1rios 2024 no RN; veja como participar - Taveira Jr","robots":{"index":"index","follow":"follow","max-snippet":"max-snippet:-1","max-image-preview":"max-image-preview:large","max-video-preview":"max-video-preview:-1"},"canonical":"https:\/\/deputadotaveirajr.com.br\/index.php\/sesc-abre-inscricoes-para-jogos-dos-comerciarios-2024-no-rn-veja-como-participar\/","og_locale":"pt_BR","og_type":"article","og_title":"Sesc abre inscri\u00e7\u00f5es para Jogos dos Comerci\u00e1rios 2024 no RN; veja como participar - Taveira Jr","og_description":"Inscri\u00e7\u00f5es para a 22\u00aa edi\u00e7\u00e3o do evento come\u00e7am nesta ter\u00e7a-feira (18) e v\u00e3o at\u00e9 o dia 19 de julho. Haver\u00e1 competi\u00e7\u00f5es em Natal e Mossor\u00f3, com nove esportes envolvidos. Bola ...","og_url":"https:\/\/deputadotaveirajr.com.br\/index.php\/sesc-abre-inscricoes-para-jogos-dos-comerciarios-2024-no-rn-veja-como-participar\/","og_site_name":"Taveira Jr","og_image":[{"width":624,"height":468,"url":"https:\/\/deputadotaveirajr.com.br\/wp-content\/uploads\/2024\/06\/whatsapp-image-2022-05-04-at-15.00.44-4maS6d.jpeg","type":"image\/jpeg"}],"twitter_card":"summary_large_image","twitter_misc":{"Est. tempo de leitura":"2 minutos"},"schema":{"@context":"https:\/\/schema.org","@graph":[{"@type":"WebPage","@id":"https:\/\/deputadotaveirajr.com.br\/index.php\/sesc-abre-inscricoes-para-jogos-dos-comerciarios-2024-no-rn-veja-como-participar\/","url":"https:\/\/deputadotaveirajr.com.br\/index.php\/sesc-abre-inscricoes-para-jogos-dos-comerciarios-2024-no-rn-veja-como-participar\/","name":"Sesc abre inscri\u00e7\u00f5es para Jogos dos Comerci\u00e1rios 2024 no RN; veja como participar - Taveira Jr","isPartOf":{"@id":"https:\/\/deputadotaveirajr.com.br\/#website"},"primaryImageOfPage":{"@id":"https:\/\/deputadotaveirajr.com.br\/index.php\/sesc-abre-inscricoes-para-jogos-dos-comerciarios-2024-no-rn-veja-como-participar\/#primaryimage"},"image":{"@id":"https:\/\/deputadotaveirajr.com.br\/index.php\/sesc-abre-inscricoes-para-jogos-dos-comerciarios-2024-no-rn-veja-como-participar\/#primaryimage"},"thumbnailUrl":"https:\/\/deputadotaveirajr.com.br\/wp-content\/uploads\/2024\/06\/whatsapp-image-2022-05-04-at-15.00.44-4maS6d.jpeg","datePublished":"2024-06-17T23:26:06+00:00","breadcrumb":{"@id":"https:\/\/deputadotaveirajr.com.br\/index.php\/sesc-abre-inscricoes-para-jogos-dos-comerciarios-2024-no-rn-veja-como-participar\/#breadcrumb"},"inLanguage":"pt-BR","potentialAction":[{"@type":"ReadAction","target":["https:\/\/deputadotaveirajr.com.br\/index.php\/sesc-abre-inscricoes-para-jogos-dos-comerciarios-2024-no-rn-veja-como-participar\/"]}]},{"@type":"ImageObject","inLanguage":"pt-BR","@id":"https:\/\/deputadotaveirajr.com.br\/index.php\/sesc-abre-inscricoes-para-jogos-dos-comerciarios-2024-no-rn-veja-como-participar\/#primaryimage","url":"https:\/\/deputadotaveirajr.com.br\/wp-content\/uploads\/2024\/06\/whatsapp-image-2022-05-04-at-15.00.44-4maS6d.jpeg","contentUrl":"https:\/\/deputadotaveirajr.com.br\/wp-content\/uploads\/2024\/06\/whatsapp-image-2022-05-04-at-15.00.44-4maS6d.jpeg","width":624,"height":468},{"@type":"BreadcrumbList","@id":"https:\/\/deputadotaveirajr.com.br\/index.php\/sesc-abre-inscricoes-para-jogos-dos-comerciarios-2024-no-rn-veja-como-participar\/#breadcrumb","itemListElement":[{"@type":"ListItem","position":1,"name":"In\u00edcio","item":"https:\/\/deputadotaveirajr.com.br\/"},{"@type":"ListItem","position":2,"name":"Sesc abre inscri\u00e7\u00f5es para Jogos dos Comerci\u00e1rios 2024 no RN; veja como participar"}]},{"@type":"WebSite","@id":"https:\/\/deputadotaveirajr.com.br\/#website","url":"https:\/\/deputadotaveirajr.com.br\/","name":"Taveira Jr","description":"Deputado Estadual","publisher":{"@id":"https:\/\/deputadotaveirajr.com.br\/#organization"},"potentialAction":[{"@type":"SearchAction","target":{"@type":"EntryPoint","urlTemplate":"https:\/\/deputadotaveirajr.com.br\/?s={search_term_string}"},"query-input":{"@type":"PropertyValueSpecification","valueRequired":true,"valueName":"search_term_string"}}],"inLanguage":"pt-BR"},{"@type":"Organization","@id":"https:\/\/deputadotaveirajr.com.br\/#organization","name":"Taveira Jr","url":"https:\/\/deputadotaveirajr.com.br\/","logo":{"@type":"ImageObject","inLanguage":"pt-BR","@id":"https:\/\/deputadotaveirajr.com.br\/#\/schema\/logo\/image\/","url":"https:\/\/deputadotaveirajr.com.br\/wp-content\/uploads\/2026\/01\/logolow2a.png","contentUrl":"https:\/\/deputadotaveirajr.com.br\/wp-content\/uploads\/2026\/01\/logolow2a.png","width":290,"height":80,"caption":"Taveira Jr"},"image":{"@id":"https:\/\/deputadotaveirajr.com.br\/#\/schema\/logo\/image\/"}}]}},"_links":{"self":[{"href":"https:\/\/deputadotaveirajr.com.br\/index.php\/wp-json\/wp\/v2\/pages\/7131","targetHints":{"allow":["GET"]}}],"collection":[{"href":"https:\/\/deputadotaveirajr.com.br\/index.php\/wp-json\/wp\/v2\/pages"}],"about":[{"href":"https:\/\/deputadotaveirajr.com.br\/index.php\/wp-json\/wp\/v2\/types\/page"}],"replies":[{"embeddable":true,"href":"https:\/\/deputadotaveirajr.com.br\/index.php\/wp-json\/wp\/v2\/comments?post=7131"}],"version-history":[{"count":1,"href":"https:\/\/deputadotaveirajr.com.br\/index.php\/wp-json\/wp\/v2\/pages\/7131\/revisions"}],"predecessor-version":[{"id":7135,"href":"https:\/\/deputadotaveirajr.com.br\/index.php\/wp-json\/wp\/v2\/pages\/7131\/revisions\/7135"}],"wp:featuredmedia":[{"embeddable":true,"href":"https:\/\/deputadotaveirajr.com.br\/index.php\/wp-json\/wp\/v2\/media\/7132"}],"wp:attachment":[{"href":"https:\/\/deputadotaveirajr.com.br\/index.php\/wp-json\/wp\/v2\/media?parent=7131"}],"curies":[{"name":"wp","href":"https:\/\/api.w.org\/{rel}","templated":true}]}}