{"id":7182,"date":"2024-06-20T11:34:45","date_gmt":"2024-06-20T14:34:45","guid":{"rendered":"https:\/\/deputadotaveirajr.com.br\/?page_id=7182"},"modified":"2024-06-20T11:34:45","modified_gmt":"2024-06-20T14:34:45","slug":"tres-pessoas-sao-presas-apos-tentativa-de-furto-a-caixa-eletronico-em-ponta-negra-familia-e-feita-refem-durante-a-fuga","status":"publish","type":"page","link":"https:\/\/deputadotaveirajr.com.br\/index.php\/tres-pessoas-sao-presas-apos-tentativa-de-furto-a-caixa-eletronico-em-ponta-negra-familia-e-feita-refem-durante-a-fuga\/","title":{"rendered":"Tr\u00eas pessoas s\u00e3o presas ap\u00f3s tentativa de furto a caixa eletr\u00f4nico em Ponta Negra; fam\u00edlia \u00e9 feita ref\u00e9m durante a fuga"},"content":{"rendered":"<p>     Criminoso fez fam\u00edlia ref\u00e9m em S\u00e3o Gon\u00e7alo do Amarante ao tentar fugir da opera\u00e7\u00e3o policial montada para capturar suspeitos. V\u00eddeo mostra libera\u00e7\u00e3o de v\u00edtimas. Criminosos tentaram arrombar caixa eletr\u00f4nico durante a madrugada de quarta (19) em Natal<br \/>\nPol\u00edcia Civil RN\/Cedida<br \/>\nA Pol\u00edcia Civil do Rio Grande do Norte prendeu em flagrante, nesta quarta-feira (19), tr\u00eas homens envolvidos em uma tentativa de furto a um caixa eletr\u00f4nico. Uma fam\u00edlia foi feita ref\u00e9m por um dos criminosos ao tentar fugir das autoridades<br \/>\nO crime aconteceu dentro de uma galeria, durante a madrugada, no bairro Ponta Negra, Zona Sul de Natal.<br \/>\nAs investiga\u00e7\u00f5es da Delegacia Especializada em Furtos e Roubos de Natal (Defur), iniciadas logo ap\u00f3s a constata\u00e7\u00e3o do crime, apontaram que quatro integrantes de uma organiza\u00e7\u00e3o criminosa especializada em furtos a caixas eletr\u00f4nicos tentaram arrombar o equipamento com equipamentos de corte.<br \/>\nOs tr\u00eas homens foram localizados e presos no bairro Santo Ant\u00f4nio do Potengi, em S\u00e3o Gon\u00e7alo do Amarante, na Grande Natal.<br \/>\nDurante a opera\u00e7\u00e3o para pris\u00e3o dos suspeitos, um deles tentou fugir, pulou muros de diversas casas e manteve uma fam\u00edlia em c\u00e1rcere privado por quase 60 minutos, mas acabou preso. Um v\u00eddeo divulgado pela pol\u00edcia, mostra o momento em que uma v\u00edtima \u00e9 liberada, com uma crian\u00e7a no colo. Veja abaixo.<br \/>\nV\u00eddeo mostra libera\u00e7\u00e3o de v\u00edtima feita ref\u00e9m por criminoso na Grande Natal<\/p>\n<p>Ainda de acordo com a pol\u00edcia, dois suspeitos s\u00e3o de Santa Catarina e um de Pernambuco.<br \/>\nNa ocasi\u00e3o, a Pol\u00edcia Civil apreendeu ferramentas utilizadas na tentativa de furto, como ma\u00e7aricos, furadeiras, discos de corte e p\u00e9 de cabra. Os presos foram autuados em flagrante por tentativa de furto qualificado e associa\u00e7\u00e3o criminosa.<br \/>\n&#8220;Todos os indiv\u00edduos presos possuem diversas passagens por furto qualificado por rompimento de obst\u00e1culos&#8221;, informou a corpora\u00e7\u00e3o.<br \/>\nSegundo a delegacia, a investiga\u00e7\u00e3o continua para identificar e localizar o quarto envolvido no crime.<br \/>\nO trio preso foi encaminhado ao sistema prisional, onde permanecer\u00e1 \u00e0 disposi\u00e7\u00e3o da Justi\u00e7a.<br \/>\nEquipamentos apreendidos com suspeitos na Grande Natal<br \/>\nPol\u00edcia Civil do RN<br \/>\nVeja os v\u00eddeos mais assistidos no g1 RN<\/p>","protected":false},"excerpt":{"rendered":"<p>Criminoso fez fam\u00edlia ref\u00e9m em S\u00e3o Gon\u00e7alo do Amarante ao tentar fugir da opera\u00e7\u00e3o policial montada para capturar suspeitos. V\u00eddeo mostra libera\u00e7\u00e3o de v\u00edtimas. Criminosos tentaram arrombar caixa eletr\u00f4nico durante &#8230;<\/p>\n","protected":false},"author":0,"featured_media":7183,"parent":0,"menu_order":0,"comment_status":"closed","ping_status":"closed","template":"","meta":{"footnotes":""},"class_list":["post-7182","page","type-page","status-publish","has-post-thumbnail","hentry"],"yoast_head":"<!-- This site is optimized with the Yoast SEO plugin v27.1.1 - https:\/\/yoast.com\/product\/yoast-seo-wordpress\/ -->\n<title>Tr\u00eas pessoas s\u00e3o presas ap\u00f3s tentativa de furto a caixa eletr\u00f4nico em Ponta Negra; fam\u00edlia \u00e9 feita ref\u00e9m durante a fuga - Taveira Jr<\/title>\n<meta name=\"robots\" content=\"index, follow, max-snippet:-1, max-image-preview:large, max-video-preview:-1\" \/>\n<link rel=\"canonical\" href=\"https:\/\/deputadotaveirajr.com.br\/index.php\/tres-pessoas-sao-presas-apos-tentativa-de-furto-a-caixa-eletronico-em-ponta-negra-familia-e-feita-refem-durante-a-fuga\/\" \/>\n<meta property=\"og:locale\" content=\"pt_BR\" \/>\n<meta property=\"og:type\" content=\"article\" \/>\n<meta property=\"og:title\" content=\"Tr\u00eas pessoas s\u00e3o presas ap\u00f3s tentativa de furto a caixa eletr\u00f4nico em Ponta Negra; fam\u00edlia \u00e9 feita ref\u00e9m durante a fuga - Taveira Jr\" \/>\n<meta property=\"og:description\" content=\"Criminoso fez fam\u00edlia ref\u00e9m em S\u00e3o Gon\u00e7alo do Amarante ao tentar fugir da opera\u00e7\u00e3o policial montada para capturar suspeitos. V\u00eddeo mostra libera\u00e7\u00e3o de v\u00edtimas. Criminosos tentaram arrombar caixa eletr\u00f4nico durante ...\" \/>\n<meta property=\"og:url\" content=\"https:\/\/deputadotaveirajr.com.br\/index.php\/tres-pessoas-sao-presas-apos-tentativa-de-furto-a-caixa-eletronico-em-ponta-negra-familia-e-feita-refem-durante-a-fuga\/\" \/>\n<meta property=\"og:site_name\" content=\"Taveira Jr\" \/>\n<meta property=\"og:image\" content=\"https:\/\/deputadotaveirajr.com.br\/wp-content\/uploads\/2024\/06\/banco-rxd97V.jpeg\" \/>\n\t<meta property=\"og:image:width\" content=\"720\" \/>\n\t<meta property=\"og:image:height\" content=\"1006\" \/>\n\t<meta property=\"og:image:type\" content=\"image\/jpeg\" \/>\n<meta name=\"twitter:card\" content=\"summary_large_image\" \/>\n<meta name=\"twitter:label1\" content=\"Est. tempo de leitura\" \/>\n\t<meta name=\"twitter:data1\" content=\"2 minutos\" \/>\n<script type=\"application\/ld+json\" class=\"yoast-schema-graph\">{\"@context\":\"https:\/\/schema.org\",\"@graph\":[{\"@type\":\"WebPage\",\"@id\":\"https:\/\/deputadotaveirajr.com.br\/index.php\/tres-pessoas-sao-presas-apos-tentativa-de-furto-a-caixa-eletronico-em-ponta-negra-familia-e-feita-refem-durante-a-fuga\/\",\"url\":\"https:\/\/deputadotaveirajr.com.br\/index.php\/tres-pessoas-sao-presas-apos-tentativa-de-furto-a-caixa-eletronico-em-ponta-negra-familia-e-feita-refem-durante-a-fuga\/\",\"name\":\"Tr\u00eas pessoas s\u00e3o presas ap\u00f3s tentativa de furto a caixa eletr\u00f4nico em Ponta Negra; fam\u00edlia \u00e9 feita ref\u00e9m durante a fuga - Taveira Jr\",\"isPartOf\":{\"@id\":\"https:\/\/deputadotaveirajr.com.br\/#website\"},\"primaryImageOfPage\":{\"@id\":\"https:\/\/deputadotaveirajr.com.br\/index.php\/tres-pessoas-sao-presas-apos-tentativa-de-furto-a-caixa-eletronico-em-ponta-negra-familia-e-feita-refem-durante-a-fuga\/#primaryimage\"},\"image\":{\"@id\":\"https:\/\/deputadotaveirajr.com.br\/index.php\/tres-pessoas-sao-presas-apos-tentativa-de-furto-a-caixa-eletronico-em-ponta-negra-familia-e-feita-refem-durante-a-fuga\/#primaryimage\"},\"thumbnailUrl\":\"https:\/\/deputadotaveirajr.com.br\/wp-content\/uploads\/2024\/06\/banco-rxd97V.jpeg\",\"datePublished\":\"2024-06-20T14:34:45+00:00\",\"breadcrumb\":{\"@id\":\"https:\/\/deputadotaveirajr.com.br\/index.php\/tres-pessoas-sao-presas-apos-tentativa-de-furto-a-caixa-eletronico-em-ponta-negra-familia-e-feita-refem-durante-a-fuga\/#breadcrumb\"},\"inLanguage\":\"pt-BR\",\"potentialAction\":[{\"@type\":\"ReadAction\",\"target\":[\"https:\/\/deputadotaveirajr.com.br\/index.php\/tres-pessoas-sao-presas-apos-tentativa-de-furto-a-caixa-eletronico-em-ponta-negra-familia-e-feita-refem-durante-a-fuga\/\"]}]},{\"@type\":\"ImageObject\",\"inLanguage\":\"pt-BR\",\"@id\":\"https:\/\/deputadotaveirajr.com.br\/index.php\/tres-pessoas-sao-presas-apos-tentativa-de-furto-a-caixa-eletronico-em-ponta-negra-familia-e-feita-refem-durante-a-fuga\/#primaryimage\",\"url\":\"https:\/\/deputadotaveirajr.com.br\/wp-content\/uploads\/2024\/06\/banco-rxd97V.jpeg\",\"contentUrl\":\"https:\/\/deputadotaveirajr.com.br\/wp-content\/uploads\/2024\/06\/banco-rxd97V.jpeg\",\"width\":720,\"height\":1006},{\"@type\":\"BreadcrumbList\",\"@id\":\"https:\/\/deputadotaveirajr.com.br\/index.php\/tres-pessoas-sao-presas-apos-tentativa-de-furto-a-caixa-eletronico-em-ponta-negra-familia-e-feita-refem-durante-a-fuga\/#breadcrumb\",\"itemListElement\":[{\"@type\":\"ListItem\",\"position\":1,\"name\":\"In\u00edcio\",\"item\":\"https:\/\/deputadotaveirajr.com.br\/\"},{\"@type\":\"ListItem\",\"position\":2,\"name\":\"Tr\u00eas pessoas s\u00e3o presas ap\u00f3s tentativa de furto a caixa eletr\u00f4nico em Ponta Negra; fam\u00edlia \u00e9 feita ref\u00e9m durante a fuga\"}]},{\"@type\":\"WebSite\",\"@id\":\"https:\/\/deputadotaveirajr.com.br\/#website\",\"url\":\"https:\/\/deputadotaveirajr.com.br\/\",\"name\":\"Taveira Jr\",\"description\":\"Deputado Estadual\",\"publisher\":{\"@id\":\"https:\/\/deputadotaveirajr.com.br\/#organization\"},\"potentialAction\":[{\"@type\":\"SearchAction\",\"target\":{\"@type\":\"EntryPoint\",\"urlTemplate\":\"https:\/\/deputadotaveirajr.com.br\/?s={search_term_string}\"},\"query-input\":{\"@type\":\"PropertyValueSpecification\",\"valueRequired\":true,\"valueName\":\"search_term_string\"}}],\"inLanguage\":\"pt-BR\"},{\"@type\":\"Organization\",\"@id\":\"https:\/\/deputadotaveirajr.com.br\/#organization\",\"name\":\"Taveira Jr\",\"url\":\"https:\/\/deputadotaveirajr.com.br\/\",\"logo\":{\"@type\":\"ImageObject\",\"inLanguage\":\"pt-BR\",\"@id\":\"https:\/\/deputadotaveirajr.com.br\/#\/schema\/logo\/image\/\",\"url\":\"https:\/\/deputadotaveirajr.com.br\/wp-content\/uploads\/2026\/01\/logolow2a.png\",\"contentUrl\":\"https:\/\/deputadotaveirajr.com.br\/wp-content\/uploads\/2026\/01\/logolow2a.png\",\"width\":290,\"height\":80,\"caption\":\"Taveira Jr\"},\"image\":{\"@id\":\"https:\/\/deputadotaveirajr.com.br\/#\/schema\/logo\/image\/\"}}]}<\/script>\n<!-- \/ Yoast SEO plugin. -->","yoast_head_json":{"title":"Tr\u00eas pessoas s\u00e3o presas ap\u00f3s tentativa de furto a caixa eletr\u00f4nico em Ponta Negra; fam\u00edlia \u00e9 feita ref\u00e9m durante a fuga - Taveira Jr","robots":{"index":"index","follow":"follow","max-snippet":"max-snippet:-1","max-image-preview":"max-image-preview:large","max-video-preview":"max-video-preview:-1"},"canonical":"https:\/\/deputadotaveirajr.com.br\/index.php\/tres-pessoas-sao-presas-apos-tentativa-de-furto-a-caixa-eletronico-em-ponta-negra-familia-e-feita-refem-durante-a-fuga\/","og_locale":"pt_BR","og_type":"article","og_title":"Tr\u00eas pessoas s\u00e3o presas ap\u00f3s tentativa de furto a caixa eletr\u00f4nico em Ponta Negra; fam\u00edlia \u00e9 feita ref\u00e9m durante a fuga - Taveira Jr","og_description":"Criminoso fez fam\u00edlia ref\u00e9m em S\u00e3o Gon\u00e7alo do Amarante ao tentar fugir da opera\u00e7\u00e3o policial montada para capturar suspeitos. V\u00eddeo mostra libera\u00e7\u00e3o de v\u00edtimas. Criminosos tentaram arrombar caixa eletr\u00f4nico durante ...","og_url":"https:\/\/deputadotaveirajr.com.br\/index.php\/tres-pessoas-sao-presas-apos-tentativa-de-furto-a-caixa-eletronico-em-ponta-negra-familia-e-feita-refem-durante-a-fuga\/","og_site_name":"Taveira Jr","og_image":[{"width":720,"height":1006,"url":"https:\/\/deputadotaveirajr.com.br\/wp-content\/uploads\/2024\/06\/banco-rxd97V.jpeg","type":"image\/jpeg"}],"twitter_card":"summary_large_image","twitter_misc":{"Est. tempo de leitura":"2 minutos"},"schema":{"@context":"https:\/\/schema.org","@graph":[{"@type":"WebPage","@id":"https:\/\/deputadotaveirajr.com.br\/index.php\/tres-pessoas-sao-presas-apos-tentativa-de-furto-a-caixa-eletronico-em-ponta-negra-familia-e-feita-refem-durante-a-fuga\/","url":"https:\/\/deputadotaveirajr.com.br\/index.php\/tres-pessoas-sao-presas-apos-tentativa-de-furto-a-caixa-eletronico-em-ponta-negra-familia-e-feita-refem-durante-a-fuga\/","name":"Tr\u00eas pessoas s\u00e3o presas ap\u00f3s tentativa de furto a caixa eletr\u00f4nico em Ponta Negra; fam\u00edlia \u00e9 feita ref\u00e9m durante a fuga - Taveira Jr","isPartOf":{"@id":"https:\/\/deputadotaveirajr.com.br\/#website"},"primaryImageOfPage":{"@id":"https:\/\/deputadotaveirajr.com.br\/index.php\/tres-pessoas-sao-presas-apos-tentativa-de-furto-a-caixa-eletronico-em-ponta-negra-familia-e-feita-refem-durante-a-fuga\/#primaryimage"},"image":{"@id":"https:\/\/deputadotaveirajr.com.br\/index.php\/tres-pessoas-sao-presas-apos-tentativa-de-furto-a-caixa-eletronico-em-ponta-negra-familia-e-feita-refem-durante-a-fuga\/#primaryimage"},"thumbnailUrl":"https:\/\/deputadotaveirajr.com.br\/wp-content\/uploads\/2024\/06\/banco-rxd97V.jpeg","datePublished":"2024-06-20T14:34:45+00:00","breadcrumb":{"@id":"https:\/\/deputadotaveirajr.com.br\/index.php\/tres-pessoas-sao-presas-apos-tentativa-de-furto-a-caixa-eletronico-em-ponta-negra-familia-e-feita-refem-durante-a-fuga\/#breadcrumb"},"inLanguage":"pt-BR","potentialAction":[{"@type":"ReadAction","target":["https:\/\/deputadotaveirajr.com.br\/index.php\/tres-pessoas-sao-presas-apos-tentativa-de-furto-a-caixa-eletronico-em-ponta-negra-familia-e-feita-refem-durante-a-fuga\/"]}]},{"@type":"ImageObject","inLanguage":"pt-BR","@id":"https:\/\/deputadotaveirajr.com.br\/index.php\/tres-pessoas-sao-presas-apos-tentativa-de-furto-a-caixa-eletronico-em-ponta-negra-familia-e-feita-refem-durante-a-fuga\/#primaryimage","url":"https:\/\/deputadotaveirajr.com.br\/wp-content\/uploads\/2024\/06\/banco-rxd97V.jpeg","contentUrl":"https:\/\/deputadotaveirajr.com.br\/wp-content\/uploads\/2024\/06\/banco-rxd97V.jpeg","width":720,"height":1006},{"@type":"BreadcrumbList","@id":"https:\/\/deputadotaveirajr.com.br\/index.php\/tres-pessoas-sao-presas-apos-tentativa-de-furto-a-caixa-eletronico-em-ponta-negra-familia-e-feita-refem-durante-a-fuga\/#breadcrumb","itemListElement":[{"@type":"ListItem","position":1,"name":"In\u00edcio","item":"https:\/\/deputadotaveirajr.com.br\/"},{"@type":"ListItem","position":2,"name":"Tr\u00eas pessoas s\u00e3o presas ap\u00f3s tentativa de furto a caixa eletr\u00f4nico em Ponta Negra; fam\u00edlia \u00e9 feita ref\u00e9m durante a fuga"}]},{"@type":"WebSite","@id":"https:\/\/deputadotaveirajr.com.br\/#website","url":"https:\/\/deputadotaveirajr.com.br\/","name":"Taveira Jr","description":"Deputado Estadual","publisher":{"@id":"https:\/\/deputadotaveirajr.com.br\/#organization"},"potentialAction":[{"@type":"SearchAction","target":{"@type":"EntryPoint","urlTemplate":"https:\/\/deputadotaveirajr.com.br\/?s={search_term_string}"},"query-input":{"@type":"PropertyValueSpecification","valueRequired":true,"valueName":"search_term_string"}}],"inLanguage":"pt-BR"},{"@type":"Organization","@id":"https:\/\/deputadotaveirajr.com.br\/#organization","name":"Taveira Jr","url":"https:\/\/deputadotaveirajr.com.br\/","logo":{"@type":"ImageObject","inLanguage":"pt-BR","@id":"https:\/\/deputadotaveirajr.com.br\/#\/schema\/logo\/image\/","url":"https:\/\/deputadotaveirajr.com.br\/wp-content\/uploads\/2026\/01\/logolow2a.png","contentUrl":"https:\/\/deputadotaveirajr.com.br\/wp-content\/uploads\/2026\/01\/logolow2a.png","width":290,"height":80,"caption":"Taveira Jr"},"image":{"@id":"https:\/\/deputadotaveirajr.com.br\/#\/schema\/logo\/image\/"}}]}},"_links":{"self":[{"href":"https:\/\/deputadotaveirajr.com.br\/index.php\/wp-json\/wp\/v2\/pages\/7182","targetHints":{"allow":["GET"]}}],"collection":[{"href":"https:\/\/deputadotaveirajr.com.br\/index.php\/wp-json\/wp\/v2\/pages"}],"about":[{"href":"https:\/\/deputadotaveirajr.com.br\/index.php\/wp-json\/wp\/v2\/types\/page"}],"replies":[{"embeddable":true,"href":"https:\/\/deputadotaveirajr.com.br\/index.php\/wp-json\/wp\/v2\/comments?post=7182"}],"version-history":[{"count":1,"href":"https:\/\/deputadotaveirajr.com.br\/index.php\/wp-json\/wp\/v2\/pages\/7182\/revisions"}],"predecessor-version":[{"id":7194,"href":"https:\/\/deputadotaveirajr.com.br\/index.php\/wp-json\/wp\/v2\/pages\/7182\/revisions\/7194"}],"wp:featuredmedia":[{"embeddable":true,"href":"https:\/\/deputadotaveirajr.com.br\/index.php\/wp-json\/wp\/v2\/media\/7183"}],"wp:attachment":[{"href":"https:\/\/deputadotaveirajr.com.br\/index.php\/wp-json\/wp\/v2\/media?parent=7182"}],"curies":[{"name":"wp","href":"https:\/\/api.w.org\/{rel}","templated":true}]}}