{"id":7221,"date":"2024-06-21T19:29:21","date_gmt":"2024-06-21T22:29:21","guid":{"rendered":"https:\/\/deputadotaveirajr.com.br\/?page_id=7221"},"modified":"2024-06-21T19:29:21","modified_gmt":"2024-06-21T22:29:21","slug":"pf-apreende-maconha-e-haxixe-em-encomendas-no-centro-de-distribuicao-dos-correios-em-natal","status":"publish","type":"page","link":"https:\/\/deputadotaveirajr.com.br\/index.php\/pf-apreende-maconha-e-haxixe-em-encomendas-no-centro-de-distribuicao-dos-correios-em-natal\/","title":{"rendered":"PF apreende maconha e haxixe em encomendas no centro de distribui\u00e7\u00e3o dos Correios em Natal"},"content":{"rendered":"<p>     Encomendas tinham como destino do RN e foram enviadas das regi\u00f5es Sul e Sudeste. PF contou com o aux\u00edlio de c\u00e3es farejadores para detectar drogas.  Maconha apreendida nos Correios<br \/>\nDivulga\u00e7\u00e3o\/PF<br \/>\nA Pol\u00edcia Federal apreendeu em Natal duas encomendas enviadas atrav\u00e9s dos Correios que tinham 1,1 kg de maconha e 335 gramas de haxixe. A apreens\u00e3o foi feita no Centro de Tratamento de Cartas e Encomendas (CTCE), no bairro de Lagoa Nova.<br \/>\nNingu\u00e9m foi preso na a\u00e7\u00e3o. A apreens\u00e3o aconteceu na quarta-feira (19), mas foi divulgada pela Pol\u00edcia Federal apenas nesta sexta-feira (21).<br \/>\n\ud83d\udcf3Participe do canal do g1 RN no WhatsApp<br \/>\nSegundo a Pol\u00edcia Federal, as duas encomendas sa\u00edram de cidades das regi\u00f5es Sul e Sudeste do Brasil e tinham como destino o Rio Grande do Norte. As localidades exatas n\u00e3o foram divulgadas pela autoridade policial.<br \/>\nA PF informou que  a a\u00e7\u00e3o contou com a utiliza\u00e7\u00e3o de c\u00e3es detectores de drogas pertencentes ao canil do \u00f3rg\u00e3o. A a\u00e7\u00e3o, segundo a autoridade, foi de rotina.<br \/>\nAs drogas foram levadas para an\u00e1lise da per\u00edcia na Superintend\u00eancia da Pol\u00edcia Federal, que tamb\u00e9m vai instaurar inqu\u00e9rito policial visando apurar os detalhes do ocorrido, bem como responsabilizar supostos envolvidos na a\u00e7\u00e3o criminosa.<br \/>\nA a\u00e7\u00e3 contou com apoio da \u00c1rea de Seguran\u00e7a dos Correios e da Secretaria da Fazenda do Rio Grande do Norte (SEFAZ).<br \/>\nV\u00eddeos mais assistidos do g1 RN<\/p>","protected":false},"excerpt":{"rendered":"<p>Encomendas tinham como destino do RN e foram enviadas das regi\u00f5es Sul e Sudeste. PF contou com o aux\u00edlio de c\u00e3es farejadores para detectar drogas. Maconha apreendida nos Correios Divulga\u00e7\u00e3o\/PF &#8230;<\/p>\n","protected":false},"author":0,"featured_media":7222,"parent":0,"menu_order":0,"comment_status":"closed","ping_status":"closed","template":"","meta":{"footnotes":""},"class_list":["post-7221","page","type-page","status-publish","has-post-thumbnail","hentry"],"yoast_head":"<!-- This site is optimized with the Yoast SEO plugin v27.1.1 - https:\/\/yoast.com\/product\/yoast-seo-wordpress\/ -->\n<title>PF apreende maconha e haxixe em encomendas no centro de distribui\u00e7\u00e3o dos Correios em Natal - Taveira Jr<\/title>\n<meta name=\"robots\" content=\"index, follow, max-snippet:-1, max-image-preview:large, max-video-preview:-1\" \/>\n<link rel=\"canonical\" href=\"https:\/\/deputadotaveirajr.com.br\/index.php\/pf-apreende-maconha-e-haxixe-em-encomendas-no-centro-de-distribuicao-dos-correios-em-natal\/\" \/>\n<meta property=\"og:locale\" content=\"pt_BR\" \/>\n<meta property=\"og:type\" content=\"article\" \/>\n<meta property=\"og:title\" content=\"PF apreende maconha e haxixe em encomendas no centro de distribui\u00e7\u00e3o dos Correios em Natal - Taveira Jr\" \/>\n<meta property=\"og:description\" content=\"Encomendas tinham como destino do RN e foram enviadas das regi\u00f5es Sul e Sudeste. PF contou com o aux\u00edlio de c\u00e3es farejadores para detectar drogas. Maconha apreendida nos Correios Divulga\u00e7\u00e3o\/PF ...\" \/>\n<meta property=\"og:url\" content=\"https:\/\/deputadotaveirajr.com.br\/index.php\/pf-apreende-maconha-e-haxixe-em-encomendas-no-centro-de-distribuicao-dos-correios-em-natal\/\" \/>\n<meta property=\"og:site_name\" content=\"Taveira Jr\" \/>\n<meta property=\"og:image\" content=\"https:\/\/deputadotaveirajr.com.br\/wp-content\/uploads\/2024\/06\/whatsapp-image-2024-06-21-at-15.37.08-KVZPTY.jpeg\" \/>\n\t<meta property=\"og:image:width\" content=\"1400\" \/>\n\t<meta property=\"og:image:height\" content=\"788\" \/>\n\t<meta property=\"og:image:type\" content=\"image\/jpeg\" \/>\n<meta name=\"twitter:card\" content=\"summary_large_image\" \/>\n<meta name=\"twitter:label1\" content=\"Est. tempo de leitura\" \/>\n\t<meta name=\"twitter:data1\" content=\"1 minuto\" \/>\n<script type=\"application\/ld+json\" class=\"yoast-schema-graph\">{\"@context\":\"https:\/\/schema.org\",\"@graph\":[{\"@type\":\"WebPage\",\"@id\":\"https:\/\/deputadotaveirajr.com.br\/index.php\/pf-apreende-maconha-e-haxixe-em-encomendas-no-centro-de-distribuicao-dos-correios-em-natal\/\",\"url\":\"https:\/\/deputadotaveirajr.com.br\/index.php\/pf-apreende-maconha-e-haxixe-em-encomendas-no-centro-de-distribuicao-dos-correios-em-natal\/\",\"name\":\"PF apreende maconha e haxixe em encomendas no centro de distribui\u00e7\u00e3o dos Correios em Natal - Taveira Jr\",\"isPartOf\":{\"@id\":\"https:\/\/deputadotaveirajr.com.br\/#website\"},\"primaryImageOfPage\":{\"@id\":\"https:\/\/deputadotaveirajr.com.br\/index.php\/pf-apreende-maconha-e-haxixe-em-encomendas-no-centro-de-distribuicao-dos-correios-em-natal\/#primaryimage\"},\"image\":{\"@id\":\"https:\/\/deputadotaveirajr.com.br\/index.php\/pf-apreende-maconha-e-haxixe-em-encomendas-no-centro-de-distribuicao-dos-correios-em-natal\/#primaryimage\"},\"thumbnailUrl\":\"https:\/\/deputadotaveirajr.com.br\/wp-content\/uploads\/2024\/06\/whatsapp-image-2024-06-21-at-15.37.08-KVZPTY.jpeg\",\"datePublished\":\"2024-06-21T22:29:21+00:00\",\"breadcrumb\":{\"@id\":\"https:\/\/deputadotaveirajr.com.br\/index.php\/pf-apreende-maconha-e-haxixe-em-encomendas-no-centro-de-distribuicao-dos-correios-em-natal\/#breadcrumb\"},\"inLanguage\":\"pt-BR\",\"potentialAction\":[{\"@type\":\"ReadAction\",\"target\":[\"https:\/\/deputadotaveirajr.com.br\/index.php\/pf-apreende-maconha-e-haxixe-em-encomendas-no-centro-de-distribuicao-dos-correios-em-natal\/\"]}]},{\"@type\":\"ImageObject\",\"inLanguage\":\"pt-BR\",\"@id\":\"https:\/\/deputadotaveirajr.com.br\/index.php\/pf-apreende-maconha-e-haxixe-em-encomendas-no-centro-de-distribuicao-dos-correios-em-natal\/#primaryimage\",\"url\":\"https:\/\/deputadotaveirajr.com.br\/wp-content\/uploads\/2024\/06\/whatsapp-image-2024-06-21-at-15.37.08-KVZPTY.jpeg\",\"contentUrl\":\"https:\/\/deputadotaveirajr.com.br\/wp-content\/uploads\/2024\/06\/whatsapp-image-2024-06-21-at-15.37.08-KVZPTY.jpeg\",\"width\":1400,\"height\":788},{\"@type\":\"BreadcrumbList\",\"@id\":\"https:\/\/deputadotaveirajr.com.br\/index.php\/pf-apreende-maconha-e-haxixe-em-encomendas-no-centro-de-distribuicao-dos-correios-em-natal\/#breadcrumb\",\"itemListElement\":[{\"@type\":\"ListItem\",\"position\":1,\"name\":\"In\u00edcio\",\"item\":\"https:\/\/deputadotaveirajr.com.br\/\"},{\"@type\":\"ListItem\",\"position\":2,\"name\":\"PF apreende maconha e haxixe em encomendas no centro de distribui\u00e7\u00e3o dos Correios em Natal\"}]},{\"@type\":\"WebSite\",\"@id\":\"https:\/\/deputadotaveirajr.com.br\/#website\",\"url\":\"https:\/\/deputadotaveirajr.com.br\/\",\"name\":\"Taveira Jr\",\"description\":\"Deputado Estadual\",\"publisher\":{\"@id\":\"https:\/\/deputadotaveirajr.com.br\/#organization\"},\"potentialAction\":[{\"@type\":\"SearchAction\",\"target\":{\"@type\":\"EntryPoint\",\"urlTemplate\":\"https:\/\/deputadotaveirajr.com.br\/?s={search_term_string}\"},\"query-input\":{\"@type\":\"PropertyValueSpecification\",\"valueRequired\":true,\"valueName\":\"search_term_string\"}}],\"inLanguage\":\"pt-BR\"},{\"@type\":\"Organization\",\"@id\":\"https:\/\/deputadotaveirajr.com.br\/#organization\",\"name\":\"Taveira Jr\",\"url\":\"https:\/\/deputadotaveirajr.com.br\/\",\"logo\":{\"@type\":\"ImageObject\",\"inLanguage\":\"pt-BR\",\"@id\":\"https:\/\/deputadotaveirajr.com.br\/#\/schema\/logo\/image\/\",\"url\":\"https:\/\/deputadotaveirajr.com.br\/wp-content\/uploads\/2026\/01\/logolow2a.png\",\"contentUrl\":\"https:\/\/deputadotaveirajr.com.br\/wp-content\/uploads\/2026\/01\/logolow2a.png\",\"width\":290,\"height\":80,\"caption\":\"Taveira Jr\"},\"image\":{\"@id\":\"https:\/\/deputadotaveirajr.com.br\/#\/schema\/logo\/image\/\"}}]}<\/script>\n<!-- \/ Yoast SEO plugin. -->","yoast_head_json":{"title":"PF apreende maconha e haxixe em encomendas no centro de distribui\u00e7\u00e3o dos Correios em Natal - Taveira Jr","robots":{"index":"index","follow":"follow","max-snippet":"max-snippet:-1","max-image-preview":"max-image-preview:large","max-video-preview":"max-video-preview:-1"},"canonical":"https:\/\/deputadotaveirajr.com.br\/index.php\/pf-apreende-maconha-e-haxixe-em-encomendas-no-centro-de-distribuicao-dos-correios-em-natal\/","og_locale":"pt_BR","og_type":"article","og_title":"PF apreende maconha e haxixe em encomendas no centro de distribui\u00e7\u00e3o dos Correios em Natal - Taveira Jr","og_description":"Encomendas tinham como destino do RN e foram enviadas das regi\u00f5es Sul e Sudeste. PF contou com o aux\u00edlio de c\u00e3es farejadores para detectar drogas. Maconha apreendida nos Correios Divulga\u00e7\u00e3o\/PF ...","og_url":"https:\/\/deputadotaveirajr.com.br\/index.php\/pf-apreende-maconha-e-haxixe-em-encomendas-no-centro-de-distribuicao-dos-correios-em-natal\/","og_site_name":"Taveira Jr","og_image":[{"width":1400,"height":788,"url":"https:\/\/deputadotaveirajr.com.br\/wp-content\/uploads\/2024\/06\/whatsapp-image-2024-06-21-at-15.37.08-KVZPTY.jpeg","type":"image\/jpeg"}],"twitter_card":"summary_large_image","twitter_misc":{"Est. tempo de leitura":"1 minuto"},"schema":{"@context":"https:\/\/schema.org","@graph":[{"@type":"WebPage","@id":"https:\/\/deputadotaveirajr.com.br\/index.php\/pf-apreende-maconha-e-haxixe-em-encomendas-no-centro-de-distribuicao-dos-correios-em-natal\/","url":"https:\/\/deputadotaveirajr.com.br\/index.php\/pf-apreende-maconha-e-haxixe-em-encomendas-no-centro-de-distribuicao-dos-correios-em-natal\/","name":"PF apreende maconha e haxixe em encomendas no centro de distribui\u00e7\u00e3o dos Correios em Natal - Taveira Jr","isPartOf":{"@id":"https:\/\/deputadotaveirajr.com.br\/#website"},"primaryImageOfPage":{"@id":"https:\/\/deputadotaveirajr.com.br\/index.php\/pf-apreende-maconha-e-haxixe-em-encomendas-no-centro-de-distribuicao-dos-correios-em-natal\/#primaryimage"},"image":{"@id":"https:\/\/deputadotaveirajr.com.br\/index.php\/pf-apreende-maconha-e-haxixe-em-encomendas-no-centro-de-distribuicao-dos-correios-em-natal\/#primaryimage"},"thumbnailUrl":"https:\/\/deputadotaveirajr.com.br\/wp-content\/uploads\/2024\/06\/whatsapp-image-2024-06-21-at-15.37.08-KVZPTY.jpeg","datePublished":"2024-06-21T22:29:21+00:00","breadcrumb":{"@id":"https:\/\/deputadotaveirajr.com.br\/index.php\/pf-apreende-maconha-e-haxixe-em-encomendas-no-centro-de-distribuicao-dos-correios-em-natal\/#breadcrumb"},"inLanguage":"pt-BR","potentialAction":[{"@type":"ReadAction","target":["https:\/\/deputadotaveirajr.com.br\/index.php\/pf-apreende-maconha-e-haxixe-em-encomendas-no-centro-de-distribuicao-dos-correios-em-natal\/"]}]},{"@type":"ImageObject","inLanguage":"pt-BR","@id":"https:\/\/deputadotaveirajr.com.br\/index.php\/pf-apreende-maconha-e-haxixe-em-encomendas-no-centro-de-distribuicao-dos-correios-em-natal\/#primaryimage","url":"https:\/\/deputadotaveirajr.com.br\/wp-content\/uploads\/2024\/06\/whatsapp-image-2024-06-21-at-15.37.08-KVZPTY.jpeg","contentUrl":"https:\/\/deputadotaveirajr.com.br\/wp-content\/uploads\/2024\/06\/whatsapp-image-2024-06-21-at-15.37.08-KVZPTY.jpeg","width":1400,"height":788},{"@type":"BreadcrumbList","@id":"https:\/\/deputadotaveirajr.com.br\/index.php\/pf-apreende-maconha-e-haxixe-em-encomendas-no-centro-de-distribuicao-dos-correios-em-natal\/#breadcrumb","itemListElement":[{"@type":"ListItem","position":1,"name":"In\u00edcio","item":"https:\/\/deputadotaveirajr.com.br\/"},{"@type":"ListItem","position":2,"name":"PF apreende maconha e haxixe em encomendas no centro de distribui\u00e7\u00e3o dos Correios em Natal"}]},{"@type":"WebSite","@id":"https:\/\/deputadotaveirajr.com.br\/#website","url":"https:\/\/deputadotaveirajr.com.br\/","name":"Taveira Jr","description":"Deputado Estadual","publisher":{"@id":"https:\/\/deputadotaveirajr.com.br\/#organization"},"potentialAction":[{"@type":"SearchAction","target":{"@type":"EntryPoint","urlTemplate":"https:\/\/deputadotaveirajr.com.br\/?s={search_term_string}"},"query-input":{"@type":"PropertyValueSpecification","valueRequired":true,"valueName":"search_term_string"}}],"inLanguage":"pt-BR"},{"@type":"Organization","@id":"https:\/\/deputadotaveirajr.com.br\/#organization","name":"Taveira Jr","url":"https:\/\/deputadotaveirajr.com.br\/","logo":{"@type":"ImageObject","inLanguage":"pt-BR","@id":"https:\/\/deputadotaveirajr.com.br\/#\/schema\/logo\/image\/","url":"https:\/\/deputadotaveirajr.com.br\/wp-content\/uploads\/2026\/01\/logolow2a.png","contentUrl":"https:\/\/deputadotaveirajr.com.br\/wp-content\/uploads\/2026\/01\/logolow2a.png","width":290,"height":80,"caption":"Taveira Jr"},"image":{"@id":"https:\/\/deputadotaveirajr.com.br\/#\/schema\/logo\/image\/"}}]}},"_links":{"self":[{"href":"https:\/\/deputadotaveirajr.com.br\/index.php\/wp-json\/wp\/v2\/pages\/7221","targetHints":{"allow":["GET"]}}],"collection":[{"href":"https:\/\/deputadotaveirajr.com.br\/index.php\/wp-json\/wp\/v2\/pages"}],"about":[{"href":"https:\/\/deputadotaveirajr.com.br\/index.php\/wp-json\/wp\/v2\/types\/page"}],"replies":[{"embeddable":true,"href":"https:\/\/deputadotaveirajr.com.br\/index.php\/wp-json\/wp\/v2\/comments?post=7221"}],"version-history":[{"count":1,"href":"https:\/\/deputadotaveirajr.com.br\/index.php\/wp-json\/wp\/v2\/pages\/7221\/revisions"}],"predecessor-version":[{"id":7226,"href":"https:\/\/deputadotaveirajr.com.br\/index.php\/wp-json\/wp\/v2\/pages\/7221\/revisions\/7226"}],"wp:featuredmedia":[{"embeddable":true,"href":"https:\/\/deputadotaveirajr.com.br\/index.php\/wp-json\/wp\/v2\/media\/7222"}],"wp:attachment":[{"href":"https:\/\/deputadotaveirajr.com.br\/index.php\/wp-json\/wp\/v2\/media?parent=7221"}],"curies":[{"name":"wp","href":"https:\/\/api.w.org\/{rel}","templated":true}]}}