{"id":7236,"date":"2024-06-22T12:59:38","date_gmt":"2024-06-22T15:59:38","guid":{"rendered":"https:\/\/deputadotaveirajr.com.br\/?page_id=7236"},"modified":"2024-06-22T12:59:38","modified_gmt":"2024-06-22T15:59:38","slug":"palco-giratorio-leva-espetaculo-gratuito-ao-teatro-riachuelo-veja-como-retirar-ingressos-2","status":"publish","type":"page","link":"https:\/\/deputadotaveirajr.com.br\/index.php\/palco-giratorio-leva-espetaculo-gratuito-ao-teatro-riachuelo-veja-como-retirar-ingressos-2\/","title":{"rendered":"Palco Girat\u00f3rio leva espet\u00e1culo gratuito ao Teatro Riachuelo; veja como retirar ingressos"},"content":{"rendered":"<p>     &#8216;Heran\u00e7a&#8217;, da Cia Burlantins, de Minas Gerais, tem duas sess\u00f5es gratuitas em Natal, na quarta (26) e quinta-feira (27). Palco Girat\u00f3rio do Sesc leva espet\u00e1culo &#8216;Heran\u00e7a&#8217; ao Teatro Riachuelo<br \/>\nPablo Bernardo<br \/>\nNatal recebe nesta quarta (26) e quinta-feira (27) o espet\u00e1culo &#8220;Heran\u00e7a&#8221;, da Cia Burlantins (MG). As apresenta\u00e7\u00f5es gratuitas ser\u00e3o no Teatro Riachuelo, \u00e0s 20h, e fazem parte da programa\u00e7\u00e3o do Palco Girat\u00f3rio, projeto do Servi\u00e7o Social do Com\u00e9rcio (Sesc).<br \/>\n\ud83d\udcf3Participe do canal do g1 RN no WhatsApp<br \/>\nOs ingressos s\u00e3o retirados pela internet (veja abaixo os links) e \u00e9 preciso entregar um quilo de alimento n\u00e3o perec\u00edvel na entrada do teatro.<br \/>\nRetirada do ingresso para quarta-feira (26)<br \/>\nRetirada do ingresso para quinta-feira (27)<br \/>\n&#8220;Heran\u00e7a&#8221; \u00e9 o novo espet\u00e1culo c\u00eanico-musical da Cia Burlantins, que comemora 50 anos de carreira do \u00edcone da cultura afro-mineira, Maur\u00edcio Tizumba. A pe\u00e7a resgata a heran\u00e7a cultural afro-brasileira como b\u00fassola para a di\u00e1spora negra. Em cena, Maur\u00edcio Tizumba, J\u00falia Tizumba e S\u00e9rgio Perer\u00ea escavam hist\u00f3rias \u00edntimas enquanto miram a \u00c1frica como se olhassem em um espelho.<br \/>\nA programa\u00e7\u00e3o do Palco Girat\u00f3rio no Rio Grande do Norte teve largada no in\u00edcio do m\u00eas de junho com o espet\u00e1culo &#8220;Zaratustra&#8221;, do Rio de Janeiro, no Teatro Alberto Maranh\u00e3o.<br \/>\nDepois de &#8220;Heran\u00e7a&#8221;, o RN ainda vai receber espet\u00e1culos de grupos de Santa Catarina, Para\u00edba, S\u00e3o Paulo e Pernambuco, com programa\u00e7\u00e3o at\u00e9 novembro (veja aqui).<br \/>\nV\u00eddeos mais assistidos do g1 RN<\/p>","protected":false},"excerpt":{"rendered":"<p>&#8216;Heran\u00e7a&#8217;, da Cia Burlantins, de Minas Gerais, tem duas sess\u00f5es gratuitas em Natal, na quarta (26) e quinta-feira (27). Palco Girat\u00f3rio do Sesc leva espet\u00e1culo &#8216;Heran\u00e7a&#8217; ao Teatro Riachuelo Pablo &#8230;<\/p>\n","protected":false},"author":0,"featured_media":7234,"parent":0,"menu_order":0,"comment_status":"closed","ping_status":"closed","template":"","meta":{"footnotes":""},"class_list":["post-7236","page","type-page","status-publish","has-post-thumbnail","hentry"],"yoast_head":"<!-- This site is optimized with the Yoast SEO plugin v27.1.1 - https:\/\/yoast.com\/product\/yoast-seo-wordpress\/ -->\n<title>Palco Girat\u00f3rio leva espet\u00e1culo gratuito ao Teatro Riachuelo; veja como retirar ingressos - Taveira Jr<\/title>\n<meta name=\"robots\" content=\"index, follow, max-snippet:-1, max-image-preview:large, max-video-preview:-1\" \/>\n<link rel=\"canonical\" href=\"https:\/\/deputadotaveirajr.com.br\/index.php\/palco-giratorio-leva-espetaculo-gratuito-ao-teatro-riachuelo-veja-como-retirar-ingressos-2\/\" \/>\n<meta property=\"og:locale\" content=\"pt_BR\" \/>\n<meta property=\"og:type\" content=\"article\" \/>\n<meta property=\"og:title\" content=\"Palco Girat\u00f3rio leva espet\u00e1culo gratuito ao Teatro Riachuelo; veja como retirar ingressos - Taveira Jr\" \/>\n<meta property=\"og:description\" content=\"&#8216;Heran\u00e7a&#8217;, da Cia Burlantins, de Minas Gerais, tem duas sess\u00f5es gratuitas em Natal, na quarta (26) e quinta-feira (27). Palco Girat\u00f3rio do Sesc leva espet\u00e1culo &#8216;Heran\u00e7a&#8217; ao Teatro Riachuelo Pablo ...\" \/>\n<meta property=\"og:url\" content=\"https:\/\/deputadotaveirajr.com.br\/index.php\/palco-giratorio-leva-espetaculo-gratuito-ao-teatro-riachuelo-veja-como-retirar-ingressos-2\/\" \/>\n<meta property=\"og:site_name\" content=\"Taveira Jr\" \/>\n<meta property=\"og:image\" content=\"https:\/\/deputadotaveirajr.com.br\/wp-content\/uploads\/2024\/06\/heranca-espetaculo-24-03-23-c-pablo-bernardo-208-I5VN4R-scaled.jpeg\" \/>\n\t<meta property=\"og:image:width\" content=\"2560\" \/>\n\t<meta property=\"og:image:height\" content=\"1707\" \/>\n\t<meta property=\"og:image:type\" content=\"image\/jpeg\" \/>\n<meta name=\"twitter:card\" content=\"summary_large_image\" \/>\n<meta name=\"twitter:label1\" content=\"Est. tempo de leitura\" \/>\n\t<meta name=\"twitter:data1\" content=\"1 minuto\" \/>\n<script type=\"application\/ld+json\" class=\"yoast-schema-graph\">{\"@context\":\"https:\/\/schema.org\",\"@graph\":[{\"@type\":\"WebPage\",\"@id\":\"https:\/\/deputadotaveirajr.com.br\/index.php\/palco-giratorio-leva-espetaculo-gratuito-ao-teatro-riachuelo-veja-como-retirar-ingressos-2\/\",\"url\":\"https:\/\/deputadotaveirajr.com.br\/index.php\/palco-giratorio-leva-espetaculo-gratuito-ao-teatro-riachuelo-veja-como-retirar-ingressos-2\/\",\"name\":\"Palco Girat\u00f3rio leva espet\u00e1culo gratuito ao Teatro Riachuelo; veja como retirar ingressos - Taveira Jr\",\"isPartOf\":{\"@id\":\"https:\/\/deputadotaveirajr.com.br\/#website\"},\"primaryImageOfPage\":{\"@id\":\"https:\/\/deputadotaveirajr.com.br\/index.php\/palco-giratorio-leva-espetaculo-gratuito-ao-teatro-riachuelo-veja-como-retirar-ingressos-2\/#primaryimage\"},\"image\":{\"@id\":\"https:\/\/deputadotaveirajr.com.br\/index.php\/palco-giratorio-leva-espetaculo-gratuito-ao-teatro-riachuelo-veja-como-retirar-ingressos-2\/#primaryimage\"},\"thumbnailUrl\":\"https:\/\/deputadotaveirajr.com.br\/wp-content\/uploads\/2024\/06\/heranca-espetaculo-24-03-23-c-pablo-bernardo-208-I5VN4R-scaled.jpeg\",\"datePublished\":\"2024-06-22T15:59:38+00:00\",\"breadcrumb\":{\"@id\":\"https:\/\/deputadotaveirajr.com.br\/index.php\/palco-giratorio-leva-espetaculo-gratuito-ao-teatro-riachuelo-veja-como-retirar-ingressos-2\/#breadcrumb\"},\"inLanguage\":\"pt-BR\",\"potentialAction\":[{\"@type\":\"ReadAction\",\"target\":[\"https:\/\/deputadotaveirajr.com.br\/index.php\/palco-giratorio-leva-espetaculo-gratuito-ao-teatro-riachuelo-veja-como-retirar-ingressos-2\/\"]}]},{\"@type\":\"ImageObject\",\"inLanguage\":\"pt-BR\",\"@id\":\"https:\/\/deputadotaveirajr.com.br\/index.php\/palco-giratorio-leva-espetaculo-gratuito-ao-teatro-riachuelo-veja-como-retirar-ingressos-2\/#primaryimage\",\"url\":\"https:\/\/deputadotaveirajr.com.br\/wp-content\/uploads\/2024\/06\/heranca-espetaculo-24-03-23-c-pablo-bernardo-208-I5VN4R-scaled.jpeg\",\"contentUrl\":\"https:\/\/deputadotaveirajr.com.br\/wp-content\/uploads\/2024\/06\/heranca-espetaculo-24-03-23-c-pablo-bernardo-208-I5VN4R-scaled.jpeg\",\"width\":2560,\"height\":1707},{\"@type\":\"BreadcrumbList\",\"@id\":\"https:\/\/deputadotaveirajr.com.br\/index.php\/palco-giratorio-leva-espetaculo-gratuito-ao-teatro-riachuelo-veja-como-retirar-ingressos-2\/#breadcrumb\",\"itemListElement\":[{\"@type\":\"ListItem\",\"position\":1,\"name\":\"In\u00edcio\",\"item\":\"https:\/\/deputadotaveirajr.com.br\/\"},{\"@type\":\"ListItem\",\"position\":2,\"name\":\"Palco Girat\u00f3rio leva espet\u00e1culo gratuito ao Teatro Riachuelo; veja como retirar ingressos\"}]},{\"@type\":\"WebSite\",\"@id\":\"https:\/\/deputadotaveirajr.com.br\/#website\",\"url\":\"https:\/\/deputadotaveirajr.com.br\/\",\"name\":\"Taveira Jr\",\"description\":\"Deputado Estadual\",\"publisher\":{\"@id\":\"https:\/\/deputadotaveirajr.com.br\/#organization\"},\"potentialAction\":[{\"@type\":\"SearchAction\",\"target\":{\"@type\":\"EntryPoint\",\"urlTemplate\":\"https:\/\/deputadotaveirajr.com.br\/?s={search_term_string}\"},\"query-input\":{\"@type\":\"PropertyValueSpecification\",\"valueRequired\":true,\"valueName\":\"search_term_string\"}}],\"inLanguage\":\"pt-BR\"},{\"@type\":\"Organization\",\"@id\":\"https:\/\/deputadotaveirajr.com.br\/#organization\",\"name\":\"Taveira Jr\",\"url\":\"https:\/\/deputadotaveirajr.com.br\/\",\"logo\":{\"@type\":\"ImageObject\",\"inLanguage\":\"pt-BR\",\"@id\":\"https:\/\/deputadotaveirajr.com.br\/#\/schema\/logo\/image\/\",\"url\":\"https:\/\/deputadotaveirajr.com.br\/wp-content\/uploads\/2026\/01\/logolow2a.png\",\"contentUrl\":\"https:\/\/deputadotaveirajr.com.br\/wp-content\/uploads\/2026\/01\/logolow2a.png\",\"width\":290,\"height\":80,\"caption\":\"Taveira Jr\"},\"image\":{\"@id\":\"https:\/\/deputadotaveirajr.com.br\/#\/schema\/logo\/image\/\"}}]}<\/script>\n<!-- \/ Yoast SEO plugin. -->","yoast_head_json":{"title":"Palco Girat\u00f3rio leva espet\u00e1culo gratuito ao Teatro Riachuelo; veja como retirar ingressos - Taveira Jr","robots":{"index":"index","follow":"follow","max-snippet":"max-snippet:-1","max-image-preview":"max-image-preview:large","max-video-preview":"max-video-preview:-1"},"canonical":"https:\/\/deputadotaveirajr.com.br\/index.php\/palco-giratorio-leva-espetaculo-gratuito-ao-teatro-riachuelo-veja-como-retirar-ingressos-2\/","og_locale":"pt_BR","og_type":"article","og_title":"Palco Girat\u00f3rio leva espet\u00e1culo gratuito ao Teatro Riachuelo; veja como retirar ingressos - Taveira Jr","og_description":"&#8216;Heran\u00e7a&#8217;, da Cia Burlantins, de Minas Gerais, tem duas sess\u00f5es gratuitas em Natal, na quarta (26) e quinta-feira (27). Palco Girat\u00f3rio do Sesc leva espet\u00e1culo &#8216;Heran\u00e7a&#8217; ao Teatro Riachuelo Pablo ...","og_url":"https:\/\/deputadotaveirajr.com.br\/index.php\/palco-giratorio-leva-espetaculo-gratuito-ao-teatro-riachuelo-veja-como-retirar-ingressos-2\/","og_site_name":"Taveira Jr","og_image":[{"width":2560,"height":1707,"url":"https:\/\/deputadotaveirajr.com.br\/wp-content\/uploads\/2024\/06\/heranca-espetaculo-24-03-23-c-pablo-bernardo-208-I5VN4R-scaled.jpeg","type":"image\/jpeg"}],"twitter_card":"summary_large_image","twitter_misc":{"Est. tempo de leitura":"1 minuto"},"schema":{"@context":"https:\/\/schema.org","@graph":[{"@type":"WebPage","@id":"https:\/\/deputadotaveirajr.com.br\/index.php\/palco-giratorio-leva-espetaculo-gratuito-ao-teatro-riachuelo-veja-como-retirar-ingressos-2\/","url":"https:\/\/deputadotaveirajr.com.br\/index.php\/palco-giratorio-leva-espetaculo-gratuito-ao-teatro-riachuelo-veja-como-retirar-ingressos-2\/","name":"Palco Girat\u00f3rio leva espet\u00e1culo gratuito ao Teatro Riachuelo; veja como retirar ingressos - Taveira Jr","isPartOf":{"@id":"https:\/\/deputadotaveirajr.com.br\/#website"},"primaryImageOfPage":{"@id":"https:\/\/deputadotaveirajr.com.br\/index.php\/palco-giratorio-leva-espetaculo-gratuito-ao-teatro-riachuelo-veja-como-retirar-ingressos-2\/#primaryimage"},"image":{"@id":"https:\/\/deputadotaveirajr.com.br\/index.php\/palco-giratorio-leva-espetaculo-gratuito-ao-teatro-riachuelo-veja-como-retirar-ingressos-2\/#primaryimage"},"thumbnailUrl":"https:\/\/deputadotaveirajr.com.br\/wp-content\/uploads\/2024\/06\/heranca-espetaculo-24-03-23-c-pablo-bernardo-208-I5VN4R-scaled.jpeg","datePublished":"2024-06-22T15:59:38+00:00","breadcrumb":{"@id":"https:\/\/deputadotaveirajr.com.br\/index.php\/palco-giratorio-leva-espetaculo-gratuito-ao-teatro-riachuelo-veja-como-retirar-ingressos-2\/#breadcrumb"},"inLanguage":"pt-BR","potentialAction":[{"@type":"ReadAction","target":["https:\/\/deputadotaveirajr.com.br\/index.php\/palco-giratorio-leva-espetaculo-gratuito-ao-teatro-riachuelo-veja-como-retirar-ingressos-2\/"]}]},{"@type":"ImageObject","inLanguage":"pt-BR","@id":"https:\/\/deputadotaveirajr.com.br\/index.php\/palco-giratorio-leva-espetaculo-gratuito-ao-teatro-riachuelo-veja-como-retirar-ingressos-2\/#primaryimage","url":"https:\/\/deputadotaveirajr.com.br\/wp-content\/uploads\/2024\/06\/heranca-espetaculo-24-03-23-c-pablo-bernardo-208-I5VN4R-scaled.jpeg","contentUrl":"https:\/\/deputadotaveirajr.com.br\/wp-content\/uploads\/2024\/06\/heranca-espetaculo-24-03-23-c-pablo-bernardo-208-I5VN4R-scaled.jpeg","width":2560,"height":1707},{"@type":"BreadcrumbList","@id":"https:\/\/deputadotaveirajr.com.br\/index.php\/palco-giratorio-leva-espetaculo-gratuito-ao-teatro-riachuelo-veja-como-retirar-ingressos-2\/#breadcrumb","itemListElement":[{"@type":"ListItem","position":1,"name":"In\u00edcio","item":"https:\/\/deputadotaveirajr.com.br\/"},{"@type":"ListItem","position":2,"name":"Palco Girat\u00f3rio leva espet\u00e1culo gratuito ao Teatro Riachuelo; veja como retirar ingressos"}]},{"@type":"WebSite","@id":"https:\/\/deputadotaveirajr.com.br\/#website","url":"https:\/\/deputadotaveirajr.com.br\/","name":"Taveira Jr","description":"Deputado Estadual","publisher":{"@id":"https:\/\/deputadotaveirajr.com.br\/#organization"},"potentialAction":[{"@type":"SearchAction","target":{"@type":"EntryPoint","urlTemplate":"https:\/\/deputadotaveirajr.com.br\/?s={search_term_string}"},"query-input":{"@type":"PropertyValueSpecification","valueRequired":true,"valueName":"search_term_string"}}],"inLanguage":"pt-BR"},{"@type":"Organization","@id":"https:\/\/deputadotaveirajr.com.br\/#organization","name":"Taveira Jr","url":"https:\/\/deputadotaveirajr.com.br\/","logo":{"@type":"ImageObject","inLanguage":"pt-BR","@id":"https:\/\/deputadotaveirajr.com.br\/#\/schema\/logo\/image\/","url":"https:\/\/deputadotaveirajr.com.br\/wp-content\/uploads\/2026\/01\/logolow2a.png","contentUrl":"https:\/\/deputadotaveirajr.com.br\/wp-content\/uploads\/2026\/01\/logolow2a.png","width":290,"height":80,"caption":"Taveira Jr"},"image":{"@id":"https:\/\/deputadotaveirajr.com.br\/#\/schema\/logo\/image\/"}}]}},"_links":{"self":[{"href":"https:\/\/deputadotaveirajr.com.br\/index.php\/wp-json\/wp\/v2\/pages\/7236","targetHints":{"allow":["GET"]}}],"collection":[{"href":"https:\/\/deputadotaveirajr.com.br\/index.php\/wp-json\/wp\/v2\/pages"}],"about":[{"href":"https:\/\/deputadotaveirajr.com.br\/index.php\/wp-json\/wp\/v2\/types\/page"}],"replies":[{"embeddable":true,"href":"https:\/\/deputadotaveirajr.com.br\/index.php\/wp-json\/wp\/v2\/comments?post=7236"}],"version-history":[{"count":1,"href":"https:\/\/deputadotaveirajr.com.br\/index.php\/wp-json\/wp\/v2\/pages\/7236\/revisions"}],"predecessor-version":[{"id":7238,"href":"https:\/\/deputadotaveirajr.com.br\/index.php\/wp-json\/wp\/v2\/pages\/7236\/revisions\/7238"}],"wp:featuredmedia":[{"embeddable":true,"href":"https:\/\/deputadotaveirajr.com.br\/index.php\/wp-json\/wp\/v2\/media\/7234"}],"wp:attachment":[{"href":"https:\/\/deputadotaveirajr.com.br\/index.php\/wp-json\/wp\/v2\/media?parent=7236"}],"curies":[{"name":"wp","href":"https:\/\/api.w.org\/{rel}","templated":true}]}}