{"id":7241,"date":"2024-06-22T15:11:11","date_gmt":"2024-06-22T18:11:11","guid":{"rendered":"https:\/\/deputadotaveirajr.com.br\/?page_id=7241"},"modified":"2024-06-22T15:11:11","modified_gmt":"2024-06-22T18:11:11","slug":"fa-potiguar-entrega-carta-com-mais-de-500-metros-e-quase-5-kg-para-bruno-e-marrone","status":"publish","type":"page","link":"https:\/\/deputadotaveirajr.com.br\/index.php\/fa-potiguar-entrega-carta-com-mais-de-500-metros-e-quase-5-kg-para-bruno-e-marrone\/","title":{"rendered":"F\u00e3 potiguar entrega carta com mais de 500 metros e quase 5 kg para Bruno e Marrone"},"content":{"rendered":"<p>     Assistente social Jocasta Oleg\u00e1rio se emociona em encontro com o cantor Bruno, em Mossor\u00f3. Assistente social Jocasta Oleg\u00e1rio se emociona em encontro com o cantor Bruno, em Mossor\u00f3.<br \/>\nIara N\u00f3brega\/Inter TV Costa Branca<br \/>\nA assistente social Jocasta Oleg\u00e1rio viveu uma noite m\u00e1gica ao entregar uma carta com mais de 500 metros de comprimento e quase 5 kg ao cantor Bruno, que faz dupla com Marrone. O encontro aconteceu nesta sexta-feira (21), em Mossor\u00f3, antes de show no &#8220;Mossor\u00f3 Cidade Junina&#8221;.<br \/>\nMarrone passou por uma cirurgia de urg\u00eancia nesta semana e Bruno se apresentou sozinho. Na abertura do show foi exibido um v\u00eddeo em que Marrone falou ao p\u00fablico, lamentando sua aus\u00eancia.<br \/>\n\ud83d\udcf3Participe do canal do g1 RN no WhatsApp<br \/>\nF\u00e3 potiguar entrega carta de 500 metros e 5 kg para Bruno e Marrone<br \/>\nInter TV Costa Branca<br \/>\nA carta da f\u00e3 potiguar come\u00e7ou a ser escrita em 2010, ap\u00f3s ela encontrar os cantores pela primeira vez, tamb\u00e9m em Mossor\u00f3.<br \/>\nBruno brinca com display de Marrone, que n\u00e3o p\u00f4de estar no show de Mossor\u00f3<br \/>\nReprodu\u00e7\u00e3o\/Inter TV Costa Branca<br \/>\nBruno se apresenta no Mossor\u00f3 Cidade Junina sem Marrone, que se recupera de uma cirurgia<br \/>\nLucas Bulc\u00e3o\/Secom\/PMM<br \/>\nA f\u00e3 colocou na carta mensagens de carinho e amor pela dupla, al\u00e9m de fotos e letras de m\u00fasicas que gosta. Ela disse que escrevia um pouco todos os dias, sem exce\u00e7\u00f5es.<br \/>\nF\u00e3 potiguar escreve carta com mais de 500 metros para Bruno e Marrone<br \/>\nJocasta com Bruno e Marrone em 2010<br \/>\nArquivo pessoal<br \/>\nV\u00eddeos mais assistidos do g1 RN<br \/>\no<\/p>","protected":false},"excerpt":{"rendered":"<p>Assistente social Jocasta Oleg\u00e1rio se emociona em encontro com o cantor Bruno, em Mossor\u00f3. Assistente social Jocasta Oleg\u00e1rio se emociona em encontro com o cantor Bruno, em Mossor\u00f3. Iara N\u00f3brega\/Inter &#8230;<\/p>\n","protected":false},"author":0,"featured_media":7242,"parent":0,"menu_order":0,"comment_status":"closed","ping_status":"closed","template":"","meta":{"footnotes":""},"class_list":["post-7241","page","type-page","status-publish","has-post-thumbnail","hentry"],"yoast_head":"<!-- This site is optimized with the Yoast SEO plugin v27.1.1 - https:\/\/yoast.com\/product\/yoast-seo-wordpress\/ -->\n<title>F\u00e3 potiguar entrega carta com mais de 500 metros e quase 5 kg para Bruno e Marrone - Taveira Jr<\/title>\n<meta name=\"robots\" content=\"index, follow, max-snippet:-1, max-image-preview:large, max-video-preview:-1\" \/>\n<link rel=\"canonical\" href=\"https:\/\/deputadotaveirajr.com.br\/index.php\/fa-potiguar-entrega-carta-com-mais-de-500-metros-e-quase-5-kg-para-bruno-e-marrone\/\" \/>\n<meta property=\"og:locale\" content=\"pt_BR\" \/>\n<meta property=\"og:type\" content=\"article\" \/>\n<meta property=\"og:title\" content=\"F\u00e3 potiguar entrega carta com mais de 500 metros e quase 5 kg para Bruno e Marrone - Taveira Jr\" \/>\n<meta property=\"og:description\" content=\"Assistente social Jocasta Oleg\u00e1rio se emociona em encontro com o cantor Bruno, em Mossor\u00f3. Assistente social Jocasta Oleg\u00e1rio se emociona em encontro com o cantor Bruno, em Mossor\u00f3. Iara N\u00f3brega\/Inter ...\" \/>\n<meta property=\"og:url\" content=\"https:\/\/deputadotaveirajr.com.br\/index.php\/fa-potiguar-entrega-carta-com-mais-de-500-metros-e-quase-5-kg-para-bruno-e-marrone\/\" \/>\n<meta property=\"og:site_name\" content=\"Taveira Jr\" \/>\n<meta property=\"og:image\" content=\"https:\/\/deputadotaveirajr.com.br\/wp-content\/uploads\/2024\/06\/bruno-e-marrone-1YqkGR.jpeg\" \/>\n\t<meta property=\"og:image:width\" content=\"1600\" \/>\n\t<meta property=\"og:image:height\" content=\"1200\" \/>\n\t<meta property=\"og:image:type\" content=\"image\/jpeg\" \/>\n<meta name=\"twitter:card\" content=\"summary_large_image\" \/>\n<meta name=\"twitter:label1\" content=\"Est. tempo de leitura\" \/>\n\t<meta name=\"twitter:data1\" content=\"1 minuto\" \/>\n<script type=\"application\/ld+json\" class=\"yoast-schema-graph\">{\"@context\":\"https:\/\/schema.org\",\"@graph\":[{\"@type\":\"WebPage\",\"@id\":\"https:\/\/deputadotaveirajr.com.br\/index.php\/fa-potiguar-entrega-carta-com-mais-de-500-metros-e-quase-5-kg-para-bruno-e-marrone\/\",\"url\":\"https:\/\/deputadotaveirajr.com.br\/index.php\/fa-potiguar-entrega-carta-com-mais-de-500-metros-e-quase-5-kg-para-bruno-e-marrone\/\",\"name\":\"F\u00e3 potiguar entrega carta com mais de 500 metros e quase 5 kg para Bruno e Marrone - Taveira Jr\",\"isPartOf\":{\"@id\":\"https:\/\/deputadotaveirajr.com.br\/#website\"},\"primaryImageOfPage\":{\"@id\":\"https:\/\/deputadotaveirajr.com.br\/index.php\/fa-potiguar-entrega-carta-com-mais-de-500-metros-e-quase-5-kg-para-bruno-e-marrone\/#primaryimage\"},\"image\":{\"@id\":\"https:\/\/deputadotaveirajr.com.br\/index.php\/fa-potiguar-entrega-carta-com-mais-de-500-metros-e-quase-5-kg-para-bruno-e-marrone\/#primaryimage\"},\"thumbnailUrl\":\"https:\/\/deputadotaveirajr.com.br\/wp-content\/uploads\/2024\/06\/bruno-e-marrone-1YqkGR.jpeg\",\"datePublished\":\"2024-06-22T18:11:11+00:00\",\"breadcrumb\":{\"@id\":\"https:\/\/deputadotaveirajr.com.br\/index.php\/fa-potiguar-entrega-carta-com-mais-de-500-metros-e-quase-5-kg-para-bruno-e-marrone\/#breadcrumb\"},\"inLanguage\":\"pt-BR\",\"potentialAction\":[{\"@type\":\"ReadAction\",\"target\":[\"https:\/\/deputadotaveirajr.com.br\/index.php\/fa-potiguar-entrega-carta-com-mais-de-500-metros-e-quase-5-kg-para-bruno-e-marrone\/\"]}]},{\"@type\":\"ImageObject\",\"inLanguage\":\"pt-BR\",\"@id\":\"https:\/\/deputadotaveirajr.com.br\/index.php\/fa-potiguar-entrega-carta-com-mais-de-500-metros-e-quase-5-kg-para-bruno-e-marrone\/#primaryimage\",\"url\":\"https:\/\/deputadotaveirajr.com.br\/wp-content\/uploads\/2024\/06\/bruno-e-marrone-1YqkGR.jpeg\",\"contentUrl\":\"https:\/\/deputadotaveirajr.com.br\/wp-content\/uploads\/2024\/06\/bruno-e-marrone-1YqkGR.jpeg\",\"width\":1600,\"height\":1200},{\"@type\":\"BreadcrumbList\",\"@id\":\"https:\/\/deputadotaveirajr.com.br\/index.php\/fa-potiguar-entrega-carta-com-mais-de-500-metros-e-quase-5-kg-para-bruno-e-marrone\/#breadcrumb\",\"itemListElement\":[{\"@type\":\"ListItem\",\"position\":1,\"name\":\"In\u00edcio\",\"item\":\"https:\/\/deputadotaveirajr.com.br\/\"},{\"@type\":\"ListItem\",\"position\":2,\"name\":\"F\u00e3 potiguar entrega carta com mais de 500 metros e quase 5 kg para Bruno e Marrone\"}]},{\"@type\":\"WebSite\",\"@id\":\"https:\/\/deputadotaveirajr.com.br\/#website\",\"url\":\"https:\/\/deputadotaveirajr.com.br\/\",\"name\":\"Taveira Jr\",\"description\":\"Deputado Estadual\",\"publisher\":{\"@id\":\"https:\/\/deputadotaveirajr.com.br\/#organization\"},\"potentialAction\":[{\"@type\":\"SearchAction\",\"target\":{\"@type\":\"EntryPoint\",\"urlTemplate\":\"https:\/\/deputadotaveirajr.com.br\/?s={search_term_string}\"},\"query-input\":{\"@type\":\"PropertyValueSpecification\",\"valueRequired\":true,\"valueName\":\"search_term_string\"}}],\"inLanguage\":\"pt-BR\"},{\"@type\":\"Organization\",\"@id\":\"https:\/\/deputadotaveirajr.com.br\/#organization\",\"name\":\"Taveira Jr\",\"url\":\"https:\/\/deputadotaveirajr.com.br\/\",\"logo\":{\"@type\":\"ImageObject\",\"inLanguage\":\"pt-BR\",\"@id\":\"https:\/\/deputadotaveirajr.com.br\/#\/schema\/logo\/image\/\",\"url\":\"https:\/\/deputadotaveirajr.com.br\/wp-content\/uploads\/2026\/01\/logolow2a.png\",\"contentUrl\":\"https:\/\/deputadotaveirajr.com.br\/wp-content\/uploads\/2026\/01\/logolow2a.png\",\"width\":290,\"height\":80,\"caption\":\"Taveira Jr\"},\"image\":{\"@id\":\"https:\/\/deputadotaveirajr.com.br\/#\/schema\/logo\/image\/\"}}]}<\/script>\n<!-- \/ Yoast SEO plugin. -->","yoast_head_json":{"title":"F\u00e3 potiguar entrega carta com mais de 500 metros e quase 5 kg para Bruno e Marrone - Taveira Jr","robots":{"index":"index","follow":"follow","max-snippet":"max-snippet:-1","max-image-preview":"max-image-preview:large","max-video-preview":"max-video-preview:-1"},"canonical":"https:\/\/deputadotaveirajr.com.br\/index.php\/fa-potiguar-entrega-carta-com-mais-de-500-metros-e-quase-5-kg-para-bruno-e-marrone\/","og_locale":"pt_BR","og_type":"article","og_title":"F\u00e3 potiguar entrega carta com mais de 500 metros e quase 5 kg para Bruno e Marrone - Taveira Jr","og_description":"Assistente social Jocasta Oleg\u00e1rio se emociona em encontro com o cantor Bruno, em Mossor\u00f3. Assistente social Jocasta Oleg\u00e1rio se emociona em encontro com o cantor Bruno, em Mossor\u00f3. Iara N\u00f3brega\/Inter ...","og_url":"https:\/\/deputadotaveirajr.com.br\/index.php\/fa-potiguar-entrega-carta-com-mais-de-500-metros-e-quase-5-kg-para-bruno-e-marrone\/","og_site_name":"Taveira Jr","og_image":[{"width":1600,"height":1200,"url":"https:\/\/deputadotaveirajr.com.br\/wp-content\/uploads\/2024\/06\/bruno-e-marrone-1YqkGR.jpeg","type":"image\/jpeg"}],"twitter_card":"summary_large_image","twitter_misc":{"Est. tempo de leitura":"1 minuto"},"schema":{"@context":"https:\/\/schema.org","@graph":[{"@type":"WebPage","@id":"https:\/\/deputadotaveirajr.com.br\/index.php\/fa-potiguar-entrega-carta-com-mais-de-500-metros-e-quase-5-kg-para-bruno-e-marrone\/","url":"https:\/\/deputadotaveirajr.com.br\/index.php\/fa-potiguar-entrega-carta-com-mais-de-500-metros-e-quase-5-kg-para-bruno-e-marrone\/","name":"F\u00e3 potiguar entrega carta com mais de 500 metros e quase 5 kg para Bruno e Marrone - Taveira Jr","isPartOf":{"@id":"https:\/\/deputadotaveirajr.com.br\/#website"},"primaryImageOfPage":{"@id":"https:\/\/deputadotaveirajr.com.br\/index.php\/fa-potiguar-entrega-carta-com-mais-de-500-metros-e-quase-5-kg-para-bruno-e-marrone\/#primaryimage"},"image":{"@id":"https:\/\/deputadotaveirajr.com.br\/index.php\/fa-potiguar-entrega-carta-com-mais-de-500-metros-e-quase-5-kg-para-bruno-e-marrone\/#primaryimage"},"thumbnailUrl":"https:\/\/deputadotaveirajr.com.br\/wp-content\/uploads\/2024\/06\/bruno-e-marrone-1YqkGR.jpeg","datePublished":"2024-06-22T18:11:11+00:00","breadcrumb":{"@id":"https:\/\/deputadotaveirajr.com.br\/index.php\/fa-potiguar-entrega-carta-com-mais-de-500-metros-e-quase-5-kg-para-bruno-e-marrone\/#breadcrumb"},"inLanguage":"pt-BR","potentialAction":[{"@type":"ReadAction","target":["https:\/\/deputadotaveirajr.com.br\/index.php\/fa-potiguar-entrega-carta-com-mais-de-500-metros-e-quase-5-kg-para-bruno-e-marrone\/"]}]},{"@type":"ImageObject","inLanguage":"pt-BR","@id":"https:\/\/deputadotaveirajr.com.br\/index.php\/fa-potiguar-entrega-carta-com-mais-de-500-metros-e-quase-5-kg-para-bruno-e-marrone\/#primaryimage","url":"https:\/\/deputadotaveirajr.com.br\/wp-content\/uploads\/2024\/06\/bruno-e-marrone-1YqkGR.jpeg","contentUrl":"https:\/\/deputadotaveirajr.com.br\/wp-content\/uploads\/2024\/06\/bruno-e-marrone-1YqkGR.jpeg","width":1600,"height":1200},{"@type":"BreadcrumbList","@id":"https:\/\/deputadotaveirajr.com.br\/index.php\/fa-potiguar-entrega-carta-com-mais-de-500-metros-e-quase-5-kg-para-bruno-e-marrone\/#breadcrumb","itemListElement":[{"@type":"ListItem","position":1,"name":"In\u00edcio","item":"https:\/\/deputadotaveirajr.com.br\/"},{"@type":"ListItem","position":2,"name":"F\u00e3 potiguar entrega carta com mais de 500 metros e quase 5 kg para Bruno e Marrone"}]},{"@type":"WebSite","@id":"https:\/\/deputadotaveirajr.com.br\/#website","url":"https:\/\/deputadotaveirajr.com.br\/","name":"Taveira Jr","description":"Deputado Estadual","publisher":{"@id":"https:\/\/deputadotaveirajr.com.br\/#organization"},"potentialAction":[{"@type":"SearchAction","target":{"@type":"EntryPoint","urlTemplate":"https:\/\/deputadotaveirajr.com.br\/?s={search_term_string}"},"query-input":{"@type":"PropertyValueSpecification","valueRequired":true,"valueName":"search_term_string"}}],"inLanguage":"pt-BR"},{"@type":"Organization","@id":"https:\/\/deputadotaveirajr.com.br\/#organization","name":"Taveira Jr","url":"https:\/\/deputadotaveirajr.com.br\/","logo":{"@type":"ImageObject","inLanguage":"pt-BR","@id":"https:\/\/deputadotaveirajr.com.br\/#\/schema\/logo\/image\/","url":"https:\/\/deputadotaveirajr.com.br\/wp-content\/uploads\/2026\/01\/logolow2a.png","contentUrl":"https:\/\/deputadotaveirajr.com.br\/wp-content\/uploads\/2026\/01\/logolow2a.png","width":290,"height":80,"caption":"Taveira Jr"},"image":{"@id":"https:\/\/deputadotaveirajr.com.br\/#\/schema\/logo\/image\/"}}]}},"_links":{"self":[{"href":"https:\/\/deputadotaveirajr.com.br\/index.php\/wp-json\/wp\/v2\/pages\/7241","targetHints":{"allow":["GET"]}}],"collection":[{"href":"https:\/\/deputadotaveirajr.com.br\/index.php\/wp-json\/wp\/v2\/pages"}],"about":[{"href":"https:\/\/deputadotaveirajr.com.br\/index.php\/wp-json\/wp\/v2\/types\/page"}],"replies":[{"embeddable":true,"href":"https:\/\/deputadotaveirajr.com.br\/index.php\/wp-json\/wp\/v2\/comments?post=7241"}],"version-history":[{"count":1,"href":"https:\/\/deputadotaveirajr.com.br\/index.php\/wp-json\/wp\/v2\/pages\/7241\/revisions"}],"predecessor-version":[{"id":7243,"href":"https:\/\/deputadotaveirajr.com.br\/index.php\/wp-json\/wp\/v2\/pages\/7241\/revisions\/7243"}],"wp:featuredmedia":[{"embeddable":true,"href":"https:\/\/deputadotaveirajr.com.br\/index.php\/wp-json\/wp\/v2\/media\/7242"}],"wp:attachment":[{"href":"https:\/\/deputadotaveirajr.com.br\/index.php\/wp-json\/wp\/v2\/media?parent=7241"}],"curies":[{"name":"wp","href":"https:\/\/api.w.org\/{rel}","templated":true}]}}