{"id":7258,"date":"2024-06-23T14:39:43","date_gmt":"2024-06-23T17:39:43","guid":{"rendered":"https:\/\/deputadotaveirajr.com.br\/?page_id=7258"},"modified":"2024-06-23T14:39:43","modified_gmt":"2024-06-23T17:39:43","slug":"policial-militar-desaparece-no-mar-apos-salvar-filho-de-afogamento-em-pipa","status":"publish","type":"page","link":"https:\/\/deputadotaveirajr.com.br\/index.php\/policial-militar-desaparece-no-mar-apos-salvar-filho-de-afogamento-em-pipa\/","title":{"rendered":"Policial militar desaparece no mar ap\u00f3s salvar filho de afogamento em Pipa"},"content":{"rendered":"<p>     Caso aconteceu neste s\u00e1bado (22) na praia das Minas. Buscas por homem continuam neste domingo (23).  Buscas por policial militar que desapareceu ap\u00f3s salvar filho de afogamento no RN<br \/>\nUm policial militar desapareceu ap\u00f3s salvar o pr\u00f3prio filho de um afogamento na praia das Minas, no distrito de Pipa, em Tibau do Sul, no Litoral Sul potiguar. O caso aconteceu neste s\u00e1bado (22).<br \/>\nSegundo relatos recebidos pela pol\u00edcia, o 2\u00ba sargento Edson Adriano, lotado no batalh\u00e3o da cavalaria da PM, estava tomando banho com o filho e outro familiar, quando os tr\u00eas foram pegos por uma corrente de retorno, que os puxou para a parte mais funda do mar.<br \/>\nO sargento teria conseguido sair da correnteza, mas voltou para livrar o filho e acabou sendo levado pela for\u00e7a da \u00e1gua. O filho e o outro familiar escaparam.<br \/>\nSegundo o Corpo de Bombeiros, as buscas pelo militar foram suspensas na noite de s\u00e1bado (22) e retomadas na manh\u00e3 deste domingo (23), com apoio do helic\u00f3ptero Potiguar 1, por\u00e9m o homem n\u00e3o foi localizado at\u00e9 a \u00faltima atualiza\u00e7\u00e3o desta reportagem.<br \/>\nHelic\u00f3ptero Potiguar 1 faz buscas por desaparecido na praia das Minas, em Pipa<br \/>\nReprodu\u00e7\u00e3o<br \/>\nVeja os v\u00eddeos mais assistidos no g1 RN<\/p>","protected":false},"excerpt":{"rendered":"<p>Caso aconteceu neste s\u00e1bado (22) na praia das Minas. Buscas por homem continuam neste domingo (23). Buscas por policial militar que desapareceu ap\u00f3s salvar filho de afogamento no RN Um &#8230;<\/p>\n","protected":false},"author":0,"featured_media":7259,"parent":0,"menu_order":0,"comment_status":"closed","ping_status":"closed","template":"","meta":{"footnotes":""},"class_list":["post-7258","page","type-page","status-publish","has-post-thumbnail","hentry"],"yoast_head":"<!-- This site is optimized with the Yoast SEO plugin v27.1.1 - https:\/\/yoast.com\/product\/yoast-seo-wordpress\/ -->\n<title>Policial militar desaparece no mar ap\u00f3s salvar filho de afogamento em Pipa - Taveira Jr<\/title>\n<meta name=\"robots\" content=\"index, follow, max-snippet:-1, max-image-preview:large, max-video-preview:-1\" \/>\n<link rel=\"canonical\" href=\"https:\/\/deputadotaveirajr.com.br\/index.php\/policial-militar-desaparece-no-mar-apos-salvar-filho-de-afogamento-em-pipa\/\" \/>\n<meta property=\"og:locale\" content=\"pt_BR\" \/>\n<meta property=\"og:type\" content=\"article\" \/>\n<meta property=\"og:title\" content=\"Policial militar desaparece no mar ap\u00f3s salvar filho de afogamento em Pipa - Taveira Jr\" \/>\n<meta property=\"og:description\" content=\"Caso aconteceu neste s\u00e1bado (22) na praia das Minas. Buscas por homem continuam neste domingo (23). Buscas por policial militar que desapareceu ap\u00f3s salvar filho de afogamento no RN Um ...\" \/>\n<meta property=\"og:url\" content=\"https:\/\/deputadotaveirajr.com.br\/index.php\/policial-militar-desaparece-no-mar-apos-salvar-filho-de-afogamento-em-pipa\/\" \/>\n<meta property=\"og:site_name\" content=\"Taveira Jr\" \/>\n<meta property=\"og:image\" content=\"https:\/\/deputadotaveirajr.com.br\/wp-content\/uploads\/2024\/06\/potiguar01-afm8In.jpeg\" \/>\n\t<meta property=\"og:image:width\" content=\"1000\" \/>\n\t<meta property=\"og:image:height\" content=\"523\" \/>\n\t<meta property=\"og:image:type\" content=\"image\/jpeg\" \/>\n<meta name=\"twitter:card\" content=\"summary_large_image\" \/>\n<meta name=\"twitter:label1\" content=\"Est. tempo de leitura\" \/>\n\t<meta name=\"twitter:data1\" content=\"1 minuto\" \/>\n<script type=\"application\/ld+json\" class=\"yoast-schema-graph\">{\"@context\":\"https:\/\/schema.org\",\"@graph\":[{\"@type\":\"WebPage\",\"@id\":\"https:\/\/deputadotaveirajr.com.br\/index.php\/policial-militar-desaparece-no-mar-apos-salvar-filho-de-afogamento-em-pipa\/\",\"url\":\"https:\/\/deputadotaveirajr.com.br\/index.php\/policial-militar-desaparece-no-mar-apos-salvar-filho-de-afogamento-em-pipa\/\",\"name\":\"Policial militar desaparece no mar ap\u00f3s salvar filho de afogamento em Pipa - Taveira Jr\",\"isPartOf\":{\"@id\":\"https:\/\/deputadotaveirajr.com.br\/#website\"},\"primaryImageOfPage\":{\"@id\":\"https:\/\/deputadotaveirajr.com.br\/index.php\/policial-militar-desaparece-no-mar-apos-salvar-filho-de-afogamento-em-pipa\/#primaryimage\"},\"image\":{\"@id\":\"https:\/\/deputadotaveirajr.com.br\/index.php\/policial-militar-desaparece-no-mar-apos-salvar-filho-de-afogamento-em-pipa\/#primaryimage\"},\"thumbnailUrl\":\"https:\/\/deputadotaveirajr.com.br\/wp-content\/uploads\/2024\/06\/potiguar01-afm8In.jpeg\",\"datePublished\":\"2024-06-23T17:39:43+00:00\",\"breadcrumb\":{\"@id\":\"https:\/\/deputadotaveirajr.com.br\/index.php\/policial-militar-desaparece-no-mar-apos-salvar-filho-de-afogamento-em-pipa\/#breadcrumb\"},\"inLanguage\":\"pt-BR\",\"potentialAction\":[{\"@type\":\"ReadAction\",\"target\":[\"https:\/\/deputadotaveirajr.com.br\/index.php\/policial-militar-desaparece-no-mar-apos-salvar-filho-de-afogamento-em-pipa\/\"]}]},{\"@type\":\"ImageObject\",\"inLanguage\":\"pt-BR\",\"@id\":\"https:\/\/deputadotaveirajr.com.br\/index.php\/policial-militar-desaparece-no-mar-apos-salvar-filho-de-afogamento-em-pipa\/#primaryimage\",\"url\":\"https:\/\/deputadotaveirajr.com.br\/wp-content\/uploads\/2024\/06\/potiguar01-afm8In.jpeg\",\"contentUrl\":\"https:\/\/deputadotaveirajr.com.br\/wp-content\/uploads\/2024\/06\/potiguar01-afm8In.jpeg\",\"width\":1000,\"height\":523},{\"@type\":\"BreadcrumbList\",\"@id\":\"https:\/\/deputadotaveirajr.com.br\/index.php\/policial-militar-desaparece-no-mar-apos-salvar-filho-de-afogamento-em-pipa\/#breadcrumb\",\"itemListElement\":[{\"@type\":\"ListItem\",\"position\":1,\"name\":\"In\u00edcio\",\"item\":\"https:\/\/deputadotaveirajr.com.br\/\"},{\"@type\":\"ListItem\",\"position\":2,\"name\":\"Policial militar desaparece no mar ap\u00f3s salvar filho de afogamento em Pipa\"}]},{\"@type\":\"WebSite\",\"@id\":\"https:\/\/deputadotaveirajr.com.br\/#website\",\"url\":\"https:\/\/deputadotaveirajr.com.br\/\",\"name\":\"Taveira Jr\",\"description\":\"Deputado Estadual\",\"publisher\":{\"@id\":\"https:\/\/deputadotaveirajr.com.br\/#organization\"},\"potentialAction\":[{\"@type\":\"SearchAction\",\"target\":{\"@type\":\"EntryPoint\",\"urlTemplate\":\"https:\/\/deputadotaveirajr.com.br\/?s={search_term_string}\"},\"query-input\":{\"@type\":\"PropertyValueSpecification\",\"valueRequired\":true,\"valueName\":\"search_term_string\"}}],\"inLanguage\":\"pt-BR\"},{\"@type\":\"Organization\",\"@id\":\"https:\/\/deputadotaveirajr.com.br\/#organization\",\"name\":\"Taveira Jr\",\"url\":\"https:\/\/deputadotaveirajr.com.br\/\",\"logo\":{\"@type\":\"ImageObject\",\"inLanguage\":\"pt-BR\",\"@id\":\"https:\/\/deputadotaveirajr.com.br\/#\/schema\/logo\/image\/\",\"url\":\"https:\/\/deputadotaveirajr.com.br\/wp-content\/uploads\/2026\/01\/logolow2a.png\",\"contentUrl\":\"https:\/\/deputadotaveirajr.com.br\/wp-content\/uploads\/2026\/01\/logolow2a.png\",\"width\":290,\"height\":80,\"caption\":\"Taveira Jr\"},\"image\":{\"@id\":\"https:\/\/deputadotaveirajr.com.br\/#\/schema\/logo\/image\/\"}}]}<\/script>\n<!-- \/ Yoast SEO plugin. -->","yoast_head_json":{"title":"Policial militar desaparece no mar ap\u00f3s salvar filho de afogamento em Pipa - Taveira Jr","robots":{"index":"index","follow":"follow","max-snippet":"max-snippet:-1","max-image-preview":"max-image-preview:large","max-video-preview":"max-video-preview:-1"},"canonical":"https:\/\/deputadotaveirajr.com.br\/index.php\/policial-militar-desaparece-no-mar-apos-salvar-filho-de-afogamento-em-pipa\/","og_locale":"pt_BR","og_type":"article","og_title":"Policial militar desaparece no mar ap\u00f3s salvar filho de afogamento em Pipa - Taveira Jr","og_description":"Caso aconteceu neste s\u00e1bado (22) na praia das Minas. Buscas por homem continuam neste domingo (23). Buscas por policial militar que desapareceu ap\u00f3s salvar filho de afogamento no RN Um ...","og_url":"https:\/\/deputadotaveirajr.com.br\/index.php\/policial-militar-desaparece-no-mar-apos-salvar-filho-de-afogamento-em-pipa\/","og_site_name":"Taveira Jr","og_image":[{"width":1000,"height":523,"url":"https:\/\/deputadotaveirajr.com.br\/wp-content\/uploads\/2024\/06\/potiguar01-afm8In.jpeg","type":"image\/jpeg"}],"twitter_card":"summary_large_image","twitter_misc":{"Est. tempo de leitura":"1 minuto"},"schema":{"@context":"https:\/\/schema.org","@graph":[{"@type":"WebPage","@id":"https:\/\/deputadotaveirajr.com.br\/index.php\/policial-militar-desaparece-no-mar-apos-salvar-filho-de-afogamento-em-pipa\/","url":"https:\/\/deputadotaveirajr.com.br\/index.php\/policial-militar-desaparece-no-mar-apos-salvar-filho-de-afogamento-em-pipa\/","name":"Policial militar desaparece no mar ap\u00f3s salvar filho de afogamento em Pipa - Taveira Jr","isPartOf":{"@id":"https:\/\/deputadotaveirajr.com.br\/#website"},"primaryImageOfPage":{"@id":"https:\/\/deputadotaveirajr.com.br\/index.php\/policial-militar-desaparece-no-mar-apos-salvar-filho-de-afogamento-em-pipa\/#primaryimage"},"image":{"@id":"https:\/\/deputadotaveirajr.com.br\/index.php\/policial-militar-desaparece-no-mar-apos-salvar-filho-de-afogamento-em-pipa\/#primaryimage"},"thumbnailUrl":"https:\/\/deputadotaveirajr.com.br\/wp-content\/uploads\/2024\/06\/potiguar01-afm8In.jpeg","datePublished":"2024-06-23T17:39:43+00:00","breadcrumb":{"@id":"https:\/\/deputadotaveirajr.com.br\/index.php\/policial-militar-desaparece-no-mar-apos-salvar-filho-de-afogamento-em-pipa\/#breadcrumb"},"inLanguage":"pt-BR","potentialAction":[{"@type":"ReadAction","target":["https:\/\/deputadotaveirajr.com.br\/index.php\/policial-militar-desaparece-no-mar-apos-salvar-filho-de-afogamento-em-pipa\/"]}]},{"@type":"ImageObject","inLanguage":"pt-BR","@id":"https:\/\/deputadotaveirajr.com.br\/index.php\/policial-militar-desaparece-no-mar-apos-salvar-filho-de-afogamento-em-pipa\/#primaryimage","url":"https:\/\/deputadotaveirajr.com.br\/wp-content\/uploads\/2024\/06\/potiguar01-afm8In.jpeg","contentUrl":"https:\/\/deputadotaveirajr.com.br\/wp-content\/uploads\/2024\/06\/potiguar01-afm8In.jpeg","width":1000,"height":523},{"@type":"BreadcrumbList","@id":"https:\/\/deputadotaveirajr.com.br\/index.php\/policial-militar-desaparece-no-mar-apos-salvar-filho-de-afogamento-em-pipa\/#breadcrumb","itemListElement":[{"@type":"ListItem","position":1,"name":"In\u00edcio","item":"https:\/\/deputadotaveirajr.com.br\/"},{"@type":"ListItem","position":2,"name":"Policial militar desaparece no mar ap\u00f3s salvar filho de afogamento em Pipa"}]},{"@type":"WebSite","@id":"https:\/\/deputadotaveirajr.com.br\/#website","url":"https:\/\/deputadotaveirajr.com.br\/","name":"Taveira Jr","description":"Deputado Estadual","publisher":{"@id":"https:\/\/deputadotaveirajr.com.br\/#organization"},"potentialAction":[{"@type":"SearchAction","target":{"@type":"EntryPoint","urlTemplate":"https:\/\/deputadotaveirajr.com.br\/?s={search_term_string}"},"query-input":{"@type":"PropertyValueSpecification","valueRequired":true,"valueName":"search_term_string"}}],"inLanguage":"pt-BR"},{"@type":"Organization","@id":"https:\/\/deputadotaveirajr.com.br\/#organization","name":"Taveira Jr","url":"https:\/\/deputadotaveirajr.com.br\/","logo":{"@type":"ImageObject","inLanguage":"pt-BR","@id":"https:\/\/deputadotaveirajr.com.br\/#\/schema\/logo\/image\/","url":"https:\/\/deputadotaveirajr.com.br\/wp-content\/uploads\/2026\/01\/logolow2a.png","contentUrl":"https:\/\/deputadotaveirajr.com.br\/wp-content\/uploads\/2026\/01\/logolow2a.png","width":290,"height":80,"caption":"Taveira Jr"},"image":{"@id":"https:\/\/deputadotaveirajr.com.br\/#\/schema\/logo\/image\/"}}]}},"_links":{"self":[{"href":"https:\/\/deputadotaveirajr.com.br\/index.php\/wp-json\/wp\/v2\/pages\/7258","targetHints":{"allow":["GET"]}}],"collection":[{"href":"https:\/\/deputadotaveirajr.com.br\/index.php\/wp-json\/wp\/v2\/pages"}],"about":[{"href":"https:\/\/deputadotaveirajr.com.br\/index.php\/wp-json\/wp\/v2\/types\/page"}],"replies":[{"embeddable":true,"href":"https:\/\/deputadotaveirajr.com.br\/index.php\/wp-json\/wp\/v2\/comments?post=7258"}],"version-history":[{"count":1,"href":"https:\/\/deputadotaveirajr.com.br\/index.php\/wp-json\/wp\/v2\/pages\/7258\/revisions"}],"predecessor-version":[{"id":7261,"href":"https:\/\/deputadotaveirajr.com.br\/index.php\/wp-json\/wp\/v2\/pages\/7258\/revisions\/7261"}],"wp:featuredmedia":[{"embeddable":true,"href":"https:\/\/deputadotaveirajr.com.br\/index.php\/wp-json\/wp\/v2\/media\/7259"}],"wp:attachment":[{"href":"https:\/\/deputadotaveirajr.com.br\/index.php\/wp-json\/wp\/v2\/media?parent=7258"}],"curies":[{"name":"wp","href":"https:\/\/api.w.org\/{rel}","templated":true}]}}