{"id":7268,"date":"2024-06-24T11:20:19","date_gmt":"2024-06-24T14:20:19","guid":{"rendered":"https:\/\/deputadotaveirajr.com.br\/?page_id=7268"},"modified":"2024-06-24T11:20:19","modified_gmt":"2024-06-24T14:20:19","slug":"medico-brasileiro-que-perdeu-esposa-em-acidente-na-africa-diz-que-se-sente-destruido-nao-sei-como-sera-meu-amanha","status":"publish","type":"page","link":"https:\/\/deputadotaveirajr.com.br\/index.php\/medico-brasileiro-que-perdeu-esposa-em-acidente-na-africa-diz-que-se-sente-destruido-nao-sei-como-sera-meu-amanha\/","title":{"rendered":"M\u00e9dico brasileiro que perdeu esposa em acidente na \u00c1frica diz que se sente destru\u00eddo: &#8216;N\u00e3o sei como ser\u00e1 meu amanh\u00e3&#8217;"},"content":{"rendered":"<p>     Charles S\u00e1 segue internado e aguarda &#8216;audi\u00eancia preliminar sob vigil\u00e2ncia das autoridades policiais, por se tratar de um estrangeiro&#8217;. O m\u00e9dico Charles S\u00e1 e sua esposa Natale Gontijo, que morreu em acidente na \u00c1frica<br \/>\nReprodu\u00e7\u00e3o<br \/>\nO m\u00e9dico brasileiro Charles S\u00e1 que se envolveu em um acidente de carro que vitimou nove pessoas na Nam\u00edbia, entre elas suas esposa, a tamb\u00e9m m\u00e9dica Natale Gontijo, relatou nas redes sociais que se sente &#8220;destru\u00eddo&#8221;, que perdeu o amor de sua vida e que aguarda as autoridades locais. &#8220;N\u00e3o sei como ser\u00e1 meu amanh\u00e3&#8221;, disse.<br \/>\nO casal estava de f\u00e9rias e pretendia fazer um safari por diferentes pa\u00edses do continente africano.<br \/>\n\ud83d\udcf3Participe do canal do g1 RN no WhatsApp<br \/>\nCharles fez um relato do acidente em um coment\u00e1rio publicado na postagem de um amigo. No texto, o m\u00e9dico relatou que ficou desacordado ap\u00f3s a colis\u00e3o e n\u00e3o tem muitas mem\u00f3rias do caso.<br \/>\n&#8220;Estou aqui vivo, com uma pequena fratura na coluna aguardando as autoridades locais. N\u00e3o entendi ainda o porque fiquei vivo, mas Deus deve estar com alguns planos para mim. Este acidente aconteceu no nosso deslocamento na rodovia. Aqui \u00e9 m\u00e3o inglesa. Na batida, fique desacordado, n\u00e3o lembro de muita coisa&#8221;, afirmou o m\u00e9dico.<br \/>\nO m\u00e9dico ainda ressaltou que havia 8 pessoas no outro ve\u00edculo e que nunca tinha se envolvido em um acidente de carro em toda a sua vida. &#8220;Esta foi a primeira vez&#8221;, pontuou. Ele foi o \u00fanico sobrevivente.<br \/>\nNo relato, o m\u00e9dico ainda ressaltou que o teste do baf\u00f4metro feito com ele teve resultado negativo.<br \/>\nM\u00e9dico Charles S\u00e1 e a esposa Natale Gontijo, que morreu em acidente na \u00c1frica<br \/>\nReprodu\u00e7\u00e3o<br \/>\n&#8220;Natale ainda saiu viva e morreu no hospital. Infelizmente, estou destru\u00eddo e n\u00e3o estou me importando com muita coisa. Perdi o amor da minha vida. N\u00e3o sei como ser\u00e1 meu amanh\u00e3&#8221;, declarou.<br \/>\nCirurgi\u00e3 pl\u00e1stica e assistente de Ivo Pitanguy por 20 anos: quem \u00e9 a m\u00e9dica brasileira que morreu em acidente na \u00c1frica<br \/>\nNo coment\u00e1rio, o m\u00e9dico ainda agradeceu pelas ora\u00e7\u00f5es e &#8220;boas energias&#8221; enviadas por amigos.<br \/>\nSegundo a Embaixada Brasileira em Windhoek, capital do pa\u00eds africano, Charles S\u00e1, segue hospitalizado na cidade de Otjiwarongo e n\u00e3o pode ser considerado preso.<br \/>\n&#8220;Ele n\u00e3o est\u00e1 encarcerado e nem condenado. Est\u00e1 apenas aguardando sua audi\u00eancia preliminar sob vigil\u00e2ncia das autoridades policiais, por se tratar de um estrangeiro&#8221;, disse a embaixada em nota, no \u00faltimo s\u00e1bado (22).<br \/>\nO acidente ocorreu na \u00faltima ter\u00e7a-feira (18), com a colis\u00e3o frontal entre dois carros em uma rodovia entre as cidades de Otjiwarongo e Otavi, na Nam\u00edbia. Charles conduzia um dos ve\u00edculos e teria provocado o acidente por conta de uma ultrapassagem.<br \/>\nA embaixada refor\u00e7ou que o brasileiro &#8220;ainda n\u00e3o \u00e9 r\u00e9u&#8221; e que &#8220;ainda n\u00e3o h\u00e1 processo judicial formalizado contra ele&#8221;.<br \/>\n&#8220;A audi\u00eancia provavelmente ser\u00e1 nesta semana, a depender da condi\u00e7\u00e3o m\u00e9dica dele. Ele n\u00e3o corre risco de vida, mas ainda possui necessidade de acompanhamento m\u00e9dico&#8221;, destaca a nota.<br \/>\nCharles S\u00e1 est\u00e1 internado em um hospital na cidade de Otjiwarongo. Segundo a embaixada, foi identificada uma fratura em uma v\u00e9rtebra e &#8220;ele n\u00e3o poder\u00e1 se mover muito e precisa de acompanhamento m\u00e9dico constante&#8221;.<br \/>\nPotiguar que se envolveu em acidente na Nam\u00edbia est\u00e1 sob cust\u00f3dia das autoridades<br \/>\nO brasileiro pretendia cruzar pa\u00edses da \u00c1frica fazendo um safari expedicion\u00e1rio somente com sua esposa, sem guias. A mulher de Charles, a cirurgi\u00e3 pl\u00e1stica Natale Gontijo, estava no carro com ele e foi uma das nove v\u00edtimas do acidente.<br \/>\nAinda de acordo com a embaixada, o corpo de Natale foi recebido na capital Windhoek na sexta-feira (21) e passou por per\u00edcia m\u00e9dica. &#8220;Ainda n\u00e3o se tem previs\u00e3o do prazo para libera\u00e7\u00e3o do corpo&#8221;, diz a nota.<br \/>\nNatale era mineira, tinha resid\u00eancia com o marido no Rio de Janeiro e trabalhava atualmente em Verona, na It\u00e1lia. O casal tamb\u00e9m possu\u00eda cl\u00ednicas em Natal e em Belo Horizonte.<br \/>\nCharles e Natale se conheceram durante o curso de cirurgia pl\u00e1stica e estavam casados h\u00e1 mais de 20 anos.<br \/>\nO Minist\u00e9rio das Rela\u00e7\u00f5es Exteriores, em nota, informou que acompanha o caso desde que foi notificado a respeito, na manh\u00e3 do dia 19 de junho. &#8220;A Embaixada determinou o deslocamento imediato de funcion\u00e1rio do posto para a cidade de Otjiwarongo, perto de onde ocorreu o acidente. A Embaixada permanece em contato permanente com as autoridades locais e com os familiares dos brasileiros, a fim de prestar a assist\u00eancia consular devida de forma mais eficiente&#8221;.<br \/>\nVeja os v\u00eddeos mais assistidos no g1 RN<\/p>","protected":false},"excerpt":{"rendered":"<p>Charles S\u00e1 segue internado e aguarda &#8216;audi\u00eancia preliminar sob vigil\u00e2ncia das autoridades policiais, por se tratar de um estrangeiro&#8217;. O m\u00e9dico Charles S\u00e1 e sua esposa Natale Gontijo, que morreu &#8230;<\/p>\n","protected":false},"author":0,"featured_media":7269,"parent":0,"menu_order":0,"comment_status":"closed","ping_status":"closed","template":"","meta":{"footnotes":""},"class_list":["post-7268","page","type-page","status-publish","has-post-thumbnail","hentry"],"yoast_head":"<!-- This site is optimized with the Yoast SEO plugin v27.1.1 - https:\/\/yoast.com\/product\/yoast-seo-wordpress\/ -->\n<title>M\u00e9dico brasileiro que perdeu esposa em acidente na \u00c1frica diz que se sente destru\u00eddo: &#039;N\u00e3o sei como ser\u00e1 meu amanh\u00e3&#039; - Taveira Jr<\/title>\n<meta name=\"robots\" content=\"index, follow, max-snippet:-1, max-image-preview:large, max-video-preview:-1\" \/>\n<link rel=\"canonical\" href=\"https:\/\/deputadotaveirajr.com.br\/index.php\/medico-brasileiro-que-perdeu-esposa-em-acidente-na-africa-diz-que-se-sente-destruido-nao-sei-como-sera-meu-amanha\/\" \/>\n<meta property=\"og:locale\" content=\"pt_BR\" \/>\n<meta property=\"og:type\" content=\"article\" \/>\n<meta property=\"og:title\" content=\"M\u00e9dico brasileiro que perdeu esposa em acidente na \u00c1frica diz que se sente destru\u00eddo: &#039;N\u00e3o sei como ser\u00e1 meu amanh\u00e3&#039; - Taveira Jr\" \/>\n<meta property=\"og:description\" content=\"Charles S\u00e1 segue internado e aguarda &#8216;audi\u00eancia preliminar sob vigil\u00e2ncia das autoridades policiais, por se tratar de um estrangeiro&#8217;. O m\u00e9dico Charles S\u00e1 e sua esposa Natale Gontijo, que morreu ...\" \/>\n<meta property=\"og:url\" content=\"https:\/\/deputadotaveirajr.com.br\/index.php\/medico-brasileiro-que-perdeu-esposa-em-acidente-na-africa-diz-que-se-sente-destruido-nao-sei-como-sera-meu-amanha\/\" \/>\n<meta property=\"og:site_name\" content=\"Taveira Jr\" \/>\n<meta property=\"og:image\" content=\"https:\/\/deputadotaveirajr.com.br\/wp-content\/uploads\/2024\/06\/charles-afzc6G.jpeg\" \/>\n\t<meta property=\"og:image:width\" content=\"1133\" \/>\n\t<meta property=\"og:image:height\" content=\"792\" \/>\n\t<meta property=\"og:image:type\" content=\"image\/jpeg\" \/>\n<meta name=\"twitter:card\" content=\"summary_large_image\" \/>\n<meta name=\"twitter:label1\" content=\"Est. tempo de leitura\" \/>\n\t<meta name=\"twitter:data1\" content=\"4 minutos\" \/>\n<script type=\"application\/ld+json\" class=\"yoast-schema-graph\">{\"@context\":\"https:\/\/schema.org\",\"@graph\":[{\"@type\":\"WebPage\",\"@id\":\"https:\/\/deputadotaveirajr.com.br\/index.php\/medico-brasileiro-que-perdeu-esposa-em-acidente-na-africa-diz-que-se-sente-destruido-nao-sei-como-sera-meu-amanha\/\",\"url\":\"https:\/\/deputadotaveirajr.com.br\/index.php\/medico-brasileiro-que-perdeu-esposa-em-acidente-na-africa-diz-que-se-sente-destruido-nao-sei-como-sera-meu-amanha\/\",\"name\":\"M\u00e9dico brasileiro que perdeu esposa em acidente na \u00c1frica diz que se sente destru\u00eddo: 'N\u00e3o sei como ser\u00e1 meu amanh\u00e3' - Taveira Jr\",\"isPartOf\":{\"@id\":\"https:\/\/deputadotaveirajr.com.br\/#website\"},\"primaryImageOfPage\":{\"@id\":\"https:\/\/deputadotaveirajr.com.br\/index.php\/medico-brasileiro-que-perdeu-esposa-em-acidente-na-africa-diz-que-se-sente-destruido-nao-sei-como-sera-meu-amanha\/#primaryimage\"},\"image\":{\"@id\":\"https:\/\/deputadotaveirajr.com.br\/index.php\/medico-brasileiro-que-perdeu-esposa-em-acidente-na-africa-diz-que-se-sente-destruido-nao-sei-como-sera-meu-amanha\/#primaryimage\"},\"thumbnailUrl\":\"https:\/\/deputadotaveirajr.com.br\/wp-content\/uploads\/2024\/06\/charles-afzc6G.jpeg\",\"datePublished\":\"2024-06-24T14:20:19+00:00\",\"breadcrumb\":{\"@id\":\"https:\/\/deputadotaveirajr.com.br\/index.php\/medico-brasileiro-que-perdeu-esposa-em-acidente-na-africa-diz-que-se-sente-destruido-nao-sei-como-sera-meu-amanha\/#breadcrumb\"},\"inLanguage\":\"pt-BR\",\"potentialAction\":[{\"@type\":\"ReadAction\",\"target\":[\"https:\/\/deputadotaveirajr.com.br\/index.php\/medico-brasileiro-que-perdeu-esposa-em-acidente-na-africa-diz-que-se-sente-destruido-nao-sei-como-sera-meu-amanha\/\"]}]},{\"@type\":\"ImageObject\",\"inLanguage\":\"pt-BR\",\"@id\":\"https:\/\/deputadotaveirajr.com.br\/index.php\/medico-brasileiro-que-perdeu-esposa-em-acidente-na-africa-diz-que-se-sente-destruido-nao-sei-como-sera-meu-amanha\/#primaryimage\",\"url\":\"https:\/\/deputadotaveirajr.com.br\/wp-content\/uploads\/2024\/06\/charles-afzc6G.jpeg\",\"contentUrl\":\"https:\/\/deputadotaveirajr.com.br\/wp-content\/uploads\/2024\/06\/charles-afzc6G.jpeg\",\"width\":1133,\"height\":792},{\"@type\":\"BreadcrumbList\",\"@id\":\"https:\/\/deputadotaveirajr.com.br\/index.php\/medico-brasileiro-que-perdeu-esposa-em-acidente-na-africa-diz-que-se-sente-destruido-nao-sei-como-sera-meu-amanha\/#breadcrumb\",\"itemListElement\":[{\"@type\":\"ListItem\",\"position\":1,\"name\":\"In\u00edcio\",\"item\":\"https:\/\/deputadotaveirajr.com.br\/\"},{\"@type\":\"ListItem\",\"position\":2,\"name\":\"M\u00e9dico brasileiro que perdeu esposa em acidente na \u00c1frica diz que se sente destru\u00eddo: &#8216;N\u00e3o sei como ser\u00e1 meu amanh\u00e3&#8217;\"}]},{\"@type\":\"WebSite\",\"@id\":\"https:\/\/deputadotaveirajr.com.br\/#website\",\"url\":\"https:\/\/deputadotaveirajr.com.br\/\",\"name\":\"Taveira Jr\",\"description\":\"Deputado Estadual\",\"publisher\":{\"@id\":\"https:\/\/deputadotaveirajr.com.br\/#organization\"},\"potentialAction\":[{\"@type\":\"SearchAction\",\"target\":{\"@type\":\"EntryPoint\",\"urlTemplate\":\"https:\/\/deputadotaveirajr.com.br\/?s={search_term_string}\"},\"query-input\":{\"@type\":\"PropertyValueSpecification\",\"valueRequired\":true,\"valueName\":\"search_term_string\"}}],\"inLanguage\":\"pt-BR\"},{\"@type\":\"Organization\",\"@id\":\"https:\/\/deputadotaveirajr.com.br\/#organization\",\"name\":\"Taveira Jr\",\"url\":\"https:\/\/deputadotaveirajr.com.br\/\",\"logo\":{\"@type\":\"ImageObject\",\"inLanguage\":\"pt-BR\",\"@id\":\"https:\/\/deputadotaveirajr.com.br\/#\/schema\/logo\/image\/\",\"url\":\"https:\/\/deputadotaveirajr.com.br\/wp-content\/uploads\/2026\/01\/logolow2a.png\",\"contentUrl\":\"https:\/\/deputadotaveirajr.com.br\/wp-content\/uploads\/2026\/01\/logolow2a.png\",\"width\":290,\"height\":80,\"caption\":\"Taveira Jr\"},\"image\":{\"@id\":\"https:\/\/deputadotaveirajr.com.br\/#\/schema\/logo\/image\/\"}}]}<\/script>\n<!-- \/ Yoast SEO plugin. -->","yoast_head_json":{"title":"M\u00e9dico brasileiro que perdeu esposa em acidente na \u00c1frica diz que se sente destru\u00eddo: 'N\u00e3o sei como ser\u00e1 meu amanh\u00e3' - Taveira Jr","robots":{"index":"index","follow":"follow","max-snippet":"max-snippet:-1","max-image-preview":"max-image-preview:large","max-video-preview":"max-video-preview:-1"},"canonical":"https:\/\/deputadotaveirajr.com.br\/index.php\/medico-brasileiro-que-perdeu-esposa-em-acidente-na-africa-diz-que-se-sente-destruido-nao-sei-como-sera-meu-amanha\/","og_locale":"pt_BR","og_type":"article","og_title":"M\u00e9dico brasileiro que perdeu esposa em acidente na \u00c1frica diz que se sente destru\u00eddo: 'N\u00e3o sei como ser\u00e1 meu amanh\u00e3' - Taveira Jr","og_description":"Charles S\u00e1 segue internado e aguarda &#8216;audi\u00eancia preliminar sob vigil\u00e2ncia das autoridades policiais, por se tratar de um estrangeiro&#8217;. O m\u00e9dico Charles S\u00e1 e sua esposa Natale Gontijo, que morreu ...","og_url":"https:\/\/deputadotaveirajr.com.br\/index.php\/medico-brasileiro-que-perdeu-esposa-em-acidente-na-africa-diz-que-se-sente-destruido-nao-sei-como-sera-meu-amanha\/","og_site_name":"Taveira Jr","og_image":[{"width":1133,"height":792,"url":"https:\/\/deputadotaveirajr.com.br\/wp-content\/uploads\/2024\/06\/charles-afzc6G.jpeg","type":"image\/jpeg"}],"twitter_card":"summary_large_image","twitter_misc":{"Est. tempo de leitura":"4 minutos"},"schema":{"@context":"https:\/\/schema.org","@graph":[{"@type":"WebPage","@id":"https:\/\/deputadotaveirajr.com.br\/index.php\/medico-brasileiro-que-perdeu-esposa-em-acidente-na-africa-diz-que-se-sente-destruido-nao-sei-como-sera-meu-amanha\/","url":"https:\/\/deputadotaveirajr.com.br\/index.php\/medico-brasileiro-que-perdeu-esposa-em-acidente-na-africa-diz-que-se-sente-destruido-nao-sei-como-sera-meu-amanha\/","name":"M\u00e9dico brasileiro que perdeu esposa em acidente na \u00c1frica diz que se sente destru\u00eddo: 'N\u00e3o sei como ser\u00e1 meu amanh\u00e3' - Taveira Jr","isPartOf":{"@id":"https:\/\/deputadotaveirajr.com.br\/#website"},"primaryImageOfPage":{"@id":"https:\/\/deputadotaveirajr.com.br\/index.php\/medico-brasileiro-que-perdeu-esposa-em-acidente-na-africa-diz-que-se-sente-destruido-nao-sei-como-sera-meu-amanha\/#primaryimage"},"image":{"@id":"https:\/\/deputadotaveirajr.com.br\/index.php\/medico-brasileiro-que-perdeu-esposa-em-acidente-na-africa-diz-que-se-sente-destruido-nao-sei-como-sera-meu-amanha\/#primaryimage"},"thumbnailUrl":"https:\/\/deputadotaveirajr.com.br\/wp-content\/uploads\/2024\/06\/charles-afzc6G.jpeg","datePublished":"2024-06-24T14:20:19+00:00","breadcrumb":{"@id":"https:\/\/deputadotaveirajr.com.br\/index.php\/medico-brasileiro-que-perdeu-esposa-em-acidente-na-africa-diz-que-se-sente-destruido-nao-sei-como-sera-meu-amanha\/#breadcrumb"},"inLanguage":"pt-BR","potentialAction":[{"@type":"ReadAction","target":["https:\/\/deputadotaveirajr.com.br\/index.php\/medico-brasileiro-que-perdeu-esposa-em-acidente-na-africa-diz-que-se-sente-destruido-nao-sei-como-sera-meu-amanha\/"]}]},{"@type":"ImageObject","inLanguage":"pt-BR","@id":"https:\/\/deputadotaveirajr.com.br\/index.php\/medico-brasileiro-que-perdeu-esposa-em-acidente-na-africa-diz-que-se-sente-destruido-nao-sei-como-sera-meu-amanha\/#primaryimage","url":"https:\/\/deputadotaveirajr.com.br\/wp-content\/uploads\/2024\/06\/charles-afzc6G.jpeg","contentUrl":"https:\/\/deputadotaveirajr.com.br\/wp-content\/uploads\/2024\/06\/charles-afzc6G.jpeg","width":1133,"height":792},{"@type":"BreadcrumbList","@id":"https:\/\/deputadotaveirajr.com.br\/index.php\/medico-brasileiro-que-perdeu-esposa-em-acidente-na-africa-diz-que-se-sente-destruido-nao-sei-como-sera-meu-amanha\/#breadcrumb","itemListElement":[{"@type":"ListItem","position":1,"name":"In\u00edcio","item":"https:\/\/deputadotaveirajr.com.br\/"},{"@type":"ListItem","position":2,"name":"M\u00e9dico brasileiro que perdeu esposa em acidente na \u00c1frica diz que se sente destru\u00eddo: &#8216;N\u00e3o sei como ser\u00e1 meu amanh\u00e3&#8217;"}]},{"@type":"WebSite","@id":"https:\/\/deputadotaveirajr.com.br\/#website","url":"https:\/\/deputadotaveirajr.com.br\/","name":"Taveira Jr","description":"Deputado Estadual","publisher":{"@id":"https:\/\/deputadotaveirajr.com.br\/#organization"},"potentialAction":[{"@type":"SearchAction","target":{"@type":"EntryPoint","urlTemplate":"https:\/\/deputadotaveirajr.com.br\/?s={search_term_string}"},"query-input":{"@type":"PropertyValueSpecification","valueRequired":true,"valueName":"search_term_string"}}],"inLanguage":"pt-BR"},{"@type":"Organization","@id":"https:\/\/deputadotaveirajr.com.br\/#organization","name":"Taveira Jr","url":"https:\/\/deputadotaveirajr.com.br\/","logo":{"@type":"ImageObject","inLanguage":"pt-BR","@id":"https:\/\/deputadotaveirajr.com.br\/#\/schema\/logo\/image\/","url":"https:\/\/deputadotaveirajr.com.br\/wp-content\/uploads\/2026\/01\/logolow2a.png","contentUrl":"https:\/\/deputadotaveirajr.com.br\/wp-content\/uploads\/2026\/01\/logolow2a.png","width":290,"height":80,"caption":"Taveira Jr"},"image":{"@id":"https:\/\/deputadotaveirajr.com.br\/#\/schema\/logo\/image\/"}}]}},"_links":{"self":[{"href":"https:\/\/deputadotaveirajr.com.br\/index.php\/wp-json\/wp\/v2\/pages\/7268","targetHints":{"allow":["GET"]}}],"collection":[{"href":"https:\/\/deputadotaveirajr.com.br\/index.php\/wp-json\/wp\/v2\/pages"}],"about":[{"href":"https:\/\/deputadotaveirajr.com.br\/index.php\/wp-json\/wp\/v2\/types\/page"}],"replies":[{"embeddable":true,"href":"https:\/\/deputadotaveirajr.com.br\/index.php\/wp-json\/wp\/v2\/comments?post=7268"}],"version-history":[{"count":1,"href":"https:\/\/deputadotaveirajr.com.br\/index.php\/wp-json\/wp\/v2\/pages\/7268\/revisions"}],"predecessor-version":[{"id":7277,"href":"https:\/\/deputadotaveirajr.com.br\/index.php\/wp-json\/wp\/v2\/pages\/7268\/revisions\/7277"}],"wp:featuredmedia":[{"embeddable":true,"href":"https:\/\/deputadotaveirajr.com.br\/index.php\/wp-json\/wp\/v2\/media\/7269"}],"wp:attachment":[{"href":"https:\/\/deputadotaveirajr.com.br\/index.php\/wp-json\/wp\/v2\/media?parent=7268"}],"curies":[{"name":"wp","href":"https:\/\/api.w.org\/{rel}","templated":true}]}}