{"id":7275,"date":"2024-06-24T13:19:41","date_gmt":"2024-06-24T16:19:41","guid":{"rendered":"https:\/\/deputadotaveirajr.com.br\/?page_id=7275"},"modified":"2024-06-24T13:19:41","modified_gmt":"2024-06-24T16:19:41","slug":"corpo-de-mulher-e-encontrado-na-beira-da-praia-de-jacuma-na-grande-natal","status":"publish","type":"page","link":"https:\/\/deputadotaveirajr.com.br\/index.php\/corpo-de-mulher-e-encontrado-na-beira-da-praia-de-jacuma-na-grande-natal\/","title":{"rendered":"Corpo de mulher \u00e9 encontrado na beira da praia de Jacum\u00e3, na Grande Natal"},"content":{"rendered":"<p>     Caso aconteceu na manh\u00e3 de domingo (23) na praia localizada em Cear\u00e1-Mirim, na Grande Natal. Segundo Itep, mulher de 38 anos teria morrido afogada.  Praia de Jacum\u00e3, na Grande Natal<br \/>\nAugusto C\u00e9sar Gomes<br \/>\nO corpo de uma mulher, seminu, foi encontrado na areia da praia de Jacum\u00e3, em Cear\u00e1-Mirim, regi\u00e3o metropolitana de Natal, na manh\u00e3 deste domingo (23).<br \/>\nA Pol\u00edcia Militar foi acionada por volta das 8h por uma testemunha que informou que seu marido se deparou com um corpo do sexo feminino, na beira da praia, quase sem vestes &#8211; apenas a parte baixa do biquini.<br \/>\n\ud83d\udcf3Participe do canal do g1 RN no WhatsApp<br \/>\nAinda de acordo com a testemunha, o corpo aparentava ser de uma mulher com idade entre 30 e 35 anos, pele clara, cabelo castanho comprido e magra. Al\u00e9m disso, n\u00e3o havia sinais de viol\u00eancia.<br \/>\nUma equipe do 16\u00ba Batalh\u00e3o da Pol\u00edcia Militar foi ao local, confirmou o encontro do cad\u00e1ver e acionou o Instituto T\u00e9cnico-Cient\u00edfico de Per\u00edcia (Itep) e a Delegacia de Plant\u00e3o Norte da Pol\u00edcia Civil.<br \/>\nCrime ambiental no RN: carros sobem duna em \u00e1rea proibida no litoral potiguar<br \/>\nO corpo foi recolhido pelo Itep e identificado oficialmente pelo \u00f3rg\u00e3o como sendo de Ana Carla Gregolin Mendes, de 38 anos. Ainda de acordo com o \u00f3rg\u00e3o, a mulher \u00e9 natural do Rio de Janeiro, mas n\u00e3o h\u00e1 informa\u00e7\u00e3o se ela morava no Rio Grande do Norte ou era turista.<br \/>\nA causa preliminar da morte foi afogamento.<br \/>\nDe acordo com os dados colhidos pelo Itep, a mulher completou anivers\u00e1rio h\u00e1 menos de 15 dias, no dia 12 de junho.<br \/>\nVeja os v\u00eddeos mais assistidos no g1 RN<\/p>","protected":false},"excerpt":{"rendered":"<p>Caso aconteceu na manh\u00e3 de domingo (23) na praia localizada em Cear\u00e1-Mirim, na Grande Natal. Segundo Itep, mulher de 38 anos teria morrido afogada. Praia de Jacum\u00e3, na Grande Natal &#8230;<\/p>\n","protected":false},"author":0,"featured_media":7276,"parent":0,"menu_order":0,"comment_status":"closed","ping_status":"closed","template":"","meta":{"footnotes":""},"class_list":["post-7275","page","type-page","status-publish","has-post-thumbnail","hentry"],"yoast_head":"<!-- This site is optimized with the Yoast SEO plugin v27.1.1 - https:\/\/yoast.com\/product\/yoast-seo-wordpress\/ -->\n<title>Corpo de mulher \u00e9 encontrado na beira da praia de Jacum\u00e3, na Grande Natal - Taveira Jr<\/title>\n<meta name=\"robots\" content=\"index, follow, max-snippet:-1, max-image-preview:large, max-video-preview:-1\" \/>\n<link rel=\"canonical\" href=\"https:\/\/deputadotaveirajr.com.br\/index.php\/corpo-de-mulher-e-encontrado-na-beira-da-praia-de-jacuma-na-grande-natal\/\" \/>\n<meta property=\"og:locale\" content=\"pt_BR\" \/>\n<meta property=\"og:type\" content=\"article\" \/>\n<meta property=\"og:title\" content=\"Corpo de mulher \u00e9 encontrado na beira da praia de Jacum\u00e3, na Grande Natal - Taveira Jr\" \/>\n<meta property=\"og:description\" content=\"Caso aconteceu na manh\u00e3 de domingo (23) na praia localizada em Cear\u00e1-Mirim, na Grande Natal. Segundo Itep, mulher de 38 anos teria morrido afogada. Praia de Jacum\u00e3, na Grande Natal ...\" \/>\n<meta property=\"og:url\" content=\"https:\/\/deputadotaveirajr.com.br\/index.php\/corpo-de-mulher-e-encontrado-na-beira-da-praia-de-jacuma-na-grande-natal\/\" \/>\n<meta property=\"og:site_name\" content=\"Taveira Jr\" \/>\n<meta property=\"og:image\" content=\"https:\/\/deputadotaveirajr.com.br\/wp-content\/uploads\/2024\/06\/whatsapp-image-2024-06-24-at-10.11.00-bXHkNS-scaled.jpeg\" \/>\n\t<meta property=\"og:image:width\" content=\"2560\" \/>\n\t<meta property=\"og:image:height\" content=\"1695\" \/>\n\t<meta property=\"og:image:type\" content=\"image\/jpeg\" \/>\n<meta name=\"twitter:card\" content=\"summary_large_image\" \/>\n<meta name=\"twitter:label1\" content=\"Est. tempo de leitura\" \/>\n\t<meta name=\"twitter:data1\" content=\"1 minuto\" \/>\n<script type=\"application\/ld+json\" class=\"yoast-schema-graph\">{\"@context\":\"https:\/\/schema.org\",\"@graph\":[{\"@type\":\"WebPage\",\"@id\":\"https:\/\/deputadotaveirajr.com.br\/index.php\/corpo-de-mulher-e-encontrado-na-beira-da-praia-de-jacuma-na-grande-natal\/\",\"url\":\"https:\/\/deputadotaveirajr.com.br\/index.php\/corpo-de-mulher-e-encontrado-na-beira-da-praia-de-jacuma-na-grande-natal\/\",\"name\":\"Corpo de mulher \u00e9 encontrado na beira da praia de Jacum\u00e3, na Grande Natal - Taveira Jr\",\"isPartOf\":{\"@id\":\"https:\/\/deputadotaveirajr.com.br\/#website\"},\"primaryImageOfPage\":{\"@id\":\"https:\/\/deputadotaveirajr.com.br\/index.php\/corpo-de-mulher-e-encontrado-na-beira-da-praia-de-jacuma-na-grande-natal\/#primaryimage\"},\"image\":{\"@id\":\"https:\/\/deputadotaveirajr.com.br\/index.php\/corpo-de-mulher-e-encontrado-na-beira-da-praia-de-jacuma-na-grande-natal\/#primaryimage\"},\"thumbnailUrl\":\"https:\/\/deputadotaveirajr.com.br\/wp-content\/uploads\/2024\/06\/whatsapp-image-2024-06-24-at-10.11.00-bXHkNS-scaled.jpeg\",\"datePublished\":\"2024-06-24T16:19:41+00:00\",\"breadcrumb\":{\"@id\":\"https:\/\/deputadotaveirajr.com.br\/index.php\/corpo-de-mulher-e-encontrado-na-beira-da-praia-de-jacuma-na-grande-natal\/#breadcrumb\"},\"inLanguage\":\"pt-BR\",\"potentialAction\":[{\"@type\":\"ReadAction\",\"target\":[\"https:\/\/deputadotaveirajr.com.br\/index.php\/corpo-de-mulher-e-encontrado-na-beira-da-praia-de-jacuma-na-grande-natal\/\"]}]},{\"@type\":\"ImageObject\",\"inLanguage\":\"pt-BR\",\"@id\":\"https:\/\/deputadotaveirajr.com.br\/index.php\/corpo-de-mulher-e-encontrado-na-beira-da-praia-de-jacuma-na-grande-natal\/#primaryimage\",\"url\":\"https:\/\/deputadotaveirajr.com.br\/wp-content\/uploads\/2024\/06\/whatsapp-image-2024-06-24-at-10.11.00-bXHkNS-scaled.jpeg\",\"contentUrl\":\"https:\/\/deputadotaveirajr.com.br\/wp-content\/uploads\/2024\/06\/whatsapp-image-2024-06-24-at-10.11.00-bXHkNS-scaled.jpeg\",\"width\":2560,\"height\":1695},{\"@type\":\"BreadcrumbList\",\"@id\":\"https:\/\/deputadotaveirajr.com.br\/index.php\/corpo-de-mulher-e-encontrado-na-beira-da-praia-de-jacuma-na-grande-natal\/#breadcrumb\",\"itemListElement\":[{\"@type\":\"ListItem\",\"position\":1,\"name\":\"In\u00edcio\",\"item\":\"https:\/\/deputadotaveirajr.com.br\/\"},{\"@type\":\"ListItem\",\"position\":2,\"name\":\"Corpo de mulher \u00e9 encontrado na beira da praia de Jacum\u00e3, na Grande Natal\"}]},{\"@type\":\"WebSite\",\"@id\":\"https:\/\/deputadotaveirajr.com.br\/#website\",\"url\":\"https:\/\/deputadotaveirajr.com.br\/\",\"name\":\"Taveira Jr\",\"description\":\"Deputado Estadual\",\"publisher\":{\"@id\":\"https:\/\/deputadotaveirajr.com.br\/#organization\"},\"potentialAction\":[{\"@type\":\"SearchAction\",\"target\":{\"@type\":\"EntryPoint\",\"urlTemplate\":\"https:\/\/deputadotaveirajr.com.br\/?s={search_term_string}\"},\"query-input\":{\"@type\":\"PropertyValueSpecification\",\"valueRequired\":true,\"valueName\":\"search_term_string\"}}],\"inLanguage\":\"pt-BR\"},{\"@type\":\"Organization\",\"@id\":\"https:\/\/deputadotaveirajr.com.br\/#organization\",\"name\":\"Taveira Jr\",\"url\":\"https:\/\/deputadotaveirajr.com.br\/\",\"logo\":{\"@type\":\"ImageObject\",\"inLanguage\":\"pt-BR\",\"@id\":\"https:\/\/deputadotaveirajr.com.br\/#\/schema\/logo\/image\/\",\"url\":\"https:\/\/deputadotaveirajr.com.br\/wp-content\/uploads\/2026\/01\/logolow2a.png\",\"contentUrl\":\"https:\/\/deputadotaveirajr.com.br\/wp-content\/uploads\/2026\/01\/logolow2a.png\",\"width\":290,\"height\":80,\"caption\":\"Taveira Jr\"},\"image\":{\"@id\":\"https:\/\/deputadotaveirajr.com.br\/#\/schema\/logo\/image\/\"}}]}<\/script>\n<!-- \/ Yoast SEO plugin. -->","yoast_head_json":{"title":"Corpo de mulher \u00e9 encontrado na beira da praia de Jacum\u00e3, na Grande Natal - Taveira Jr","robots":{"index":"index","follow":"follow","max-snippet":"max-snippet:-1","max-image-preview":"max-image-preview:large","max-video-preview":"max-video-preview:-1"},"canonical":"https:\/\/deputadotaveirajr.com.br\/index.php\/corpo-de-mulher-e-encontrado-na-beira-da-praia-de-jacuma-na-grande-natal\/","og_locale":"pt_BR","og_type":"article","og_title":"Corpo de mulher \u00e9 encontrado na beira da praia de Jacum\u00e3, na Grande Natal - Taveira Jr","og_description":"Caso aconteceu na manh\u00e3 de domingo (23) na praia localizada em Cear\u00e1-Mirim, na Grande Natal. Segundo Itep, mulher de 38 anos teria morrido afogada. Praia de Jacum\u00e3, na Grande Natal ...","og_url":"https:\/\/deputadotaveirajr.com.br\/index.php\/corpo-de-mulher-e-encontrado-na-beira-da-praia-de-jacuma-na-grande-natal\/","og_site_name":"Taveira Jr","og_image":[{"width":2560,"height":1695,"url":"https:\/\/deputadotaveirajr.com.br\/wp-content\/uploads\/2024\/06\/whatsapp-image-2024-06-24-at-10.11.00-bXHkNS-scaled.jpeg","type":"image\/jpeg"}],"twitter_card":"summary_large_image","twitter_misc":{"Est. tempo de leitura":"1 minuto"},"schema":{"@context":"https:\/\/schema.org","@graph":[{"@type":"WebPage","@id":"https:\/\/deputadotaveirajr.com.br\/index.php\/corpo-de-mulher-e-encontrado-na-beira-da-praia-de-jacuma-na-grande-natal\/","url":"https:\/\/deputadotaveirajr.com.br\/index.php\/corpo-de-mulher-e-encontrado-na-beira-da-praia-de-jacuma-na-grande-natal\/","name":"Corpo de mulher \u00e9 encontrado na beira da praia de Jacum\u00e3, na Grande Natal - Taveira Jr","isPartOf":{"@id":"https:\/\/deputadotaveirajr.com.br\/#website"},"primaryImageOfPage":{"@id":"https:\/\/deputadotaveirajr.com.br\/index.php\/corpo-de-mulher-e-encontrado-na-beira-da-praia-de-jacuma-na-grande-natal\/#primaryimage"},"image":{"@id":"https:\/\/deputadotaveirajr.com.br\/index.php\/corpo-de-mulher-e-encontrado-na-beira-da-praia-de-jacuma-na-grande-natal\/#primaryimage"},"thumbnailUrl":"https:\/\/deputadotaveirajr.com.br\/wp-content\/uploads\/2024\/06\/whatsapp-image-2024-06-24-at-10.11.00-bXHkNS-scaled.jpeg","datePublished":"2024-06-24T16:19:41+00:00","breadcrumb":{"@id":"https:\/\/deputadotaveirajr.com.br\/index.php\/corpo-de-mulher-e-encontrado-na-beira-da-praia-de-jacuma-na-grande-natal\/#breadcrumb"},"inLanguage":"pt-BR","potentialAction":[{"@type":"ReadAction","target":["https:\/\/deputadotaveirajr.com.br\/index.php\/corpo-de-mulher-e-encontrado-na-beira-da-praia-de-jacuma-na-grande-natal\/"]}]},{"@type":"ImageObject","inLanguage":"pt-BR","@id":"https:\/\/deputadotaveirajr.com.br\/index.php\/corpo-de-mulher-e-encontrado-na-beira-da-praia-de-jacuma-na-grande-natal\/#primaryimage","url":"https:\/\/deputadotaveirajr.com.br\/wp-content\/uploads\/2024\/06\/whatsapp-image-2024-06-24-at-10.11.00-bXHkNS-scaled.jpeg","contentUrl":"https:\/\/deputadotaveirajr.com.br\/wp-content\/uploads\/2024\/06\/whatsapp-image-2024-06-24-at-10.11.00-bXHkNS-scaled.jpeg","width":2560,"height":1695},{"@type":"BreadcrumbList","@id":"https:\/\/deputadotaveirajr.com.br\/index.php\/corpo-de-mulher-e-encontrado-na-beira-da-praia-de-jacuma-na-grande-natal\/#breadcrumb","itemListElement":[{"@type":"ListItem","position":1,"name":"In\u00edcio","item":"https:\/\/deputadotaveirajr.com.br\/"},{"@type":"ListItem","position":2,"name":"Corpo de mulher \u00e9 encontrado na beira da praia de Jacum\u00e3, na Grande Natal"}]},{"@type":"WebSite","@id":"https:\/\/deputadotaveirajr.com.br\/#website","url":"https:\/\/deputadotaveirajr.com.br\/","name":"Taveira Jr","description":"Deputado Estadual","publisher":{"@id":"https:\/\/deputadotaveirajr.com.br\/#organization"},"potentialAction":[{"@type":"SearchAction","target":{"@type":"EntryPoint","urlTemplate":"https:\/\/deputadotaveirajr.com.br\/?s={search_term_string}"},"query-input":{"@type":"PropertyValueSpecification","valueRequired":true,"valueName":"search_term_string"}}],"inLanguage":"pt-BR"},{"@type":"Organization","@id":"https:\/\/deputadotaveirajr.com.br\/#organization","name":"Taveira Jr","url":"https:\/\/deputadotaveirajr.com.br\/","logo":{"@type":"ImageObject","inLanguage":"pt-BR","@id":"https:\/\/deputadotaveirajr.com.br\/#\/schema\/logo\/image\/","url":"https:\/\/deputadotaveirajr.com.br\/wp-content\/uploads\/2026\/01\/logolow2a.png","contentUrl":"https:\/\/deputadotaveirajr.com.br\/wp-content\/uploads\/2026\/01\/logolow2a.png","width":290,"height":80,"caption":"Taveira Jr"},"image":{"@id":"https:\/\/deputadotaveirajr.com.br\/#\/schema\/logo\/image\/"}}]}},"_links":{"self":[{"href":"https:\/\/deputadotaveirajr.com.br\/index.php\/wp-json\/wp\/v2\/pages\/7275","targetHints":{"allow":["GET"]}}],"collection":[{"href":"https:\/\/deputadotaveirajr.com.br\/index.php\/wp-json\/wp\/v2\/pages"}],"about":[{"href":"https:\/\/deputadotaveirajr.com.br\/index.php\/wp-json\/wp\/v2\/types\/page"}],"replies":[{"embeddable":true,"href":"https:\/\/deputadotaveirajr.com.br\/index.php\/wp-json\/wp\/v2\/comments?post=7275"}],"version-history":[{"count":1,"href":"https:\/\/deputadotaveirajr.com.br\/index.php\/wp-json\/wp\/v2\/pages\/7275\/revisions"}],"predecessor-version":[{"id":7281,"href":"https:\/\/deputadotaveirajr.com.br\/index.php\/wp-json\/wp\/v2\/pages\/7275\/revisions\/7281"}],"wp:featuredmedia":[{"embeddable":true,"href":"https:\/\/deputadotaveirajr.com.br\/index.php\/wp-json\/wp\/v2\/media\/7276"}],"wp:attachment":[{"href":"https:\/\/deputadotaveirajr.com.br\/index.php\/wp-json\/wp\/v2\/media?parent=7275"}],"curies":[{"name":"wp","href":"https:\/\/api.w.org\/{rel}","templated":true}]}}