{"id":7299,"date":"2024-06-25T11:51:47","date_gmt":"2024-06-25T14:51:47","guid":{"rendered":"https:\/\/deputadotaveirajr.com.br\/?page_id=7299"},"modified":"2024-06-25T11:51:47","modified_gmt":"2024-06-25T14:51:47","slug":"esquema-de-golpes-por-whatsapp-contra-familiares-de-servidores-publicos-do-rn-e-alvo-de-operacao-do-mp","status":"publish","type":"page","link":"https:\/\/deputadotaveirajr.com.br\/index.php\/esquema-de-golpes-por-whatsapp-contra-familiares-de-servidores-publicos-do-rn-e-alvo-de-operacao-do-mp\/","title":{"rendered":"Esquema de golpes por Whatsapp contra familiares de servidores p\u00fablicos do RN \u00e9 alvo de opera\u00e7\u00e3o do MP"},"content":{"rendered":"<p>     Foram cumpridos tr\u00eas mandados busca e apreens\u00e3o na cidade de Goi\u00e2nia, em Goi\u00e1s. golpes teriam sido aplicados em 2021. O Minist\u00e9rio P\u00fablico do Rio Grande do Norte (MPRN) deflagrou nesta ter\u00e7a-feira (5) uma opera\u00e7\u00e3o para combater a atua\u00e7\u00e3o de um grupo de pessoas que aplicava golpes em familiares de servidores p\u00fablicos potiguares usando perfis falsos criados no aplicativo de mensagens WhatsApp.<br \/>\nA opera\u00e7\u00e3o cumpriu tr\u00eas mandados busca e apreens\u00e3o na cidade de Goi\u00e2nia, em Goi\u00e1s. De acordo com o MPRN, os estelionat\u00e1rios se passavam por parentes dos servidores usando o Whatsapp e pediam dinheiro.<br \/>\n\ud83d\udcf3Participe do canal do g1 RN no WhatsApp<br \/>\nA a\u00e7\u00e3o apura o cometimento dos crimes de estelionato mediante fraude eletr\u00f4nica, falsa atribui\u00e7\u00e3o de identidade e lavagem de dinheiro.<br \/>\nEm dezembro de 2023, uma opera\u00e7\u00e3o do MP prendeu, em 4 estados, 10 suspeitos de aplicar golpes em familiares de servidores p\u00fablicos do RN por WhatsApp<br \/>\nLEIA TAMB\u00c9M:<br \/>\nSuspeitos de aplicar golpes em familiares de servidores p\u00fablicos do RN por WhatsApp s\u00e3o presos em 4 estados<br \/>\nComo funcionava o golpe<br \/>\nAinda segundo o MP, o grupo agia quase sempre na seguinte din\u00e2mica:<br \/>\nPrimeiro, para ludibriar a fam\u00edlia dos servidores p\u00fablicos, os estelionat\u00e1rios obtinham, possivelmente na internet, fotos das pessoas pelas quais pretendiam se passar;<br \/>\nEm seguida, colocava a imagem em um falso perfil do WhatsApp, vinculado a um n\u00famero gerido pelos golpistas.<br \/>\nA partir disso, faziam contatos com as v\u00edtimas para inform\u00e1-las sobre a mudan\u00e7a de n\u00famero do suposto parente e, na oportunidade, simulavam uma circunst\u00e2ncia econ\u00f4mica desfavor\u00e1vel e urgente para vulnerar o familiar e justificar falsamente o pedido de aux\u00edlio financeiro.<br \/>\nA opera\u00e7\u00e3o Tr\u00edscele teve o apoio do Grupo de Atua\u00e7\u00e3o Especial de Combate ao Crime Organizado do MP de Goi\u00e1s (Gaeco\/MPGO), da Coordenadoria de Seguran\u00e7a Institucional e Intelig\u00eancia do MPGO (CSI) e da Pol\u00edcia Militar goiana. Participaram da opera\u00e7\u00e3o promotores de Justi\u00e7a, servidores dos MPs e policiais militares.<br \/>\nSuspeitos de aplicar golpes em familiares de servidores p\u00fablicos do RN por WhatsApp foram presos em SP, BA, PR e SC em dezembro de 2023<br \/>\nFoto: Divulga\u00e7\u00e3o\/MPRN<br \/>\nV\u00cdDEOS: Mais vistos do RN nos \u00faltimos 7 dias<\/p>","protected":false},"excerpt":{"rendered":"<p>Foram cumpridos tr\u00eas mandados busca e apreens\u00e3o na cidade de Goi\u00e2nia, em Goi\u00e1s. golpes teriam sido aplicados em 2021. O Minist\u00e9rio P\u00fablico do Rio Grande do Norte (MPRN) deflagrou nesta &#8230;<\/p>\n","protected":false},"author":0,"featured_media":7300,"parent":0,"menu_order":0,"comment_status":"closed","ping_status":"closed","template":"","meta":{"footnotes":""},"class_list":["post-7299","page","type-page","status-publish","has-post-thumbnail","hentry"],"yoast_head":"<!-- This site is optimized with the Yoast SEO plugin v27.1.1 - https:\/\/yoast.com\/product\/yoast-seo-wordpress\/ -->\n<title>Esquema de golpes por Whatsapp contra familiares de servidores p\u00fablicos do RN \u00e9 alvo de opera\u00e7\u00e3o do MP - Taveira Jr<\/title>\n<meta name=\"robots\" content=\"index, follow, max-snippet:-1, max-image-preview:large, max-video-preview:-1\" \/>\n<link rel=\"canonical\" href=\"https:\/\/deputadotaveirajr.com.br\/index.php\/esquema-de-golpes-por-whatsapp-contra-familiares-de-servidores-publicos-do-rn-e-alvo-de-operacao-do-mp\/\" \/>\n<meta property=\"og:locale\" content=\"pt_BR\" \/>\n<meta property=\"og:type\" content=\"article\" \/>\n<meta property=\"og:title\" content=\"Esquema de golpes por Whatsapp contra familiares de servidores p\u00fablicos do RN \u00e9 alvo de opera\u00e7\u00e3o do MP - Taveira Jr\" \/>\n<meta property=\"og:description\" content=\"Foram cumpridos tr\u00eas mandados busca e apreens\u00e3o na cidade de Goi\u00e2nia, em Goi\u00e1s. golpes teriam sido aplicados em 2021. O Minist\u00e9rio P\u00fablico do Rio Grande do Norte (MPRN) deflagrou nesta ...\" \/>\n<meta property=\"og:url\" content=\"https:\/\/deputadotaveirajr.com.br\/index.php\/esquema-de-golpes-por-whatsapp-contra-familiares-de-servidores-publicos-do-rn-e-alvo-de-operacao-do-mp\/\" \/>\n<meta property=\"og:site_name\" content=\"Taveira Jr\" \/>\n<meta property=\"og:image\" content=\"https:\/\/deputadotaveirajr.com.br\/wp-content\/uploads\/2024\/06\/whatsapp-image-2023-12-19-at-08.59.08-cut-3YB8YA.jpeg\" \/>\n\t<meta property=\"og:image:width\" content=\"900\" \/>\n\t<meta property=\"og:image:height\" content=\"628\" \/>\n\t<meta property=\"og:image:type\" content=\"image\/jpeg\" \/>\n<meta name=\"twitter:card\" content=\"summary_large_image\" \/>\n<meta name=\"twitter:label1\" content=\"Est. tempo de leitura\" \/>\n\t<meta name=\"twitter:data1\" content=\"2 minutos\" \/>\n<script type=\"application\/ld+json\" class=\"yoast-schema-graph\">{\"@context\":\"https:\/\/schema.org\",\"@graph\":[{\"@type\":\"WebPage\",\"@id\":\"https:\/\/deputadotaveirajr.com.br\/index.php\/esquema-de-golpes-por-whatsapp-contra-familiares-de-servidores-publicos-do-rn-e-alvo-de-operacao-do-mp\/\",\"url\":\"https:\/\/deputadotaveirajr.com.br\/index.php\/esquema-de-golpes-por-whatsapp-contra-familiares-de-servidores-publicos-do-rn-e-alvo-de-operacao-do-mp\/\",\"name\":\"Esquema de golpes por Whatsapp contra familiares de servidores p\u00fablicos do RN \u00e9 alvo de opera\u00e7\u00e3o do MP - Taveira Jr\",\"isPartOf\":{\"@id\":\"https:\/\/deputadotaveirajr.com.br\/#website\"},\"primaryImageOfPage\":{\"@id\":\"https:\/\/deputadotaveirajr.com.br\/index.php\/esquema-de-golpes-por-whatsapp-contra-familiares-de-servidores-publicos-do-rn-e-alvo-de-operacao-do-mp\/#primaryimage\"},\"image\":{\"@id\":\"https:\/\/deputadotaveirajr.com.br\/index.php\/esquema-de-golpes-por-whatsapp-contra-familiares-de-servidores-publicos-do-rn-e-alvo-de-operacao-do-mp\/#primaryimage\"},\"thumbnailUrl\":\"https:\/\/deputadotaveirajr.com.br\/wp-content\/uploads\/2024\/06\/whatsapp-image-2023-12-19-at-08.59.08-cut-3YB8YA.jpeg\",\"datePublished\":\"2024-06-25T14:51:47+00:00\",\"breadcrumb\":{\"@id\":\"https:\/\/deputadotaveirajr.com.br\/index.php\/esquema-de-golpes-por-whatsapp-contra-familiares-de-servidores-publicos-do-rn-e-alvo-de-operacao-do-mp\/#breadcrumb\"},\"inLanguage\":\"pt-BR\",\"potentialAction\":[{\"@type\":\"ReadAction\",\"target\":[\"https:\/\/deputadotaveirajr.com.br\/index.php\/esquema-de-golpes-por-whatsapp-contra-familiares-de-servidores-publicos-do-rn-e-alvo-de-operacao-do-mp\/\"]}]},{\"@type\":\"ImageObject\",\"inLanguage\":\"pt-BR\",\"@id\":\"https:\/\/deputadotaveirajr.com.br\/index.php\/esquema-de-golpes-por-whatsapp-contra-familiares-de-servidores-publicos-do-rn-e-alvo-de-operacao-do-mp\/#primaryimage\",\"url\":\"https:\/\/deputadotaveirajr.com.br\/wp-content\/uploads\/2024\/06\/whatsapp-image-2023-12-19-at-08.59.08-cut-3YB8YA.jpeg\",\"contentUrl\":\"https:\/\/deputadotaveirajr.com.br\/wp-content\/uploads\/2024\/06\/whatsapp-image-2023-12-19-at-08.59.08-cut-3YB8YA.jpeg\",\"width\":900,\"height\":628},{\"@type\":\"BreadcrumbList\",\"@id\":\"https:\/\/deputadotaveirajr.com.br\/index.php\/esquema-de-golpes-por-whatsapp-contra-familiares-de-servidores-publicos-do-rn-e-alvo-de-operacao-do-mp\/#breadcrumb\",\"itemListElement\":[{\"@type\":\"ListItem\",\"position\":1,\"name\":\"In\u00edcio\",\"item\":\"https:\/\/deputadotaveirajr.com.br\/\"},{\"@type\":\"ListItem\",\"position\":2,\"name\":\"Esquema de golpes por Whatsapp contra familiares de servidores p\u00fablicos do RN \u00e9 alvo de opera\u00e7\u00e3o do MP\"}]},{\"@type\":\"WebSite\",\"@id\":\"https:\/\/deputadotaveirajr.com.br\/#website\",\"url\":\"https:\/\/deputadotaveirajr.com.br\/\",\"name\":\"Taveira Jr\",\"description\":\"Deputado Estadual\",\"publisher\":{\"@id\":\"https:\/\/deputadotaveirajr.com.br\/#organization\"},\"potentialAction\":[{\"@type\":\"SearchAction\",\"target\":{\"@type\":\"EntryPoint\",\"urlTemplate\":\"https:\/\/deputadotaveirajr.com.br\/?s={search_term_string}\"},\"query-input\":{\"@type\":\"PropertyValueSpecification\",\"valueRequired\":true,\"valueName\":\"search_term_string\"}}],\"inLanguage\":\"pt-BR\"},{\"@type\":\"Organization\",\"@id\":\"https:\/\/deputadotaveirajr.com.br\/#organization\",\"name\":\"Taveira Jr\",\"url\":\"https:\/\/deputadotaveirajr.com.br\/\",\"logo\":{\"@type\":\"ImageObject\",\"inLanguage\":\"pt-BR\",\"@id\":\"https:\/\/deputadotaveirajr.com.br\/#\/schema\/logo\/image\/\",\"url\":\"https:\/\/deputadotaveirajr.com.br\/wp-content\/uploads\/2026\/01\/logolow2a.png\",\"contentUrl\":\"https:\/\/deputadotaveirajr.com.br\/wp-content\/uploads\/2026\/01\/logolow2a.png\",\"width\":290,\"height\":80,\"caption\":\"Taveira Jr\"},\"image\":{\"@id\":\"https:\/\/deputadotaveirajr.com.br\/#\/schema\/logo\/image\/\"}}]}<\/script>\n<!-- \/ Yoast SEO plugin. -->","yoast_head_json":{"title":"Esquema de golpes por Whatsapp contra familiares de servidores p\u00fablicos do RN \u00e9 alvo de opera\u00e7\u00e3o do MP - Taveira Jr","robots":{"index":"index","follow":"follow","max-snippet":"max-snippet:-1","max-image-preview":"max-image-preview:large","max-video-preview":"max-video-preview:-1"},"canonical":"https:\/\/deputadotaveirajr.com.br\/index.php\/esquema-de-golpes-por-whatsapp-contra-familiares-de-servidores-publicos-do-rn-e-alvo-de-operacao-do-mp\/","og_locale":"pt_BR","og_type":"article","og_title":"Esquema de golpes por Whatsapp contra familiares de servidores p\u00fablicos do RN \u00e9 alvo de opera\u00e7\u00e3o do MP - Taveira Jr","og_description":"Foram cumpridos tr\u00eas mandados busca e apreens\u00e3o na cidade de Goi\u00e2nia, em Goi\u00e1s. golpes teriam sido aplicados em 2021. O Minist\u00e9rio P\u00fablico do Rio Grande do Norte (MPRN) deflagrou nesta ...","og_url":"https:\/\/deputadotaveirajr.com.br\/index.php\/esquema-de-golpes-por-whatsapp-contra-familiares-de-servidores-publicos-do-rn-e-alvo-de-operacao-do-mp\/","og_site_name":"Taveira Jr","og_image":[{"width":900,"height":628,"url":"https:\/\/deputadotaveirajr.com.br\/wp-content\/uploads\/2024\/06\/whatsapp-image-2023-12-19-at-08.59.08-cut-3YB8YA.jpeg","type":"image\/jpeg"}],"twitter_card":"summary_large_image","twitter_misc":{"Est. tempo de leitura":"2 minutos"},"schema":{"@context":"https:\/\/schema.org","@graph":[{"@type":"WebPage","@id":"https:\/\/deputadotaveirajr.com.br\/index.php\/esquema-de-golpes-por-whatsapp-contra-familiares-de-servidores-publicos-do-rn-e-alvo-de-operacao-do-mp\/","url":"https:\/\/deputadotaveirajr.com.br\/index.php\/esquema-de-golpes-por-whatsapp-contra-familiares-de-servidores-publicos-do-rn-e-alvo-de-operacao-do-mp\/","name":"Esquema de golpes por Whatsapp contra familiares de servidores p\u00fablicos do RN \u00e9 alvo de opera\u00e7\u00e3o do MP - Taveira Jr","isPartOf":{"@id":"https:\/\/deputadotaveirajr.com.br\/#website"},"primaryImageOfPage":{"@id":"https:\/\/deputadotaveirajr.com.br\/index.php\/esquema-de-golpes-por-whatsapp-contra-familiares-de-servidores-publicos-do-rn-e-alvo-de-operacao-do-mp\/#primaryimage"},"image":{"@id":"https:\/\/deputadotaveirajr.com.br\/index.php\/esquema-de-golpes-por-whatsapp-contra-familiares-de-servidores-publicos-do-rn-e-alvo-de-operacao-do-mp\/#primaryimage"},"thumbnailUrl":"https:\/\/deputadotaveirajr.com.br\/wp-content\/uploads\/2024\/06\/whatsapp-image-2023-12-19-at-08.59.08-cut-3YB8YA.jpeg","datePublished":"2024-06-25T14:51:47+00:00","breadcrumb":{"@id":"https:\/\/deputadotaveirajr.com.br\/index.php\/esquema-de-golpes-por-whatsapp-contra-familiares-de-servidores-publicos-do-rn-e-alvo-de-operacao-do-mp\/#breadcrumb"},"inLanguage":"pt-BR","potentialAction":[{"@type":"ReadAction","target":["https:\/\/deputadotaveirajr.com.br\/index.php\/esquema-de-golpes-por-whatsapp-contra-familiares-de-servidores-publicos-do-rn-e-alvo-de-operacao-do-mp\/"]}]},{"@type":"ImageObject","inLanguage":"pt-BR","@id":"https:\/\/deputadotaveirajr.com.br\/index.php\/esquema-de-golpes-por-whatsapp-contra-familiares-de-servidores-publicos-do-rn-e-alvo-de-operacao-do-mp\/#primaryimage","url":"https:\/\/deputadotaveirajr.com.br\/wp-content\/uploads\/2024\/06\/whatsapp-image-2023-12-19-at-08.59.08-cut-3YB8YA.jpeg","contentUrl":"https:\/\/deputadotaveirajr.com.br\/wp-content\/uploads\/2024\/06\/whatsapp-image-2023-12-19-at-08.59.08-cut-3YB8YA.jpeg","width":900,"height":628},{"@type":"BreadcrumbList","@id":"https:\/\/deputadotaveirajr.com.br\/index.php\/esquema-de-golpes-por-whatsapp-contra-familiares-de-servidores-publicos-do-rn-e-alvo-de-operacao-do-mp\/#breadcrumb","itemListElement":[{"@type":"ListItem","position":1,"name":"In\u00edcio","item":"https:\/\/deputadotaveirajr.com.br\/"},{"@type":"ListItem","position":2,"name":"Esquema de golpes por Whatsapp contra familiares de servidores p\u00fablicos do RN \u00e9 alvo de opera\u00e7\u00e3o do MP"}]},{"@type":"WebSite","@id":"https:\/\/deputadotaveirajr.com.br\/#website","url":"https:\/\/deputadotaveirajr.com.br\/","name":"Taveira Jr","description":"Deputado Estadual","publisher":{"@id":"https:\/\/deputadotaveirajr.com.br\/#organization"},"potentialAction":[{"@type":"SearchAction","target":{"@type":"EntryPoint","urlTemplate":"https:\/\/deputadotaveirajr.com.br\/?s={search_term_string}"},"query-input":{"@type":"PropertyValueSpecification","valueRequired":true,"valueName":"search_term_string"}}],"inLanguage":"pt-BR"},{"@type":"Organization","@id":"https:\/\/deputadotaveirajr.com.br\/#organization","name":"Taveira Jr","url":"https:\/\/deputadotaveirajr.com.br\/","logo":{"@type":"ImageObject","inLanguage":"pt-BR","@id":"https:\/\/deputadotaveirajr.com.br\/#\/schema\/logo\/image\/","url":"https:\/\/deputadotaveirajr.com.br\/wp-content\/uploads\/2026\/01\/logolow2a.png","contentUrl":"https:\/\/deputadotaveirajr.com.br\/wp-content\/uploads\/2026\/01\/logolow2a.png","width":290,"height":80,"caption":"Taveira Jr"},"image":{"@id":"https:\/\/deputadotaveirajr.com.br\/#\/schema\/logo\/image\/"}}]}},"_links":{"self":[{"href":"https:\/\/deputadotaveirajr.com.br\/index.php\/wp-json\/wp\/v2\/pages\/7299","targetHints":{"allow":["GET"]}}],"collection":[{"href":"https:\/\/deputadotaveirajr.com.br\/index.php\/wp-json\/wp\/v2\/pages"}],"about":[{"href":"https:\/\/deputadotaveirajr.com.br\/index.php\/wp-json\/wp\/v2\/types\/page"}],"replies":[{"embeddable":true,"href":"https:\/\/deputadotaveirajr.com.br\/index.php\/wp-json\/wp\/v2\/comments?post=7299"}],"version-history":[{"count":1,"href":"https:\/\/deputadotaveirajr.com.br\/index.php\/wp-json\/wp\/v2\/pages\/7299\/revisions"}],"predecessor-version":[{"id":7304,"href":"https:\/\/deputadotaveirajr.com.br\/index.php\/wp-json\/wp\/v2\/pages\/7299\/revisions\/7304"}],"wp:featuredmedia":[{"embeddable":true,"href":"https:\/\/deputadotaveirajr.com.br\/index.php\/wp-json\/wp\/v2\/media\/7300"}],"wp:attachment":[{"href":"https:\/\/deputadotaveirajr.com.br\/index.php\/wp-json\/wp\/v2\/media?parent=7299"}],"curies":[{"name":"wp","href":"https:\/\/api.w.org\/{rel}","templated":true}]}}