{"id":7334,"date":"2024-06-26T21:34:57","date_gmt":"2024-06-27T00:34:57","guid":{"rendered":"https:\/\/deputadotaveirajr.com.br\/?page_id=7334"},"modified":"2024-06-26T21:34:57","modified_gmt":"2024-06-27T00:34:57","slug":"leilao-do-terminal-pesqueiro-de-natal-e-suspenso-por-falta-de-garantia-em-proposta-apresentada","status":"publish","type":"page","link":"https:\/\/deputadotaveirajr.com.br\/index.php\/leilao-do-terminal-pesqueiro-de-natal-e-suspenso-por-falta-de-garantia-em-proposta-apresentada\/","title":{"rendered":"Leil\u00e3o do Terminal Pesqueiro de Natal \u00e9 suspenso por falta de garantia em proposta apresentada"},"content":{"rendered":"<p>     Nova sess\u00e3o p\u00fablica deve ocorrer em cerca de um m\u00eas, segundo secret\u00e1rio de Agricultura, Pecu\u00e1ria e Pesca do RN.  Terminal recebeu apenas uma proposta. Terminal Pesqueiro de Natal RN Ribeira Rio Potengi Rio Grande do Norte<br \/>\nDivulga\u00e7\u00e3o\/Governo do RN<br \/>\nA sess\u00e3o p\u00fablica desta ter\u00e7a-feira (25) que abriria os envelopes com as propostas dos interessados em operar o Terminal P\u00fablico Pesqueiro de Natal (TPP) foi suspensa pelo Minist\u00e9rio de Pesca e Aquicultura (MPA) por por problemas na garantia na proposta apresentada.<br \/>\nO TPP de Natal recebeu proposta de apenas uma empresa, mas ela n\u00e3o teve as garantias para operar o equipamento validadas pela B3, a bolsa de valores respons\u00e1vel pelo leil\u00e3o, segundo o secret\u00e1rio de Agricultura, Pecu\u00e1ria e Pesca do Rio Grande do Norte, Guilherme Saldanha.<br \/>\n\ud83d\udcf3Participe do canal do g1 RN no WhatsApp<br \/>\nO titular da pasta disse que uma reuni\u00e3o foi marcada com a B3, representantes do MPA e do governo do RN. Segundo ele, o pedido de garantia foi feito \u00e0 empresa e a poss\u00edveis novos concorrentes.<br \/>\n&#8220;Era mais um tr\u00e2mite mais burocr\u00e1tico. L\u00f3gico que isso \u00e9 uma exig\u00eancia feita pela B3 para dar mais seguran\u00e7a de que o terminal entrar\u00e1 em opera\u00e7\u00e3o, que a empresa que ganhar tenha condi\u00e7\u00e3o, lastro financeiro para que coloque isso em opera\u00e7\u00e3o. Isso foi esclarecido&#8221;, explicou \u00e0 Inter TV Cabugi.<br \/>\nA sess\u00e3o foi suspensa na segunda-feira (24), um dia antes de acontecer. O secret\u00e1rio Guilherme Saldanha espera que o novo leil\u00e3o seja realizado em no m\u00e1ximo 15 dias. Ele acredita que n\u00e3o \u00e9 necess\u00e1rio alterar os padr\u00f5es do edital ou que a realiza\u00e7\u00e3o tramite novamente pelos \u00f3rg\u00e3os fiscalizadores.<br \/>\n&#8220;E num prazo de tempo de 30 e 60 dias que possa ocorrer um novo leil\u00e3o, e que tanto essa empresa concorrente quanto outras se adequem a essa exig\u00eancia&#8221;, explicou.<br \/>\nLeil\u00e3o aberto em mar\u00e7o<br \/>\nEm mar\u00e7o deste ano, o Minist\u00e9rio abriu um leil\u00e3o p\u00fablico para receber propostas para concess\u00e3o do Terminal Pesqueiro P\u00fablico de Natal por um per\u00edodo de 20 anos.<br \/>\nO valor estimado para a contrata\u00e7\u00e3o do Terminal Pesqueiro de Natal, segundo o edital, era de R$ 185.220.326,30.<br \/>\nSegundo o edital, o vencedor que assumir o terminal ter\u00e1 a responsabilidade de recuperar e modernizar o equipamento para entrar em opera\u00e7\u00e3o plena. O crit\u00e9rio para escolha da proposta comercial vencedora era o maior valor de outorga, segundo o Minist\u00e9rio da Pesca e Aquicultura<br \/>\nHist\u00f3rico do Terminal Pesqueiro de Natal<br \/>\nO Terminal Pesqueiro de Natal \u00e9 localizado na Ribeira, ao lado do Porto de Natal, no estu\u00e1rio do Rio Potengi. A estrutura ocupa um terreno de 13.500 metros quadrados, com \u00e1rea constru\u00edda de 4.800 m\u00b2.<br \/>\nO terminal come\u00e7ou a ser constru\u00eddo em 2009, mas teve a obra interrompida quando estava com 95% executada em 2010 e n\u00e3o entrou em opera\u00e7\u00e3o. Dos R$ 35 milh\u00f5es or\u00e7ados para o terminal, foram gastos R$ 32 milh\u00f5es.<br \/>\nAp\u00f3s um impasse judicial e o pagamento da d\u00edvida, que inicialmente era de R$1 milh\u00e3o, do governo com a construtora, o terminal voltou para a gest\u00e3o do governo federal.<br \/>\nO terminal foi inclu\u00eddo, em 2021, no Programa Nacional de Desestatiza\u00e7\u00e3o (DSN) do governo federal. At\u00e9 junho deste ano, o terminal n\u00e3o entrou em opera\u00e7\u00e3o.<br \/>\nV\u00eddeos mais assistidos do g1 RN<\/p>","protected":false},"excerpt":{"rendered":"<p>Nova sess\u00e3o p\u00fablica deve ocorrer em cerca de um m\u00eas, segundo secret\u00e1rio de Agricultura, Pecu\u00e1ria e Pesca do RN. Terminal recebeu apenas uma proposta. Terminal Pesqueiro de Natal RN Ribeira &#8230;<\/p>\n","protected":false},"author":0,"featured_media":7335,"parent":0,"menu_order":0,"comment_status":"closed","ping_status":"closed","template":"","meta":{"footnotes":""},"class_list":["post-7334","page","type-page","status-publish","has-post-thumbnail","hentry"],"yoast_head":"<!-- This site is optimized with the Yoast SEO plugin v27.1.1 - https:\/\/yoast.com\/product\/yoast-seo-wordpress\/ -->\n<title>Leil\u00e3o do Terminal Pesqueiro de Natal \u00e9 suspenso por falta de garantia em proposta apresentada - Taveira Jr<\/title>\n<meta name=\"robots\" content=\"index, follow, max-snippet:-1, max-image-preview:large, max-video-preview:-1\" \/>\n<link rel=\"canonical\" href=\"https:\/\/deputadotaveirajr.com.br\/index.php\/leilao-do-terminal-pesqueiro-de-natal-e-suspenso-por-falta-de-garantia-em-proposta-apresentada\/\" \/>\n<meta property=\"og:locale\" content=\"pt_BR\" \/>\n<meta property=\"og:type\" content=\"article\" \/>\n<meta property=\"og:title\" content=\"Leil\u00e3o do Terminal Pesqueiro de Natal \u00e9 suspenso por falta de garantia em proposta apresentada - Taveira Jr\" \/>\n<meta property=\"og:description\" content=\"Nova sess\u00e3o p\u00fablica deve ocorrer em cerca de um m\u00eas, segundo secret\u00e1rio de Agricultura, Pecu\u00e1ria e Pesca do RN. Terminal recebeu apenas uma proposta. Terminal Pesqueiro de Natal RN Ribeira ...\" \/>\n<meta property=\"og:url\" content=\"https:\/\/deputadotaveirajr.com.br\/index.php\/leilao-do-terminal-pesqueiro-de-natal-e-suspenso-por-falta-de-garantia-em-proposta-apresentada\/\" \/>\n<meta property=\"og:site_name\" content=\"Taveira Jr\" \/>\n<meta property=\"og:image\" content=\"https:\/\/deputadotaveirajr.com.br\/wp-content\/uploads\/2024\/06\/terminal-pesqueiro-do-rn-SxfTLe.jpeg\" \/>\n\t<meta property=\"og:image:width\" content=\"1200\" \/>\n\t<meta property=\"og:image:height\" content=\"797\" \/>\n\t<meta property=\"og:image:type\" content=\"image\/jpeg\" \/>\n<meta name=\"twitter:card\" content=\"summary_large_image\" \/>\n<meta name=\"twitter:label1\" content=\"Est. tempo de leitura\" \/>\n\t<meta name=\"twitter:data1\" content=\"3 minutos\" \/>\n<script type=\"application\/ld+json\" class=\"yoast-schema-graph\">{\"@context\":\"https:\/\/schema.org\",\"@graph\":[{\"@type\":\"WebPage\",\"@id\":\"https:\/\/deputadotaveirajr.com.br\/index.php\/leilao-do-terminal-pesqueiro-de-natal-e-suspenso-por-falta-de-garantia-em-proposta-apresentada\/\",\"url\":\"https:\/\/deputadotaveirajr.com.br\/index.php\/leilao-do-terminal-pesqueiro-de-natal-e-suspenso-por-falta-de-garantia-em-proposta-apresentada\/\",\"name\":\"Leil\u00e3o do Terminal Pesqueiro de Natal \u00e9 suspenso por falta de garantia em proposta apresentada - Taveira Jr\",\"isPartOf\":{\"@id\":\"https:\/\/deputadotaveirajr.com.br\/#website\"},\"primaryImageOfPage\":{\"@id\":\"https:\/\/deputadotaveirajr.com.br\/index.php\/leilao-do-terminal-pesqueiro-de-natal-e-suspenso-por-falta-de-garantia-em-proposta-apresentada\/#primaryimage\"},\"image\":{\"@id\":\"https:\/\/deputadotaveirajr.com.br\/index.php\/leilao-do-terminal-pesqueiro-de-natal-e-suspenso-por-falta-de-garantia-em-proposta-apresentada\/#primaryimage\"},\"thumbnailUrl\":\"https:\/\/deputadotaveirajr.com.br\/wp-content\/uploads\/2024\/06\/terminal-pesqueiro-do-rn-SxfTLe.jpeg\",\"datePublished\":\"2024-06-27T00:34:57+00:00\",\"breadcrumb\":{\"@id\":\"https:\/\/deputadotaveirajr.com.br\/index.php\/leilao-do-terminal-pesqueiro-de-natal-e-suspenso-por-falta-de-garantia-em-proposta-apresentada\/#breadcrumb\"},\"inLanguage\":\"pt-BR\",\"potentialAction\":[{\"@type\":\"ReadAction\",\"target\":[\"https:\/\/deputadotaveirajr.com.br\/index.php\/leilao-do-terminal-pesqueiro-de-natal-e-suspenso-por-falta-de-garantia-em-proposta-apresentada\/\"]}]},{\"@type\":\"ImageObject\",\"inLanguage\":\"pt-BR\",\"@id\":\"https:\/\/deputadotaveirajr.com.br\/index.php\/leilao-do-terminal-pesqueiro-de-natal-e-suspenso-por-falta-de-garantia-em-proposta-apresentada\/#primaryimage\",\"url\":\"https:\/\/deputadotaveirajr.com.br\/wp-content\/uploads\/2024\/06\/terminal-pesqueiro-do-rn-SxfTLe.jpeg\",\"contentUrl\":\"https:\/\/deputadotaveirajr.com.br\/wp-content\/uploads\/2024\/06\/terminal-pesqueiro-do-rn-SxfTLe.jpeg\",\"width\":1200,\"height\":797},{\"@type\":\"BreadcrumbList\",\"@id\":\"https:\/\/deputadotaveirajr.com.br\/index.php\/leilao-do-terminal-pesqueiro-de-natal-e-suspenso-por-falta-de-garantia-em-proposta-apresentada\/#breadcrumb\",\"itemListElement\":[{\"@type\":\"ListItem\",\"position\":1,\"name\":\"In\u00edcio\",\"item\":\"https:\/\/deputadotaveirajr.com.br\/\"},{\"@type\":\"ListItem\",\"position\":2,\"name\":\"Leil\u00e3o do Terminal Pesqueiro de Natal \u00e9 suspenso por falta de garantia em proposta apresentada\"}]},{\"@type\":\"WebSite\",\"@id\":\"https:\/\/deputadotaveirajr.com.br\/#website\",\"url\":\"https:\/\/deputadotaveirajr.com.br\/\",\"name\":\"Taveira Jr\",\"description\":\"Deputado Estadual\",\"publisher\":{\"@id\":\"https:\/\/deputadotaveirajr.com.br\/#organization\"},\"potentialAction\":[{\"@type\":\"SearchAction\",\"target\":{\"@type\":\"EntryPoint\",\"urlTemplate\":\"https:\/\/deputadotaveirajr.com.br\/?s={search_term_string}\"},\"query-input\":{\"@type\":\"PropertyValueSpecification\",\"valueRequired\":true,\"valueName\":\"search_term_string\"}}],\"inLanguage\":\"pt-BR\"},{\"@type\":\"Organization\",\"@id\":\"https:\/\/deputadotaveirajr.com.br\/#organization\",\"name\":\"Taveira Jr\",\"url\":\"https:\/\/deputadotaveirajr.com.br\/\",\"logo\":{\"@type\":\"ImageObject\",\"inLanguage\":\"pt-BR\",\"@id\":\"https:\/\/deputadotaveirajr.com.br\/#\/schema\/logo\/image\/\",\"url\":\"https:\/\/deputadotaveirajr.com.br\/wp-content\/uploads\/2026\/01\/logolow2a.png\",\"contentUrl\":\"https:\/\/deputadotaveirajr.com.br\/wp-content\/uploads\/2026\/01\/logolow2a.png\",\"width\":290,\"height\":80,\"caption\":\"Taveira Jr\"},\"image\":{\"@id\":\"https:\/\/deputadotaveirajr.com.br\/#\/schema\/logo\/image\/\"}}]}<\/script>\n<!-- \/ Yoast SEO plugin. -->","yoast_head_json":{"title":"Leil\u00e3o do Terminal Pesqueiro de Natal \u00e9 suspenso por falta de garantia em proposta apresentada - Taveira Jr","robots":{"index":"index","follow":"follow","max-snippet":"max-snippet:-1","max-image-preview":"max-image-preview:large","max-video-preview":"max-video-preview:-1"},"canonical":"https:\/\/deputadotaveirajr.com.br\/index.php\/leilao-do-terminal-pesqueiro-de-natal-e-suspenso-por-falta-de-garantia-em-proposta-apresentada\/","og_locale":"pt_BR","og_type":"article","og_title":"Leil\u00e3o do Terminal Pesqueiro de Natal \u00e9 suspenso por falta de garantia em proposta apresentada - Taveira Jr","og_description":"Nova sess\u00e3o p\u00fablica deve ocorrer em cerca de um m\u00eas, segundo secret\u00e1rio de Agricultura, Pecu\u00e1ria e Pesca do RN. Terminal recebeu apenas uma proposta. Terminal Pesqueiro de Natal RN Ribeira ...","og_url":"https:\/\/deputadotaveirajr.com.br\/index.php\/leilao-do-terminal-pesqueiro-de-natal-e-suspenso-por-falta-de-garantia-em-proposta-apresentada\/","og_site_name":"Taveira Jr","og_image":[{"width":1200,"height":797,"url":"https:\/\/deputadotaveirajr.com.br\/wp-content\/uploads\/2024\/06\/terminal-pesqueiro-do-rn-SxfTLe.jpeg","type":"image\/jpeg"}],"twitter_card":"summary_large_image","twitter_misc":{"Est. tempo de leitura":"3 minutos"},"schema":{"@context":"https:\/\/schema.org","@graph":[{"@type":"WebPage","@id":"https:\/\/deputadotaveirajr.com.br\/index.php\/leilao-do-terminal-pesqueiro-de-natal-e-suspenso-por-falta-de-garantia-em-proposta-apresentada\/","url":"https:\/\/deputadotaveirajr.com.br\/index.php\/leilao-do-terminal-pesqueiro-de-natal-e-suspenso-por-falta-de-garantia-em-proposta-apresentada\/","name":"Leil\u00e3o do Terminal Pesqueiro de Natal \u00e9 suspenso por falta de garantia em proposta apresentada - Taveira Jr","isPartOf":{"@id":"https:\/\/deputadotaveirajr.com.br\/#website"},"primaryImageOfPage":{"@id":"https:\/\/deputadotaveirajr.com.br\/index.php\/leilao-do-terminal-pesqueiro-de-natal-e-suspenso-por-falta-de-garantia-em-proposta-apresentada\/#primaryimage"},"image":{"@id":"https:\/\/deputadotaveirajr.com.br\/index.php\/leilao-do-terminal-pesqueiro-de-natal-e-suspenso-por-falta-de-garantia-em-proposta-apresentada\/#primaryimage"},"thumbnailUrl":"https:\/\/deputadotaveirajr.com.br\/wp-content\/uploads\/2024\/06\/terminal-pesqueiro-do-rn-SxfTLe.jpeg","datePublished":"2024-06-27T00:34:57+00:00","breadcrumb":{"@id":"https:\/\/deputadotaveirajr.com.br\/index.php\/leilao-do-terminal-pesqueiro-de-natal-e-suspenso-por-falta-de-garantia-em-proposta-apresentada\/#breadcrumb"},"inLanguage":"pt-BR","potentialAction":[{"@type":"ReadAction","target":["https:\/\/deputadotaveirajr.com.br\/index.php\/leilao-do-terminal-pesqueiro-de-natal-e-suspenso-por-falta-de-garantia-em-proposta-apresentada\/"]}]},{"@type":"ImageObject","inLanguage":"pt-BR","@id":"https:\/\/deputadotaveirajr.com.br\/index.php\/leilao-do-terminal-pesqueiro-de-natal-e-suspenso-por-falta-de-garantia-em-proposta-apresentada\/#primaryimage","url":"https:\/\/deputadotaveirajr.com.br\/wp-content\/uploads\/2024\/06\/terminal-pesqueiro-do-rn-SxfTLe.jpeg","contentUrl":"https:\/\/deputadotaveirajr.com.br\/wp-content\/uploads\/2024\/06\/terminal-pesqueiro-do-rn-SxfTLe.jpeg","width":1200,"height":797},{"@type":"BreadcrumbList","@id":"https:\/\/deputadotaveirajr.com.br\/index.php\/leilao-do-terminal-pesqueiro-de-natal-e-suspenso-por-falta-de-garantia-em-proposta-apresentada\/#breadcrumb","itemListElement":[{"@type":"ListItem","position":1,"name":"In\u00edcio","item":"https:\/\/deputadotaveirajr.com.br\/"},{"@type":"ListItem","position":2,"name":"Leil\u00e3o do Terminal Pesqueiro de Natal \u00e9 suspenso por falta de garantia em proposta apresentada"}]},{"@type":"WebSite","@id":"https:\/\/deputadotaveirajr.com.br\/#website","url":"https:\/\/deputadotaveirajr.com.br\/","name":"Taveira Jr","description":"Deputado Estadual","publisher":{"@id":"https:\/\/deputadotaveirajr.com.br\/#organization"},"potentialAction":[{"@type":"SearchAction","target":{"@type":"EntryPoint","urlTemplate":"https:\/\/deputadotaveirajr.com.br\/?s={search_term_string}"},"query-input":{"@type":"PropertyValueSpecification","valueRequired":true,"valueName":"search_term_string"}}],"inLanguage":"pt-BR"},{"@type":"Organization","@id":"https:\/\/deputadotaveirajr.com.br\/#organization","name":"Taveira Jr","url":"https:\/\/deputadotaveirajr.com.br\/","logo":{"@type":"ImageObject","inLanguage":"pt-BR","@id":"https:\/\/deputadotaveirajr.com.br\/#\/schema\/logo\/image\/","url":"https:\/\/deputadotaveirajr.com.br\/wp-content\/uploads\/2026\/01\/logolow2a.png","contentUrl":"https:\/\/deputadotaveirajr.com.br\/wp-content\/uploads\/2026\/01\/logolow2a.png","width":290,"height":80,"caption":"Taveira Jr"},"image":{"@id":"https:\/\/deputadotaveirajr.com.br\/#\/schema\/logo\/image\/"}}]}},"_links":{"self":[{"href":"https:\/\/deputadotaveirajr.com.br\/index.php\/wp-json\/wp\/v2\/pages\/7334","targetHints":{"allow":["GET"]}}],"collection":[{"href":"https:\/\/deputadotaveirajr.com.br\/index.php\/wp-json\/wp\/v2\/pages"}],"about":[{"href":"https:\/\/deputadotaveirajr.com.br\/index.php\/wp-json\/wp\/v2\/types\/page"}],"replies":[{"embeddable":true,"href":"https:\/\/deputadotaveirajr.com.br\/index.php\/wp-json\/wp\/v2\/comments?post=7334"}],"version-history":[{"count":1,"href":"https:\/\/deputadotaveirajr.com.br\/index.php\/wp-json\/wp\/v2\/pages\/7334\/revisions"}],"predecessor-version":[{"id":7341,"href":"https:\/\/deputadotaveirajr.com.br\/index.php\/wp-json\/wp\/v2\/pages\/7334\/revisions\/7341"}],"wp:featuredmedia":[{"embeddable":true,"href":"https:\/\/deputadotaveirajr.com.br\/index.php\/wp-json\/wp\/v2\/media\/7335"}],"wp:attachment":[{"href":"https:\/\/deputadotaveirajr.com.br\/index.php\/wp-json\/wp\/v2\/media?parent=7334"}],"curies":[{"name":"wp","href":"https:\/\/api.w.org\/{rel}","templated":true}]}}