{"id":7370,"date":"2024-06-28T12:39:07","date_gmt":"2024-06-28T15:39:07","guid":{"rendered":"https:\/\/deputadotaveirajr.com.br\/?page_id=7370"},"modified":"2024-06-28T12:39:07","modified_gmt":"2024-06-28T15:39:07","slug":"festival-ponto-de-ebulicao-disponibiliza-ingressos-gratuitos-neste-domingo-30-evento-inedito-reune-nomes-da-musica-potiguar","status":"publish","type":"page","link":"https:\/\/deputadotaveirajr.com.br\/index.php\/festival-ponto-de-ebulicao-disponibiliza-ingressos-gratuitos-neste-domingo-30-evento-inedito-reune-nomes-da-musica-potiguar\/","title":{"rendered":"Festival Ponto de Ebuli\u00e7\u00e3o disponibiliza ingressos gratuitos neste domingo (30); evento in\u00e9dito re\u00fane nomes da m\u00fasica potiguar"},"content":{"rendered":"<p>     Festival de m\u00fasica estreia nos dias 11 e 12 de julho no Teatro Riachuelo com Khrystal, Val\u00e9ria Oliveira, Dani Cruz, Simona Talma e os encontros in\u00e9ditos de Cami Santiz com Gracinha e Sarah Oliver com Tiquinha Rodrigues. Festival de m\u00fasica estreia 1\u00aa edi\u00e7\u00e3o nos dias 11 e 12 de julho no Teatro Riachuelo.<br \/>\nBrunno Martins\/Divulga\u00e7\u00e3o<br \/>\nEvento in\u00e9dito no cen\u00e1rio da m\u00fasica potiguar, o festival de m\u00fasica Ponto de Ebuli\u00e7\u00e3o vai disponibilizar ingressos gratuitos, na internet, a partir deste domingo (30). As apresenta\u00e7\u00f5es acontecem nos dias 11 e 12 de julho no Teatro Riachuelo, em Natal.<br \/>\nA primeira edi\u00e7\u00e3o do evento que promete fortalecer a cena musical local e proporcionar uma experi\u00eancia \u00fanica ao p\u00fablico contar\u00e1 com shows exclusivos das cantoras Khrystal, Val\u00e9ria Oliveira, Dani Cruz e Simona Talma.<br \/>\n\ud83d\udcf3Participe do canal do g1 RN no WhatsApp<br \/>\nO evento ainda ter\u00e1 encontros in\u00e9ditos de Cami Santiz com Gracinha e Sarah Oliver com Tiquinha Rodrigues.<br \/>\nOs ingressos gratuitos ficar\u00e3o dispon\u00edveis neste domingo, 30 de junho, na plataforma Sympla.<br \/>\nSegundo a organiza\u00e7\u00e3o, o evento tem abordagem focada na aprecia\u00e7\u00e3o musical, a fim de proporcionar uma experi\u00eancia \u00edntima e significativa ao p\u00fablico.<br \/>\n&#8220;O Ponto de Ebuli\u00e7\u00e3o se destaca pela sua proposta intimista, realizada em um teatro, o que permite uma experi\u00eancia de aprecia\u00e7\u00e3o musical mais focada. Quer\u00edamos um festival de m\u00fasica para quem realmente gosta de m\u00fasica, onde a dispers\u00e3o fosse m\u00ednima e a aprecia\u00e7\u00e3o m\u00e1xima. Al\u00e9m disso, o teatro oferece uma oportunidade t\u00e9cnica excelente para a execu\u00e7\u00e3o dos shows, algo que muitos artistas valorizam. Ocupar espa\u00e7os como este com m\u00fasica potiguar, com mulheres, com um p\u00fablico diverso. Diz de muitas coisas.&#8221; enfatiza Nathalia Santana, idealizadora e produtora do festival.<br \/>\nO festival \u00e9 realizado pela Pinote Produ\u00e7\u00f5es com o patroc\u00ednio da Prefeitura do Natal, Programa Djalma Maranh\u00e3o e Universidade Potiguar.<br \/>\nServi\u00e7o<br \/>\nPonto de Ebuli\u00e7\u00e3o &#8211; 1\u00aa Edi\u00e7\u00e3o<br \/>\nQuando: 11 e 12 de julho de 2024<br \/>\nOnde: Teatro Riachuelo, Natal, RN<br \/>\nAcesso: Gratuito &#8211; ingressos ser\u00e3o distribu\u00eddos pelo Sympla<br \/>\n&#8211; 1\u00ba lote: 30 de junho<br \/>\n&#8211; 2\u00ba lote: 7 de julho<br \/>\nClassifica\u00e7\u00e3o Indicativa: 16 anos<br \/>\nConfira a programa\u00e7\u00e3o completa:<br \/>\nQuinta-feira, 11 de julho:<br \/>\n18h | Abertura do Teatro<br \/>\n19h | Sarah Oliver &amp; Tiquinha Rodrigues apresentam \u201cDo Jeitin Delas\u201d<br \/>\n20h30 | Simona Talma apresenta \u201cA Mo\u00e7a Mais Vagal Que H\u00e1 &#8211; 18 anos\u201d<br \/>\n22h | Val\u00e9ria Oliveira apresenta \u201cEst\u00e1 Tudo A\u00ed\u201d<br \/>\n23h | Encerramento<br \/>\nSexta-feira, 12 de julho:<br \/>\n18h | Abertura do Teatro<br \/>\n19h | Gracinha &amp; Cami Santiz apresentam \u201cDe Noite e De Dia\u201d<br \/>\n20h30 | Dani Cruz apresenta \u201cPoente\u201d<br \/>\n22h | Khrystal apresenta \u201cDois Tempos\u201d<br \/>\n23h | Encerramento<br \/>\nVeja os v\u00eddeos mais assistidos no g1 RN<\/p>","protected":false},"excerpt":{"rendered":"<p>Festival de m\u00fasica estreia nos dias 11 e 12 de julho no Teatro Riachuelo com Khrystal, Val\u00e9ria Oliveira, Dani Cruz, Simona Talma e os encontros in\u00e9ditos de Cami Santiz com &#8230;<\/p>\n","protected":false},"author":0,"featured_media":7371,"parent":0,"menu_order":0,"comment_status":"closed","ping_status":"closed","template":"","meta":{"footnotes":""},"class_list":["post-7370","page","type-page","status-publish","has-post-thumbnail","hentry"],"yoast_head":"<!-- This site is optimized with the Yoast SEO plugin v27.1.1 - https:\/\/yoast.com\/product\/yoast-seo-wordpress\/ -->\n<title>Festival Ponto de Ebuli\u00e7\u00e3o disponibiliza ingressos gratuitos neste domingo (30); evento in\u00e9dito re\u00fane nomes da m\u00fasica potiguar - Taveira Jr<\/title>\n<meta name=\"robots\" content=\"index, follow, max-snippet:-1, max-image-preview:large, max-video-preview:-1\" \/>\n<link rel=\"canonical\" href=\"https:\/\/deputadotaveirajr.com.br\/index.php\/festival-ponto-de-ebulicao-disponibiliza-ingressos-gratuitos-neste-domingo-30-evento-inedito-reune-nomes-da-musica-potiguar\/\" \/>\n<meta property=\"og:locale\" content=\"pt_BR\" \/>\n<meta property=\"og:type\" content=\"article\" \/>\n<meta property=\"og:title\" content=\"Festival Ponto de Ebuli\u00e7\u00e3o disponibiliza ingressos gratuitos neste domingo (30); evento in\u00e9dito re\u00fane nomes da m\u00fasica potiguar - Taveira Jr\" \/>\n<meta property=\"og:description\" content=\"Festival de m\u00fasica estreia nos dias 11 e 12 de julho no Teatro Riachuelo com Khrystal, Val\u00e9ria Oliveira, Dani Cruz, Simona Talma e os encontros in\u00e9ditos de Cami Santiz com ...\" \/>\n<meta property=\"og:url\" content=\"https:\/\/deputadotaveirajr.com.br\/index.php\/festival-ponto-de-ebulicao-disponibiliza-ingressos-gratuitos-neste-domingo-30-evento-inedito-reune-nomes-da-musica-potiguar\/\" \/>\n<meta property=\"og:site_name\" content=\"Taveira Jr\" \/>\n<meta property=\"og:image\" content=\"https:\/\/deputadotaveirajr.com.br\/wp-content\/uploads\/2024\/06\/line-up-1a-edicao-foto-por-brunno-martins-X1kmLx-scaled.jpeg\" \/>\n\t<meta property=\"og:image:width\" content=\"2560\" \/>\n\t<meta property=\"og:image:height\" content=\"2048\" \/>\n\t<meta property=\"og:image:type\" content=\"image\/jpeg\" \/>\n<meta name=\"twitter:card\" content=\"summary_large_image\" \/>\n<meta name=\"twitter:label1\" content=\"Est. tempo de leitura\" \/>\n\t<meta name=\"twitter:data1\" content=\"2 minutos\" \/>\n<script type=\"application\/ld+json\" class=\"yoast-schema-graph\">{\"@context\":\"https:\/\/schema.org\",\"@graph\":[{\"@type\":\"WebPage\",\"@id\":\"https:\/\/deputadotaveirajr.com.br\/index.php\/festival-ponto-de-ebulicao-disponibiliza-ingressos-gratuitos-neste-domingo-30-evento-inedito-reune-nomes-da-musica-potiguar\/\",\"url\":\"https:\/\/deputadotaveirajr.com.br\/index.php\/festival-ponto-de-ebulicao-disponibiliza-ingressos-gratuitos-neste-domingo-30-evento-inedito-reune-nomes-da-musica-potiguar\/\",\"name\":\"Festival Ponto de Ebuli\u00e7\u00e3o disponibiliza ingressos gratuitos neste domingo (30); evento in\u00e9dito re\u00fane nomes da m\u00fasica potiguar - Taveira Jr\",\"isPartOf\":{\"@id\":\"https:\/\/deputadotaveirajr.com.br\/#website\"},\"primaryImageOfPage\":{\"@id\":\"https:\/\/deputadotaveirajr.com.br\/index.php\/festival-ponto-de-ebulicao-disponibiliza-ingressos-gratuitos-neste-domingo-30-evento-inedito-reune-nomes-da-musica-potiguar\/#primaryimage\"},\"image\":{\"@id\":\"https:\/\/deputadotaveirajr.com.br\/index.php\/festival-ponto-de-ebulicao-disponibiliza-ingressos-gratuitos-neste-domingo-30-evento-inedito-reune-nomes-da-musica-potiguar\/#primaryimage\"},\"thumbnailUrl\":\"https:\/\/deputadotaveirajr.com.br\/wp-content\/uploads\/2024\/06\/line-up-1a-edicao-foto-por-brunno-martins-X1kmLx-scaled.jpeg\",\"datePublished\":\"2024-06-28T15:39:07+00:00\",\"breadcrumb\":{\"@id\":\"https:\/\/deputadotaveirajr.com.br\/index.php\/festival-ponto-de-ebulicao-disponibiliza-ingressos-gratuitos-neste-domingo-30-evento-inedito-reune-nomes-da-musica-potiguar\/#breadcrumb\"},\"inLanguage\":\"pt-BR\",\"potentialAction\":[{\"@type\":\"ReadAction\",\"target\":[\"https:\/\/deputadotaveirajr.com.br\/index.php\/festival-ponto-de-ebulicao-disponibiliza-ingressos-gratuitos-neste-domingo-30-evento-inedito-reune-nomes-da-musica-potiguar\/\"]}]},{\"@type\":\"ImageObject\",\"inLanguage\":\"pt-BR\",\"@id\":\"https:\/\/deputadotaveirajr.com.br\/index.php\/festival-ponto-de-ebulicao-disponibiliza-ingressos-gratuitos-neste-domingo-30-evento-inedito-reune-nomes-da-musica-potiguar\/#primaryimage\",\"url\":\"https:\/\/deputadotaveirajr.com.br\/wp-content\/uploads\/2024\/06\/line-up-1a-edicao-foto-por-brunno-martins-X1kmLx-scaled.jpeg\",\"contentUrl\":\"https:\/\/deputadotaveirajr.com.br\/wp-content\/uploads\/2024\/06\/line-up-1a-edicao-foto-por-brunno-martins-X1kmLx-scaled.jpeg\",\"width\":2560,\"height\":2048},{\"@type\":\"BreadcrumbList\",\"@id\":\"https:\/\/deputadotaveirajr.com.br\/index.php\/festival-ponto-de-ebulicao-disponibiliza-ingressos-gratuitos-neste-domingo-30-evento-inedito-reune-nomes-da-musica-potiguar\/#breadcrumb\",\"itemListElement\":[{\"@type\":\"ListItem\",\"position\":1,\"name\":\"In\u00edcio\",\"item\":\"https:\/\/deputadotaveirajr.com.br\/\"},{\"@type\":\"ListItem\",\"position\":2,\"name\":\"Festival Ponto de Ebuli\u00e7\u00e3o disponibiliza ingressos gratuitos neste domingo (30); evento in\u00e9dito re\u00fane nomes da m\u00fasica potiguar\"}]},{\"@type\":\"WebSite\",\"@id\":\"https:\/\/deputadotaveirajr.com.br\/#website\",\"url\":\"https:\/\/deputadotaveirajr.com.br\/\",\"name\":\"Taveira Jr\",\"description\":\"Deputado Estadual\",\"publisher\":{\"@id\":\"https:\/\/deputadotaveirajr.com.br\/#organization\"},\"potentialAction\":[{\"@type\":\"SearchAction\",\"target\":{\"@type\":\"EntryPoint\",\"urlTemplate\":\"https:\/\/deputadotaveirajr.com.br\/?s={search_term_string}\"},\"query-input\":{\"@type\":\"PropertyValueSpecification\",\"valueRequired\":true,\"valueName\":\"search_term_string\"}}],\"inLanguage\":\"pt-BR\"},{\"@type\":\"Organization\",\"@id\":\"https:\/\/deputadotaveirajr.com.br\/#organization\",\"name\":\"Taveira Jr\",\"url\":\"https:\/\/deputadotaveirajr.com.br\/\",\"logo\":{\"@type\":\"ImageObject\",\"inLanguage\":\"pt-BR\",\"@id\":\"https:\/\/deputadotaveirajr.com.br\/#\/schema\/logo\/image\/\",\"url\":\"https:\/\/deputadotaveirajr.com.br\/wp-content\/uploads\/2026\/01\/logolow2a.png\",\"contentUrl\":\"https:\/\/deputadotaveirajr.com.br\/wp-content\/uploads\/2026\/01\/logolow2a.png\",\"width\":290,\"height\":80,\"caption\":\"Taveira Jr\"},\"image\":{\"@id\":\"https:\/\/deputadotaveirajr.com.br\/#\/schema\/logo\/image\/\"}}]}<\/script>\n<!-- \/ Yoast SEO plugin. -->","yoast_head_json":{"title":"Festival Ponto de Ebuli\u00e7\u00e3o disponibiliza ingressos gratuitos neste domingo (30); evento in\u00e9dito re\u00fane nomes da m\u00fasica potiguar - Taveira Jr","robots":{"index":"index","follow":"follow","max-snippet":"max-snippet:-1","max-image-preview":"max-image-preview:large","max-video-preview":"max-video-preview:-1"},"canonical":"https:\/\/deputadotaveirajr.com.br\/index.php\/festival-ponto-de-ebulicao-disponibiliza-ingressos-gratuitos-neste-domingo-30-evento-inedito-reune-nomes-da-musica-potiguar\/","og_locale":"pt_BR","og_type":"article","og_title":"Festival Ponto de Ebuli\u00e7\u00e3o disponibiliza ingressos gratuitos neste domingo (30); evento in\u00e9dito re\u00fane nomes da m\u00fasica potiguar - Taveira Jr","og_description":"Festival de m\u00fasica estreia nos dias 11 e 12 de julho no Teatro Riachuelo com Khrystal, Val\u00e9ria Oliveira, Dani Cruz, Simona Talma e os encontros in\u00e9ditos de Cami Santiz com ...","og_url":"https:\/\/deputadotaveirajr.com.br\/index.php\/festival-ponto-de-ebulicao-disponibiliza-ingressos-gratuitos-neste-domingo-30-evento-inedito-reune-nomes-da-musica-potiguar\/","og_site_name":"Taveira Jr","og_image":[{"width":2560,"height":2048,"url":"https:\/\/deputadotaveirajr.com.br\/wp-content\/uploads\/2024\/06\/line-up-1a-edicao-foto-por-brunno-martins-X1kmLx-scaled.jpeg","type":"image\/jpeg"}],"twitter_card":"summary_large_image","twitter_misc":{"Est. tempo de leitura":"2 minutos"},"schema":{"@context":"https:\/\/schema.org","@graph":[{"@type":"WebPage","@id":"https:\/\/deputadotaveirajr.com.br\/index.php\/festival-ponto-de-ebulicao-disponibiliza-ingressos-gratuitos-neste-domingo-30-evento-inedito-reune-nomes-da-musica-potiguar\/","url":"https:\/\/deputadotaveirajr.com.br\/index.php\/festival-ponto-de-ebulicao-disponibiliza-ingressos-gratuitos-neste-domingo-30-evento-inedito-reune-nomes-da-musica-potiguar\/","name":"Festival Ponto de Ebuli\u00e7\u00e3o disponibiliza ingressos gratuitos neste domingo (30); evento in\u00e9dito re\u00fane nomes da m\u00fasica potiguar - Taveira Jr","isPartOf":{"@id":"https:\/\/deputadotaveirajr.com.br\/#website"},"primaryImageOfPage":{"@id":"https:\/\/deputadotaveirajr.com.br\/index.php\/festival-ponto-de-ebulicao-disponibiliza-ingressos-gratuitos-neste-domingo-30-evento-inedito-reune-nomes-da-musica-potiguar\/#primaryimage"},"image":{"@id":"https:\/\/deputadotaveirajr.com.br\/index.php\/festival-ponto-de-ebulicao-disponibiliza-ingressos-gratuitos-neste-domingo-30-evento-inedito-reune-nomes-da-musica-potiguar\/#primaryimage"},"thumbnailUrl":"https:\/\/deputadotaveirajr.com.br\/wp-content\/uploads\/2024\/06\/line-up-1a-edicao-foto-por-brunno-martins-X1kmLx-scaled.jpeg","datePublished":"2024-06-28T15:39:07+00:00","breadcrumb":{"@id":"https:\/\/deputadotaveirajr.com.br\/index.php\/festival-ponto-de-ebulicao-disponibiliza-ingressos-gratuitos-neste-domingo-30-evento-inedito-reune-nomes-da-musica-potiguar\/#breadcrumb"},"inLanguage":"pt-BR","potentialAction":[{"@type":"ReadAction","target":["https:\/\/deputadotaveirajr.com.br\/index.php\/festival-ponto-de-ebulicao-disponibiliza-ingressos-gratuitos-neste-domingo-30-evento-inedito-reune-nomes-da-musica-potiguar\/"]}]},{"@type":"ImageObject","inLanguage":"pt-BR","@id":"https:\/\/deputadotaveirajr.com.br\/index.php\/festival-ponto-de-ebulicao-disponibiliza-ingressos-gratuitos-neste-domingo-30-evento-inedito-reune-nomes-da-musica-potiguar\/#primaryimage","url":"https:\/\/deputadotaveirajr.com.br\/wp-content\/uploads\/2024\/06\/line-up-1a-edicao-foto-por-brunno-martins-X1kmLx-scaled.jpeg","contentUrl":"https:\/\/deputadotaveirajr.com.br\/wp-content\/uploads\/2024\/06\/line-up-1a-edicao-foto-por-brunno-martins-X1kmLx-scaled.jpeg","width":2560,"height":2048},{"@type":"BreadcrumbList","@id":"https:\/\/deputadotaveirajr.com.br\/index.php\/festival-ponto-de-ebulicao-disponibiliza-ingressos-gratuitos-neste-domingo-30-evento-inedito-reune-nomes-da-musica-potiguar\/#breadcrumb","itemListElement":[{"@type":"ListItem","position":1,"name":"In\u00edcio","item":"https:\/\/deputadotaveirajr.com.br\/"},{"@type":"ListItem","position":2,"name":"Festival Ponto de Ebuli\u00e7\u00e3o disponibiliza ingressos gratuitos neste domingo (30); evento in\u00e9dito re\u00fane nomes da m\u00fasica potiguar"}]},{"@type":"WebSite","@id":"https:\/\/deputadotaveirajr.com.br\/#website","url":"https:\/\/deputadotaveirajr.com.br\/","name":"Taveira Jr","description":"Deputado Estadual","publisher":{"@id":"https:\/\/deputadotaveirajr.com.br\/#organization"},"potentialAction":[{"@type":"SearchAction","target":{"@type":"EntryPoint","urlTemplate":"https:\/\/deputadotaveirajr.com.br\/?s={search_term_string}"},"query-input":{"@type":"PropertyValueSpecification","valueRequired":true,"valueName":"search_term_string"}}],"inLanguage":"pt-BR"},{"@type":"Organization","@id":"https:\/\/deputadotaveirajr.com.br\/#organization","name":"Taveira Jr","url":"https:\/\/deputadotaveirajr.com.br\/","logo":{"@type":"ImageObject","inLanguage":"pt-BR","@id":"https:\/\/deputadotaveirajr.com.br\/#\/schema\/logo\/image\/","url":"https:\/\/deputadotaveirajr.com.br\/wp-content\/uploads\/2026\/01\/logolow2a.png","contentUrl":"https:\/\/deputadotaveirajr.com.br\/wp-content\/uploads\/2026\/01\/logolow2a.png","width":290,"height":80,"caption":"Taveira Jr"},"image":{"@id":"https:\/\/deputadotaveirajr.com.br\/#\/schema\/logo\/image\/"}}]}},"_links":{"self":[{"href":"https:\/\/deputadotaveirajr.com.br\/index.php\/wp-json\/wp\/v2\/pages\/7370","targetHints":{"allow":["GET"]}}],"collection":[{"href":"https:\/\/deputadotaveirajr.com.br\/index.php\/wp-json\/wp\/v2\/pages"}],"about":[{"href":"https:\/\/deputadotaveirajr.com.br\/index.php\/wp-json\/wp\/v2\/types\/page"}],"replies":[{"embeddable":true,"href":"https:\/\/deputadotaveirajr.com.br\/index.php\/wp-json\/wp\/v2\/comments?post=7370"}],"version-history":[{"count":1,"href":"https:\/\/deputadotaveirajr.com.br\/index.php\/wp-json\/wp\/v2\/pages\/7370\/revisions"}],"predecessor-version":[{"id":7373,"href":"https:\/\/deputadotaveirajr.com.br\/index.php\/wp-json\/wp\/v2\/pages\/7370\/revisions\/7373"}],"wp:featuredmedia":[{"embeddable":true,"href":"https:\/\/deputadotaveirajr.com.br\/index.php\/wp-json\/wp\/v2\/media\/7371"}],"wp:attachment":[{"href":"https:\/\/deputadotaveirajr.com.br\/index.php\/wp-json\/wp\/v2\/media?parent=7370"}],"curies":[{"name":"wp","href":"https:\/\/api.w.org\/{rel}","templated":true}]}}