{"id":7390,"date":"2024-06-29T14:36:07","date_gmt":"2024-06-29T17:36:07","guid":{"rendered":"https:\/\/deputadotaveirajr.com.br\/index.php\/sanfona-chapeu-de-cangaco-e-bandeirinhas-alok-faz-espetaculo-com-drones-em-show-no-mossoro-cidade-junina\/"},"modified":"2024-06-29T14:36:07","modified_gmt":"2024-06-29T17:36:07","slug":"sanfona-chapeu-de-cangaco-e-bandeirinhas-alok-faz-espetaculo-com-drones-em-show-no-mossoro-cidade-junina","status":"publish","type":"page","link":"https:\/\/deputadotaveirajr.com.br\/index.php\/sanfona-chapeu-de-cangaco-e-bandeirinhas-alok-faz-espetaculo-com-drones-em-show-no-mossoro-cidade-junina\/","title":{"rendered":"Sanfona, chap\u00e9u de canga\u00e7o e bandeirinhas: Alok faz espet\u00e1culo com drones em show no Mossor\u00f3 Cidade Junina"},"content":{"rendered":"<p>     Artista se apresentou na noite desta sexta-feira (28) na Esta\u00e7\u00e3o das Artes e usou tecnologia para fazer espet\u00e1culo a c\u00e9u aberto. Mossor\u00f3 Cidade Junina termina neste s\u00e1bado (29). V\u00eddeo mostra &#8216;bal\u00e9 dos drones&#8217; no Mossor\u00f3 Cidade Junina<br \/>\nPrincipal atra\u00e7\u00e3o do Mossor\u00f3 Cidade Junina na noite de sexta-feira (28), o DJ Alok entregou aos f\u00e3s um espet\u00e1culo com o uso de 300 drones que fizeram refer\u00eancias \u00e0 cultura nordestina e as festividades neste m\u00eas de junho (veja v\u00eddeo acima).<br \/>\nDurante o show, drones sincronizados formaram imagens de sanfonas, bandeirinhas juninas, chap\u00e9u de cangaceiro, al\u00e9m de outros elementos, como o pr\u00f3prio nome &#8220;Mossor\u00f3&#8221; escrito a c\u00e9u aberto. Os drones se movimentavam e mudavam o que se via a todo momento.<br \/>\n\ud83d\udcf3Participe do canal do g1 RN no WhatsApp<br \/>\nApresenta\u00e7\u00f5es semelhantes j\u00e1 haviam sido feitas pelo artista em outros eventos, como no show no S\u00e3o Jo\u00e3o de Campina Grande, h\u00e1 cerca de uma semana.<br \/>\nAl\u00e9m de Alok, a noite teve show de Gustavo Mioto no que representou o \u00faltimo dia de apresenta\u00e7\u00f5es na Esta\u00e7\u00e3o das Artes.<br \/>\nO Mossor\u00f3 Cidade Junina, que teve in\u00edcio no dia 1\u00ba de junho, termina neste s\u00e1bado (29) com a Boca da Noite, que conta com apresenta\u00e7\u00e3o de L\u00e9o Santana e outros oito artistas em um corredor cultural na Avenida Rio Branco.<br \/>\nSanfona formada por drones no c\u00e9u de Mossor\u00f3<br \/>\nReprodu\u00e7\u00e3o\/Mossor\u00f3 Cidade Junina<br \/>\nV\u00eddeos mais assistidos do g1 RN<\/p>","protected":false},"excerpt":{"rendered":"<p>Artista se apresentou na noite desta sexta-feira (28) na Esta\u00e7\u00e3o das Artes e usou tecnologia para fazer espet\u00e1culo a c\u00e9u aberto. Mossor\u00f3 Cidade Junina termina neste s\u00e1bado (29). V\u00eddeo mostra &#8230;<\/p>\n","protected":false},"author":0,"featured_media":7391,"parent":0,"menu_order":0,"comment_status":"closed","ping_status":"closed","template":"","meta":{"footnotes":""},"class_list":["post-7390","page","type-page","status-publish","has-post-thumbnail","hentry"],"yoast_head":"<!-- This site is optimized with the Yoast SEO plugin v27.1.1 - https:\/\/yoast.com\/product\/yoast-seo-wordpress\/ -->\n<title>Sanfona, chap\u00e9u de canga\u00e7o e bandeirinhas: Alok faz espet\u00e1culo com drones em show no Mossor\u00f3 Cidade Junina - Taveira Jr<\/title>\n<meta name=\"robots\" content=\"index, follow, max-snippet:-1, max-image-preview:large, max-video-preview:-1\" \/>\n<link rel=\"canonical\" href=\"https:\/\/deputadotaveirajr.com.br\/index.php\/sanfona-chapeu-de-cangaco-e-bandeirinhas-alok-faz-espetaculo-com-drones-em-show-no-mossoro-cidade-junina\/\" \/>\n<meta property=\"og:locale\" content=\"pt_BR\" \/>\n<meta property=\"og:type\" content=\"article\" \/>\n<meta property=\"og:title\" content=\"Sanfona, chap\u00e9u de canga\u00e7o e bandeirinhas: Alok faz espet\u00e1culo com drones em show no Mossor\u00f3 Cidade Junina - Taveira Jr\" \/>\n<meta property=\"og:description\" content=\"Artista se apresentou na noite desta sexta-feira (28) na Esta\u00e7\u00e3o das Artes e usou tecnologia para fazer espet\u00e1culo a c\u00e9u aberto. Mossor\u00f3 Cidade Junina termina neste s\u00e1bado (29). V\u00eddeo mostra ...\" \/>\n<meta property=\"og:url\" content=\"https:\/\/deputadotaveirajr.com.br\/index.php\/sanfona-chapeu-de-cangaco-e-bandeirinhas-alok-faz-espetaculo-com-drones-em-show-no-mossoro-cidade-junina\/\" \/>\n<meta property=\"og:site_name\" content=\"Taveira Jr\" \/>\n<meta name=\"twitter:card\" content=\"summary_large_image\" \/>\n<meta name=\"twitter:label1\" content=\"Est. tempo de leitura\" \/>\n\t<meta name=\"twitter:data1\" content=\"1 minuto\" \/>\n<script type=\"application\/ld+json\" class=\"yoast-schema-graph\">{\"@context\":\"https:\/\/schema.org\",\"@graph\":[{\"@type\":\"WebPage\",\"@id\":\"https:\/\/deputadotaveirajr.com.br\/index.php\/sanfona-chapeu-de-cangaco-e-bandeirinhas-alok-faz-espetaculo-com-drones-em-show-no-mossoro-cidade-junina\/\",\"url\":\"https:\/\/deputadotaveirajr.com.br\/index.php\/sanfona-chapeu-de-cangaco-e-bandeirinhas-alok-faz-espetaculo-com-drones-em-show-no-mossoro-cidade-junina\/\",\"name\":\"Sanfona, chap\u00e9u de canga\u00e7o e bandeirinhas: Alok faz espet\u00e1culo com drones em show no Mossor\u00f3 Cidade Junina - Taveira Jr\",\"isPartOf\":{\"@id\":\"https:\/\/deputadotaveirajr.com.br\/#website\"},\"primaryImageOfPage\":{\"@id\":\"https:\/\/deputadotaveirajr.com.br\/index.php\/sanfona-chapeu-de-cangaco-e-bandeirinhas-alok-faz-espetaculo-com-drones-em-show-no-mossoro-cidade-junina\/#primaryimage\"},\"image\":{\"@id\":\"https:\/\/deputadotaveirajr.com.br\/index.php\/sanfona-chapeu-de-cangaco-e-bandeirinhas-alok-faz-espetaculo-com-drones-em-show-no-mossoro-cidade-junina\/#primaryimage\"},\"thumbnailUrl\":\"https:\/\/deputadotaveirajr.com.br\/wp-content\/uploads\/2024\/06\/sanfona-w5fhgq.jpeg\",\"datePublished\":\"2024-06-29T17:36:07+00:00\",\"breadcrumb\":{\"@id\":\"https:\/\/deputadotaveirajr.com.br\/index.php\/sanfona-chapeu-de-cangaco-e-bandeirinhas-alok-faz-espetaculo-com-drones-em-show-no-mossoro-cidade-junina\/#breadcrumb\"},\"inLanguage\":\"pt-BR\",\"potentialAction\":[{\"@type\":\"ReadAction\",\"target\":[\"https:\/\/deputadotaveirajr.com.br\/index.php\/sanfona-chapeu-de-cangaco-e-bandeirinhas-alok-faz-espetaculo-com-drones-em-show-no-mossoro-cidade-junina\/\"]}]},{\"@type\":\"ImageObject\",\"inLanguage\":\"pt-BR\",\"@id\":\"https:\/\/deputadotaveirajr.com.br\/index.php\/sanfona-chapeu-de-cangaco-e-bandeirinhas-alok-faz-espetaculo-com-drones-em-show-no-mossoro-cidade-junina\/#primaryimage\",\"url\":\"https:\/\/deputadotaveirajr.com.br\/wp-content\/uploads\/2024\/06\/sanfona-w5fhgq.jpeg\",\"contentUrl\":\"https:\/\/deputadotaveirajr.com.br\/wp-content\/uploads\/2024\/06\/sanfona-w5fhgq.jpeg\",\"width\":600,\"height\":518},{\"@type\":\"BreadcrumbList\",\"@id\":\"https:\/\/deputadotaveirajr.com.br\/index.php\/sanfona-chapeu-de-cangaco-e-bandeirinhas-alok-faz-espetaculo-com-drones-em-show-no-mossoro-cidade-junina\/#breadcrumb\",\"itemListElement\":[{\"@type\":\"ListItem\",\"position\":1,\"name\":\"In\u00edcio\",\"item\":\"https:\/\/deputadotaveirajr.com.br\/\"},{\"@type\":\"ListItem\",\"position\":2,\"name\":\"Sanfona, chap\u00e9u de canga\u00e7o e bandeirinhas: Alok faz espet\u00e1culo com drones em show no Mossor\u00f3 Cidade Junina\"}]},{\"@type\":\"WebSite\",\"@id\":\"https:\/\/deputadotaveirajr.com.br\/#website\",\"url\":\"https:\/\/deputadotaveirajr.com.br\/\",\"name\":\"Taveira Jr\",\"description\":\"Deputado Estadual\",\"publisher\":{\"@id\":\"https:\/\/deputadotaveirajr.com.br\/#organization\"},\"potentialAction\":[{\"@type\":\"SearchAction\",\"target\":{\"@type\":\"EntryPoint\",\"urlTemplate\":\"https:\/\/deputadotaveirajr.com.br\/?s={search_term_string}\"},\"query-input\":{\"@type\":\"PropertyValueSpecification\",\"valueRequired\":true,\"valueName\":\"search_term_string\"}}],\"inLanguage\":\"pt-BR\"},{\"@type\":\"Organization\",\"@id\":\"https:\/\/deputadotaveirajr.com.br\/#organization\",\"name\":\"Taveira Jr\",\"url\":\"https:\/\/deputadotaveirajr.com.br\/\",\"logo\":{\"@type\":\"ImageObject\",\"inLanguage\":\"pt-BR\",\"@id\":\"https:\/\/deputadotaveirajr.com.br\/#\/schema\/logo\/image\/\",\"url\":\"https:\/\/deputadotaveirajr.com.br\/wp-content\/uploads\/2026\/01\/logolow2a.png\",\"contentUrl\":\"https:\/\/deputadotaveirajr.com.br\/wp-content\/uploads\/2026\/01\/logolow2a.png\",\"width\":290,\"height\":80,\"caption\":\"Taveira Jr\"},\"image\":{\"@id\":\"https:\/\/deputadotaveirajr.com.br\/#\/schema\/logo\/image\/\"}}]}<\/script>\n<!-- \/ Yoast SEO plugin. -->","yoast_head_json":{"title":"Sanfona, chap\u00e9u de canga\u00e7o e bandeirinhas: Alok faz espet\u00e1culo com drones em show no Mossor\u00f3 Cidade Junina - Taveira Jr","robots":{"index":"index","follow":"follow","max-snippet":"max-snippet:-1","max-image-preview":"max-image-preview:large","max-video-preview":"max-video-preview:-1"},"canonical":"https:\/\/deputadotaveirajr.com.br\/index.php\/sanfona-chapeu-de-cangaco-e-bandeirinhas-alok-faz-espetaculo-com-drones-em-show-no-mossoro-cidade-junina\/","og_locale":"pt_BR","og_type":"article","og_title":"Sanfona, chap\u00e9u de canga\u00e7o e bandeirinhas: Alok faz espet\u00e1culo com drones em show no Mossor\u00f3 Cidade Junina - Taveira Jr","og_description":"Artista se apresentou na noite desta sexta-feira (28) na Esta\u00e7\u00e3o das Artes e usou tecnologia para fazer espet\u00e1culo a c\u00e9u aberto. Mossor\u00f3 Cidade Junina termina neste s\u00e1bado (29). V\u00eddeo mostra ...","og_url":"https:\/\/deputadotaveirajr.com.br\/index.php\/sanfona-chapeu-de-cangaco-e-bandeirinhas-alok-faz-espetaculo-com-drones-em-show-no-mossoro-cidade-junina\/","og_site_name":"Taveira Jr","twitter_card":"summary_large_image","twitter_misc":{"Est. tempo de leitura":"1 minuto"},"schema":{"@context":"https:\/\/schema.org","@graph":[{"@type":"WebPage","@id":"https:\/\/deputadotaveirajr.com.br\/index.php\/sanfona-chapeu-de-cangaco-e-bandeirinhas-alok-faz-espetaculo-com-drones-em-show-no-mossoro-cidade-junina\/","url":"https:\/\/deputadotaveirajr.com.br\/index.php\/sanfona-chapeu-de-cangaco-e-bandeirinhas-alok-faz-espetaculo-com-drones-em-show-no-mossoro-cidade-junina\/","name":"Sanfona, chap\u00e9u de canga\u00e7o e bandeirinhas: Alok faz espet\u00e1culo com drones em show no Mossor\u00f3 Cidade Junina - Taveira Jr","isPartOf":{"@id":"https:\/\/deputadotaveirajr.com.br\/#website"},"primaryImageOfPage":{"@id":"https:\/\/deputadotaveirajr.com.br\/index.php\/sanfona-chapeu-de-cangaco-e-bandeirinhas-alok-faz-espetaculo-com-drones-em-show-no-mossoro-cidade-junina\/#primaryimage"},"image":{"@id":"https:\/\/deputadotaveirajr.com.br\/index.php\/sanfona-chapeu-de-cangaco-e-bandeirinhas-alok-faz-espetaculo-com-drones-em-show-no-mossoro-cidade-junina\/#primaryimage"},"thumbnailUrl":"https:\/\/deputadotaveirajr.com.br\/wp-content\/uploads\/2024\/06\/sanfona-w5fhgq.jpeg","datePublished":"2024-06-29T17:36:07+00:00","breadcrumb":{"@id":"https:\/\/deputadotaveirajr.com.br\/index.php\/sanfona-chapeu-de-cangaco-e-bandeirinhas-alok-faz-espetaculo-com-drones-em-show-no-mossoro-cidade-junina\/#breadcrumb"},"inLanguage":"pt-BR","potentialAction":[{"@type":"ReadAction","target":["https:\/\/deputadotaveirajr.com.br\/index.php\/sanfona-chapeu-de-cangaco-e-bandeirinhas-alok-faz-espetaculo-com-drones-em-show-no-mossoro-cidade-junina\/"]}]},{"@type":"ImageObject","inLanguage":"pt-BR","@id":"https:\/\/deputadotaveirajr.com.br\/index.php\/sanfona-chapeu-de-cangaco-e-bandeirinhas-alok-faz-espetaculo-com-drones-em-show-no-mossoro-cidade-junina\/#primaryimage","url":"https:\/\/deputadotaveirajr.com.br\/wp-content\/uploads\/2024\/06\/sanfona-w5fhgq.jpeg","contentUrl":"https:\/\/deputadotaveirajr.com.br\/wp-content\/uploads\/2024\/06\/sanfona-w5fhgq.jpeg","width":600,"height":518},{"@type":"BreadcrumbList","@id":"https:\/\/deputadotaveirajr.com.br\/index.php\/sanfona-chapeu-de-cangaco-e-bandeirinhas-alok-faz-espetaculo-com-drones-em-show-no-mossoro-cidade-junina\/#breadcrumb","itemListElement":[{"@type":"ListItem","position":1,"name":"In\u00edcio","item":"https:\/\/deputadotaveirajr.com.br\/"},{"@type":"ListItem","position":2,"name":"Sanfona, chap\u00e9u de canga\u00e7o e bandeirinhas: Alok faz espet\u00e1culo com drones em show no Mossor\u00f3 Cidade Junina"}]},{"@type":"WebSite","@id":"https:\/\/deputadotaveirajr.com.br\/#website","url":"https:\/\/deputadotaveirajr.com.br\/","name":"Taveira Jr","description":"Deputado Estadual","publisher":{"@id":"https:\/\/deputadotaveirajr.com.br\/#organization"},"potentialAction":[{"@type":"SearchAction","target":{"@type":"EntryPoint","urlTemplate":"https:\/\/deputadotaveirajr.com.br\/?s={search_term_string}"},"query-input":{"@type":"PropertyValueSpecification","valueRequired":true,"valueName":"search_term_string"}}],"inLanguage":"pt-BR"},{"@type":"Organization","@id":"https:\/\/deputadotaveirajr.com.br\/#organization","name":"Taveira Jr","url":"https:\/\/deputadotaveirajr.com.br\/","logo":{"@type":"ImageObject","inLanguage":"pt-BR","@id":"https:\/\/deputadotaveirajr.com.br\/#\/schema\/logo\/image\/","url":"https:\/\/deputadotaveirajr.com.br\/wp-content\/uploads\/2026\/01\/logolow2a.png","contentUrl":"https:\/\/deputadotaveirajr.com.br\/wp-content\/uploads\/2026\/01\/logolow2a.png","width":290,"height":80,"caption":"Taveira Jr"},"image":{"@id":"https:\/\/deputadotaveirajr.com.br\/#\/schema\/logo\/image\/"}}]}},"_links":{"self":[{"href":"https:\/\/deputadotaveirajr.com.br\/index.php\/wp-json\/wp\/v2\/pages\/7390","targetHints":{"allow":["GET"]}}],"collection":[{"href":"https:\/\/deputadotaveirajr.com.br\/index.php\/wp-json\/wp\/v2\/pages"}],"about":[{"href":"https:\/\/deputadotaveirajr.com.br\/index.php\/wp-json\/wp\/v2\/types\/page"}],"replies":[{"embeddable":true,"href":"https:\/\/deputadotaveirajr.com.br\/index.php\/wp-json\/wp\/v2\/comments?post=7390"}],"version-history":[{"count":0,"href":"https:\/\/deputadotaveirajr.com.br\/index.php\/wp-json\/wp\/v2\/pages\/7390\/revisions"}],"wp:featuredmedia":[{"embeddable":true,"href":"https:\/\/deputadotaveirajr.com.br\/index.php\/wp-json\/wp\/v2\/media\/7391"}],"wp:attachment":[{"href":"https:\/\/deputadotaveirajr.com.br\/index.php\/wp-json\/wp\/v2\/media?parent=7390"}],"curies":[{"name":"wp","href":"https:\/\/api.w.org\/{rel}","templated":true}]}}