{"id":7411,"date":"2024-07-01T12:54:37","date_gmt":"2024-07-01T15:54:37","guid":{"rendered":"https:\/\/deputadotaveirajr.com.br\/?page_id=7411"},"modified":"2024-07-01T12:54:37","modified_gmt":"2024-07-01T15:54:37","slug":"passageira-diz-que-pessoas-voaram-para-o-teto-do-aviao-durante-turbulencia-em-voo-desviado-para-natal-desespero","status":"publish","type":"page","link":"https:\/\/deputadotaveirajr.com.br\/index.php\/passageira-diz-que-pessoas-voaram-para-o-teto-do-aviao-durante-turbulencia-em-voo-desviado-para-natal-desespero\/","title":{"rendered":"Passageira diz que pessoas &#8216;voaram&#8217; para o teto do avi\u00e3o durante turbul\u00eancia em voo desviado para Natal: &#8216;Desespero&#8217;"},"content":{"rendered":"<p>     Aeronave precisou fazer pouso de emerg\u00eancia em Natal na madrugada desta segunda-feira (1\u00ba) e pelo menos 30 pessoas ficaram feridas. Voo ia da Espanha para o Uruguai. Sandra Salda\u00f1a estava no voo da Air Europa<br \/>\nReprodu\u00e7\u00e3o\/Inter TV Cabugi<br \/>\nUma passageira que estava no voo da Air Europa que foi desviado e fez um pouso de emerg\u00eancia no Aeroporto de Natal ap\u00f3s forte turbul\u00eancia na madrugada desta segunda-feira (1\u00ba) disse que algumas pessoas &#8220;voaram&#8221; para o teto da aeronave durante o incidente.<br \/>\nA boliviana Sandra Salda\u00f1a ficou com o bra\u00e7o esquerdo ferido. Segundo o Servi\u00e7o de Atendimento M\u00f3vel de Urg\u00eancia (Samu) da Regi\u00e3o Metropolitana de Natal, pelo menos 30 passageiros foram atendidos.<br \/>\n\ud83d\udcf3Participe do canal do g1 RN no WhatsApp<br \/>\n&#8220;Foi muito desespero, porque teve gente que saiu voando para o teto e caiu. E a prote\u00e7\u00e3o do teto caiu em cima das pessoas&#8221;, relatou a passageira.<br \/>\nSegundo a boliviana, as pessoas que foram arremessadas para o teto da aeronave estavam sem cinto de seguran\u00e7a.<br \/>\nSandra Salda\u00f1a disse que, durante a turbul\u00eancia, o clima entre os passageiros foi de desespero e que ela pensou que iria morrer. &#8220;Acho que todos pensamos isso [que \u00edamos morrer]. Porque foi muito forte&#8221;, relatou.<br \/>\nA m\u00e9dica Cec\u00edlia Lagucci disse que um dos filhos dela, de 2 anos de idade, foi encontrado na parte do teto quebrado do avi\u00e3o ap\u00f3s a turbul\u00eancia.<br \/>\n&#8220;Eu e meu esposo est\u00e1vamos procurando o pequeno, que tem 2 anos. E achamos ele acima das malas. A parte do avi\u00e3o desabou e a crian\u00e7a estava l\u00e1 em cima chorando. Meu esposo teve que ir l\u00e1 e traz\u00ea-la de volta para baixo&#8221;, contou.<br \/>\nSegundo ela, os dois filhos dela &#8211; o segundo tem 4 anos &#8211; n\u00e3o tiveram ferimentos. A m\u00e9dica contou que dorm\u00eda quando a turbul\u00eancia come\u00e7ou e que n\u00e3o conseguia sair da cadeira para procurar os filhos.<br \/>\n&#8220;Eu acordei, estava de cabe\u00e7a para baixo. E as pessoas voavam por cima de mim. Eu n\u00e3o conseguia levantar. Eu sentia que o avi\u00e3o ca\u00eda e pensava: &#8216;vai estabilizar agora&#8217;. Mas ent\u00e3o continuava a cair e cair. At\u00e9 que estabilizaram o avi\u00e3o e eu consegui levantar&#8221;, relatou.<br \/>\nV\u00eddeo mostra o interior do avi\u00e3o<br \/>\nV\u00eddeo mostra interior do avi\u00e3o que fez pouso de emerg\u00eancia em Natal ap\u00f3s forte turbul\u00eancia<br \/>\nO voo seguia da Espanha para o Uruguai com 325 passageiros, segundo a companhia a\u00e9rea, e precisou ser desviado devido &#8220;\u00e0 natureza da turbul\u00eancia e por raz\u00f5es de seguran\u00e7a&#8221;.  O avi\u00e3o solicitou o pouso de emerg\u00eancia \u00e0s 2h32.<br \/>\nMaior unidade de sa\u00fade do Rio Grande do Norte,  o Hospital Monsenhor Walfredo Gurgel, para onde alguns passageiros foram levados, confirmou a entrada de 23 pacientes at\u00e9 9h30 desta segunda (1\u00ba).<br \/>\nA passageira boliviana relatou ainda que quem estava dentro do avi\u00e3o sequer foi avisado da turbul\u00eancia.<br \/>\n&#8220;A maioria estava dormindo. Fazia 6 horas que a gente havia sa\u00eddo de Madri com destino a Montevid\u00e9u e, de repente, n\u00e3o teve aviso de turbul\u00eancia, nem nada: teve um pequeno descenso e, na continua\u00e7\u00e3o, teve um descenso muito grande&#8221;, disse.<br \/>\nSegundo ela, a sensa\u00e7\u00e3o foi de al\u00edvio quando o avi\u00e3o conseguiu pousar em Natal.<br \/>\nPassageiros sendo atendido no Hospital Monsenhor Walfredo Gurgel<br \/>\nS\u00e9rgio Henrique Santos\/Inter TV Cabugi<br \/>\nPouso de emerg\u00eancia no Aeroporto de Natal<br \/>\nAvi\u00e3o da Air Europa precisou fazer pouso de emerg\u00eancia no Aeroporto de Natal na madrugada desta segunda-feira<br \/>\nSegundo a Zurich Airport Brasil, que opera o Aeroporto de Natal, a aeronave solicitou o pouso de emerg\u00eancia \u00e0s 2h32.<br \/>\nOs pacientes, segundo o Samu, bateram a cabe\u00e7a durante a turbul\u00eancia e apresentavam fraturas na cervical, les\u00f5es na face e dores no t\u00f3rax.<br \/>\nDe acordo com a companhia a\u00e9rea, sete passageiros trataram les\u00f5es de graus variados, al\u00e9m de um &#8220;n\u00famero indeterminado de pessoas com pequenas contus\u00f5es&#8221;.<br \/>\nO voo saiu de Madri (Espanha) com destino a Montevid\u00e9u (Uruguai) e n\u00e3o tinha qualquer parada inicialmente programada para Natal.<br \/>\nO modelo do avi\u00e3o que pousou no Aeroporto de Natal era um Boeing 787-9 Dreamline.<br \/>\nAvi\u00e3o faz pouso de emerg\u00eancia em Natal ap\u00f3s turbul\u00eancia (mapa)<br \/>\nArte\/g1<br \/>\nV\u00eddeos mais assistidos do g1 RN<\/p>","protected":false},"excerpt":{"rendered":"<p>Aeronave precisou fazer pouso de emerg\u00eancia em Natal na madrugada desta segunda-feira (1\u00ba) e pelo menos 30 pessoas ficaram feridas. Voo ia da Espanha para o Uruguai. Sandra Salda\u00f1a estava &#8230;<\/p>\n","protected":false},"author":0,"featured_media":7412,"parent":0,"menu_order":0,"comment_status":"closed","ping_status":"closed","template":"","meta":{"footnotes":""},"class_list":["post-7411","page","type-page","status-publish","has-post-thumbnail","hentry"],"yoast_head":"<!-- This site is optimized with the Yoast SEO plugin v27.1.1 - https:\/\/yoast.com\/product\/yoast-seo-wordpress\/ -->\n<title>Passageira diz que pessoas &#039;voaram&#039; para o teto do avi\u00e3o durante turbul\u00eancia em voo desviado para Natal: &#039;Desespero&#039; - Taveira Jr<\/title>\n<meta name=\"robots\" content=\"index, follow, max-snippet:-1, max-image-preview:large, max-video-preview:-1\" \/>\n<link rel=\"canonical\" href=\"https:\/\/deputadotaveirajr.com.br\/index.php\/passageira-diz-que-pessoas-voaram-para-o-teto-do-aviao-durante-turbulencia-em-voo-desviado-para-natal-desespero\/\" \/>\n<meta property=\"og:locale\" content=\"pt_BR\" \/>\n<meta property=\"og:type\" content=\"article\" \/>\n<meta property=\"og:title\" content=\"Passageira diz que pessoas &#039;voaram&#039; para o teto do avi\u00e3o durante turbul\u00eancia em voo desviado para Natal: &#039;Desespero&#039; - Taveira Jr\" \/>\n<meta property=\"og:description\" content=\"Aeronave precisou fazer pouso de emerg\u00eancia em Natal na madrugada desta segunda-feira (1\u00ba) e pelo menos 30 pessoas ficaram feridas. Voo ia da Espanha para o Uruguai. Sandra Salda\u00f1a estava ...\" \/>\n<meta property=\"og:url\" content=\"https:\/\/deputadotaveirajr.com.br\/index.php\/passageira-diz-que-pessoas-voaram-para-o-teto-do-aviao-durante-turbulencia-em-voo-desviado-para-natal-desespero\/\" \/>\n<meta property=\"og:site_name\" content=\"Taveira Jr\" \/>\n<meta property=\"og:image\" content=\"https:\/\/deputadotaveirajr.com.br\/wp-content\/uploads\/2024\/07\/mulher-p9sAVG.jpeg\" \/>\n\t<meta property=\"og:image:width\" content=\"1257\" \/>\n\t<meta property=\"og:image:height\" content=\"904\" \/>\n\t<meta property=\"og:image:type\" content=\"image\/jpeg\" \/>\n<meta name=\"twitter:card\" content=\"summary_large_image\" \/>\n<meta name=\"twitter:label1\" content=\"Est. tempo de leitura\" \/>\n\t<meta name=\"twitter:data1\" content=\"4 minutos\" \/>\n<script type=\"application\/ld+json\" class=\"yoast-schema-graph\">{\"@context\":\"https:\/\/schema.org\",\"@graph\":[{\"@type\":\"WebPage\",\"@id\":\"https:\/\/deputadotaveirajr.com.br\/index.php\/passageira-diz-que-pessoas-voaram-para-o-teto-do-aviao-durante-turbulencia-em-voo-desviado-para-natal-desespero\/\",\"url\":\"https:\/\/deputadotaveirajr.com.br\/index.php\/passageira-diz-que-pessoas-voaram-para-o-teto-do-aviao-durante-turbulencia-em-voo-desviado-para-natal-desespero\/\",\"name\":\"Passageira diz que pessoas 'voaram' para o teto do avi\u00e3o durante turbul\u00eancia em voo desviado para Natal: 'Desespero' - Taveira Jr\",\"isPartOf\":{\"@id\":\"https:\/\/deputadotaveirajr.com.br\/#website\"},\"primaryImageOfPage\":{\"@id\":\"https:\/\/deputadotaveirajr.com.br\/index.php\/passageira-diz-que-pessoas-voaram-para-o-teto-do-aviao-durante-turbulencia-em-voo-desviado-para-natal-desespero\/#primaryimage\"},\"image\":{\"@id\":\"https:\/\/deputadotaveirajr.com.br\/index.php\/passageira-diz-que-pessoas-voaram-para-o-teto-do-aviao-durante-turbulencia-em-voo-desviado-para-natal-desespero\/#primaryimage\"},\"thumbnailUrl\":\"https:\/\/deputadotaveirajr.com.br\/wp-content\/uploads\/2024\/07\/mulher-p9sAVG.jpeg\",\"datePublished\":\"2024-07-01T15:54:37+00:00\",\"breadcrumb\":{\"@id\":\"https:\/\/deputadotaveirajr.com.br\/index.php\/passageira-diz-que-pessoas-voaram-para-o-teto-do-aviao-durante-turbulencia-em-voo-desviado-para-natal-desespero\/#breadcrumb\"},\"inLanguage\":\"pt-BR\",\"potentialAction\":[{\"@type\":\"ReadAction\",\"target\":[\"https:\/\/deputadotaveirajr.com.br\/index.php\/passageira-diz-que-pessoas-voaram-para-o-teto-do-aviao-durante-turbulencia-em-voo-desviado-para-natal-desespero\/\"]}]},{\"@type\":\"ImageObject\",\"inLanguage\":\"pt-BR\",\"@id\":\"https:\/\/deputadotaveirajr.com.br\/index.php\/passageira-diz-que-pessoas-voaram-para-o-teto-do-aviao-durante-turbulencia-em-voo-desviado-para-natal-desespero\/#primaryimage\",\"url\":\"https:\/\/deputadotaveirajr.com.br\/wp-content\/uploads\/2024\/07\/mulher-p9sAVG.jpeg\",\"contentUrl\":\"https:\/\/deputadotaveirajr.com.br\/wp-content\/uploads\/2024\/07\/mulher-p9sAVG.jpeg\",\"width\":1257,\"height\":904},{\"@type\":\"BreadcrumbList\",\"@id\":\"https:\/\/deputadotaveirajr.com.br\/index.php\/passageira-diz-que-pessoas-voaram-para-o-teto-do-aviao-durante-turbulencia-em-voo-desviado-para-natal-desespero\/#breadcrumb\",\"itemListElement\":[{\"@type\":\"ListItem\",\"position\":1,\"name\":\"In\u00edcio\",\"item\":\"https:\/\/deputadotaveirajr.com.br\/\"},{\"@type\":\"ListItem\",\"position\":2,\"name\":\"Passageira diz que pessoas &#8216;voaram&#8217; para o teto do avi\u00e3o durante turbul\u00eancia em voo desviado para Natal: &#8216;Desespero&#8217;\"}]},{\"@type\":\"WebSite\",\"@id\":\"https:\/\/deputadotaveirajr.com.br\/#website\",\"url\":\"https:\/\/deputadotaveirajr.com.br\/\",\"name\":\"Taveira Jr\",\"description\":\"Deputado Estadual\",\"publisher\":{\"@id\":\"https:\/\/deputadotaveirajr.com.br\/#organization\"},\"potentialAction\":[{\"@type\":\"SearchAction\",\"target\":{\"@type\":\"EntryPoint\",\"urlTemplate\":\"https:\/\/deputadotaveirajr.com.br\/?s={search_term_string}\"},\"query-input\":{\"@type\":\"PropertyValueSpecification\",\"valueRequired\":true,\"valueName\":\"search_term_string\"}}],\"inLanguage\":\"pt-BR\"},{\"@type\":\"Organization\",\"@id\":\"https:\/\/deputadotaveirajr.com.br\/#organization\",\"name\":\"Taveira Jr\",\"url\":\"https:\/\/deputadotaveirajr.com.br\/\",\"logo\":{\"@type\":\"ImageObject\",\"inLanguage\":\"pt-BR\",\"@id\":\"https:\/\/deputadotaveirajr.com.br\/#\/schema\/logo\/image\/\",\"url\":\"https:\/\/deputadotaveirajr.com.br\/wp-content\/uploads\/2026\/01\/logolow2a.png\",\"contentUrl\":\"https:\/\/deputadotaveirajr.com.br\/wp-content\/uploads\/2026\/01\/logolow2a.png\",\"width\":290,\"height\":80,\"caption\":\"Taveira Jr\"},\"image\":{\"@id\":\"https:\/\/deputadotaveirajr.com.br\/#\/schema\/logo\/image\/\"}}]}<\/script>\n<!-- \/ Yoast SEO plugin. -->","yoast_head_json":{"title":"Passageira diz que pessoas 'voaram' para o teto do avi\u00e3o durante turbul\u00eancia em voo desviado para Natal: 'Desespero' - Taveira Jr","robots":{"index":"index","follow":"follow","max-snippet":"max-snippet:-1","max-image-preview":"max-image-preview:large","max-video-preview":"max-video-preview:-1"},"canonical":"https:\/\/deputadotaveirajr.com.br\/index.php\/passageira-diz-que-pessoas-voaram-para-o-teto-do-aviao-durante-turbulencia-em-voo-desviado-para-natal-desespero\/","og_locale":"pt_BR","og_type":"article","og_title":"Passageira diz que pessoas 'voaram' para o teto do avi\u00e3o durante turbul\u00eancia em voo desviado para Natal: 'Desespero' - Taveira Jr","og_description":"Aeronave precisou fazer pouso de emerg\u00eancia em Natal na madrugada desta segunda-feira (1\u00ba) e pelo menos 30 pessoas ficaram feridas. Voo ia da Espanha para o Uruguai. Sandra Salda\u00f1a estava ...","og_url":"https:\/\/deputadotaveirajr.com.br\/index.php\/passageira-diz-que-pessoas-voaram-para-o-teto-do-aviao-durante-turbulencia-em-voo-desviado-para-natal-desespero\/","og_site_name":"Taveira Jr","og_image":[{"width":1257,"height":904,"url":"https:\/\/deputadotaveirajr.com.br\/wp-content\/uploads\/2024\/07\/mulher-p9sAVG.jpeg","type":"image\/jpeg"}],"twitter_card":"summary_large_image","twitter_misc":{"Est. tempo de leitura":"4 minutos"},"schema":{"@context":"https:\/\/schema.org","@graph":[{"@type":"WebPage","@id":"https:\/\/deputadotaveirajr.com.br\/index.php\/passageira-diz-que-pessoas-voaram-para-o-teto-do-aviao-durante-turbulencia-em-voo-desviado-para-natal-desespero\/","url":"https:\/\/deputadotaveirajr.com.br\/index.php\/passageira-diz-que-pessoas-voaram-para-o-teto-do-aviao-durante-turbulencia-em-voo-desviado-para-natal-desespero\/","name":"Passageira diz que pessoas 'voaram' para o teto do avi\u00e3o durante turbul\u00eancia em voo desviado para Natal: 'Desespero' - Taveira Jr","isPartOf":{"@id":"https:\/\/deputadotaveirajr.com.br\/#website"},"primaryImageOfPage":{"@id":"https:\/\/deputadotaveirajr.com.br\/index.php\/passageira-diz-que-pessoas-voaram-para-o-teto-do-aviao-durante-turbulencia-em-voo-desviado-para-natal-desespero\/#primaryimage"},"image":{"@id":"https:\/\/deputadotaveirajr.com.br\/index.php\/passageira-diz-que-pessoas-voaram-para-o-teto-do-aviao-durante-turbulencia-em-voo-desviado-para-natal-desespero\/#primaryimage"},"thumbnailUrl":"https:\/\/deputadotaveirajr.com.br\/wp-content\/uploads\/2024\/07\/mulher-p9sAVG.jpeg","datePublished":"2024-07-01T15:54:37+00:00","breadcrumb":{"@id":"https:\/\/deputadotaveirajr.com.br\/index.php\/passageira-diz-que-pessoas-voaram-para-o-teto-do-aviao-durante-turbulencia-em-voo-desviado-para-natal-desespero\/#breadcrumb"},"inLanguage":"pt-BR","potentialAction":[{"@type":"ReadAction","target":["https:\/\/deputadotaveirajr.com.br\/index.php\/passageira-diz-que-pessoas-voaram-para-o-teto-do-aviao-durante-turbulencia-em-voo-desviado-para-natal-desespero\/"]}]},{"@type":"ImageObject","inLanguage":"pt-BR","@id":"https:\/\/deputadotaveirajr.com.br\/index.php\/passageira-diz-que-pessoas-voaram-para-o-teto-do-aviao-durante-turbulencia-em-voo-desviado-para-natal-desespero\/#primaryimage","url":"https:\/\/deputadotaveirajr.com.br\/wp-content\/uploads\/2024\/07\/mulher-p9sAVG.jpeg","contentUrl":"https:\/\/deputadotaveirajr.com.br\/wp-content\/uploads\/2024\/07\/mulher-p9sAVG.jpeg","width":1257,"height":904},{"@type":"BreadcrumbList","@id":"https:\/\/deputadotaveirajr.com.br\/index.php\/passageira-diz-que-pessoas-voaram-para-o-teto-do-aviao-durante-turbulencia-em-voo-desviado-para-natal-desespero\/#breadcrumb","itemListElement":[{"@type":"ListItem","position":1,"name":"In\u00edcio","item":"https:\/\/deputadotaveirajr.com.br\/"},{"@type":"ListItem","position":2,"name":"Passageira diz que pessoas &#8216;voaram&#8217; para o teto do avi\u00e3o durante turbul\u00eancia em voo desviado para Natal: &#8216;Desespero&#8217;"}]},{"@type":"WebSite","@id":"https:\/\/deputadotaveirajr.com.br\/#website","url":"https:\/\/deputadotaveirajr.com.br\/","name":"Taveira Jr","description":"Deputado Estadual","publisher":{"@id":"https:\/\/deputadotaveirajr.com.br\/#organization"},"potentialAction":[{"@type":"SearchAction","target":{"@type":"EntryPoint","urlTemplate":"https:\/\/deputadotaveirajr.com.br\/?s={search_term_string}"},"query-input":{"@type":"PropertyValueSpecification","valueRequired":true,"valueName":"search_term_string"}}],"inLanguage":"pt-BR"},{"@type":"Organization","@id":"https:\/\/deputadotaveirajr.com.br\/#organization","name":"Taveira Jr","url":"https:\/\/deputadotaveirajr.com.br\/","logo":{"@type":"ImageObject","inLanguage":"pt-BR","@id":"https:\/\/deputadotaveirajr.com.br\/#\/schema\/logo\/image\/","url":"https:\/\/deputadotaveirajr.com.br\/wp-content\/uploads\/2026\/01\/logolow2a.png","contentUrl":"https:\/\/deputadotaveirajr.com.br\/wp-content\/uploads\/2026\/01\/logolow2a.png","width":290,"height":80,"caption":"Taveira Jr"},"image":{"@id":"https:\/\/deputadotaveirajr.com.br\/#\/schema\/logo\/image\/"}}]}},"_links":{"self":[{"href":"https:\/\/deputadotaveirajr.com.br\/index.php\/wp-json\/wp\/v2\/pages\/7411","targetHints":{"allow":["GET"]}}],"collection":[{"href":"https:\/\/deputadotaveirajr.com.br\/index.php\/wp-json\/wp\/v2\/pages"}],"about":[{"href":"https:\/\/deputadotaveirajr.com.br\/index.php\/wp-json\/wp\/v2\/types\/page"}],"replies":[{"embeddable":true,"href":"https:\/\/deputadotaveirajr.com.br\/index.php\/wp-json\/wp\/v2\/comments?post=7411"}],"version-history":[{"count":1,"href":"https:\/\/deputadotaveirajr.com.br\/index.php\/wp-json\/wp\/v2\/pages\/7411\/revisions"}],"predecessor-version":[{"id":7416,"href":"https:\/\/deputadotaveirajr.com.br\/index.php\/wp-json\/wp\/v2\/pages\/7411\/revisions\/7416"}],"wp:featuredmedia":[{"embeddable":true,"href":"https:\/\/deputadotaveirajr.com.br\/index.php\/wp-json\/wp\/v2\/media\/7412"}],"wp:attachment":[{"href":"https:\/\/deputadotaveirajr.com.br\/index.php\/wp-json\/wp\/v2\/media?parent=7411"}],"curies":[{"name":"wp","href":"https:\/\/api.w.org\/{rel}","templated":true}]}}