{"id":7423,"date":"2024-07-01T21:21:42","date_gmt":"2024-07-02T00:21:42","guid":{"rendered":"https:\/\/deputadotaveirajr.com.br\/?page_id=7423"},"modified":"2024-07-01T21:21:42","modified_gmt":"2024-07-02T00:21:42","slug":"medico-e-preso-suspeito-dos-crimes-de-cena-de-abuso-e-nudez-infantil-em-natal","status":"publish","type":"page","link":"https:\/\/deputadotaveirajr.com.br\/index.php\/medico-e-preso-suspeito-dos-crimes-de-cena-de-abuso-e-nudez-infantil-em-natal\/","title":{"rendered":"M\u00e9dico \u00e9 preso suspeito dos crimes de cena de abuso e nudez infantil em Natal"},"content":{"rendered":"<p>     M\u00e3e de uma das v\u00edtimas tamb\u00e9m foi presa. Ap\u00f3s dilig\u00eancias, Pol\u00edcia Civil acredita que consentimento era dado em troca de dinheiro.  Homem foi preso em flagrante na noite deste domingo (30)<br \/>\nReprodu\u00e7\u00e3o\/Pol\u00edcia Civil<br \/>\nUm m\u00e9dico foi preso em flagrante neste domingo (30), em Natal, suspeito dos crimes de cena de abuso e nudez infantil. Segundo a Pol\u00edcia Civil, uma mulher, m\u00e3e de uma das v\u00edtimas, tamb\u00e9m foi presa por consentir com os encontros em troca de receber presentes e dinheiro.<br \/>\nA pris\u00e3o em flagrante foi realizada na resid\u00eancia do suspeito. Ele procurou a Pol\u00edcia Militar, queixando-se de perturba\u00e7\u00e3o de sossego. Os militares acionaram a Pol\u00edcia Civil, que, ao chegar ao local, se deparou com cinco adolescentes, al\u00e9m de medicamentos, lubrificantes, camisinhas e exames ginecol\u00f3gicos para apurar poss\u00edveis Doen\u00e7as Sexualmente Transmiss\u00edveis (DSTs). O m\u00e9dico foi preso em flagrante.<br \/>\nO envolvimento da m\u00e3e, de acordo com a Pol\u00edcia Civil, se deu ap\u00f3s ela ter conhecimento do ocorrido. A pol\u00edcia apurou que o consentimento da mulher, que atua como t\u00e9cnica de enfermagem, ocorria em troca de dinheiro e objetos dom\u00e9sticos. Ela foi presa pela suspeita da pr\u00e1tica dos crimes de favorecimento \u00e0 prostitui\u00e7\u00e3o infantil e abandono de incapaz.<br \/>\nAp\u00f3s audi\u00eancia de cust\u00f3dia realizada nesta segunda-feira (1\u00ba), o juiz Diego Dantas confirmou a pris\u00e3o preventiva do m\u00e9dico. Os policias apreenderam tamb\u00e9m aparelhos eletr\u00f4nicos do suspeito.<br \/>\nAs adolescentes foram encaminhadas \u00e0 sede do Projeto Abra\u00e7ar, especializado em acolher e atender crian\u00e7as e adolescentes em situa\u00e7\u00e3o de viol\u00eancia sexual. Os suspeitos se encontram \u00e0 disposi\u00e7\u00e3o da Justi\u00e7a ap\u00f3s serem encaminhados ao sistema prisional.<\/p>","protected":false},"excerpt":{"rendered":"<p>M\u00e3e de uma das v\u00edtimas tamb\u00e9m foi presa. Ap\u00f3s dilig\u00eancias, Pol\u00edcia Civil acredita que consentimento era dado em troca de dinheiro. Homem foi preso em flagrante na noite deste domingo &#8230;<\/p>\n","protected":false},"author":0,"featured_media":7424,"parent":0,"menu_order":0,"comment_status":"closed","ping_status":"closed","template":"","meta":{"footnotes":""},"class_list":["post-7423","page","type-page","status-publish","has-post-thumbnail","hentry"],"yoast_head":"<!-- This site is optimized with the Yoast SEO plugin v27.1.1 - https:\/\/yoast.com\/product\/yoast-seo-wordpress\/ -->\n<title>M\u00e9dico \u00e9 preso suspeito dos crimes de cena de abuso e nudez infantil em Natal - Taveira Jr<\/title>\n<meta name=\"robots\" content=\"index, follow, max-snippet:-1, max-image-preview:large, max-video-preview:-1\" \/>\n<link rel=\"canonical\" href=\"https:\/\/deputadotaveirajr.com.br\/index.php\/medico-e-preso-suspeito-dos-crimes-de-cena-de-abuso-e-nudez-infantil-em-natal\/\" \/>\n<meta property=\"og:locale\" content=\"pt_BR\" \/>\n<meta property=\"og:type\" content=\"article\" \/>\n<meta property=\"og:title\" content=\"M\u00e9dico \u00e9 preso suspeito dos crimes de cena de abuso e nudez infantil em Natal - Taveira Jr\" \/>\n<meta property=\"og:description\" content=\"M\u00e3e de uma das v\u00edtimas tamb\u00e9m foi presa. Ap\u00f3s dilig\u00eancias, Pol\u00edcia Civil acredita que consentimento era dado em troca de dinheiro. Homem foi preso em flagrante na noite deste domingo ...\" \/>\n<meta property=\"og:url\" content=\"https:\/\/deputadotaveirajr.com.br\/index.php\/medico-e-preso-suspeito-dos-crimes-de-cena-de-abuso-e-nudez-infantil-em-natal\/\" \/>\n<meta property=\"og:site_name\" content=\"Taveira Jr\" \/>\n<meta property=\"og:image\" content=\"https:\/\/deputadotaveirajr.com.br\/wp-content\/uploads\/2024\/07\/whatsapp-image-2024-07-01-at-18.03.46-1-oXqsgx.jpeg\" \/>\n\t<meta property=\"og:image:width\" content=\"610\" \/>\n\t<meta property=\"og:image:height\" content=\"344\" \/>\n\t<meta property=\"og:image:type\" content=\"image\/jpeg\" \/>\n<meta name=\"twitter:card\" content=\"summary_large_image\" \/>\n<meta name=\"twitter:label1\" content=\"Est. tempo de leitura\" \/>\n\t<meta name=\"twitter:data1\" content=\"1 minuto\" \/>\n<script type=\"application\/ld+json\" class=\"yoast-schema-graph\">{\"@context\":\"https:\/\/schema.org\",\"@graph\":[{\"@type\":\"WebPage\",\"@id\":\"https:\/\/deputadotaveirajr.com.br\/index.php\/medico-e-preso-suspeito-dos-crimes-de-cena-de-abuso-e-nudez-infantil-em-natal\/\",\"url\":\"https:\/\/deputadotaveirajr.com.br\/index.php\/medico-e-preso-suspeito-dos-crimes-de-cena-de-abuso-e-nudez-infantil-em-natal\/\",\"name\":\"M\u00e9dico \u00e9 preso suspeito dos crimes de cena de abuso e nudez infantil em Natal - Taveira Jr\",\"isPartOf\":{\"@id\":\"https:\/\/deputadotaveirajr.com.br\/#website\"},\"primaryImageOfPage\":{\"@id\":\"https:\/\/deputadotaveirajr.com.br\/index.php\/medico-e-preso-suspeito-dos-crimes-de-cena-de-abuso-e-nudez-infantil-em-natal\/#primaryimage\"},\"image\":{\"@id\":\"https:\/\/deputadotaveirajr.com.br\/index.php\/medico-e-preso-suspeito-dos-crimes-de-cena-de-abuso-e-nudez-infantil-em-natal\/#primaryimage\"},\"thumbnailUrl\":\"https:\/\/deputadotaveirajr.com.br\/wp-content\/uploads\/2024\/07\/whatsapp-image-2024-07-01-at-18.03.46-1-oXqsgx.jpeg\",\"datePublished\":\"2024-07-02T00:21:42+00:00\",\"breadcrumb\":{\"@id\":\"https:\/\/deputadotaveirajr.com.br\/index.php\/medico-e-preso-suspeito-dos-crimes-de-cena-de-abuso-e-nudez-infantil-em-natal\/#breadcrumb\"},\"inLanguage\":\"pt-BR\",\"potentialAction\":[{\"@type\":\"ReadAction\",\"target\":[\"https:\/\/deputadotaveirajr.com.br\/index.php\/medico-e-preso-suspeito-dos-crimes-de-cena-de-abuso-e-nudez-infantil-em-natal\/\"]}]},{\"@type\":\"ImageObject\",\"inLanguage\":\"pt-BR\",\"@id\":\"https:\/\/deputadotaveirajr.com.br\/index.php\/medico-e-preso-suspeito-dos-crimes-de-cena-de-abuso-e-nudez-infantil-em-natal\/#primaryimage\",\"url\":\"https:\/\/deputadotaveirajr.com.br\/wp-content\/uploads\/2024\/07\/whatsapp-image-2024-07-01-at-18.03.46-1-oXqsgx.jpeg\",\"contentUrl\":\"https:\/\/deputadotaveirajr.com.br\/wp-content\/uploads\/2024\/07\/whatsapp-image-2024-07-01-at-18.03.46-1-oXqsgx.jpeg\",\"width\":610,\"height\":344},{\"@type\":\"BreadcrumbList\",\"@id\":\"https:\/\/deputadotaveirajr.com.br\/index.php\/medico-e-preso-suspeito-dos-crimes-de-cena-de-abuso-e-nudez-infantil-em-natal\/#breadcrumb\",\"itemListElement\":[{\"@type\":\"ListItem\",\"position\":1,\"name\":\"In\u00edcio\",\"item\":\"https:\/\/deputadotaveirajr.com.br\/\"},{\"@type\":\"ListItem\",\"position\":2,\"name\":\"M\u00e9dico \u00e9 preso suspeito dos crimes de cena de abuso e nudez infantil em Natal\"}]},{\"@type\":\"WebSite\",\"@id\":\"https:\/\/deputadotaveirajr.com.br\/#website\",\"url\":\"https:\/\/deputadotaveirajr.com.br\/\",\"name\":\"Taveira Jr\",\"description\":\"Deputado Estadual\",\"publisher\":{\"@id\":\"https:\/\/deputadotaveirajr.com.br\/#organization\"},\"potentialAction\":[{\"@type\":\"SearchAction\",\"target\":{\"@type\":\"EntryPoint\",\"urlTemplate\":\"https:\/\/deputadotaveirajr.com.br\/?s={search_term_string}\"},\"query-input\":{\"@type\":\"PropertyValueSpecification\",\"valueRequired\":true,\"valueName\":\"search_term_string\"}}],\"inLanguage\":\"pt-BR\"},{\"@type\":\"Organization\",\"@id\":\"https:\/\/deputadotaveirajr.com.br\/#organization\",\"name\":\"Taveira Jr\",\"url\":\"https:\/\/deputadotaveirajr.com.br\/\",\"logo\":{\"@type\":\"ImageObject\",\"inLanguage\":\"pt-BR\",\"@id\":\"https:\/\/deputadotaveirajr.com.br\/#\/schema\/logo\/image\/\",\"url\":\"https:\/\/deputadotaveirajr.com.br\/wp-content\/uploads\/2026\/01\/logolow2a.png\",\"contentUrl\":\"https:\/\/deputadotaveirajr.com.br\/wp-content\/uploads\/2026\/01\/logolow2a.png\",\"width\":290,\"height\":80,\"caption\":\"Taveira Jr\"},\"image\":{\"@id\":\"https:\/\/deputadotaveirajr.com.br\/#\/schema\/logo\/image\/\"}}]}<\/script>\n<!-- \/ Yoast SEO plugin. -->","yoast_head_json":{"title":"M\u00e9dico \u00e9 preso suspeito dos crimes de cena de abuso e nudez infantil em Natal - Taveira Jr","robots":{"index":"index","follow":"follow","max-snippet":"max-snippet:-1","max-image-preview":"max-image-preview:large","max-video-preview":"max-video-preview:-1"},"canonical":"https:\/\/deputadotaveirajr.com.br\/index.php\/medico-e-preso-suspeito-dos-crimes-de-cena-de-abuso-e-nudez-infantil-em-natal\/","og_locale":"pt_BR","og_type":"article","og_title":"M\u00e9dico \u00e9 preso suspeito dos crimes de cena de abuso e nudez infantil em Natal - Taveira Jr","og_description":"M\u00e3e de uma das v\u00edtimas tamb\u00e9m foi presa. Ap\u00f3s dilig\u00eancias, Pol\u00edcia Civil acredita que consentimento era dado em troca de dinheiro. Homem foi preso em flagrante na noite deste domingo ...","og_url":"https:\/\/deputadotaveirajr.com.br\/index.php\/medico-e-preso-suspeito-dos-crimes-de-cena-de-abuso-e-nudez-infantil-em-natal\/","og_site_name":"Taveira Jr","og_image":[{"width":610,"height":344,"url":"https:\/\/deputadotaveirajr.com.br\/wp-content\/uploads\/2024\/07\/whatsapp-image-2024-07-01-at-18.03.46-1-oXqsgx.jpeg","type":"image\/jpeg"}],"twitter_card":"summary_large_image","twitter_misc":{"Est. tempo de leitura":"1 minuto"},"schema":{"@context":"https:\/\/schema.org","@graph":[{"@type":"WebPage","@id":"https:\/\/deputadotaveirajr.com.br\/index.php\/medico-e-preso-suspeito-dos-crimes-de-cena-de-abuso-e-nudez-infantil-em-natal\/","url":"https:\/\/deputadotaveirajr.com.br\/index.php\/medico-e-preso-suspeito-dos-crimes-de-cena-de-abuso-e-nudez-infantil-em-natal\/","name":"M\u00e9dico \u00e9 preso suspeito dos crimes de cena de abuso e nudez infantil em Natal - Taveira Jr","isPartOf":{"@id":"https:\/\/deputadotaveirajr.com.br\/#website"},"primaryImageOfPage":{"@id":"https:\/\/deputadotaveirajr.com.br\/index.php\/medico-e-preso-suspeito-dos-crimes-de-cena-de-abuso-e-nudez-infantil-em-natal\/#primaryimage"},"image":{"@id":"https:\/\/deputadotaveirajr.com.br\/index.php\/medico-e-preso-suspeito-dos-crimes-de-cena-de-abuso-e-nudez-infantil-em-natal\/#primaryimage"},"thumbnailUrl":"https:\/\/deputadotaveirajr.com.br\/wp-content\/uploads\/2024\/07\/whatsapp-image-2024-07-01-at-18.03.46-1-oXqsgx.jpeg","datePublished":"2024-07-02T00:21:42+00:00","breadcrumb":{"@id":"https:\/\/deputadotaveirajr.com.br\/index.php\/medico-e-preso-suspeito-dos-crimes-de-cena-de-abuso-e-nudez-infantil-em-natal\/#breadcrumb"},"inLanguage":"pt-BR","potentialAction":[{"@type":"ReadAction","target":["https:\/\/deputadotaveirajr.com.br\/index.php\/medico-e-preso-suspeito-dos-crimes-de-cena-de-abuso-e-nudez-infantil-em-natal\/"]}]},{"@type":"ImageObject","inLanguage":"pt-BR","@id":"https:\/\/deputadotaveirajr.com.br\/index.php\/medico-e-preso-suspeito-dos-crimes-de-cena-de-abuso-e-nudez-infantil-em-natal\/#primaryimage","url":"https:\/\/deputadotaveirajr.com.br\/wp-content\/uploads\/2024\/07\/whatsapp-image-2024-07-01-at-18.03.46-1-oXqsgx.jpeg","contentUrl":"https:\/\/deputadotaveirajr.com.br\/wp-content\/uploads\/2024\/07\/whatsapp-image-2024-07-01-at-18.03.46-1-oXqsgx.jpeg","width":610,"height":344},{"@type":"BreadcrumbList","@id":"https:\/\/deputadotaveirajr.com.br\/index.php\/medico-e-preso-suspeito-dos-crimes-de-cena-de-abuso-e-nudez-infantil-em-natal\/#breadcrumb","itemListElement":[{"@type":"ListItem","position":1,"name":"In\u00edcio","item":"https:\/\/deputadotaveirajr.com.br\/"},{"@type":"ListItem","position":2,"name":"M\u00e9dico \u00e9 preso suspeito dos crimes de cena de abuso e nudez infantil em Natal"}]},{"@type":"WebSite","@id":"https:\/\/deputadotaveirajr.com.br\/#website","url":"https:\/\/deputadotaveirajr.com.br\/","name":"Taveira Jr","description":"Deputado Estadual","publisher":{"@id":"https:\/\/deputadotaveirajr.com.br\/#organization"},"potentialAction":[{"@type":"SearchAction","target":{"@type":"EntryPoint","urlTemplate":"https:\/\/deputadotaveirajr.com.br\/?s={search_term_string}"},"query-input":{"@type":"PropertyValueSpecification","valueRequired":true,"valueName":"search_term_string"}}],"inLanguage":"pt-BR"},{"@type":"Organization","@id":"https:\/\/deputadotaveirajr.com.br\/#organization","name":"Taveira Jr","url":"https:\/\/deputadotaveirajr.com.br\/","logo":{"@type":"ImageObject","inLanguage":"pt-BR","@id":"https:\/\/deputadotaveirajr.com.br\/#\/schema\/logo\/image\/","url":"https:\/\/deputadotaveirajr.com.br\/wp-content\/uploads\/2026\/01\/logolow2a.png","contentUrl":"https:\/\/deputadotaveirajr.com.br\/wp-content\/uploads\/2026\/01\/logolow2a.png","width":290,"height":80,"caption":"Taveira Jr"},"image":{"@id":"https:\/\/deputadotaveirajr.com.br\/#\/schema\/logo\/image\/"}}]}},"_links":{"self":[{"href":"https:\/\/deputadotaveirajr.com.br\/index.php\/wp-json\/wp\/v2\/pages\/7423","targetHints":{"allow":["GET"]}}],"collection":[{"href":"https:\/\/deputadotaveirajr.com.br\/index.php\/wp-json\/wp\/v2\/pages"}],"about":[{"href":"https:\/\/deputadotaveirajr.com.br\/index.php\/wp-json\/wp\/v2\/types\/page"}],"replies":[{"embeddable":true,"href":"https:\/\/deputadotaveirajr.com.br\/index.php\/wp-json\/wp\/v2\/comments?post=7423"}],"version-history":[{"count":1,"href":"https:\/\/deputadotaveirajr.com.br\/index.php\/wp-json\/wp\/v2\/pages\/7423\/revisions"}],"predecessor-version":[{"id":7428,"href":"https:\/\/deputadotaveirajr.com.br\/index.php\/wp-json\/wp\/v2\/pages\/7423\/revisions\/7428"}],"wp:featuredmedia":[{"embeddable":true,"href":"https:\/\/deputadotaveirajr.com.br\/index.php\/wp-json\/wp\/v2\/media\/7424"}],"wp:attachment":[{"href":"https:\/\/deputadotaveirajr.com.br\/index.php\/wp-json\/wp\/v2\/media?parent=7423"}],"curies":[{"name":"wp","href":"https:\/\/api.w.org\/{rel}","templated":true}]}}