{"id":7444,"date":"2024-07-02T13:28:34","date_gmt":"2024-07-02T16:28:34","guid":{"rendered":"https:\/\/deputadotaveirajr.com.br\/?page_id=7444"},"modified":"2024-07-02T13:28:34","modified_gmt":"2024-07-02T16:28:34","slug":"video-pedestres-escapam-por-um-triz-de-serem-atingidos-por-carro-desgovernado-na-grande-natal","status":"publish","type":"page","link":"https:\/\/deputadotaveirajr.com.br\/index.php\/video-pedestres-escapam-por-um-triz-de-serem-atingidos-por-carro-desgovernado-na-grande-natal\/","title":{"rendered":"V\u00cdDEO: Pedestres escapam por um triz de serem atingidos por carro desgovernado na Grande Natal"},"content":{"rendered":"<p>     Caso aconteceu no fim da tarde desta segunda-feira (1\u00ba) em frente uma conveni\u00eancia na cidade de Cear\u00e1-Mirim. Motorista foi levada para o hospital para tratar ferimentos. Pedestres escapam por poucos metros de serem atingidos por carro desgovernado no RN<br \/>\nDois pedestres escaparam por um triz de serem atingidos por um carro desgovernado na tarde desta segunda-feira (1\u00ba) na cidade de Cear\u00e1-Mirim, na Regi\u00e3o Metropolitana de Natal. Uma c\u00e2mera de seguran\u00e7a de uma conveni\u00eancia registrou o momento do acidente (veja v\u00eddeo).<br \/>\nNo v\u00eddeo, foi poss\u00edvel ver que carro desgovernado subiu a cal\u00e7ada ap\u00f3s sair da pista, desviou de um poste e bateu violentamente contra blocos de concreto instalados na frente da conveni\u00eancia. O acidente aconteceu por volta das 17h50.<br \/>\n\ud83d\udcf3Participe do canal do g1 RN no WhatsApp<br \/>\nDois pedestres estavam bem ao lado de onde o ve\u00edculo bateu, escorados em um outro bloco de concreto. A prote\u00e7\u00e3o tamb\u00e9m evitou que o carro invadisse a conveni\u00eancia.<br \/>\nA propriet\u00e1ria da conveni\u00eancia disse que a motorista do carro foi levada para Hospital Dr. Percilio Alves, na cidade de Cear\u00e1-Mirim, por conta de ferimentos causados no acidente. O estado de sa\u00fade dela n\u00e3o foi informado.<br \/>\nOs blocos de concreto foram instalados no trecho h\u00e1 alguns anos como forma de prote\u00e7\u00e3o, segundo a dona da conveni\u00eancia, ap\u00f3s um caminh\u00e3o, tamb\u00e9m desgovernado, invadir o estabelecimento.<br \/>\nVe\u00edculo quase atingiu pedestres em Cear\u00e1-Mirim<br \/>\nReprodu\u00e7\u00e3o\/Inter TV Cabugi<br \/>\nV\u00eddeos mais assistidos do g1 RN<\/p>","protected":false},"excerpt":{"rendered":"<p>Caso aconteceu no fim da tarde desta segunda-feira (1\u00ba) em frente uma conveni\u00eancia na cidade de Cear\u00e1-Mirim. Motorista foi levada para o hospital para tratar ferimentos. Pedestres escapam por poucos &#8230;<\/p>\n","protected":false},"author":0,"featured_media":7445,"parent":0,"menu_order":0,"comment_status":"closed","ping_status":"closed","template":"","meta":{"footnotes":""},"class_list":["post-7444","page","type-page","status-publish","has-post-thumbnail","hentry"],"yoast_head":"<!-- This site is optimized with the Yoast SEO plugin v27.1.1 - https:\/\/yoast.com\/product\/yoast-seo-wordpress\/ -->\n<title>V\u00cdDEO: Pedestres escapam por um triz de serem atingidos por carro desgovernado na Grande Natal - Taveira Jr<\/title>\n<meta name=\"robots\" content=\"index, follow, max-snippet:-1, max-image-preview:large, max-video-preview:-1\" \/>\n<link rel=\"canonical\" href=\"https:\/\/deputadotaveirajr.com.br\/index.php\/video-pedestres-escapam-por-um-triz-de-serem-atingidos-por-carro-desgovernado-na-grande-natal\/\" \/>\n<meta property=\"og:locale\" content=\"pt_BR\" \/>\n<meta property=\"og:type\" content=\"article\" \/>\n<meta property=\"og:title\" content=\"V\u00cdDEO: Pedestres escapam por um triz de serem atingidos por carro desgovernado na Grande Natal - Taveira Jr\" \/>\n<meta property=\"og:description\" content=\"Caso aconteceu no fim da tarde desta segunda-feira (1\u00ba) em frente uma conveni\u00eancia na cidade de Cear\u00e1-Mirim. Motorista foi levada para o hospital para tratar ferimentos. Pedestres escapam por poucos ...\" \/>\n<meta property=\"og:url\" content=\"https:\/\/deputadotaveirajr.com.br\/index.php\/video-pedestres-escapam-por-um-triz-de-serem-atingidos-por-carro-desgovernado-na-grande-natal\/\" \/>\n<meta property=\"og:site_name\" content=\"Taveira Jr\" \/>\n<meta property=\"og:image\" content=\"https:\/\/deputadotaveirajr.com.br\/wp-content\/uploads\/2024\/07\/captura-de-tela-2024-07-02-084953-MnMW0X.jpeg\" \/>\n\t<meta property=\"og:image:width\" content=\"1390\" \/>\n\t<meta property=\"og:image:height\" content=\"862\" \/>\n\t<meta property=\"og:image:type\" content=\"image\/jpeg\" \/>\n<meta name=\"twitter:card\" content=\"summary_large_image\" \/>\n<meta name=\"twitter:label1\" content=\"Est. tempo de leitura\" \/>\n\t<meta name=\"twitter:data1\" content=\"1 minuto\" \/>\n<script type=\"application\/ld+json\" class=\"yoast-schema-graph\">{\"@context\":\"https:\/\/schema.org\",\"@graph\":[{\"@type\":\"WebPage\",\"@id\":\"https:\/\/deputadotaveirajr.com.br\/index.php\/video-pedestres-escapam-por-um-triz-de-serem-atingidos-por-carro-desgovernado-na-grande-natal\/\",\"url\":\"https:\/\/deputadotaveirajr.com.br\/index.php\/video-pedestres-escapam-por-um-triz-de-serem-atingidos-por-carro-desgovernado-na-grande-natal\/\",\"name\":\"V\u00cdDEO: Pedestres escapam por um triz de serem atingidos por carro desgovernado na Grande Natal - Taveira Jr\",\"isPartOf\":{\"@id\":\"https:\/\/deputadotaveirajr.com.br\/#website\"},\"primaryImageOfPage\":{\"@id\":\"https:\/\/deputadotaveirajr.com.br\/index.php\/video-pedestres-escapam-por-um-triz-de-serem-atingidos-por-carro-desgovernado-na-grande-natal\/#primaryimage\"},\"image\":{\"@id\":\"https:\/\/deputadotaveirajr.com.br\/index.php\/video-pedestres-escapam-por-um-triz-de-serem-atingidos-por-carro-desgovernado-na-grande-natal\/#primaryimage\"},\"thumbnailUrl\":\"https:\/\/deputadotaveirajr.com.br\/wp-content\/uploads\/2024\/07\/captura-de-tela-2024-07-02-084953-MnMW0X.jpeg\",\"datePublished\":\"2024-07-02T16:28:34+00:00\",\"breadcrumb\":{\"@id\":\"https:\/\/deputadotaveirajr.com.br\/index.php\/video-pedestres-escapam-por-um-triz-de-serem-atingidos-por-carro-desgovernado-na-grande-natal\/#breadcrumb\"},\"inLanguage\":\"pt-BR\",\"potentialAction\":[{\"@type\":\"ReadAction\",\"target\":[\"https:\/\/deputadotaveirajr.com.br\/index.php\/video-pedestres-escapam-por-um-triz-de-serem-atingidos-por-carro-desgovernado-na-grande-natal\/\"]}]},{\"@type\":\"ImageObject\",\"inLanguage\":\"pt-BR\",\"@id\":\"https:\/\/deputadotaveirajr.com.br\/index.php\/video-pedestres-escapam-por-um-triz-de-serem-atingidos-por-carro-desgovernado-na-grande-natal\/#primaryimage\",\"url\":\"https:\/\/deputadotaveirajr.com.br\/wp-content\/uploads\/2024\/07\/captura-de-tela-2024-07-02-084953-MnMW0X.jpeg\",\"contentUrl\":\"https:\/\/deputadotaveirajr.com.br\/wp-content\/uploads\/2024\/07\/captura-de-tela-2024-07-02-084953-MnMW0X.jpeg\",\"width\":1390,\"height\":862},{\"@type\":\"BreadcrumbList\",\"@id\":\"https:\/\/deputadotaveirajr.com.br\/index.php\/video-pedestres-escapam-por-um-triz-de-serem-atingidos-por-carro-desgovernado-na-grande-natal\/#breadcrumb\",\"itemListElement\":[{\"@type\":\"ListItem\",\"position\":1,\"name\":\"In\u00edcio\",\"item\":\"https:\/\/deputadotaveirajr.com.br\/\"},{\"@type\":\"ListItem\",\"position\":2,\"name\":\"V\u00cdDEO: Pedestres escapam por um triz de serem atingidos por carro desgovernado na Grande Natal\"}]},{\"@type\":\"WebSite\",\"@id\":\"https:\/\/deputadotaveirajr.com.br\/#website\",\"url\":\"https:\/\/deputadotaveirajr.com.br\/\",\"name\":\"Taveira Jr\",\"description\":\"Deputado Estadual\",\"publisher\":{\"@id\":\"https:\/\/deputadotaveirajr.com.br\/#organization\"},\"potentialAction\":[{\"@type\":\"SearchAction\",\"target\":{\"@type\":\"EntryPoint\",\"urlTemplate\":\"https:\/\/deputadotaveirajr.com.br\/?s={search_term_string}\"},\"query-input\":{\"@type\":\"PropertyValueSpecification\",\"valueRequired\":true,\"valueName\":\"search_term_string\"}}],\"inLanguage\":\"pt-BR\"},{\"@type\":\"Organization\",\"@id\":\"https:\/\/deputadotaveirajr.com.br\/#organization\",\"name\":\"Taveira Jr\",\"url\":\"https:\/\/deputadotaveirajr.com.br\/\",\"logo\":{\"@type\":\"ImageObject\",\"inLanguage\":\"pt-BR\",\"@id\":\"https:\/\/deputadotaveirajr.com.br\/#\/schema\/logo\/image\/\",\"url\":\"https:\/\/deputadotaveirajr.com.br\/wp-content\/uploads\/2026\/01\/logolow2a.png\",\"contentUrl\":\"https:\/\/deputadotaveirajr.com.br\/wp-content\/uploads\/2026\/01\/logolow2a.png\",\"width\":290,\"height\":80,\"caption\":\"Taveira Jr\"},\"image\":{\"@id\":\"https:\/\/deputadotaveirajr.com.br\/#\/schema\/logo\/image\/\"}}]}<\/script>\n<!-- \/ Yoast SEO plugin. -->","yoast_head_json":{"title":"V\u00cdDEO: Pedestres escapam por um triz de serem atingidos por carro desgovernado na Grande Natal - Taveira Jr","robots":{"index":"index","follow":"follow","max-snippet":"max-snippet:-1","max-image-preview":"max-image-preview:large","max-video-preview":"max-video-preview:-1"},"canonical":"https:\/\/deputadotaveirajr.com.br\/index.php\/video-pedestres-escapam-por-um-triz-de-serem-atingidos-por-carro-desgovernado-na-grande-natal\/","og_locale":"pt_BR","og_type":"article","og_title":"V\u00cdDEO: Pedestres escapam por um triz de serem atingidos por carro desgovernado na Grande Natal - Taveira Jr","og_description":"Caso aconteceu no fim da tarde desta segunda-feira (1\u00ba) em frente uma conveni\u00eancia na cidade de Cear\u00e1-Mirim. Motorista foi levada para o hospital para tratar ferimentos. Pedestres escapam por poucos ...","og_url":"https:\/\/deputadotaveirajr.com.br\/index.php\/video-pedestres-escapam-por-um-triz-de-serem-atingidos-por-carro-desgovernado-na-grande-natal\/","og_site_name":"Taveira Jr","og_image":[{"width":1390,"height":862,"url":"https:\/\/deputadotaveirajr.com.br\/wp-content\/uploads\/2024\/07\/captura-de-tela-2024-07-02-084953-MnMW0X.jpeg","type":"image\/jpeg"}],"twitter_card":"summary_large_image","twitter_misc":{"Est. tempo de leitura":"1 minuto"},"schema":{"@context":"https:\/\/schema.org","@graph":[{"@type":"WebPage","@id":"https:\/\/deputadotaveirajr.com.br\/index.php\/video-pedestres-escapam-por-um-triz-de-serem-atingidos-por-carro-desgovernado-na-grande-natal\/","url":"https:\/\/deputadotaveirajr.com.br\/index.php\/video-pedestres-escapam-por-um-triz-de-serem-atingidos-por-carro-desgovernado-na-grande-natal\/","name":"V\u00cdDEO: Pedestres escapam por um triz de serem atingidos por carro desgovernado na Grande Natal - Taveira Jr","isPartOf":{"@id":"https:\/\/deputadotaveirajr.com.br\/#website"},"primaryImageOfPage":{"@id":"https:\/\/deputadotaveirajr.com.br\/index.php\/video-pedestres-escapam-por-um-triz-de-serem-atingidos-por-carro-desgovernado-na-grande-natal\/#primaryimage"},"image":{"@id":"https:\/\/deputadotaveirajr.com.br\/index.php\/video-pedestres-escapam-por-um-triz-de-serem-atingidos-por-carro-desgovernado-na-grande-natal\/#primaryimage"},"thumbnailUrl":"https:\/\/deputadotaveirajr.com.br\/wp-content\/uploads\/2024\/07\/captura-de-tela-2024-07-02-084953-MnMW0X.jpeg","datePublished":"2024-07-02T16:28:34+00:00","breadcrumb":{"@id":"https:\/\/deputadotaveirajr.com.br\/index.php\/video-pedestres-escapam-por-um-triz-de-serem-atingidos-por-carro-desgovernado-na-grande-natal\/#breadcrumb"},"inLanguage":"pt-BR","potentialAction":[{"@type":"ReadAction","target":["https:\/\/deputadotaveirajr.com.br\/index.php\/video-pedestres-escapam-por-um-triz-de-serem-atingidos-por-carro-desgovernado-na-grande-natal\/"]}]},{"@type":"ImageObject","inLanguage":"pt-BR","@id":"https:\/\/deputadotaveirajr.com.br\/index.php\/video-pedestres-escapam-por-um-triz-de-serem-atingidos-por-carro-desgovernado-na-grande-natal\/#primaryimage","url":"https:\/\/deputadotaveirajr.com.br\/wp-content\/uploads\/2024\/07\/captura-de-tela-2024-07-02-084953-MnMW0X.jpeg","contentUrl":"https:\/\/deputadotaveirajr.com.br\/wp-content\/uploads\/2024\/07\/captura-de-tela-2024-07-02-084953-MnMW0X.jpeg","width":1390,"height":862},{"@type":"BreadcrumbList","@id":"https:\/\/deputadotaveirajr.com.br\/index.php\/video-pedestres-escapam-por-um-triz-de-serem-atingidos-por-carro-desgovernado-na-grande-natal\/#breadcrumb","itemListElement":[{"@type":"ListItem","position":1,"name":"In\u00edcio","item":"https:\/\/deputadotaveirajr.com.br\/"},{"@type":"ListItem","position":2,"name":"V\u00cdDEO: Pedestres escapam por um triz de serem atingidos por carro desgovernado na Grande Natal"}]},{"@type":"WebSite","@id":"https:\/\/deputadotaveirajr.com.br\/#website","url":"https:\/\/deputadotaveirajr.com.br\/","name":"Taveira Jr","description":"Deputado Estadual","publisher":{"@id":"https:\/\/deputadotaveirajr.com.br\/#organization"},"potentialAction":[{"@type":"SearchAction","target":{"@type":"EntryPoint","urlTemplate":"https:\/\/deputadotaveirajr.com.br\/?s={search_term_string}"},"query-input":{"@type":"PropertyValueSpecification","valueRequired":true,"valueName":"search_term_string"}}],"inLanguage":"pt-BR"},{"@type":"Organization","@id":"https:\/\/deputadotaveirajr.com.br\/#organization","name":"Taveira Jr","url":"https:\/\/deputadotaveirajr.com.br\/","logo":{"@type":"ImageObject","inLanguage":"pt-BR","@id":"https:\/\/deputadotaveirajr.com.br\/#\/schema\/logo\/image\/","url":"https:\/\/deputadotaveirajr.com.br\/wp-content\/uploads\/2026\/01\/logolow2a.png","contentUrl":"https:\/\/deputadotaveirajr.com.br\/wp-content\/uploads\/2026\/01\/logolow2a.png","width":290,"height":80,"caption":"Taveira Jr"},"image":{"@id":"https:\/\/deputadotaveirajr.com.br\/#\/schema\/logo\/image\/"}}]}},"_links":{"self":[{"href":"https:\/\/deputadotaveirajr.com.br\/index.php\/wp-json\/wp\/v2\/pages\/7444","targetHints":{"allow":["GET"]}}],"collection":[{"href":"https:\/\/deputadotaveirajr.com.br\/index.php\/wp-json\/wp\/v2\/pages"}],"about":[{"href":"https:\/\/deputadotaveirajr.com.br\/index.php\/wp-json\/wp\/v2\/types\/page"}],"replies":[{"embeddable":true,"href":"https:\/\/deputadotaveirajr.com.br\/index.php\/wp-json\/wp\/v2\/comments?post=7444"}],"version-history":[{"count":1,"href":"https:\/\/deputadotaveirajr.com.br\/index.php\/wp-json\/wp\/v2\/pages\/7444\/revisions"}],"predecessor-version":[{"id":7446,"href":"https:\/\/deputadotaveirajr.com.br\/index.php\/wp-json\/wp\/v2\/pages\/7444\/revisions\/7446"}],"wp:featuredmedia":[{"embeddable":true,"href":"https:\/\/deputadotaveirajr.com.br\/index.php\/wp-json\/wp\/v2\/media\/7445"}],"wp:attachment":[{"href":"https:\/\/deputadotaveirajr.com.br\/index.php\/wp-json\/wp\/v2\/media?parent=7444"}],"curies":[{"name":"wp","href":"https:\/\/api.w.org\/{rel}","templated":true}]}}