{"id":7479,"date":"2024-07-03T18:05:40","date_gmt":"2024-07-03T21:05:40","guid":{"rendered":"https:\/\/deputadotaveirajr.com.br\/?page_id=7479"},"modified":"2024-07-03T18:05:40","modified_gmt":"2024-07-03T21:05:40","slug":"vicosa-e-a-melhor-cidade-do-rn-em-indice-de-progresso-social","status":"publish","type":"page","link":"https:\/\/deputadotaveirajr.com.br\/index.php\/vicosa-e-a-melhor-cidade-do-rn-em-indice-de-progresso-social\/","title":{"rendered":"Vi\u00e7osa \u00e9 a melhor cidade do RN em \u00cdndice de Progresso Social"},"content":{"rendered":"<p>     O IPS avalia um conjunto de indicadores agrupados em tr\u00eas grandes dimens\u00f5es: Necessidades Humanas B\u00e1sicas, Fundamentos do Bem-estar e Oportunidades para tra\u00e7ar um quadro completo da qualidade de vida dos munic\u00edpios. Entrada do munic\u00edpio de Vi\u00e7osa, no RN<br \/>\nPrefeitura de Vi\u00e7osa<br \/>\nVi\u00e7osa \u00e9 o melhor munic\u00edpio do Rio Grande do Norte em \u00cdndice de Progresso Social (IPS). Natal ocupa a quarta posi\u00e7\u00e3o no ranking geral do estado. Dentre os estados do pa\u00eds, o Rio Grande do Norte ficou na 14\u00aa posi\u00e7\u00e3o, com \u00edndice 59,52.<br \/>\nConfira no final desta mat\u00e9ria o ranking de todas as cidades do RN.<br \/>\nPara tra\u00e7ar um quadro completo da qualidade de vida dos munic\u00edpios do Brasil, o IPS avalia um conjunto de indicadores agrupados em tr\u00eas grandes dimens\u00f5es: Necessidades Humanas B\u00e1sicas, Fundamentos do Bem-estar e Oportunidades.<br \/>\nO \u00edndice geral de Vi\u00e7osa \u00e9 de 67,43. A segunda melhor cidade \u00e9 Ipueira, com 66,08; seguida de Pau dos Ferros, com 65,94; e Natal, com \u00edndice de 64,45.<br \/>\nNa dimens\u00e3o Necessidades Humanas B\u00e1sicas s\u00e3o avaliados quatro componentes: nutri\u00e7\u00e3o e cuidados m\u00e9dicos b\u00e1sicos, \u00e1gua e saneamento, moradia e seguran\u00e7a pessoal. Nesse quesito Vi\u00e7osa tamb\u00e9m \u00e9 a melhor cidade do RN, com \u00edndice 87,99.<br \/>\nNa dimens\u00e3o Fundamentos do Bem-estar tamb\u00e9m s\u00e3o avaliados quatro componentes: acesso ao conhecimento b\u00e1sico, acesso \u00e0 informa\u00e7\u00e3o e comunica\u00e7\u00e3o, sa\u00fade e bem-estar e qualidade do meio ambiente. Major Sales foi o melhor munic\u00edpio nessa dimens\u00e3o com \u00edndice de 61,04.<br \/>\nEm Oportunidades s\u00e3o avaliados direitos individuais, liberdades individuais e de escolha, inclus\u00e3o social e acesso \u00e0 educa\u00e7\u00e3o superior. Jardim do Serid\u00f3 foi a melhor cidade com \u00edndice 45,0.<br \/>\nNatal<br \/>\n Natal ocupa a 17\u00aa posi\u00e7\u00e3o no \u00edndice geral entre as capitais do pa\u00eds. No ranking do RN, Natal \u00e9 a quarta cidade com o melhor \u00edndice.<br \/>\nNa dimens\u00e3o Necessidades Humanas B\u00e1sicas Natal ficou em 69\u00aa dentre as cidades do RN, com \u00edndice 72,28. Em Fundamentos do Bem-estar, Natal ficou em 4\u00ba, com \u00edndice 66,56. Em Oportunidades, a capital potiguar ficou em 2\u00ba, com \u00edndice 54,50.<br \/>\nSobre o IPS<br \/>\nO \u00cdndice de Progresso Social (IPS) \u00e9 uma metodologia que avalia a qualidade de vida da popula\u00e7\u00e3o no Brasil de forma multidimensional. Al\u00e9m de avaliar se as pessoas t\u00eam o necess\u00e1rio para prosperar, indo al\u00e9m das m\u00e9tricas tradicionais e paradigmas econ\u00f4micos, ela permite comparar munic\u00edpios, estados e regi\u00f5es.<br \/>\nO IPS \u00e9 composto por dados socioambientais e de resultado, ou seja, o IPS n\u00e3o mede a quantidade de infraestrutura ou recurso investido em um munic\u00edpio, o IPS mede se essa infraestrutura ou esse recurso est\u00e3o trazendo resultados para as pessoas. Al\u00e9m disso, o IPS usa dados p\u00fablicos, recentes, e que sejam dispon\u00edveis para todos os munic\u00edpios Brasil.<br \/>\nVeja ranking do IPS por munic\u00edpio do RN<\/p>","protected":false},"excerpt":{"rendered":"<p>O IPS avalia um conjunto de indicadores agrupados em tr\u00eas grandes dimens\u00f5es: Necessidades Humanas B\u00e1sicas, Fundamentos do Bem-estar e Oportunidades para tra\u00e7ar um quadro completo da qualidade de vida dos &#8230;<\/p>\n","protected":false},"author":0,"featured_media":7480,"parent":0,"menu_order":0,"comment_status":"closed","ping_status":"closed","template":"","meta":{"footnotes":""},"class_list":["post-7479","page","type-page","status-publish","has-post-thumbnail","hentry"],"yoast_head":"<!-- This site is optimized with the Yoast SEO plugin v27.1.1 - https:\/\/yoast.com\/product\/yoast-seo-wordpress\/ -->\n<title>Vi\u00e7osa \u00e9 a melhor cidade do RN em \u00cdndice de Progresso Social - Taveira Jr<\/title>\n<meta name=\"robots\" content=\"index, follow, max-snippet:-1, max-image-preview:large, max-video-preview:-1\" \/>\n<link rel=\"canonical\" href=\"https:\/\/deputadotaveirajr.com.br\/index.php\/vicosa-e-a-melhor-cidade-do-rn-em-indice-de-progresso-social\/\" \/>\n<meta property=\"og:locale\" content=\"pt_BR\" \/>\n<meta property=\"og:type\" content=\"article\" \/>\n<meta property=\"og:title\" content=\"Vi\u00e7osa \u00e9 a melhor cidade do RN em \u00cdndice de Progresso Social - Taveira Jr\" \/>\n<meta property=\"og:description\" content=\"O IPS avalia um conjunto de indicadores agrupados em tr\u00eas grandes dimens\u00f5es: Necessidades Humanas B\u00e1sicas, Fundamentos do Bem-estar e Oportunidades para tra\u00e7ar um quadro completo da qualidade de vida dos ...\" \/>\n<meta property=\"og:url\" content=\"https:\/\/deputadotaveirajr.com.br\/index.php\/vicosa-e-a-melhor-cidade-do-rn-em-indice-de-progresso-social\/\" \/>\n<meta property=\"og:site_name\" content=\"Taveira Jr\" \/>\n<meta property=\"og:image\" content=\"https:\/\/deputadotaveirajr.com.br\/wp-content\/uploads\/2024\/07\/prefeitura-de-vicosa-8HrqN2.jpeg\" \/>\n\t<meta property=\"og:image:width\" content=\"1068\" \/>\n\t<meta property=\"og:image:height\" content=\"712\" \/>\n\t<meta property=\"og:image:type\" content=\"image\/jpeg\" \/>\n<meta name=\"twitter:card\" content=\"summary_large_image\" \/>\n<meta name=\"twitter:label1\" content=\"Est. tempo de leitura\" \/>\n\t<meta name=\"twitter:data1\" content=\"2 minutos\" \/>\n<script type=\"application\/ld+json\" class=\"yoast-schema-graph\">{\"@context\":\"https:\/\/schema.org\",\"@graph\":[{\"@type\":\"WebPage\",\"@id\":\"https:\/\/deputadotaveirajr.com.br\/index.php\/vicosa-e-a-melhor-cidade-do-rn-em-indice-de-progresso-social\/\",\"url\":\"https:\/\/deputadotaveirajr.com.br\/index.php\/vicosa-e-a-melhor-cidade-do-rn-em-indice-de-progresso-social\/\",\"name\":\"Vi\u00e7osa \u00e9 a melhor cidade do RN em \u00cdndice de Progresso Social - Taveira Jr\",\"isPartOf\":{\"@id\":\"https:\/\/deputadotaveirajr.com.br\/#website\"},\"primaryImageOfPage\":{\"@id\":\"https:\/\/deputadotaveirajr.com.br\/index.php\/vicosa-e-a-melhor-cidade-do-rn-em-indice-de-progresso-social\/#primaryimage\"},\"image\":{\"@id\":\"https:\/\/deputadotaveirajr.com.br\/index.php\/vicosa-e-a-melhor-cidade-do-rn-em-indice-de-progresso-social\/#primaryimage\"},\"thumbnailUrl\":\"https:\/\/deputadotaveirajr.com.br\/wp-content\/uploads\/2024\/07\/prefeitura-de-vicosa-8HrqN2.jpeg\",\"datePublished\":\"2024-07-03T21:05:40+00:00\",\"breadcrumb\":{\"@id\":\"https:\/\/deputadotaveirajr.com.br\/index.php\/vicosa-e-a-melhor-cidade-do-rn-em-indice-de-progresso-social\/#breadcrumb\"},\"inLanguage\":\"pt-BR\",\"potentialAction\":[{\"@type\":\"ReadAction\",\"target\":[\"https:\/\/deputadotaveirajr.com.br\/index.php\/vicosa-e-a-melhor-cidade-do-rn-em-indice-de-progresso-social\/\"]}]},{\"@type\":\"ImageObject\",\"inLanguage\":\"pt-BR\",\"@id\":\"https:\/\/deputadotaveirajr.com.br\/index.php\/vicosa-e-a-melhor-cidade-do-rn-em-indice-de-progresso-social\/#primaryimage\",\"url\":\"https:\/\/deputadotaveirajr.com.br\/wp-content\/uploads\/2024\/07\/prefeitura-de-vicosa-8HrqN2.jpeg\",\"contentUrl\":\"https:\/\/deputadotaveirajr.com.br\/wp-content\/uploads\/2024\/07\/prefeitura-de-vicosa-8HrqN2.jpeg\",\"width\":1068,\"height\":712},{\"@type\":\"BreadcrumbList\",\"@id\":\"https:\/\/deputadotaveirajr.com.br\/index.php\/vicosa-e-a-melhor-cidade-do-rn-em-indice-de-progresso-social\/#breadcrumb\",\"itemListElement\":[{\"@type\":\"ListItem\",\"position\":1,\"name\":\"In\u00edcio\",\"item\":\"https:\/\/deputadotaveirajr.com.br\/\"},{\"@type\":\"ListItem\",\"position\":2,\"name\":\"Vi\u00e7osa \u00e9 a melhor cidade do RN em \u00cdndice de Progresso Social\"}]},{\"@type\":\"WebSite\",\"@id\":\"https:\/\/deputadotaveirajr.com.br\/#website\",\"url\":\"https:\/\/deputadotaveirajr.com.br\/\",\"name\":\"Taveira Jr\",\"description\":\"Deputado Estadual\",\"publisher\":{\"@id\":\"https:\/\/deputadotaveirajr.com.br\/#organization\"},\"potentialAction\":[{\"@type\":\"SearchAction\",\"target\":{\"@type\":\"EntryPoint\",\"urlTemplate\":\"https:\/\/deputadotaveirajr.com.br\/?s={search_term_string}\"},\"query-input\":{\"@type\":\"PropertyValueSpecification\",\"valueRequired\":true,\"valueName\":\"search_term_string\"}}],\"inLanguage\":\"pt-BR\"},{\"@type\":\"Organization\",\"@id\":\"https:\/\/deputadotaveirajr.com.br\/#organization\",\"name\":\"Taveira Jr\",\"url\":\"https:\/\/deputadotaveirajr.com.br\/\",\"logo\":{\"@type\":\"ImageObject\",\"inLanguage\":\"pt-BR\",\"@id\":\"https:\/\/deputadotaveirajr.com.br\/#\/schema\/logo\/image\/\",\"url\":\"https:\/\/deputadotaveirajr.com.br\/wp-content\/uploads\/2026\/01\/logolow2a.png\",\"contentUrl\":\"https:\/\/deputadotaveirajr.com.br\/wp-content\/uploads\/2026\/01\/logolow2a.png\",\"width\":290,\"height\":80,\"caption\":\"Taveira Jr\"},\"image\":{\"@id\":\"https:\/\/deputadotaveirajr.com.br\/#\/schema\/logo\/image\/\"}}]}<\/script>\n<!-- \/ Yoast SEO plugin. -->","yoast_head_json":{"title":"Vi\u00e7osa \u00e9 a melhor cidade do RN em \u00cdndice de Progresso Social - Taveira Jr","robots":{"index":"index","follow":"follow","max-snippet":"max-snippet:-1","max-image-preview":"max-image-preview:large","max-video-preview":"max-video-preview:-1"},"canonical":"https:\/\/deputadotaveirajr.com.br\/index.php\/vicosa-e-a-melhor-cidade-do-rn-em-indice-de-progresso-social\/","og_locale":"pt_BR","og_type":"article","og_title":"Vi\u00e7osa \u00e9 a melhor cidade do RN em \u00cdndice de Progresso Social - Taveira Jr","og_description":"O IPS avalia um conjunto de indicadores agrupados em tr\u00eas grandes dimens\u00f5es: Necessidades Humanas B\u00e1sicas, Fundamentos do Bem-estar e Oportunidades para tra\u00e7ar um quadro completo da qualidade de vida dos ...","og_url":"https:\/\/deputadotaveirajr.com.br\/index.php\/vicosa-e-a-melhor-cidade-do-rn-em-indice-de-progresso-social\/","og_site_name":"Taveira Jr","og_image":[{"width":1068,"height":712,"url":"https:\/\/deputadotaveirajr.com.br\/wp-content\/uploads\/2024\/07\/prefeitura-de-vicosa-8HrqN2.jpeg","type":"image\/jpeg"}],"twitter_card":"summary_large_image","twitter_misc":{"Est. tempo de leitura":"2 minutos"},"schema":{"@context":"https:\/\/schema.org","@graph":[{"@type":"WebPage","@id":"https:\/\/deputadotaveirajr.com.br\/index.php\/vicosa-e-a-melhor-cidade-do-rn-em-indice-de-progresso-social\/","url":"https:\/\/deputadotaveirajr.com.br\/index.php\/vicosa-e-a-melhor-cidade-do-rn-em-indice-de-progresso-social\/","name":"Vi\u00e7osa \u00e9 a melhor cidade do RN em \u00cdndice de Progresso Social - Taveira Jr","isPartOf":{"@id":"https:\/\/deputadotaveirajr.com.br\/#website"},"primaryImageOfPage":{"@id":"https:\/\/deputadotaveirajr.com.br\/index.php\/vicosa-e-a-melhor-cidade-do-rn-em-indice-de-progresso-social\/#primaryimage"},"image":{"@id":"https:\/\/deputadotaveirajr.com.br\/index.php\/vicosa-e-a-melhor-cidade-do-rn-em-indice-de-progresso-social\/#primaryimage"},"thumbnailUrl":"https:\/\/deputadotaveirajr.com.br\/wp-content\/uploads\/2024\/07\/prefeitura-de-vicosa-8HrqN2.jpeg","datePublished":"2024-07-03T21:05:40+00:00","breadcrumb":{"@id":"https:\/\/deputadotaveirajr.com.br\/index.php\/vicosa-e-a-melhor-cidade-do-rn-em-indice-de-progresso-social\/#breadcrumb"},"inLanguage":"pt-BR","potentialAction":[{"@type":"ReadAction","target":["https:\/\/deputadotaveirajr.com.br\/index.php\/vicosa-e-a-melhor-cidade-do-rn-em-indice-de-progresso-social\/"]}]},{"@type":"ImageObject","inLanguage":"pt-BR","@id":"https:\/\/deputadotaveirajr.com.br\/index.php\/vicosa-e-a-melhor-cidade-do-rn-em-indice-de-progresso-social\/#primaryimage","url":"https:\/\/deputadotaveirajr.com.br\/wp-content\/uploads\/2024\/07\/prefeitura-de-vicosa-8HrqN2.jpeg","contentUrl":"https:\/\/deputadotaveirajr.com.br\/wp-content\/uploads\/2024\/07\/prefeitura-de-vicosa-8HrqN2.jpeg","width":1068,"height":712},{"@type":"BreadcrumbList","@id":"https:\/\/deputadotaveirajr.com.br\/index.php\/vicosa-e-a-melhor-cidade-do-rn-em-indice-de-progresso-social\/#breadcrumb","itemListElement":[{"@type":"ListItem","position":1,"name":"In\u00edcio","item":"https:\/\/deputadotaveirajr.com.br\/"},{"@type":"ListItem","position":2,"name":"Vi\u00e7osa \u00e9 a melhor cidade do RN em \u00cdndice de Progresso Social"}]},{"@type":"WebSite","@id":"https:\/\/deputadotaveirajr.com.br\/#website","url":"https:\/\/deputadotaveirajr.com.br\/","name":"Taveira Jr","description":"Deputado Estadual","publisher":{"@id":"https:\/\/deputadotaveirajr.com.br\/#organization"},"potentialAction":[{"@type":"SearchAction","target":{"@type":"EntryPoint","urlTemplate":"https:\/\/deputadotaveirajr.com.br\/?s={search_term_string}"},"query-input":{"@type":"PropertyValueSpecification","valueRequired":true,"valueName":"search_term_string"}}],"inLanguage":"pt-BR"},{"@type":"Organization","@id":"https:\/\/deputadotaveirajr.com.br\/#organization","name":"Taveira Jr","url":"https:\/\/deputadotaveirajr.com.br\/","logo":{"@type":"ImageObject","inLanguage":"pt-BR","@id":"https:\/\/deputadotaveirajr.com.br\/#\/schema\/logo\/image\/","url":"https:\/\/deputadotaveirajr.com.br\/wp-content\/uploads\/2026\/01\/logolow2a.png","contentUrl":"https:\/\/deputadotaveirajr.com.br\/wp-content\/uploads\/2026\/01\/logolow2a.png","width":290,"height":80,"caption":"Taveira Jr"},"image":{"@id":"https:\/\/deputadotaveirajr.com.br\/#\/schema\/logo\/image\/"}}]}},"_links":{"self":[{"href":"https:\/\/deputadotaveirajr.com.br\/index.php\/wp-json\/wp\/v2\/pages\/7479","targetHints":{"allow":["GET"]}}],"collection":[{"href":"https:\/\/deputadotaveirajr.com.br\/index.php\/wp-json\/wp\/v2\/pages"}],"about":[{"href":"https:\/\/deputadotaveirajr.com.br\/index.php\/wp-json\/wp\/v2\/types\/page"}],"replies":[{"embeddable":true,"href":"https:\/\/deputadotaveirajr.com.br\/index.php\/wp-json\/wp\/v2\/comments?post=7479"}],"version-history":[{"count":1,"href":"https:\/\/deputadotaveirajr.com.br\/index.php\/wp-json\/wp\/v2\/pages\/7479\/revisions"}],"predecessor-version":[{"id":7481,"href":"https:\/\/deputadotaveirajr.com.br\/index.php\/wp-json\/wp\/v2\/pages\/7479\/revisions\/7481"}],"wp:featuredmedia":[{"embeddable":true,"href":"https:\/\/deputadotaveirajr.com.br\/index.php\/wp-json\/wp\/v2\/media\/7480"}],"wp:attachment":[{"href":"https:\/\/deputadotaveirajr.com.br\/index.php\/wp-json\/wp\/v2\/media?parent=7479"}],"curies":[{"name":"wp","href":"https:\/\/api.w.org\/{rel}","templated":true}]}}