{"id":7511,"date":"2024-07-04T20:31:20","date_gmt":"2024-07-04T23:31:20","guid":{"rendered":"https:\/\/deputadotaveirajr.com.br\/?page_id=7511"},"modified":"2024-07-04T20:31:20","modified_gmt":"2024-07-04T23:31:20","slug":"maestro-joao-carlos-martins-chora-ao-ver-menino-de-6-anos-com-autismo-reger-orquestra-dele-vai-fazer-historia-no-brasil","status":"publish","type":"page","link":"https:\/\/deputadotaveirajr.com.br\/index.php\/maestro-joao-carlos-martins-chora-ao-ver-menino-de-6-anos-com-autismo-reger-orquestra-dele-vai-fazer-historia-no-brasil\/","title":{"rendered":"Maestro Jo\u00e3o Carlos Martins chora ao ver menino de 6 anos com autismo reger orquestra dele: &#8216;Vai fazer hist\u00f3ria no Brasil&#8217;"},"content":{"rendered":"<p>     Potiguar Jo\u00e3o Felipe Dantas foi convidado pelo maestro para reger Orquestra Bachiana Filarm\u00f4nica durante parte de apresenta\u00e7\u00e3o no Teatro do Sesi da Avenida Paulista. Maestro mirim potiguar se apresenta em SP com Joa\u0303o Carlos Martins<br \/>\nO maestro e pianista Jo\u00e3o Carlos Martins se emocionou com um menino de 6 anos com autismo que foi regente da Orquestra Bachiana Filarm\u00f4nica durante parte de um concerto na noite desta quarta-feira (3), no Teatro do Sesi da Avenida Paulista, em S\u00e3o Paulo.<br \/>\nJo\u00e3o Felipe Dantas \u00e9 potiguar e foi convidado para S\u00e3o Paulo pelo maestro para reger, sozinho, a orquestra comandada por ele na &#8220;Pequena Serenata Noturna&#8221;, de Mozart. Ao fim da apresenta\u00e7\u00e3o, ao ser aplaudido de p\u00e9 pelo p\u00fablico, o menino foi \u00e0s l\u00e1grimas e fez o maestro chorar junto (veja v\u00eddeo acima).<br \/>\n\ud83d\udcf3Participe do canal do g1 RN no WhatsApp<br \/>\n&#8220;Jo\u00e3o Felipe demonstrou o poder da m\u00fasica. E eu percebi que ele n\u00e3o esperava essa rea\u00e7\u00e3o do p\u00fablico. Quando ele viu a rea\u00e7\u00e3o, a\u00ed n\u00e3o era s\u00f3 o cora\u00e7\u00e3o, tocou em todo o corpo dele&#8221;, disse Jo\u00e3o Carlos Martins.<br \/>\nO maestro disse que a partir da pr\u00f3xima semana o menino vai iniciar os estudos de m\u00fasica cl\u00e1ssica e que ser\u00e1 monitorado por ele.<br \/>\n&#8220;Esse menino vai fazer hist\u00f3ria no Brasil&#8221;, concluiu.<br \/>\nMaestro Jo\u00e3o Carlos Martins chora ap\u00f3s ver menino de 6 anos com autismo reger orquestra em apresenta\u00e7\u00e3o em SP<br \/>\nReprodu\u00e7\u00e3o\/Sesi-SP<br \/>\nJo\u00e3o Felipe e o maestro se conheceram em abril deste ano, quando Jo\u00e3o Carlos Martins se apresentou pela primeira vez em Natal, tocando piano em um evento da Federa\u00e7\u00e3o do Com\u00e9rcio de Bens, Servi\u00e7os e Turismo do RN (Fecom\u00e9rcio).  Na oportunidade, o maestro convidou o menino para subir ao palco.<br \/>\nSegundo os pais, Jo\u00e3o Felipe tem um foco para a m\u00fasica cl\u00e1ssica desde os primeiros anos de vida e se apaixonou por orquestras, passando a ter o sonho de se tornar maestro.<br \/>\nEle desenvolveu habilidades sozinho e j\u00e1 havia se apresentado com a Orquestra Sinf\u00f4nica do Rio Grande do Norte.<br \/>\n&#8220;Me falaram que ele tinha intui\u00e7\u00e3o musical, eu chamei-o no palco, comecei a tocar &#8216;\u00c1ria da quarta Corda&#8217; [de Bach], e ele fez o gesto direitinho. Quinze dias depois, eu mandei uma grava\u00e7\u00e3o da &#8216;Pequena Serenata Noturna&#8217;, de Mozart, e disse para o pai dele: &#8216;Veja se ele experimenta reger isso&#8217;. Uma semana depois, o pai me mandou ele regendo com a grava\u00e7\u00e3o&#8221;, contou o maestro Jo\u00e3o Carlos Martins.<br \/>\nA dedica\u00e7\u00e3o do menino fez com que o maestro formalizasse o convite para que Jo\u00e3o Felipe se apresentasse com ele em S\u00e3o Paulo.<br \/>\n&#8220;Eu falei: &#8216;Eu vou fazer uma coisa que talvez n\u00e3o aconteceu &#8211; no Brasil certamente &#8211; talvez no planeta. Um menino [regendo]&#8217;. Isso \u00e9 porque n\u00f3s queremos quebrar tabus, adversidades&#8221;, disse.<br \/>\nRelembre o primeiro encontro entre o maestro e o menino:<br \/>\nMenino autista de 6 anos encontra maestro Jo\u00e3o Carlos Martins, em Natal<br \/>\nV\u00eddeos mais assistidos do g1 RN<\/p>","protected":false},"excerpt":{"rendered":"<p>Potiguar Jo\u00e3o Felipe Dantas foi convidado pelo maestro para reger Orquestra Bachiana Filarm\u00f4nica durante parte de apresenta\u00e7\u00e3o no Teatro do Sesi da Avenida Paulista. Maestro mirim potiguar se apresenta em &#8230;<\/p>\n","protected":false},"author":0,"featured_media":7512,"parent":0,"menu_order":0,"comment_status":"closed","ping_status":"closed","template":"","meta":{"footnotes":""},"class_list":["post-7511","page","type-page","status-publish","has-post-thumbnail","hentry"],"yoast_head":"<!-- This site is optimized with the Yoast SEO plugin v27.1.1 - https:\/\/yoast.com\/product\/yoast-seo-wordpress\/ -->\n<title>Maestro Jo\u00e3o Carlos Martins chora ao ver menino de 6 anos com autismo reger orquestra dele: &#039;Vai fazer hist\u00f3ria no Brasil&#039; - Taveira Jr<\/title>\n<meta name=\"robots\" content=\"index, follow, max-snippet:-1, max-image-preview:large, max-video-preview:-1\" \/>\n<link rel=\"canonical\" href=\"https:\/\/deputadotaveirajr.com.br\/index.php\/maestro-joao-carlos-martins-chora-ao-ver-menino-de-6-anos-com-autismo-reger-orquestra-dele-vai-fazer-historia-no-brasil\/\" \/>\n<meta property=\"og:locale\" content=\"pt_BR\" \/>\n<meta property=\"og:type\" content=\"article\" \/>\n<meta property=\"og:title\" content=\"Maestro Jo\u00e3o Carlos Martins chora ao ver menino de 6 anos com autismo reger orquestra dele: &#039;Vai fazer hist\u00f3ria no Brasil&#039; - Taveira Jr\" \/>\n<meta property=\"og:description\" content=\"Potiguar Jo\u00e3o Felipe Dantas foi convidado pelo maestro para reger Orquestra Bachiana Filarm\u00f4nica durante parte de apresenta\u00e7\u00e3o no Teatro do Sesi da Avenida Paulista. Maestro mirim potiguar se apresenta em ...\" \/>\n<meta property=\"og:url\" content=\"https:\/\/deputadotaveirajr.com.br\/index.php\/maestro-joao-carlos-martins-chora-ao-ver-menino-de-6-anos-com-autismo-reger-orquestra-dele-vai-fazer-historia-no-brasil\/\" \/>\n<meta property=\"og:site_name\" content=\"Taveira Jr\" \/>\n<meta property=\"og:image\" content=\"https:\/\/deputadotaveirajr.com.br\/wp-content\/uploads\/2024\/07\/captura-de-tela-2024-07-04-150225-wo2Odz.jpeg\" \/>\n\t<meta property=\"og:image:width\" content=\"1090\" \/>\n\t<meta property=\"og:image:height\" content=\"857\" \/>\n\t<meta property=\"og:image:type\" content=\"image\/jpeg\" \/>\n<meta name=\"twitter:card\" content=\"summary_large_image\" \/>\n<meta name=\"twitter:label1\" content=\"Est. tempo de leitura\" \/>\n\t<meta name=\"twitter:data1\" content=\"3 minutos\" \/>\n<script type=\"application\/ld+json\" class=\"yoast-schema-graph\">{\"@context\":\"https:\/\/schema.org\",\"@graph\":[{\"@type\":\"WebPage\",\"@id\":\"https:\/\/deputadotaveirajr.com.br\/index.php\/maestro-joao-carlos-martins-chora-ao-ver-menino-de-6-anos-com-autismo-reger-orquestra-dele-vai-fazer-historia-no-brasil\/\",\"url\":\"https:\/\/deputadotaveirajr.com.br\/index.php\/maestro-joao-carlos-martins-chora-ao-ver-menino-de-6-anos-com-autismo-reger-orquestra-dele-vai-fazer-historia-no-brasil\/\",\"name\":\"Maestro Jo\u00e3o Carlos Martins chora ao ver menino de 6 anos com autismo reger orquestra dele: 'Vai fazer hist\u00f3ria no Brasil' - Taveira Jr\",\"isPartOf\":{\"@id\":\"https:\/\/deputadotaveirajr.com.br\/#website\"},\"primaryImageOfPage\":{\"@id\":\"https:\/\/deputadotaveirajr.com.br\/index.php\/maestro-joao-carlos-martins-chora-ao-ver-menino-de-6-anos-com-autismo-reger-orquestra-dele-vai-fazer-historia-no-brasil\/#primaryimage\"},\"image\":{\"@id\":\"https:\/\/deputadotaveirajr.com.br\/index.php\/maestro-joao-carlos-martins-chora-ao-ver-menino-de-6-anos-com-autismo-reger-orquestra-dele-vai-fazer-historia-no-brasil\/#primaryimage\"},\"thumbnailUrl\":\"https:\/\/deputadotaveirajr.com.br\/wp-content\/uploads\/2024\/07\/captura-de-tela-2024-07-04-150225-wo2Odz.jpeg\",\"datePublished\":\"2024-07-04T23:31:20+00:00\",\"breadcrumb\":{\"@id\":\"https:\/\/deputadotaveirajr.com.br\/index.php\/maestro-joao-carlos-martins-chora-ao-ver-menino-de-6-anos-com-autismo-reger-orquestra-dele-vai-fazer-historia-no-brasil\/#breadcrumb\"},\"inLanguage\":\"pt-BR\",\"potentialAction\":[{\"@type\":\"ReadAction\",\"target\":[\"https:\/\/deputadotaveirajr.com.br\/index.php\/maestro-joao-carlos-martins-chora-ao-ver-menino-de-6-anos-com-autismo-reger-orquestra-dele-vai-fazer-historia-no-brasil\/\"]}]},{\"@type\":\"ImageObject\",\"inLanguage\":\"pt-BR\",\"@id\":\"https:\/\/deputadotaveirajr.com.br\/index.php\/maestro-joao-carlos-martins-chora-ao-ver-menino-de-6-anos-com-autismo-reger-orquestra-dele-vai-fazer-historia-no-brasil\/#primaryimage\",\"url\":\"https:\/\/deputadotaveirajr.com.br\/wp-content\/uploads\/2024\/07\/captura-de-tela-2024-07-04-150225-wo2Odz.jpeg\",\"contentUrl\":\"https:\/\/deputadotaveirajr.com.br\/wp-content\/uploads\/2024\/07\/captura-de-tela-2024-07-04-150225-wo2Odz.jpeg\",\"width\":1090,\"height\":857},{\"@type\":\"BreadcrumbList\",\"@id\":\"https:\/\/deputadotaveirajr.com.br\/index.php\/maestro-joao-carlos-martins-chora-ao-ver-menino-de-6-anos-com-autismo-reger-orquestra-dele-vai-fazer-historia-no-brasil\/#breadcrumb\",\"itemListElement\":[{\"@type\":\"ListItem\",\"position\":1,\"name\":\"In\u00edcio\",\"item\":\"https:\/\/deputadotaveirajr.com.br\/\"},{\"@type\":\"ListItem\",\"position\":2,\"name\":\"Maestro Jo\u00e3o Carlos Martins chora ao ver menino de 6 anos com autismo reger orquestra dele: &#8216;Vai fazer hist\u00f3ria no Brasil&#8217;\"}]},{\"@type\":\"WebSite\",\"@id\":\"https:\/\/deputadotaveirajr.com.br\/#website\",\"url\":\"https:\/\/deputadotaveirajr.com.br\/\",\"name\":\"Taveira Jr\",\"description\":\"Deputado Estadual\",\"publisher\":{\"@id\":\"https:\/\/deputadotaveirajr.com.br\/#organization\"},\"potentialAction\":[{\"@type\":\"SearchAction\",\"target\":{\"@type\":\"EntryPoint\",\"urlTemplate\":\"https:\/\/deputadotaveirajr.com.br\/?s={search_term_string}\"},\"query-input\":{\"@type\":\"PropertyValueSpecification\",\"valueRequired\":true,\"valueName\":\"search_term_string\"}}],\"inLanguage\":\"pt-BR\"},{\"@type\":\"Organization\",\"@id\":\"https:\/\/deputadotaveirajr.com.br\/#organization\",\"name\":\"Taveira Jr\",\"url\":\"https:\/\/deputadotaveirajr.com.br\/\",\"logo\":{\"@type\":\"ImageObject\",\"inLanguage\":\"pt-BR\",\"@id\":\"https:\/\/deputadotaveirajr.com.br\/#\/schema\/logo\/image\/\",\"url\":\"https:\/\/deputadotaveirajr.com.br\/wp-content\/uploads\/2026\/01\/logolow2a.png\",\"contentUrl\":\"https:\/\/deputadotaveirajr.com.br\/wp-content\/uploads\/2026\/01\/logolow2a.png\",\"width\":290,\"height\":80,\"caption\":\"Taveira Jr\"},\"image\":{\"@id\":\"https:\/\/deputadotaveirajr.com.br\/#\/schema\/logo\/image\/\"}}]}<\/script>\n<!-- \/ Yoast SEO plugin. -->","yoast_head_json":{"title":"Maestro Jo\u00e3o Carlos Martins chora ao ver menino de 6 anos com autismo reger orquestra dele: 'Vai fazer hist\u00f3ria no Brasil' - Taveira Jr","robots":{"index":"index","follow":"follow","max-snippet":"max-snippet:-1","max-image-preview":"max-image-preview:large","max-video-preview":"max-video-preview:-1"},"canonical":"https:\/\/deputadotaveirajr.com.br\/index.php\/maestro-joao-carlos-martins-chora-ao-ver-menino-de-6-anos-com-autismo-reger-orquestra-dele-vai-fazer-historia-no-brasil\/","og_locale":"pt_BR","og_type":"article","og_title":"Maestro Jo\u00e3o Carlos Martins chora ao ver menino de 6 anos com autismo reger orquestra dele: 'Vai fazer hist\u00f3ria no Brasil' - Taveira Jr","og_description":"Potiguar Jo\u00e3o Felipe Dantas foi convidado pelo maestro para reger Orquestra Bachiana Filarm\u00f4nica durante parte de apresenta\u00e7\u00e3o no Teatro do Sesi da Avenida Paulista. Maestro mirim potiguar se apresenta em ...","og_url":"https:\/\/deputadotaveirajr.com.br\/index.php\/maestro-joao-carlos-martins-chora-ao-ver-menino-de-6-anos-com-autismo-reger-orquestra-dele-vai-fazer-historia-no-brasil\/","og_site_name":"Taveira Jr","og_image":[{"width":1090,"height":857,"url":"https:\/\/deputadotaveirajr.com.br\/wp-content\/uploads\/2024\/07\/captura-de-tela-2024-07-04-150225-wo2Odz.jpeg","type":"image\/jpeg"}],"twitter_card":"summary_large_image","twitter_misc":{"Est. tempo de leitura":"3 minutos"},"schema":{"@context":"https:\/\/schema.org","@graph":[{"@type":"WebPage","@id":"https:\/\/deputadotaveirajr.com.br\/index.php\/maestro-joao-carlos-martins-chora-ao-ver-menino-de-6-anos-com-autismo-reger-orquestra-dele-vai-fazer-historia-no-brasil\/","url":"https:\/\/deputadotaveirajr.com.br\/index.php\/maestro-joao-carlos-martins-chora-ao-ver-menino-de-6-anos-com-autismo-reger-orquestra-dele-vai-fazer-historia-no-brasil\/","name":"Maestro Jo\u00e3o Carlos Martins chora ao ver menino de 6 anos com autismo reger orquestra dele: 'Vai fazer hist\u00f3ria no Brasil' - Taveira Jr","isPartOf":{"@id":"https:\/\/deputadotaveirajr.com.br\/#website"},"primaryImageOfPage":{"@id":"https:\/\/deputadotaveirajr.com.br\/index.php\/maestro-joao-carlos-martins-chora-ao-ver-menino-de-6-anos-com-autismo-reger-orquestra-dele-vai-fazer-historia-no-brasil\/#primaryimage"},"image":{"@id":"https:\/\/deputadotaveirajr.com.br\/index.php\/maestro-joao-carlos-martins-chora-ao-ver-menino-de-6-anos-com-autismo-reger-orquestra-dele-vai-fazer-historia-no-brasil\/#primaryimage"},"thumbnailUrl":"https:\/\/deputadotaveirajr.com.br\/wp-content\/uploads\/2024\/07\/captura-de-tela-2024-07-04-150225-wo2Odz.jpeg","datePublished":"2024-07-04T23:31:20+00:00","breadcrumb":{"@id":"https:\/\/deputadotaveirajr.com.br\/index.php\/maestro-joao-carlos-martins-chora-ao-ver-menino-de-6-anos-com-autismo-reger-orquestra-dele-vai-fazer-historia-no-brasil\/#breadcrumb"},"inLanguage":"pt-BR","potentialAction":[{"@type":"ReadAction","target":["https:\/\/deputadotaveirajr.com.br\/index.php\/maestro-joao-carlos-martins-chora-ao-ver-menino-de-6-anos-com-autismo-reger-orquestra-dele-vai-fazer-historia-no-brasil\/"]}]},{"@type":"ImageObject","inLanguage":"pt-BR","@id":"https:\/\/deputadotaveirajr.com.br\/index.php\/maestro-joao-carlos-martins-chora-ao-ver-menino-de-6-anos-com-autismo-reger-orquestra-dele-vai-fazer-historia-no-brasil\/#primaryimage","url":"https:\/\/deputadotaveirajr.com.br\/wp-content\/uploads\/2024\/07\/captura-de-tela-2024-07-04-150225-wo2Odz.jpeg","contentUrl":"https:\/\/deputadotaveirajr.com.br\/wp-content\/uploads\/2024\/07\/captura-de-tela-2024-07-04-150225-wo2Odz.jpeg","width":1090,"height":857},{"@type":"BreadcrumbList","@id":"https:\/\/deputadotaveirajr.com.br\/index.php\/maestro-joao-carlos-martins-chora-ao-ver-menino-de-6-anos-com-autismo-reger-orquestra-dele-vai-fazer-historia-no-brasil\/#breadcrumb","itemListElement":[{"@type":"ListItem","position":1,"name":"In\u00edcio","item":"https:\/\/deputadotaveirajr.com.br\/"},{"@type":"ListItem","position":2,"name":"Maestro Jo\u00e3o Carlos Martins chora ao ver menino de 6 anos com autismo reger orquestra dele: &#8216;Vai fazer hist\u00f3ria no Brasil&#8217;"}]},{"@type":"WebSite","@id":"https:\/\/deputadotaveirajr.com.br\/#website","url":"https:\/\/deputadotaveirajr.com.br\/","name":"Taveira Jr","description":"Deputado Estadual","publisher":{"@id":"https:\/\/deputadotaveirajr.com.br\/#organization"},"potentialAction":[{"@type":"SearchAction","target":{"@type":"EntryPoint","urlTemplate":"https:\/\/deputadotaveirajr.com.br\/?s={search_term_string}"},"query-input":{"@type":"PropertyValueSpecification","valueRequired":true,"valueName":"search_term_string"}}],"inLanguage":"pt-BR"},{"@type":"Organization","@id":"https:\/\/deputadotaveirajr.com.br\/#organization","name":"Taveira Jr","url":"https:\/\/deputadotaveirajr.com.br\/","logo":{"@type":"ImageObject","inLanguage":"pt-BR","@id":"https:\/\/deputadotaveirajr.com.br\/#\/schema\/logo\/image\/","url":"https:\/\/deputadotaveirajr.com.br\/wp-content\/uploads\/2026\/01\/logolow2a.png","contentUrl":"https:\/\/deputadotaveirajr.com.br\/wp-content\/uploads\/2026\/01\/logolow2a.png","width":290,"height":80,"caption":"Taveira Jr"},"image":{"@id":"https:\/\/deputadotaveirajr.com.br\/#\/schema\/logo\/image\/"}}]}},"_links":{"self":[{"href":"https:\/\/deputadotaveirajr.com.br\/index.php\/wp-json\/wp\/v2\/pages\/7511","targetHints":{"allow":["GET"]}}],"collection":[{"href":"https:\/\/deputadotaveirajr.com.br\/index.php\/wp-json\/wp\/v2\/pages"}],"about":[{"href":"https:\/\/deputadotaveirajr.com.br\/index.php\/wp-json\/wp\/v2\/types\/page"}],"replies":[{"embeddable":true,"href":"https:\/\/deputadotaveirajr.com.br\/index.php\/wp-json\/wp\/v2\/comments?post=7511"}],"version-history":[{"count":1,"href":"https:\/\/deputadotaveirajr.com.br\/index.php\/wp-json\/wp\/v2\/pages\/7511\/revisions"}],"predecessor-version":[{"id":7520,"href":"https:\/\/deputadotaveirajr.com.br\/index.php\/wp-json\/wp\/v2\/pages\/7511\/revisions\/7520"}],"wp:featuredmedia":[{"embeddable":true,"href":"https:\/\/deputadotaveirajr.com.br\/index.php\/wp-json\/wp\/v2\/media\/7512"}],"wp:attachment":[{"href":"https:\/\/deputadotaveirajr.com.br\/index.php\/wp-json\/wp\/v2\/media?parent=7511"}],"curies":[{"name":"wp","href":"https:\/\/api.w.org\/{rel}","templated":true}]}}