{"id":7539,"date":"2024-07-05T18:02:47","date_gmt":"2024-07-05T21:02:47","guid":{"rendered":"https:\/\/deputadotaveirajr.com.br\/?page_id=7539"},"modified":"2024-07-05T18:02:47","modified_gmt":"2024-07-05T21:02:47","slug":"forca-tarefa-amplia-fiscalizacao-e-vai-investigar-esgotos-clandestinos-na-praia-de-ponta-negra","status":"publish","type":"page","link":"https:\/\/deputadotaveirajr.com.br\/index.php\/forca-tarefa-amplia-fiscalizacao-e-vai-investigar-esgotos-clandestinos-na-praia-de-ponta-negra\/","title":{"rendered":"For\u00e7a-tarefa amplia fiscaliza\u00e7\u00e3o e vai investigar esgotos clandestinos na praia de Ponta Negra"},"content":{"rendered":"<p>     A\u00e7\u00e3o \u00e9 uma extens\u00e3o do trabalho que flagrou, na \u00faltima ter\u00e7a-feira (2), tr\u00eas empreendimentos despejando esgoto na rede de drenagem da Praia de Areia Preta. Reuni\u00e3o foi realizada na Arsban para definir como os trabalhos ser\u00e3o desempenhados<br \/>\nDivulga\u00e7\u00e3o\/Semurb<br \/>\nUma for\u00e7a tarefa vai investigar a presen\u00e7a de liga\u00e7\u00f5es clandestinas de esgotos na Praia de Ponta Negra, Zona Sul de Natal, a partir do pr\u00f3ximo dia 15 de julho.<br \/>\nAs a\u00e7\u00f5es funcionar\u00e3o como uma extens\u00e3o das atividades que flagraram, na \u00faltima ter\u00e7a-feira (2), um condom\u00ednio de luxo e mais dois empreendimentos despejando esgoto na praia de Areia Preta, na zona Leste de Natal.<br \/>\n\ud83d\udcf3Participe do canal do g1 RN no WhatsApp<br \/>\nUma reuni\u00e3o na Ag\u00eancia Reguladora de Servi\u00e7os de Saneamento B\u00e1sico do Munic\u00edpio de Natal (Arsban) definiu como os trabalhos ser\u00e3o desempenhados.<br \/>\nAssim como a Praia de Areia Preta, a regi\u00e3o de Ponta Negra tamb\u00e9m tem trechos impr\u00f3prios devido \u00e0 polui\u00e7\u00e3o existente. Fiscaliza\u00e7\u00f5es anteriores j\u00e1 encontraram contribui\u00e7\u00f5es de esgotos na rede de drenagem. Entre outras atribui\u00e7\u00f5es, a for\u00e7a tarefa vai investigar a origem dessa \u00e1gua.<br \/>\nSupervisor de fiscaliza\u00e7\u00e3o da Semurb explica despejos irregulares em Areia Preta<br \/>\nAl\u00e9m da Secretaria de Meio Ambiente e Urbanismo (Semurb), v\u00e3o participar da for\u00e7a tarefa, a Companhia de \u00c1guas e Esgotos do Rio Grande do Norte (Caern), Secretaria Municipal de Infraestrutura (Seinfra) e Secretaria Municipal de Servi\u00e7os Urbanos (Semsur).<br \/>\nA Semurb refor\u00e7a que a liga\u00e7\u00e3o clandestina de esgotos na rede de drenagem pode resultar em multas de acordo com o C\u00f3digo do Meio Ambiente e o Plano Diretor de Drenagem. As multas podem chegar a R$ 51,5 mil, como as que devem ser aplicadas aos empreendimentos que foram flagrados com irregularidades em Areia Preta.<br \/>\nLiga\u00e7\u00e3o clandestina de condom\u00ednio dava na areia e terminava no mar<br \/>\nReprodu\u00e7\u00e3o\/Semurb<\/p>","protected":false},"excerpt":{"rendered":"<p>A\u00e7\u00e3o \u00e9 uma extens\u00e3o do trabalho que flagrou, na \u00faltima ter\u00e7a-feira (2), tr\u00eas empreendimentos despejando esgoto na rede de drenagem da Praia de Areia Preta. Reuni\u00e3o foi realizada na Arsban &#8230;<\/p>\n","protected":false},"author":0,"featured_media":7540,"parent":0,"menu_order":0,"comment_status":"closed","ping_status":"closed","template":"","meta":{"footnotes":""},"class_list":["post-7539","page","type-page","status-publish","has-post-thumbnail","hentry"],"yoast_head":"<!-- This site is optimized with the Yoast SEO plugin v27.1.1 - https:\/\/yoast.com\/product\/yoast-seo-wordpress\/ -->\n<title>For\u00e7a-tarefa amplia fiscaliza\u00e7\u00e3o e vai investigar esgotos clandestinos na praia de Ponta Negra - Taveira Jr<\/title>\n<meta name=\"robots\" content=\"index, follow, max-snippet:-1, max-image-preview:large, max-video-preview:-1\" \/>\n<link rel=\"canonical\" href=\"https:\/\/deputadotaveirajr.com.br\/index.php\/forca-tarefa-amplia-fiscalizacao-e-vai-investigar-esgotos-clandestinos-na-praia-de-ponta-negra\/\" \/>\n<meta property=\"og:locale\" content=\"pt_BR\" \/>\n<meta property=\"og:type\" content=\"article\" \/>\n<meta property=\"og:title\" content=\"For\u00e7a-tarefa amplia fiscaliza\u00e7\u00e3o e vai investigar esgotos clandestinos na praia de Ponta Negra - Taveira Jr\" \/>\n<meta property=\"og:description\" content=\"A\u00e7\u00e3o \u00e9 uma extens\u00e3o do trabalho que flagrou, na \u00faltima ter\u00e7a-feira (2), tr\u00eas empreendimentos despejando esgoto na rede de drenagem da Praia de Areia Preta. Reuni\u00e3o foi realizada na Arsban ...\" \/>\n<meta property=\"og:url\" content=\"https:\/\/deputadotaveirajr.com.br\/index.php\/forca-tarefa-amplia-fiscalizacao-e-vai-investigar-esgotos-clandestinos-na-praia-de-ponta-negra\/\" \/>\n<meta property=\"og:site_name\" content=\"Taveira Jr\" \/>\n<meta property=\"og:image\" content=\"https:\/\/deputadotaveirajr.com.br\/wp-content\/uploads\/2024\/07\/whatsapp-image-2024-07-05-at-15.00.01-qe2Iyi.jpeg\" \/>\n\t<meta property=\"og:image:width\" content=\"1280\" \/>\n\t<meta property=\"og:image:height\" content=\"960\" \/>\n\t<meta property=\"og:image:type\" content=\"image\/jpeg\" \/>\n<meta name=\"twitter:card\" content=\"summary_large_image\" \/>\n<meta name=\"twitter:label1\" content=\"Est. tempo de leitura\" \/>\n\t<meta name=\"twitter:data1\" content=\"2 minutos\" \/>\n<script type=\"application\/ld+json\" class=\"yoast-schema-graph\">{\"@context\":\"https:\/\/schema.org\",\"@graph\":[{\"@type\":\"WebPage\",\"@id\":\"https:\/\/deputadotaveirajr.com.br\/index.php\/forca-tarefa-amplia-fiscalizacao-e-vai-investigar-esgotos-clandestinos-na-praia-de-ponta-negra\/\",\"url\":\"https:\/\/deputadotaveirajr.com.br\/index.php\/forca-tarefa-amplia-fiscalizacao-e-vai-investigar-esgotos-clandestinos-na-praia-de-ponta-negra\/\",\"name\":\"For\u00e7a-tarefa amplia fiscaliza\u00e7\u00e3o e vai investigar esgotos clandestinos na praia de Ponta Negra - Taveira Jr\",\"isPartOf\":{\"@id\":\"https:\/\/deputadotaveirajr.com.br\/#website\"},\"primaryImageOfPage\":{\"@id\":\"https:\/\/deputadotaveirajr.com.br\/index.php\/forca-tarefa-amplia-fiscalizacao-e-vai-investigar-esgotos-clandestinos-na-praia-de-ponta-negra\/#primaryimage\"},\"image\":{\"@id\":\"https:\/\/deputadotaveirajr.com.br\/index.php\/forca-tarefa-amplia-fiscalizacao-e-vai-investigar-esgotos-clandestinos-na-praia-de-ponta-negra\/#primaryimage\"},\"thumbnailUrl\":\"https:\/\/deputadotaveirajr.com.br\/wp-content\/uploads\/2024\/07\/whatsapp-image-2024-07-05-at-15.00.01-qe2Iyi.jpeg\",\"datePublished\":\"2024-07-05T21:02:47+00:00\",\"breadcrumb\":{\"@id\":\"https:\/\/deputadotaveirajr.com.br\/index.php\/forca-tarefa-amplia-fiscalizacao-e-vai-investigar-esgotos-clandestinos-na-praia-de-ponta-negra\/#breadcrumb\"},\"inLanguage\":\"pt-BR\",\"potentialAction\":[{\"@type\":\"ReadAction\",\"target\":[\"https:\/\/deputadotaveirajr.com.br\/index.php\/forca-tarefa-amplia-fiscalizacao-e-vai-investigar-esgotos-clandestinos-na-praia-de-ponta-negra\/\"]}]},{\"@type\":\"ImageObject\",\"inLanguage\":\"pt-BR\",\"@id\":\"https:\/\/deputadotaveirajr.com.br\/index.php\/forca-tarefa-amplia-fiscalizacao-e-vai-investigar-esgotos-clandestinos-na-praia-de-ponta-negra\/#primaryimage\",\"url\":\"https:\/\/deputadotaveirajr.com.br\/wp-content\/uploads\/2024\/07\/whatsapp-image-2024-07-05-at-15.00.01-qe2Iyi.jpeg\",\"contentUrl\":\"https:\/\/deputadotaveirajr.com.br\/wp-content\/uploads\/2024\/07\/whatsapp-image-2024-07-05-at-15.00.01-qe2Iyi.jpeg\",\"width\":1280,\"height\":960},{\"@type\":\"BreadcrumbList\",\"@id\":\"https:\/\/deputadotaveirajr.com.br\/index.php\/forca-tarefa-amplia-fiscalizacao-e-vai-investigar-esgotos-clandestinos-na-praia-de-ponta-negra\/#breadcrumb\",\"itemListElement\":[{\"@type\":\"ListItem\",\"position\":1,\"name\":\"In\u00edcio\",\"item\":\"https:\/\/deputadotaveirajr.com.br\/\"},{\"@type\":\"ListItem\",\"position\":2,\"name\":\"For\u00e7a-tarefa amplia fiscaliza\u00e7\u00e3o e vai investigar esgotos clandestinos na praia de Ponta Negra\"}]},{\"@type\":\"WebSite\",\"@id\":\"https:\/\/deputadotaveirajr.com.br\/#website\",\"url\":\"https:\/\/deputadotaveirajr.com.br\/\",\"name\":\"Taveira Jr\",\"description\":\"Deputado Estadual\",\"publisher\":{\"@id\":\"https:\/\/deputadotaveirajr.com.br\/#organization\"},\"potentialAction\":[{\"@type\":\"SearchAction\",\"target\":{\"@type\":\"EntryPoint\",\"urlTemplate\":\"https:\/\/deputadotaveirajr.com.br\/?s={search_term_string}\"},\"query-input\":{\"@type\":\"PropertyValueSpecification\",\"valueRequired\":true,\"valueName\":\"search_term_string\"}}],\"inLanguage\":\"pt-BR\"},{\"@type\":\"Organization\",\"@id\":\"https:\/\/deputadotaveirajr.com.br\/#organization\",\"name\":\"Taveira Jr\",\"url\":\"https:\/\/deputadotaveirajr.com.br\/\",\"logo\":{\"@type\":\"ImageObject\",\"inLanguage\":\"pt-BR\",\"@id\":\"https:\/\/deputadotaveirajr.com.br\/#\/schema\/logo\/image\/\",\"url\":\"https:\/\/deputadotaveirajr.com.br\/wp-content\/uploads\/2026\/01\/logolow2a.png\",\"contentUrl\":\"https:\/\/deputadotaveirajr.com.br\/wp-content\/uploads\/2026\/01\/logolow2a.png\",\"width\":290,\"height\":80,\"caption\":\"Taveira Jr\"},\"image\":{\"@id\":\"https:\/\/deputadotaveirajr.com.br\/#\/schema\/logo\/image\/\"}}]}<\/script>\n<!-- \/ Yoast SEO plugin. -->","yoast_head_json":{"title":"For\u00e7a-tarefa amplia fiscaliza\u00e7\u00e3o e vai investigar esgotos clandestinos na praia de Ponta Negra - Taveira Jr","robots":{"index":"index","follow":"follow","max-snippet":"max-snippet:-1","max-image-preview":"max-image-preview:large","max-video-preview":"max-video-preview:-1"},"canonical":"https:\/\/deputadotaveirajr.com.br\/index.php\/forca-tarefa-amplia-fiscalizacao-e-vai-investigar-esgotos-clandestinos-na-praia-de-ponta-negra\/","og_locale":"pt_BR","og_type":"article","og_title":"For\u00e7a-tarefa amplia fiscaliza\u00e7\u00e3o e vai investigar esgotos clandestinos na praia de Ponta Negra - Taveira Jr","og_description":"A\u00e7\u00e3o \u00e9 uma extens\u00e3o do trabalho que flagrou, na \u00faltima ter\u00e7a-feira (2), tr\u00eas empreendimentos despejando esgoto na rede de drenagem da Praia de Areia Preta. Reuni\u00e3o foi realizada na Arsban ...","og_url":"https:\/\/deputadotaveirajr.com.br\/index.php\/forca-tarefa-amplia-fiscalizacao-e-vai-investigar-esgotos-clandestinos-na-praia-de-ponta-negra\/","og_site_name":"Taveira Jr","og_image":[{"width":1280,"height":960,"url":"https:\/\/deputadotaveirajr.com.br\/wp-content\/uploads\/2024\/07\/whatsapp-image-2024-07-05-at-15.00.01-qe2Iyi.jpeg","type":"image\/jpeg"}],"twitter_card":"summary_large_image","twitter_misc":{"Est. tempo de leitura":"2 minutos"},"schema":{"@context":"https:\/\/schema.org","@graph":[{"@type":"WebPage","@id":"https:\/\/deputadotaveirajr.com.br\/index.php\/forca-tarefa-amplia-fiscalizacao-e-vai-investigar-esgotos-clandestinos-na-praia-de-ponta-negra\/","url":"https:\/\/deputadotaveirajr.com.br\/index.php\/forca-tarefa-amplia-fiscalizacao-e-vai-investigar-esgotos-clandestinos-na-praia-de-ponta-negra\/","name":"For\u00e7a-tarefa amplia fiscaliza\u00e7\u00e3o e vai investigar esgotos clandestinos na praia de Ponta Negra - Taveira Jr","isPartOf":{"@id":"https:\/\/deputadotaveirajr.com.br\/#website"},"primaryImageOfPage":{"@id":"https:\/\/deputadotaveirajr.com.br\/index.php\/forca-tarefa-amplia-fiscalizacao-e-vai-investigar-esgotos-clandestinos-na-praia-de-ponta-negra\/#primaryimage"},"image":{"@id":"https:\/\/deputadotaveirajr.com.br\/index.php\/forca-tarefa-amplia-fiscalizacao-e-vai-investigar-esgotos-clandestinos-na-praia-de-ponta-negra\/#primaryimage"},"thumbnailUrl":"https:\/\/deputadotaveirajr.com.br\/wp-content\/uploads\/2024\/07\/whatsapp-image-2024-07-05-at-15.00.01-qe2Iyi.jpeg","datePublished":"2024-07-05T21:02:47+00:00","breadcrumb":{"@id":"https:\/\/deputadotaveirajr.com.br\/index.php\/forca-tarefa-amplia-fiscalizacao-e-vai-investigar-esgotos-clandestinos-na-praia-de-ponta-negra\/#breadcrumb"},"inLanguage":"pt-BR","potentialAction":[{"@type":"ReadAction","target":["https:\/\/deputadotaveirajr.com.br\/index.php\/forca-tarefa-amplia-fiscalizacao-e-vai-investigar-esgotos-clandestinos-na-praia-de-ponta-negra\/"]}]},{"@type":"ImageObject","inLanguage":"pt-BR","@id":"https:\/\/deputadotaveirajr.com.br\/index.php\/forca-tarefa-amplia-fiscalizacao-e-vai-investigar-esgotos-clandestinos-na-praia-de-ponta-negra\/#primaryimage","url":"https:\/\/deputadotaveirajr.com.br\/wp-content\/uploads\/2024\/07\/whatsapp-image-2024-07-05-at-15.00.01-qe2Iyi.jpeg","contentUrl":"https:\/\/deputadotaveirajr.com.br\/wp-content\/uploads\/2024\/07\/whatsapp-image-2024-07-05-at-15.00.01-qe2Iyi.jpeg","width":1280,"height":960},{"@type":"BreadcrumbList","@id":"https:\/\/deputadotaveirajr.com.br\/index.php\/forca-tarefa-amplia-fiscalizacao-e-vai-investigar-esgotos-clandestinos-na-praia-de-ponta-negra\/#breadcrumb","itemListElement":[{"@type":"ListItem","position":1,"name":"In\u00edcio","item":"https:\/\/deputadotaveirajr.com.br\/"},{"@type":"ListItem","position":2,"name":"For\u00e7a-tarefa amplia fiscaliza\u00e7\u00e3o e vai investigar esgotos clandestinos na praia de Ponta Negra"}]},{"@type":"WebSite","@id":"https:\/\/deputadotaveirajr.com.br\/#website","url":"https:\/\/deputadotaveirajr.com.br\/","name":"Taveira Jr","description":"Deputado Estadual","publisher":{"@id":"https:\/\/deputadotaveirajr.com.br\/#organization"},"potentialAction":[{"@type":"SearchAction","target":{"@type":"EntryPoint","urlTemplate":"https:\/\/deputadotaveirajr.com.br\/?s={search_term_string}"},"query-input":{"@type":"PropertyValueSpecification","valueRequired":true,"valueName":"search_term_string"}}],"inLanguage":"pt-BR"},{"@type":"Organization","@id":"https:\/\/deputadotaveirajr.com.br\/#organization","name":"Taveira Jr","url":"https:\/\/deputadotaveirajr.com.br\/","logo":{"@type":"ImageObject","inLanguage":"pt-BR","@id":"https:\/\/deputadotaveirajr.com.br\/#\/schema\/logo\/image\/","url":"https:\/\/deputadotaveirajr.com.br\/wp-content\/uploads\/2026\/01\/logolow2a.png","contentUrl":"https:\/\/deputadotaveirajr.com.br\/wp-content\/uploads\/2026\/01\/logolow2a.png","width":290,"height":80,"caption":"Taveira Jr"},"image":{"@id":"https:\/\/deputadotaveirajr.com.br\/#\/schema\/logo\/image\/"}}]}},"_links":{"self":[{"href":"https:\/\/deputadotaveirajr.com.br\/index.php\/wp-json\/wp\/v2\/pages\/7539","targetHints":{"allow":["GET"]}}],"collection":[{"href":"https:\/\/deputadotaveirajr.com.br\/index.php\/wp-json\/wp\/v2\/pages"}],"about":[{"href":"https:\/\/deputadotaveirajr.com.br\/index.php\/wp-json\/wp\/v2\/types\/page"}],"replies":[{"embeddable":true,"href":"https:\/\/deputadotaveirajr.com.br\/index.php\/wp-json\/wp\/v2\/comments?post=7539"}],"version-history":[{"count":1,"href":"https:\/\/deputadotaveirajr.com.br\/index.php\/wp-json\/wp\/v2\/pages\/7539\/revisions"}],"predecessor-version":[{"id":7543,"href":"https:\/\/deputadotaveirajr.com.br\/index.php\/wp-json\/wp\/v2\/pages\/7539\/revisions\/7543"}],"wp:featuredmedia":[{"embeddable":true,"href":"https:\/\/deputadotaveirajr.com.br\/index.php\/wp-json\/wp\/v2\/media\/7540"}],"wp:attachment":[{"href":"https:\/\/deputadotaveirajr.com.br\/index.php\/wp-json\/wp\/v2\/media?parent=7539"}],"curies":[{"name":"wp","href":"https:\/\/api.w.org\/{rel}","templated":true}]}}