{"id":7541,"date":"2024-07-05T19:33:44","date_gmt":"2024-07-05T22:33:44","guid":{"rendered":"https:\/\/deputadotaveirajr.com.br\/?page_id=7541"},"modified":"2024-07-05T19:33:44","modified_gmt":"2024-07-05T22:33:44","slug":"quatro-pacientes-internados-na-uti-apos-turbulencia-seguem-internados-em-natal-sem-risco-de-morte-diz-hospital","status":"publish","type":"page","link":"https:\/\/deputadotaveirajr.com.br\/index.php\/quatro-pacientes-internados-na-uti-apos-turbulencia-seguem-internados-em-natal-sem-risco-de-morte-diz-hospital\/","title":{"rendered":"Quatro pacientes internados na UTI ap\u00f3s turbul\u00eancia seguem internados em Natal &#8216;sem risco de morte&#8217;, diz hospital"},"content":{"rendered":"<p>     Passageiros est\u00e3o na UTI desde a ter\u00e7a (2), e a previs\u00e3o \u00e9 que eles recebam alta em 5 dias. Hospital informou que passageiros passaram por procedimentos de neurocirugia e cirurgias tor\u00e1cicas. Homem foi retirado da parte de cima do compartimento de bagagem ap\u00f3s turbul\u00eancia<br \/>\nReprodu\u00e7\u00e3o<br \/>\nQuatro passageiros que estavam no voo internacional da Air Europa desviado para Natal devido a uma forte turbul\u00eancia seguem internados na UTI de um hospital privado da capital potiguar. Em nota, a unidade m\u00e9dica informou que os pacientes permaneciam est\u00e1veis e sem risco de morte at\u00e9 a tarde desta sexta-feira (5).<br \/>\nO comunicado emitido pelo Hospital do Cora\u00e7\u00e3o informou que os pacientes passaram por procedimentos de neurocirugia e cirurgias tor\u00e1cicas durante a madrugada desta sexta e, depois disso, entraram em cuidados habituais de p\u00f3s-operat\u00f3rio.<br \/>\n\ud83d\udcf3Participe do canal do g1 RN no WhatsApp<br \/>\n&#8220;Os quatro pacientes encontram-se clinicamente est\u00e1veis, sem risco de morte no momento, estando acompanhadas de seus familiares e tendo assist\u00eancia psicol\u00f3gica realizada por profissionais do Hospital do Cora\u00e7\u00e3o e tamb\u00e9m por psic\u00f3logos da companhia a\u00e9rea Air Europa da Espanha e Brasil&#8221;, afirmou o hospita, em nota.<br \/>\nOs passageiros deram entrada na UTI na \u00faltima ter\u00e7a-feira (2), e a previs\u00e3o \u00e9 que eles recebam alta dentro dos pr\u00f3ximos 5 dias, segundo o hospital. A unidade informou ainda que disponibilizou acompanhamento psicol\u00f3gico para os pacientes &#8211; a\u00e7\u00e3o que tamb\u00e9m foi feita pela Air Europa.<br \/>\nUm outro passageiro, o espanhol Manoel Gonz\u00e1lez Noal, de 55 anos de idade, que tamb\u00e9m precisou ser internado ap\u00f3s a turbul\u00eancia, recebeu alta na quarta-feira (3). Ele fraturou tr\u00eas costelas e ficou internado no Hospital Monsenhor Walfredo Gurgel.<br \/>\nTurbul\u00eancia em voo que ia de Madri para Montevid\u00e9u deixa 40 pessoas feridas<br \/>\nVoo foi desviado ap\u00f3s forte turbul\u00eancia<br \/>\nO epis\u00f3dio foi registrado na segunda-feira (1\u00ba). O voo seguia de Madri (Espanha) para o Montevid\u00e9u (Uruguai) com 325 passageiros e precisou fazer um pouso de emerg\u00eancia no Aeroporto de Natal ap\u00f3s passar por um forte turbul\u00eancia. O modelo do avi\u00e3o era um Boeing 787-9 Dreamline.<br \/>\nPelo menos 40 passageiros ficaram feridos e receberam atendimento do Servi\u00e7o de Atendimento M\u00f3vel de Urg\u00eancia e de hospitais da Grande Natal. Eles apresentavam fraturas e les\u00f5es pelo corpo.<br \/>\nOs passageiros que n\u00e3o precisaram ficar internados seguiram na noite da pr\u00f3pria segunda-feira, dia do acidente, de \u00f4nibus para Recife, de onde embarcaram em um novo voo para o Uruguai.<br \/>\nOs passageiros relataram que viram muitas pessoas &#8220;voando&#8221; dentro do avi\u00e3o no momento do acidente. A m\u00e9dica Cec\u00edlia Lagucci contou que acordou no momento da turbul\u00eancia e j\u00e1 estava de ponta cabe\u00e7a. &#8220;Naquele momento eu realmente achei que ia morrer&#8221;, relatou.<br \/>\nLEIA TAMB\u00c9M<br \/>\nPASSAGEIROS NO TETO DO AVI\u00c3O: Especialista explicam por que passageiros &#8216;voaram&#8217; em turbul\u00eancia<br \/>\n&#8216;DESESPERO&#8217;: Passageira diz que pessoas &#8216;voaram&#8217; para o teto do avi\u00e3o durante turbul\u00eancia<br \/>\nO QUE SE SABE: Veja o que o aconteceu no voo entre Espanha e Uruguai que deixou feridos ap\u00f3s turbul\u00eancia<br \/>\n&#8216;ESTAVA DE CABE\u00c7A PRA BAIXO&#8217;: Passageira dormia em voo e encontrou o filho acima do compartimento de bagagem<br \/>\nAvi\u00e3o faz pouso de emerg\u00eancia em Natal ap\u00f3s turbul\u00eancia (mapa)<br \/>\nArte\/g1<br \/>\nV\u00eddeos mais assistidos do g1 RN<\/p>","protected":false},"excerpt":{"rendered":"<p>Passageiros est\u00e3o na UTI desde a ter\u00e7a (2), e a previs\u00e3o \u00e9 que eles recebam alta em 5 dias. Hospital informou que passageiros passaram por procedimentos de neurocirugia e cirurgias &#8230;<\/p>\n","protected":false},"author":0,"featured_media":7542,"parent":0,"menu_order":0,"comment_status":"closed","ping_status":"closed","template":"","meta":{"footnotes":""},"class_list":["post-7541","page","type-page","status-publish","has-post-thumbnail","hentry"],"yoast_head":"<!-- This site is optimized with the Yoast SEO plugin v27.1.1 - https:\/\/yoast.com\/product\/yoast-seo-wordpress\/ -->\n<title>Quatro pacientes internados na UTI ap\u00f3s turbul\u00eancia seguem internados em Natal &#039;sem risco de morte&#039;, diz hospital - Taveira Jr<\/title>\n<meta name=\"robots\" content=\"index, follow, max-snippet:-1, max-image-preview:large, max-video-preview:-1\" \/>\n<link rel=\"canonical\" href=\"https:\/\/deputadotaveirajr.com.br\/index.php\/quatro-pacientes-internados-na-uti-apos-turbulencia-seguem-internados-em-natal-sem-risco-de-morte-diz-hospital\/\" \/>\n<meta property=\"og:locale\" content=\"pt_BR\" \/>\n<meta property=\"og:type\" content=\"article\" \/>\n<meta property=\"og:title\" content=\"Quatro pacientes internados na UTI ap\u00f3s turbul\u00eancia seguem internados em Natal &#039;sem risco de morte&#039;, diz hospital - Taveira Jr\" \/>\n<meta property=\"og:description\" content=\"Passageiros est\u00e3o na UTI desde a ter\u00e7a (2), e a previs\u00e3o \u00e9 que eles recebam alta em 5 dias. Hospital informou que passageiros passaram por procedimentos de neurocirugia e cirurgias ...\" \/>\n<meta property=\"og:url\" content=\"https:\/\/deputadotaveirajr.com.br\/index.php\/quatro-pacientes-internados-na-uti-apos-turbulencia-seguem-internados-em-natal-sem-risco-de-morte-diz-hospital\/\" \/>\n<meta property=\"og:site_name\" content=\"Taveira Jr\" \/>\n<meta property=\"og:image\" content=\"https:\/\/deputadotaveirajr.com.br\/wp-content\/uploads\/2024\/07\/captura-de-tela-2024-07-02-131936-4RHEWC.jpeg\" \/>\n\t<meta property=\"og:image:width\" content=\"611\" \/>\n\t<meta property=\"og:image:height\" content=\"779\" \/>\n\t<meta property=\"og:image:type\" content=\"image\/jpeg\" \/>\n<meta name=\"twitter:card\" content=\"summary_large_image\" \/>\n<meta name=\"twitter:label1\" content=\"Est. tempo de leitura\" \/>\n\t<meta name=\"twitter:data1\" content=\"3 minutos\" \/>\n<script type=\"application\/ld+json\" class=\"yoast-schema-graph\">{\"@context\":\"https:\/\/schema.org\",\"@graph\":[{\"@type\":\"WebPage\",\"@id\":\"https:\/\/deputadotaveirajr.com.br\/index.php\/quatro-pacientes-internados-na-uti-apos-turbulencia-seguem-internados-em-natal-sem-risco-de-morte-diz-hospital\/\",\"url\":\"https:\/\/deputadotaveirajr.com.br\/index.php\/quatro-pacientes-internados-na-uti-apos-turbulencia-seguem-internados-em-natal-sem-risco-de-morte-diz-hospital\/\",\"name\":\"Quatro pacientes internados na UTI ap\u00f3s turbul\u00eancia seguem internados em Natal 'sem risco de morte', diz hospital - Taveira Jr\",\"isPartOf\":{\"@id\":\"https:\/\/deputadotaveirajr.com.br\/#website\"},\"primaryImageOfPage\":{\"@id\":\"https:\/\/deputadotaveirajr.com.br\/index.php\/quatro-pacientes-internados-na-uti-apos-turbulencia-seguem-internados-em-natal-sem-risco-de-morte-diz-hospital\/#primaryimage\"},\"image\":{\"@id\":\"https:\/\/deputadotaveirajr.com.br\/index.php\/quatro-pacientes-internados-na-uti-apos-turbulencia-seguem-internados-em-natal-sem-risco-de-morte-diz-hospital\/#primaryimage\"},\"thumbnailUrl\":\"https:\/\/deputadotaveirajr.com.br\/wp-content\/uploads\/2024\/07\/captura-de-tela-2024-07-02-131936-4RHEWC.jpeg\",\"datePublished\":\"2024-07-05T22:33:44+00:00\",\"breadcrumb\":{\"@id\":\"https:\/\/deputadotaveirajr.com.br\/index.php\/quatro-pacientes-internados-na-uti-apos-turbulencia-seguem-internados-em-natal-sem-risco-de-morte-diz-hospital\/#breadcrumb\"},\"inLanguage\":\"pt-BR\",\"potentialAction\":[{\"@type\":\"ReadAction\",\"target\":[\"https:\/\/deputadotaveirajr.com.br\/index.php\/quatro-pacientes-internados-na-uti-apos-turbulencia-seguem-internados-em-natal-sem-risco-de-morte-diz-hospital\/\"]}]},{\"@type\":\"ImageObject\",\"inLanguage\":\"pt-BR\",\"@id\":\"https:\/\/deputadotaveirajr.com.br\/index.php\/quatro-pacientes-internados-na-uti-apos-turbulencia-seguem-internados-em-natal-sem-risco-de-morte-diz-hospital\/#primaryimage\",\"url\":\"https:\/\/deputadotaveirajr.com.br\/wp-content\/uploads\/2024\/07\/captura-de-tela-2024-07-02-131936-4RHEWC.jpeg\",\"contentUrl\":\"https:\/\/deputadotaveirajr.com.br\/wp-content\/uploads\/2024\/07\/captura-de-tela-2024-07-02-131936-4RHEWC.jpeg\",\"width\":611,\"height\":779},{\"@type\":\"BreadcrumbList\",\"@id\":\"https:\/\/deputadotaveirajr.com.br\/index.php\/quatro-pacientes-internados-na-uti-apos-turbulencia-seguem-internados-em-natal-sem-risco-de-morte-diz-hospital\/#breadcrumb\",\"itemListElement\":[{\"@type\":\"ListItem\",\"position\":1,\"name\":\"In\u00edcio\",\"item\":\"https:\/\/deputadotaveirajr.com.br\/\"},{\"@type\":\"ListItem\",\"position\":2,\"name\":\"Quatro pacientes internados na UTI ap\u00f3s turbul\u00eancia seguem internados em Natal &#8216;sem risco de morte&#8217;, diz hospital\"}]},{\"@type\":\"WebSite\",\"@id\":\"https:\/\/deputadotaveirajr.com.br\/#website\",\"url\":\"https:\/\/deputadotaveirajr.com.br\/\",\"name\":\"Taveira Jr\",\"description\":\"Deputado Estadual\",\"publisher\":{\"@id\":\"https:\/\/deputadotaveirajr.com.br\/#organization\"},\"potentialAction\":[{\"@type\":\"SearchAction\",\"target\":{\"@type\":\"EntryPoint\",\"urlTemplate\":\"https:\/\/deputadotaveirajr.com.br\/?s={search_term_string}\"},\"query-input\":{\"@type\":\"PropertyValueSpecification\",\"valueRequired\":true,\"valueName\":\"search_term_string\"}}],\"inLanguage\":\"pt-BR\"},{\"@type\":\"Organization\",\"@id\":\"https:\/\/deputadotaveirajr.com.br\/#organization\",\"name\":\"Taveira Jr\",\"url\":\"https:\/\/deputadotaveirajr.com.br\/\",\"logo\":{\"@type\":\"ImageObject\",\"inLanguage\":\"pt-BR\",\"@id\":\"https:\/\/deputadotaveirajr.com.br\/#\/schema\/logo\/image\/\",\"url\":\"https:\/\/deputadotaveirajr.com.br\/wp-content\/uploads\/2026\/01\/logolow2a.png\",\"contentUrl\":\"https:\/\/deputadotaveirajr.com.br\/wp-content\/uploads\/2026\/01\/logolow2a.png\",\"width\":290,\"height\":80,\"caption\":\"Taveira Jr\"},\"image\":{\"@id\":\"https:\/\/deputadotaveirajr.com.br\/#\/schema\/logo\/image\/\"}}]}<\/script>\n<!-- \/ Yoast SEO plugin. -->","yoast_head_json":{"title":"Quatro pacientes internados na UTI ap\u00f3s turbul\u00eancia seguem internados em Natal 'sem risco de morte', diz hospital - Taveira Jr","robots":{"index":"index","follow":"follow","max-snippet":"max-snippet:-1","max-image-preview":"max-image-preview:large","max-video-preview":"max-video-preview:-1"},"canonical":"https:\/\/deputadotaveirajr.com.br\/index.php\/quatro-pacientes-internados-na-uti-apos-turbulencia-seguem-internados-em-natal-sem-risco-de-morte-diz-hospital\/","og_locale":"pt_BR","og_type":"article","og_title":"Quatro pacientes internados na UTI ap\u00f3s turbul\u00eancia seguem internados em Natal 'sem risco de morte', diz hospital - Taveira Jr","og_description":"Passageiros est\u00e3o na UTI desde a ter\u00e7a (2), e a previs\u00e3o \u00e9 que eles recebam alta em 5 dias. Hospital informou que passageiros passaram por procedimentos de neurocirugia e cirurgias ...","og_url":"https:\/\/deputadotaveirajr.com.br\/index.php\/quatro-pacientes-internados-na-uti-apos-turbulencia-seguem-internados-em-natal-sem-risco-de-morte-diz-hospital\/","og_site_name":"Taveira Jr","og_image":[{"width":611,"height":779,"url":"https:\/\/deputadotaveirajr.com.br\/wp-content\/uploads\/2024\/07\/captura-de-tela-2024-07-02-131936-4RHEWC.jpeg","type":"image\/jpeg"}],"twitter_card":"summary_large_image","twitter_misc":{"Est. tempo de leitura":"3 minutos"},"schema":{"@context":"https:\/\/schema.org","@graph":[{"@type":"WebPage","@id":"https:\/\/deputadotaveirajr.com.br\/index.php\/quatro-pacientes-internados-na-uti-apos-turbulencia-seguem-internados-em-natal-sem-risco-de-morte-diz-hospital\/","url":"https:\/\/deputadotaveirajr.com.br\/index.php\/quatro-pacientes-internados-na-uti-apos-turbulencia-seguem-internados-em-natal-sem-risco-de-morte-diz-hospital\/","name":"Quatro pacientes internados na UTI ap\u00f3s turbul\u00eancia seguem internados em Natal 'sem risco de morte', diz hospital - Taveira Jr","isPartOf":{"@id":"https:\/\/deputadotaveirajr.com.br\/#website"},"primaryImageOfPage":{"@id":"https:\/\/deputadotaveirajr.com.br\/index.php\/quatro-pacientes-internados-na-uti-apos-turbulencia-seguem-internados-em-natal-sem-risco-de-morte-diz-hospital\/#primaryimage"},"image":{"@id":"https:\/\/deputadotaveirajr.com.br\/index.php\/quatro-pacientes-internados-na-uti-apos-turbulencia-seguem-internados-em-natal-sem-risco-de-morte-diz-hospital\/#primaryimage"},"thumbnailUrl":"https:\/\/deputadotaveirajr.com.br\/wp-content\/uploads\/2024\/07\/captura-de-tela-2024-07-02-131936-4RHEWC.jpeg","datePublished":"2024-07-05T22:33:44+00:00","breadcrumb":{"@id":"https:\/\/deputadotaveirajr.com.br\/index.php\/quatro-pacientes-internados-na-uti-apos-turbulencia-seguem-internados-em-natal-sem-risco-de-morte-diz-hospital\/#breadcrumb"},"inLanguage":"pt-BR","potentialAction":[{"@type":"ReadAction","target":["https:\/\/deputadotaveirajr.com.br\/index.php\/quatro-pacientes-internados-na-uti-apos-turbulencia-seguem-internados-em-natal-sem-risco-de-morte-diz-hospital\/"]}]},{"@type":"ImageObject","inLanguage":"pt-BR","@id":"https:\/\/deputadotaveirajr.com.br\/index.php\/quatro-pacientes-internados-na-uti-apos-turbulencia-seguem-internados-em-natal-sem-risco-de-morte-diz-hospital\/#primaryimage","url":"https:\/\/deputadotaveirajr.com.br\/wp-content\/uploads\/2024\/07\/captura-de-tela-2024-07-02-131936-4RHEWC.jpeg","contentUrl":"https:\/\/deputadotaveirajr.com.br\/wp-content\/uploads\/2024\/07\/captura-de-tela-2024-07-02-131936-4RHEWC.jpeg","width":611,"height":779},{"@type":"BreadcrumbList","@id":"https:\/\/deputadotaveirajr.com.br\/index.php\/quatro-pacientes-internados-na-uti-apos-turbulencia-seguem-internados-em-natal-sem-risco-de-morte-diz-hospital\/#breadcrumb","itemListElement":[{"@type":"ListItem","position":1,"name":"In\u00edcio","item":"https:\/\/deputadotaveirajr.com.br\/"},{"@type":"ListItem","position":2,"name":"Quatro pacientes internados na UTI ap\u00f3s turbul\u00eancia seguem internados em Natal &#8216;sem risco de morte&#8217;, diz hospital"}]},{"@type":"WebSite","@id":"https:\/\/deputadotaveirajr.com.br\/#website","url":"https:\/\/deputadotaveirajr.com.br\/","name":"Taveira Jr","description":"Deputado Estadual","publisher":{"@id":"https:\/\/deputadotaveirajr.com.br\/#organization"},"potentialAction":[{"@type":"SearchAction","target":{"@type":"EntryPoint","urlTemplate":"https:\/\/deputadotaveirajr.com.br\/?s={search_term_string}"},"query-input":{"@type":"PropertyValueSpecification","valueRequired":true,"valueName":"search_term_string"}}],"inLanguage":"pt-BR"},{"@type":"Organization","@id":"https:\/\/deputadotaveirajr.com.br\/#organization","name":"Taveira Jr","url":"https:\/\/deputadotaveirajr.com.br\/","logo":{"@type":"ImageObject","inLanguage":"pt-BR","@id":"https:\/\/deputadotaveirajr.com.br\/#\/schema\/logo\/image\/","url":"https:\/\/deputadotaveirajr.com.br\/wp-content\/uploads\/2026\/01\/logolow2a.png","contentUrl":"https:\/\/deputadotaveirajr.com.br\/wp-content\/uploads\/2026\/01\/logolow2a.png","width":290,"height":80,"caption":"Taveira Jr"},"image":{"@id":"https:\/\/deputadotaveirajr.com.br\/#\/schema\/logo\/image\/"}}]}},"_links":{"self":[{"href":"https:\/\/deputadotaveirajr.com.br\/index.php\/wp-json\/wp\/v2\/pages\/7541","targetHints":{"allow":["GET"]}}],"collection":[{"href":"https:\/\/deputadotaveirajr.com.br\/index.php\/wp-json\/wp\/v2\/pages"}],"about":[{"href":"https:\/\/deputadotaveirajr.com.br\/index.php\/wp-json\/wp\/v2\/types\/page"}],"replies":[{"embeddable":true,"href":"https:\/\/deputadotaveirajr.com.br\/index.php\/wp-json\/wp\/v2\/comments?post=7541"}],"version-history":[{"count":1,"href":"https:\/\/deputadotaveirajr.com.br\/index.php\/wp-json\/wp\/v2\/pages\/7541\/revisions"}],"predecessor-version":[{"id":7546,"href":"https:\/\/deputadotaveirajr.com.br\/index.php\/wp-json\/wp\/v2\/pages\/7541\/revisions\/7546"}],"wp:featuredmedia":[{"embeddable":true,"href":"https:\/\/deputadotaveirajr.com.br\/index.php\/wp-json\/wp\/v2\/media\/7542"}],"wp:attachment":[{"href":"https:\/\/deputadotaveirajr.com.br\/index.php\/wp-json\/wp\/v2\/media?parent=7541"}],"curies":[{"name":"wp","href":"https:\/\/api.w.org\/{rel}","templated":true}]}}