{"id":7576,"date":"2024-07-08T12:15:57","date_gmt":"2024-07-08T15:15:57","guid":{"rendered":"https:\/\/deputadotaveirajr.com.br\/?page_id=7576"},"modified":"2024-07-08T12:15:57","modified_gmt":"2024-07-08T15:15:57","slug":"justica-do-rn-condena-plano-de-saude-a-fornecer-medicamento-para-paciente-com-dermatite-atopica-grave","status":"publish","type":"page","link":"https:\/\/deputadotaveirajr.com.br\/index.php\/justica-do-rn-condena-plano-de-saude-a-fornecer-medicamento-para-paciente-com-dermatite-atopica-grave\/","title":{"rendered":"Justi\u00e7a do RN condena plano de sa\u00fade a fornecer medicamento para paciente com dermatite at\u00f3pica grave"},"content":{"rendered":"<p>     Paciente sofre com doen\u00e7a desde os 14 anos de idade. Operadora do plano de sa\u00fade tamb\u00e9m foi condenada a pagar R$ 5 mil a paciente por danos morais. Medicamento \u00e9 para paciente com dermatite at\u00f3pica grave<br \/>\nPexels\/Divulga\u00e7\u00e3o\/ARQUIVO<br \/>\nO Tribunal de Justi\u00e7a do Rio Grande do Norte (TJRN) determinou que uma operadora de plano de sa\u00fade forne\u00e7a um medicamento para um paciente que desde os 14 anos de idade sofre de uma dermatite at\u00f3pica grave.<br \/>\nA decis\u00e3o dos desembargadores da 2\u00aa C\u00e2mara C\u00edvel do TJRN foi un\u00e2nime. Al\u00e9m disso, o paciente deve ser indenizado no valor de R$ 5 mil. O plano de sa\u00fade em quest\u00e3o n\u00e3o foi revelado.<br \/>\n\ud83d\udcf3Participe do canal do g1 RN no WhatsApp<br \/>\nO medicamento \u00e9 o Dupixent (Dupilumabe), de 300 mg. Ele deve ser fornecido, de acordo com a decis\u00e3o judicial, mediante prescri\u00e7\u00e3o m\u00e9dica.<br \/>\nSegundo laudos m\u00e9dicos que basearam a decis\u00e3o, a dermatite at\u00f3pica grave do paciente &#8220;evolui com per\u00edodos de melhora, ap\u00f3s terapia t\u00f3pica e sist\u00eamica, seguidos de recidiva com progressivo agravamento, inclusive com infec\u00e7\u00f5es secund\u00e1rias graves\u201d.<br \/>\nA decis\u00e3o citou ainda que o paciente evoluiu com piora, resist\u00eancia aos tratamentos utilizados, e que teve agravamento do quadro psiqui\u00e1trico, com forte comportamento ansioso e depressivo, ciclo vicioso que piorou o quadro da doen\u00e7a.<br \/>\nNa Justi\u00e7a, o plano de sa\u00fade se defendeu informando que o contrato se encerrou no dia 15 de agosto de 2021 e que o paciente n\u00e3o preencheu o \u201cQuadro de Declara\u00e7\u00e3o de Sa\u00fade\u201d corretamente, pois informou que n\u00e3o era portador de doen\u00e7a da pele.<br \/>\nO plano de sa\u00fade citou ainda na Justi\u00e7a que n\u00e3o \u00e9 obrigado a ofertar o medicamento pleiteado porque se trata de medica\u00e7\u00e3o de uso domiciliar.<br \/>\nDecis\u00e3o<br \/>\nNa decis\u00e3o, os desembargadores entenderam que, \u201cao negar o medicamento necess\u00e1rio para o tratamento da enfermidade, a operadora de plano de sa\u00fade est\u00e1, na verdade, frustrando a expectativa leg\u00edtima da presta\u00e7\u00e3o dos servi\u00e7os almejados, em desobedi\u00eancia \u00e0 prescri\u00e7\u00e3o m\u00e9dica, amea\u00e7ando, inclusive, o pr\u00f3prio objeto contratual, que \u00e9 o fornecimento do servi\u00e7o de sa\u00fade\u201d.<br \/>\nA decis\u00e3o ainda citou que, segundo a jurisprud\u00eancia do Superior Tribunal de Justi\u00e7a (STJ) , &#8220;\u00e9 abusiva a recusa da operadora do plano de sa\u00fade de custear a cobertura do medicamento registrado na Ag\u00eancia Nacional de Vigil\u00e2ncia Sanit\u00e1ria (ANVISA) e prescrito pelo m\u00e9dico do paciente, ainda que se trate de f\u00e1rmaco off-label, ou utilizado em car\u00e1ter experimental&#8221;.<br \/>\nV\u00eddeos mais assistidos do g1 RN<\/p>","protected":false},"excerpt":{"rendered":"<p>Paciente sofre com doen\u00e7a desde os 14 anos de idade. Operadora do plano de sa\u00fade tamb\u00e9m foi condenada a pagar R$ 5 mil a paciente por danos morais. Medicamento \u00e9 &#8230;<\/p>\n","protected":false},"author":0,"featured_media":7577,"parent":0,"menu_order":0,"comment_status":"closed","ping_status":"closed","template":"","meta":{"footnotes":""},"class_list":["post-7576","page","type-page","status-publish","has-post-thumbnail","hentry"],"yoast_head":"<!-- This site is optimized with the Yoast SEO plugin v27.1.1 - https:\/\/yoast.com\/product\/yoast-seo-wordpress\/ -->\n<title>Justi\u00e7a do RN condena plano de sa\u00fade a fornecer medicamento para paciente com dermatite at\u00f3pica grave - Taveira Jr<\/title>\n<meta name=\"robots\" content=\"index, follow, max-snippet:-1, max-image-preview:large, max-video-preview:-1\" \/>\n<link rel=\"canonical\" href=\"https:\/\/deputadotaveirajr.com.br\/index.php\/justica-do-rn-condena-plano-de-saude-a-fornecer-medicamento-para-paciente-com-dermatite-atopica-grave\/\" \/>\n<meta property=\"og:locale\" content=\"pt_BR\" \/>\n<meta property=\"og:type\" content=\"article\" \/>\n<meta property=\"og:title\" content=\"Justi\u00e7a do RN condena plano de sa\u00fade a fornecer medicamento para paciente com dermatite at\u00f3pica grave - Taveira Jr\" \/>\n<meta property=\"og:description\" content=\"Paciente sofre com doen\u00e7a desde os 14 anos de idade. Operadora do plano de sa\u00fade tamb\u00e9m foi condenada a pagar R$ 5 mil a paciente por danos morais. Medicamento \u00e9 ...\" \/>\n<meta property=\"og:url\" content=\"https:\/\/deputadotaveirajr.com.br\/index.php\/justica-do-rn-condena-plano-de-saude-a-fornecer-medicamento-para-paciente-com-dermatite-atopica-grave\/\" \/>\n<meta property=\"og:site_name\" content=\"Taveira Jr\" \/>\n<meta property=\"og:image\" content=\"https:\/\/deputadotaveirajr.com.br\/wp-content\/uploads\/2024\/07\/pexels-rfstudio-3825529-jA8HqN.jpeg\" \/>\n\t<meta property=\"og:image:width\" content=\"1280\" \/>\n\t<meta property=\"og:image:height\" content=\"914\" \/>\n\t<meta property=\"og:image:type\" content=\"image\/jpeg\" \/>\n<meta name=\"twitter:card\" content=\"summary_large_image\" \/>\n<meta name=\"twitter:label1\" content=\"Est. tempo de leitura\" \/>\n\t<meta name=\"twitter:data1\" content=\"2 minutos\" \/>\n<script type=\"application\/ld+json\" class=\"yoast-schema-graph\">{\"@context\":\"https:\/\/schema.org\",\"@graph\":[{\"@type\":\"WebPage\",\"@id\":\"https:\/\/deputadotaveirajr.com.br\/index.php\/justica-do-rn-condena-plano-de-saude-a-fornecer-medicamento-para-paciente-com-dermatite-atopica-grave\/\",\"url\":\"https:\/\/deputadotaveirajr.com.br\/index.php\/justica-do-rn-condena-plano-de-saude-a-fornecer-medicamento-para-paciente-com-dermatite-atopica-grave\/\",\"name\":\"Justi\u00e7a do RN condena plano de sa\u00fade a fornecer medicamento para paciente com dermatite at\u00f3pica grave - Taveira Jr\",\"isPartOf\":{\"@id\":\"https:\/\/deputadotaveirajr.com.br\/#website\"},\"primaryImageOfPage\":{\"@id\":\"https:\/\/deputadotaveirajr.com.br\/index.php\/justica-do-rn-condena-plano-de-saude-a-fornecer-medicamento-para-paciente-com-dermatite-atopica-grave\/#primaryimage\"},\"image\":{\"@id\":\"https:\/\/deputadotaveirajr.com.br\/index.php\/justica-do-rn-condena-plano-de-saude-a-fornecer-medicamento-para-paciente-com-dermatite-atopica-grave\/#primaryimage\"},\"thumbnailUrl\":\"https:\/\/deputadotaveirajr.com.br\/wp-content\/uploads\/2024\/07\/pexels-rfstudio-3825529-jA8HqN.jpeg\",\"datePublished\":\"2024-07-08T15:15:57+00:00\",\"breadcrumb\":{\"@id\":\"https:\/\/deputadotaveirajr.com.br\/index.php\/justica-do-rn-condena-plano-de-saude-a-fornecer-medicamento-para-paciente-com-dermatite-atopica-grave\/#breadcrumb\"},\"inLanguage\":\"pt-BR\",\"potentialAction\":[{\"@type\":\"ReadAction\",\"target\":[\"https:\/\/deputadotaveirajr.com.br\/index.php\/justica-do-rn-condena-plano-de-saude-a-fornecer-medicamento-para-paciente-com-dermatite-atopica-grave\/\"]}]},{\"@type\":\"ImageObject\",\"inLanguage\":\"pt-BR\",\"@id\":\"https:\/\/deputadotaveirajr.com.br\/index.php\/justica-do-rn-condena-plano-de-saude-a-fornecer-medicamento-para-paciente-com-dermatite-atopica-grave\/#primaryimage\",\"url\":\"https:\/\/deputadotaveirajr.com.br\/wp-content\/uploads\/2024\/07\/pexels-rfstudio-3825529-jA8HqN.jpeg\",\"contentUrl\":\"https:\/\/deputadotaveirajr.com.br\/wp-content\/uploads\/2024\/07\/pexels-rfstudio-3825529-jA8HqN.jpeg\",\"width\":1280,\"height\":914},{\"@type\":\"BreadcrumbList\",\"@id\":\"https:\/\/deputadotaveirajr.com.br\/index.php\/justica-do-rn-condena-plano-de-saude-a-fornecer-medicamento-para-paciente-com-dermatite-atopica-grave\/#breadcrumb\",\"itemListElement\":[{\"@type\":\"ListItem\",\"position\":1,\"name\":\"In\u00edcio\",\"item\":\"https:\/\/deputadotaveirajr.com.br\/\"},{\"@type\":\"ListItem\",\"position\":2,\"name\":\"Justi\u00e7a do RN condena plano de sa\u00fade a fornecer medicamento para paciente com dermatite at\u00f3pica grave\"}]},{\"@type\":\"WebSite\",\"@id\":\"https:\/\/deputadotaveirajr.com.br\/#website\",\"url\":\"https:\/\/deputadotaveirajr.com.br\/\",\"name\":\"Taveira Jr\",\"description\":\"Deputado Estadual\",\"publisher\":{\"@id\":\"https:\/\/deputadotaveirajr.com.br\/#organization\"},\"potentialAction\":[{\"@type\":\"SearchAction\",\"target\":{\"@type\":\"EntryPoint\",\"urlTemplate\":\"https:\/\/deputadotaveirajr.com.br\/?s={search_term_string}\"},\"query-input\":{\"@type\":\"PropertyValueSpecification\",\"valueRequired\":true,\"valueName\":\"search_term_string\"}}],\"inLanguage\":\"pt-BR\"},{\"@type\":\"Organization\",\"@id\":\"https:\/\/deputadotaveirajr.com.br\/#organization\",\"name\":\"Taveira Jr\",\"url\":\"https:\/\/deputadotaveirajr.com.br\/\",\"logo\":{\"@type\":\"ImageObject\",\"inLanguage\":\"pt-BR\",\"@id\":\"https:\/\/deputadotaveirajr.com.br\/#\/schema\/logo\/image\/\",\"url\":\"https:\/\/deputadotaveirajr.com.br\/wp-content\/uploads\/2026\/01\/logolow2a.png\",\"contentUrl\":\"https:\/\/deputadotaveirajr.com.br\/wp-content\/uploads\/2026\/01\/logolow2a.png\",\"width\":290,\"height\":80,\"caption\":\"Taveira Jr\"},\"image\":{\"@id\":\"https:\/\/deputadotaveirajr.com.br\/#\/schema\/logo\/image\/\"}}]}<\/script>\n<!-- \/ Yoast SEO plugin. -->","yoast_head_json":{"title":"Justi\u00e7a do RN condena plano de sa\u00fade a fornecer medicamento para paciente com dermatite at\u00f3pica grave - Taveira Jr","robots":{"index":"index","follow":"follow","max-snippet":"max-snippet:-1","max-image-preview":"max-image-preview:large","max-video-preview":"max-video-preview:-1"},"canonical":"https:\/\/deputadotaveirajr.com.br\/index.php\/justica-do-rn-condena-plano-de-saude-a-fornecer-medicamento-para-paciente-com-dermatite-atopica-grave\/","og_locale":"pt_BR","og_type":"article","og_title":"Justi\u00e7a do RN condena plano de sa\u00fade a fornecer medicamento para paciente com dermatite at\u00f3pica grave - Taveira Jr","og_description":"Paciente sofre com doen\u00e7a desde os 14 anos de idade. Operadora do plano de sa\u00fade tamb\u00e9m foi condenada a pagar R$ 5 mil a paciente por danos morais. Medicamento \u00e9 ...","og_url":"https:\/\/deputadotaveirajr.com.br\/index.php\/justica-do-rn-condena-plano-de-saude-a-fornecer-medicamento-para-paciente-com-dermatite-atopica-grave\/","og_site_name":"Taveira Jr","og_image":[{"width":1280,"height":914,"url":"https:\/\/deputadotaveirajr.com.br\/wp-content\/uploads\/2024\/07\/pexels-rfstudio-3825529-jA8HqN.jpeg","type":"image\/jpeg"}],"twitter_card":"summary_large_image","twitter_misc":{"Est. tempo de leitura":"2 minutos"},"schema":{"@context":"https:\/\/schema.org","@graph":[{"@type":"WebPage","@id":"https:\/\/deputadotaveirajr.com.br\/index.php\/justica-do-rn-condena-plano-de-saude-a-fornecer-medicamento-para-paciente-com-dermatite-atopica-grave\/","url":"https:\/\/deputadotaveirajr.com.br\/index.php\/justica-do-rn-condena-plano-de-saude-a-fornecer-medicamento-para-paciente-com-dermatite-atopica-grave\/","name":"Justi\u00e7a do RN condena plano de sa\u00fade a fornecer medicamento para paciente com dermatite at\u00f3pica grave - Taveira Jr","isPartOf":{"@id":"https:\/\/deputadotaveirajr.com.br\/#website"},"primaryImageOfPage":{"@id":"https:\/\/deputadotaveirajr.com.br\/index.php\/justica-do-rn-condena-plano-de-saude-a-fornecer-medicamento-para-paciente-com-dermatite-atopica-grave\/#primaryimage"},"image":{"@id":"https:\/\/deputadotaveirajr.com.br\/index.php\/justica-do-rn-condena-plano-de-saude-a-fornecer-medicamento-para-paciente-com-dermatite-atopica-grave\/#primaryimage"},"thumbnailUrl":"https:\/\/deputadotaveirajr.com.br\/wp-content\/uploads\/2024\/07\/pexels-rfstudio-3825529-jA8HqN.jpeg","datePublished":"2024-07-08T15:15:57+00:00","breadcrumb":{"@id":"https:\/\/deputadotaveirajr.com.br\/index.php\/justica-do-rn-condena-plano-de-saude-a-fornecer-medicamento-para-paciente-com-dermatite-atopica-grave\/#breadcrumb"},"inLanguage":"pt-BR","potentialAction":[{"@type":"ReadAction","target":["https:\/\/deputadotaveirajr.com.br\/index.php\/justica-do-rn-condena-plano-de-saude-a-fornecer-medicamento-para-paciente-com-dermatite-atopica-grave\/"]}]},{"@type":"ImageObject","inLanguage":"pt-BR","@id":"https:\/\/deputadotaveirajr.com.br\/index.php\/justica-do-rn-condena-plano-de-saude-a-fornecer-medicamento-para-paciente-com-dermatite-atopica-grave\/#primaryimage","url":"https:\/\/deputadotaveirajr.com.br\/wp-content\/uploads\/2024\/07\/pexels-rfstudio-3825529-jA8HqN.jpeg","contentUrl":"https:\/\/deputadotaveirajr.com.br\/wp-content\/uploads\/2024\/07\/pexels-rfstudio-3825529-jA8HqN.jpeg","width":1280,"height":914},{"@type":"BreadcrumbList","@id":"https:\/\/deputadotaveirajr.com.br\/index.php\/justica-do-rn-condena-plano-de-saude-a-fornecer-medicamento-para-paciente-com-dermatite-atopica-grave\/#breadcrumb","itemListElement":[{"@type":"ListItem","position":1,"name":"In\u00edcio","item":"https:\/\/deputadotaveirajr.com.br\/"},{"@type":"ListItem","position":2,"name":"Justi\u00e7a do RN condena plano de sa\u00fade a fornecer medicamento para paciente com dermatite at\u00f3pica grave"}]},{"@type":"WebSite","@id":"https:\/\/deputadotaveirajr.com.br\/#website","url":"https:\/\/deputadotaveirajr.com.br\/","name":"Taveira Jr","description":"Deputado Estadual","publisher":{"@id":"https:\/\/deputadotaveirajr.com.br\/#organization"},"potentialAction":[{"@type":"SearchAction","target":{"@type":"EntryPoint","urlTemplate":"https:\/\/deputadotaveirajr.com.br\/?s={search_term_string}"},"query-input":{"@type":"PropertyValueSpecification","valueRequired":true,"valueName":"search_term_string"}}],"inLanguage":"pt-BR"},{"@type":"Organization","@id":"https:\/\/deputadotaveirajr.com.br\/#organization","name":"Taveira Jr","url":"https:\/\/deputadotaveirajr.com.br\/","logo":{"@type":"ImageObject","inLanguage":"pt-BR","@id":"https:\/\/deputadotaveirajr.com.br\/#\/schema\/logo\/image\/","url":"https:\/\/deputadotaveirajr.com.br\/wp-content\/uploads\/2026\/01\/logolow2a.png","contentUrl":"https:\/\/deputadotaveirajr.com.br\/wp-content\/uploads\/2026\/01\/logolow2a.png","width":290,"height":80,"caption":"Taveira Jr"},"image":{"@id":"https:\/\/deputadotaveirajr.com.br\/#\/schema\/logo\/image\/"}}]}},"_links":{"self":[{"href":"https:\/\/deputadotaveirajr.com.br\/index.php\/wp-json\/wp\/v2\/pages\/7576","targetHints":{"allow":["GET"]}}],"collection":[{"href":"https:\/\/deputadotaveirajr.com.br\/index.php\/wp-json\/wp\/v2\/pages"}],"about":[{"href":"https:\/\/deputadotaveirajr.com.br\/index.php\/wp-json\/wp\/v2\/types\/page"}],"replies":[{"embeddable":true,"href":"https:\/\/deputadotaveirajr.com.br\/index.php\/wp-json\/wp\/v2\/comments?post=7576"}],"version-history":[{"count":1,"href":"https:\/\/deputadotaveirajr.com.br\/index.php\/wp-json\/wp\/v2\/pages\/7576\/revisions"}],"predecessor-version":[{"id":7581,"href":"https:\/\/deputadotaveirajr.com.br\/index.php\/wp-json\/wp\/v2\/pages\/7576\/revisions\/7581"}],"wp:featuredmedia":[{"embeddable":true,"href":"https:\/\/deputadotaveirajr.com.br\/index.php\/wp-json\/wp\/v2\/media\/7577"}],"wp:attachment":[{"href":"https:\/\/deputadotaveirajr.com.br\/index.php\/wp-json\/wp\/v2\/media?parent=7576"}],"curies":[{"name":"wp","href":"https:\/\/api.w.org\/{rel}","templated":true}]}}