{"id":7586,"date":"2024-07-08T18:15:33","date_gmt":"2024-07-08T21:15:33","guid":{"rendered":"https:\/\/deputadotaveirajr.com.br\/?page_id=7586"},"modified":"2024-07-08T18:15:33","modified_gmt":"2024-07-08T21:15:33","slug":"familias-de-criancas-com-autismo-protestam-contra-mudancas-no-atendimento-de-operadora-de-plano-de-saude-em-natal","status":"publish","type":"page","link":"https:\/\/deputadotaveirajr.com.br\/index.php\/familias-de-criancas-com-autismo-protestam-contra-mudancas-no-atendimento-de-operadora-de-plano-de-saude-em-natal\/","title":{"rendered":"Fam\u00edlias de crian\u00e7as com autismo protestam contra mudan\u00e7as no atendimento de operadora de plano de sa\u00fade em Natal"},"content":{"rendered":"<p>     Os pais afirmam temer que o descredenciamento de cl\u00ednicas que ofereciam as terapias impacte no servi\u00e7o oferecido. Protesto foi feito em frente \u00e0 sede de uma operadora do servi\u00e7o, em Natal<br \/>\nBruno Rocha\/Inter TV Cabugi<br \/>\nFam\u00edlias de crian\u00e7as com autismo protestaram na manh\u00e3 desta segunda-feira (8) em frente \u00e0 sede de uma operadora de plano de sa\u00fade, em Natal.<br \/>\nO motivo \u00e9 uma mudan\u00e7a anunciada pela operadora, descredenciando da rede cl\u00ednicas que prestavam atendimento regular a esses pacientes. Os pais afirmam temer que a mudan\u00e7a impacte no servi\u00e7o oferecido.<br \/>\nOs manifestantes comunicaram que foram comunicados de forma oficial e que a operadora sinalizou que os atendimentos seriam transferidos para uma cl\u00ednica espec\u00edfica. Devido ao volume de assistidos que dependem do servi\u00e7o, uma fila de espera foi formada, contando com cerca de 600 crian\u00e7as.<br \/>\n&#8220;Como \u00e9 que a operadora vai suportar tanta gente numa s\u00f3 cl\u00ednica? Queremos ter o direito de fazer as terapias onde eles j\u00e1 est\u00e3o e, no caso da mudan\u00e7a ter que ocorrer, tenha uma garantia de que o servi\u00e7o ter\u00e1 a mesma qualidade&#8221;, afirmou uma m\u00e3e, que preferiu n\u00e3o se identificar.<br \/>\nUma reuni\u00e3o entre um grupo de pais e representantes da operadora ocorreu, em busca de um acordo.<br \/>\nAl\u00e9m do pedido para que os atendimentos n\u00e3o sejam transferidos de local, os pais tamb\u00e9m sinalizaram com um pedido para que a operadora inicie o atendimento de pacientes com autismo na Zona Norte de Natal.<br \/>\nAp\u00f3s uma hora e meia de tratativas, uma proposta foi entregue \u00e0 operadora, que vai avaliar os pontos at\u00e9 um segundo encontro, marcado para a sexta-feira (12).<br \/>\nO que diz a operadora<br \/>\nEm nota, a Humana Sa\u00fade afirmou que os ajustes s\u00e3o &#8220;comuns&#8221; e obedecem diretrizes da Ag\u00eancia Nacional de Sa\u00fade Suplementar (ANS).<br \/>\nA empresa garantiu que as mudan\u00e7as n\u00e3o vai atingir os benefici\u00e1rios, que &#8220;continuar\u00e3o recebendo atendimento de qualidade, sem descontinuidade em seus planos terap\u00eauticos&#8221;.<\/p>","protected":false},"excerpt":{"rendered":"<p>Os pais afirmam temer que o descredenciamento de cl\u00ednicas que ofereciam as terapias impacte no servi\u00e7o oferecido. Protesto foi feito em frente \u00e0 sede de uma operadora do servi\u00e7o, em &#8230;<\/p>\n","protected":false},"author":0,"featured_media":7587,"parent":0,"menu_order":0,"comment_status":"closed","ping_status":"closed","template":"","meta":{"footnotes":""},"class_list":["post-7586","page","type-page","status-publish","has-post-thumbnail","hentry"],"yoast_head":"<!-- This site is optimized with the Yoast SEO plugin v27.1.1 - https:\/\/yoast.com\/product\/yoast-seo-wordpress\/ -->\n<title>Fam\u00edlias de crian\u00e7as com autismo protestam contra mudan\u00e7as no atendimento de operadora de plano de sa\u00fade em Natal - Taveira Jr<\/title>\n<meta name=\"robots\" content=\"index, follow, max-snippet:-1, max-image-preview:large, max-video-preview:-1\" \/>\n<link rel=\"canonical\" href=\"https:\/\/deputadotaveirajr.com.br\/index.php\/familias-de-criancas-com-autismo-protestam-contra-mudancas-no-atendimento-de-operadora-de-plano-de-saude-em-natal\/\" \/>\n<meta property=\"og:locale\" content=\"pt_BR\" \/>\n<meta property=\"og:type\" content=\"article\" \/>\n<meta property=\"og:title\" content=\"Fam\u00edlias de crian\u00e7as com autismo protestam contra mudan\u00e7as no atendimento de operadora de plano de sa\u00fade em Natal - Taveira Jr\" \/>\n<meta property=\"og:description\" content=\"Os pais afirmam temer que o descredenciamento de cl\u00ednicas que ofereciam as terapias impacte no servi\u00e7o oferecido. Protesto foi feito em frente \u00e0 sede de uma operadora do servi\u00e7o, em ...\" \/>\n<meta property=\"og:url\" content=\"https:\/\/deputadotaveirajr.com.br\/index.php\/familias-de-criancas-com-autismo-protestam-contra-mudancas-no-atendimento-de-operadora-de-plano-de-saude-em-natal\/\" \/>\n<meta property=\"og:site_name\" content=\"Taveira Jr\" \/>\n<meta property=\"og:image\" content=\"https:\/\/deputadotaveirajr.com.br\/wp-content\/uploads\/2024\/07\/whatsapp-image-2024-07-08-at-11.01.05-3R6vCN.jpeg\" \/>\n\t<meta property=\"og:image:width\" content=\"1600\" \/>\n\t<meta property=\"og:image:height\" content=\"720\" \/>\n\t<meta property=\"og:image:type\" content=\"image\/jpeg\" \/>\n<meta name=\"twitter:card\" content=\"summary_large_image\" \/>\n<meta name=\"twitter:label1\" content=\"Est. tempo de leitura\" \/>\n\t<meta name=\"twitter:data1\" content=\"2 minutos\" \/>\n<script type=\"application\/ld+json\" class=\"yoast-schema-graph\">{\"@context\":\"https:\/\/schema.org\",\"@graph\":[{\"@type\":\"WebPage\",\"@id\":\"https:\/\/deputadotaveirajr.com.br\/index.php\/familias-de-criancas-com-autismo-protestam-contra-mudancas-no-atendimento-de-operadora-de-plano-de-saude-em-natal\/\",\"url\":\"https:\/\/deputadotaveirajr.com.br\/index.php\/familias-de-criancas-com-autismo-protestam-contra-mudancas-no-atendimento-de-operadora-de-plano-de-saude-em-natal\/\",\"name\":\"Fam\u00edlias de crian\u00e7as com autismo protestam contra mudan\u00e7as no atendimento de operadora de plano de sa\u00fade em Natal - Taveira Jr\",\"isPartOf\":{\"@id\":\"https:\/\/deputadotaveirajr.com.br\/#website\"},\"primaryImageOfPage\":{\"@id\":\"https:\/\/deputadotaveirajr.com.br\/index.php\/familias-de-criancas-com-autismo-protestam-contra-mudancas-no-atendimento-de-operadora-de-plano-de-saude-em-natal\/#primaryimage\"},\"image\":{\"@id\":\"https:\/\/deputadotaveirajr.com.br\/index.php\/familias-de-criancas-com-autismo-protestam-contra-mudancas-no-atendimento-de-operadora-de-plano-de-saude-em-natal\/#primaryimage\"},\"thumbnailUrl\":\"https:\/\/deputadotaveirajr.com.br\/wp-content\/uploads\/2024\/07\/whatsapp-image-2024-07-08-at-11.01.05-3R6vCN.jpeg\",\"datePublished\":\"2024-07-08T21:15:33+00:00\",\"breadcrumb\":{\"@id\":\"https:\/\/deputadotaveirajr.com.br\/index.php\/familias-de-criancas-com-autismo-protestam-contra-mudancas-no-atendimento-de-operadora-de-plano-de-saude-em-natal\/#breadcrumb\"},\"inLanguage\":\"pt-BR\",\"potentialAction\":[{\"@type\":\"ReadAction\",\"target\":[\"https:\/\/deputadotaveirajr.com.br\/index.php\/familias-de-criancas-com-autismo-protestam-contra-mudancas-no-atendimento-de-operadora-de-plano-de-saude-em-natal\/\"]}]},{\"@type\":\"ImageObject\",\"inLanguage\":\"pt-BR\",\"@id\":\"https:\/\/deputadotaveirajr.com.br\/index.php\/familias-de-criancas-com-autismo-protestam-contra-mudancas-no-atendimento-de-operadora-de-plano-de-saude-em-natal\/#primaryimage\",\"url\":\"https:\/\/deputadotaveirajr.com.br\/wp-content\/uploads\/2024\/07\/whatsapp-image-2024-07-08-at-11.01.05-3R6vCN.jpeg\",\"contentUrl\":\"https:\/\/deputadotaveirajr.com.br\/wp-content\/uploads\/2024\/07\/whatsapp-image-2024-07-08-at-11.01.05-3R6vCN.jpeg\",\"width\":1600,\"height\":720},{\"@type\":\"BreadcrumbList\",\"@id\":\"https:\/\/deputadotaveirajr.com.br\/index.php\/familias-de-criancas-com-autismo-protestam-contra-mudancas-no-atendimento-de-operadora-de-plano-de-saude-em-natal\/#breadcrumb\",\"itemListElement\":[{\"@type\":\"ListItem\",\"position\":1,\"name\":\"In\u00edcio\",\"item\":\"https:\/\/deputadotaveirajr.com.br\/\"},{\"@type\":\"ListItem\",\"position\":2,\"name\":\"Fam\u00edlias de crian\u00e7as com autismo protestam contra mudan\u00e7as no atendimento de operadora de plano de sa\u00fade em Natal\"}]},{\"@type\":\"WebSite\",\"@id\":\"https:\/\/deputadotaveirajr.com.br\/#website\",\"url\":\"https:\/\/deputadotaveirajr.com.br\/\",\"name\":\"Taveira Jr\",\"description\":\"Deputado Estadual\",\"publisher\":{\"@id\":\"https:\/\/deputadotaveirajr.com.br\/#organization\"},\"potentialAction\":[{\"@type\":\"SearchAction\",\"target\":{\"@type\":\"EntryPoint\",\"urlTemplate\":\"https:\/\/deputadotaveirajr.com.br\/?s={search_term_string}\"},\"query-input\":{\"@type\":\"PropertyValueSpecification\",\"valueRequired\":true,\"valueName\":\"search_term_string\"}}],\"inLanguage\":\"pt-BR\"},{\"@type\":\"Organization\",\"@id\":\"https:\/\/deputadotaveirajr.com.br\/#organization\",\"name\":\"Taveira Jr\",\"url\":\"https:\/\/deputadotaveirajr.com.br\/\",\"logo\":{\"@type\":\"ImageObject\",\"inLanguage\":\"pt-BR\",\"@id\":\"https:\/\/deputadotaveirajr.com.br\/#\/schema\/logo\/image\/\",\"url\":\"https:\/\/deputadotaveirajr.com.br\/wp-content\/uploads\/2026\/01\/logolow2a.png\",\"contentUrl\":\"https:\/\/deputadotaveirajr.com.br\/wp-content\/uploads\/2026\/01\/logolow2a.png\",\"width\":290,\"height\":80,\"caption\":\"Taveira Jr\"},\"image\":{\"@id\":\"https:\/\/deputadotaveirajr.com.br\/#\/schema\/logo\/image\/\"}}]}<\/script>\n<!-- \/ Yoast SEO plugin. -->","yoast_head_json":{"title":"Fam\u00edlias de crian\u00e7as com autismo protestam contra mudan\u00e7as no atendimento de operadora de plano de sa\u00fade em Natal - Taveira Jr","robots":{"index":"index","follow":"follow","max-snippet":"max-snippet:-1","max-image-preview":"max-image-preview:large","max-video-preview":"max-video-preview:-1"},"canonical":"https:\/\/deputadotaveirajr.com.br\/index.php\/familias-de-criancas-com-autismo-protestam-contra-mudancas-no-atendimento-de-operadora-de-plano-de-saude-em-natal\/","og_locale":"pt_BR","og_type":"article","og_title":"Fam\u00edlias de crian\u00e7as com autismo protestam contra mudan\u00e7as no atendimento de operadora de plano de sa\u00fade em Natal - Taveira Jr","og_description":"Os pais afirmam temer que o descredenciamento de cl\u00ednicas que ofereciam as terapias impacte no servi\u00e7o oferecido. Protesto foi feito em frente \u00e0 sede de uma operadora do servi\u00e7o, em ...","og_url":"https:\/\/deputadotaveirajr.com.br\/index.php\/familias-de-criancas-com-autismo-protestam-contra-mudancas-no-atendimento-de-operadora-de-plano-de-saude-em-natal\/","og_site_name":"Taveira Jr","og_image":[{"width":1600,"height":720,"url":"https:\/\/deputadotaveirajr.com.br\/wp-content\/uploads\/2024\/07\/whatsapp-image-2024-07-08-at-11.01.05-3R6vCN.jpeg","type":"image\/jpeg"}],"twitter_card":"summary_large_image","twitter_misc":{"Est. tempo de leitura":"2 minutos"},"schema":{"@context":"https:\/\/schema.org","@graph":[{"@type":"WebPage","@id":"https:\/\/deputadotaveirajr.com.br\/index.php\/familias-de-criancas-com-autismo-protestam-contra-mudancas-no-atendimento-de-operadora-de-plano-de-saude-em-natal\/","url":"https:\/\/deputadotaveirajr.com.br\/index.php\/familias-de-criancas-com-autismo-protestam-contra-mudancas-no-atendimento-de-operadora-de-plano-de-saude-em-natal\/","name":"Fam\u00edlias de crian\u00e7as com autismo protestam contra mudan\u00e7as no atendimento de operadora de plano de sa\u00fade em Natal - Taveira Jr","isPartOf":{"@id":"https:\/\/deputadotaveirajr.com.br\/#website"},"primaryImageOfPage":{"@id":"https:\/\/deputadotaveirajr.com.br\/index.php\/familias-de-criancas-com-autismo-protestam-contra-mudancas-no-atendimento-de-operadora-de-plano-de-saude-em-natal\/#primaryimage"},"image":{"@id":"https:\/\/deputadotaveirajr.com.br\/index.php\/familias-de-criancas-com-autismo-protestam-contra-mudancas-no-atendimento-de-operadora-de-plano-de-saude-em-natal\/#primaryimage"},"thumbnailUrl":"https:\/\/deputadotaveirajr.com.br\/wp-content\/uploads\/2024\/07\/whatsapp-image-2024-07-08-at-11.01.05-3R6vCN.jpeg","datePublished":"2024-07-08T21:15:33+00:00","breadcrumb":{"@id":"https:\/\/deputadotaveirajr.com.br\/index.php\/familias-de-criancas-com-autismo-protestam-contra-mudancas-no-atendimento-de-operadora-de-plano-de-saude-em-natal\/#breadcrumb"},"inLanguage":"pt-BR","potentialAction":[{"@type":"ReadAction","target":["https:\/\/deputadotaveirajr.com.br\/index.php\/familias-de-criancas-com-autismo-protestam-contra-mudancas-no-atendimento-de-operadora-de-plano-de-saude-em-natal\/"]}]},{"@type":"ImageObject","inLanguage":"pt-BR","@id":"https:\/\/deputadotaveirajr.com.br\/index.php\/familias-de-criancas-com-autismo-protestam-contra-mudancas-no-atendimento-de-operadora-de-plano-de-saude-em-natal\/#primaryimage","url":"https:\/\/deputadotaveirajr.com.br\/wp-content\/uploads\/2024\/07\/whatsapp-image-2024-07-08-at-11.01.05-3R6vCN.jpeg","contentUrl":"https:\/\/deputadotaveirajr.com.br\/wp-content\/uploads\/2024\/07\/whatsapp-image-2024-07-08-at-11.01.05-3R6vCN.jpeg","width":1600,"height":720},{"@type":"BreadcrumbList","@id":"https:\/\/deputadotaveirajr.com.br\/index.php\/familias-de-criancas-com-autismo-protestam-contra-mudancas-no-atendimento-de-operadora-de-plano-de-saude-em-natal\/#breadcrumb","itemListElement":[{"@type":"ListItem","position":1,"name":"In\u00edcio","item":"https:\/\/deputadotaveirajr.com.br\/"},{"@type":"ListItem","position":2,"name":"Fam\u00edlias de crian\u00e7as com autismo protestam contra mudan\u00e7as no atendimento de operadora de plano de sa\u00fade em Natal"}]},{"@type":"WebSite","@id":"https:\/\/deputadotaveirajr.com.br\/#website","url":"https:\/\/deputadotaveirajr.com.br\/","name":"Taveira Jr","description":"Deputado Estadual","publisher":{"@id":"https:\/\/deputadotaveirajr.com.br\/#organization"},"potentialAction":[{"@type":"SearchAction","target":{"@type":"EntryPoint","urlTemplate":"https:\/\/deputadotaveirajr.com.br\/?s={search_term_string}"},"query-input":{"@type":"PropertyValueSpecification","valueRequired":true,"valueName":"search_term_string"}}],"inLanguage":"pt-BR"},{"@type":"Organization","@id":"https:\/\/deputadotaveirajr.com.br\/#organization","name":"Taveira Jr","url":"https:\/\/deputadotaveirajr.com.br\/","logo":{"@type":"ImageObject","inLanguage":"pt-BR","@id":"https:\/\/deputadotaveirajr.com.br\/#\/schema\/logo\/image\/","url":"https:\/\/deputadotaveirajr.com.br\/wp-content\/uploads\/2026\/01\/logolow2a.png","contentUrl":"https:\/\/deputadotaveirajr.com.br\/wp-content\/uploads\/2026\/01\/logolow2a.png","width":290,"height":80,"caption":"Taveira Jr"},"image":{"@id":"https:\/\/deputadotaveirajr.com.br\/#\/schema\/logo\/image\/"}}]}},"_links":{"self":[{"href":"https:\/\/deputadotaveirajr.com.br\/index.php\/wp-json\/wp\/v2\/pages\/7586","targetHints":{"allow":["GET"]}}],"collection":[{"href":"https:\/\/deputadotaveirajr.com.br\/index.php\/wp-json\/wp\/v2\/pages"}],"about":[{"href":"https:\/\/deputadotaveirajr.com.br\/index.php\/wp-json\/wp\/v2\/types\/page"}],"replies":[{"embeddable":true,"href":"https:\/\/deputadotaveirajr.com.br\/index.php\/wp-json\/wp\/v2\/comments?post=7586"}],"version-history":[{"count":1,"href":"https:\/\/deputadotaveirajr.com.br\/index.php\/wp-json\/wp\/v2\/pages\/7586\/revisions"}],"predecessor-version":[{"id":7590,"href":"https:\/\/deputadotaveirajr.com.br\/index.php\/wp-json\/wp\/v2\/pages\/7586\/revisions\/7590"}],"wp:featuredmedia":[{"embeddable":true,"href":"https:\/\/deputadotaveirajr.com.br\/index.php\/wp-json\/wp\/v2\/media\/7587"}],"wp:attachment":[{"href":"https:\/\/deputadotaveirajr.com.br\/index.php\/wp-json\/wp\/v2\/media?parent=7586"}],"curies":[{"name":"wp","href":"https:\/\/api.w.org\/{rel}","templated":true}]}}