{"id":7591,"date":"2024-07-08T21:29:06","date_gmt":"2024-07-09T00:29:06","guid":{"rendered":"https:\/\/deputadotaveirajr.com.br\/?page_id=7591"},"modified":"2024-07-08T21:29:06","modified_gmt":"2024-07-09T00:29:06","slug":"mp-recomenda-que-prefeitura-resolva-alagamento-que-ja-dura-quase-um-mes-em-comunidade-na-zona-norte-de-natal","status":"publish","type":"page","link":"https:\/\/deputadotaveirajr.com.br\/index.php\/mp-recomenda-que-prefeitura-resolva-alagamento-que-ja-dura-quase-um-mes-em-comunidade-na-zona-norte-de-natal\/","title":{"rendered":"MP recomenda que prefeitura resolva alagamento que j\u00e1 dura quase um m\u00eas em comunidade na Zona Norte de Natal"},"content":{"rendered":"<p>     O alagamento na Comunidade Cavaco Chin\u00eas teve in\u00edcio na madrugada do dia 14 de junho. Naquele dia, as precipita\u00e7\u00f5es chegaram a 137 mil\u00edmetros na capital potiguar. Comunidade Cavaco Chin\u00eas, na Zona Norte de Natal<br \/>\nDivulga\u00e7\u00e3o\/MPRN<br \/>\nO Minist\u00e9rio P\u00fablico do Rio Grande do Norte (MPRN) recomendou, em car\u00e1ter de urg\u00eancia, que a Prefeitura de Natal tome provid\u00eancias para resolver os problemas causados pelo alagamento na comunidade Cavaco Chin\u00eas, na Zona Norte de Natal.<br \/>\nOs moradores vem enfrentando transtornos desde o \u00faltimo dia 14 de junho, quando uma forte chuva causou preju\u00edzos significativos, como alagamento de ruas e casas.<br \/>\nNa recomenda\u00e7\u00e3o, o \u00f3rg\u00e3o apontou que o munic\u00edpio implemente &#8220;solu\u00e7\u00f5es efetivas&#8221; que permita que a \u00e1gua acumulada na regi\u00e3o seja drenada. Uma audi\u00eancia p\u00fablica foi marcada para a pr\u00f3xima quinta-feira (11), na sede das Promotorias de Justi\u00e7a de Natal, no bairro de Lagoa Nova.<br \/>\n&#8220;Nessa ocasi\u00e3o, espera-se que seja apresentado um plano detalhado, com prazos definidos, sobre as medidas que ser\u00e3o adotadas para resolver o problema dos alagamentos no Cavaco Chin\u00eas&#8221;, afirmou o MP, em comunicado enviado \u00e0 imprensa.<br \/>\nEm junho, o RN1 mostrou que a comunidade continuava ilhada<br \/>\nAlagamentos j\u00e1 duram quase um m\u00eas<br \/>\nO alagamento na Comunidade Cavaco Chin\u00eas teve in\u00edcio na madrugada do dia 14 de junho. Naquele dia, as precipita\u00e7\u00f5es chegaram a 137 mil\u00edmetros na capital potiguar.<br \/>\nAlguns moradores relataram transtornos, como com\u00e9rcios e empreendimentos invadidos pela \u00e1gua. O tr\u00e2nsito de ve\u00edculos tamb\u00e9m foi prejudicado. Na segunda-feira (17), um protesto chegou a ser encampado pelos moradores, terminando com uma vala na RN 304 para que a \u00e1gua pudesse escoar.<br \/>\nA Secretaria de Assist\u00eancia Social de Natal informou que distribuiu colch\u00f5es, cestas b\u00e1sicas e kits de higiene pessoal aos moradores que tiveram as casas invadidas.<br \/>\nV\u00eddeos mais assistidos do g1 RN<\/p>","protected":false},"excerpt":{"rendered":"<p>O alagamento na Comunidade Cavaco Chin\u00eas teve in\u00edcio na madrugada do dia 14 de junho. Naquele dia, as precipita\u00e7\u00f5es chegaram a 137 mil\u00edmetros na capital potiguar. Comunidade Cavaco Chin\u00eas, na &#8230;<\/p>\n","protected":false},"author":0,"featured_media":7592,"parent":0,"menu_order":0,"comment_status":"closed","ping_status":"closed","template":"","meta":{"footnotes":""},"class_list":["post-7591","page","type-page","status-publish","has-post-thumbnail","hentry"],"yoast_head":"<!-- This site is optimized with the Yoast SEO plugin v27.1.1 - https:\/\/yoast.com\/product\/yoast-seo-wordpress\/ -->\n<title>MP recomenda que prefeitura resolva alagamento que j\u00e1 dura quase um m\u00eas em comunidade na Zona Norte de Natal - Taveira Jr<\/title>\n<meta name=\"robots\" content=\"index, follow, max-snippet:-1, max-image-preview:large, max-video-preview:-1\" \/>\n<link rel=\"canonical\" href=\"https:\/\/deputadotaveirajr.com.br\/index.php\/mp-recomenda-que-prefeitura-resolva-alagamento-que-ja-dura-quase-um-mes-em-comunidade-na-zona-norte-de-natal\/\" \/>\n<meta property=\"og:locale\" content=\"pt_BR\" \/>\n<meta property=\"og:type\" content=\"article\" \/>\n<meta property=\"og:title\" content=\"MP recomenda que prefeitura resolva alagamento que j\u00e1 dura quase um m\u00eas em comunidade na Zona Norte de Natal - Taveira Jr\" \/>\n<meta property=\"og:description\" content=\"O alagamento na Comunidade Cavaco Chin\u00eas teve in\u00edcio na madrugada do dia 14 de junho. Naquele dia, as precipita\u00e7\u00f5es chegaram a 137 mil\u00edmetros na capital potiguar. Comunidade Cavaco Chin\u00eas, na ...\" \/>\n<meta property=\"og:url\" content=\"https:\/\/deputadotaveirajr.com.br\/index.php\/mp-recomenda-que-prefeitura-resolva-alagamento-que-ja-dura-quase-um-mes-em-comunidade-na-zona-norte-de-natal\/\" \/>\n<meta property=\"og:site_name\" content=\"Taveira Jr\" \/>\n<meta property=\"og:image\" content=\"https:\/\/deputadotaveirajr.com.br\/wp-content\/uploads\/2024\/07\/whatsapp-image-2024-07-05-at-13.32.592-lq9Cvt.jpeg\" \/>\n\t<meta property=\"og:image:width\" content=\"1280\" \/>\n\t<meta property=\"og:image:height\" content=\"960\" \/>\n\t<meta property=\"og:image:type\" content=\"image\/jpeg\" \/>\n<meta name=\"twitter:card\" content=\"summary_large_image\" \/>\n<meta name=\"twitter:label1\" content=\"Est. tempo de leitura\" \/>\n\t<meta name=\"twitter:data1\" content=\"2 minutos\" \/>\n<script type=\"application\/ld+json\" class=\"yoast-schema-graph\">{\"@context\":\"https:\/\/schema.org\",\"@graph\":[{\"@type\":\"WebPage\",\"@id\":\"https:\/\/deputadotaveirajr.com.br\/index.php\/mp-recomenda-que-prefeitura-resolva-alagamento-que-ja-dura-quase-um-mes-em-comunidade-na-zona-norte-de-natal\/\",\"url\":\"https:\/\/deputadotaveirajr.com.br\/index.php\/mp-recomenda-que-prefeitura-resolva-alagamento-que-ja-dura-quase-um-mes-em-comunidade-na-zona-norte-de-natal\/\",\"name\":\"MP recomenda que prefeitura resolva alagamento que j\u00e1 dura quase um m\u00eas em comunidade na Zona Norte de Natal - Taveira Jr\",\"isPartOf\":{\"@id\":\"https:\/\/deputadotaveirajr.com.br\/#website\"},\"primaryImageOfPage\":{\"@id\":\"https:\/\/deputadotaveirajr.com.br\/index.php\/mp-recomenda-que-prefeitura-resolva-alagamento-que-ja-dura-quase-um-mes-em-comunidade-na-zona-norte-de-natal\/#primaryimage\"},\"image\":{\"@id\":\"https:\/\/deputadotaveirajr.com.br\/index.php\/mp-recomenda-que-prefeitura-resolva-alagamento-que-ja-dura-quase-um-mes-em-comunidade-na-zona-norte-de-natal\/#primaryimage\"},\"thumbnailUrl\":\"https:\/\/deputadotaveirajr.com.br\/wp-content\/uploads\/2024\/07\/whatsapp-image-2024-07-05-at-13.32.592-lq9Cvt.jpeg\",\"datePublished\":\"2024-07-09T00:29:06+00:00\",\"breadcrumb\":{\"@id\":\"https:\/\/deputadotaveirajr.com.br\/index.php\/mp-recomenda-que-prefeitura-resolva-alagamento-que-ja-dura-quase-um-mes-em-comunidade-na-zona-norte-de-natal\/#breadcrumb\"},\"inLanguage\":\"pt-BR\",\"potentialAction\":[{\"@type\":\"ReadAction\",\"target\":[\"https:\/\/deputadotaveirajr.com.br\/index.php\/mp-recomenda-que-prefeitura-resolva-alagamento-que-ja-dura-quase-um-mes-em-comunidade-na-zona-norte-de-natal\/\"]}]},{\"@type\":\"ImageObject\",\"inLanguage\":\"pt-BR\",\"@id\":\"https:\/\/deputadotaveirajr.com.br\/index.php\/mp-recomenda-que-prefeitura-resolva-alagamento-que-ja-dura-quase-um-mes-em-comunidade-na-zona-norte-de-natal\/#primaryimage\",\"url\":\"https:\/\/deputadotaveirajr.com.br\/wp-content\/uploads\/2024\/07\/whatsapp-image-2024-07-05-at-13.32.592-lq9Cvt.jpeg\",\"contentUrl\":\"https:\/\/deputadotaveirajr.com.br\/wp-content\/uploads\/2024\/07\/whatsapp-image-2024-07-05-at-13.32.592-lq9Cvt.jpeg\",\"width\":1280,\"height\":960},{\"@type\":\"BreadcrumbList\",\"@id\":\"https:\/\/deputadotaveirajr.com.br\/index.php\/mp-recomenda-que-prefeitura-resolva-alagamento-que-ja-dura-quase-um-mes-em-comunidade-na-zona-norte-de-natal\/#breadcrumb\",\"itemListElement\":[{\"@type\":\"ListItem\",\"position\":1,\"name\":\"In\u00edcio\",\"item\":\"https:\/\/deputadotaveirajr.com.br\/\"},{\"@type\":\"ListItem\",\"position\":2,\"name\":\"MP recomenda que prefeitura resolva alagamento que j\u00e1 dura quase um m\u00eas em comunidade na Zona Norte de Natal\"}]},{\"@type\":\"WebSite\",\"@id\":\"https:\/\/deputadotaveirajr.com.br\/#website\",\"url\":\"https:\/\/deputadotaveirajr.com.br\/\",\"name\":\"Taveira Jr\",\"description\":\"Deputado Estadual\",\"publisher\":{\"@id\":\"https:\/\/deputadotaveirajr.com.br\/#organization\"},\"potentialAction\":[{\"@type\":\"SearchAction\",\"target\":{\"@type\":\"EntryPoint\",\"urlTemplate\":\"https:\/\/deputadotaveirajr.com.br\/?s={search_term_string}\"},\"query-input\":{\"@type\":\"PropertyValueSpecification\",\"valueRequired\":true,\"valueName\":\"search_term_string\"}}],\"inLanguage\":\"pt-BR\"},{\"@type\":\"Organization\",\"@id\":\"https:\/\/deputadotaveirajr.com.br\/#organization\",\"name\":\"Taveira Jr\",\"url\":\"https:\/\/deputadotaveirajr.com.br\/\",\"logo\":{\"@type\":\"ImageObject\",\"inLanguage\":\"pt-BR\",\"@id\":\"https:\/\/deputadotaveirajr.com.br\/#\/schema\/logo\/image\/\",\"url\":\"https:\/\/deputadotaveirajr.com.br\/wp-content\/uploads\/2026\/01\/logolow2a.png\",\"contentUrl\":\"https:\/\/deputadotaveirajr.com.br\/wp-content\/uploads\/2026\/01\/logolow2a.png\",\"width\":290,\"height\":80,\"caption\":\"Taveira Jr\"},\"image\":{\"@id\":\"https:\/\/deputadotaveirajr.com.br\/#\/schema\/logo\/image\/\"}}]}<\/script>\n<!-- \/ Yoast SEO plugin. -->","yoast_head_json":{"title":"MP recomenda que prefeitura resolva alagamento que j\u00e1 dura quase um m\u00eas em comunidade na Zona Norte de Natal - Taveira Jr","robots":{"index":"index","follow":"follow","max-snippet":"max-snippet:-1","max-image-preview":"max-image-preview:large","max-video-preview":"max-video-preview:-1"},"canonical":"https:\/\/deputadotaveirajr.com.br\/index.php\/mp-recomenda-que-prefeitura-resolva-alagamento-que-ja-dura-quase-um-mes-em-comunidade-na-zona-norte-de-natal\/","og_locale":"pt_BR","og_type":"article","og_title":"MP recomenda que prefeitura resolva alagamento que j\u00e1 dura quase um m\u00eas em comunidade na Zona Norte de Natal - Taveira Jr","og_description":"O alagamento na Comunidade Cavaco Chin\u00eas teve in\u00edcio na madrugada do dia 14 de junho. Naquele dia, as precipita\u00e7\u00f5es chegaram a 137 mil\u00edmetros na capital potiguar. Comunidade Cavaco Chin\u00eas, na ...","og_url":"https:\/\/deputadotaveirajr.com.br\/index.php\/mp-recomenda-que-prefeitura-resolva-alagamento-que-ja-dura-quase-um-mes-em-comunidade-na-zona-norte-de-natal\/","og_site_name":"Taveira Jr","og_image":[{"width":1280,"height":960,"url":"https:\/\/deputadotaveirajr.com.br\/wp-content\/uploads\/2024\/07\/whatsapp-image-2024-07-05-at-13.32.592-lq9Cvt.jpeg","type":"image\/jpeg"}],"twitter_card":"summary_large_image","twitter_misc":{"Est. tempo de leitura":"2 minutos"},"schema":{"@context":"https:\/\/schema.org","@graph":[{"@type":"WebPage","@id":"https:\/\/deputadotaveirajr.com.br\/index.php\/mp-recomenda-que-prefeitura-resolva-alagamento-que-ja-dura-quase-um-mes-em-comunidade-na-zona-norte-de-natal\/","url":"https:\/\/deputadotaveirajr.com.br\/index.php\/mp-recomenda-que-prefeitura-resolva-alagamento-que-ja-dura-quase-um-mes-em-comunidade-na-zona-norte-de-natal\/","name":"MP recomenda que prefeitura resolva alagamento que j\u00e1 dura quase um m\u00eas em comunidade na Zona Norte de Natal - Taveira Jr","isPartOf":{"@id":"https:\/\/deputadotaveirajr.com.br\/#website"},"primaryImageOfPage":{"@id":"https:\/\/deputadotaveirajr.com.br\/index.php\/mp-recomenda-que-prefeitura-resolva-alagamento-que-ja-dura-quase-um-mes-em-comunidade-na-zona-norte-de-natal\/#primaryimage"},"image":{"@id":"https:\/\/deputadotaveirajr.com.br\/index.php\/mp-recomenda-que-prefeitura-resolva-alagamento-que-ja-dura-quase-um-mes-em-comunidade-na-zona-norte-de-natal\/#primaryimage"},"thumbnailUrl":"https:\/\/deputadotaveirajr.com.br\/wp-content\/uploads\/2024\/07\/whatsapp-image-2024-07-05-at-13.32.592-lq9Cvt.jpeg","datePublished":"2024-07-09T00:29:06+00:00","breadcrumb":{"@id":"https:\/\/deputadotaveirajr.com.br\/index.php\/mp-recomenda-que-prefeitura-resolva-alagamento-que-ja-dura-quase-um-mes-em-comunidade-na-zona-norte-de-natal\/#breadcrumb"},"inLanguage":"pt-BR","potentialAction":[{"@type":"ReadAction","target":["https:\/\/deputadotaveirajr.com.br\/index.php\/mp-recomenda-que-prefeitura-resolva-alagamento-que-ja-dura-quase-um-mes-em-comunidade-na-zona-norte-de-natal\/"]}]},{"@type":"ImageObject","inLanguage":"pt-BR","@id":"https:\/\/deputadotaveirajr.com.br\/index.php\/mp-recomenda-que-prefeitura-resolva-alagamento-que-ja-dura-quase-um-mes-em-comunidade-na-zona-norte-de-natal\/#primaryimage","url":"https:\/\/deputadotaveirajr.com.br\/wp-content\/uploads\/2024\/07\/whatsapp-image-2024-07-05-at-13.32.592-lq9Cvt.jpeg","contentUrl":"https:\/\/deputadotaveirajr.com.br\/wp-content\/uploads\/2024\/07\/whatsapp-image-2024-07-05-at-13.32.592-lq9Cvt.jpeg","width":1280,"height":960},{"@type":"BreadcrumbList","@id":"https:\/\/deputadotaveirajr.com.br\/index.php\/mp-recomenda-que-prefeitura-resolva-alagamento-que-ja-dura-quase-um-mes-em-comunidade-na-zona-norte-de-natal\/#breadcrumb","itemListElement":[{"@type":"ListItem","position":1,"name":"In\u00edcio","item":"https:\/\/deputadotaveirajr.com.br\/"},{"@type":"ListItem","position":2,"name":"MP recomenda que prefeitura resolva alagamento que j\u00e1 dura quase um m\u00eas em comunidade na Zona Norte de Natal"}]},{"@type":"WebSite","@id":"https:\/\/deputadotaveirajr.com.br\/#website","url":"https:\/\/deputadotaveirajr.com.br\/","name":"Taveira Jr","description":"Deputado Estadual","publisher":{"@id":"https:\/\/deputadotaveirajr.com.br\/#organization"},"potentialAction":[{"@type":"SearchAction","target":{"@type":"EntryPoint","urlTemplate":"https:\/\/deputadotaveirajr.com.br\/?s={search_term_string}"},"query-input":{"@type":"PropertyValueSpecification","valueRequired":true,"valueName":"search_term_string"}}],"inLanguage":"pt-BR"},{"@type":"Organization","@id":"https:\/\/deputadotaveirajr.com.br\/#organization","name":"Taveira Jr","url":"https:\/\/deputadotaveirajr.com.br\/","logo":{"@type":"ImageObject","inLanguage":"pt-BR","@id":"https:\/\/deputadotaveirajr.com.br\/#\/schema\/logo\/image\/","url":"https:\/\/deputadotaveirajr.com.br\/wp-content\/uploads\/2026\/01\/logolow2a.png","contentUrl":"https:\/\/deputadotaveirajr.com.br\/wp-content\/uploads\/2026\/01\/logolow2a.png","width":290,"height":80,"caption":"Taveira Jr"},"image":{"@id":"https:\/\/deputadotaveirajr.com.br\/#\/schema\/logo\/image\/"}}]}},"_links":{"self":[{"href":"https:\/\/deputadotaveirajr.com.br\/index.php\/wp-json\/wp\/v2\/pages\/7591","targetHints":{"allow":["GET"]}}],"collection":[{"href":"https:\/\/deputadotaveirajr.com.br\/index.php\/wp-json\/wp\/v2\/pages"}],"about":[{"href":"https:\/\/deputadotaveirajr.com.br\/index.php\/wp-json\/wp\/v2\/types\/page"}],"replies":[{"embeddable":true,"href":"https:\/\/deputadotaveirajr.com.br\/index.php\/wp-json\/wp\/v2\/comments?post=7591"}],"version-history":[{"count":1,"href":"https:\/\/deputadotaveirajr.com.br\/index.php\/wp-json\/wp\/v2\/pages\/7591\/revisions"}],"predecessor-version":[{"id":7594,"href":"https:\/\/deputadotaveirajr.com.br\/index.php\/wp-json\/wp\/v2\/pages\/7591\/revisions\/7594"}],"wp:featuredmedia":[{"embeddable":true,"href":"https:\/\/deputadotaveirajr.com.br\/index.php\/wp-json\/wp\/v2\/media\/7592"}],"wp:attachment":[{"href":"https:\/\/deputadotaveirajr.com.br\/index.php\/wp-json\/wp\/v2\/media?parent=7591"}],"curies":[{"name":"wp","href":"https:\/\/api.w.org\/{rel}","templated":true}]}}