{"id":7611,"date":"2024-07-09T16:55:35","date_gmt":"2024-07-09T19:55:35","guid":{"rendered":"https:\/\/deputadotaveirajr.com.br\/?page_id=7611"},"modified":"2024-07-09T16:55:35","modified_gmt":"2024-07-09T19:55:35","slug":"obra-definitiva-maior-perigo-de-afogamento-risco-de-tubaroes-especialista-tira-duvidas-sobre-a-engorda-da-praia-de-ponta-negra","status":"publish","type":"page","link":"https:\/\/deputadotaveirajr.com.br\/index.php\/obra-definitiva-maior-perigo-de-afogamento-risco-de-tubaroes-especialista-tira-duvidas-sobre-a-engorda-da-praia-de-ponta-negra\/","title":{"rendered":"Obra definitiva? Maior perigo de afogamento? Risco de tubar\u00f5es? Especialista tira d\u00favidas sobre a engorda da praia de Ponta Negra"},"content":{"rendered":"<p>     Obra aguarda licen\u00e7as ambientais do Idema, que podem ser concedidas at\u00e9 outubro, para come\u00e7ar. Inter TV Cabugi e g1 RN ouviram especialista para explicar mudan\u00e7as que podem ocorrer com engorda. Barracas na Praia de Ponta Negra em Natal Consuma\u00e7\u00e3o m\u00ednima Rio Grande do Norte RN vendas<br \/>\nS\u00e9rgio Henrique Santos\/Inter TV Cabugi<br \/>\nA obra da engorda de Ponta Negra voltou \u00e0 discuss\u00e3o p\u00fablica nesta semana, ap\u00f3s a draga contratada pela prefeitura deixar Natal ap\u00f3s menos de 10 dias da chegada na capital potiguar, j\u00e1 que n\u00e3o tinha autoriza\u00e7\u00e3o para iniciar o servi\u00e7o.<br \/>\nO Munic\u00edpio solicitou a licen\u00e7a de instala\u00e7\u00e3o ao Instituto de Desenvolvimento Sustent\u00e1vel e Meio Ambiente (Idema) no dia 12 de junho, e o \u00f3rg\u00e3o estadual t\u00eam 120 dias para analisar a documento. Ou seja, at\u00e9 outubro para conceder ou n\u00e3o a autoriza\u00e7\u00e3o.<br \/>\n\ud83d\udcf3Participe do canal do g1 RN no WhatsApp<br \/>\nNesta semana, a sede do Idema acabou sendo alvo de uma ocupa\u00e7\u00e3o de manifestantes &#8211; entre eles, o prefeito de Natal, \u00c1lvaro Dias (Republicanos) &#8211; que cobravam que a autoriza\u00e7\u00e3o fosse concedida de maneira imediata.<br \/>\nO g1 RN j\u00e1 explicou, em outros momentos, que a engorda pretende alargar a faixa de areia da praia de Ponta Negra, e como essa obra vai ser executada.<br \/>\nMas quais o impactos que essa obra pode causar? A engorda \u00e9 uma obra definitiva? E h\u00e1 riscos, por exemplo, de aparecimento de tubar\u00f5es ou de aumento no n\u00famero afogamentos?<br \/>\nPara tirar essas d\u00favidas, a Inter TV Cabugi e o g1 RN consultaram o ge\u00f3logo Venerando Eust\u00e1quio Amaro, professor do Departamento de Engenharia Civil da Universidade Federal do Rio Grande do Norte (DECUFRN) e doutor em Ci\u00eancias (Recursos Minerais, Hidrogeologia e Sensoriamento Remoto) pela Universit\u00e9 de Lyon II (Fran\u00e7a)\/Universidade de S\u00e3o Paulo.<br \/>\nVeja abaixo t\u00f3picos da entrevista:<br \/>\nO que motiva a constru\u00e7\u00e3o da engorda?<br \/>\nO projeto prev\u00ea que a obra de engorda possibilite que Ponta Negra fique com uma faixa de areia de at\u00e9 100 metros na mar\u00e9 baixa. Para o professor, \u00e9 importante pontuar, em rela\u00e7\u00e3o a uma engorda, que a obra &#8220;tamb\u00e9m \u00e9 uma forma de voc\u00ea ter uma defesa costeira contra a a\u00e7\u00e3o, sobretudo, das ondas&#8221;.<br \/>\n&#8220;Isso tem sido motivo de estudo, porque n\u00f3s temos percebido que, com a emerg\u00eancia clim\u00e1tica, com as mudan\u00e7as clim\u00e1ticas, n\u00f3s temos enfrentado uma intensifica\u00e7\u00e3o da energia dessas ondas que chegam at\u00e9 as linhas de costa em todo o mundo, basicamente&#8221;, explicou  o professor.<br \/>\nSegundo ele, a possibilidade da realiza\u00e7\u00e3o da obra de engorda ganhou for\u00e7a em 2012, quando uma a\u00e7\u00e3o do mar destruiu parte do cal\u00e7ad\u00e3o na praia de Ponta Negra.<br \/>\n&#8220;A engorda era uma possibilidade aventada naquele momento, at\u00e9 porque j\u00e1 se sabe que havia uma perda paulatina, constante, no volume de areia da praia. Ou seja, o natalense j\u00e1 n\u00e3o estava mais tendo acesso a um setor de areia seca durante o per\u00edodo de mar\u00e9 mais alta&#8221;, lembrou.<br \/>\n&#8220;Nesse momento foi aventada a possibilidade de fazer um aterro hidr\u00e1ulico, uma recupera\u00e7\u00e3o dessa faixa de areia, no sentido de defesa da infraestrutura, porque toda obra costeira \u00e9 uma obra que se pensa na defesa daquilo que est\u00e1 instalado atr\u00e1s da obra, da praia&#8221;.<br \/>\nLEIA TAMB\u00c9M<br \/>\nCOMO FUNCIONA: Entenda como ser\u00e1 a obra de engorda<br \/>\n40 PONTOS: Idema aponta o que trava licenciamento da obra<br \/>\nLICEN\u00c7A PR\u00c9VIA: Idema emitiu documento em 2023<br \/>\nLICITA\u00c7\u00c3O: Empresa \u00e9 a mesma que atuou em Balne\u00e1rio Cambori\u00fa<br \/>\nIMBR\u00d3GLIO: Licita\u00e7\u00e3o chegou a ser supensa, e suspens\u00e3o foi revogada na Justi\u00e7a<br \/>\nEXTRATO: Prefeitura de Natal publicou contrato de R$ 73 milh\u00f5es para obra<br \/>\nA obra de engorda \u00e9 definitiva?<br \/>\nSegundo o ge\u00f3logo Venerando Amaro, &#8220;nenhuma obra costeira pode ter o car\u00e1ter definitivo&#8221;, j\u00e1 que as condicionantes dessa obra &#8211; como as ondas cada vez mais energ\u00e9ticas, a transforma\u00e7\u00e3o do clima na zona costeira e a influ\u00eancia de chuvas extremas &#8211; t\u00eam feito transforma\u00e7\u00f5es cada vez mais constantes no litoral.<br \/>\n&#8220;Ela tem que ser feita e constru\u00edda de tal maneira a ter um tempo de resid\u00eancia no local maior, e \u00e9 por isso que os estudos s\u00e3o obrigat\u00f3rios, eles precisam ser bem avaliados, e elas precisam passar por um processo de manuten\u00e7\u00e3o cont\u00ednuo, avalia\u00e7\u00e3o cont\u00ednua da sua a\u00e7\u00e3o de defesa&#8221;, disse.<br \/>\nO ge\u00f3logo explica que a obra da engorda \u00e9 conhecida  como uma obra de a\u00e7\u00e3o flex\u00edvel, &#8220;porque ela vai se moldando ao longo do tempo ao ambiente&#8221;.<br \/>\n&#8220;Outras obras, como enrocamente, muros de conten\u00e7\u00e3o, s\u00e3o consideradas r\u00edgidas. E mesmo elas precisam de uma avalia\u00e7\u00e3o constante, exatamente porque as energias que atuam sobre essas obras v\u00e3o sendo alteradas com o tempo. E sobretudo nas condicionantes que n\u00f3s temos hoje de mudan\u00e7as clim\u00e1ticas&#8221;.<br \/>\nAumenta o risco de afogamentos?<br \/>\nSegundo o ge\u00f3logo, com a obra, a praia ser\u00e1 &#8220;redesenhada&#8221;. &#8220;N\u00f3s n\u00e3o teremos mais a praia de Ponta Negra como n\u00f3s a conhecemos nesse momento. Ela vai ser engordada. N\u00f3s vamos ter um outro perfil de praia, uma outra conforma\u00e7\u00e3o dessa praia. Obviamente, com o tempo, essa praia vai se ajustar as condi\u00e7\u00f5es oceanogr\u00e1ficas, \u00e0s condi\u00e7\u00f5es de mar\u00e9, de onda, de correntes que v\u00e3o atuar sobre ela.. Ent\u00e3o \u00e9 muito prov\u00e1vel que haja uma transforma\u00e7\u00e3o&#8221;, disse.<br \/>\nO professor explicou que \u00e9 poss\u00edvel, que inicialmente haja &#8220;alguns declives mais acentuados&#8221; e que &#8220;\u00e9 muito importante que a popula\u00e7\u00e3o fique atenta a essas quest\u00f5es&#8221;.<br \/>\n&#8220;E, no futuro, \u00e9 muito importante que se saiba que essa praia vai se ajustar. E que uma manuten\u00e7\u00e3o dessa engorda vai ser necess\u00e1ria. N\u00f3s vamos ter que passar, a partir do momento da engorda, muito tempo fazendo toda a manuten\u00e7\u00e3o desse contexto. E a popula\u00e7\u00e3o sendo informada sobre as caracter\u00edsticas que cada momento dessa praia vai assumir em fun\u00e7\u00e3o dessa energia que n\u00f3s encontramos na zona costeira&#8221;, refor\u00e7ou.<br \/>\nH\u00e1 risco de aparecimento de tubar\u00f5es?<br \/>\nSegundo o professor, essa quest\u00e3o passou a ser mais levantada ap\u00f3s o aterro feito em Balne\u00e1rio Cambori\u00fa (SC), que resultou no aparecimento de tubar\u00f5es que n\u00e3o eram vistos na orla. Segundo ele, \u00e9 importante refor\u00e7ar que o litoral potiguar e o catarinense &#8220;s\u00e3o ambientes completamente diferentes&#8221;.<br \/>\n&#8220;A fauna tem um comportamente completamente diferente. Inclusive Natal \u00e9 completamente diferente de Recife, e n\u00f3s temos uma outra dimens\u00e3o de espa\u00e7os&#8221;, pontou.<br \/>\nApesar disso, ele explicou que ao realizar a remo\u00e7\u00e3o de sedimentos do fundo do oceano, como ser\u00e1 feito em Areia Preta, para a obra de Ponta Negra, se realiza uma transforma\u00e7\u00e3o, j\u00e1 que h\u00e1 uma suspens\u00e3o de mat\u00e9ria org\u00e2nica, de nutrientes e uma reorganiza\u00e7\u00e3o da fauna.<br \/>\n&#8220;\u00c9 poss\u00edvel que n\u00f3s tenhamos, em alguns momentos, algum tipo de anomalia dentro desse contexto de observa\u00e7\u00e3o de esp\u00e9cie diferentes que se aproximam mais da costa&#8221;, disse.<br \/>\n&#8220;Mas isso \u00e9 muito prov\u00e1vel que no futuro entre num equil\u00edbrio din\u00e2mico com a pr\u00f3pria transforma\u00e7\u00e3o que a praia vai sofrer. Mas \u00e9 importante que a gente perceba que nada vai ser semelhante ao que acontece em outros setores&#8221;, disse.<br \/>\nAo mexer nos sedimentos, ele explica, toda a cadeia aliment\u00edcia no contexto daquela praia, vai ser alterado, sobretudo relacionado ao pescado, que &#8220;tamb\u00e9m vai sofrer por um tempo uma reorganiza\u00e7\u00e3o&#8221;.<br \/>\n&#8220;O tempo que isso vai durar \u00e9 alguma coisa que n\u00f3s n\u00e3o podemos prever, porque a praia vai sofrer essas transforma\u00e7\u00f5es e toda uma reorganiza\u00e7\u00e3o desse ambiente vai acontecer. Ent\u00e3o, n\u00f3s vamos ter, sim, impactos. Esses impactos podem durar um tempo mais curto, mas tamb\u00e9m podem ser impactos mais longos&#8221;, afirmou.<br \/>\nA praia vai mudar?<br \/>\nSegundo o professor, a praia de Ponta Negra ser\u00e1 outra caso seja realizada a obra da engorda. &#8220;O natalense hoje est\u00e1 imaginando que n\u00f3s teremos uma praia exatamente como n\u00f3s a conhec\u00edamos. Isso \u00e9 muito imposs\u00edvel, basicamente, de acontecer&#8221;, explicou.<br \/>\nSegundo ele, \u00e1 um redesenho da costa, e o projeto executivo &#8220;vai determinar qual vai ser a extens\u00e3o exata das \u00e1reas emersas e como ela vai se comportar ao longo das a\u00e7\u00f5es de mar\u00e9&#8221;.<br \/>\nV\u00eddeos mais assistidos do g1 RN<\/p>","protected":false},"excerpt":{"rendered":"<p>Obra aguarda licen\u00e7as ambientais do Idema, que podem ser concedidas at\u00e9 outubro, para come\u00e7ar. Inter TV Cabugi e g1 RN ouviram especialista para explicar mudan\u00e7as que podem ocorrer com engorda. &#8230;<\/p>\n","protected":false},"author":0,"featured_media":7612,"parent":0,"menu_order":0,"comment_status":"closed","ping_status":"closed","template":"","meta":{"footnotes":""},"class_list":["post-7611","page","type-page","status-publish","has-post-thumbnail","hentry"],"yoast_head":"<!-- This site is optimized with the Yoast SEO plugin v27.1.1 - https:\/\/yoast.com\/product\/yoast-seo-wordpress\/ -->\n<title>Obra definitiva? Maior perigo de afogamento? Risco de tubar\u00f5es? Especialista tira d\u00favidas sobre a engorda da praia de Ponta Negra - Taveira Jr<\/title>\n<meta name=\"robots\" content=\"index, follow, max-snippet:-1, max-image-preview:large, max-video-preview:-1\" \/>\n<link rel=\"canonical\" href=\"https:\/\/deputadotaveirajr.com.br\/index.php\/obra-definitiva-maior-perigo-de-afogamento-risco-de-tubaroes-especialista-tira-duvidas-sobre-a-engorda-da-praia-de-ponta-negra\/\" \/>\n<meta property=\"og:locale\" content=\"pt_BR\" \/>\n<meta property=\"og:type\" content=\"article\" \/>\n<meta property=\"og:title\" content=\"Obra definitiva? Maior perigo de afogamento? Risco de tubar\u00f5es? Especialista tira d\u00favidas sobre a engorda da praia de Ponta Negra - Taveira Jr\" \/>\n<meta property=\"og:description\" content=\"Obra aguarda licen\u00e7as ambientais do Idema, que podem ser concedidas at\u00e9 outubro, para come\u00e7ar. Inter TV Cabugi e g1 RN ouviram especialista para explicar mudan\u00e7as que podem ocorrer com engorda. ...\" \/>\n<meta property=\"og:url\" content=\"https:\/\/deputadotaveirajr.com.br\/index.php\/obra-definitiva-maior-perigo-de-afogamento-risco-de-tubaroes-especialista-tira-duvidas-sobre-a-engorda-da-praia-de-ponta-negra\/\" \/>\n<meta property=\"og:site_name\" content=\"Taveira Jr\" \/>\n<meta property=\"og:image\" content=\"https:\/\/deputadotaveirajr.com.br\/wp-content\/uploads\/2024\/07\/whatsapp-image-2024-07-03-at-12.25.54-sargu9.jpeg\" \/>\n\t<meta property=\"og:image:width\" content=\"1152\" \/>\n\t<meta property=\"og:image:height\" content=\"648\" \/>\n\t<meta property=\"og:image:type\" content=\"image\/jpeg\" \/>\n<meta name=\"twitter:card\" content=\"summary_large_image\" \/>\n<meta name=\"twitter:label1\" content=\"Est. tempo de leitura\" \/>\n\t<meta name=\"twitter:data1\" content=\"7 minutos\" \/>\n<script type=\"application\/ld+json\" class=\"yoast-schema-graph\">{\"@context\":\"https:\/\/schema.org\",\"@graph\":[{\"@type\":\"WebPage\",\"@id\":\"https:\/\/deputadotaveirajr.com.br\/index.php\/obra-definitiva-maior-perigo-de-afogamento-risco-de-tubaroes-especialista-tira-duvidas-sobre-a-engorda-da-praia-de-ponta-negra\/\",\"url\":\"https:\/\/deputadotaveirajr.com.br\/index.php\/obra-definitiva-maior-perigo-de-afogamento-risco-de-tubaroes-especialista-tira-duvidas-sobre-a-engorda-da-praia-de-ponta-negra\/\",\"name\":\"Obra definitiva? Maior perigo de afogamento? Risco de tubar\u00f5es? Especialista tira d\u00favidas sobre a engorda da praia de Ponta Negra - Taveira Jr\",\"isPartOf\":{\"@id\":\"https:\/\/deputadotaveirajr.com.br\/#website\"},\"primaryImageOfPage\":{\"@id\":\"https:\/\/deputadotaveirajr.com.br\/index.php\/obra-definitiva-maior-perigo-de-afogamento-risco-de-tubaroes-especialista-tira-duvidas-sobre-a-engorda-da-praia-de-ponta-negra\/#primaryimage\"},\"image\":{\"@id\":\"https:\/\/deputadotaveirajr.com.br\/index.php\/obra-definitiva-maior-perigo-de-afogamento-risco-de-tubaroes-especialista-tira-duvidas-sobre-a-engorda-da-praia-de-ponta-negra\/#primaryimage\"},\"thumbnailUrl\":\"https:\/\/deputadotaveirajr.com.br\/wp-content\/uploads\/2024\/07\/whatsapp-image-2024-07-03-at-12.25.54-sargu9.jpeg\",\"datePublished\":\"2024-07-09T19:55:35+00:00\",\"breadcrumb\":{\"@id\":\"https:\/\/deputadotaveirajr.com.br\/index.php\/obra-definitiva-maior-perigo-de-afogamento-risco-de-tubaroes-especialista-tira-duvidas-sobre-a-engorda-da-praia-de-ponta-negra\/#breadcrumb\"},\"inLanguage\":\"pt-BR\",\"potentialAction\":[{\"@type\":\"ReadAction\",\"target\":[\"https:\/\/deputadotaveirajr.com.br\/index.php\/obra-definitiva-maior-perigo-de-afogamento-risco-de-tubaroes-especialista-tira-duvidas-sobre-a-engorda-da-praia-de-ponta-negra\/\"]}]},{\"@type\":\"ImageObject\",\"inLanguage\":\"pt-BR\",\"@id\":\"https:\/\/deputadotaveirajr.com.br\/index.php\/obra-definitiva-maior-perigo-de-afogamento-risco-de-tubaroes-especialista-tira-duvidas-sobre-a-engorda-da-praia-de-ponta-negra\/#primaryimage\",\"url\":\"https:\/\/deputadotaveirajr.com.br\/wp-content\/uploads\/2024\/07\/whatsapp-image-2024-07-03-at-12.25.54-sargu9.jpeg\",\"contentUrl\":\"https:\/\/deputadotaveirajr.com.br\/wp-content\/uploads\/2024\/07\/whatsapp-image-2024-07-03-at-12.25.54-sargu9.jpeg\",\"width\":1152,\"height\":648},{\"@type\":\"BreadcrumbList\",\"@id\":\"https:\/\/deputadotaveirajr.com.br\/index.php\/obra-definitiva-maior-perigo-de-afogamento-risco-de-tubaroes-especialista-tira-duvidas-sobre-a-engorda-da-praia-de-ponta-negra\/#breadcrumb\",\"itemListElement\":[{\"@type\":\"ListItem\",\"position\":1,\"name\":\"In\u00edcio\",\"item\":\"https:\/\/deputadotaveirajr.com.br\/\"},{\"@type\":\"ListItem\",\"position\":2,\"name\":\"Obra definitiva? Maior perigo de afogamento? Risco de tubar\u00f5es? Especialista tira d\u00favidas sobre a engorda da praia de Ponta Negra\"}]},{\"@type\":\"WebSite\",\"@id\":\"https:\/\/deputadotaveirajr.com.br\/#website\",\"url\":\"https:\/\/deputadotaveirajr.com.br\/\",\"name\":\"Taveira Jr\",\"description\":\"Deputado Estadual\",\"publisher\":{\"@id\":\"https:\/\/deputadotaveirajr.com.br\/#organization\"},\"potentialAction\":[{\"@type\":\"SearchAction\",\"target\":{\"@type\":\"EntryPoint\",\"urlTemplate\":\"https:\/\/deputadotaveirajr.com.br\/?s={search_term_string}\"},\"query-input\":{\"@type\":\"PropertyValueSpecification\",\"valueRequired\":true,\"valueName\":\"search_term_string\"}}],\"inLanguage\":\"pt-BR\"},{\"@type\":\"Organization\",\"@id\":\"https:\/\/deputadotaveirajr.com.br\/#organization\",\"name\":\"Taveira Jr\",\"url\":\"https:\/\/deputadotaveirajr.com.br\/\",\"logo\":{\"@type\":\"ImageObject\",\"inLanguage\":\"pt-BR\",\"@id\":\"https:\/\/deputadotaveirajr.com.br\/#\/schema\/logo\/image\/\",\"url\":\"https:\/\/deputadotaveirajr.com.br\/wp-content\/uploads\/2026\/01\/logolow2a.png\",\"contentUrl\":\"https:\/\/deputadotaveirajr.com.br\/wp-content\/uploads\/2026\/01\/logolow2a.png\",\"width\":290,\"height\":80,\"caption\":\"Taveira Jr\"},\"image\":{\"@id\":\"https:\/\/deputadotaveirajr.com.br\/#\/schema\/logo\/image\/\"}}]}<\/script>\n<!-- \/ Yoast SEO plugin. -->","yoast_head_json":{"title":"Obra definitiva? Maior perigo de afogamento? Risco de tubar\u00f5es? Especialista tira d\u00favidas sobre a engorda da praia de Ponta Negra - Taveira Jr","robots":{"index":"index","follow":"follow","max-snippet":"max-snippet:-1","max-image-preview":"max-image-preview:large","max-video-preview":"max-video-preview:-1"},"canonical":"https:\/\/deputadotaveirajr.com.br\/index.php\/obra-definitiva-maior-perigo-de-afogamento-risco-de-tubaroes-especialista-tira-duvidas-sobre-a-engorda-da-praia-de-ponta-negra\/","og_locale":"pt_BR","og_type":"article","og_title":"Obra definitiva? Maior perigo de afogamento? Risco de tubar\u00f5es? Especialista tira d\u00favidas sobre a engorda da praia de Ponta Negra - Taveira Jr","og_description":"Obra aguarda licen\u00e7as ambientais do Idema, que podem ser concedidas at\u00e9 outubro, para come\u00e7ar. Inter TV Cabugi e g1 RN ouviram especialista para explicar mudan\u00e7as que podem ocorrer com engorda. ...","og_url":"https:\/\/deputadotaveirajr.com.br\/index.php\/obra-definitiva-maior-perigo-de-afogamento-risco-de-tubaroes-especialista-tira-duvidas-sobre-a-engorda-da-praia-de-ponta-negra\/","og_site_name":"Taveira Jr","og_image":[{"width":1152,"height":648,"url":"https:\/\/deputadotaveirajr.com.br\/wp-content\/uploads\/2024\/07\/whatsapp-image-2024-07-03-at-12.25.54-sargu9.jpeg","type":"image\/jpeg"}],"twitter_card":"summary_large_image","twitter_misc":{"Est. tempo de leitura":"7 minutos"},"schema":{"@context":"https:\/\/schema.org","@graph":[{"@type":"WebPage","@id":"https:\/\/deputadotaveirajr.com.br\/index.php\/obra-definitiva-maior-perigo-de-afogamento-risco-de-tubaroes-especialista-tira-duvidas-sobre-a-engorda-da-praia-de-ponta-negra\/","url":"https:\/\/deputadotaveirajr.com.br\/index.php\/obra-definitiva-maior-perigo-de-afogamento-risco-de-tubaroes-especialista-tira-duvidas-sobre-a-engorda-da-praia-de-ponta-negra\/","name":"Obra definitiva? Maior perigo de afogamento? Risco de tubar\u00f5es? Especialista tira d\u00favidas sobre a engorda da praia de Ponta Negra - Taveira Jr","isPartOf":{"@id":"https:\/\/deputadotaveirajr.com.br\/#website"},"primaryImageOfPage":{"@id":"https:\/\/deputadotaveirajr.com.br\/index.php\/obra-definitiva-maior-perigo-de-afogamento-risco-de-tubaroes-especialista-tira-duvidas-sobre-a-engorda-da-praia-de-ponta-negra\/#primaryimage"},"image":{"@id":"https:\/\/deputadotaveirajr.com.br\/index.php\/obra-definitiva-maior-perigo-de-afogamento-risco-de-tubaroes-especialista-tira-duvidas-sobre-a-engorda-da-praia-de-ponta-negra\/#primaryimage"},"thumbnailUrl":"https:\/\/deputadotaveirajr.com.br\/wp-content\/uploads\/2024\/07\/whatsapp-image-2024-07-03-at-12.25.54-sargu9.jpeg","datePublished":"2024-07-09T19:55:35+00:00","breadcrumb":{"@id":"https:\/\/deputadotaveirajr.com.br\/index.php\/obra-definitiva-maior-perigo-de-afogamento-risco-de-tubaroes-especialista-tira-duvidas-sobre-a-engorda-da-praia-de-ponta-negra\/#breadcrumb"},"inLanguage":"pt-BR","potentialAction":[{"@type":"ReadAction","target":["https:\/\/deputadotaveirajr.com.br\/index.php\/obra-definitiva-maior-perigo-de-afogamento-risco-de-tubaroes-especialista-tira-duvidas-sobre-a-engorda-da-praia-de-ponta-negra\/"]}]},{"@type":"ImageObject","inLanguage":"pt-BR","@id":"https:\/\/deputadotaveirajr.com.br\/index.php\/obra-definitiva-maior-perigo-de-afogamento-risco-de-tubaroes-especialista-tira-duvidas-sobre-a-engorda-da-praia-de-ponta-negra\/#primaryimage","url":"https:\/\/deputadotaveirajr.com.br\/wp-content\/uploads\/2024\/07\/whatsapp-image-2024-07-03-at-12.25.54-sargu9.jpeg","contentUrl":"https:\/\/deputadotaveirajr.com.br\/wp-content\/uploads\/2024\/07\/whatsapp-image-2024-07-03-at-12.25.54-sargu9.jpeg","width":1152,"height":648},{"@type":"BreadcrumbList","@id":"https:\/\/deputadotaveirajr.com.br\/index.php\/obra-definitiva-maior-perigo-de-afogamento-risco-de-tubaroes-especialista-tira-duvidas-sobre-a-engorda-da-praia-de-ponta-negra\/#breadcrumb","itemListElement":[{"@type":"ListItem","position":1,"name":"In\u00edcio","item":"https:\/\/deputadotaveirajr.com.br\/"},{"@type":"ListItem","position":2,"name":"Obra definitiva? Maior perigo de afogamento? Risco de tubar\u00f5es? Especialista tira d\u00favidas sobre a engorda da praia de Ponta Negra"}]},{"@type":"WebSite","@id":"https:\/\/deputadotaveirajr.com.br\/#website","url":"https:\/\/deputadotaveirajr.com.br\/","name":"Taveira Jr","description":"Deputado Estadual","publisher":{"@id":"https:\/\/deputadotaveirajr.com.br\/#organization"},"potentialAction":[{"@type":"SearchAction","target":{"@type":"EntryPoint","urlTemplate":"https:\/\/deputadotaveirajr.com.br\/?s={search_term_string}"},"query-input":{"@type":"PropertyValueSpecification","valueRequired":true,"valueName":"search_term_string"}}],"inLanguage":"pt-BR"},{"@type":"Organization","@id":"https:\/\/deputadotaveirajr.com.br\/#organization","name":"Taveira Jr","url":"https:\/\/deputadotaveirajr.com.br\/","logo":{"@type":"ImageObject","inLanguage":"pt-BR","@id":"https:\/\/deputadotaveirajr.com.br\/#\/schema\/logo\/image\/","url":"https:\/\/deputadotaveirajr.com.br\/wp-content\/uploads\/2026\/01\/logolow2a.png","contentUrl":"https:\/\/deputadotaveirajr.com.br\/wp-content\/uploads\/2026\/01\/logolow2a.png","width":290,"height":80,"caption":"Taveira Jr"},"image":{"@id":"https:\/\/deputadotaveirajr.com.br\/#\/schema\/logo\/image\/"}}]}},"_links":{"self":[{"href":"https:\/\/deputadotaveirajr.com.br\/index.php\/wp-json\/wp\/v2\/pages\/7611","targetHints":{"allow":["GET"]}}],"collection":[{"href":"https:\/\/deputadotaveirajr.com.br\/index.php\/wp-json\/wp\/v2\/pages"}],"about":[{"href":"https:\/\/deputadotaveirajr.com.br\/index.php\/wp-json\/wp\/v2\/types\/page"}],"replies":[{"embeddable":true,"href":"https:\/\/deputadotaveirajr.com.br\/index.php\/wp-json\/wp\/v2\/comments?post=7611"}],"version-history":[{"count":1,"href":"https:\/\/deputadotaveirajr.com.br\/index.php\/wp-json\/wp\/v2\/pages\/7611\/revisions"}],"predecessor-version":[{"id":7617,"href":"https:\/\/deputadotaveirajr.com.br\/index.php\/wp-json\/wp\/v2\/pages\/7611\/revisions\/7617"}],"wp:featuredmedia":[{"embeddable":true,"href":"https:\/\/deputadotaveirajr.com.br\/index.php\/wp-json\/wp\/v2\/media\/7612"}],"wp:attachment":[{"href":"https:\/\/deputadotaveirajr.com.br\/index.php\/wp-json\/wp\/v2\/media?parent=7611"}],"curies":[{"name":"wp","href":"https:\/\/api.w.org\/{rel}","templated":true}]}}