{"id":7620,"date":"2024-07-09T22:18:57","date_gmt":"2024-07-10T01:18:57","guid":{"rendered":"https:\/\/deputadotaveirajr.com.br\/?page_id=7620"},"modified":"2024-07-09T22:18:57","modified_gmt":"2024-07-10T01:18:57","slug":"pescadores-capturam-7-toneladas-de-peixes-no-litoral-norte-do-rn","status":"publish","type":"page","link":"https:\/\/deputadotaveirajr.com.br\/index.php\/pescadores-capturam-7-toneladas-de-peixes-no-litoral-norte-do-rn\/","title":{"rendered":"Pescadores capturam 7 toneladas de peixes no litoral Norte do RN"},"content":{"rendered":"<p>     O trabalho durou cerca de quatro horas e envolveu 20 pescadores. Ap\u00f3s registrar a pescaria, os pescadores encaminharam a mercadoria para Cai\u00e7ara do Norte, onde foi comercializada. Pescaria foi registrada nesta segunda-feira (9) no munic\u00edpio de Galinhos<br \/>\nCedida<br \/>\nUma pescaria na Praia de Galos, munic\u00edpio de Galinhos, no Litoral Norte potiguar, resultou na captura de 7 toneladas de peixe nesta segunda-feira (9). Os animais pescados s\u00e3o da esp\u00e9cie Garabebel.<br \/>\nO trabalho durou cerca de quatro horas. A pescaria contou com a a\u00e7\u00e3o de 20 trabalhadores, mas nem todos ca\u00edram no mar. Apenas quatro deles estavam em canoas, navegando sobre uma \u00e1rea que chega a quatro metros de profundidade.<br \/>\n\ud83d\udcf3Participe do canal do g1 RN no WhatsApp<br \/>\nOs outros pescadores aguardavam a hora de puxar a rede de tresmalho, (estrutura que possui tr\u00eas malhas sobrepostas). O relato \u00e9 que a expectativa dos trabalhadores era conseguir uma carga de at\u00e9 tr\u00eas toneladas, mas acabaram capturando mais que o dobro disso.<br \/>\n&#8220;A gente observou aquela mancha (de peixes) pr\u00f3ximo a superf\u00edcie, passamos a rede para pegar o cardume que podia estar abaixo. Deu certo.&#8221;, afirmou o pescador Amadeus Guilherme, de 22 anos, que participou da pescaria.<br \/>\nPescadores capturam 7 toneladas de peixes no litoral Norte do RN<br \/>\nEntre os animais pescados, cada um tinha, em m\u00e9dia, entre 10 e 15 quilos. Os trabalhadores tiraram 12 unidades para consumo pr\u00f3prio e encaminharam o restante para Cai\u00e7ara do Norte, munic\u00edpio a cerca de 25 quil\u00f4metros onde a mercadoria \u00e9 comercializada. O valor obtido pelos trabalhadores n\u00e3o foi informado.<br \/>\nPescarias fartas com a registrada nesta semana s\u00e3o aguardadas pelos pescadores no per\u00edodo entre maio e setembro. H\u00e1 tr\u00eas anos, uma captura de sete toneladas da mesma esp\u00e9cie foi registrada no local. J\u00e1 em julho de 2022, a pescaria ultrapassou os 12 mil quilos de peixe.<br \/>\n&#8220;Tem dia que n\u00e3o sai nada. \u00c9 um trabalho de espera. A gente sai, faz o nosso trabalho e espera pegar o peixe. Quando a gente consegue, \u00e9 uma alegria gigante. J\u00e1 estamos na espera da pr\u00f3xima, se Deus quiser&#8221;, confessa o trabalhador, dizendo que j\u00e1 voltou ao mar nesta ter\u00e7a-feira, dia seguinte \u00e0 farta pescaria do in\u00edcio da semana.<\/p>","protected":false},"excerpt":{"rendered":"<p>O trabalho durou cerca de quatro horas e envolveu 20 pescadores. Ap\u00f3s registrar a pescaria, os pescadores encaminharam a mercadoria para Cai\u00e7ara do Norte, onde foi comercializada. Pescaria foi registrada &#8230;<\/p>\n","protected":false},"author":0,"featured_media":7621,"parent":0,"menu_order":0,"comment_status":"closed","ping_status":"closed","template":"","meta":{"footnotes":""},"class_list":["post-7620","page","type-page","status-publish","has-post-thumbnail","hentry"],"yoast_head":"<!-- This site is optimized with the Yoast SEO plugin v27.1.1 - https:\/\/yoast.com\/product\/yoast-seo-wordpress\/ -->\n<title>Pescadores capturam 7 toneladas de peixes no litoral Norte do RN - Taveira Jr<\/title>\n<meta name=\"robots\" content=\"index, follow, max-snippet:-1, max-image-preview:large, max-video-preview:-1\" \/>\n<link rel=\"canonical\" href=\"https:\/\/deputadotaveirajr.com.br\/index.php\/pescadores-capturam-7-toneladas-de-peixes-no-litoral-norte-do-rn\/\" \/>\n<meta property=\"og:locale\" content=\"pt_BR\" \/>\n<meta property=\"og:type\" content=\"article\" \/>\n<meta property=\"og:title\" content=\"Pescadores capturam 7 toneladas de peixes no litoral Norte do RN - Taveira Jr\" \/>\n<meta property=\"og:description\" content=\"O trabalho durou cerca de quatro horas e envolveu 20 pescadores. Ap\u00f3s registrar a pescaria, os pescadores encaminharam a mercadoria para Cai\u00e7ara do Norte, onde foi comercializada. Pescaria foi registrada ...\" \/>\n<meta property=\"og:url\" content=\"https:\/\/deputadotaveirajr.com.br\/index.php\/pescadores-capturam-7-toneladas-de-peixes-no-litoral-norte-do-rn\/\" \/>\n<meta property=\"og:site_name\" content=\"Taveira Jr\" \/>\n<meta property=\"og:image\" content=\"https:\/\/deputadotaveirajr.com.br\/wp-content\/uploads\/2024\/07\/whatsapp-image-2024-07-09-at-16.13.24-9aEixS.jpeg\" \/>\n\t<meta property=\"og:image:width\" content=\"960\" \/>\n\t<meta property=\"og:image:height\" content=\"720\" \/>\n\t<meta property=\"og:image:type\" content=\"image\/jpeg\" \/>\n<meta name=\"twitter:card\" content=\"summary_large_image\" \/>\n<meta name=\"twitter:label1\" content=\"Est. tempo de leitura\" \/>\n\t<meta name=\"twitter:data1\" content=\"2 minutos\" \/>\n<script type=\"application\/ld+json\" class=\"yoast-schema-graph\">{\"@context\":\"https:\/\/schema.org\",\"@graph\":[{\"@type\":\"WebPage\",\"@id\":\"https:\/\/deputadotaveirajr.com.br\/index.php\/pescadores-capturam-7-toneladas-de-peixes-no-litoral-norte-do-rn\/\",\"url\":\"https:\/\/deputadotaveirajr.com.br\/index.php\/pescadores-capturam-7-toneladas-de-peixes-no-litoral-norte-do-rn\/\",\"name\":\"Pescadores capturam 7 toneladas de peixes no litoral Norte do RN - Taveira Jr\",\"isPartOf\":{\"@id\":\"https:\/\/deputadotaveirajr.com.br\/#website\"},\"primaryImageOfPage\":{\"@id\":\"https:\/\/deputadotaveirajr.com.br\/index.php\/pescadores-capturam-7-toneladas-de-peixes-no-litoral-norte-do-rn\/#primaryimage\"},\"image\":{\"@id\":\"https:\/\/deputadotaveirajr.com.br\/index.php\/pescadores-capturam-7-toneladas-de-peixes-no-litoral-norte-do-rn\/#primaryimage\"},\"thumbnailUrl\":\"https:\/\/deputadotaveirajr.com.br\/wp-content\/uploads\/2024\/07\/whatsapp-image-2024-07-09-at-16.13.24-9aEixS.jpeg\",\"datePublished\":\"2024-07-10T01:18:57+00:00\",\"breadcrumb\":{\"@id\":\"https:\/\/deputadotaveirajr.com.br\/index.php\/pescadores-capturam-7-toneladas-de-peixes-no-litoral-norte-do-rn\/#breadcrumb\"},\"inLanguage\":\"pt-BR\",\"potentialAction\":[{\"@type\":\"ReadAction\",\"target\":[\"https:\/\/deputadotaveirajr.com.br\/index.php\/pescadores-capturam-7-toneladas-de-peixes-no-litoral-norte-do-rn\/\"]}]},{\"@type\":\"ImageObject\",\"inLanguage\":\"pt-BR\",\"@id\":\"https:\/\/deputadotaveirajr.com.br\/index.php\/pescadores-capturam-7-toneladas-de-peixes-no-litoral-norte-do-rn\/#primaryimage\",\"url\":\"https:\/\/deputadotaveirajr.com.br\/wp-content\/uploads\/2024\/07\/whatsapp-image-2024-07-09-at-16.13.24-9aEixS.jpeg\",\"contentUrl\":\"https:\/\/deputadotaveirajr.com.br\/wp-content\/uploads\/2024\/07\/whatsapp-image-2024-07-09-at-16.13.24-9aEixS.jpeg\",\"width\":960,\"height\":720},{\"@type\":\"BreadcrumbList\",\"@id\":\"https:\/\/deputadotaveirajr.com.br\/index.php\/pescadores-capturam-7-toneladas-de-peixes-no-litoral-norte-do-rn\/#breadcrumb\",\"itemListElement\":[{\"@type\":\"ListItem\",\"position\":1,\"name\":\"In\u00edcio\",\"item\":\"https:\/\/deputadotaveirajr.com.br\/\"},{\"@type\":\"ListItem\",\"position\":2,\"name\":\"Pescadores capturam 7 toneladas de peixes no litoral Norte do RN\"}]},{\"@type\":\"WebSite\",\"@id\":\"https:\/\/deputadotaveirajr.com.br\/#website\",\"url\":\"https:\/\/deputadotaveirajr.com.br\/\",\"name\":\"Taveira Jr\",\"description\":\"Deputado Estadual\",\"publisher\":{\"@id\":\"https:\/\/deputadotaveirajr.com.br\/#organization\"},\"potentialAction\":[{\"@type\":\"SearchAction\",\"target\":{\"@type\":\"EntryPoint\",\"urlTemplate\":\"https:\/\/deputadotaveirajr.com.br\/?s={search_term_string}\"},\"query-input\":{\"@type\":\"PropertyValueSpecification\",\"valueRequired\":true,\"valueName\":\"search_term_string\"}}],\"inLanguage\":\"pt-BR\"},{\"@type\":\"Organization\",\"@id\":\"https:\/\/deputadotaveirajr.com.br\/#organization\",\"name\":\"Taveira Jr\",\"url\":\"https:\/\/deputadotaveirajr.com.br\/\",\"logo\":{\"@type\":\"ImageObject\",\"inLanguage\":\"pt-BR\",\"@id\":\"https:\/\/deputadotaveirajr.com.br\/#\/schema\/logo\/image\/\",\"url\":\"https:\/\/deputadotaveirajr.com.br\/wp-content\/uploads\/2026\/01\/logolow2a.png\",\"contentUrl\":\"https:\/\/deputadotaveirajr.com.br\/wp-content\/uploads\/2026\/01\/logolow2a.png\",\"width\":290,\"height\":80,\"caption\":\"Taveira Jr\"},\"image\":{\"@id\":\"https:\/\/deputadotaveirajr.com.br\/#\/schema\/logo\/image\/\"}}]}<\/script>\n<!-- \/ Yoast SEO plugin. -->","yoast_head_json":{"title":"Pescadores capturam 7 toneladas de peixes no litoral Norte do RN - Taveira Jr","robots":{"index":"index","follow":"follow","max-snippet":"max-snippet:-1","max-image-preview":"max-image-preview:large","max-video-preview":"max-video-preview:-1"},"canonical":"https:\/\/deputadotaveirajr.com.br\/index.php\/pescadores-capturam-7-toneladas-de-peixes-no-litoral-norte-do-rn\/","og_locale":"pt_BR","og_type":"article","og_title":"Pescadores capturam 7 toneladas de peixes no litoral Norte do RN - Taveira Jr","og_description":"O trabalho durou cerca de quatro horas e envolveu 20 pescadores. Ap\u00f3s registrar a pescaria, os pescadores encaminharam a mercadoria para Cai\u00e7ara do Norte, onde foi comercializada. Pescaria foi registrada ...","og_url":"https:\/\/deputadotaveirajr.com.br\/index.php\/pescadores-capturam-7-toneladas-de-peixes-no-litoral-norte-do-rn\/","og_site_name":"Taveira Jr","og_image":[{"width":960,"height":720,"url":"https:\/\/deputadotaveirajr.com.br\/wp-content\/uploads\/2024\/07\/whatsapp-image-2024-07-09-at-16.13.24-9aEixS.jpeg","type":"image\/jpeg"}],"twitter_card":"summary_large_image","twitter_misc":{"Est. tempo de leitura":"2 minutos"},"schema":{"@context":"https:\/\/schema.org","@graph":[{"@type":"WebPage","@id":"https:\/\/deputadotaveirajr.com.br\/index.php\/pescadores-capturam-7-toneladas-de-peixes-no-litoral-norte-do-rn\/","url":"https:\/\/deputadotaveirajr.com.br\/index.php\/pescadores-capturam-7-toneladas-de-peixes-no-litoral-norte-do-rn\/","name":"Pescadores capturam 7 toneladas de peixes no litoral Norte do RN - Taveira Jr","isPartOf":{"@id":"https:\/\/deputadotaveirajr.com.br\/#website"},"primaryImageOfPage":{"@id":"https:\/\/deputadotaveirajr.com.br\/index.php\/pescadores-capturam-7-toneladas-de-peixes-no-litoral-norte-do-rn\/#primaryimage"},"image":{"@id":"https:\/\/deputadotaveirajr.com.br\/index.php\/pescadores-capturam-7-toneladas-de-peixes-no-litoral-norte-do-rn\/#primaryimage"},"thumbnailUrl":"https:\/\/deputadotaveirajr.com.br\/wp-content\/uploads\/2024\/07\/whatsapp-image-2024-07-09-at-16.13.24-9aEixS.jpeg","datePublished":"2024-07-10T01:18:57+00:00","breadcrumb":{"@id":"https:\/\/deputadotaveirajr.com.br\/index.php\/pescadores-capturam-7-toneladas-de-peixes-no-litoral-norte-do-rn\/#breadcrumb"},"inLanguage":"pt-BR","potentialAction":[{"@type":"ReadAction","target":["https:\/\/deputadotaveirajr.com.br\/index.php\/pescadores-capturam-7-toneladas-de-peixes-no-litoral-norte-do-rn\/"]}]},{"@type":"ImageObject","inLanguage":"pt-BR","@id":"https:\/\/deputadotaveirajr.com.br\/index.php\/pescadores-capturam-7-toneladas-de-peixes-no-litoral-norte-do-rn\/#primaryimage","url":"https:\/\/deputadotaveirajr.com.br\/wp-content\/uploads\/2024\/07\/whatsapp-image-2024-07-09-at-16.13.24-9aEixS.jpeg","contentUrl":"https:\/\/deputadotaveirajr.com.br\/wp-content\/uploads\/2024\/07\/whatsapp-image-2024-07-09-at-16.13.24-9aEixS.jpeg","width":960,"height":720},{"@type":"BreadcrumbList","@id":"https:\/\/deputadotaveirajr.com.br\/index.php\/pescadores-capturam-7-toneladas-de-peixes-no-litoral-norte-do-rn\/#breadcrumb","itemListElement":[{"@type":"ListItem","position":1,"name":"In\u00edcio","item":"https:\/\/deputadotaveirajr.com.br\/"},{"@type":"ListItem","position":2,"name":"Pescadores capturam 7 toneladas de peixes no litoral Norte do RN"}]},{"@type":"WebSite","@id":"https:\/\/deputadotaveirajr.com.br\/#website","url":"https:\/\/deputadotaveirajr.com.br\/","name":"Taveira Jr","description":"Deputado Estadual","publisher":{"@id":"https:\/\/deputadotaveirajr.com.br\/#organization"},"potentialAction":[{"@type":"SearchAction","target":{"@type":"EntryPoint","urlTemplate":"https:\/\/deputadotaveirajr.com.br\/?s={search_term_string}"},"query-input":{"@type":"PropertyValueSpecification","valueRequired":true,"valueName":"search_term_string"}}],"inLanguage":"pt-BR"},{"@type":"Organization","@id":"https:\/\/deputadotaveirajr.com.br\/#organization","name":"Taveira Jr","url":"https:\/\/deputadotaveirajr.com.br\/","logo":{"@type":"ImageObject","inLanguage":"pt-BR","@id":"https:\/\/deputadotaveirajr.com.br\/#\/schema\/logo\/image\/","url":"https:\/\/deputadotaveirajr.com.br\/wp-content\/uploads\/2026\/01\/logolow2a.png","contentUrl":"https:\/\/deputadotaveirajr.com.br\/wp-content\/uploads\/2026\/01\/logolow2a.png","width":290,"height":80,"caption":"Taveira Jr"},"image":{"@id":"https:\/\/deputadotaveirajr.com.br\/#\/schema\/logo\/image\/"}}]}},"_links":{"self":[{"href":"https:\/\/deputadotaveirajr.com.br\/index.php\/wp-json\/wp\/v2\/pages\/7620","targetHints":{"allow":["GET"]}}],"collection":[{"href":"https:\/\/deputadotaveirajr.com.br\/index.php\/wp-json\/wp\/v2\/pages"}],"about":[{"href":"https:\/\/deputadotaveirajr.com.br\/index.php\/wp-json\/wp\/v2\/types\/page"}],"replies":[{"embeddable":true,"href":"https:\/\/deputadotaveirajr.com.br\/index.php\/wp-json\/wp\/v2\/comments?post=7620"}],"version-history":[{"count":1,"href":"https:\/\/deputadotaveirajr.com.br\/index.php\/wp-json\/wp\/v2\/pages\/7620\/revisions"}],"predecessor-version":[{"id":7622,"href":"https:\/\/deputadotaveirajr.com.br\/index.php\/wp-json\/wp\/v2\/pages\/7620\/revisions\/7622"}],"wp:featuredmedia":[{"embeddable":true,"href":"https:\/\/deputadotaveirajr.com.br\/index.php\/wp-json\/wp\/v2\/media\/7621"}],"wp:attachment":[{"href":"https:\/\/deputadotaveirajr.com.br\/index.php\/wp-json\/wp\/v2\/media?parent=7620"}],"curies":[{"name":"wp","href":"https:\/\/api.w.org\/{rel}","templated":true}]}}