{"id":7628,"date":"2024-07-10T12:54:43","date_gmt":"2024-07-10T15:54:43","guid":{"rendered":"https:\/\/deputadotaveirajr.com.br\/?page_id=7628"},"modified":"2024-07-10T12:54:43","modified_gmt":"2024-07-10T15:54:43","slug":"pesquisa-da-ufrn-investiga-se-substancia-psicodelica-extraida-de-sapos-pode-ser-usada-como-ansiolitico","status":"publish","type":"page","link":"https:\/\/deputadotaveirajr.com.br\/index.php\/pesquisa-da-ufrn-investiga-se-substancia-psicodelica-extraida-de-sapos-pode-ser-usada-como-ansiolitico\/","title":{"rendered":"Pesquisa da UFRN investiga se subst\u00e2ncia psicod\u00e9lica extra\u00edda de sapos pode ser usada como ansiol\u00edtico"},"content":{"rendered":"<p>     Estudo, que foi publicado no peri\u00f3dico Molecular Psychiatry, realizou primeiros testes em ratos, investigando express\u00e3o de oito genes sob efeito da subst\u00e2ncia 5-MeO-DMT. Sapo da esp\u00e9cie Bufo<br \/>\nJoachim M\u00fcller\/Flickr\/Divulga\u00e7\u00e3o UFRN<br \/>\nUma pesquisa da Universidade Federal do Rio Grande do Norte (UFRN) come\u00e7ou a investigar se uma subst\u00e2ncia psicod\u00e9lica retirada de sapos da esp\u00e9cie Bufo pode ter uma atua\u00e7\u00e3o como efeito ansiol\u00edtico (contra ansiedade e tens\u00f5es).<br \/>\nA pesquisa tem sido feita conduzida pelo Laborat\u00f3rio de Neurodin\u00e2mica do Instituto do C\u00e9rebro (Ice\/UFRN) e foi publicada no peri\u00f3dico Molecular Psychiatry. Neste primeiro momento, foram utilizados ratos no experimento &#8211; n\u00e3o houve testes em humanos.<br \/>\n\ud83d\udcf3Participe do canal do g1 RN no WhatsApp<br \/>\nA subst\u00e2ncia em quest\u00e3o \u00e9 a 5-MeO-DMT.  Segundo a pesquisa, o uso da subst\u00e2ncia mostrou a possibilidade de gerar um efeito ansiol\u00edtico de at\u00e9 cinco dias ap\u00f3s a aplica\u00e7\u00e3o nos ratos.<br \/>\nOs pesquisadores motivaram um estresse agudo nos animais e, logo depois, filmaram os animais no campo aberto e labirinto em cruz elevada para checar como o psicod\u00e9lico atuaria como ansiol\u00edtico e ansiog\u00eanico nos organismos.<br \/>\nA pesquisa verificou ainda mecanismos moleculares envolvendo a subst\u00e2ncia, como a investiga\u00e7\u00e3o da express\u00e3o de oito genes do organismo dos ratos, observando como se adaptariam \u00e0 subst\u00e2ncia. As \u00e1reas do c\u00e9rebro do camundongo tamb\u00e9m foram analisadas.<br \/>\nA pesquisa \u00e9 da doutoranda em Neuroci\u00eancia de Sistemas Margareth Nogueira e orientada pelos pesquisadores Richardson Le\u00e3o e Katarina Le\u00e3o, do Instituto do C\u00e9rebro.<br \/>\nPr\u00f3xima etapas do estudo<br \/>\nO artigo publicado pelos pesquisadores da UFRN refutou um aumento da plasticidade no c\u00e9rebro e apontou um a capacidade de mudan\u00e7a de express\u00e3o dos genes conforme altera\u00e7\u00f5es do ambiente.<br \/>\nEssa caracter\u00edstica de adapta\u00e7\u00e3o, induzida pelo psicod\u00e9lico, levou a uma an\u00e1lise sobre o mecanismo de a\u00e7\u00e3o da subst\u00e2ncia, que precisa de mais estudos sobre outras doen\u00e7as, segundo os pesquisadores.<br \/>\n\u201cEstamos mostrando efeitos bem espec\u00edficos no hipocampo [\u00e1rea do c\u00e9rebro] e demonstrando que n\u00e3o h\u00e1 um aumento geral de genes relacionados \u00e0 plasticidade com o uso de 5-MeO-DMT. Portanto, \u00e9 dif\u00edcil especular sobre outras condi\u00e7\u00f5es neurol\u00f3gicas\u201d, explicou a pesquisadora Katarina Le\u00e3o.<br \/>\nMargareth, Katarina e Richardson Le\u00e3o: pesquisadores envolvidos na publica\u00e7\u00e3o<br \/>\nDivulga\u00e7\u00e3o\/UFRN<br \/>\nLEIA TAMB\u00c9M<br \/>\nNO CURSO DO S\u00c3O FRANCISCO: Pesquisadores do RN e do PA descobrem nova esp\u00e9cie de p\u00e1ssaro na caatinga<br \/>\nA pesquisadora explica que \u00e9 preciso realizar mais testes para que se possa fazer tratamentos em humanos com o 5-MeO-DMT. No momento em que for seguro, explicou, ser\u00e1 feito o ensaio cl\u00ednico por meio de grupos de controle, o chamado duplo-cego.<br \/>\nNesta fase, um grupo de volunt\u00e1rios recebe a subst\u00e2ncia com efeitos potencialmente ativos e um placebo, que \u00e9 inerte.<br \/>\n\u201cUm fato interessante sobre o 5-MeO-DMT \u00e9 que seu efeito agudo (alucin\u00f3geno) \u00e9 bem mais curto do que o de outros psicod\u00e9licos\u201d, explicou Katarina Le\u00e3o.<br \/>\nUso de psicod\u00e9licos em tratamentos<br \/>\nO pesquisador Richardson Le\u00e3o explica que as pessoas p\u00f5em uma cren\u00e7a em psicod\u00e9licos, no geral, como antidepressivos. Segundo o pesquisador, a a\u00e7\u00e3o de algumas subst\u00e2ncias psicod\u00e9licas opera com poucos receptores no c\u00e9rebro.<br \/>\n\u201c\u00c9 poss\u00edvel que a subst\u00e2ncia fa\u00e7a muitas fun\u00e7\u00f5es mais importantes que interagir com receptores de serotonina\u201d, disse.<br \/>\nMesmo com esses limites, ao tratar a ansiedade em humanos por meio do uso do psicod\u00e9lico, existem outras investiga\u00e7\u00f5es cient\u00edficas necess\u00e1rias, segundo a pesquisadora Karina Le\u00e3o.<br \/>\n\u201cH\u00e1 uma discuss\u00e3o atual sobre se os psicod\u00e9licos precisam causar o efeito agudo, com poss\u00edveis alucina\u00e7\u00f5es e experi\u00eancia psicol\u00f3gica, ou se \u00e9 poss\u00edvel administrar uma droga modificada, n\u00e3o alucin\u00f3gena, e obter os mesmos efeitos [desejados de ansiol\u00edtico]\u201d, explicou.<br \/>\nV\u00eddeos mais assistidos do g1 RN<\/p>","protected":false},"excerpt":{"rendered":"<p>Estudo, que foi publicado no peri\u00f3dico Molecular Psychiatry, realizou primeiros testes em ratos, investigando express\u00e3o de oito genes sob efeito da subst\u00e2ncia 5-MeO-DMT. Sapo da esp\u00e9cie Bufo Joachim M\u00fcller\/Flickr\/Divulga\u00e7\u00e3o UFRN &#8230;<\/p>\n","protected":false},"author":0,"featured_media":7629,"parent":0,"menu_order":0,"comment_status":"closed","ping_status":"closed","template":"","meta":{"footnotes":""},"class_list":["post-7628","page","type-page","status-publish","has-post-thumbnail","hentry"],"yoast_head":"<!-- This site is optimized with the Yoast SEO plugin v27.1.1 - https:\/\/yoast.com\/product\/yoast-seo-wordpress\/ -->\n<title>Pesquisa da UFRN investiga se subst\u00e2ncia psicod\u00e9lica extra\u00edda de sapos pode ser usada como ansiol\u00edtico - Taveira Jr<\/title>\n<meta name=\"robots\" content=\"index, follow, max-snippet:-1, max-image-preview:large, max-video-preview:-1\" \/>\n<link rel=\"canonical\" href=\"https:\/\/deputadotaveirajr.com.br\/index.php\/pesquisa-da-ufrn-investiga-se-substancia-psicodelica-extraida-de-sapos-pode-ser-usada-como-ansiolitico\/\" \/>\n<meta property=\"og:locale\" content=\"pt_BR\" \/>\n<meta property=\"og:type\" content=\"article\" \/>\n<meta property=\"og:title\" content=\"Pesquisa da UFRN investiga se subst\u00e2ncia psicod\u00e9lica extra\u00edda de sapos pode ser usada como ansiol\u00edtico - Taveira Jr\" \/>\n<meta property=\"og:description\" content=\"Estudo, que foi publicado no peri\u00f3dico Molecular Psychiatry, realizou primeiros testes em ratos, investigando express\u00e3o de oito genes sob efeito da subst\u00e2ncia 5-MeO-DMT. Sapo da esp\u00e9cie Bufo Joachim M\u00fcller\/Flickr\/Divulga\u00e7\u00e3o UFRN ...\" \/>\n<meta property=\"og:url\" content=\"https:\/\/deputadotaveirajr.com.br\/index.php\/pesquisa-da-ufrn-investiga-se-substancia-psicodelica-extraida-de-sapos-pode-ser-usada-como-ansiolitico\/\" \/>\n<meta property=\"og:site_name\" content=\"Taveira Jr\" \/>\n<meta property=\"og:image\" content=\"https:\/\/deputadotaveirajr.com.br\/wp-content\/uploads\/2024\/07\/sapo-bufo-joachim-s.-muller-flickr-0gfGK4.jpeg\" \/>\n\t<meta property=\"og:image:width\" content=\"1400\" \/>\n\t<meta property=\"og:image:height\" content=\"933\" \/>\n\t<meta property=\"og:image:type\" content=\"image\/jpeg\" \/>\n<meta name=\"twitter:card\" content=\"summary_large_image\" \/>\n<meta name=\"twitter:label1\" content=\"Est. tempo de leitura\" \/>\n\t<meta name=\"twitter:data1\" content=\"3 minutos\" \/>\n<script type=\"application\/ld+json\" class=\"yoast-schema-graph\">{\"@context\":\"https:\/\/schema.org\",\"@graph\":[{\"@type\":\"WebPage\",\"@id\":\"https:\/\/deputadotaveirajr.com.br\/index.php\/pesquisa-da-ufrn-investiga-se-substancia-psicodelica-extraida-de-sapos-pode-ser-usada-como-ansiolitico\/\",\"url\":\"https:\/\/deputadotaveirajr.com.br\/index.php\/pesquisa-da-ufrn-investiga-se-substancia-psicodelica-extraida-de-sapos-pode-ser-usada-como-ansiolitico\/\",\"name\":\"Pesquisa da UFRN investiga se subst\u00e2ncia psicod\u00e9lica extra\u00edda de sapos pode ser usada como ansiol\u00edtico - Taveira Jr\",\"isPartOf\":{\"@id\":\"https:\/\/deputadotaveirajr.com.br\/#website\"},\"primaryImageOfPage\":{\"@id\":\"https:\/\/deputadotaveirajr.com.br\/index.php\/pesquisa-da-ufrn-investiga-se-substancia-psicodelica-extraida-de-sapos-pode-ser-usada-como-ansiolitico\/#primaryimage\"},\"image\":{\"@id\":\"https:\/\/deputadotaveirajr.com.br\/index.php\/pesquisa-da-ufrn-investiga-se-substancia-psicodelica-extraida-de-sapos-pode-ser-usada-como-ansiolitico\/#primaryimage\"},\"thumbnailUrl\":\"https:\/\/deputadotaveirajr.com.br\/wp-content\/uploads\/2024\/07\/sapo-bufo-joachim-s.-muller-flickr-0gfGK4.jpeg\",\"datePublished\":\"2024-07-10T15:54:43+00:00\",\"breadcrumb\":{\"@id\":\"https:\/\/deputadotaveirajr.com.br\/index.php\/pesquisa-da-ufrn-investiga-se-substancia-psicodelica-extraida-de-sapos-pode-ser-usada-como-ansiolitico\/#breadcrumb\"},\"inLanguage\":\"pt-BR\",\"potentialAction\":[{\"@type\":\"ReadAction\",\"target\":[\"https:\/\/deputadotaveirajr.com.br\/index.php\/pesquisa-da-ufrn-investiga-se-substancia-psicodelica-extraida-de-sapos-pode-ser-usada-como-ansiolitico\/\"]}]},{\"@type\":\"ImageObject\",\"inLanguage\":\"pt-BR\",\"@id\":\"https:\/\/deputadotaveirajr.com.br\/index.php\/pesquisa-da-ufrn-investiga-se-substancia-psicodelica-extraida-de-sapos-pode-ser-usada-como-ansiolitico\/#primaryimage\",\"url\":\"https:\/\/deputadotaveirajr.com.br\/wp-content\/uploads\/2024\/07\/sapo-bufo-joachim-s.-muller-flickr-0gfGK4.jpeg\",\"contentUrl\":\"https:\/\/deputadotaveirajr.com.br\/wp-content\/uploads\/2024\/07\/sapo-bufo-joachim-s.-muller-flickr-0gfGK4.jpeg\",\"width\":1400,\"height\":933},{\"@type\":\"BreadcrumbList\",\"@id\":\"https:\/\/deputadotaveirajr.com.br\/index.php\/pesquisa-da-ufrn-investiga-se-substancia-psicodelica-extraida-de-sapos-pode-ser-usada-como-ansiolitico\/#breadcrumb\",\"itemListElement\":[{\"@type\":\"ListItem\",\"position\":1,\"name\":\"In\u00edcio\",\"item\":\"https:\/\/deputadotaveirajr.com.br\/\"},{\"@type\":\"ListItem\",\"position\":2,\"name\":\"Pesquisa da UFRN investiga se subst\u00e2ncia psicod\u00e9lica extra\u00edda de sapos pode ser usada como ansiol\u00edtico\"}]},{\"@type\":\"WebSite\",\"@id\":\"https:\/\/deputadotaveirajr.com.br\/#website\",\"url\":\"https:\/\/deputadotaveirajr.com.br\/\",\"name\":\"Taveira Jr\",\"description\":\"Deputado Estadual\",\"publisher\":{\"@id\":\"https:\/\/deputadotaveirajr.com.br\/#organization\"},\"potentialAction\":[{\"@type\":\"SearchAction\",\"target\":{\"@type\":\"EntryPoint\",\"urlTemplate\":\"https:\/\/deputadotaveirajr.com.br\/?s={search_term_string}\"},\"query-input\":{\"@type\":\"PropertyValueSpecification\",\"valueRequired\":true,\"valueName\":\"search_term_string\"}}],\"inLanguage\":\"pt-BR\"},{\"@type\":\"Organization\",\"@id\":\"https:\/\/deputadotaveirajr.com.br\/#organization\",\"name\":\"Taveira Jr\",\"url\":\"https:\/\/deputadotaveirajr.com.br\/\",\"logo\":{\"@type\":\"ImageObject\",\"inLanguage\":\"pt-BR\",\"@id\":\"https:\/\/deputadotaveirajr.com.br\/#\/schema\/logo\/image\/\",\"url\":\"https:\/\/deputadotaveirajr.com.br\/wp-content\/uploads\/2026\/01\/logolow2a.png\",\"contentUrl\":\"https:\/\/deputadotaveirajr.com.br\/wp-content\/uploads\/2026\/01\/logolow2a.png\",\"width\":290,\"height\":80,\"caption\":\"Taveira Jr\"},\"image\":{\"@id\":\"https:\/\/deputadotaveirajr.com.br\/#\/schema\/logo\/image\/\"}}]}<\/script>\n<!-- \/ Yoast SEO plugin. -->","yoast_head_json":{"title":"Pesquisa da UFRN investiga se subst\u00e2ncia psicod\u00e9lica extra\u00edda de sapos pode ser usada como ansiol\u00edtico - Taveira Jr","robots":{"index":"index","follow":"follow","max-snippet":"max-snippet:-1","max-image-preview":"max-image-preview:large","max-video-preview":"max-video-preview:-1"},"canonical":"https:\/\/deputadotaveirajr.com.br\/index.php\/pesquisa-da-ufrn-investiga-se-substancia-psicodelica-extraida-de-sapos-pode-ser-usada-como-ansiolitico\/","og_locale":"pt_BR","og_type":"article","og_title":"Pesquisa da UFRN investiga se subst\u00e2ncia psicod\u00e9lica extra\u00edda de sapos pode ser usada como ansiol\u00edtico - Taveira Jr","og_description":"Estudo, que foi publicado no peri\u00f3dico Molecular Psychiatry, realizou primeiros testes em ratos, investigando express\u00e3o de oito genes sob efeito da subst\u00e2ncia 5-MeO-DMT. Sapo da esp\u00e9cie Bufo Joachim M\u00fcller\/Flickr\/Divulga\u00e7\u00e3o UFRN ...","og_url":"https:\/\/deputadotaveirajr.com.br\/index.php\/pesquisa-da-ufrn-investiga-se-substancia-psicodelica-extraida-de-sapos-pode-ser-usada-como-ansiolitico\/","og_site_name":"Taveira Jr","og_image":[{"width":1400,"height":933,"url":"https:\/\/deputadotaveirajr.com.br\/wp-content\/uploads\/2024\/07\/sapo-bufo-joachim-s.-muller-flickr-0gfGK4.jpeg","type":"image\/jpeg"}],"twitter_card":"summary_large_image","twitter_misc":{"Est. tempo de leitura":"3 minutos"},"schema":{"@context":"https:\/\/schema.org","@graph":[{"@type":"WebPage","@id":"https:\/\/deputadotaveirajr.com.br\/index.php\/pesquisa-da-ufrn-investiga-se-substancia-psicodelica-extraida-de-sapos-pode-ser-usada-como-ansiolitico\/","url":"https:\/\/deputadotaveirajr.com.br\/index.php\/pesquisa-da-ufrn-investiga-se-substancia-psicodelica-extraida-de-sapos-pode-ser-usada-como-ansiolitico\/","name":"Pesquisa da UFRN investiga se subst\u00e2ncia psicod\u00e9lica extra\u00edda de sapos pode ser usada como ansiol\u00edtico - Taveira Jr","isPartOf":{"@id":"https:\/\/deputadotaveirajr.com.br\/#website"},"primaryImageOfPage":{"@id":"https:\/\/deputadotaveirajr.com.br\/index.php\/pesquisa-da-ufrn-investiga-se-substancia-psicodelica-extraida-de-sapos-pode-ser-usada-como-ansiolitico\/#primaryimage"},"image":{"@id":"https:\/\/deputadotaveirajr.com.br\/index.php\/pesquisa-da-ufrn-investiga-se-substancia-psicodelica-extraida-de-sapos-pode-ser-usada-como-ansiolitico\/#primaryimage"},"thumbnailUrl":"https:\/\/deputadotaveirajr.com.br\/wp-content\/uploads\/2024\/07\/sapo-bufo-joachim-s.-muller-flickr-0gfGK4.jpeg","datePublished":"2024-07-10T15:54:43+00:00","breadcrumb":{"@id":"https:\/\/deputadotaveirajr.com.br\/index.php\/pesquisa-da-ufrn-investiga-se-substancia-psicodelica-extraida-de-sapos-pode-ser-usada-como-ansiolitico\/#breadcrumb"},"inLanguage":"pt-BR","potentialAction":[{"@type":"ReadAction","target":["https:\/\/deputadotaveirajr.com.br\/index.php\/pesquisa-da-ufrn-investiga-se-substancia-psicodelica-extraida-de-sapos-pode-ser-usada-como-ansiolitico\/"]}]},{"@type":"ImageObject","inLanguage":"pt-BR","@id":"https:\/\/deputadotaveirajr.com.br\/index.php\/pesquisa-da-ufrn-investiga-se-substancia-psicodelica-extraida-de-sapos-pode-ser-usada-como-ansiolitico\/#primaryimage","url":"https:\/\/deputadotaveirajr.com.br\/wp-content\/uploads\/2024\/07\/sapo-bufo-joachim-s.-muller-flickr-0gfGK4.jpeg","contentUrl":"https:\/\/deputadotaveirajr.com.br\/wp-content\/uploads\/2024\/07\/sapo-bufo-joachim-s.-muller-flickr-0gfGK4.jpeg","width":1400,"height":933},{"@type":"BreadcrumbList","@id":"https:\/\/deputadotaveirajr.com.br\/index.php\/pesquisa-da-ufrn-investiga-se-substancia-psicodelica-extraida-de-sapos-pode-ser-usada-como-ansiolitico\/#breadcrumb","itemListElement":[{"@type":"ListItem","position":1,"name":"In\u00edcio","item":"https:\/\/deputadotaveirajr.com.br\/"},{"@type":"ListItem","position":2,"name":"Pesquisa da UFRN investiga se subst\u00e2ncia psicod\u00e9lica extra\u00edda de sapos pode ser usada como ansiol\u00edtico"}]},{"@type":"WebSite","@id":"https:\/\/deputadotaveirajr.com.br\/#website","url":"https:\/\/deputadotaveirajr.com.br\/","name":"Taveira Jr","description":"Deputado Estadual","publisher":{"@id":"https:\/\/deputadotaveirajr.com.br\/#organization"},"potentialAction":[{"@type":"SearchAction","target":{"@type":"EntryPoint","urlTemplate":"https:\/\/deputadotaveirajr.com.br\/?s={search_term_string}"},"query-input":{"@type":"PropertyValueSpecification","valueRequired":true,"valueName":"search_term_string"}}],"inLanguage":"pt-BR"},{"@type":"Organization","@id":"https:\/\/deputadotaveirajr.com.br\/#organization","name":"Taveira Jr","url":"https:\/\/deputadotaveirajr.com.br\/","logo":{"@type":"ImageObject","inLanguage":"pt-BR","@id":"https:\/\/deputadotaveirajr.com.br\/#\/schema\/logo\/image\/","url":"https:\/\/deputadotaveirajr.com.br\/wp-content\/uploads\/2026\/01\/logolow2a.png","contentUrl":"https:\/\/deputadotaveirajr.com.br\/wp-content\/uploads\/2026\/01\/logolow2a.png","width":290,"height":80,"caption":"Taveira Jr"},"image":{"@id":"https:\/\/deputadotaveirajr.com.br\/#\/schema\/logo\/image\/"}}]}},"_links":{"self":[{"href":"https:\/\/deputadotaveirajr.com.br\/index.php\/wp-json\/wp\/v2\/pages\/7628","targetHints":{"allow":["GET"]}}],"collection":[{"href":"https:\/\/deputadotaveirajr.com.br\/index.php\/wp-json\/wp\/v2\/pages"}],"about":[{"href":"https:\/\/deputadotaveirajr.com.br\/index.php\/wp-json\/wp\/v2\/types\/page"}],"replies":[{"embeddable":true,"href":"https:\/\/deputadotaveirajr.com.br\/index.php\/wp-json\/wp\/v2\/comments?post=7628"}],"version-history":[{"count":1,"href":"https:\/\/deputadotaveirajr.com.br\/index.php\/wp-json\/wp\/v2\/pages\/7628\/revisions"}],"predecessor-version":[{"id":7631,"href":"https:\/\/deputadotaveirajr.com.br\/index.php\/wp-json\/wp\/v2\/pages\/7628\/revisions\/7631"}],"wp:featuredmedia":[{"embeddable":true,"href":"https:\/\/deputadotaveirajr.com.br\/index.php\/wp-json\/wp\/v2\/media\/7629"}],"wp:attachment":[{"href":"https:\/\/deputadotaveirajr.com.br\/index.php\/wp-json\/wp\/v2\/media?parent=7628"}],"curies":[{"name":"wp","href":"https:\/\/api.w.org\/{rel}","templated":true}]}}