{"id":7646,"date":"2024-07-10T14:42:23","date_gmt":"2024-07-10T17:42:23","guid":{"rendered":"https:\/\/deputadotaveirajr.com.br\/?page_id=7646"},"modified":"2024-07-10T14:42:23","modified_gmt":"2024-07-10T17:42:23","slug":"mp-investiga-desvio-de-r-2-milhoes-dos-cofres-publicos-de-severiano-melo","status":"publish","type":"page","link":"https:\/\/deputadotaveirajr.com.br\/index.php\/mp-investiga-desvio-de-r-2-milhoes-dos-cofres-publicos-de-severiano-melo\/","title":{"rendered":"MP investiga desvio de R$ 2 milh\u00f5es dos cofres p\u00fablicos de Severiano Melo"},"content":{"rendered":"<p>     Segundo \u00f3rg\u00e3o, desvio entre 2013 e 2020 foi encabe\u00e7ado por ex-prefeito e ex-secret\u00e1rio de finan\u00e7as. Houve cumprimento de mandado de busca e apreens\u00e3o na C\u00e2mara de Vereadores. C\u00e2mara Municipal de Severiano Melo: mandado de busca e apreens\u00e3o foi cumprido no pr\u00e9dio<br \/>\nDivulga\u00e7\u00e3o\/MPRN<br \/>\nO Minist\u00e9rio P\u00fablico do Rio Grande do Norte (MPRN) deflagrou nesta quarta-feira (10) uma opera\u00e7\u00e3o que investiga o desvio de mais de R$ 2 milh\u00f5es dos cofres p\u00fablicos do munic\u00edpio de Severiano Melo, na Regi\u00e3o Alto Oeste potiguar, entre os anos de 2013 e 2020.<br \/>\nForam cumpridos 18 mandados de busca e apreens\u00e3o nas cidades de Mossor\u00f3, Pau dos Ferros, Martins, Francisco Dantas e Taboleiro Grande, al\u00e9m da pr\u00f3pria Severiano Melo.<br \/>\n\ud83d\udcf3Participe do canal do g1 RN no WhatsApp<br \/>\nSegundo o MP, os desvios teriam sido encabe\u00e7ados por um ex-prefeito e um ex-secret\u00e1rio de finan\u00e7as do munic\u00edpio.<br \/>\nProcurada, a Prefeitura de Severiano Melo informou, em nota, que desde que foi acionada tem colaborado com o MPRN &#8220;entregando todos os documentos solicitados para fins de investiga\u00e7\u00e3o do processo da Opera\u00e7\u00e3o Desvio&#8221;.<br \/>\nO Munic\u00edpio refor\u00e7ou que, &#8220;prezando pela responsabilidade e transpar\u00eancia, cumpre o seu dever de colocar \u00e0 disposi\u00e7\u00e3o das autoridades competentes todos os documentos e as informa\u00e7\u00f5es necess\u00e1rias para elucida\u00e7\u00e3o dos fatos&#8221;.<br \/>\nUm dos pontos de cumprimento dos mandados de busca e apreens\u00e3o foi a C\u00e2mara Municipal de Severiano Melo. Segundo o MP, &#8220;um dos principais investigados ocupa o cargo de vereador na cidade&#8221;.<br \/>\nA Justi\u00e7a do RN tamb\u00e9m autorizou o sequestro de bens dos investigados e o bloqueio de contas banc\u00e1rias, de planos de previd\u00eancia e ainda a indisponibilidade de ve\u00edculos dos envolvidos nas fraudes.<br \/>\n&#8220;J\u00e1 nas investiga\u00e7\u00f5es inaugurais, o MPRN obteve provas robustas da exist\u00eancia do esquema fraudulento&#8221;, informou o MP.<br \/>\nAo todo, oito promotores de Justi\u00e7a, 27 servidores do MPRN e 52 policiais militares participaram da a\u00e7\u00e3o.<br \/>\nComo funcionava o esquema?<br \/>\nSegundo o Minist\u00e9rio P\u00fablico, os suspeitos de executarem o esquema se aproveitavam das facilidades  derivadas dos cargos de gest\u00e3o e desviavam o dinheiro p\u00fablico para as contas-correntes deles pr\u00f3prios e tamb\u00e9m para as contas de terceiros, &#8220;na maioria, parentes ou pessoas que detinham com eles alguma esp\u00e9cie de v\u00ednculo&#8221;.<br \/>\nO ex-prefeito e o ex-secret\u00e1rio investigados se beneficiavam do repasse indevido e direcionavam os valores tamb\u00e9m a terceiros, parentes ou pessoas conhecidas.<br \/>\nSegundo o MP, tamb\u00e9m est\u00e3o sendo investigados mulher, filhos, irm\u00e3os, sobrinhos e at\u00e9 a sogra de um dos suspeitos de encabe\u00e7ar o esquema.<br \/>\n&#8220;Os documentos, computadores e celulares apreendidos na opera\u00e7\u00e3o Desvio ser\u00e3o analisados pelo MPRN, que ainda apura o envolvimento de outras pessoas e o cometimento de outros crimes pelo grupo&#8221;, disse o MP.<br \/>\nV\u00eddeos mais assistidos do g1 RN<\/p>","protected":false},"excerpt":{"rendered":"<p>Segundo \u00f3rg\u00e3o, desvio entre 2013 e 2020 foi encabe\u00e7ado por ex-prefeito e ex-secret\u00e1rio de finan\u00e7as. Houve cumprimento de mandado de busca e apreens\u00e3o na C\u00e2mara de Vereadores. C\u00e2mara Municipal de &#8230;<\/p>\n","protected":false},"author":0,"featured_media":7647,"parent":0,"menu_order":0,"comment_status":"closed","ping_status":"closed","template":"","meta":{"footnotes":""},"class_list":["post-7646","page","type-page","status-publish","has-post-thumbnail","hentry"],"yoast_head":"<!-- This site is optimized with the Yoast SEO plugin v27.1.1 - https:\/\/yoast.com\/product\/yoast-seo-wordpress\/ -->\n<title>MP investiga desvio de R$ 2 milh\u00f5es dos cofres p\u00fablicos de Severiano Melo - Taveira Jr<\/title>\n<meta name=\"robots\" content=\"index, follow, max-snippet:-1, max-image-preview:large, max-video-preview:-1\" \/>\n<link rel=\"canonical\" href=\"https:\/\/deputadotaveirajr.com.br\/index.php\/mp-investiga-desvio-de-r-2-milhoes-dos-cofres-publicos-de-severiano-melo\/\" \/>\n<meta property=\"og:locale\" content=\"pt_BR\" \/>\n<meta property=\"og:type\" content=\"article\" \/>\n<meta property=\"og:title\" content=\"MP investiga desvio de R$ 2 milh\u00f5es dos cofres p\u00fablicos de Severiano Melo - Taveira Jr\" \/>\n<meta property=\"og:description\" content=\"Segundo \u00f3rg\u00e3o, desvio entre 2013 e 2020 foi encabe\u00e7ado por ex-prefeito e ex-secret\u00e1rio de finan\u00e7as. Houve cumprimento de mandado de busca e apreens\u00e3o na C\u00e2mara de Vereadores. C\u00e2mara Municipal de ...\" \/>\n<meta property=\"og:url\" content=\"https:\/\/deputadotaveirajr.com.br\/index.php\/mp-investiga-desvio-de-r-2-milhoes-dos-cofres-publicos-de-severiano-melo\/\" \/>\n<meta property=\"og:site_name\" content=\"Taveira Jr\" \/>\n<meta property=\"og:image\" content=\"https:\/\/deputadotaveirajr.com.br\/wp-content\/uploads\/2024\/07\/camara-N9kmDL.jpeg\" \/>\n\t<meta property=\"og:image:width\" content=\"1513\" \/>\n\t<meta property=\"og:image:height\" content=\"902\" \/>\n\t<meta property=\"og:image:type\" content=\"image\/jpeg\" \/>\n<meta name=\"twitter:card\" content=\"summary_large_image\" \/>\n<meta name=\"twitter:label1\" content=\"Est. tempo de leitura\" \/>\n\t<meta name=\"twitter:data1\" content=\"2 minutos\" \/>\n<script type=\"application\/ld+json\" class=\"yoast-schema-graph\">{\"@context\":\"https:\/\/schema.org\",\"@graph\":[{\"@type\":\"WebPage\",\"@id\":\"https:\/\/deputadotaveirajr.com.br\/index.php\/mp-investiga-desvio-de-r-2-milhoes-dos-cofres-publicos-de-severiano-melo\/\",\"url\":\"https:\/\/deputadotaveirajr.com.br\/index.php\/mp-investiga-desvio-de-r-2-milhoes-dos-cofres-publicos-de-severiano-melo\/\",\"name\":\"MP investiga desvio de R$ 2 milh\u00f5es dos cofres p\u00fablicos de Severiano Melo - Taveira Jr\",\"isPartOf\":{\"@id\":\"https:\/\/deputadotaveirajr.com.br\/#website\"},\"primaryImageOfPage\":{\"@id\":\"https:\/\/deputadotaveirajr.com.br\/index.php\/mp-investiga-desvio-de-r-2-milhoes-dos-cofres-publicos-de-severiano-melo\/#primaryimage\"},\"image\":{\"@id\":\"https:\/\/deputadotaveirajr.com.br\/index.php\/mp-investiga-desvio-de-r-2-milhoes-dos-cofres-publicos-de-severiano-melo\/#primaryimage\"},\"thumbnailUrl\":\"https:\/\/deputadotaveirajr.com.br\/wp-content\/uploads\/2024\/07\/camara-N9kmDL.jpeg\",\"datePublished\":\"2024-07-10T17:42:23+00:00\",\"breadcrumb\":{\"@id\":\"https:\/\/deputadotaveirajr.com.br\/index.php\/mp-investiga-desvio-de-r-2-milhoes-dos-cofres-publicos-de-severiano-melo\/#breadcrumb\"},\"inLanguage\":\"pt-BR\",\"potentialAction\":[{\"@type\":\"ReadAction\",\"target\":[\"https:\/\/deputadotaveirajr.com.br\/index.php\/mp-investiga-desvio-de-r-2-milhoes-dos-cofres-publicos-de-severiano-melo\/\"]}]},{\"@type\":\"ImageObject\",\"inLanguage\":\"pt-BR\",\"@id\":\"https:\/\/deputadotaveirajr.com.br\/index.php\/mp-investiga-desvio-de-r-2-milhoes-dos-cofres-publicos-de-severiano-melo\/#primaryimage\",\"url\":\"https:\/\/deputadotaveirajr.com.br\/wp-content\/uploads\/2024\/07\/camara-N9kmDL.jpeg\",\"contentUrl\":\"https:\/\/deputadotaveirajr.com.br\/wp-content\/uploads\/2024\/07\/camara-N9kmDL.jpeg\",\"width\":1513,\"height\":902},{\"@type\":\"BreadcrumbList\",\"@id\":\"https:\/\/deputadotaveirajr.com.br\/index.php\/mp-investiga-desvio-de-r-2-milhoes-dos-cofres-publicos-de-severiano-melo\/#breadcrumb\",\"itemListElement\":[{\"@type\":\"ListItem\",\"position\":1,\"name\":\"In\u00edcio\",\"item\":\"https:\/\/deputadotaveirajr.com.br\/\"},{\"@type\":\"ListItem\",\"position\":2,\"name\":\"MP investiga desvio de R$ 2 milh\u00f5es dos cofres p\u00fablicos de Severiano Melo\"}]},{\"@type\":\"WebSite\",\"@id\":\"https:\/\/deputadotaveirajr.com.br\/#website\",\"url\":\"https:\/\/deputadotaveirajr.com.br\/\",\"name\":\"Taveira Jr\",\"description\":\"Deputado Estadual\",\"publisher\":{\"@id\":\"https:\/\/deputadotaveirajr.com.br\/#organization\"},\"potentialAction\":[{\"@type\":\"SearchAction\",\"target\":{\"@type\":\"EntryPoint\",\"urlTemplate\":\"https:\/\/deputadotaveirajr.com.br\/?s={search_term_string}\"},\"query-input\":{\"@type\":\"PropertyValueSpecification\",\"valueRequired\":true,\"valueName\":\"search_term_string\"}}],\"inLanguage\":\"pt-BR\"},{\"@type\":\"Organization\",\"@id\":\"https:\/\/deputadotaveirajr.com.br\/#organization\",\"name\":\"Taveira Jr\",\"url\":\"https:\/\/deputadotaveirajr.com.br\/\",\"logo\":{\"@type\":\"ImageObject\",\"inLanguage\":\"pt-BR\",\"@id\":\"https:\/\/deputadotaveirajr.com.br\/#\/schema\/logo\/image\/\",\"url\":\"https:\/\/deputadotaveirajr.com.br\/wp-content\/uploads\/2026\/01\/logolow2a.png\",\"contentUrl\":\"https:\/\/deputadotaveirajr.com.br\/wp-content\/uploads\/2026\/01\/logolow2a.png\",\"width\":290,\"height\":80,\"caption\":\"Taveira Jr\"},\"image\":{\"@id\":\"https:\/\/deputadotaveirajr.com.br\/#\/schema\/logo\/image\/\"}}]}<\/script>\n<!-- \/ Yoast SEO plugin. -->","yoast_head_json":{"title":"MP investiga desvio de R$ 2 milh\u00f5es dos cofres p\u00fablicos de Severiano Melo - Taveira Jr","robots":{"index":"index","follow":"follow","max-snippet":"max-snippet:-1","max-image-preview":"max-image-preview:large","max-video-preview":"max-video-preview:-1"},"canonical":"https:\/\/deputadotaveirajr.com.br\/index.php\/mp-investiga-desvio-de-r-2-milhoes-dos-cofres-publicos-de-severiano-melo\/","og_locale":"pt_BR","og_type":"article","og_title":"MP investiga desvio de R$ 2 milh\u00f5es dos cofres p\u00fablicos de Severiano Melo - Taveira Jr","og_description":"Segundo \u00f3rg\u00e3o, desvio entre 2013 e 2020 foi encabe\u00e7ado por ex-prefeito e ex-secret\u00e1rio de finan\u00e7as. Houve cumprimento de mandado de busca e apreens\u00e3o na C\u00e2mara de Vereadores. C\u00e2mara Municipal de ...","og_url":"https:\/\/deputadotaveirajr.com.br\/index.php\/mp-investiga-desvio-de-r-2-milhoes-dos-cofres-publicos-de-severiano-melo\/","og_site_name":"Taveira Jr","og_image":[{"width":1513,"height":902,"url":"https:\/\/deputadotaveirajr.com.br\/wp-content\/uploads\/2024\/07\/camara-N9kmDL.jpeg","type":"image\/jpeg"}],"twitter_card":"summary_large_image","twitter_misc":{"Est. tempo de leitura":"2 minutos"},"schema":{"@context":"https:\/\/schema.org","@graph":[{"@type":"WebPage","@id":"https:\/\/deputadotaveirajr.com.br\/index.php\/mp-investiga-desvio-de-r-2-milhoes-dos-cofres-publicos-de-severiano-melo\/","url":"https:\/\/deputadotaveirajr.com.br\/index.php\/mp-investiga-desvio-de-r-2-milhoes-dos-cofres-publicos-de-severiano-melo\/","name":"MP investiga desvio de R$ 2 milh\u00f5es dos cofres p\u00fablicos de Severiano Melo - Taveira Jr","isPartOf":{"@id":"https:\/\/deputadotaveirajr.com.br\/#website"},"primaryImageOfPage":{"@id":"https:\/\/deputadotaveirajr.com.br\/index.php\/mp-investiga-desvio-de-r-2-milhoes-dos-cofres-publicos-de-severiano-melo\/#primaryimage"},"image":{"@id":"https:\/\/deputadotaveirajr.com.br\/index.php\/mp-investiga-desvio-de-r-2-milhoes-dos-cofres-publicos-de-severiano-melo\/#primaryimage"},"thumbnailUrl":"https:\/\/deputadotaveirajr.com.br\/wp-content\/uploads\/2024\/07\/camara-N9kmDL.jpeg","datePublished":"2024-07-10T17:42:23+00:00","breadcrumb":{"@id":"https:\/\/deputadotaveirajr.com.br\/index.php\/mp-investiga-desvio-de-r-2-milhoes-dos-cofres-publicos-de-severiano-melo\/#breadcrumb"},"inLanguage":"pt-BR","potentialAction":[{"@type":"ReadAction","target":["https:\/\/deputadotaveirajr.com.br\/index.php\/mp-investiga-desvio-de-r-2-milhoes-dos-cofres-publicos-de-severiano-melo\/"]}]},{"@type":"ImageObject","inLanguage":"pt-BR","@id":"https:\/\/deputadotaveirajr.com.br\/index.php\/mp-investiga-desvio-de-r-2-milhoes-dos-cofres-publicos-de-severiano-melo\/#primaryimage","url":"https:\/\/deputadotaveirajr.com.br\/wp-content\/uploads\/2024\/07\/camara-N9kmDL.jpeg","contentUrl":"https:\/\/deputadotaveirajr.com.br\/wp-content\/uploads\/2024\/07\/camara-N9kmDL.jpeg","width":1513,"height":902},{"@type":"BreadcrumbList","@id":"https:\/\/deputadotaveirajr.com.br\/index.php\/mp-investiga-desvio-de-r-2-milhoes-dos-cofres-publicos-de-severiano-melo\/#breadcrumb","itemListElement":[{"@type":"ListItem","position":1,"name":"In\u00edcio","item":"https:\/\/deputadotaveirajr.com.br\/"},{"@type":"ListItem","position":2,"name":"MP investiga desvio de R$ 2 milh\u00f5es dos cofres p\u00fablicos de Severiano Melo"}]},{"@type":"WebSite","@id":"https:\/\/deputadotaveirajr.com.br\/#website","url":"https:\/\/deputadotaveirajr.com.br\/","name":"Taveira Jr","description":"Deputado Estadual","publisher":{"@id":"https:\/\/deputadotaveirajr.com.br\/#organization"},"potentialAction":[{"@type":"SearchAction","target":{"@type":"EntryPoint","urlTemplate":"https:\/\/deputadotaveirajr.com.br\/?s={search_term_string}"},"query-input":{"@type":"PropertyValueSpecification","valueRequired":true,"valueName":"search_term_string"}}],"inLanguage":"pt-BR"},{"@type":"Organization","@id":"https:\/\/deputadotaveirajr.com.br\/#organization","name":"Taveira Jr","url":"https:\/\/deputadotaveirajr.com.br\/","logo":{"@type":"ImageObject","inLanguage":"pt-BR","@id":"https:\/\/deputadotaveirajr.com.br\/#\/schema\/logo\/image\/","url":"https:\/\/deputadotaveirajr.com.br\/wp-content\/uploads\/2026\/01\/logolow2a.png","contentUrl":"https:\/\/deputadotaveirajr.com.br\/wp-content\/uploads\/2026\/01\/logolow2a.png","width":290,"height":80,"caption":"Taveira Jr"},"image":{"@id":"https:\/\/deputadotaveirajr.com.br\/#\/schema\/logo\/image\/"}}]}},"_links":{"self":[{"href":"https:\/\/deputadotaveirajr.com.br\/index.php\/wp-json\/wp\/v2\/pages\/7646","targetHints":{"allow":["GET"]}}],"collection":[{"href":"https:\/\/deputadotaveirajr.com.br\/index.php\/wp-json\/wp\/v2\/pages"}],"about":[{"href":"https:\/\/deputadotaveirajr.com.br\/index.php\/wp-json\/wp\/v2\/types\/page"}],"replies":[{"embeddable":true,"href":"https:\/\/deputadotaveirajr.com.br\/index.php\/wp-json\/wp\/v2\/comments?post=7646"}],"version-history":[{"count":1,"href":"https:\/\/deputadotaveirajr.com.br\/index.php\/wp-json\/wp\/v2\/pages\/7646\/revisions"}],"predecessor-version":[{"id":7661,"href":"https:\/\/deputadotaveirajr.com.br\/index.php\/wp-json\/wp\/v2\/pages\/7646\/revisions\/7661"}],"wp:featuredmedia":[{"embeddable":true,"href":"https:\/\/deputadotaveirajr.com.br\/index.php\/wp-json\/wp\/v2\/media\/7647"}],"wp:attachment":[{"href":"https:\/\/deputadotaveirajr.com.br\/index.php\/wp-json\/wp\/v2\/media?parent=7646"}],"curies":[{"name":"wp","href":"https:\/\/api.w.org\/{rel}","templated":true}]}}