{"id":7726,"date":"2024-07-12T12:31:59","date_gmt":"2024-07-12T15:31:59","guid":{"rendered":"https:\/\/deputadotaveirajr.com.br\/?page_id=7726"},"modified":"2024-07-12T12:31:59","modified_gmt":"2024-07-12T15:31:59","slug":"inmet-emite-alerta-de-vendaval-para-todo-o-rio-grande-do-norte","status":"publish","type":"page","link":"https:\/\/deputadotaveirajr.com.br\/index.php\/inmet-emite-alerta-de-vendaval-para-todo-o-rio-grande-do-norte\/","title":{"rendered":"Inmet emite alerta de vendaval para todo o Rio Grande do Norte"},"content":{"rendered":"<p>     Alerta \u00e9 dar cor amarela, n\u00edvel mais baixo no grau de severidade do \u00f3rg\u00e3o, e vale at\u00e9 18h de s\u00e1bado (13). Ventos variam entre 40 e 60 quil\u00f4metros por hora. Alerta de ventos de at\u00e9 60 quil\u00f4metros por hora no RN e parte do Nordeste<br \/>\nDivulga\u00e7\u00e3o\/Inmet<br \/>\nO Instituto Nacional de Meteorologia (Inmet) publicou um alerta de vendaval para todas as cidades do Rio Grande do Norte. O aviso vai at\u00e9 18h deste s\u00e1bado (13).<br \/>\nO aviso \u00e9 da cor amarela, que significa perigo potencial, o n\u00edvel mais baixo no grau de severidade do \u00f3rg\u00e3o (entenda abaixo os n\u00edveis).<br \/>\nGrau de severidade<br \/>\n\ud83d\udcf3Participe do canal do g1 RN no WhatsApp<br \/>\n\ud83d\udfe1 No alerta amarelo, os ventos variam entre 40 e 60 quil\u00f4metros por hora.  Segundo o Instituto, nesse caso, h\u00e1 baixo risco de queda de galhos de \u00e1rvores..<br \/>\nRecomenda\u00e7\u00f5es<br \/>\nEm caso de rajadas de vento, \u00e9 recomendado pelo Inmet:<br \/>\nn\u00e3o se abrigar debaixo de \u00e1rvores, pois h\u00e1 leve risco de queda e descargas el\u00e9tricas;<br \/>\nn\u00e3o estacionar ve\u00edculos pr\u00f3ximos a torres de transmiss\u00e3o e placas de propaganda.<br \/>\nV\u00eddeos mais assistidos do g1 RN<\/p>","protected":false},"excerpt":{"rendered":"<p>Alerta \u00e9 dar cor amarela, n\u00edvel mais baixo no grau de severidade do \u00f3rg\u00e3o, e vale at\u00e9 18h de s\u00e1bado (13). Ventos variam entre 40 e 60 quil\u00f4metros por hora. &#8230;<\/p>\n","protected":false},"author":0,"featured_media":7727,"parent":0,"menu_order":0,"comment_status":"closed","ping_status":"closed","template":"","meta":{"footnotes":""},"class_list":["post-7726","page","type-page","status-publish","has-post-thumbnail","hentry"],"yoast_head":"<!-- This site is optimized with the Yoast SEO plugin v27.1.1 - https:\/\/yoast.com\/product\/yoast-seo-wordpress\/ -->\n<title>Inmet emite alerta de vendaval para todo o Rio Grande do Norte - Taveira Jr<\/title>\n<meta name=\"robots\" content=\"index, follow, max-snippet:-1, max-image-preview:large, max-video-preview:-1\" \/>\n<link rel=\"canonical\" href=\"https:\/\/deputadotaveirajr.com.br\/index.php\/inmet-emite-alerta-de-vendaval-para-todo-o-rio-grande-do-norte\/\" \/>\n<meta property=\"og:locale\" content=\"pt_BR\" \/>\n<meta property=\"og:type\" content=\"article\" \/>\n<meta property=\"og:title\" content=\"Inmet emite alerta de vendaval para todo o Rio Grande do Norte - Taveira Jr\" \/>\n<meta property=\"og:description\" content=\"Alerta \u00e9 dar cor amarela, n\u00edvel mais baixo no grau de severidade do \u00f3rg\u00e3o, e vale at\u00e9 18h de s\u00e1bado (13). Ventos variam entre 40 e 60 quil\u00f4metros por hora. ...\" \/>\n<meta property=\"og:url\" content=\"https:\/\/deputadotaveirajr.com.br\/index.php\/inmet-emite-alerta-de-vendaval-para-todo-o-rio-grande-do-norte\/\" \/>\n<meta property=\"og:site_name\" content=\"Taveira Jr\" \/>\n<meta property=\"og:image\" content=\"https:\/\/deputadotaveirajr.com.br\/wp-content\/uploads\/2024\/07\/23333-gQp1aN.jpeg\" \/>\n\t<meta property=\"og:image:width\" content=\"600\" \/>\n\t<meta property=\"og:image:height\" content=\"457\" \/>\n\t<meta property=\"og:image:type\" content=\"image\/jpeg\" \/>\n<meta name=\"twitter:card\" content=\"summary_large_image\" \/>\n<meta name=\"twitter:label1\" content=\"Est. tempo de leitura\" \/>\n\t<meta name=\"twitter:data1\" content=\"1 minuto\" \/>\n<script type=\"application\/ld+json\" class=\"yoast-schema-graph\">{\"@context\":\"https:\/\/schema.org\",\"@graph\":[{\"@type\":\"WebPage\",\"@id\":\"https:\/\/deputadotaveirajr.com.br\/index.php\/inmet-emite-alerta-de-vendaval-para-todo-o-rio-grande-do-norte\/\",\"url\":\"https:\/\/deputadotaveirajr.com.br\/index.php\/inmet-emite-alerta-de-vendaval-para-todo-o-rio-grande-do-norte\/\",\"name\":\"Inmet emite alerta de vendaval para todo o Rio Grande do Norte - Taveira Jr\",\"isPartOf\":{\"@id\":\"https:\/\/deputadotaveirajr.com.br\/#website\"},\"primaryImageOfPage\":{\"@id\":\"https:\/\/deputadotaveirajr.com.br\/index.php\/inmet-emite-alerta-de-vendaval-para-todo-o-rio-grande-do-norte\/#primaryimage\"},\"image\":{\"@id\":\"https:\/\/deputadotaveirajr.com.br\/index.php\/inmet-emite-alerta-de-vendaval-para-todo-o-rio-grande-do-norte\/#primaryimage\"},\"thumbnailUrl\":\"https:\/\/deputadotaveirajr.com.br\/wp-content\/uploads\/2024\/07\/23333-gQp1aN.jpeg\",\"datePublished\":\"2024-07-12T15:31:59+00:00\",\"breadcrumb\":{\"@id\":\"https:\/\/deputadotaveirajr.com.br\/index.php\/inmet-emite-alerta-de-vendaval-para-todo-o-rio-grande-do-norte\/#breadcrumb\"},\"inLanguage\":\"pt-BR\",\"potentialAction\":[{\"@type\":\"ReadAction\",\"target\":[\"https:\/\/deputadotaveirajr.com.br\/index.php\/inmet-emite-alerta-de-vendaval-para-todo-o-rio-grande-do-norte\/\"]}]},{\"@type\":\"ImageObject\",\"inLanguage\":\"pt-BR\",\"@id\":\"https:\/\/deputadotaveirajr.com.br\/index.php\/inmet-emite-alerta-de-vendaval-para-todo-o-rio-grande-do-norte\/#primaryimage\",\"url\":\"https:\/\/deputadotaveirajr.com.br\/wp-content\/uploads\/2024\/07\/23333-gQp1aN.jpeg\",\"contentUrl\":\"https:\/\/deputadotaveirajr.com.br\/wp-content\/uploads\/2024\/07\/23333-gQp1aN.jpeg\",\"width\":600,\"height\":457},{\"@type\":\"BreadcrumbList\",\"@id\":\"https:\/\/deputadotaveirajr.com.br\/index.php\/inmet-emite-alerta-de-vendaval-para-todo-o-rio-grande-do-norte\/#breadcrumb\",\"itemListElement\":[{\"@type\":\"ListItem\",\"position\":1,\"name\":\"In\u00edcio\",\"item\":\"https:\/\/deputadotaveirajr.com.br\/\"},{\"@type\":\"ListItem\",\"position\":2,\"name\":\"Inmet emite alerta de vendaval para todo o Rio Grande do Norte\"}]},{\"@type\":\"WebSite\",\"@id\":\"https:\/\/deputadotaveirajr.com.br\/#website\",\"url\":\"https:\/\/deputadotaveirajr.com.br\/\",\"name\":\"Taveira Jr\",\"description\":\"Deputado Estadual\",\"publisher\":{\"@id\":\"https:\/\/deputadotaveirajr.com.br\/#organization\"},\"potentialAction\":[{\"@type\":\"SearchAction\",\"target\":{\"@type\":\"EntryPoint\",\"urlTemplate\":\"https:\/\/deputadotaveirajr.com.br\/?s={search_term_string}\"},\"query-input\":{\"@type\":\"PropertyValueSpecification\",\"valueRequired\":true,\"valueName\":\"search_term_string\"}}],\"inLanguage\":\"pt-BR\"},{\"@type\":\"Organization\",\"@id\":\"https:\/\/deputadotaveirajr.com.br\/#organization\",\"name\":\"Taveira Jr\",\"url\":\"https:\/\/deputadotaveirajr.com.br\/\",\"logo\":{\"@type\":\"ImageObject\",\"inLanguage\":\"pt-BR\",\"@id\":\"https:\/\/deputadotaveirajr.com.br\/#\/schema\/logo\/image\/\",\"url\":\"https:\/\/deputadotaveirajr.com.br\/wp-content\/uploads\/2026\/01\/logolow2a.png\",\"contentUrl\":\"https:\/\/deputadotaveirajr.com.br\/wp-content\/uploads\/2026\/01\/logolow2a.png\",\"width\":290,\"height\":80,\"caption\":\"Taveira Jr\"},\"image\":{\"@id\":\"https:\/\/deputadotaveirajr.com.br\/#\/schema\/logo\/image\/\"}}]}<\/script>\n<!-- \/ Yoast SEO plugin. -->","yoast_head_json":{"title":"Inmet emite alerta de vendaval para todo o Rio Grande do Norte - Taveira Jr","robots":{"index":"index","follow":"follow","max-snippet":"max-snippet:-1","max-image-preview":"max-image-preview:large","max-video-preview":"max-video-preview:-1"},"canonical":"https:\/\/deputadotaveirajr.com.br\/index.php\/inmet-emite-alerta-de-vendaval-para-todo-o-rio-grande-do-norte\/","og_locale":"pt_BR","og_type":"article","og_title":"Inmet emite alerta de vendaval para todo o Rio Grande do Norte - Taveira Jr","og_description":"Alerta \u00e9 dar cor amarela, n\u00edvel mais baixo no grau de severidade do \u00f3rg\u00e3o, e vale at\u00e9 18h de s\u00e1bado (13). Ventos variam entre 40 e 60 quil\u00f4metros por hora. ...","og_url":"https:\/\/deputadotaveirajr.com.br\/index.php\/inmet-emite-alerta-de-vendaval-para-todo-o-rio-grande-do-norte\/","og_site_name":"Taveira Jr","og_image":[{"width":600,"height":457,"url":"https:\/\/deputadotaveirajr.com.br\/wp-content\/uploads\/2024\/07\/23333-gQp1aN.jpeg","type":"image\/jpeg"}],"twitter_card":"summary_large_image","twitter_misc":{"Est. tempo de leitura":"1 minuto"},"schema":{"@context":"https:\/\/schema.org","@graph":[{"@type":"WebPage","@id":"https:\/\/deputadotaveirajr.com.br\/index.php\/inmet-emite-alerta-de-vendaval-para-todo-o-rio-grande-do-norte\/","url":"https:\/\/deputadotaveirajr.com.br\/index.php\/inmet-emite-alerta-de-vendaval-para-todo-o-rio-grande-do-norte\/","name":"Inmet emite alerta de vendaval para todo o Rio Grande do Norte - Taveira Jr","isPartOf":{"@id":"https:\/\/deputadotaveirajr.com.br\/#website"},"primaryImageOfPage":{"@id":"https:\/\/deputadotaveirajr.com.br\/index.php\/inmet-emite-alerta-de-vendaval-para-todo-o-rio-grande-do-norte\/#primaryimage"},"image":{"@id":"https:\/\/deputadotaveirajr.com.br\/index.php\/inmet-emite-alerta-de-vendaval-para-todo-o-rio-grande-do-norte\/#primaryimage"},"thumbnailUrl":"https:\/\/deputadotaveirajr.com.br\/wp-content\/uploads\/2024\/07\/23333-gQp1aN.jpeg","datePublished":"2024-07-12T15:31:59+00:00","breadcrumb":{"@id":"https:\/\/deputadotaveirajr.com.br\/index.php\/inmet-emite-alerta-de-vendaval-para-todo-o-rio-grande-do-norte\/#breadcrumb"},"inLanguage":"pt-BR","potentialAction":[{"@type":"ReadAction","target":["https:\/\/deputadotaveirajr.com.br\/index.php\/inmet-emite-alerta-de-vendaval-para-todo-o-rio-grande-do-norte\/"]}]},{"@type":"ImageObject","inLanguage":"pt-BR","@id":"https:\/\/deputadotaveirajr.com.br\/index.php\/inmet-emite-alerta-de-vendaval-para-todo-o-rio-grande-do-norte\/#primaryimage","url":"https:\/\/deputadotaveirajr.com.br\/wp-content\/uploads\/2024\/07\/23333-gQp1aN.jpeg","contentUrl":"https:\/\/deputadotaveirajr.com.br\/wp-content\/uploads\/2024\/07\/23333-gQp1aN.jpeg","width":600,"height":457},{"@type":"BreadcrumbList","@id":"https:\/\/deputadotaveirajr.com.br\/index.php\/inmet-emite-alerta-de-vendaval-para-todo-o-rio-grande-do-norte\/#breadcrumb","itemListElement":[{"@type":"ListItem","position":1,"name":"In\u00edcio","item":"https:\/\/deputadotaveirajr.com.br\/"},{"@type":"ListItem","position":2,"name":"Inmet emite alerta de vendaval para todo o Rio Grande do Norte"}]},{"@type":"WebSite","@id":"https:\/\/deputadotaveirajr.com.br\/#website","url":"https:\/\/deputadotaveirajr.com.br\/","name":"Taveira Jr","description":"Deputado Estadual","publisher":{"@id":"https:\/\/deputadotaveirajr.com.br\/#organization"},"potentialAction":[{"@type":"SearchAction","target":{"@type":"EntryPoint","urlTemplate":"https:\/\/deputadotaveirajr.com.br\/?s={search_term_string}"},"query-input":{"@type":"PropertyValueSpecification","valueRequired":true,"valueName":"search_term_string"}}],"inLanguage":"pt-BR"},{"@type":"Organization","@id":"https:\/\/deputadotaveirajr.com.br\/#organization","name":"Taveira Jr","url":"https:\/\/deputadotaveirajr.com.br\/","logo":{"@type":"ImageObject","inLanguage":"pt-BR","@id":"https:\/\/deputadotaveirajr.com.br\/#\/schema\/logo\/image\/","url":"https:\/\/deputadotaveirajr.com.br\/wp-content\/uploads\/2026\/01\/logolow2a.png","contentUrl":"https:\/\/deputadotaveirajr.com.br\/wp-content\/uploads\/2026\/01\/logolow2a.png","width":290,"height":80,"caption":"Taveira Jr"},"image":{"@id":"https:\/\/deputadotaveirajr.com.br\/#\/schema\/logo\/image\/"}}]}},"_links":{"self":[{"href":"https:\/\/deputadotaveirajr.com.br\/index.php\/wp-json\/wp\/v2\/pages\/7726","targetHints":{"allow":["GET"]}}],"collection":[{"href":"https:\/\/deputadotaveirajr.com.br\/index.php\/wp-json\/wp\/v2\/pages"}],"about":[{"href":"https:\/\/deputadotaveirajr.com.br\/index.php\/wp-json\/wp\/v2\/types\/page"}],"replies":[{"embeddable":true,"href":"https:\/\/deputadotaveirajr.com.br\/index.php\/wp-json\/wp\/v2\/comments?post=7726"}],"version-history":[{"count":1,"href":"https:\/\/deputadotaveirajr.com.br\/index.php\/wp-json\/wp\/v2\/pages\/7726\/revisions"}],"predecessor-version":[{"id":7732,"href":"https:\/\/deputadotaveirajr.com.br\/index.php\/wp-json\/wp\/v2\/pages\/7726\/revisions\/7732"}],"wp:featuredmedia":[{"embeddable":true,"href":"https:\/\/deputadotaveirajr.com.br\/index.php\/wp-json\/wp\/v2\/media\/7727"}],"wp:attachment":[{"href":"https:\/\/deputadotaveirajr.com.br\/index.php\/wp-json\/wp\/v2\/media?parent=7726"}],"curies":[{"name":"wp","href":"https:\/\/api.w.org\/{rel}","templated":true}]}}