{"id":7728,"date":"2024-07-12T13:29:25","date_gmt":"2024-07-12T16:29:25","guid":{"rendered":"https:\/\/deputadotaveirajr.com.br\/?page_id=7728"},"modified":"2024-07-12T13:29:25","modified_gmt":"2024-07-12T16:29:25","slug":"mulher-e-morta-a-facadas-em-serra-negra-do-norte-e-marido-e-suspeito-do-crime-diz-policia","status":"publish","type":"page","link":"https:\/\/deputadotaveirajr.com.br\/index.php\/mulher-e-morta-a-facadas-em-serra-negra-do-norte-e-marido-e-suspeito-do-crime-diz-policia\/","title":{"rendered":"Mulher \u00e9 morta a facadas em Serra Negra do Norte e marido \u00e9 suspeito do crime, diz pol\u00edcia"},"content":{"rendered":"<p>     Caso aconteceu na noite desta quinta-feira (11) no centro da cidade e o companheiro de Daiane do Nascimento, principal suspeito, fugiu.  Viatura da Pol\u00edcia Militar do RN<br \/>\nGeraldo Jer\u00f4nimo\/Inter TV Cabugi\/ARQUIVO<br \/>\nUma mulher foi morta a facadas na frente de casa na noite desta quinta-feira (11) no munic\u00edpio de Serra Negra do Norte, na Regi\u00e3o Serid\u00f3 do Rio Grande do Norte. De acordo com a Pol\u00edcia Militar, o suspeito do crime \u00e9 o companheiro dela, que fugiu ap\u00f3s o assassinato.<br \/>\nDaiane do Nascimento foi morta com golpes de faca na Rua Oscar Batista de Farias, no Centro da cidade, por volta das 19h. A idade dela n\u00e3o foi confirmada pela PM.<br \/>\n\ud83d\udcf3Participe do canal do g1 RN no WhatsApp<br \/>\nSegundo a Pol\u00edcia Militar,  testemunhas relataram que Daiane e o marido dela discutiram momentos antes do crime, o que levantou a suspeita dele ter sido o autor do assassinato.<br \/>\nQuando a PM chegou \u00e0 resid\u00eancia, uma equipe m\u00e9dica j\u00e1 atendia Daiane. A v\u00edtima chegou a ser levada para o Hospital Maria C\u00e2ndida Medeiros Mariz, no Centro de Serra Negra do Norte, mas deu entrada na unidade sem vida, segundo a equipe m\u00e9dica.<br \/>\nO crime foi registrado na Delegacia de Pol\u00edcia do Munic\u00edpio, que vai contar com a necropsia realizada pelo Instituto T\u00e9cnico-Cient\u00edfico de Per\u00edcia (Itep) para auxiliar na investiga\u00e7\u00e3o do caso.<br \/>\nSegundo a PM, at\u00e9 a manh\u00e3 desta sexta-feira (12), o suspeito seguia foragido, mas a 5\u00aa Companhia Independente da PM, que atua na regi\u00e3o, realizava dilig\u00eancias na tentativa de prender o homem.<br \/>\nSantana do Matos<br \/>\nEsse foi o segundo crime com caracter\u00edsticas semelhantes em dois dias no interior do Rio Grande do Norte. Na noite de quarta-feira (10), uma mulher de 40 anos de idade foi morta, tamb\u00e9m a facadas, em uma pra\u00e7a na cidade de Santana do Matos.<br \/>\nPouco tempo ap\u00f3s o crime, a Pol\u00edcia Militar &#8211; que contou com a ajuda de populares a cavalo nas buscas &#8211; conseguiu prender o companheiro da v\u00edtima, um homem de 60 anos.<br \/>\nLEIA TAMB\u00c9M<br \/>\nSANTANA DO MATOS: Mulher \u00e9 morta a facadas em pra\u00e7a e companheiro \u00e9 preso pelo crime<br \/>\nV\u00eddeos mais assistidos do g1 RN<\/p>","protected":false},"excerpt":{"rendered":"<p>Caso aconteceu na noite desta quinta-feira (11) no centro da cidade e o companheiro de Daiane do Nascimento, principal suspeito, fugiu. Viatura da Pol\u00edcia Militar do RN Geraldo Jer\u00f4nimo\/Inter TV &#8230;<\/p>\n","protected":false},"author":0,"featured_media":7729,"parent":0,"menu_order":0,"comment_status":"closed","ping_status":"closed","template":"","meta":{"footnotes":""},"class_list":["post-7728","page","type-page","status-publish","has-post-thumbnail","hentry"],"yoast_head":"<!-- This site is optimized with the Yoast SEO plugin v27.1.1 - https:\/\/yoast.com\/product\/yoast-seo-wordpress\/ -->\n<title>Mulher \u00e9 morta a facadas em Serra Negra do Norte e marido \u00e9 suspeito do crime, diz pol\u00edcia - Taveira Jr<\/title>\n<meta name=\"robots\" content=\"index, follow, max-snippet:-1, max-image-preview:large, max-video-preview:-1\" \/>\n<link rel=\"canonical\" href=\"https:\/\/deputadotaveirajr.com.br\/index.php\/mulher-e-morta-a-facadas-em-serra-negra-do-norte-e-marido-e-suspeito-do-crime-diz-policia\/\" \/>\n<meta property=\"og:locale\" content=\"pt_BR\" \/>\n<meta property=\"og:type\" content=\"article\" \/>\n<meta property=\"og:title\" content=\"Mulher \u00e9 morta a facadas em Serra Negra do Norte e marido \u00e9 suspeito do crime, diz pol\u00edcia - Taveira Jr\" \/>\n<meta property=\"og:description\" content=\"Caso aconteceu na noite desta quinta-feira (11) no centro da cidade e o companheiro de Daiane do Nascimento, principal suspeito, fugiu. Viatura da Pol\u00edcia Militar do RN Geraldo Jer\u00f4nimo\/Inter TV ...\" \/>\n<meta property=\"og:url\" content=\"https:\/\/deputadotaveirajr.com.br\/index.php\/mulher-e-morta-a-facadas-em-serra-negra-do-norte-e-marido-e-suspeito-do-crime-diz-policia\/\" \/>\n<meta property=\"og:site_name\" content=\"Taveira Jr\" \/>\n<meta property=\"og:image\" content=\"https:\/\/deputadotaveirajr.com.br\/wp-content\/uploads\/2024\/07\/whatsapp-image-2022-04-21-at-10.45.19-vj8B5i.jpeg\" \/>\n\t<meta property=\"og:image:width\" content=\"1600\" \/>\n\t<meta property=\"og:image:height\" content=\"901\" \/>\n\t<meta property=\"og:image:type\" content=\"image\/jpeg\" \/>\n<meta name=\"twitter:card\" content=\"summary_large_image\" \/>\n<meta name=\"twitter:label1\" content=\"Est. tempo de leitura\" \/>\n\t<meta name=\"twitter:data1\" content=\"2 minutos\" \/>\n<script type=\"application\/ld+json\" class=\"yoast-schema-graph\">{\"@context\":\"https:\/\/schema.org\",\"@graph\":[{\"@type\":\"WebPage\",\"@id\":\"https:\/\/deputadotaveirajr.com.br\/index.php\/mulher-e-morta-a-facadas-em-serra-negra-do-norte-e-marido-e-suspeito-do-crime-diz-policia\/\",\"url\":\"https:\/\/deputadotaveirajr.com.br\/index.php\/mulher-e-morta-a-facadas-em-serra-negra-do-norte-e-marido-e-suspeito-do-crime-diz-policia\/\",\"name\":\"Mulher \u00e9 morta a facadas em Serra Negra do Norte e marido \u00e9 suspeito do crime, diz pol\u00edcia - Taveira Jr\",\"isPartOf\":{\"@id\":\"https:\/\/deputadotaveirajr.com.br\/#website\"},\"primaryImageOfPage\":{\"@id\":\"https:\/\/deputadotaveirajr.com.br\/index.php\/mulher-e-morta-a-facadas-em-serra-negra-do-norte-e-marido-e-suspeito-do-crime-diz-policia\/#primaryimage\"},\"image\":{\"@id\":\"https:\/\/deputadotaveirajr.com.br\/index.php\/mulher-e-morta-a-facadas-em-serra-negra-do-norte-e-marido-e-suspeito-do-crime-diz-policia\/#primaryimage\"},\"thumbnailUrl\":\"https:\/\/deputadotaveirajr.com.br\/wp-content\/uploads\/2024\/07\/whatsapp-image-2022-04-21-at-10.45.19-vj8B5i.jpeg\",\"datePublished\":\"2024-07-12T16:29:25+00:00\",\"breadcrumb\":{\"@id\":\"https:\/\/deputadotaveirajr.com.br\/index.php\/mulher-e-morta-a-facadas-em-serra-negra-do-norte-e-marido-e-suspeito-do-crime-diz-policia\/#breadcrumb\"},\"inLanguage\":\"pt-BR\",\"potentialAction\":[{\"@type\":\"ReadAction\",\"target\":[\"https:\/\/deputadotaveirajr.com.br\/index.php\/mulher-e-morta-a-facadas-em-serra-negra-do-norte-e-marido-e-suspeito-do-crime-diz-policia\/\"]}]},{\"@type\":\"ImageObject\",\"inLanguage\":\"pt-BR\",\"@id\":\"https:\/\/deputadotaveirajr.com.br\/index.php\/mulher-e-morta-a-facadas-em-serra-negra-do-norte-e-marido-e-suspeito-do-crime-diz-policia\/#primaryimage\",\"url\":\"https:\/\/deputadotaveirajr.com.br\/wp-content\/uploads\/2024\/07\/whatsapp-image-2022-04-21-at-10.45.19-vj8B5i.jpeg\",\"contentUrl\":\"https:\/\/deputadotaveirajr.com.br\/wp-content\/uploads\/2024\/07\/whatsapp-image-2022-04-21-at-10.45.19-vj8B5i.jpeg\",\"width\":1600,\"height\":901},{\"@type\":\"BreadcrumbList\",\"@id\":\"https:\/\/deputadotaveirajr.com.br\/index.php\/mulher-e-morta-a-facadas-em-serra-negra-do-norte-e-marido-e-suspeito-do-crime-diz-policia\/#breadcrumb\",\"itemListElement\":[{\"@type\":\"ListItem\",\"position\":1,\"name\":\"In\u00edcio\",\"item\":\"https:\/\/deputadotaveirajr.com.br\/\"},{\"@type\":\"ListItem\",\"position\":2,\"name\":\"Mulher \u00e9 morta a facadas em Serra Negra do Norte e marido \u00e9 suspeito do crime, diz pol\u00edcia\"}]},{\"@type\":\"WebSite\",\"@id\":\"https:\/\/deputadotaveirajr.com.br\/#website\",\"url\":\"https:\/\/deputadotaveirajr.com.br\/\",\"name\":\"Taveira Jr\",\"description\":\"Deputado Estadual\",\"publisher\":{\"@id\":\"https:\/\/deputadotaveirajr.com.br\/#organization\"},\"potentialAction\":[{\"@type\":\"SearchAction\",\"target\":{\"@type\":\"EntryPoint\",\"urlTemplate\":\"https:\/\/deputadotaveirajr.com.br\/?s={search_term_string}\"},\"query-input\":{\"@type\":\"PropertyValueSpecification\",\"valueRequired\":true,\"valueName\":\"search_term_string\"}}],\"inLanguage\":\"pt-BR\"},{\"@type\":\"Organization\",\"@id\":\"https:\/\/deputadotaveirajr.com.br\/#organization\",\"name\":\"Taveira Jr\",\"url\":\"https:\/\/deputadotaveirajr.com.br\/\",\"logo\":{\"@type\":\"ImageObject\",\"inLanguage\":\"pt-BR\",\"@id\":\"https:\/\/deputadotaveirajr.com.br\/#\/schema\/logo\/image\/\",\"url\":\"https:\/\/deputadotaveirajr.com.br\/wp-content\/uploads\/2026\/01\/logolow2a.png\",\"contentUrl\":\"https:\/\/deputadotaveirajr.com.br\/wp-content\/uploads\/2026\/01\/logolow2a.png\",\"width\":290,\"height\":80,\"caption\":\"Taveira Jr\"},\"image\":{\"@id\":\"https:\/\/deputadotaveirajr.com.br\/#\/schema\/logo\/image\/\"}}]}<\/script>\n<!-- \/ Yoast SEO plugin. -->","yoast_head_json":{"title":"Mulher \u00e9 morta a facadas em Serra Negra do Norte e marido \u00e9 suspeito do crime, diz pol\u00edcia - Taveira Jr","robots":{"index":"index","follow":"follow","max-snippet":"max-snippet:-1","max-image-preview":"max-image-preview:large","max-video-preview":"max-video-preview:-1"},"canonical":"https:\/\/deputadotaveirajr.com.br\/index.php\/mulher-e-morta-a-facadas-em-serra-negra-do-norte-e-marido-e-suspeito-do-crime-diz-policia\/","og_locale":"pt_BR","og_type":"article","og_title":"Mulher \u00e9 morta a facadas em Serra Negra do Norte e marido \u00e9 suspeito do crime, diz pol\u00edcia - Taveira Jr","og_description":"Caso aconteceu na noite desta quinta-feira (11) no centro da cidade e o companheiro de Daiane do Nascimento, principal suspeito, fugiu. Viatura da Pol\u00edcia Militar do RN Geraldo Jer\u00f4nimo\/Inter TV ...","og_url":"https:\/\/deputadotaveirajr.com.br\/index.php\/mulher-e-morta-a-facadas-em-serra-negra-do-norte-e-marido-e-suspeito-do-crime-diz-policia\/","og_site_name":"Taveira Jr","og_image":[{"width":1600,"height":901,"url":"https:\/\/deputadotaveirajr.com.br\/wp-content\/uploads\/2024\/07\/whatsapp-image-2022-04-21-at-10.45.19-vj8B5i.jpeg","type":"image\/jpeg"}],"twitter_card":"summary_large_image","twitter_misc":{"Est. tempo de leitura":"2 minutos"},"schema":{"@context":"https:\/\/schema.org","@graph":[{"@type":"WebPage","@id":"https:\/\/deputadotaveirajr.com.br\/index.php\/mulher-e-morta-a-facadas-em-serra-negra-do-norte-e-marido-e-suspeito-do-crime-diz-policia\/","url":"https:\/\/deputadotaveirajr.com.br\/index.php\/mulher-e-morta-a-facadas-em-serra-negra-do-norte-e-marido-e-suspeito-do-crime-diz-policia\/","name":"Mulher \u00e9 morta a facadas em Serra Negra do Norte e marido \u00e9 suspeito do crime, diz pol\u00edcia - Taveira Jr","isPartOf":{"@id":"https:\/\/deputadotaveirajr.com.br\/#website"},"primaryImageOfPage":{"@id":"https:\/\/deputadotaveirajr.com.br\/index.php\/mulher-e-morta-a-facadas-em-serra-negra-do-norte-e-marido-e-suspeito-do-crime-diz-policia\/#primaryimage"},"image":{"@id":"https:\/\/deputadotaveirajr.com.br\/index.php\/mulher-e-morta-a-facadas-em-serra-negra-do-norte-e-marido-e-suspeito-do-crime-diz-policia\/#primaryimage"},"thumbnailUrl":"https:\/\/deputadotaveirajr.com.br\/wp-content\/uploads\/2024\/07\/whatsapp-image-2022-04-21-at-10.45.19-vj8B5i.jpeg","datePublished":"2024-07-12T16:29:25+00:00","breadcrumb":{"@id":"https:\/\/deputadotaveirajr.com.br\/index.php\/mulher-e-morta-a-facadas-em-serra-negra-do-norte-e-marido-e-suspeito-do-crime-diz-policia\/#breadcrumb"},"inLanguage":"pt-BR","potentialAction":[{"@type":"ReadAction","target":["https:\/\/deputadotaveirajr.com.br\/index.php\/mulher-e-morta-a-facadas-em-serra-negra-do-norte-e-marido-e-suspeito-do-crime-diz-policia\/"]}]},{"@type":"ImageObject","inLanguage":"pt-BR","@id":"https:\/\/deputadotaveirajr.com.br\/index.php\/mulher-e-morta-a-facadas-em-serra-negra-do-norte-e-marido-e-suspeito-do-crime-diz-policia\/#primaryimage","url":"https:\/\/deputadotaveirajr.com.br\/wp-content\/uploads\/2024\/07\/whatsapp-image-2022-04-21-at-10.45.19-vj8B5i.jpeg","contentUrl":"https:\/\/deputadotaveirajr.com.br\/wp-content\/uploads\/2024\/07\/whatsapp-image-2022-04-21-at-10.45.19-vj8B5i.jpeg","width":1600,"height":901},{"@type":"BreadcrumbList","@id":"https:\/\/deputadotaveirajr.com.br\/index.php\/mulher-e-morta-a-facadas-em-serra-negra-do-norte-e-marido-e-suspeito-do-crime-diz-policia\/#breadcrumb","itemListElement":[{"@type":"ListItem","position":1,"name":"In\u00edcio","item":"https:\/\/deputadotaveirajr.com.br\/"},{"@type":"ListItem","position":2,"name":"Mulher \u00e9 morta a facadas em Serra Negra do Norte e marido \u00e9 suspeito do crime, diz pol\u00edcia"}]},{"@type":"WebSite","@id":"https:\/\/deputadotaveirajr.com.br\/#website","url":"https:\/\/deputadotaveirajr.com.br\/","name":"Taveira Jr","description":"Deputado Estadual","publisher":{"@id":"https:\/\/deputadotaveirajr.com.br\/#organization"},"potentialAction":[{"@type":"SearchAction","target":{"@type":"EntryPoint","urlTemplate":"https:\/\/deputadotaveirajr.com.br\/?s={search_term_string}"},"query-input":{"@type":"PropertyValueSpecification","valueRequired":true,"valueName":"search_term_string"}}],"inLanguage":"pt-BR"},{"@type":"Organization","@id":"https:\/\/deputadotaveirajr.com.br\/#organization","name":"Taveira Jr","url":"https:\/\/deputadotaveirajr.com.br\/","logo":{"@type":"ImageObject","inLanguage":"pt-BR","@id":"https:\/\/deputadotaveirajr.com.br\/#\/schema\/logo\/image\/","url":"https:\/\/deputadotaveirajr.com.br\/wp-content\/uploads\/2026\/01\/logolow2a.png","contentUrl":"https:\/\/deputadotaveirajr.com.br\/wp-content\/uploads\/2026\/01\/logolow2a.png","width":290,"height":80,"caption":"Taveira Jr"},"image":{"@id":"https:\/\/deputadotaveirajr.com.br\/#\/schema\/logo\/image\/"}}]}},"_links":{"self":[{"href":"https:\/\/deputadotaveirajr.com.br\/index.php\/wp-json\/wp\/v2\/pages\/7728","targetHints":{"allow":["GET"]}}],"collection":[{"href":"https:\/\/deputadotaveirajr.com.br\/index.php\/wp-json\/wp\/v2\/pages"}],"about":[{"href":"https:\/\/deputadotaveirajr.com.br\/index.php\/wp-json\/wp\/v2\/types\/page"}],"replies":[{"embeddable":true,"href":"https:\/\/deputadotaveirajr.com.br\/index.php\/wp-json\/wp\/v2\/comments?post=7728"}],"version-history":[{"count":1,"href":"https:\/\/deputadotaveirajr.com.br\/index.php\/wp-json\/wp\/v2\/pages\/7728\/revisions"}],"predecessor-version":[{"id":7733,"href":"https:\/\/deputadotaveirajr.com.br\/index.php\/wp-json\/wp\/v2\/pages\/7728\/revisions\/7733"}],"wp:featuredmedia":[{"embeddable":true,"href":"https:\/\/deputadotaveirajr.com.br\/index.php\/wp-json\/wp\/v2\/media\/7729"}],"wp:attachment":[{"href":"https:\/\/deputadotaveirajr.com.br\/index.php\/wp-json\/wp\/v2\/media?parent=7728"}],"curies":[{"name":"wp","href":"https:\/\/api.w.org\/{rel}","templated":true}]}}